{"id":346,"date":"2026-04-25T18:29:14","date_gmt":"2026-04-25T16:29:14","guid":{"rendered":"https:\/\/www.rome.info\/pt\/?page_id=346"},"modified":"2026-04-27T14:19:08","modified_gmt":"2026-04-27T12:19:08","slug":"electrico","status":"publish","type":"page","link":"https:\/\/www.rome.info\/pt\/transportes\/transportes-publicos\/electrico\/","title":{"rendered":"El\u00e9tricos em Roma"},"content":{"rendered":"\n<p class=\"is-style-lead\">Embora n\u00e3o seja o meio de transporte p\u00fablico mais abrangente da cidade, \u00e9 frequentemente citado como a op\u00e7\u00e3o mais limpa e suave e ainda pode ajudar-te a chegar ao Vaticano e ao Coliseu, bem como ao bairro gastron\u00f3mico de Trastevere.<\/p>\n\n\n\n<p>Aqui est\u00e1 tudo o que precisas de saber.<\/p>\n\n\n<figure>\n                    <div class=\"ms-credits\"><img decoding=\"async\" class=\"gb-image gb-image-9b59990c\" src=\"https:\/\/www.rome.info\/wp-content\/uploads\/rome-tram-1747627226.jpg\" alt=\"El\u00e9trico da Linha 8 a circular pelo Largo Argentina em Roma.\" title=\"rome-tram-1747627226\"><span class='ms-credits__info' id='media2913'><svg xmlns=\"http:\/\/www.w3.org\/2000\/svg\" width=\"20\" height=\"22\" fill=\"#000000\" viewBox=\"0 0 256 256\"><path d=\"M128,24A104,104,0,1,0,232,128,104.11,104.11,0,0,0,128,24Zm0,192a88,88,0,1,1,88-88A88.1,88.1,0,0,1,128,216ZM96,128a32,32,0,0,0,57.6,19.2,8,8,0,0,1,12.8,9.61,48,48,0,1,1,0-57.62,8,8,0,0,1-12.8,9.61A32,32,0,0,0,96,128Z\"><\/path><\/svg>rarrarorro\/<a href=https:\/\/depositphotos.com\/editorial\/tram-in-rome-154958088.html rel='nofollow' target='_blank'>Depositphotos<\/a><\/span><span class='ms-credits__btn' id='btn_media2913' onclick='ms_credits_trigger(\"#media2913\", this)'><svg xmlns=\"http:\/\/www.w3.org\/2000\/svg\" class=\"info_icon\" width=\"28\" height=\"28\" fill=\"#FFF\" viewBox=\"0 0 256 256\"><path d=\"M128,24A104,104,0,1,0,232,128,104.11,104.11,0,0,0,128,24Zm0,192a88,88,0,1,1,88-88A88.1,88.1,0,0,1,128,216Zm16-40a8,8,0,0,1-8,8,16,16,0,0,1-16-16V128a8,8,0,0,1,0-16,16,16,0,0,1,16,16v40A8,8,0,0,1,144,176ZM112,84a12,12,0,1,1,12,12A12,12,0,0,1,112,84Z\"><\/path><\/svg><svg xmlns=\"http:\/\/www.w3.org\/2000\/svg\" class=\"close_icon\" width=\"28\" height=\"28\" fill=\"#FFF\" viewBox=\"0 0 256 256\"><path d=\"M165.66,101.66,139.31,128l26.35,26.34a8,8,0,0,1-11.32,11.32L128,139.31l-26.34,26.35a8,8,0,0,1-11.32-11.32L116.69,128,90.34,101.66a8,8,0,0,1,11.32-11.32L128,116.69l26.34-26.35a8,8,0,0,1,11.32,11.32ZM232,128A104,104,0,1,1,128,24,104.11,104.11,0,0,1,232,128Zm-16,0a88,88,0,1,0-88,88A88.1,88.1,0,0,0,216,128Z\"><\/path><\/svg><\/span><\/div><\/figure>\n\n\n<h2 class=\"wp-block-heading\">Linhas de El\u00e9trico<\/h2>\n\n\n\n<p>Existem seis linhas no total, que, s\u00f3 para complicar um pouco, n\u00e3o est\u00e3o numeradas de um a seis.<\/p>\n\n\n\n<ul class=\"wp-block-list\">\n<li>Linha 2: Piazza Flaminio \u2013 Piazza Mancini.<\/li>\n\n\n\n<li>Linha 3: Valle Giulia \u2013 Trastevere.<\/li>\n\n\n\n<li>Linha 5: Roma Termini \u2013 Piazza dei Gerani.&nbsp;<\/li>\n\n\n\n<li>Linha 8: Piazza Venezia \u2013 Via del Casaletto (Trastevere)<\/li>\n\n\n\n<li>Linha 14: Termini \u2013 Togliatti.<\/li>\n\n\n\n<li>Linha 19: Piazza Risorgimento (perto do Vaticano) \u2013 Piazza dei Gerani.&nbsp;<\/li>\n<\/ul>\n\n\n\n<p>Circulam geralmente a cada 5-10 minutos, embora a espera seja mais longa aos domingos, quando h\u00e1 menos el\u00e9tricos em servi\u00e7o.<\/p>\n\n\n\n<p>A maioria das linhas de el\u00e9trico n\u00e3o \u00e9 particularmente \u00fatil para os turistas, pois n\u00e3o param no centro hist\u00f3rico e n\u00e3o cobrem uma grande \u00e1rea de Roma. Muitas tamb\u00e9m te levam perto de outras <a href=\"https:\/\/www.rome.info\/transport\/\">formas de transporte<\/a> como o <a href=\"https:\/\/www.rome.info\/transport\/public-transport\/metro\/\">Metro<\/a> e as <a href=\"https:\/\/www.rome.info\/transport\/trains\/\">esta\u00e7\u00f5es ferrovi\u00e1rias<\/a>.<\/p>\n\n\n\n<p>As linhas mais \u00fateis s\u00e3o a 3, 8 e 19; a 3 leva-te ao bairro arborizado de Trastevere a partir da <a href=\"https:\/\/www.rome.info\/attractions\/villa-borghese\/\">Villa Borghese<\/a>, parando no <a href=\"https:\/\/www.rome.info\/attractions\/colosseum\/\" data-type=\"link\" data-id=\"https:\/\/www.rome.info\/attractions\/colosseum\/\">Coliseu<\/a> pelo caminho. A Linha 8 atravessa o centro at\u00e9 Trastevere, enquanto a 19 leva-te ao Vaticano.<\/p>\n\n\n\n<h2 class=\"wp-block-heading\">Como Usar os El\u00e9tricos em Roma<\/h2>\n\n\n\n<h3 class=\"wp-block-heading\">Tarifas e Bilhetes de El\u00e9trico<\/h3>\n\n\n\n<p>Em Roma, os bilhetes que compras s\u00e3o v\u00e1lidos para todos os tipos de transportes p\u00fablicos dentro da cidade. Aten\u00e7\u00e3o que tens de comprar os bilhetes antecipadamente. Alguns el\u00e9tricos t\u00eam agora um sistema de bilhete eletr\u00f3nico de toque para entrar e sair que podes pagar com cart\u00e3o de cr\u00e9dito, mas na maioria dos casos n\u00e3o h\u00e1 forma de comprar bilhetes a bordo do el\u00e9trico.&nbsp;<\/p>\n\n\n\n<p>Podes comprar bilhetes nas m\u00e1quinas de venda autom\u00e1tica nas principais paragens de autocarro, esta\u00e7\u00f5es de metro e tabacarias (Tabacchi). Estas \u00faltimas s\u00e3o reconhec\u00edveis porque normalmente t\u00eam um grande T l\u00e1 fora.&nbsp;<\/p>\n\n\n\n<p>Se preferes um bilhete sem papel, podes descarregar a aplica\u00e7\u00e3o TicketAppy, a aplica\u00e7\u00e3o oficial da empresa de transportes p\u00fablicos de Roma.&nbsp;<\/p>\n\n\n\n<p>Um e-ticket no TicketAppy:<\/p>\n\n\n\n<p>Tem em mente que se decidires usar o el\u00e9trico sem bilhete, podes receber uma multa de 50 \u20ac a 100 \u20ac.<\/p>\n\n\n\n<h3 class=\"wp-block-heading\">Bilhete de Viagem Simples<\/h3>\n\n\n\n<p>\u00c9 bastante acess\u00edvel (1,50 \u20ac) e \u00e9 v\u00e1lido por 100 minutos a partir do momento da valida\u00e7\u00e3o. Pode ser usado em dois ou mais el\u00e9tricos ou autocarros dentro de 100 minutos. Uma viagem simples de metro ou comboio urbano est\u00e1 inclu\u00edda.<\/p>\n\n\n\n<h3 class=\"wp-block-heading\">Bilhete de 24 Horas&nbsp;<\/h3>\n\n\n\n<p>Este \u00e9 um bilhete econ\u00f3mico se planeias apanhar v\u00e1rios el\u00e9tricos, autocarros e metro durante o dia. Por 7 \u20ac, ter\u00e1s uso ilimitado dos transportes p\u00fablicos em Roma desde a primeira vez que \u00e9 validado e durante as 24 horas seguintes.<\/p>\n\n\n\n<h3 class=\"wp-block-heading\">Bilhete de 48 Horas<\/h3>\n\n\n\n<p>O passe de 48 horas funciona exatamente como o de 24 horas. Custa 12,50 \u20ac.<\/p>\n\n\n\n<h3 class=\"wp-block-heading\">Bilhete de 72 Horas:&nbsp;<\/h3>\n\n\n\n<p>A 18 \u20ac, \u00e9 uma das melhores op\u00e7\u00f5es se visitas Roma durante o fim de semana.&nbsp;<\/p>\n\n\n\n<h3 class=\"wp-block-heading\">Passe Semanal (CIS):&nbsp;<\/h3>\n\n\n\n<p>O passe semanal pode ser usado desde a primeira vez que \u00e9 carimbado at\u00e9 \u00e0s meia-noite do s\u00e9timo dia. Custa 24 \u20ac.<\/p>\n\n\n\n<h3 class=\"wp-block-heading\">Roma Pass<\/h3>\n\n\n\n<p>Uma op\u00e7\u00e3o diferente \u00e9 comprar um <a href=\"https:\/\/www.rome.info\/city-passes\/roma-pass\/\">Roma Pass<\/a> para turistas. O Roma Pass d\u00e1-te descontos tanto nos transportes p\u00fablicos como em algumas <a href=\"https:\/\/www.rome.info\/attractions\/\">atra\u00e7\u00f5es<\/a>. Est\u00e1 dispon\u00edvel na maioria dos postos de informa\u00e7\u00e3o tur\u00edstica.&nbsp;<\/p>\n\n\n\n<h2 class=\"wp-block-heading\">Planeia a Tua Viagem<\/h2>\n\n\n\n<p>Para planear a tua viagem, podes consultar o mapa do sistema de el\u00e9tricos. Os mapas mostram todas as linhas com c\u00f3digo de cores e o n\u00famero de paragens. Todas as liga\u00e7\u00f5es entre os el\u00e9tricos e o metro est\u00e3o tamb\u00e9m indicadas nos mapas, tornando o planeamento da viagem mais f\u00e1cil.<\/p>\n\n\n\n<p>Cada linha tem a sua pr\u00f3pria cor:<\/p>\n\n\n\n<ul class=\"wp-block-list\">\n<li>Linha 2 \u2013 azul-escura.<\/li>\n\n\n\n<li>Linha 3 \u2013 verde.<\/li>\n\n\n\n<li>Linha 5 \u2013 vermelha.<\/li>\n\n\n\n<li>Linha 8 \u2013 amarela\/lima.<\/li>\n\n\n\n<li>Linha 14 \u2013 azul-clara.<\/li>\n\n\n\n<li>Linha 19 \u2013 laranja.<\/li>\n<\/ul>\n\n\n\n<p>Para ver um mapa da rede de el\u00e9tricos de Roma:<\/p>\n\n\n\n<ul class=\"wp-block-list\">\n<li>Visita o <a href=\"https:\/\/www.atac.roma.it\/en\/utility\/maps\" rel=\"nofollow noopener\"><strong>site oficial da ATAC<\/strong><\/a>. Podes descarregar um atualizado e imprim\u00edvel.<\/li>\n\n\n\n<li>Consulta algumas das paragens de el\u00e9trico na maioria das esta\u00e7\u00f5es de metro e no interior da maioria dos el\u00e9tricos.&nbsp;<\/li>\n\n\n\n<li>Usa aplica\u00e7\u00f5es como Google Maps, CityMapper e Moovit.<\/li>\n<\/ul>\n\n\n\n<p>Encontra a tua paragem e espera pela chegada do el\u00e9trico. Quando todos os passageiros tiverem desembarcado, podes subir.<\/p>\n\n\n\n<h3 class=\"wp-block-heading\">Valida o Bilhete<\/h3>\n\n\n\n<p>Assim que subires a bordo, tens de validar o bilhete de papel numa das m\u00e1quinas. Desliza a extremidade com a seta para dentro da ranhura e a m\u00e1quina carimbar\u00e1 o bilhete. Se uma das m\u00e1quinas estiver avariada, deves escrever a hora e a data no bilhete, por isso traz uma caneta contigo.<\/p>\n\n\n\n<h3 class=\"wp-block-heading\">Desembarque<\/h3>\n\n\n\n<p>Ao contr\u00e1rio do metro, as paragens do el\u00e9trico n\u00e3o s\u00e3o anunciadas. Por isso, para saberes onde deves desembarcar, podes:<\/p>\n\n\n\n<ul class=\"wp-block-list\">\n<li>Usa uma aplica\u00e7\u00e3o como o Google Maps que te diga quando chegaste \u00e0 tua paragem desejada.<\/li>\n\n\n\n<li>Conta as paragens com anteced\u00eancia e sai quando chegares \u00e0 paragem correta.<\/li>\n\n\n\n<li>Olha pela janela e l\u00ea o nome do teu destino no topo da paragem.<\/li>\n<\/ul>\n\n\n\n<p>Quando queres que o motorista pare na paragem, prime o sino vermelho ou o bot\u00e3o de paragem.<\/p>\n\n\n\n<h2 class=\"wp-block-heading\">Etiqueta<\/h2>\n\n\n\n<p>Como em todos os transportes, \u00e9 boa educa\u00e7\u00e3o deixar as pessoas sair dos el\u00e9tricos antes de subires. Tem em aten\u00e7\u00e3o que h\u00e1 lugares que d\u00e3o prioridade a idosos e pessoas com defici\u00eancia. Certifica-te de que est\u00e1s pronto para ceder esses lugares quando sobem.<\/p>\n\n\n\n<h2 class=\"wp-block-heading\">Dicas de Acessibilidade e Seguran\u00e7a<\/h2>\n\n\n\n<p>O acesso a cadeiras de rodas nos el\u00e9tricos romanos \u00e9 limitado. Por isso, h\u00e1 a possibilidade de teres de esperar por um que seja acess\u00edvel. Os el\u00e9tricos mais antigos t\u00eam dois degraus para aceder. Os modelos mais recentes est\u00e3o equipados com piso ao n\u00edvel da plataforma para facilitar o acesso em cadeira de rodas.&nbsp;&nbsp;<\/p>\n\n\n\n<p>Roma \u00e9 uma cidade grande, mas bastante segura. O bom senso ao usar os el\u00e9tricos \u00e9 suficiente para evitar situa\u00e7\u00f5es desagrad\u00e1veis: mant\u00e9m as malas fechadas e vigia os bolsos, especialmente ao subir ou descer do el\u00e9trico. Infelizmente, pode haver carteiristas por perto.<\/p>\n\n\n\n<h2 class=\"wp-block-heading\">Atra\u00e7\u00f5es Nas Proximidades<\/h2>\n\n\n\n<h3 class=\"wp-block-heading\">Linha 2<\/h3>\n\n\n\n<p>Da Piazzale Flaminio, a poucos passos da <a href=\"https:\/\/www.rome.info\/attractions\/villa-borghese\/\">Villa Borghese<\/a> e das <a href=\"https:\/\/www.rome.info\/attractions\/piazza-di-spagna\/\">Escadarias de Espanha<\/a>, podes apanhar a linha de el\u00e9trico 2.&nbsp;<\/p>\n\n\n\n<ul class=\"wp-block-list\">\n<li>Dirige-te \u00e0 Piazza Mancini para assistir a um jogo de futebol no est\u00e1dio Stadio Olimpico da equipa <a href=\"https:\/\/www.rome.info\/as-roma\/\">AS Roma<\/a>. A dist\u00e2ncia a p\u00e9, encontras tamb\u00e9m o MAXXI, o Museu de Arte do S\u00e9culo XX de Roma.<\/li>\n\n\n\n<li>Desce em Piazzale Flaminio para um passeio na Via del Corso.<\/li>\n<\/ul>\n\n\n\n<h3 class=\"wp-block-heading\">Linha 3<\/h3>\n\n\n\n<p>Se \u00e9s turista, esta linha chega a v\u00e1rios pontos de interesse tur\u00edstico.<\/p>\n\n\n\n<ul class=\"wp-block-list\">\n<li>Desce na paragem do Coliseu. A dist\u00e2ncia a p\u00e9, chegas ao famoso <a href=\"https:\/\/www.rome.info\/attractions\/colosseum\/\">Coliseu<\/a><strong>, <\/strong><a href=\"https:\/\/www.rome.info\/attractions\/roman-forum\/\">F\u00f3rum Romano<\/a> e <a href=\"https:\/\/www.rome.info\/attractions\/palatine-hill\/\">Monte Palatino<\/a>.<\/li>\n\n\n\n<li>Se queres visitar o <a href=\"https:\/\/www.rome.info\/attractions\/circus-maximus\/\">Circo M\u00e1ximo<\/a> e o Monte Aventino, para em Aventino \/ Circo Massimo. Encontras tamb\u00e9m aqui uma paragem de metro da linha B.<\/li>\n\n\n\n<li><a href=\"https:\/\/www.rome.info\/plan\/map\/trastevere\/\">Trastevere<\/a> \u00e9 uma zona popular para quem quer desfrutar da cozinha e da vida noturna romanas. Podes visitar muitos restaurantes e bares aqui, perfeito para almo\u00e7ar ou para uma bebida ao fim do dia. Desce na paragem Belli.<\/li>\n<\/ul>\n\n\n\n<h3 class=\"wp-block-heading\">Linha 19<\/h3>\n\n\n\n<ul class=\"wp-block-list\">\n<li>Este leva-te aos Museus Vaticanos e \u00e0 Bas\u00edlica de S\u00e3o Pedro. Usa a paragem Piazza del Risorgimento e \u00e9 uma curta caminhada dali.<\/li>\n<\/ul>\n\n\n\n<h3 class=\"wp-block-heading\">Linha 5&nbsp;<\/h3>\n\n\n\n<p>Este el\u00e9trico leva-te aos bairros alternativos no leste de Roma.&nbsp;<\/p>\n\n\n\n<ul class=\"wp-block-list\">\n<li>Desce em Porta Maggiore para chegar a San Lorenzo, uma zona animada frequentada por estudantes universit\u00e1rios.&nbsp;<\/li>\n\n\n\n<li>Dirige-te ao Piazzale Prenestino para tomar aperitivo como um local na zona de Pigneto.<\/li>\n<\/ul>\n\n\n\n<h3 class=\"wp-block-heading\">Linha 8<\/h3>\n\n\n\n<ul class=\"wp-block-list\">\n<li>A paragem de el\u00e9trico Piazza Venezia \u00e9 ideal para a zona da Via del Corso, famosa pelas suas lojas.<\/li>\n\n\n\n<li>Da paragem Arenula \/ Cairoli, podes chegar \u00e0 deslumbrante <a href=\"https:\/\/www.rome.info\/attractions\/piazza-navona\/\">Piazza Navona<\/a> e ao <a href=\"https:\/\/www.rome.info\/attractions\/campo-de-fiori\/\">Campo de&#8217; Fiori<\/a>.<\/li>\n\n\n\n<li>Dirige-te \u00e0 paragem Casaletto para chegar \u00e0 Villa Pamphili, o maior parque de Roma. A partir da Via del Casaletto, podes apanhar um autocarro ou caminhar cerca de 20 minutos.<\/li>\n\n\n\n<li>Tal como a linha 3, o el\u00e9trico 8 para em Trastevere e fica a poucos passos do <a href=\"https:\/\/www.rome.info\/areas\/jewish-ghetto\/\">Gueto Judaico<\/a> de Roma. Procura as paragens Belli, Arenula \/ Ministero Giustizia e Trastevere \/ Mastai.<\/li>\n<\/ul>\n\n\n\n<h2 class=\"wp-block-heading\">Dicas de Viagem de El\u00e9trico para Turistas&nbsp;<\/h2>\n\n\n\n<p>Planear simplesmente a tua viagem e seguir as nossas dicas de seguran\u00e7a deve ser suficiente para garantir uma viagem tranquila e f\u00e1cil.&nbsp;<\/p>\n\n\n\n<p>Comprar o bilhete com bastante anteced\u00eancia (n\u00e3o 5 minutos antes) tamb\u00e9m pode ajudar, e se compras bilhetes simples, compra v\u00e1rios de uma vez \u2014 vai poupar-te uma ida a uma tabacaria quando est\u00e1s com pressa para apanhar o el\u00e9trico. Lembra-te sempre de validar o bilhete ou arrisca uma multa pesada.<\/p>\n\n\n\n<p>Evitar as horas mais movimentadas do dia tamb\u00e9m tornar\u00e1 a tua viagem mais agrad\u00e1vel.<\/p>\n\n\n\n<h2 class=\"wp-block-heading\">Perguntas Frequentes<\/h2>\n\n\n\n<h3 class=\"wp-block-heading\"><strong>Ainda existem el\u00e9tricos em Roma?<\/strong><\/h3>\n\n\n\n<p>Ainda existem el\u00e9tricos em Roma. Com apenas seis linhas, n\u00e3o \u00e9 o sistema mais extenso, mas definitivamente existem.<\/p>\n\n\n\n<h3 class=\"wp-block-heading\"><strong>Os el\u00e9tricos em Roma s\u00e3o gratuitos?<\/strong><\/h3>\n\n\n\n<p>N\u00e3o, os el\u00e9tricos n\u00e3o s\u00e3o gratuitos. Embora o bilhete n\u00e3o seja provavelmente verificado todas as vezes \u2014 o motorista n\u00e3o verifica os bilhetes \u2014 os controlos aleat\u00f3rios acontecem. N\u00e3o queres ser apanhado sem bilhete.<\/p>\n\n\n\n<h3 class=\"wp-block-heading\"><strong>Como se usa o el\u00e9trico em Roma?<\/strong><\/h3>\n\n\n\n<p>Simplesmente compra um bilhete antecipadamente, dirige-te \u00e0 tua paragem e sobe. N\u00e3o te esque\u00e7as de validar o bilhete na pequena m\u00e1quina amarela a bordo.<\/p>\n\n\n\n<h3 class=\"wp-block-heading\"><strong>Como se paga o el\u00e9trico em It\u00e1lia?<\/strong><\/h3>\n\n\n\n<p>Compras um bilhete ou passe antes de subires. Pode ser numa m\u00e1quina de bilhetes numa esta\u00e7\u00e3o de metro ou grande esta\u00e7\u00e3o de autocarro, mas talvez mais facilmente nas lojas &#8216;Tabacchi&#8217;, que s\u00e3o basicamente tabacarias e est\u00e3o espalhadas por toda a cidade.<\/p>\n","protected":false},"excerpt":{"rendered":"","protected":false},"author":9,"featured_media":501,"parent":326,"menu_order":0,"comment_status":"closed","ping_status":"closed","template":"","meta":{"_acf_changed":false,"footnotes":"","button_url":"https:\/\/www.tiqets.com\/pt\/public-transport-rome-tickets-l236356\/?partner=romeinfo","ms_product_id":"","ms_product_name":"","ms_price":"","ms_currency":"","ms_rating_value":"","ms_review_count":"","rank_math_title":"El\u00e9ctricos em Roma: Mapa, Linhas, Bilhetes e Dicas","rank_math_description":"Planeia a tua viagem com os el\u00e9ctricos de Roma. Mapa atualizado, rotas, linhas e informa\u00e7\u00f5es sobre bilhetes para explorar a cidade como um local em %currentyear%."},"post-style":[],"producer":[33],"class_list":["post-346","page","type-page","status-publish","has-post-thumbnail"],"acf":[],"product_schema":{"ms_product_id":"","ms_product_name":"","ms_price":"","ms_currency":"","ms_rating_value":"","ms_review_count":""},"_links":{"self":[{"href":"https:\/\/www.rome.info\/pt\/wp-json\/wp\/v2\/pages\/346","targetHints":{"allow":["GET"]}}],"collection":[{"href":"https:\/\/www.rome.info\/pt\/wp-json\/wp\/v2\/pages"}],"about":[{"href":"https:\/\/www.rome.info\/pt\/wp-json\/wp\/v2\/types\/page"}],"author":[{"embeddable":true,"href":"https:\/\/www.rome.info\/pt\/wp-json\/wp\/v2\/users\/9"}],"replies":[{"embeddable":true,"href":"https:\/\/www.rome.info\/pt\/wp-json\/wp\/v2\/comments?post=346"}],"version-history":[{"count":2,"href":"https:\/\/www.rome.info\/pt\/wp-json\/wp\/v2\/pages\/346\/revisions"}],"predecessor-version":[{"id":549,"href":"https:\/\/www.rome.info\/pt\/wp-json\/wp\/v2\/pages\/346\/revisions\/549"}],"up":[{"embeddable":true,"href":"https:\/\/www.rome.info\/pt\/wp-json\/wp\/v2\/pages\/326"}],"wp:featuredmedia":[{"embeddable":true,"href":"https:\/\/www.rome.info\/pt\/wp-json\/wp\/v2\/media\/501"}],"wp:attachment":[{"href":"https:\/\/www.rome.info\/pt\/wp-json\/wp\/v2\/media?parent=346"}],"wp:term":[{"taxonomy":"post-style","embeddable":true,"href":"https:\/\/www.rome.info\/pt\/wp-json\/wp\/v2\/post-style?post=346"},{"taxonomy":"producer","embeddable":true,"href":"https:\/\/www.rome.info\/pt\/wp-json\/wp\/v2\/producer?post=346"}],"curies":[{"name":"wp","href":"https:\/\/api.w.org\/{rel}","templated":true}]}}