{"id":331,"date":"2026-04-25T18:28:48","date_gmt":"2026-04-25T16:28:48","guid":{"rendered":"https:\/\/www.rome.info\/pt\/?page_id=331"},"modified":"2026-04-25T18:53:39","modified_gmt":"2026-04-25T16:53:39","slug":"transferencia-aeroporto","status":"publish","type":"page","link":"https:\/\/www.rome.info\/pt\/aeroporto\/transferencia-aeroporto\/","title":{"rendered":"Transfer\u00eancias do Aeroporto de Roma"},"content":{"rendered":"\n<p class=\"is-style-lead\">Roma tem dois aeroportos: <a href=\"https:\/\/www.rome.info\/pt\/aeroporto\/aeroporto-fiumicino\/\">Fiumicino<\/a>, o principal aeroporto internacional, e <a href=\"https:\/\/www.rome.info\/pt\/aeroporto\/aeroporto-ciampino\/\">Ciampino<\/a>, mais pequeno mas mais perto do centro da cidade. H\u00e1 v\u00e1rias formas de chegar a qualquer um deles.&nbsp;Aqui compil\u00e1mos um guia detalhado para tornar a tua transfer\u00eancia para o aeroporto o mais simples poss\u00edvel.<\/p>\n\n\n\n<div class=\"ms-p ms-rounded ms-mb-last-child-0 ms-mb-children-condensed ms-alert--contrast ms-mb-block\">\n<p><strong>\u2708\ufe0f Reserva a Tua Transfer\u00eancia e as Principais Atra\u00e7\u00f5es em Conjunto<\/strong><\/p>\n\n\n\n<p class=\"gb-text\">O <a href=\"https:\/\/www.rome.info\/pt\/passes-turisticos\/rome-tourist-card\/\" data-type=\"link\" data-id=\"https:\/\/www.rome.info\/pt\/passes-turisticos\/rome-tourist-card\/\"><strong>Rome Tourist Card<\/strong><\/a> oferece agora um complemento opcional de transfer\u00eancia do aeroporto, com acesso sem filas ao Coliseu, Museus do Vaticano e Bas\u00edlica de S\u00e3o Pedro.<\/p>\n<\/div>\n\n\n\n<h2 class=\"wp-block-heading\">Transfer\u00eancias para o Aeroporto de Fiumicino<\/h2>\n\n\n\n<p>O Aeroporto de Fiumicino fica a aproximadamente 30 km do centro de Roma, mas \u00e9 relativamente f\u00e1cil de l\u00e1 chegar. H\u00e1 v\u00e1rias formas de o fazer, desde comboios at\u00e9 transfer\u00eancias privadas. Aqui est\u00e3o as op\u00e7\u00f5es dispon\u00edveis.<\/p>\n\n\n\n<div data-language=\"pt\" data-tiqets-widget=\"discovery\" data-cards-layout=\"responsive\" data-slug-ids=\"pro1114494,pro1114531,pro1052588\" data-partner=\"romeinfo\"><\/div><script defer src=\"https:\/\/widgets.tiqets.com\/loader.js\"><\/script>\n\n\n\n<h3 class=\"wp-block-heading\">Comboios<\/h3>\n\n\n<figure>\n                    <div class=\"ms-credits\"><img decoding=\"async\" class=\"gb-image gb-image-a2e6bb73\" src=\"https:\/\/www.rome.info\/wp-content\/uploads\/f-fiumicino-train-station.jpg\" alt=\"Pessoas a caminhar para um comboio na esta\u00e7\u00e3o ferrovi\u00e1ria do Aeroporto de Fiumicino.\"><span class='ms-credits__info' id='media960'><svg xmlns=\"http:\/\/www.w3.org\/2000\/svg\" width=\"20\" height=\"22\" fill=\"#000000\" viewBox=\"0 0 256 256\"><path d=\"M128,24A104,104,0,1,0,232,128,104.11,104.11,0,0,0,128,24Zm0,192a88,88,0,1,1,88-88A88.1,88.1,0,0,1,128,216ZM96,128a32,32,0,0,0,57.6,19.2,8,8,0,0,1,12.8,9.61,48,48,0,1,1,0-57.62,8,8,0,0,1-12.8,9.61A32,32,0,0,0,96,128Z\"><\/path><\/svg>TKKurikawa\/<a href=https:\/\/depositphotos.com\/309538506\/stock-photo-rome-italy-june-2019-unidentified.html rel='nofollow' target='_blank'>Depositphotos<\/a><\/span><span class='ms-credits__btn' id='btn_media960' onclick='ms_credits_trigger(\"#media960\", this)'><svg xmlns=\"http:\/\/www.w3.org\/2000\/svg\" class=\"info_icon\" width=\"28\" height=\"28\" fill=\"#FFF\" viewBox=\"0 0 256 256\"><path d=\"M128,24A104,104,0,1,0,232,128,104.11,104.11,0,0,0,128,24Zm0,192a88,88,0,1,1,88-88A88.1,88.1,0,0,1,128,216Zm16-40a8,8,0,0,1-8,8,16,16,0,0,1-16-16V128a8,8,0,0,1,0-16,16,16,0,0,1,16,16v40A8,8,0,0,1,144,176ZM112,84a12,12,0,1,1,12,12A12,12,0,0,1,112,84Z\"><\/path><\/svg><svg xmlns=\"http:\/\/www.w3.org\/2000\/svg\" class=\"close_icon\" width=\"28\" height=\"28\" fill=\"#FFF\" viewBox=\"0 0 256 256\"><path d=\"M165.66,101.66,139.31,128l26.35,26.34a8,8,0,0,1-11.32,11.32L128,139.31l-26.34,26.35a8,8,0,0,1-11.32-11.32L116.69,128,90.34,101.66a8,8,0,0,1,11.32-11.32L128,116.69l26.34-26.35a8,8,0,0,1,11.32,11.32ZM232,128A104,104,0,1,1,128,24,104.11,104.11,0,0,1,232,128Zm-16,0a88,88,0,1,0-88,88A88.1,88.1,0,0,0,216,128Z\"><\/path><\/svg><\/span><\/div><\/figure>\n\n\n<p>Se viajares durante o dia e n\u00e3o tiveres muita bagagem, a forma mais r\u00e1pida e <a href=\"https:\/\/www.rome.info\/pt\/transportes\/comboios\/\">melhor de entrar em Roma \u00e9 de comboio<\/a>. A esta\u00e7\u00e3o de comboios fica a dez minutos a p\u00e9 da zona de chegadas e tem duas op\u00e7\u00f5es para entrar no centro de Roma. H\u00e1 uma terceira op\u00e7\u00e3o chamada Frecciargento, mas s\u00f3 vai para outras cidades de It\u00e1lia, sem parar em Roma.<\/p>\n\n\n\n<h3 class=\"wp-block-heading\">Leonardo Express<\/h3>\n\n\n\n<p>Este comboio \u00e9 um servi\u00e7o direto sem paragens at\u00e9 \u00e0 esta\u00e7\u00e3o Termini, a principal esta\u00e7\u00e3o ferrovi\u00e1ria no centro de Roma.&nbsp;<\/p>\n\n\n\n<ul class=\"wp-block-list\">\n<li>O comboio passa de 15 em 15 minutos e demora cerca de 32 minutos a chegar.&nbsp;<\/li>\n\n\n\n<li>O primeiro comboio parte do aeroporto \u00e0s 06:08 e o \u00faltimo \u00e0s 23:23 (05:20 e 22:35 a partir de Termini, respetivamente).<\/li>\n\n\n\n<li>Os bilhetes custam 14 \u20ac para adultos. Crian\u00e7as menores de 4 anos viajam gratuitamente, e crian\u00e7as entre os 4 e os 12 anos viajam gratuitamente se acompanhadas por um adulto pagante.<\/li>\n<\/ul>\n\n\n\n<h3 class=\"wp-block-heading\">Comboios Regionais<\/h3>\n\n\n\n<p>Uma alternativa mais barata \u00e9 apanhar um dos comboios regionais FL1. \u00c9 uma \u00f3tima op\u00e7\u00e3o se ficares perto de Trastevere, pois o comboio tem uma paragem nessa zona.<\/p>\n\n\n\n<ul class=\"wp-block-list\">\n<li>O comboio passa de 15 a 30 minutos e demora aproximadamente 50 minutos at\u00e9 \u00e0 \u00faltima paragem.<\/li>\n\n\n\n<li>O comboio para nas esta\u00e7\u00f5es de <a href=\"https:\/\/www.rome.info\/plan\/map\/trastevere\/\">Trastevere<\/a>, Ostiense, Tuscolana e Tiburtina em Roma. N\u00e3o para em Termini.<\/li>\n\n\n\n<li>O primeiro comboio parte \u00e0s 05:58 e o \u00faltimo \u00e0s 22:28 (06:00 e 23:00, respetivamente, aos domingos).<\/li>\n\n\n\n<li>Os bilhetes custam 8 \u20ac para adultos. Crian\u00e7as menores de 4 anos viajam gratuitamente.<\/li>\n<\/ul>\n\n\n\n<p>Podes comprar o teu bilhete de comboio para qualquer um dos comboios nas m\u00e1quinas de venda autom\u00e1tica fora da zona de recolha de bagagem no <a href=\"https:\/\/www.rome.info\/pt\/aeroporto\/\">aeroporto<\/a> ou na m\u00e1quina de bilhetes ou balc\u00e3o da esta\u00e7\u00e3o. Alternativamente, podes comprar um bilhete online antecipadamente.<\/p>\n\n\n\n<p>Lembra-te de validar o teu bilhete numa das m\u00e1quinas ao longo do cais antes de embarcar no comboio.<\/p>\n\n\n\n<h3 class=\"wp-block-heading\">Autocarros<\/h3>\n\n\n<figure>\n                    <div class=\"ms-credits\"><img decoding=\"async\" class=\"gb-image gb-image-3494525a\" src=\"https:\/\/www.rome.info\/wp-content\/uploads\/f-airport-bus-shuttle.jpg\" alt=\"Um grupo de pessoas \u00e0 espera de embarcar num autocarro shuttle do aeroporto.\"><span class='ms-credits__info' id='media963'><svg xmlns=\"http:\/\/www.w3.org\/2000\/svg\" width=\"20\" height=\"22\" fill=\"#000000\" viewBox=\"0 0 256 256\"><path d=\"M128,24A104,104,0,1,0,232,128,104.11,104.11,0,0,0,128,24Zm0,192a88,88,0,1,1,88-88A88.1,88.1,0,0,1,128,216ZM96,128a32,32,0,0,0,57.6,19.2,8,8,0,0,1,12.8,9.61,48,48,0,1,1,0-57.62,8,8,0,0,1-12.8,9.61A32,32,0,0,0,96,128Z\"><\/path><\/svg><a href=https:\/\/depositphotos.com\/335943772\/stock-photo-rome-termini-station-passengers-board.html rel='nofollow' target='_blank'>Depositphotos<\/a><\/span><span class='ms-credits__btn' id='btn_media963' onclick='ms_credits_trigger(\"#media963\", this)'><svg xmlns=\"http:\/\/www.w3.org\/2000\/svg\" class=\"info_icon\" width=\"28\" height=\"28\" fill=\"#FFF\" viewBox=\"0 0 256 256\"><path d=\"M128,24A104,104,0,1,0,232,128,104.11,104.11,0,0,0,128,24Zm0,192a88,88,0,1,1,88-88A88.1,88.1,0,0,1,128,216Zm16-40a8,8,0,0,1-8,8,16,16,0,0,1-16-16V128a8,8,0,0,1,0-16,16,16,0,0,1,16,16v40A8,8,0,0,1,144,176ZM112,84a12,12,0,1,1,12,12A12,12,0,0,1,112,84Z\"><\/path><\/svg><svg xmlns=\"http:\/\/www.w3.org\/2000\/svg\" class=\"close_icon\" width=\"28\" height=\"28\" fill=\"#FFF\" viewBox=\"0 0 256 256\"><path d=\"M165.66,101.66,139.31,128l26.35,26.34a8,8,0,0,1-11.32,11.32L128,139.31l-26.34,26.35a8,8,0,0,1-11.32-11.32L116.69,128,90.34,101.66a8,8,0,0,1,11.32-11.32L128,116.69l26.34-26.35a8,8,0,0,1,11.32,11.32ZM232,128A104,104,0,1,1,128,24,104.11,104.11,0,0,1,232,128Zm-16,0a88,88,0,1,0-88,88A88.1,88.1,0,0,0,216,128Z\"><\/path><\/svg><\/span><\/div><\/figure>\n\n\n<p>A op\u00e7\u00e3o mais econ\u00f3mica para chegar a Roma \u00e9 de <a href=\"https:\/\/www.rome.info\/pt\/transportes\/transportes-publicos\/autocarro\/\">autocarro<\/a>. Embora demore mais do que o comboio (at\u00e9 uma hora, dependendo do tr\u00e2nsito), alguns dos autocarros t\u00eam mais paragens no centro da cidade, o que pode facilitar a chegada ao teu <a href=\"https:\/\/www.rome.info\/accommodation\/\">alojamento<\/a> antes de chegar a Termini.<\/p>\n\n\n\n<p>Como Fiumicino \u00e9 tecnicamente uma cidade diferente, h\u00e1 apenas um autocarro de transporte p\u00fablico que te pode levar a Roma. Os restantes s\u00e3o autocarros privados que fazem um percurso mais r\u00e1pido. H\u00e1 cinco op\u00e7\u00f5es no total \u00e0 escolha:<\/p>\n\n\n\n<h3 class=\"wp-block-heading\">Terravision<\/h3>\n\n\n\n<ul class=\"wp-block-list\">\n<li>Partida de: esta\u00e7\u00e3o de autocarros (fora das chegadas do terminal 3) &#8211; baia 14<\/li>\n\n\n\n<li>Paragens: direto \u00e0 Esta\u00e7\u00e3o Termini<\/li>\n\n\n\n<li>Bilhetes: compra online, na esta\u00e7\u00e3o de autocarros ou diretamente no autocarro. 6 \u20ac para adultos. Crian\u00e7as menores de 4 anos viajam gratuitamente.<\/li>\n\n\n\n<li>Hor\u00e1rio: O primeiro autocarro parte do aeroporto \u00e0s 08:30 e o \u00faltimo \u00e0s 00:45 (04:30 e 19:20, respetivamente, a partir de Termini)<\/li>\n<\/ul>\n\n\n\n<h3 class=\"wp-block-heading\">Rome Airport Bus<\/h3>\n\n\n\n<ul class=\"wp-block-list\">\n<li>Partida de: esta\u00e7\u00e3o de autocarros (fora das chegadas do terminal 3) &#8211; baia 15<\/li>\n\n\n\n<li>Paragens: direto \u00e0 Esta\u00e7\u00e3o Termini<\/li>\n\n\n\n<li>Bilhetes: compra online, na esta\u00e7\u00e3o de autocarros ou diretamente no autocarro. 6,90 \u20ac para adultos. Crian\u00e7as menores de 5 anos viajam gratuitamente.<\/li>\n\n\n\n<li>Hor\u00e1rio: O primeiro autocarro parte do aeroporto \u00e0s 05:40 e o \u00faltimo \u00e0s 00:05 (04:25 e 23:00, respetivamente, a partir de Termini)<\/li>\n<\/ul>\n\n\n\n<h3 class=\"wp-block-heading\">T.A.M.<\/h3>\n\n\n\n<ul class=\"wp-block-list\">\n<li>Partida de: esta\u00e7\u00e3o de autocarros (fora das chegadas do terminal 3) &#8211; baia 13<\/li>\n\n\n\n<li>Paragens: Roma Ostiense e Esta\u00e7\u00e3o Termini<\/li>\n\n\n\n<li>Bilhetes: compra online, na esta\u00e7\u00e3o de autocarros ou diretamente no autocarro. 6 \u20ac online, 8 \u20ac na esta\u00e7\u00e3o<\/li>\n\n\n\n<li>Hor\u00e1rio: O primeiro autocarro parte do aeroporto \u00e0s 05:40 e o \u00faltimo \u00e0s 02:30 (24 horas a partir de Termini)<\/li>\n<\/ul>\n\n\n\n<h3 class=\"wp-block-heading\">SIT Bus Shuttle<\/h3>\n\n\n\n<ul class=\"wp-block-list\">\n<li>Partida de: esta\u00e7\u00e3o de autocarros (fora das chegadas do terminal 3) &#8211; baia 12<\/li>\n\n\n\n<li>Paragens: Via Aurelia, Cidade do Vaticano e Esta\u00e7\u00e3o Termini<\/li>\n\n\n\n<li>Bilhetes: compra online ou diretamente no autocarro. 7 \u20ac para adultos<\/li>\n\n\n\n<li>Hor\u00e1rio: O primeiro autocarro parte do aeroporto \u00e0s 08:30 e o \u00faltimo \u00e0s 21:55 (04:45 e 20:00, respetivamente, a partir de Termini)<\/li>\n<\/ul>\n\n\n\n<h3 class=\"wp-block-heading\">Cotral<\/h3>\n\n\n\n<ul class=\"wp-block-list\">\n<li>Partida de: esta\u00e7\u00e3o de autocarros regional no Terminal 1 &#8211; zona de chegadas<\/li>\n\n\n\n<li>Paragens: Piazza del Cinquecento, Esta\u00e7\u00e3o Tiburtina, Esta\u00e7\u00e3o Termini, Esta\u00e7\u00e3o Cornelia, Esta\u00e7\u00e3o Eur-Magliana, Ostia-Piazza Sirio e Ostia-Piazza Stazione<\/li>\n\n\n\n<li>Bilhetes: compra no quiosque de jornais dentro do aeroporto ou diretamente no autocarro a pre\u00e7o superior. 5 \u20ac a 7 \u20ac para adultos<\/li>\n\n\n\n<li>Hor\u00e1rio: O hor\u00e1rio varia ao longo da semana.<\/li>\n<\/ul>\n\n\n\n<h3 class=\"wp-block-heading\">T\u00e1xis<\/h3>\n\n\n<figure>\n                    <div class=\"ms-credits\"><img decoding=\"async\" class=\"gb-image gb-image-24a82b8b\" src=\"https:\/\/www.rome.info\/wp-content\/uploads\/f-rome-taxis.jpg\" alt=\"Uma fila de t\u00e1xis romanos.\"><span class='ms-credits__info' id='media962'><svg xmlns=\"http:\/\/www.w3.org\/2000\/svg\" width=\"20\" height=\"22\" fill=\"#000000\" viewBox=\"0 0 256 256\"><path d=\"M128,24A104,104,0,1,0,232,128,104.11,104.11,0,0,0,128,24Zm0,192a88,88,0,1,1,88-88A88.1,88.1,0,0,1,128,216ZM96,128a32,32,0,0,0,57.6,19.2,8,8,0,0,1,12.8,9.61,48,48,0,1,1,0-57.62,8,8,0,0,1-12.8,9.61A32,32,0,0,0,96,128Z\"><\/path><\/svg><a href=https:\/\/depositphotos.com\/201933378\/stock-photo-rome-italy-june-2014-taxis.html rel='nofollow' target='_blank'>Depositphotos<\/a><\/span><span class='ms-credits__btn' id='btn_media962' onclick='ms_credits_trigger(\"#media962\", this)'><svg xmlns=\"http:\/\/www.w3.org\/2000\/svg\" class=\"info_icon\" width=\"28\" height=\"28\" fill=\"#FFF\" viewBox=\"0 0 256 256\"><path d=\"M128,24A104,104,0,1,0,232,128,104.11,104.11,0,0,0,128,24Zm0,192a88,88,0,1,1,88-88A88.1,88.1,0,0,1,128,216Zm16-40a8,8,0,0,1-8,8,16,16,0,0,1-16-16V128a8,8,0,0,1,0-16,16,16,0,0,1,16,16v40A8,8,0,0,1,144,176ZM112,84a12,12,0,1,1,12,12A12,12,0,0,1,112,84Z\"><\/path><\/svg><svg xmlns=\"http:\/\/www.w3.org\/2000\/svg\" class=\"close_icon\" width=\"28\" height=\"28\" fill=\"#FFF\" viewBox=\"0 0 256 256\"><path d=\"M165.66,101.66,139.31,128l26.35,26.34a8,8,0,0,1-11.32,11.32L128,139.31l-26.34,26.35a8,8,0,0,1-11.32-11.32L116.69,128,90.34,101.66a8,8,0,0,1,11.32-11.32L128,116.69l26.34-26.35a8,8,0,0,1,11.32,11.32ZM232,128A104,104,0,1,1,128,24,104.11,104.11,0,0,1,232,128Zm-16,0a88,88,0,1,0-88,88A88.1,88.1,0,0,0,216,128Z\"><\/path><\/svg><\/span><\/div><\/figure>\n\n\n<p>Os <a href=\"https:\/\/www.rome.info\/pt\/transportes\/taxi\/\">t\u00e1xis<\/a> podem n\u00e3o ser a op\u00e7\u00e3o mais barata, mas s\u00e3o uma das formas mais f\u00e1ceis e fi\u00e1veis de chegar ao centro da cidade o mais r\u00e1pido e tranquilamente poss\u00edvel.<\/p>\n\n\n\n<p>H\u00e1 uma tarifa fixa de 48 \u20ac para todas as viagens que terminem dentro das Muralhas Aurelianas, ou seja, praticamente em qualquer s\u00edtio do centro da cidade. Para destinos fora das muralhas, a corrida ser\u00e1 cobrada pelo tax\u00edmetro. Podes pagar em dinheiro ou com cart\u00e3o, e embora as gorjetas n\u00e3o sejam obrigat\u00f3rias, s\u00e3o bem-vindas.<\/p>\n\n\n\n<p>A pra\u00e7a de t\u00e1xis fica mesmo \u00e0 sa\u00edda das Chegadas, com os t\u00e1xis todos alinhados. Os t\u00e1xis em Roma s\u00e3o brancos e t\u00eam um sinal de &#8220;T\u00e1xi&#8221; no teto. Cuidado com motoristas n\u00e3o oficiais que te abordem dentro da zona de chegadas. V\u00e3o perguntar se queres um t\u00e1xi e depois encaminhar-te para um carro sem licen\u00e7a onde normalmente acabar\u00e1s a pagar muito mais.<\/p>\n\n\n\n<h3 class=\"wp-block-heading\">Transfer\u00eancias Privadas<\/h3>\n\n\n<figure>\n                    <div class=\"ms-credits\"><img decoding=\"async\" class=\"gb-image gb-image-a8a68db7\" src=\"https:\/\/www.rome.info\/wp-content\/uploads\/f-private-car-tranfers.jpg\" alt=\"Um homem de fato \u00e0 espera dos seus passageiros em frente a um carro de transfer\u00eancia privada fora de um aeroporto.\"><span class='ms-credits__info' id='media964'><svg xmlns=\"http:\/\/www.w3.org\/2000\/svg\" width=\"20\" height=\"22\" fill=\"#000000\" viewBox=\"0 0 256 256\"><path d=\"M128,24A104,104,0,1,0,232,128,104.11,104.11,0,0,0,128,24Zm0,192a88,88,0,1,1,88-88A88.1,88.1,0,0,1,128,216ZM96,128a32,32,0,0,0,57.6,19.2,8,8,0,0,1,12.8,9.61,48,48,0,1,1,0-57.62,8,8,0,0,1-12.8,9.61A32,32,0,0,0,96,128Z\"><\/path><\/svg><a href=https:\/\/depositphotos.com\/199708764\/stock-photo-personal-driver-waiting-arrival-boss.html rel='nofollow' target='_blank'>Depositphotos<\/a><\/span><span class='ms-credits__btn' id='btn_media964' onclick='ms_credits_trigger(\"#media964\", this)'><svg xmlns=\"http:\/\/www.w3.org\/2000\/svg\" class=\"info_icon\" width=\"28\" height=\"28\" fill=\"#FFF\" viewBox=\"0 0 256 256\"><path d=\"M128,24A104,104,0,1,0,232,128,104.11,104.11,0,0,0,128,24Zm0,192a88,88,0,1,1,88-88A88.1,88.1,0,0,1,128,216Zm16-40a8,8,0,0,1-8,8,16,16,0,0,1-16-16V128a8,8,0,0,1,0-16,16,16,0,0,1,16,16v40A8,8,0,0,1,144,176ZM112,84a12,12,0,1,1,12,12A12,12,0,0,1,112,84Z\"><\/path><\/svg><svg xmlns=\"http:\/\/www.w3.org\/2000\/svg\" class=\"close_icon\" width=\"28\" height=\"28\" fill=\"#FFF\" viewBox=\"0 0 256 256\"><path d=\"M165.66,101.66,139.31,128l26.35,26.34a8,8,0,0,1-11.32,11.32L128,139.31l-26.34,26.35a8,8,0,0,1-11.32-11.32L116.69,128,90.34,101.66a8,8,0,0,1,11.32-11.32L128,116.69l26.34-26.35a8,8,0,0,1,11.32,11.32ZM232,128A104,104,0,1,1,128,24,104.11,104.11,0,0,1,232,128Zm-16,0a88,88,0,1,0-88,88A88.1,88.1,0,0,0,216,128Z\"><\/path><\/svg><\/span><\/div><\/figure>\n\n\n<p>Se viajares com muitas pessoas, tiveres muita bagagem ou tiveres receio de ser enganado por um t\u00e1xi, tens tamb\u00e9m a op\u00e7\u00e3o de reservar uma transfer\u00eancia privada. Deves faz\u00ea-lo antes do teu voo para que o teu motorista dedicado possa ir buscar-te nas Chegadas depois de chegares.<\/p>\n\n\n\n<p>Tal como os t\u00e1xis, as transfer\u00eancias privadas tamb\u00e9m t\u00eam uma tarifa fixa, embora varie consoante a empresa que usares e tenda a ser bem mais cara.<\/p>\n\n\n\n<h3 class=\"wp-block-heading\">Aluguer de Carros<\/h3>\n\n\n<figure>\n                    <div class=\"ms-credits\"><img decoding=\"async\" class=\"gb-image gb-image-d92aa895\" src=\"https:\/\/www.rome.info\/wp-content\/uploads\/f-car-rental-sign.jpg\" alt=\"Uma placa de aluguer de carros num aeroporto.\"><span class='ms-credits__info' id='media966'><svg xmlns=\"http:\/\/www.w3.org\/2000\/svg\" width=\"20\" height=\"22\" fill=\"#000000\" viewBox=\"0 0 256 256\"><path d=\"M128,24A104,104,0,1,0,232,128,104.11,104.11,0,0,0,128,24Zm0,192a88,88,0,1,1,88-88A88.1,88.1,0,0,1,128,216ZM96,128a32,32,0,0,0,57.6,19.2,8,8,0,0,1,12.8,9.61,48,48,0,1,1,0-57.62,8,8,0,0,1-12.8,9.61A32,32,0,0,0,96,128Z\"><\/path><\/svg><a href=https:\/\/depositphotos.com\/22996224\/stock-photo-car-rental-information-sign.html rel='nofollow' target='_blank'>Depositphotos<\/a><\/span><span class='ms-credits__btn' id='btn_media966' onclick='ms_credits_trigger(\"#media966\", this)'><svg xmlns=\"http:\/\/www.w3.org\/2000\/svg\" class=\"info_icon\" width=\"28\" height=\"28\" fill=\"#FFF\" viewBox=\"0 0 256 256\"><path d=\"M128,24A104,104,0,1,0,232,128,104.11,104.11,0,0,0,128,24Zm0,192a88,88,0,1,1,88-88A88.1,88.1,0,0,1,128,216Zm16-40a8,8,0,0,1-8,8,16,16,0,0,1-16-16V128a8,8,0,0,1,0-16,16,16,0,0,1,16,16v40A8,8,0,0,1,144,176ZM112,84a12,12,0,1,1,12,12A12,12,0,0,1,112,84Z\"><\/path><\/svg><svg xmlns=\"http:\/\/www.w3.org\/2000\/svg\" class=\"close_icon\" width=\"28\" height=\"28\" fill=\"#FFF\" viewBox=\"0 0 256 256\"><path d=\"M165.66,101.66,139.31,128l26.35,26.34a8,8,0,0,1-11.32,11.32L128,139.31l-26.34,26.35a8,8,0,0,1-11.32-11.32L116.69,128,90.34,101.66a8,8,0,0,1,11.32-11.32L128,116.69l26.34-26.35a8,8,0,0,1,11.32,11.32ZM232,128A104,104,0,1,1,128,24,104.11,104.11,0,0,1,232,128Zm-16,0a88,88,0,1,0-88,88A88.1,88.1,0,0,0,216,128Z\"><\/path><\/svg><\/span><\/div><\/figure>\n\n\n<p>O aeroporto tem tamb\u00e9m v\u00e1rias <a href=\"https:\/\/www.rome.info\/transport\/car-rental\/\">empresas de aluguer de carros<\/a> para quem queira viajar de forma aut\u00f3noma. Depois de aterrares, segue os sinais para os balc\u00f5es de aluguer de carros e escolhe uma das muitas empresas dispon\u00edveis.<\/p>\n\n\n\n<p>H\u00e1 v\u00e1rias op\u00e7\u00f5es, desde grandes empresas como a Europcar e a Hertz a alternativas mais econ\u00f3micas, por isso n\u00e3o dever\u00e1s ter dificuldade em encontrar um carro que te deixe confort\u00e1vel.<\/p>\n\n\n\n<p>No entanto, embora ter um carro alugado te d\u00ea mais flexibilidade, tende a ser muito mais caro a longo prazo e pode n\u00e3o ser a melhor op\u00e7\u00e3o se s\u00f3 planeias ficar na cidade, pois podes perder muito tempo preso no tr\u00e2nsito e os romanos s\u00e3o notoriamente maus condutores. S\u00f3 recomendamos alugar um carro se planeias viajar fora de Roma.<\/p>\n\n\n\n<h2 class=\"wp-block-heading\">Transfer\u00eancias para o Aeroporto de Ciampino<\/h2>\n\n\n\n<div data-language=\"pt\" data-tiqets-widget=\"discovery\" data-cards-layout=\"responsive\" data-slug-ids=\"pro1032544,pro977123,pro1033840\" data-partner=\"romeinfo\"><\/div><script defer src=\"https:\/\/widgets.tiqets.com\/loader.js\"><\/script>\n\n\n\n<p>Embora Ciampino esteja tecnicamente muito mais perto do centro da cidade do que Fiumicino \u2014 a apenas 15 km \u2014 n\u00e3o tem tantas op\u00e7\u00f5es de transporte como o aeroporto maior. Aqui est\u00e3o listadas abaixo.<\/p>\n\n\n\n<h3 class=\"wp-block-heading\">Autocarros<\/h3>\n\n\n\n<p>De longe, a forma mais f\u00e1cil e barata de entrar em Roma a partir do Aeroporto de Ciampino \u00e9 apanhar um dos autocarros shuttle privados. Demoram aproximadamente 45 minutos e deixam-te na Esta\u00e7\u00e3o Termini.<\/p>\n\n\n\n<h3 class=\"wp-block-heading\">Terravision<\/h3>\n\n\n\n<ul class=\"wp-block-list\">\n<li>Partida de: fora do Terminal de Chegadas &#8211; paragem de autocarro 1<\/li>\n\n\n\n<li>Paragens: direto \u00e0 Esta\u00e7\u00e3o Termini<\/li>\n\n\n\n<li>Bilhetes: compra online, dentro do aeroporto ou diretamente no autocarro. 6 \u20ac para adultos, crian\u00e7as menores de 4 anos viajam gratuitamente.<\/li>\n\n\n\n<li>Hor\u00e1rio: O primeiro autocarro parte do aeroporto \u00e0s 09:35 e o \u00faltimo \u00e0s 23:40 (04:40 e 18:55, respetivamente, a partir de Termini)<\/li>\n<\/ul>\n\n\n\n<h3 class=\"wp-block-heading\">SIT Bus Shuttle<\/h3>\n\n\n\n<ul class=\"wp-block-list\">\n<li>Partida de: fora do Terminal de Chegadas &#8211; paragem de autocarro 2<\/li>\n\n\n\n<li>Paragens: Esta\u00e7\u00e3o Termini, Cidade do Vaticano e Via Aurelia<\/li>\n\n\n\n<li>Bilhetes: compra online ou diretamente no autocarro. 6 \u20ac para adultos<\/li>\n\n\n\n<li>Hor\u00e1rio: O primeiro autocarro parte do aeroporto \u00e0s 08:30 e o \u00faltimo \u00e0s 23:00 (04:30 e 18:30, respetivamente, a partir de Termini)<\/li>\n<\/ul>\n\n\n\n<h3 class=\"wp-block-heading\">Rome Airport Bus<\/h3>\n\n\n\n<ul class=\"wp-block-list\">\n<li>Partida de: terminal de autocarros fora do Terminal de Chegadas<\/li>\n\n\n\n<li>Paragens: direto \u00e0 Esta\u00e7\u00e3o Termini<\/li>\n\n\n\n<li>Bilhetes: compra online, dentro do aeroporto ou diretamente no autocarro. 6,90 \u20ac para adultos, crian\u00e7as menores de 5 anos viajam gratuitamente.<\/li>\n\n\n\n<li>Hor\u00e1rio: O primeiro autocarro parte do aeroporto \u00e0s 03:30 e o \u00faltimo \u00e0s 23:30 (00:05 e 22:00, respetivamente, a partir de Termini)<\/li>\n<\/ul>\n\n\n\n<h3 class=\"wp-block-heading\">Comboio<\/h3>\n\n\n\n<p>Infelizmente, n\u00e3o h\u00e1 esta\u00e7\u00e3o de comboios ligada ao aeroporto. H\u00e1 uma esta\u00e7\u00e3o de comboios chamada Ciampino, mas fica na cidade vizinha, e n\u00e3o \u00e9 recomendada porque terias de apanhar um autocarro para l\u00e1 chegar a partir do aeroporto.<\/p>\n\n\n\n<h3 class=\"wp-block-heading\">T\u00e1xis<\/h3>\n\n\n\n<p>Uma das op\u00e7\u00f5es mais r\u00e1pidas e f\u00e1ceis \u00e9, claro, apanhar um t\u00e1xi do aeroporto diretamente para o teu alojamento.&nbsp;<\/p>\n\n\n\n<p>H\u00e1 uma tarifa fixa de 31 \u20ac para qualquer destino dentro das Muralhas Aurelianas, que engloba grande parte do centro da cidade. Para qualquer outro destino, pagar\u00e1s pelo tax\u00edmetro. N\u00e3o h\u00e1 taxa adicional para bagagem.<\/p>\n\n\n\n<p>H\u00e1 muitos relatos de taxistas oficiais a tentar enganar turistas desatentos, por isso certifica-te de que sabes se o teu destino final fica ou n\u00e3o dentro das muralhas da cidade, e n\u00e3o pagues mais se ficar!<\/p>\n\n\n\n<h3 class=\"wp-block-heading\">Transfer\u00eancias Privadas<\/h3>\n\n\n\n<p>Tal como em Fiumicino, se n\u00e3o quiseres o aborrecimento de discutir com taxistas ou de ter de esperar por um autocarro, tens tamb\u00e9m a op\u00e7\u00e3o de contratar uma transfer\u00eancia privada. Deves arranjar isto antes de embarcares no avi\u00e3o para Roma, para que o teu motorista possa estar \u00e0 tua espera depois da recolha de bagagem quando chegares.<\/p>\n\n\n\n<p>O pre\u00e7o fixo da transfer\u00eancia privada depende da empresa que escolheres contratar, embora tendam a ser bem mais caras do que os t\u00e1xis.<\/p>\n\n\n\n<h3 class=\"wp-block-heading\">Aluguer de Carros<\/h3>\n\n\n\n<p>O Aeroporto de Ciampino tem tamb\u00e9m uma sele\u00e7\u00e3o de empresas de aluguer de carros que se encontram perto dos parques de estacionamento P6, P8 e P12 e s\u00e3o acess\u00edveis por um servi\u00e7o de shuttle gratuito de e para o terminal.<\/p>\n\n\n\n<p>Mais uma vez, n\u00e3o recomendamos alugar um carro se s\u00f3 planeias ficar em Roma, pois pode ser complicado conduzir por aqui; no entanto, pode ser uma boa op\u00e7\u00e3o se tencionas explorar outras zonas de It\u00e1lia durante a tua estadia.<\/p>\n","protected":false},"excerpt":{"rendered":"","protected":false},"author":9,"featured_media":490,"parent":296,"menu_order":0,"comment_status":"closed","ping_status":"closed","template":"","meta":{"_acf_changed":false,"footnotes":"","button_url":"https:\/\/www.tiqets.com\/pt\/airport-transfer-rome-tickets-l205409\/?partner=romeinfo","ms_product_id":"","ms_product_name":"","ms_price":"","ms_currency":"","ms_rating_value":"","ms_review_count":"","rank_math_title":"Transfer\u00eancias do Aeroporto de Roma: Comboio, Autocarro e Mais","rank_math_description":"Todas as formas de ir de Fiumicino &amp; Ciampino para Roma: comboios r\u00e1pidos, autocarros econ\u00f3micos, t\u00e1xis, transfers privados e mais. Tarifas e hor\u00e1rios atualizados."},"post-style":[],"producer":[36],"class_list":["post-331","page","type-page","status-publish","has-post-thumbnail"],"acf":[],"product_schema":{"ms_product_id":"","ms_product_name":"","ms_price":"","ms_currency":"","ms_rating_value":"","ms_review_count":""},"_links":{"self":[{"href":"https:\/\/www.rome.info\/pt\/wp-json\/wp\/v2\/pages\/331","targetHints":{"allow":["GET"]}}],"collection":[{"href":"https:\/\/www.rome.info\/pt\/wp-json\/wp\/v2\/pages"}],"about":[{"href":"https:\/\/www.rome.info\/pt\/wp-json\/wp\/v2\/types\/page"}],"author":[{"embeddable":true,"href":"https:\/\/www.rome.info\/pt\/wp-json\/wp\/v2\/users\/9"}],"replies":[{"embeddable":true,"href":"https:\/\/www.rome.info\/pt\/wp-json\/wp\/v2\/comments?post=331"}],"version-history":[{"count":2,"href":"https:\/\/www.rome.info\/pt\/wp-json\/wp\/v2\/pages\/331\/revisions"}],"predecessor-version":[{"id":528,"href":"https:\/\/www.rome.info\/pt\/wp-json\/wp\/v2\/pages\/331\/revisions\/528"}],"up":[{"embeddable":true,"href":"https:\/\/www.rome.info\/pt\/wp-json\/wp\/v2\/pages\/296"}],"wp:featuredmedia":[{"embeddable":true,"href":"https:\/\/www.rome.info\/pt\/wp-json\/wp\/v2\/media\/490"}],"wp:attachment":[{"href":"https:\/\/www.rome.info\/pt\/wp-json\/wp\/v2\/media?parent=331"}],"wp:term":[{"taxonomy":"post-style","embeddable":true,"href":"https:\/\/www.rome.info\/pt\/wp-json\/wp\/v2\/post-style?post=331"},{"taxonomy":"producer","embeddable":true,"href":"https:\/\/www.rome.info\/pt\/wp-json\/wp\/v2\/producer?post=331"}],"curies":[{"name":"wp","href":"https:\/\/api.w.org\/{rel}","templated":true}]}}