{"id":330,"date":"2026-04-25T18:28:47","date_gmt":"2026-04-25T16:28:47","guid":{"rendered":"https:\/\/www.rome.info\/pt\/?page_id=330"},"modified":"2026-04-25T18:39:43","modified_gmt":"2026-04-25T16:39:43","slug":"aeroporto-ciampino","status":"publish","type":"page","link":"https:\/\/www.rome.info\/pt\/aeroporto\/aeroporto-ciampino\/","title":{"rendered":"Aeroporto de Ciampino"},"content":{"rendered":"\n<p class=\"is-style-lead\">O Aeroporto Internacional Giovan Battista Pastine, mais conhecido como Ciampino (CIA), \u00e9 o segundo aeroporto de Roma e o mais pequeno.<\/p>\n\n\n\n<p>Apenas companhias a\u00e9reas de baixo custo operam a partir de Ciampino. Tem liga\u00e7\u00f5es de e para 51 cidades em 23 pa\u00edses diferentes, por isso \u00e9 prov\u00e1vel que, se voares numa companhia de baixo custo dentro da Europa, chegues aqui.<\/p>\n\n\n<div class=\"ms-credits\">\n<img decoding=\"async\" class=\"gb-media-bc40e107\" src=\"https:\/\/www.rome.info\/wp-content\/uploads\/ciampino-entrance-1745738755.jpg\" alt=\"Viajantes com bagagem \u00e0 entrada das partidas do Aeroporto G.B. Pastine Ciampino sob um c\u00e9u nublado.\" title=\"ciampino-entrance-1745738755\"\/>\n<span class='ms-credits__info' id='media2529'><svg xmlns=\"http:\/\/www.w3.org\/2000\/svg\" width=\"20\" height=\"22\" fill=\"#000000\" viewBox=\"0 0 256 256\"><path d=\"M128,24A104,104,0,1,0,232,128,104.11,104.11,0,0,0,128,24Zm0,192a88,88,0,1,1,88-88A88.1,88.1,0,0,1,128,216ZM96,128a32,32,0,0,0,57.6,19.2,8,8,0,0,1,12.8,9.61,48,48,0,1,1,0-57.62,8,8,0,0,1-12.8,9.61A32,32,0,0,0,96,128Z\"><\/path><\/svg>bestravelvideo\/<a href=https:\/\/depositphotos.com\/editorial\/rome-italy-september-2017-ciampino-airport-terminal-entrance-tourists-sign-359151104.html rel='nofollow' target='_blank'>Depositphotos<\/a><\/span><span class='ms-credits__btn' id='btn_media2529' onclick='ms_credits_trigger(\"#media2529\", this)'><svg xmlns=\"http:\/\/www.w3.org\/2000\/svg\" class=\"info_icon\" width=\"28\" height=\"28\" fill=\"#FFF\" viewBox=\"0 0 256 256\"><path d=\"M128,24A104,104,0,1,0,232,128,104.11,104.11,0,0,0,128,24Zm0,192a88,88,0,1,1,88-88A88.1,88.1,0,0,1,128,216Zm16-40a8,8,0,0,1-8,8,16,16,0,0,1-16-16V128a8,8,0,0,1,0-16,16,16,0,0,1,16,16v40A8,8,0,0,1,144,176ZM112,84a12,12,0,1,1,12,12A12,12,0,0,1,112,84Z\"><\/path><\/svg><svg xmlns=\"http:\/\/www.w3.org\/2000\/svg\" class=\"close_icon\" width=\"28\" height=\"28\" fill=\"#FFF\" viewBox=\"0 0 256 256\"><path d=\"M165.66,101.66,139.31,128l26.35,26.34a8,8,0,0,1-11.32,11.32L128,139.31l-26.34,26.35a8,8,0,0,1-11.32-11.32L116.69,128,90.34,101.66a8,8,0,0,1,11.32-11.32L128,116.69l26.34-26.35a8,8,0,0,1,11.32,11.32ZM232,128A104,104,0,1,1,128,24,104.11,104.11,0,0,1,232,128Zm-16,0a88,88,0,1,0-88,88A88.1,88.1,0,0,0,216,128Z\"><\/path><\/svg><\/span><\/div>\n\n\n<h2 class=\"wp-block-heading\"><strong>Tudo o que Precisas de Saber<\/strong><\/h2>\n\n\n\n<p>Acess\u00edvel por <a href=\"https:\/\/www.rome.info\/pt\/transportes\/\">transportes p\u00fablicos<\/a>, o Aeroporto de Ciampino (pronuncia-se cham-PEE-no) fica a sudeste de Roma e a aproximadamente 18 km do centro da cidade.<\/p>\n\n\n\n<p>O seu nome oficial \u00e9 &#8220;Aeroporto di Ciampino, G.B Pastine&#8221;, em homenagem a um her\u00f3i de guerra da Segunda Guerra Mundial. Por isso, se for a primeira vez que partes deste aeroporto, n\u00e3o te assustes quando vires este nome por cima da entrada sem qualquer refer\u00eancia a Ciampino. (Quem j\u00e1 chegou ao aeroporto errado por confus\u00e3o entre o nome oficial e o nome local percebe bem este tipo de trauma).&nbsp;<\/p>\n\n\n\n<p>Antes da era dos voos de baixo custo, o Aeroporto de Ciampino era uma base militar e s\u00f3 relativamente recentemente foi comercializado. Isto torna-o um aeroporto ainda jovem, o que tem muitas vantagens.&nbsp;<\/p>\n\n\n\n<p>Pequeno em tamanho, especialmente em compara\u00e7\u00e3o com o gigantesco <a href=\"https:\/\/www.rome.info\/pt\/aeroporto\/aeroporto-fiumicino\/\">Fiumicino<\/a>; o CIA \u00e9 muito f\u00e1cil de gerir. Sem longas caminhadas at\u00e9 \u00e0 porta de embarque ou ao controlo de passaportes, sem labir\u00ednticas passagens pela Duty-Free. \u00c9 mesmo um aeroporto muito simples.&nbsp;<\/p>\n\n\n\n<p>Por isso, seja a primeira vez que entras em Ciampino ou que partes numa aventura intercontinental de baixo custo, l\u00ea os nossos conselhos de transporte, fica a saber o que esperar e conhece as atra\u00e7\u00f5es nas redondezas.&nbsp;<\/p>\n\n\n\n<h2 class=\"wp-block-heading\"><strong>Como Chegar a Roma a partir de Ciampino<\/strong><\/h2>\n\n\n\n<h3 class=\"wp-block-heading\">1. Autocarro e Metro: A Forma Melhor e Mais Barata<\/h3>\n\n\n\n<p>O Aeroporto de Ciampino \u00e9 servido pela rede de transportes de Roma (ATAC). H\u00e1 dois autocarros locais que te levam at\u00e9 uma <a href=\"https:\/\/www.rome.info\/pt\/transportes\/transportes-publicos\/metro\/\">esta\u00e7\u00e3o de Metro<\/a>. Um bilhete simples \u00e9 v\u00e1lido por 100 minutos, por isso podes usar o mesmo bilhete do <a href=\"https:\/\/www.rome.info\/pt\/transportes\/transportes-publicos\/autocarro\/\">autocarro<\/a> para o Metro.&nbsp;<\/p>\n\n\n\n<figure><div class=\"ms-credits\">\n<img decoding=\"async\" class=\"gb-media-db5c189f\" src=\"https:\/\/www.rome.info\/wp-content\/uploads\/ciampino-terminal-bus-stop-1745739369.jpg\" alt=\"Viajantes com malas em fila para embarcar nos autocarros shuttle fora do Aeroporto de Ciampino sob um c\u00e9u nublado, perto das paragens de autocarro assinaladas.\" title=\"ciampino-terminal-bus-stop-1745739369\"\/>\n<span class='ms-credits__info' id='media2531'><svg xmlns=\"http:\/\/www.w3.org\/2000\/svg\" width=\"20\" height=\"22\" fill=\"#000000\" viewBox=\"0 0 256 256\"><path d=\"M128,24A104,104,0,1,0,232,128,104.11,104.11,0,0,0,128,24Zm0,192a88,88,0,1,1,88-88A88.1,88.1,0,0,1,128,216ZM96,128a32,32,0,0,0,57.6,19.2,8,8,0,0,1,12.8,9.61,48,48,0,1,1,0-57.62,8,8,0,0,1-12.8,9.61A32,32,0,0,0,96,128Z\"><\/path><\/svg>bestravelvideo\/<a href=https:\/\/depositphotos.com\/editorial\/rome-italy-september-2017-ciampino-airport-terminal-bus-stop-crowd-360108800.html rel='nofollow' target='_blank'>Depositphotos<\/a><\/span><span class='ms-credits__btn' id='btn_media2531' onclick='ms_credits_trigger(\"#media2531\", this)'><svg xmlns=\"http:\/\/www.w3.org\/2000\/svg\" class=\"info_icon\" width=\"28\" height=\"28\" fill=\"#FFF\" viewBox=\"0 0 256 256\"><path d=\"M128,24A104,104,0,1,0,232,128,104.11,104.11,0,0,0,128,24Zm0,192a88,88,0,1,1,88-88A88.1,88.1,0,0,1,128,216Zm16-40a8,8,0,0,1-8,8,16,16,0,0,1-16-16V128a8,8,0,0,1,0-16,16,16,0,0,1,16,16v40A8,8,0,0,1,144,176ZM112,84a12,12,0,1,1,12,12A12,12,0,0,1,112,84Z\"><\/path><\/svg><svg xmlns=\"http:\/\/www.w3.org\/2000\/svg\" class=\"close_icon\" width=\"28\" height=\"28\" fill=\"#FFF\" viewBox=\"0 0 256 256\"><path d=\"M165.66,101.66,139.31,128l26.35,26.34a8,8,0,0,1-11.32,11.32L128,139.31l-26.34,26.35a8,8,0,0,1-11.32-11.32L116.69,128,90.34,101.66a8,8,0,0,1,11.32-11.32L128,116.69l26.34-26.35a8,8,0,0,1,11.32,11.32ZM232,128A104,104,0,1,1,128,24,104.11,104.11,0,0,1,232,128Zm-16,0a88,88,0,1,0-88,88A88.1,88.1,0,0,0,216,128Z\"><\/path><\/svg><\/span><\/div>\n\n\n<figcaption class=\"gb-text gb-text-1d7cbf3a\">Passageiros em fila com bagagem para embarcar nos autocarros shuttle fora do Aeroporto de Ciampino.<\/figcaption>\n<\/figure>\n\n\n\n<p>Passageiros em fila com bagagem para embarcar nos autocarros shuttle fora do Aeroporto de Ciampino<\/p>\n\n\n\n<p>Partindo do princ\u00edpio de que ficar\u00e1s no centro de Roma, a tua viagem ficar\u00e1 completa em menos de uma hora, sendo esta a forma mais econ\u00f3mica de entrar na cidade.<\/p>\n\n\n\n<h4 class=\"wp-block-heading\"><strong>Como Fazer:<\/strong>&nbsp;<\/h4>\n\n\n\n<p>Nas chegadas, ver\u00e1s uma fila de bilheteiras \u00e0 tua direita.&nbsp;<\/p>\n\n\n\n<p>A \u00faltima \u00e9 um balc\u00e3o oficial de Informa\u00e7\u00e3o Tur\u00edstica de Roma onde podes comprar bilhetes de transporte p\u00fablico. Se planeias passar dois dias completos em Roma, considera um <a href=\"https:\/\/www.rome.info\/pt\/passes-turisticos\/\">passe de 48 horas<\/a>, v\u00e1lido nos autocarros e no Metro.<\/p>\n\n\n\n<p>Tamb\u00e9m podes pagar com cart\u00e3o contactless (ou a aplica\u00e7\u00e3o no telem\u00f3vel) no Metro e na maioria dos autocarros.&nbsp;<\/p>\n\n\n\n<p>N\u00e3o \u00e9 poss\u00edvel comprar bilhetes a bordo do autocarro.&nbsp;<\/p>\n\n\n\n<p><strong>Dica importante<\/strong>: Tem sempre um bilhete de papel contigo, por precau\u00e7\u00e3o.<\/p>\n\n\n\n<h4 class=\"wp-block-heading\"><strong>Percurso Recomendado&nbsp;<\/strong><\/h4>\n\n\n\n<p>H\u00e1 dois autocarros locais que te levam a uma esta\u00e7\u00e3o de Metro. O 520 leva-te a Cinecitt\u00e0, que fica na linha A (laranja). O 720 leva-te \u00e0 Esta\u00e7\u00e3o de Metro da Laurentina, que fica na linha B (azul). Recomendo o percurso 720, por isso aqui est\u00e1 o meu guia passo a passo:<\/p>\n\n\n\n<p>Ao sa\u00edres da sala de chegadas, ser\u00e1s encaminhado para as paragens de autocarro. Os autocarros locais, bem como os autocarros diretos de maior dimens\u00e3o, partem de v\u00e1rios postos \u00e0 esquerda.<\/p>\n\n\n\n<p>Ver\u00e1s informa\u00e7\u00f5es como estas distribu\u00eddas pelo aeroporto e perto das paragens de autocarro. S\u00e3o \u00fateis sobretudo se j\u00e1 souberes para onde vais e tiveres algum conhecimento b\u00e1sico da geografia romana.<\/p>\n\n\n\n<p>Espera na paragem (a \u00fanica) pelo 720. Os autocarros romanos locais s\u00e3o vermelho rubi.&nbsp;<\/p>\n\n\n\n<p>Embarca pelo meio e pelas portas traseiras, n\u00e3o pela da frente.&nbsp;<\/p>\n\n\n\n<p>Os motoristas t\u00eam uma divis\u00f3ria que os separa dos passageiros. Ficam no seu mundo \u00e0 parte, e h\u00e1 avisos em italiano a dizer &#8220;Por favor, n\u00e3o fale com o motorista&#8221;. No entanto, alguns motoristas ficam felizes em conversar contigo.<\/p>\n\n\n\n<p>A maioria dos autocarros foi agora (felizmente) equipada com duas formas de validar o bilhete. O m\u00e9todo tradicional, em que o bilhete entra na m\u00e1quina amarela e \u00e9 carimbado com a hora, e o m\u00e9todo do s\u00e9culo XXI, em que basta tocar com o cart\u00e3o contactless.&nbsp;<\/p>\n\n\n\n<p><strong>Dica importante:<\/strong> \u00c9 boa pr\u00e1tica ter um bilhete de papel contigo, caso tenhas o infort\u00fanio duplo de a m\u00e1quina estar avariada e um revisor mal-humorado insistir que tens de ter um bilhete v\u00e1lido e depois te multar no local por n\u00e3o o teres.&nbsp;<\/p>\n\n\n\n<p>Isto \u00e9 It\u00e1lia. Espera drama.&nbsp;&nbsp;<\/p>\n\n\n\n<p>O autocarro 720 vai levar-te por pastagens, vinhas verdes e estradas semi-rurais acidentadas at\u00e9 chegares aqui. Laurentina. Uma esp\u00e9cie de centro de transportes p\u00f3s-moderno dos anos 80 que precisa de algum cuidado e de uma m\u00e3o de tinta. N\u00e3o posso prometer que ser\u00e1 o in\u00edcio (ou fim) mais glamoroso das tuas F\u00e9rias Romanas \u2014 mas vai levar-te onde precisas de ir.&nbsp;<\/p>\n\n\n\n<p>A Laurentina \u00e9 a \u00faltima paragem do percurso do autocarro, por isso n\u00e3o h\u00e1 perigo de perderes a paragem. Quando sa\u00edres, atravessa em dire\u00e7\u00e3o \u00e0s grandes colunas azuis. Caminha na dire\u00e7\u00e3o da parte amarela do edif\u00edcio e a entrada para a esta\u00e7\u00e3o de metro ficar\u00e1 \u00e0 tua direita.<\/p>\n\n\n\n<p>A Laurentina, na linha B, \u00e9 tamb\u00e9m a \u00faltima paragem da linha, por isso n\u00e3o h\u00e1 perigo de ires na dire\u00e7\u00e3o errada. Todos os comboios v\u00e3o para Termini.<\/p>\n\n\n\n<p>O destino final do comboio ser\u00e1 Rebibbia ou Jonio \u2014 se ficares no centro de Roma e n\u00e3o fores al\u00e9m de Bologna na linha B, tanto faz qual o comboio que apanhares. Se tiveres um bilhete de papel do autocarro, usa o mesmo para passar pelas catracas do Metro. Caso contr\u00e1rio, podes tocar novamente com o cart\u00e3o contactless.&nbsp;<\/p>\n\n\n\n<p>A outra op\u00e7\u00e3o de autocarro local \u00e9 o 520 para Cinecitt\u00e0. Aten\u00e7\u00e3o: Cinecitt\u00e0 n\u00e3o \u00e9 o fim da linha, por isso verifica com um passageiro ao lado qual \u00e9 a paragem certa para sair.&nbsp;<\/p>\n\n\n\n<p>Os italianos adoram ajudar turistas, especialmente idosos. Qualquer desculpa para falar. A paragem de autocarro fica junto \u00e0 entrada do Metro (com escadas a descer). Talvez prefiras apanhar a linha A diretamente se o teu alojamento estiver mais perto de uma paragem da linha A.&nbsp;<\/p>\n\n\n\n<h3 class=\"wp-block-heading\">2. <strong>Autocarros Diretos<\/strong><\/h3>\n\n\n\n<p>Empresas de autocarros como a Terravision e a Roma Airport Bus operam servi\u00e7os diretos para a <a href=\"https:\/\/www.rome.info\/pt\/transportes\/comboios\/\">esta\u00e7\u00e3o de comboios Termini<\/a>, e os bilhetes est\u00e3o dispon\u00edveis para compra na sala de chegadas. O tempo de viagem \u00e9 de cerca de 50 minutos.<\/p>\n\n\n\n<p>As paragens de autocarro ficam \u00e0 esquerda da paragem de autocarro local, \u00e0 tua frente ao sa\u00edres do aeroporto. N\u00e3o as podes perder.&nbsp;<\/p>\n\n\n\n<h3 class=\"wp-block-heading\">3. <strong>Comboio<\/strong><\/h3>\n\n\n\n<p>Aten\u00e7\u00e3o: n\u00e3o h\u00e1 servi\u00e7o de comboio direto para este aeroporto \u2014 o Ciampino que v\u00eas no mapa de comboios \u00e9 a cidade em si, que tem um servi\u00e7o de shuttle a partir da esta\u00e7\u00e3o de comboios chamado Ciampino Airlink.&nbsp;<\/p>\n\n\n\n<p>Podes comprar o bilhete do autocarro shuttle na bilheteira das chegadas (mostrado abaixo). \u00c9 uma curta viagem at\u00e9 \u00e0 Esta\u00e7\u00e3o de Comboios de Ciampino, de onde podes apanhar um comboio regional para <a href=\"https:\/\/www.rome.info\/pt\/transportes\/comboios\/\">Termini<\/a>.&nbsp;<\/p>\n\n\n\n<p><strong>Dica<\/strong>: Se voas a partir de Ciampino e est\u00e1s a pensar apanhar o comboio regional a partir de Termini, uma palavra de aviso:<\/p>\n\n\n\n<ul class=\"wp-block-list\">\n<li>Os comboios para Ciampino partem normalmente da plataforma 20 ou 20 B, que fica bem longe das catracas e \u00e9 um pouco dif\u00edcil de localizar no meio da multid\u00e3o na \u00e9poca alta. Termini \u00e9 imensa.&nbsp;<\/li>\n\n\n\n<li>O autocarro shuttle pode ou n\u00e3o aparecer. Em teoria vai, mas pode n\u00e3o cumprir o hor\u00e1rio. Para ficar mais descansado, eu optaria por algo mais simples.&nbsp;<\/li>\n<\/ul>\n\n\n\n<p>H\u00e1 autocarros diretos regulares que partem de Termini na Via Giovanni Giolitti (do lado direito se estiveres de frente para Termini, logo ap\u00f3s o Mercato Centrale Roma). Podes pagar ao motorista a bordo do autocarro.&nbsp;<\/p>\n\n\n\n<h3 class=\"wp-block-heading\">4. <strong>T\u00e1xi e Uber<\/strong><\/h3>\n\n\n\n<p>A <a href=\"https:\/\/www.rome.info\/pt\/transportes\/taxi\/\">pra\u00e7a de t\u00e1xis<\/a> do aeroporto de Roma fica logo ap\u00f3s a paragem de autocarro local. S\u00e3o os t\u00e1xis brancos locais de Roma, todos com cartazes de tarifas fixas colados na porta. Podes esperar pagar cerca de 30 euros para chegar ao centro de Roma.&nbsp;<\/p>\n\n\n\n<p>Os utilizadores do Uber ficar\u00e3o satisfeitos em saber que a aplica\u00e7\u00e3o funciona bastante bem, mas n\u00e3o vais necessariamente poupar tempo ou dinheiro ao us\u00e1-la. Os t\u00e1xis locais aceitam pagamento com cart\u00e3o e, geralmente, h\u00e1 sempre suficientes dispon\u00edveis.&nbsp;<\/p>\n\n\n\n<h2 class=\"wp-block-heading\"><strong>Chegadas<\/strong><\/h2>\n\n\n\n<p>Por ser um aeroporto t\u00e3o pequeno, ter\u00e1s de sair do avi\u00e3o pelas escadas.&nbsp;<\/p>\n\n\n\n<p>N\u00e3o h\u00e1 passagem de liga\u00e7\u00e3o ao terminal. Se tu ou algu\u00e9m com quem viajes tiver problemas de mobilidade, tem isso em conta. \u00c9 uma curta caminhada at\u00e9 ao edif\u00edcio do terminal principal.&nbsp;<\/p>\n\n\n\n<p>O controlo de passaportes est\u00e1 dividido entre cidad\u00e3os da UE com passaportes biom\u00e9tricos e todos os outros pa\u00edses, cujos passaportes ser\u00e3o verificados pela pol\u00edcia local.&nbsp;<\/p>\n\n\n\n<p>De seguida passas para a recolha de bagagem e depois para uma sala de chegadas muito pequena com sinais de sa\u00edda claramente indicados. \u00c0 tua direita haver\u00e1 tr\u00eas bilheteiras onde podes comprar bilhetes de autocarro para Roma.&nbsp;<\/p>\n\n\n\n<h2 class=\"wp-block-heading\"><strong>Partidas<\/strong><\/h2>\n\n\n\n<p>Os balc\u00f5es de check-in ficam diretamente em frente \u00e0 entrada quando sobres as escadas ou a rampa. N\u00e3o precisas de te preocupar em estar no Terminal errado ou na \u00e1rea de check-in certa.&nbsp;<\/p>\n\n\n\n<p>\u00c9 tudo no mesmo s\u00edtio.&nbsp;<\/p>\n\n\n\n<p>A seguran\u00e7a fica em frente, \u00e0 direita ao entrares.&nbsp;<\/p>\n\n\n\n<p>H\u00e1 uma fila r\u00e1pida, mas por que algu\u00e9m a usaria, dado o tamanho do aeroporto, est\u00e1 al\u00e9m da minha compreens\u00e3o.<\/p>\n\n\n\n<h2 class=\"wp-block-heading\"><strong>Comodidades<\/strong><\/h2>\n\n\n\n<p>Antes dos Controlos de Seguran\u00e7a, encontras casas de banho, um McDonald&#8217;s, um caf\u00e9, um WH Smith (para livros, lembran\u00e7as e artigos de higiene) e duas m\u00e1quinas de venda autom\u00e1tica.&nbsp;<\/p>\n\n\n\n<p>Literalmente nada mais.<\/p>\n\n\n\n<p>Depois de passares pelos detetores de metais, encontras um caf\u00e9 e a possibilidade de encomendar McDonald&#8217;s atrav\u00e9s de uma aplica\u00e7\u00e3o que te trazem em sacos de papel takeaway do outro lado. Foi estranho, mas as pessoas estavam a fazer isso.&nbsp;<\/p>\n\n\n\n<p>As compras duty-free e lembran\u00e7as de \u00faltima hora s\u00e3o extremamente limitadas em Ciampino, por isso trata disso antes de chegares ou ficar\u00e1s muito desapontado.&nbsp;<\/p>\n\n\n\n<p>N\u00e3o vais ter aqui a experi\u00eancia de compras de luxo nem a impressionante variedade de cosm\u00e9ticos, perfumes e bebidas dispon\u00edveis no FCO.&nbsp;<\/p>\n\n\n\n<h2 class=\"wp-block-heading\"><strong>Alojamento<\/strong><\/h2>\n\n\n\n<p>N\u00e3o h\u00e1 hot\u00e9is no aeroporto propriamente ditos, mas encontrar\u00e1s uma grande variedade nas proximidades, na pequena cidade de Ciampino.&nbsp;<\/p>\n\n\n\n<p>Dois chamaram-me a aten\u00e7\u00e3o:<\/p>\n\n\n\n<p>O <a href=\"https:\/\/villa-giulia-ciampino.worhot.com\/\" rel=\"noopener\">Hotel Villa Giulia<\/a> fica a uma dist\u00e2ncia a p\u00e9 da esta\u00e7\u00e3o de comboios de Ciampino (cidade) (muito \u00fatil se viajares de Termini), tem check-ins tardios e fica perto da paragem do autocarro shuttle do aeroporto de Roma.&nbsp;<\/p>\n\n\n\n<p>O <a href=\"https:\/\/en.plazaroomsciampino.com\/\" rel=\"noopener\">Plaza Rooms Ciampino<\/a> est\u00e1 igualmente bem equipado, oferece pequeno-almo\u00e7o gratuito e Wi-Fi, e fica a f\u00e1cil dist\u00e2ncia a p\u00e9 da paragem do autocarro shuttle do Aeroporto.&nbsp;<\/p>\n\n\n\n<h3 class=\"wp-block-heading\"><strong>Afinal, Posso Dormir no Aeroporto?&nbsp;<\/strong><\/h3>\n\n\n\n<p>Se tiveres um voo muito cedo de manh\u00e3, agora \u00e9 permitido pernoitar na zona de espera muito limitada mesmo antes do Controlo de Seguran\u00e7a. H\u00e1 Wi-Fi e algumas m\u00e1quinas de venda autom\u00e1tica, e um ou dois Carabinieri a fazer rondas para garantir a seguran\u00e7a.&nbsp;<\/p>\n\n\n\n<p>H\u00e1 alguns anos, durante a pandemia, n\u00e3o era assim. Alguns motoristas de autocarro e de t\u00e1xi (para n\u00e3o falar de muitos sites) ainda n\u00e3o receberam a informa\u00e7\u00e3o e podem dizer-te em tom muito grave que o aeroporto fecha da meia-noite \u00e0s 4 da manh\u00e3. Aprendi \u00e0 custa pr\u00f3pria que estavam errados. Atribu\u00ed-o a um caso de &#8220;desinforma\u00e7\u00e3o bem-intencionada&#8221;, algo que acontece com bastante frequ\u00eancia em It\u00e1lia. Mas \u00e9 tudo parte da gra\u00e7a.&nbsp;<\/p>\n\n\n\n<h2 class=\"wp-block-heading\"><strong>Atra\u00e7\u00f5es nas Proximidades<\/strong><\/h2>\n\n\n\n<p>Isto \u00e9 It\u00e1lia, por isso n\u00e3o deve surpreender que estejas sempre perto de algo maravilhoso \u2014 o problema \u00e9 l\u00e1 chegar! Isto \u00e9 &#8220;terra de carro&#8221;, mas n\u00e3o te desesperes. Aqui est\u00e3o algumas op\u00e7\u00f5es que pesquisei.&nbsp;<\/p>\n\n\n\n<p>Por isso, se tens uma escala dif\u00edcil em Ciampino que n\u00e3o justifica mais um dia em Roma, experimenta estas op\u00e7\u00f5es.<\/p>\n\n\n\n<h3 class=\"wp-block-heading\"><strong>Castel Gandolfo<\/strong><\/h3>\n\n\n\n<h4 class=\"wp-block-heading\"><strong>Porqu\u00ea Ir?<\/strong><\/h4>\n\n\n\n<p>Bom, se \u00e9 suficientemente bom para o Papa&#8230;! Castel Gandolfo, nas margens do Lago Albano, \u00e9 uma verdadeira joia. \u00c9 uma curta caminhada da esta\u00e7\u00e3o at\u00e9 ao lago, onde encontrar\u00e1s vistas encantadoras e in\u00fameros pequenos s\u00edtios para comer qualquer coisa.<\/p>\n\n\n\n<h4 class=\"wp-block-heading\"><strong>Como Chegar?&nbsp;<\/strong><\/h4>\n\n\n\n<p>Apanha o autocarro Ciampino Airlink at\u00e9 \u00e0 esta\u00e7\u00e3o de comboios de Ciampino.<\/p>\n\n\n\n<p>Apanha o comboio regional para Castel Gandolfo.<\/p>\n\n\n\n<p>Tempo de viagem: menos de uma hora.<\/p>\n\n\n\n<h3 class=\"wp-block-heading\"><strong>Frascati<\/strong><\/h3>\n\n\n\n<h4 class=\"wp-block-heading\"><strong>Porqu\u00ea Ir?<\/strong><\/h4>\n\n\n\n<p>Frascati \u00e9 famosa pelo seu vinho.&nbsp;<\/p>\n\n\n\n<p>Ainda precisas de mais raz\u00f5es? Est\u00e1 bem, \u00e9 tamb\u00e9m uma bela cidade por si s\u00f3, com muita hist\u00f3ria, bons restaurantes, igrejas e piazzas. Parece \u00f3bvio dizer isto, mas \u00e9 tudo verdade!<\/p>\n\n\n\n<h4 class=\"wp-block-heading\"><strong>Como Chegar?<\/strong><\/h4>\n\n\n\n<p>Duas op\u00e7\u00f5es:&nbsp;<\/p>\n\n\n\n<ol class=\"wp-block-list\">\n<li>Apanha o autocarro Ciampino Airlink at\u00e9 \u00e0 esta\u00e7\u00e3o de comboios de Ciampino. Apanha o comboio regional para Frascati.<\/li>\n\n\n\n<li>Apanha o autocarro local 520 para a Esta\u00e7\u00e3o de Comboios de Capannelle. Apanha o comboio regional para Frascati.<\/li>\n<\/ol>\n\n\n\n<p>Tempo de viagem: menos de uma hora.<\/p>\n","protected":false},"excerpt":{"rendered":"","protected":false},"author":9,"featured_media":489,"parent":296,"menu_order":0,"comment_status":"closed","ping_status":"closed","template":"","meta":{"_acf_changed":false,"footnotes":"","button_url":"https:\/\/www.tiqets.com\/pt\/airport-transfer-rome-ciampino-l205408\/?partner=romeinfo","ms_product_id":"","ms_product_name":"","ms_price":"","ms_currency":"","ms_rating_value":"","ms_review_count":"","rank_math_title":"Aeroporto de Ciampino (CIA) \u2013 O Que Saber Antes de Aterrar","rank_math_description":"Voas para Ciampino? Descobre como chegar rapidamente a Roma, onde apanhar o autocarro e o que esperar deste aeroporto pequeno mas movimentado."},"post-style":[],"producer":[32],"class_list":["post-330","page","type-page","status-publish","has-post-thumbnail"],"acf":[],"product_schema":{"ms_product_id":"","ms_product_name":"","ms_price":"","ms_currency":"","ms_rating_value":"","ms_review_count":""},"_links":{"self":[{"href":"https:\/\/www.rome.info\/pt\/wp-json\/wp\/v2\/pages\/330","targetHints":{"allow":["GET"]}}],"collection":[{"href":"https:\/\/www.rome.info\/pt\/wp-json\/wp\/v2\/pages"}],"about":[{"href":"https:\/\/www.rome.info\/pt\/wp-json\/wp\/v2\/types\/page"}],"author":[{"embeddable":true,"href":"https:\/\/www.rome.info\/pt\/wp-json\/wp\/v2\/users\/9"}],"replies":[{"embeddable":true,"href":"https:\/\/www.rome.info\/pt\/wp-json\/wp\/v2\/comments?post=330"}],"version-history":[{"count":1,"href":"https:\/\/www.rome.info\/pt\/wp-json\/wp\/v2\/pages\/330\/revisions"}],"predecessor-version":[{"id":363,"href":"https:\/\/www.rome.info\/pt\/wp-json\/wp\/v2\/pages\/330\/revisions\/363"}],"up":[{"embeddable":true,"href":"https:\/\/www.rome.info\/pt\/wp-json\/wp\/v2\/pages\/296"}],"wp:featuredmedia":[{"embeddable":true,"href":"https:\/\/www.rome.info\/pt\/wp-json\/wp\/v2\/media\/489"}],"wp:attachment":[{"href":"https:\/\/www.rome.info\/pt\/wp-json\/wp\/v2\/media?parent=330"}],"wp:term":[{"taxonomy":"post-style","embeddable":true,"href":"https:\/\/www.rome.info\/pt\/wp-json\/wp\/v2\/post-style?post=330"},{"taxonomy":"producer","embeddable":true,"href":"https:\/\/www.rome.info\/pt\/wp-json\/wp\/v2\/producer?post=330"}],"curies":[{"name":"wp","href":"https:\/\/api.w.org\/{rel}","templated":true}]}}