{"id":329,"date":"2026-04-25T18:28:45","date_gmt":"2026-04-25T16:28:45","guid":{"rendered":"https:\/\/www.rome.info\/pt\/?page_id=329"},"modified":"2026-04-27T14:19:09","modified_gmt":"2026-04-27T12:19:09","slug":"passes-de-transporte","status":"publish","type":"page","link":"https:\/\/www.rome.info\/pt\/transportes\/passes-de-transporte\/","title":{"rendered":"Passes de Transporte em Roma"},"content":{"rendered":"\n<p class=\"is-style-lead\">Queres tirar o m\u00e1ximo partido dos teus bilhetes de <a href=\"https:\/\/www.rome.info\/transport\/public-transport\/\">transporte p\u00fablico<\/a> em Roma? Vamos explicar-te os <a href=\"https:\/\/www.rome.info\/city-passes\/\">diferentes passes dispon\u00edveis<\/a>, analisando o pre\u00e7o, a validade e a forma de os usar para te ajudar a encontrar o bilhete certo para a tua viagem.<\/p>\n\n\n\n<div data-tiqets-widget=\"discovery\" data-cards-layout=\"responsive\" data-slug-ids=\"pro974091,pro975066,pro975058\" data-partner=\"romeinfo\"><\/div>\n\n\n\n<h2 class=\"wp-block-heading\">Tipos de Passes de Transporte em Roma<\/h2>\n\n\n\n<h3 class=\"wp-block-heading\">Passe Semanal da ATAC<\/h3>\n\n\n\n<p>Se queres uso ilimitado do sistema de <a href=\"https:\/\/www.rome.info\/transport\/public-transport\/\">transportes<\/a> p\u00fablicos da Cidade Eterna \u2014 incluindo o <a href=\"https:\/\/www.rome.info\/transport\/public-transport\/metro\/\">metro<\/a>, <a href=\"https:\/\/www.rome.info\/transport\/public-transport\/bus\/\">autocarros<\/a>, <a href=\"https:\/\/www.rome.info\/transport\/public-transport\/tram\/\">el\u00e9tricos<\/a> e alguns <a href=\"https:\/\/www.rome.info\/transport\/trains\/\">comboios<\/a> urbanos \u2014 durante uma semana inteira, este passe da ATAC d\u00e1-te exatamente o que procuras.<\/p>\n\n\n\n<p>Uma vez validado, podes usar o passe por sete dias completos (at\u00e9 \u00e0 meia-noite do \u00faltimo dia). Com este passe, podes usar o metro e os autocarros sem teres de te preocupar em comprar v\u00e1rios bilhetes ou correr para comprar um antes de partir.<\/p>\n\n\n\n<p>Tem em aten\u00e7\u00e3o que precisarias de usar bastante os transportes p\u00fablicos para que seja um bom investimento. Com este bilhete \u00fanico e grande parte do centro hist\u00f3rico de Roma muito acess\u00edvel a p\u00e9, \u00e9 incomum que o passe semanal compense o seu custo.<\/p>\n\n\n\n<h3 class=\"wp-block-heading\"><a href=\"https:\/\/www.rome.info\/city-passes\/roma-pass\/\" data-type=\"link\" data-id=\"https:\/\/www.rome.info\/city-passes\/roma-pass\/\">Roma Pass<\/a><\/h3>\n\n\n\n<img decoding=\"async\" class=\"gb-media-b35be23e\" alt=\"\" src=\"https:\/\/www.rome.info\/wp-content\/uploads\/roma-pass-1747300131.jpg\" title=\"roma-pass-1747300131\"\/>\n\n\n\n<p>O melhor passe tur\u00edstico em termos de custo-benef\u00edcio de Roma inclui uso ilimitado dos transportes p\u00fablicos no seu pre\u00e7o. Embora s\u00f3 possas escolher entre um passe de dois ou tr\u00eas dias, podes aproveitar muito esses dias. Se est\u00e1s em Roma apenas por um fim de semana, \u00e9 a quantidade de tempo perfeita.<\/p>\n\n\n\n<p>O Roma Pass d\u00e1-te entrada em dois locais principais, bem como pre\u00e7os reduzidos em muitas outras <a href=\"https:\/\/www.rome.info\/attractions\/\">atra\u00e7\u00f5es<\/a> e <a href=\"https:\/\/www.rome.info\/attractions\/t\/museums\/\">museus<\/a>. O melhor valor \u00e9 o Roma Pass de 48 horas.<\/p>\n\n\n\n<p>Se planeias visitar de qualquer forma as <a href=\"https:\/\/www.rome.info\/attractions\/\">atra\u00e7\u00f5es<\/a> listadas no Roma Pass, \u00e9 realmente uma escolha \u00f3bvia. Podes comprar o passe online, mas \u00e9 mais f\u00e1cil obt\u00ea-lo num posto de informa\u00e7\u00e3o tur\u00edstica na cidade.<\/p>\n\n\n\n<p><a href=\"https:\/\/www.rome.info\/city-passes\/roma-pass\/\" data-type=\"link\" data-id=\"https:\/\/www.rome.info\/city-passes\/roma-pass\/\">Explora mais vantagens do Roma Pass -><\/a><\/p>\n\n\n\n<h3 class=\"wp-block-heading\">MetroBus<\/h3>\n\n\n\n<p>Se o passe semanal \u00e9 demasiado longo, mas ainda queres a comodidade do uso ilimitado, um passe MetroBus pode ser a solu\u00e7\u00e3o perfeita.<\/p>\n\n\n\n<p>Podes comprar um passe Metrobus de um dia, dois dias ou tr\u00eas dias, todos os quais te garantem uso ilimitado de <a href=\"https:\/\/www.rome.info\/transport\/public-transport\/bus\/\">autocarros<\/a>, <a href=\"https:\/\/www.rome.info\/transport\/public-transport\/tram\/\">el\u00e9tricos<\/a> e <a href=\"https:\/\/www.rome.info\/transport\/public-transport\/metro\/\">linhas de metro<\/a>, bem como algumas linhas de comboio urbano durante a validade do bilhete.<\/p>\n\n\n\n<p>Como o passe semanal, a menos que uses muito os transportes p\u00fablicos \u2014 se ficas fora do centro, por exemplo \u2014 estes frequentemente n\u00e3o representam bom valor para o dinheiro.<\/p>\n\n\n\n<h3 class=\"wp-block-heading\">BIT<\/h3>\n\n\n\n<p>Um bilhete BIT de uso \u00fanico \u00e9 suficiente para cobrir a maioria das viagens em Roma, pois dura 100 minutos ap\u00f3s a valida\u00e7\u00e3o (e muito poucas viagens pela cidade demoram mais do que isso). Podes mesmo trocar de linhas de autocarro com o mesmo bilhete desde que fiques dentro dos 100 minutos.<\/p>\n\n\n\n<p>Se a viagem o exigisse, poderias apanhar o metro e depois um autocarro \u2014 embora seja importante lembrar que depois de sa\u00edres completamente do sistema de metro, n\u00e3o podes voltar a entrar pela porta, mesmo que ainda esteja dentro do per\u00edodo de validade.<\/p>\n\n\n\n<p>O bilhete BIT tem \u00f3timo valor. Podes us\u00e1-lo nos autocarros, el\u00e9tricos, metro e alguns comboios urbanos. Como os principais locais tur\u00edsticos s\u00e3o muito acess\u00edveis a p\u00e9, muitos visitantes v\u00e3o descobrir que usam o sistema de transportes apenas uma ou duas vezes por dia, no m\u00e1ximo; para estas pessoas, o bilhete BIT \u00e9 facilmente o melhor valor.<\/p>\n\n\n\n<p>No entanto, \u00e9 ligeiramente mais inconveniente do que ter um passe multidia, pois ter\u00e1s de comprar v\u00e1rios bilhetes, o que pode implicar desviar-te para encontrar uma tabacaria \u2014 inconveniente se est\u00e1s a correr para apanhar um autocarro!<\/p>\n\n\n\n<h2 class=\"wp-block-heading\">Informa\u00e7\u00e3o Geral<\/h2>\n\n\n\n<h3 class=\"wp-block-heading\">Onde Comprar?<\/h3>\n\n\n\n<p>Como mencionado, esta\u00e7\u00f5es de metro, grandes paragens de autocarro e tabacarias s\u00e3o bons locais para comprar bilhetes. As tabacarias s\u00e3o essencialmente jornaleiros identificados com um sinal &#8216;T&#8217;. Nas esta\u00e7\u00f5es de metro, podes usar uma m\u00e1quina de bilhetes ou, se houver uma dispon\u00edvel, ir ao balc\u00e3o de bilhetes.<\/p>\n\n\n\n<p>\u00c9 importante lembrar que n\u00e3o podes comprar bilhetes a bordo.<\/p>\n\n\n\n<p>Para o <a href=\"https:\/\/www.tiqets.com\/pt\/rome-attractions-c71631\/tickets-for-roma-pass-p974091\/?partner=romeinfo\" rel=\"noopener\">Roma Pass<\/a>, procura qualquer posto de informa\u00e7\u00e3o tur\u00edstica. Podes comprar um bilhete online, mas isso torna a obten\u00e7\u00e3o do bilhete f\u00edsico um pouco mais complicada.<\/p>\n\n\n\n<h3 class=\"wp-block-heading\">Que Meios de Transporte Est\u00e3o Inclu\u00eddos?<\/h3>\n\n\n\n<p>Os autocarros, el\u00e9tricos, metro e algumas linhas urbanas est\u00e3o inclu\u00eddos como parte da rede de transportes p\u00fablicos. Verifica o site da ATAC para confirmar se viajas fora do centro.<\/p>\n\n\n\n<h3 class=\"wp-block-heading\">Posso &#8216;Tocar e Ir&#8217; ou Obter Bilhetes no Telem\u00f3vel?<\/h3>\n\n\n\n<p>Os pagamentos sem contacto s\u00e3o cada vez mais comuns nas grandes cidades. Infelizmente, esta tend\u00eancia ainda n\u00e3o chegou completamente a Roma \u2014 \u00e9 uma cidade antiga, afinal! Embora n\u00e3o tenhas de pagar em \u00e1ureos de ouro, n\u00e3o podes comprar bilhetes nos autocarros e el\u00e9tricos tocando com o cart\u00e3o. \u00c9 uma op\u00e7\u00e3o no metro, no entanto; s\u00f3 n\u00e3o te esque\u00e7as de tocar de novo na porta ao sair.&nbsp;<\/p>\n\n\n\n<p>Os e-tickets s\u00e3o outra op\u00e7\u00e3o, pois podes comprar bilhetes e passes atrav\u00e9s de uma aplica\u00e7\u00e3o B+ como o <a href=\"http:\/\/www.mycicero.eu\/trasporto\/index.html\" rel=\"noopener\">myCicero<\/a>. Isso poupa-te a preocupa\u00e7\u00e3o de ter de correr para comprar um bilhete, e \u00e9 mais f\u00e1cil de controlar do que uma vers\u00e3o em papel!<\/p>\n\n\n\n<h2 class=\"wp-block-heading\">Como Usar<\/h2>\n\n\n\n<p>Para a maioria dos visitantes em Roma n\u00e3o \u00e9 t\u00e3o simples como tocar com o cart\u00e3o na entrada e na sa\u00edda \u2014 onde h\u00e1 validade do bilhete, h\u00e1 espa\u00e7o para confus\u00e3o.<\/p>\n\n\n\n<h3 class=\"wp-block-heading\">Como Ativar e Validar o Teu Bilhete?<\/h3>\n\n\n\n<p>Vamos focar-nos primeiro no bilhete mais utilizado, o BIT. Uma vez validado, podes viajar nos transportes p\u00fablicos durante 100 minutos.&nbsp;<\/p>\n\n\n\n<p>\u00c9 mais f\u00e1cil no metro, onde simplesmente passar por um dos torniquetes valida o bilhete. Nos autocarros e el\u00e9tricos, procura uma pequena m\u00e1quina amarela a bordo; insere o bilhete e ser\u00e1 carimbado com uma hora, o que significa que o teu bilhete est\u00e1 agora validado. Se tens um e-ticket, um bilhete simples para o autocarro deve ser validado lendo um C\u00f3digo QR.<\/p>\n\n\n\n<p>Para outros passes multidia, ainda precisas de os carimbar (ou pass\u00e1-los por uma porta do metro) para ativar o passe. Depois de um passe ser validado, n\u00e3o precisas de o validar novamente cada vez que subes; basta manter o passe contigo, pronto para mostrar a quaisquer fiscais que subam.<\/p>\n\n\n\n<p>O Roma Pass \u00e9 v\u00e1lido a partir do primeiro uso (pode ser a primeira atra\u00e7\u00e3o se aconteceu antes de usares os transportes p\u00fablicos) e deve ser mantido contigo o tempo todo, como os passes multidia.&nbsp;<\/p>\n\n\n\n<h2 class=\"wp-block-heading\">Dicas para Usar os Passes de Transporte em Roma<\/h2>\n\n\n\n<p>Aqui ficam algumas dicas sobre como tirar o m\u00e1ximo partido do bilhete que escolheres:<\/p>\n\n\n\n<ul class=\"wp-block-list\">\n<li><strong>N\u00e3o sobrestimes a quantidade que vais us\u00e1-lo.<\/strong> Grande parte de Roma \u00e9 acess\u00edvel a p\u00e9, especialmente se planeias ficar no centro hist\u00f3rico. N\u00e3o partas do princ\u00edpio que o passe semanal ser\u00e1 o melhor valor se planeias ver apenas os principais monumentos; podes us\u00e1-lo muito menos do que esperas!&nbsp;<\/li>\n\n\n\n<li><strong>Lembra-te sempre de validar.<\/strong> O bilhete n\u00e3o ser\u00e1 verificado em todas as viagens, mas os controlos acontecem regularmente. Simplesmente ter um bilhete n\u00e3o \u00e9 suficiente para evitar uma multa pesada \u2014 tens de o validar tamb\u00e9m.<\/li>\n\n\n\n<li><strong>Guarda o passe num local seguro.<\/strong> Pode parecer \u00f3bvio, mas \u00e9 f\u00e1cil deixar cair um pequeno bilhete de papel da mala ou deix\u00e1-lo acidentalmente no hotel se est\u00e1s a usar um passe por v\u00e1rios dias! Uma pequena mala transversal \u00e9 sempre uma boa ideia, pois \u00e9 mais segura contra carteiristas.<\/li>\n\n\n\n<li><strong>Compra v\u00e1rios bilhetes simples de uma vez.<\/strong> Se s\u00f3 planeias usar bilhetes BIT (que \u00e9 a op\u00e7\u00e3o de melhor valor para a maioria dos visitantes), compra alguns de uma vez. Ter alguns bilhetes prontos vai poupar-te de procurar uma tabacaria se est\u00e1s a correr para o autocarro.<\/li>\n\n\n\n<li><strong>Roma Pass para novos visitantes.<\/strong> Se nunca foste a Roma e planeias visitar os principais monumentos, considera o Roma Pass. Pode n\u00e3o valer a pena para alguns visitantes experientes, mas tem \u00f3timo valor se planeias ir \u00e0s atra\u00e7\u00f5es de qualquer forma.<\/li>\n<\/ul>\n","protected":false},"excerpt":{"rendered":"","protected":false},"author":9,"featured_media":488,"parent":295,"menu_order":0,"comment_status":"closed","ping_status":"closed","template":"","meta":{"_acf_changed":false,"footnotes":"","button_url":"https:\/\/www.tiqets.com\/pt\/rome-city-cards-l201350\/?partner=romeinfo","ms_product_id":"","ms_product_name":"","ms_price":"","ms_currency":"","ms_rating_value":"","ms_review_count":"","rank_math_title":"Passes e Bilhetes de Transporte em Roma: Qual Comprar?","rank_math_description":"Descobre os melhores passes de transporte p\u00fablico em Roma. Compara bilhetes ATAC, Roma Pass, MetroBus e BIT para encontrar a op\u00e7\u00e3o ideal para a tua viagem."},"post-style":[],"producer":[37],"class_list":["post-329","page","type-page","status-publish","has-post-thumbnail"],"acf":[],"product_schema":{"ms_product_id":"","ms_product_name":"","ms_price":"","ms_currency":"","ms_rating_value":"","ms_review_count":""},"_links":{"self":[{"href":"https:\/\/www.rome.info\/pt\/wp-json\/wp\/v2\/pages\/329","targetHints":{"allow":["GET"]}}],"collection":[{"href":"https:\/\/www.rome.info\/pt\/wp-json\/wp\/v2\/pages"}],"about":[{"href":"https:\/\/www.rome.info\/pt\/wp-json\/wp\/v2\/types\/page"}],"author":[{"embeddable":true,"href":"https:\/\/www.rome.info\/pt\/wp-json\/wp\/v2\/users\/9"}],"replies":[{"embeddable":true,"href":"https:\/\/www.rome.info\/pt\/wp-json\/wp\/v2\/comments?post=329"}],"version-history":[{"count":3,"href":"https:\/\/www.rome.info\/pt\/wp-json\/wp\/v2\/pages\/329\/revisions"}],"predecessor-version":[{"id":551,"href":"https:\/\/www.rome.info\/pt\/wp-json\/wp\/v2\/pages\/329\/revisions\/551"}],"up":[{"embeddable":true,"href":"https:\/\/www.rome.info\/pt\/wp-json\/wp\/v2\/pages\/295"}],"wp:featuredmedia":[{"embeddable":true,"href":"https:\/\/www.rome.info\/pt\/wp-json\/wp\/v2\/media\/488"}],"wp:attachment":[{"href":"https:\/\/www.rome.info\/pt\/wp-json\/wp\/v2\/media?parent=329"}],"wp:term":[{"taxonomy":"post-style","embeddable":true,"href":"https:\/\/www.rome.info\/pt\/wp-json\/wp\/v2\/post-style?post=329"},{"taxonomy":"producer","embeddable":true,"href":"https:\/\/www.rome.info\/pt\/wp-json\/wp\/v2\/producer?post=329"}],"curies":[{"name":"wp","href":"https:\/\/api.w.org\/{rel}","templated":true}]}}