{"id":328,"date":"2026-04-25T18:28:43","date_gmt":"2026-04-25T16:28:43","guid":{"rendered":"https:\/\/www.rome.info\/pt\/?page_id=328"},"modified":"2026-04-27T14:19:08","modified_gmt":"2026-04-27T12:19:08","slug":"comboios","status":"publish","type":"page","link":"https:\/\/www.rome.info\/pt\/transportes\/comboios\/","title":{"rendered":"Comboios em Roma"},"content":{"rendered":"\n<figure><div class=\"ms-credits\">\n<img decoding=\"async\" class=\"gb-media-541fa23f\" alt=\"Multid\u00f5es a entrar na esta\u00e7\u00e3o Roma Termini.\" src=\"https:\/\/www.rome.info\/wp-content\/uploads\/rome-termini-station-entrance-1747627223.jpg\" title=\"rome-termini-station-entrance-1747627223\" \/>\n<span class='ms-credits__info' id='media2912'><svg xmlns=\"http:\/\/www.w3.org\/2000\/svg\" width=\"20\" height=\"22\" fill=\"#000000\" viewBox=\"0 0 256 256\"><path d=\"M128,24A104,104,0,1,0,232,128,104.11,104.11,0,0,0,128,24Zm0,192a88,88,0,1,1,88-88A88.1,88.1,0,0,1,128,216ZM96,128a32,32,0,0,0,57.6,19.2,8,8,0,0,1,12.8,9.61,48,48,0,1,1,0-57.62,8,8,0,0,1-12.8,9.61A32,32,0,0,0,96,128Z\"><\/path><\/svg>a_medvedkov\/<a href=https:\/\/depositphotos.com\/editorial\/roma-termini-station-181774346.html rel='nofollow' target='_blank'>Depositphotos<\/a><\/span><span class='ms-credits__btn' id='btn_media2912' onclick='ms_credits_trigger(\"#media2912\", this)'><svg xmlns=\"http:\/\/www.w3.org\/2000\/svg\" class=\"info_icon\" width=\"28\" height=\"28\" fill=\"#FFF\" viewBox=\"0 0 256 256\"><path d=\"M128,24A104,104,0,1,0,232,128,104.11,104.11,0,0,0,128,24Zm0,192a88,88,0,1,1,88-88A88.1,88.1,0,0,1,128,216Zm16-40a8,8,0,0,1-8,8,16,16,0,0,1-16-16V128a8,8,0,0,1,0-16,16,16,0,0,1,16,16v40A8,8,0,0,1,144,176ZM112,84a12,12,0,1,1,12,12A12,12,0,0,1,112,84Z\"><\/path><\/svg><svg xmlns=\"http:\/\/www.w3.org\/2000\/svg\" class=\"close_icon\" width=\"28\" height=\"28\" fill=\"#FFF\" viewBox=\"0 0 256 256\"><path d=\"M165.66,101.66,139.31,128l26.35,26.34a8,8,0,0,1-11.32,11.32L128,139.31l-26.34,26.35a8,8,0,0,1-11.32-11.32L116.69,128,90.34,101.66a8,8,0,0,1,11.32-11.32L128,116.69l26.34-26.35a8,8,0,0,1,11.32,11.32ZM232,128A104,104,0,1,1,128,24,104.11,104.11,0,0,1,232,128Zm-16,0a88,88,0,1,0-88,88A88.1,88.1,0,0,0,216,128Z\"><\/path><\/svg><\/span><\/div>\n\n\n<figcaption class=\"gb-text\">O principal hub ferrovi\u00e1rio de Roma, a Esta\u00e7\u00e3o Termini.<\/figcaption>\n<\/figure>\n\n\n\n<p class=\"is-style-lead\">Os comboios podem n\u00e3o ser o teu meio de transporte mais usado enquanto est\u00e1s em Roma, mas ainda vale a pena familiarizar-te com o sistema.&nbsp;<\/p>\n\n\n\n<p class=\"is-style-default\">Quer queiras viajar mais longe em It\u00e1lia ou simplesmente chegar ao centro a partir do aeroporto, \u00e9 \u00fatil saber mais sobre a rede ferrovi\u00e1ria da cidade.<\/p>\n\n\n\n<h2 class=\"wp-block-heading\">Esta\u00e7\u00f5es Ferrovi\u00e1rias de Roma<\/h2>\n\n\n\n<p>Como seria de esperar, as esta\u00e7\u00f5es ferrovi\u00e1rias normais em Roma n\u00e3o s\u00e3o t\u00e3o abrangentes como as esta\u00e7\u00f5es de <a href=\"https:\/\/www.rome.info\/transport\/public-transport\/metro\/\">metro<\/a>. H\u00e1 apenas um punhado no centro de Roma e ainda menos relevantes para os turistas.<\/p>\n\n\n\n<ul class=\"wp-block-list\">\n<li><strong>A Esta\u00e7\u00e3o Termini<\/strong> \u00e9 a principal esta\u00e7\u00e3o ferrovi\u00e1ria de Roma<strong> <\/strong>\u2014 mais sobre isso adiante \u2014 e a que a maioria dos visitantes vai conhecer, mas h\u00e1 algumas outras que podes encontrar.<\/li>\n\n\n\n<li><strong>Esta\u00e7\u00e3o de Trastevere<\/strong>. O bairro arborizado e bo\u00e9mio de Trastevere em Roma tem a sua pr\u00f3pria esta\u00e7\u00e3o, que opera principalmente servi\u00e7os ferrovi\u00e1rios regionais e suburbanos. \u00c9 pr\u00e1tico para chegar a este popular bairro, que n\u00e3o \u00e9 acess\u00edvel de metro, e fica na linha FL1 a partir do Aeroporto de Fiumicino.<\/li>\n\n\n\n<li><strong>Esta\u00e7\u00e3o Ostiense.<\/strong> Perto fica Ostiense, a uma curta dist\u00e2ncia do rio de Trastevere. Outra esta\u00e7\u00e3o, S\u00e3o Paulo, fica apenas ao dobrar da esquina. Ambas operam linhas regionais e ficam perto de Testaccio e das Termas de Caracala.&nbsp;<\/li>\n\n\n\n<li><strong>Esta\u00e7\u00e3o Tiburtina.<\/strong> Tiburtina \u00e9 uma das maiores esta\u00e7\u00f5es ferrovi\u00e1rias de Roma, mas provavelmente n\u00e3o estar\u00e1 no radar da maioria dos visitantes. Fica um pouco mais longe do centro do que a maioria das pessoas se aventura \u2014 embora comboios de alta velocidade e linhas nacionais partam daqui, \u00e9 mais prov\u00e1vel que viajes a partir de Termini.<\/li>\n\n\n\n<li><strong>Porta San Pietro.<\/strong> Esta \u00e9 uma esta\u00e7\u00e3o menor do que as outras listadas aqui, mas S\u00e3o Pedro tem algumas liga\u00e7\u00f5es de transporte \u00fateis. \u00c9 mais not\u00e1vel pela sua localiza\u00e7\u00e3o perto do Vaticano, mas tamb\u00e9m \u00e9 conhecida pela sua liga\u00e7\u00e3o \u00e0 cidade portu\u00e1ria de Civitavecchia.<\/li>\n\n\n\n<li><strong>Ostia Antica.<\/strong> Esta pequena esta\u00e7\u00e3o n\u00e3o est\u00e1 tecnicamente dentro dos limites da cidade de Roma, mas fica apenas a 30 minutos de comboio de Ostiense. Ostia \u00e9 uma cidade portu\u00e1ria antiga e foi um importante centro de com\u00e9rcio na sociedade da Roma Antiga. Vale muito a pena a curta viagem.<\/li>\n<\/ul>\n\n\n\n<h2 class=\"wp-block-heading\">Esta\u00e7\u00e3o Termini<\/h2>\n\n\n\n<p>A Esta\u00e7\u00e3o Termini \u00e9 a maior esta\u00e7\u00e3o ferrovi\u00e1ria de Roma e o principal hub de transportes da cidade. Se todos os caminhos levam a Roma, ent\u00e3o todas as linhas ferrovi\u00e1rias levam \u00e0 Esta\u00e7\u00e3o Termini (bem, mais ou menos).<\/p>\n\n\n\n<figure><div class=\"ms-credits\">\n<img decoding=\"async\" class=\"gb-media-59c22d4a\" alt=\"Viajantes a caminhar pela zona de compras e restaura\u00e7\u00e3o da esta\u00e7\u00e3o Roma Termini.\" src=\"https:\/\/www.rome.info\/wp-content\/uploads\/rome-termini-shopping-dining-area-1747645636.jpg\" title=\"rome-termini-shopping-dining-area-1747645636\" \/>\n<span class='ms-credits__info' id='media2939'><svg xmlns=\"http:\/\/www.w3.org\/2000\/svg\" width=\"20\" height=\"22\" fill=\"#000000\" viewBox=\"0 0 256 256\"><path d=\"M128,24A104,104,0,1,0,232,128,104.11,104.11,0,0,0,128,24Zm0,192a88,88,0,1,1,88-88A88.1,88.1,0,0,1,128,216ZM96,128a32,32,0,0,0,57.6,19.2,8,8,0,0,1,12.8,9.61,48,48,0,1,1,0-57.62,8,8,0,0,1-12.8,9.61A32,32,0,0,0,96,128Z\"><\/path><\/svg> Polifoto\/<a href=https:\/\/depositphotos.com\/editorial\/rome-italy-june-2023-new-commercial-spaces-have-been-opened-662630218.html rel='nofollow' target='_blank'>Depositphotos<\/a><\/span><span class='ms-credits__btn' id='btn_media2939' onclick='ms_credits_trigger(\"#media2939\", this)'><svg xmlns=\"http:\/\/www.w3.org\/2000\/svg\" class=\"info_icon\" width=\"28\" height=\"28\" fill=\"#FFF\" viewBox=\"0 0 256 256\"><path d=\"M128,24A104,104,0,1,0,232,128,104.11,104.11,0,0,0,128,24Zm0,192a88,88,0,1,1,88-88A88.1,88.1,0,0,1,128,216Zm16-40a8,8,0,0,1-8,8,16,16,0,0,1-16-16V128a8,8,0,0,1,0-16,16,16,0,0,1,16,16v40A8,8,0,0,1,144,176ZM112,84a12,12,0,1,1,12,12A12,12,0,0,1,112,84Z\"><\/path><\/svg><svg xmlns=\"http:\/\/www.w3.org\/2000\/svg\" class=\"close_icon\" width=\"28\" height=\"28\" fill=\"#FFF\" viewBox=\"0 0 256 256\"><path d=\"M165.66,101.66,139.31,128l26.35,26.34a8,8,0,0,1-11.32,11.32L128,139.31l-26.34,26.35a8,8,0,0,1-11.32-11.32L116.69,128,90.34,101.66a8,8,0,0,1,11.32-11.32L128,116.69l26.34-26.35a8,8,0,0,1,11.32,11.32ZM232,128A104,104,0,1,1,128,24,104.11,104.11,0,0,1,232,128Zm-16,0a88,88,0,1,0-88,88A88.1,88.1,0,0,0,216,128Z\"><\/path><\/svg><\/span><\/div>\n\n\n<figcaption class=\"gb-text\">A Esta\u00e7\u00e3o Termini \u00e9 mais do que apenas uma esta\u00e7\u00e3o. Lojas, caf\u00e9s e restaurantes enchem os seus tr\u00eas andares.<\/figcaption>\n<\/figure>\n\n\n\n<p>\u00c9 uma esta\u00e7\u00e3o extensa, e podes ser perdoado por pensar que \u00e9 um centro comercial \u00e0 primeira vista. Tem tr\u00eas andares, embora o terceiro seja principalmente para restaura\u00e7\u00e3o; podes fazer compras, relaxar num caf\u00e9 ou fazer uma refei\u00e7\u00e3o completa \u2014 h\u00e1 muito para fazer enquanto esperas por um comboio.<\/p>\n\n\n\n<h3 class=\"wp-block-heading\">Chegar a Termini a partir do Aeroporto<\/h3>\n\n\n\n<p>Embora tenha liga\u00e7\u00f5es dentro da capital, geralmente para os visitantes a Esta\u00e7\u00e3o Termini \u00e9 onde v\u00e3o para viajar para outras partes de It\u00e1lia ou para o aeroporto.<\/p>\n\n\n\n<figure><div class=\"ms-credits\">\n<img decoding=\"async\" class=\"gb-media-64fa6042\" alt=\"Comboio Leonardo Express da Trenitalia do tipo Jazz Alstom Coradia Meridian na esta\u00e7\u00e3o ferrovi\u00e1ria de Roma Fiumicino Aeroporto em Roma.\" src=\"https:\/\/www.rome.info\/wp-content\/uploads\/rome-leonardo-express-train-1747627220.jpg\" title=\"rome-leonardo-express-train-1747627220\" \/>\n<span class='ms-credits__info' id='media2911'><svg xmlns=\"http:\/\/www.w3.org\/2000\/svg\" width=\"20\" height=\"22\" fill=\"#000000\" viewBox=\"0 0 256 256\"><path d=\"M128,24A104,104,0,1,0,232,128,104.11,104.11,0,0,0,128,24Zm0,192a88,88,0,1,1,88-88A88.1,88.1,0,0,1,128,216ZM96,128a32,32,0,0,0,57.6,19.2,8,8,0,0,1,12.8,9.61,48,48,0,1,1,0-57.62,8,8,0,0,1-12.8,9.61A32,32,0,0,0,96,128Z\"><\/path><\/svg>Boarding2Now\/<a href=https:\/\/depositphotos.com\/editorial\/rome-italy-march-2025-leonardo-express-train-trenitalia-type-jazz-809198202.html rel='nofollow' target='_blank'>Depositphotos<\/a><\/span><span class='ms-credits__btn' id='btn_media2911' onclick='ms_credits_trigger(\"#media2911\", this)'><svg xmlns=\"http:\/\/www.w3.org\/2000\/svg\" class=\"info_icon\" width=\"28\" height=\"28\" fill=\"#FFF\" viewBox=\"0 0 256 256\"><path d=\"M128,24A104,104,0,1,0,232,128,104.11,104.11,0,0,0,128,24Zm0,192a88,88,0,1,1,88-88A88.1,88.1,0,0,1,128,216Zm16-40a8,8,0,0,1-8,8,16,16,0,0,1-16-16V128a8,8,0,0,1,0-16,16,16,0,0,1,16,16v40A8,8,0,0,1,144,176ZM112,84a12,12,0,1,1,12,12A12,12,0,0,1,112,84Z\"><\/path><\/svg><svg xmlns=\"http:\/\/www.w3.org\/2000\/svg\" class=\"close_icon\" width=\"28\" height=\"28\" fill=\"#FFF\" viewBox=\"0 0 256 256\"><path d=\"M165.66,101.66,139.31,128l26.35,26.34a8,8,0,0,1-11.32,11.32L128,139.31l-26.34,26.35a8,8,0,0,1-11.32-11.32L116.69,128,90.34,101.66a8,8,0,0,1,11.32-11.32L128,116.69l26.34-26.35a8,8,0,0,1,11.32,11.32ZM232,128A104,104,0,1,1,128,24,104.11,104.11,0,0,1,232,128Zm-16,0a88,88,0,1,0-88,88A88.1,88.1,0,0,0,216,128Z\"><\/path><\/svg><\/span><\/div>\n\n\n<figcaption class=\"gb-text\">O Leonardo Express no Aeroporto de Fiumicino \u00e9 a liga\u00e7\u00e3o ferrovi\u00e1ria mais r\u00e1pida entre o aeroporto e a Esta\u00e7\u00e3o Termini.<\/figcaption>\n<\/figure>\n\n\n\n<p>Fica a 35 km do <a href=\"https:\/\/www.rome.info\/airport\/fiumicino\/\">Aeroporto de Fiumicino<\/a> e cerca de 30 minutos de comboio. Podes chegar a Termini a partir de Fiumicino atrav\u00e9s do Comboio Leonardo Express; \u00e9 a forma mais r\u00e1pida de chegar \u00e0 esta\u00e7\u00e3o a partir do aeroporto, mas custa o dobro das outras op\u00e7\u00f5es. A menos que estejas com pressa, pessoalmente n\u00e3o acho que vale a pena.<\/p>\n\n\n\n<p>Embora o comboio regional FL1 n\u00e3o te leve diretamente a Termini, chega ao centro de Roma. Podes sair em Trastevere, por exemplo, e caminhar para o centro a partir da\u00ed (ou apanhar um t\u00e1xi).<\/p>\n\n\n\n<h3 class=\"wp-block-heading\">Chega cedo<\/h3>\n\n\n\n<p>Se partes da Esta\u00e7\u00e3o Termini, vale a pena chegar cerca de 15-20 minutos antes da hora de partida do teu comboio. Esta \u00e9 uma das maiores esta\u00e7\u00f5es ferrovi\u00e1rias da Europa \u2014 se a tua plataforma de comboio estiver do outro lado da esta\u00e7\u00e3o, vais precisar dos minutos extra para a alcan\u00e7ar.<\/p>\n\n\n\n<p>Isso tamb\u00e9m tornar\u00e1 tudo menos stressante; precisas desse tempo extra para te orientares, verificares os pain\u00e9is de partidas e encontrares a tua plataforma. Se precisas de comprar o bilhete \u00e0 chegada, acrescenta mais cinco minutos.<\/p>\n\n\n\n<h2 class=\"wp-block-heading\">Tipos de Comboios&nbsp;<\/h2>\n\n\n\n<p>Al\u00e9m do metro, existem alguns tipos diferentes de comboios em Roma. Pode parecer uma lista intimidante, mas na realidade as diferen\u00e7as s\u00e3o m\u00ednimas; resume-se principalmente \u00e0 velocidade e \u00e0 \u00e1rea coberta.<\/p>\n\n\n\n<ul class=\"wp-block-list\">\n<li><strong>Nacionais.<\/strong> Para viagens de longa dist\u00e2ncia, como ir de Roma a N\u00e1poles.<\/li>\n\n\n\n<li><strong>Comboios de Alta Velocidade.<\/strong> Roma \u00e9 um importante hub para servi\u00e7os de comboio de alta velocidade em It\u00e1lia. Comboios como Frecciarossa, Frecciargento e Italo operam a partir das principais esta\u00e7\u00f5es ferrovi\u00e1rias de Roma.<\/li>\n\n\n\n<li><strong>Comboios Urbanos e Suburbanos.<\/strong> Roma tem v\u00e1rias linhas ferrovi\u00e1rias urbanas que ligam a cidade com os seus sub\u00farbios e cidades pr\u00f3ximas. Estes comboios s\u00e3o maioritariamente usados por pendulares que viajam entre \u00e1reas residenciais e centros urbanos ou por passageiros em viagens mais curtas dentro da cidade. T\u00eam muitas paragens, por isso n\u00e3o s\u00e3o os mais r\u00e1pidos.<\/li>\n\n\n\n<li><strong>Comboios Regionais.<\/strong> Os comboios regionais s\u00e3o na verdade uma mistura de comboios locais e suburbanos e linhas que v\u00e3o um pouco mais longe \u2014 n\u00e3o s\u00e3o apenas para pendulares. A maioria destes comboios \u00e9 operada pela Trenitalia.<\/li>\n\n\n\n<li><strong>Comboios Intercity.<\/strong> Os comboios intercity cobrem dist\u00e2ncias m\u00e9dias a longas, ligando cidades e vilas principais. Oferecem uma alternativa ligeiramente mais lenta mas mais acess\u00edvel aos comboios de alta velocidade.<\/li>\n<\/ul>\n\n\n\n<figure><div class=\"ms-credits\">\n<img decoding=\"async\" class=\"gb-media-2a404882\" alt=\"Comboio de alta velocidade Frecciarossa da Trenitalia numa plataforma em Roma.\" src=\"https:\/\/www.rome.info\/wp-content\/uploads\/rome-frecciarossa-high-speed-train-1747640457.jpg\" title=\"rome-frecciarossa-high-speed-train-1747640457\" \/>\n<span class='ms-credits__info' id='media2927'><svg xmlns=\"http:\/\/www.w3.org\/2000\/svg\" width=\"20\" height=\"22\" fill=\"#000000\" viewBox=\"0 0 256 256\"><path d=\"M128,24A104,104,0,1,0,232,128,104.11,104.11,0,0,0,128,24Zm0,192a88,88,0,1,1,88-88A88.1,88.1,0,0,1,128,216ZM96,128a32,32,0,0,0,57.6,19.2,8,8,0,0,1,12.8,9.61,48,48,0,1,1,0-57.62,8,8,0,0,1-12.8,9.61A32,32,0,0,0,96,128Z\"><\/path><\/svg>erix2005\/<a href=https:\/\/depositphotos.com\/editorial\/modern-train-in-rome-train-station-161757442.html rel='nofollow' target='_blank'>Depositphotos<\/a><\/span><span class='ms-credits__btn' id='btn_media2927' onclick='ms_credits_trigger(\"#media2927\", this)'><svg xmlns=\"http:\/\/www.w3.org\/2000\/svg\" class=\"info_icon\" width=\"28\" height=\"28\" fill=\"#FFF\" viewBox=\"0 0 256 256\"><path d=\"M128,24A104,104,0,1,0,232,128,104.11,104.11,0,0,0,128,24Zm0,192a88,88,0,1,1,88-88A88.1,88.1,0,0,1,128,216Zm16-40a8,8,0,0,1-8,8,16,16,0,0,1-16-16V128a8,8,0,0,1,0-16,16,16,0,0,1,16,16v40A8,8,0,0,1,144,176ZM112,84a12,12,0,1,1,12,12A12,12,0,0,1,112,84Z\"><\/path><\/svg><svg xmlns=\"http:\/\/www.w3.org\/2000\/svg\" class=\"close_icon\" width=\"28\" height=\"28\" fill=\"#FFF\" viewBox=\"0 0 256 256\"><path d=\"M165.66,101.66,139.31,128l26.35,26.34a8,8,0,0,1-11.32,11.32L128,139.31l-26.34,26.35a8,8,0,0,1-11.32-11.32L116.69,128,90.34,101.66a8,8,0,0,1,11.32-11.32L128,116.69l26.34-26.35a8,8,0,0,1,11.32,11.32ZM232,128A104,104,0,1,1,128,24,104.11,104.11,0,0,1,232,128Zm-16,0a88,88,0,1,0-88,88A88.1,88.1,0,0,0,216,128Z\"><\/path><\/svg><\/span><\/div>\n\n\n<figcaption class=\"gb-text\">Este \u00e9 um Frecciarossa \u2014 um dos comboios mais r\u00e1pidos de It\u00e1lia. \u00d3timo se viajas para longe, como Veneza ou N\u00e1poles.<\/figcaption>\n<\/figure>\n\n\n\n<h2 class=\"wp-block-heading\">Bilhetes e Tarifas de Comboio<\/h2>\n\n\n\n<p>Como os outros bilhetes de transporte p\u00fablico, as tarifas dos comboios em Roma s\u00e3o muito razo\u00e1veis. Tamb\u00e9m s\u00e3o f\u00e1ceis de comprar \u2014 podes comprar bilhetes na esta\u00e7\u00e3o, numa m\u00e1quina ou, nas esta\u00e7\u00f5es maiores, ao balc\u00e3o. Mas \u00e9 indiscutivelmente mais f\u00e1cil comprar bilhetes online com anteced\u00eancia.&nbsp;<\/p>\n\n\n\n<p>A maioria dos comboios \u00e9 operada pela <a href=\"https:\/\/www.trenitalia.com\/it.html\" rel=\"noopener\">Trenitalia<\/a>; podes descarregar a aplica\u00e7\u00e3o e mostrar o bilhete no telem\u00f3vel. Visita o site do <a href=\"https:\/\/www.italotreno.it\/en\" rel=\"noopener\">Italo<\/a> para bilhetes de comboio de alta velocidade. Se planeias uma viagem mais longa, pode ser mais f\u00e1cil reservar atrav\u00e9s do <a href=\"https:\/\/www.raileurope.com\/\" rel=\"noopener\">Rail Europe<\/a> ou do <a href=\"https:\/\/www.italiarail.com\/\" rel=\"noopener\">ItaliaRail<\/a>.<\/p>\n\n\n\n<p>Quanto \u00e0s op\u00e7\u00f5es de bilhetes; depender\u00e1 da dura\u00e7\u00e3o da viagem. Para comboios de longa dist\u00e2ncia, como uma viagem de Roma a Mil\u00e3o ou N\u00e1poles, deves comprar bilhetes com anteced\u00eancia; tanto pelo pre\u00e7o como pela disponibilidade.<\/p>\n\n\n\n<p>Est\u00e3o dispon\u00edveis descontos para pessoas com menos de 26 anos, s\u00e9niores e estudantes, e promo\u00e7\u00f5es para fam\u00edlias que viajam juntas. Verifica o site da empresa ferrovi\u00e1ria para detalhes exatos e pre\u00e7os, pois est\u00e3o sujeitos a altera\u00e7\u00f5es.<\/p>\n\n\n\n<p>Um bilhete simples ou de ida e volta comprado no pr\u00f3prio dia ser\u00e1 comum para viagens de curta a m\u00e9dia dura\u00e7\u00e3o. E embora a maioria fora da cidade n\u00e3o o fa\u00e7a, para viagens que caiam dentro dos par\u00e2metros certos, o cl\u00e1ssico B.I.T, ou bilhete de 100 minutos, funciona. A apenas 1,50 \u20ac, \u00e9 uma forma muito econ\u00f3mica de viajar em curtas dist\u00e2ncias.<\/p>\n\n\n\n<p>Alguns exemplos de destinos inclu\u00eddos nesta cobertura s\u00e3o Lido di Ostia, Viterbo e Giardinetti.<\/p>\n\n\n\n<h2 class=\"wp-block-heading\">Passes de Comboio<\/h2>\n\n\n\n<p>Como mencionado, um n\u00famero limitado de linhas ferrovi\u00e1rias est\u00e1 inclu\u00eddo na rede de transportes p\u00fablicos da ATAC, da cidade de Roma.&nbsp;<\/p>\n\n\n\n<p>A maioria das linhas ferrovi\u00e1rias n\u00e3o est\u00e1 inclu\u00edda nos principais <a href=\"https:\/\/www.rome.info\/city-passes\/\">passes tur\u00edsticos<\/a>, excetuando algumas viagens mais curtas para os sub\u00farbios; se ca\u00edrem dentro da rede de transportes da cidade de Roma, <em>devem<\/em> estar inclu\u00eddas. No entanto, vale sempre a pena verificar antes de embarcar em qualquer viagem.<\/p>\n\n\n\n<p>Para as linhas eleg\u00edveis, um <a href=\"https:\/\/www.rome.info\/city-passes\/roma-pass\/\">Roma Pass<\/a> permite-te viagens ilimitadas. Este cart\u00e3o tur\u00edstico concede acesso a alguns locais tur\u00edsticos diferentes e d\u00e1-te acesso ilimitado \u00e0 rede de transportes p\u00fablicos de Roma (autocarros, el\u00e9tricos, metro e alguns comboios). O passe de tr\u00eas dias custa 52 \u20ac e o Roma Pass de 42 horas est\u00e1 dispon\u00edvel por 32 \u20ac.<\/p>\n\n\n\n<p>Os visitantes que queiram explorar al\u00e9m de Roma e percorrer o pa\u00eds de comboio podem interessar-se pelo Eurail Italy Pass. Este passe \u00e9 v\u00e1lido apenas na rede Trenitalia, mas oferece viagens ferrovi\u00e1rias ilimitadas em It\u00e1lia durante 3, 4, 5 ou 8 dias, que podem ser usados ao longo de um m\u00eas.<\/p>\n\n\n\n<p>Um Trenitalia Pass destina-se a visitantes estrangeiros que viajam por It\u00e1lia; os pre\u00e7os come\u00e7am nos 129 \u20ac. O passe exato pode ser selecionado para se adequar \u00e0s tuas necessidades; escolhe entre as op\u00e7\u00f5es Easy, Comfort e Executive, escolhe o n\u00famero de viagens, variando entre 3, 4, 7 ou 10, e o tipo de passageiro: Adulto, S\u00e9nior ou Jovem. Podes viajar nos comboios Frecce, FrecciaLink, Intercity, Intercity Night e EuroCity It\u00e1lia-Su\u00ed\u00e7a (apenas em rotas nacionais dentro de It\u00e1lia).&nbsp;&nbsp;&nbsp;<\/p>\n\n\n\n<h2 class=\"wp-block-heading\">Acessibilidade&nbsp;<\/h2>\n\n\n\n<p>Roma n\u00e3o tem o melhor historial em termos de acessibilidade \u2014 embora esteja a melhorar.<\/p>\n\n\n\n<p>Praticamente todos os comboios de m\u00e9dia a longa dist\u00e2ncia s\u00e3o acess\u00edveis, incluindo as linhas Intercity. Torna-se um pouco menos previs\u00edvel para as linhas locais e regionais. A maioria dos comboios tem lugares designados para cadeiras de rodas \u2014 mas tens de notificar a empresa ferrovi\u00e1ria com 24 horas de anteced\u00eancia para reservar um. A viagem de \u00faltima hora n\u00e3o \u00e9 realmente uma op\u00e7\u00e3o.<\/p>\n\n\n\n<p>As linhas ferrovi\u00e1rias t\u00eam linhas telef\u00f3nicas para passageiros com necessidades de acessibilidade para colocar quest\u00f5es. Entrar em contacto com anteced\u00eancia para garantir a acessibilidade e permitir que fa\u00e7am os arranjos necess\u00e1rios \u00e9 a melhor aposta.<\/p>\n\n\n\n<p>H\u00e1 elevadores de cadeira de rodas em muitas esta\u00e7\u00f5es e casas de banho acess\u00edveis em muitos comboios. O braille pode ser encontrado em toda a sinal\u00e9tica dos comboios acess\u00edveis, e as esta\u00e7\u00f5es tomam medidas adicionais para garantir que s\u00e3o adequadas para pessoas com defici\u00eancia auditiva ou visual. Embora a rede ferrovi\u00e1ria em Roma e It\u00e1lia n\u00e3o seja perfeita, \u00e9 muito melhor do que costumava ser.<\/p>\n\n\n\n<h2 class=\"wp-block-heading\">Perguntas Frequentes<\/h2>\n\n\n\n<h3 class=\"wp-block-heading\">Como se chama o sistema ferrovi\u00e1rio de Roma?<\/h3>\n\n\n\n<p>Para n\u00e3o confundir com o sistema de metro de Roma, que \u00e9 simplesmente o metro, o sistema ferrovi\u00e1rio n\u00e3o tem um nome espec\u00edfico. As linhas ferrovi\u00e1rias ter\u00e3o nomes, como FL1, ou ser\u00e3o designadas como &#8216;locais&#8217; ou &#8216;regionais&#8217; \u2014 a maioria \u00e9 operada pela Trenitalia, por isso alguns podem referir-se a elas pelo nome da empresa.<\/p>\n\n\n\n<h3 class=\"wp-block-heading\">Qual \u00e9 a melhor esta\u00e7\u00e3o ferrovi\u00e1ria de Roma?<\/h3>\n\n\n\n<p>&#8216;Melhor&#8217; \u00e9 subjetivo, mas a maior esta\u00e7\u00e3o \u00e9 Termini, e tem de longe as maiores comodidades.<\/p>\n\n\n\n<h3 class=\"wp-block-heading\">Como se paga um comboio em Roma?<\/h3>\n\n\n\n<p>Podes comprar bilhetes na esta\u00e7\u00e3o, numa m\u00e1quina de bilhetes ou ao balc\u00e3o. Podes tamb\u00e9m comprar o bilhete na aplica\u00e7\u00e3o, o que \u00e9 f\u00e1cil e geralmente mais barato se comprado com anteced\u00eancia.<\/p>\n\n\n\n<h3 class=\"wp-block-heading\">Quais s\u00e3o as diferentes esta\u00e7\u00f5es ferrovi\u00e1rias de Roma?<\/h3>\n\n\n\n<p>Para ver todas as esta\u00e7\u00f5es ferrovi\u00e1rias de Roma, consulta um mapa nos sites das empresas ferrovi\u00e1rias. As esta\u00e7\u00f5es ferrovi\u00e1rias mais relevantes para os turistas em Roma s\u00e3o Termini, de longe a maior, e Trastevere, Ostiense e S\u00e3o Pedro.<\/p>\n\n","protected":false},"excerpt":{"rendered":"","protected":false},"author":9,"featured_media":487,"parent":295,"menu_order":0,"comment_status":"closed","ping_status":"closed","template":"","meta":{"_acf_changed":false,"footnotes":"","button_url":"https:\/\/www.tiqets.com\/pt\/rome-city-cards-l201350\/?partner=romeinfo","ms_product_id":"","ms_product_name":"","ms_price":"","ms_currency":"","ms_rating_value":"","ms_review_count":"","rank_math_title":"Comboios em Roma: Esta\u00e7\u00f5es, Bilhetes, Rotas &amp; Passes","rank_math_description":"Explora a rede de comboios de Roma: rotas, principais esta\u00e7\u00f5es, passes, dicas de viagem e como chegar do aeroporto \u00e0 Esta\u00e7\u00e3o Termini."},"post-style":[],"producer":[37],"class_list":["post-328","page","type-page","status-publish","has-post-thumbnail"],"acf":[],"product_schema":{"ms_product_id":"","ms_product_name":"","ms_price":"","ms_currency":"","ms_rating_value":"","ms_review_count":""},"_links":{"self":[{"href":"https:\/\/www.rome.info\/pt\/wp-json\/wp\/v2\/pages\/328","targetHints":{"allow":["GET"]}}],"collection":[{"href":"https:\/\/www.rome.info\/pt\/wp-json\/wp\/v2\/pages"}],"about":[{"href":"https:\/\/www.rome.info\/pt\/wp-json\/wp\/v2\/types\/page"}],"author":[{"embeddable":true,"href":"https:\/\/www.rome.info\/pt\/wp-json\/wp\/v2\/users\/9"}],"replies":[{"embeddable":true,"href":"https:\/\/www.rome.info\/pt\/wp-json\/wp\/v2\/comments?post=328"}],"version-history":[{"count":3,"href":"https:\/\/www.rome.info\/pt\/wp-json\/wp\/v2\/pages\/328\/revisions"}],"predecessor-version":[{"id":550,"href":"https:\/\/www.rome.info\/pt\/wp-json\/wp\/v2\/pages\/328\/revisions\/550"}],"up":[{"embeddable":true,"href":"https:\/\/www.rome.info\/pt\/wp-json\/wp\/v2\/pages\/295"}],"wp:featuredmedia":[{"embeddable":true,"href":"https:\/\/www.rome.info\/pt\/wp-json\/wp\/v2\/media\/487"}],"wp:attachment":[{"href":"https:\/\/www.rome.info\/pt\/wp-json\/wp\/v2\/media?parent=328"}],"wp:term":[{"taxonomy":"post-style","embeddable":true,"href":"https:\/\/www.rome.info\/pt\/wp-json\/wp\/v2\/post-style?post=328"},{"taxonomy":"producer","embeddable":true,"href":"https:\/\/www.rome.info\/pt\/wp-json\/wp\/v2\/producer?post=328"}],"curies":[{"name":"wp","href":"https:\/\/api.w.org\/{rel}","templated":true}]}}