{"id":327,"date":"2026-04-25T18:28:42","date_gmt":"2026-04-25T16:28:42","guid":{"rendered":"https:\/\/www.rome.info\/pt\/?page_id=327"},"modified":"2026-04-25T18:53:33","modified_gmt":"2026-04-25T16:53:33","slug":"taxi","status":"publish","type":"page","link":"https:\/\/www.rome.info\/pt\/transportes\/taxi\/","title":{"rendered":"T\u00e1xis em Roma"},"content":{"rendered":"<div class=\"ms-credits\">\n<img decoding=\"async\" class=\"gb-media-20bed321\" alt=\"T\u00e1xis brancos e autocarros em tr\u00e2nsito intenso numa rua movimentada no centro de Roma.\" src=\"https:\/\/www.rome.info\/wp-content\/uploads\/rome-taxi-1747631807.jpg\" title=\"rome-taxi-1747631807\" \/>\n<span class='ms-credits__info' id='media2922'><svg xmlns=\"http:\/\/www.w3.org\/2000\/svg\" width=\"20\" height=\"22\" fill=\"#000000\" viewBox=\"0 0 256 256\"><path d=\"M128,24A104,104,0,1,0,232,128,104.11,104.11,0,0,0,128,24Zm0,192a88,88,0,1,1,88-88A88.1,88.1,0,0,1,128,216ZM96,128a32,32,0,0,0,57.6,19.2,8,8,0,0,1,12.8,9.61,48,48,0,1,1,0-57.62,8,8,0,0,1-12.8,9.61A32,32,0,0,0,96,128Z\"><\/path><\/svg>BalkansCat\/<a href=https:\/\/depositphotos.com\/editorial\/rome-italy-june-2024-line-taxis-waiting-rome-city-center-766954600.html rel='nofollow' target='_blank'>Depositphotos<\/a><\/span><span class='ms-credits__btn' id='btn_media2922' onclick='ms_credits_trigger(\"#media2922\", this)'><svg xmlns=\"http:\/\/www.w3.org\/2000\/svg\" class=\"info_icon\" width=\"28\" height=\"28\" fill=\"#FFF\" viewBox=\"0 0 256 256\"><path d=\"M128,24A104,104,0,1,0,232,128,104.11,104.11,0,0,0,128,24Zm0,192a88,88,0,1,1,88-88A88.1,88.1,0,0,1,128,216Zm16-40a8,8,0,0,1-8,8,16,16,0,0,1-16-16V128a8,8,0,0,1,0-16,16,16,0,0,1,16,16v40A8,8,0,0,1,144,176ZM112,84a12,12,0,1,1,12,12A12,12,0,0,1,112,84Z\"><\/path><\/svg><svg xmlns=\"http:\/\/www.w3.org\/2000\/svg\" class=\"close_icon\" width=\"28\" height=\"28\" fill=\"#FFF\" viewBox=\"0 0 256 256\"><path d=\"M165.66,101.66,139.31,128l26.35,26.34a8,8,0,0,1-11.32,11.32L128,139.31l-26.34,26.35a8,8,0,0,1-11.32-11.32L116.69,128,90.34,101.66a8,8,0,0,1,11.32-11.32L128,116.69l26.34-26.35a8,8,0,0,1,11.32,11.32ZM232,128A104,104,0,1,1,128,24,104.11,104.11,0,0,1,232,128Zm-16,0a88,88,0,1,0-88,88A88.1,88.1,0,0,0,216,128Z\"><\/path><\/svg><\/span><\/div>\n\n\n<p class=\"is-style-lead\">Tentar usar t\u00e1xis num novo pa\u00eds \u2014 especialmente quando n\u00e3o falas o idioma \u2014 pode ser intimidante. Mas usar t\u00e1xis em Roma \u00e9 na verdade muito simples e pode ser uma forma mais confort\u00e1vel de <a href=\"https:\/\/www.rome.info\/pt\/transportes\/\">viajar para o teu destino<\/a>.<\/p>\n\n\n\n<p><strong>Dica:<\/strong> Se vais de ou para o aeroporto, uma <a href=\"https:\/\/www.rome.info\/pt\/aeroporto\/transferencia-aeroporto\/\">transfer\u00eancia para o aeroporto pr\u00e9-reservada<\/a> pode poupar-te tempo e evitar a fila de t\u00e1xi. Para circular pela cidade, o <a href=\"https:\/\/www.rome.info\/pt\/passes-turisticos\/roma-pass\/\">Roma Pass<\/a> inclui transportes p\u00fablicos ilimitados e entradas em atra\u00e7\u00f5es.<\/p>\n\n\n\n<p>Os t\u00e1xis da cidade de Roma s\u00e3o geralmente brancos e facilmente identific\u00e1veis com o sinal &#8216;TAXI&#8217; no telhado. Existem tamb\u00e9m aplica\u00e7\u00f5es de t\u00e1xi como FreeNow, Uber e appTaxi, etc.<\/p>\n\n\n\n<p>Vamos mostrar-te como usar t\u00e1xis em Roma, incluindo o processo de paragem, reserva, compreens\u00e3o das tarifas, etiqueta de gorjeta e dicas de seguran\u00e7a.<\/p>\n\n\n\n<h2 class=\"wp-block-heading\">Tipos de T\u00e1xis Dispon\u00edveis<\/h2>\n\n\n\n<p>Se procuras apanhar um t\u00e1xi em Roma, provavelmente vai ser um dos t\u00e1xis brancos oficiais ou as alternativas como o Uber. Existem v\u00e1rias empresas que s\u00e3o t\u00e1xis oficialmente licenciados mas praticamente indistingu\u00edveis uns dos outros; Radio Taxi e Pronto Taxi s\u00e3o apenas alguns exemplos.<\/p>\n\n\n\n<p>A maioria dos t\u00e1xis em Roma s\u00e3o carros t\u00edpicos de 5 lugares (incluindo o motorista), mas existem alguns ve\u00edculos maiores. Se procuras um t\u00e1xi que transporte 6 passageiros, deves ligar com anteced\u00eancia ou usar uma aplica\u00e7\u00e3o \u2014 n\u00e3o esperes que haja um numa paragem de t\u00e1xi, pois n\u00e3o s\u00e3o t\u00e3o comuns.<\/p>\n\n\n\n<h2 class=\"wp-block-heading\">Como Arranjar um T\u00e1xi em Roma<\/h2>\n\n\n\n<p>Existem v\u00e1rias formas de usar t\u00e1xis em Roma, incluindo parar um na rua, usar uma paragem de t\u00e1xi e aplica\u00e7\u00f5es de servi\u00e7o. Ao parar um t\u00e1xi na rua, deves procurar t\u00e1xis brancos com o sinal &#8216;TAXI&#8217; no telhado.&nbsp;<\/p>\n\n\n\n<p>Aten\u00e7\u00e3o a t\u00e1xis n\u00e3o licenciados ou carros privados, pois podem cobrar-te a mais e n\u00e3o est\u00e3o autorizados para este servi\u00e7o a menos que trabalhem atrav\u00e9s de uma aplica\u00e7\u00e3o.&nbsp;<\/p>\n\n\n\n<h2 class=\"wp-block-heading\"><strong>Paragem de T\u00e1xi<\/strong><\/h2>\n\n\n<div class=\"ms-credits\">\n<img decoding=\"async\" class=\"gb-media-4ecfb3cb\" alt=\"Longa fila de pessoas \u00e0 espera numa paragem de t\u00e1xi no centro de Roma.\" src=\"https:\/\/www.rome.info\/wp-content\/uploads\/rome-taxi-queue-1747642635.jpg\" title=\"rome-taxi-queue-1747642635\" \/>\n<span class='ms-credits__info' id='media2931'><svg xmlns=\"http:\/\/www.w3.org\/2000\/svg\" width=\"20\" height=\"22\" fill=\"#000000\" viewBox=\"0 0 256 256\"><path d=\"M128,24A104,104,0,1,0,232,128,104.11,104.11,0,0,0,128,24Zm0,192a88,88,0,1,1,88-88A88.1,88.1,0,0,1,128,216ZM96,128a32,32,0,0,0,57.6,19.2,8,8,0,0,1,12.8,9.61,48,48,0,1,1,0-57.62,8,8,0,0,1-12.8,9.61A32,32,0,0,0,96,128Z\"><\/path><\/svg>TKKurikawa\/<a href=https:\/\/depositphotos.com\/editorial\/rome-italy-june-2019-unidentified-people-queue-take-taxi-termini-310215932.html rel='nofollow' target='_blank'>Depositphotos<\/a><\/span><span class='ms-credits__btn' id='btn_media2931' onclick='ms_credits_trigger(\"#media2931\", this)'><svg xmlns=\"http:\/\/www.w3.org\/2000\/svg\" class=\"info_icon\" width=\"28\" height=\"28\" fill=\"#FFF\" viewBox=\"0 0 256 256\"><path d=\"M128,24A104,104,0,1,0,232,128,104.11,104.11,0,0,0,128,24Zm0,192a88,88,0,1,1,88-88A88.1,88.1,0,0,1,128,216Zm16-40a8,8,0,0,1-8,8,16,16,0,0,1-16-16V128a8,8,0,0,1,0-16,16,16,0,0,1,16,16v40A8,8,0,0,1,144,176ZM112,84a12,12,0,1,1,12,12A12,12,0,0,1,112,84Z\"><\/path><\/svg><svg xmlns=\"http:\/\/www.w3.org\/2000\/svg\" class=\"close_icon\" width=\"28\" height=\"28\" fill=\"#FFF\" viewBox=\"0 0 256 256\"><path d=\"M165.66,101.66,139.31,128l26.35,26.34a8,8,0,0,1-11.32,11.32L128,139.31l-26.34,26.35a8,8,0,0,1-11.32-11.32L116.69,128,90.34,101.66a8,8,0,0,1,11.32-11.32L128,116.69l26.34-26.35a8,8,0,0,1,11.32,11.32ZM232,128A104,104,0,1,1,128,24,104.11,104.11,0,0,1,232,128Zm-16,0a88,88,0,1,0-88,88A88.1,88.1,0,0,0,216,128Z\"><\/path><\/svg><\/span><\/div>\n\n\n<p>Para encontrar paragens de t\u00e1xi em Roma, procura as zonas designadas com o sinal &#8216;Taxi&#8217;, que normalmente \u00e9 laranja. Estas paragens est\u00e3o normalmente localizadas perto de <a href=\"https:\/\/www.rome.info\/pt\/atracoes\/\">atra\u00e7\u00f5es tur\u00edsticas populares<\/a>, <a href=\"https:\/\/www.rome.info\/pt\/transportes\/comboios\/\">esta\u00e7\u00f5es ferrovi\u00e1rias<\/a> e <a href=\"https:\/\/www.rome.info\/pt\/aeroporto\/\">aeroportos<\/a>. Se n\u00e3o houver t\u00e1xis, basta esperar alguns minutos porque um vai certamente aparecer mais cedo ou mais tarde, mesmo durante as horas tardias.<\/p>\n\n\n\n<p>Por vezes h\u00e1 longas esperas durante as horas de ponta, mas os t\u00e1xis chegam com mais frequ\u00eancia, por isso a espera n\u00e3o \u00e9 longa, n\u00e3o te intimides.<\/p>\n\n\n\n<h2 class=\"wp-block-heading\">Parar na Rua<\/h2>\n\n\n\n<p>Parar um t\u00e1xi na rua n\u00e3o \u00e9 comum, como noutras grandes cidades. Se tiveres sorte, encontrar\u00e1s um t\u00e1xi vazio na rua, longe da paragem. N\u00e3o \u00e9 habitual, considerando que todos os motoristas pretendem ir \u00e0s paragens. No entanto n\u00e3o \u00e9 imposs\u00edvel, por isso se encontrares um, sobe sem hesitar.<\/p>\n\n\n\n<h2 class=\"wp-block-heading\">Reservar por Telefone<\/h2>\n\n\n\n<p>Podes tamb\u00e9m reservar por telefone. Uma empresa popular \u00e9 a Roma Capitale Taxi; ter\u00e1s de ligar do teu <a href=\"https:\/\/www.rome.info\/accommodation\/\">alojamento<\/a> e de uma linha italiana por ser um n\u00famero local, ou podes enviar-lhes uma mensagem pelo WhatsApp.&nbsp;<\/p>\n\n\n\n<h3 class=\"wp-block-heading\">Outras Empresas<\/h3>\n\n\n\n<ul class=\"wp-block-list\">\n<li>Radiotaxi<\/li>\n\n\n\n<li>Chiama Taxi<\/li>\n\n\n\n<li>Prontotaxi<\/li>\n\n\n\n<li>Tevere<\/li>\n<\/ul>\n\n\n\n<h2 class=\"wp-block-heading\">Tarifas e Percursos<\/h2>\n\n\n\n<p>As tarifas em Roma s\u00e3o geralmente razo\u00e1veis, mas podem variar dependendo da hora do dia e da dist\u00e2ncia percorrida.<\/p>\n\n\n\n<p>\u00c9 importante entender a estrutura tarif\u00e1ria antes de apanhar um t\u00e1xi em Roma. As tarifas s\u00e3o reguladas pela cidade e baseiam-se na dist\u00e2ncia percorrida e na hora do dia. Existe uma tarifa base fixa, que varia consoante a hora do dia e o dia da semana.<\/p>\n\n\n\n<p>Existe tamb\u00e9m um encargo por quil\u00f3metro, que \u00e9 adicionado \u00e0 tarifa base. Adicionalmente, pode haver encargos extras por bagagem, suplemento noturno e taxas de reserva.<\/p>\n\n\n\n<p>Se queres um pre\u00e7o fixo, recomendamos o Uber, que por vezes pode oferecer uma tarifa mais elevada, mas independentemente de desvios, bagagem e atrasos, a tarifa prometida permanece inalterada.<\/p>\n\n\n\n<p>O pre\u00e7o final da viagem \u00e9 o que \u00e9 apresentado no tax\u00edmetro; podem ser adicionados encargos extras por 4+ passageiros, bagagem ou pedidos adicionais.&nbsp;<\/p>\n\n\n\n<h2 class=\"wp-block-heading\">Deixas Gorjeta aos Motoristas de T\u00e1xi em Roma?<\/h2>\n\n\n\n<p>As gorjetas n\u00e3o s\u00e3o obrigat\u00f3rias em Roma; os motoristas n\u00e3o esperam que deixes gorjeta, mas \u00e9 habitual arredondar a tarifa para o euro mais pr\u00f3ximo ou deixar uma pequena gorjeta, especialmente se estiveres satisfeito com o servi\u00e7o. As gorjetas s\u00e3o sempre bem-vindas se quiseres mostrar gratid\u00e3o pelo servi\u00e7o. A maioria das aplica\u00e7\u00f5es tamb\u00e9m permite dar gorjeta atrav\u00e9s da aplica\u00e7\u00e3o.<\/p>\n\n\n\n<p>A maioria dos t\u00e1xis tem tax\u00edmetros modernos. No lado esquerdo do espelho retrovisor, podes ver o custo do servi\u00e7o.<\/p>\n\n\n\n<h2 class=\"wp-block-heading\">T\u00e1xis De e Para o Aeroporto<\/h2>\n\n\n<div class=\"ms-credits\">\n<img decoding=\"async\" class=\"gb-media-f01215f8\" alt=\"Passageiros e t\u00e1xis fora do Terminal 3 do Aeroporto de Roma Fiumicino.\" src=\"https:\/\/www.rome.info\/wp-content\/uploads\/rome-fiumicino-airport-taxi-area-1747642638.jpg\" title=\"rome-fiumicino-airport-taxi-area-1747642638\" \/>\n<span class='ms-credits__info' id='media2932'><svg xmlns=\"http:\/\/www.w3.org\/2000\/svg\" width=\"20\" height=\"22\" fill=\"#000000\" viewBox=\"0 0 256 256\"><path d=\"M128,24A104,104,0,1,0,232,128,104.11,104.11,0,0,0,128,24Zm0,192a88,88,0,1,1,88-88A88.1,88.1,0,0,1,128,216ZM96,128a32,32,0,0,0,57.6,19.2,8,8,0,0,1,12.8,9.61,48,48,0,1,1,0-57.62,8,8,0,0,1-12.8,9.61A32,32,0,0,0,96,128Z\"><\/path><\/svg>TKKurikawa\/<a href=https:\/\/depositphotos.com\/editorial\/rome-italy-june-2019-unidentified-people-travel-leonardo-vinci-fiumicino-310228486.html rel='nofollow' target='_blank'>Depositphotos<\/a><\/span><span class='ms-credits__btn' id='btn_media2932' onclick='ms_credits_trigger(\"#media2932\", this)'><svg xmlns=\"http:\/\/www.w3.org\/2000\/svg\" class=\"info_icon\" width=\"28\" height=\"28\" fill=\"#FFF\" viewBox=\"0 0 256 256\"><path d=\"M128,24A104,104,0,1,0,232,128,104.11,104.11,0,0,0,128,24Zm0,192a88,88,0,1,1,88-88A88.1,88.1,0,0,1,128,216Zm16-40a8,8,0,0,1-8,8,16,16,0,0,1-16-16V128a8,8,0,0,1,0-16,16,16,0,0,1,16,16v40A8,8,0,0,1,144,176ZM112,84a12,12,0,1,1,12,12A12,12,0,0,1,112,84Z\"><\/path><\/svg><svg xmlns=\"http:\/\/www.w3.org\/2000\/svg\" class=\"close_icon\" width=\"28\" height=\"28\" fill=\"#FFF\" viewBox=\"0 0 256 256\"><path d=\"M165.66,101.66,139.31,128l26.35,26.34a8,8,0,0,1-11.32,11.32L128,139.31l-26.34,26.35a8,8,0,0,1-11.32-11.32L116.69,128,90.34,101.66a8,8,0,0,1,11.32-11.32L128,116.69l26.34-26.35a8,8,0,0,1,11.32,11.32ZM232,128A104,104,0,1,1,128,24,104.11,104.11,0,0,1,232,128Zm-16,0a88,88,0,1,0-88,88A88.1,88.1,0,0,0,216,128Z\"><\/path><\/svg><\/span><\/div>\n\n\n<p>Tanto o aeroporto de <a href=\"https:\/\/www.rome.info\/pt\/aeroporto\/aeroporto-fiumicino\/\">Fiumicino<\/a> como o de <a href=\"https:\/\/www.rome.info\/pt\/aeroporto\/aeroporto-ciampino\/\">Ciampino<\/a> t\u00eam paragens de t\u00e1xi localizadas fora da zona de chegadas do terminal.<\/p>\n\n\n\n<p>Os t\u00e1xis s\u00e3o brancos e t\u00eam o sinal &#8216;TAXI&#8217; no telhado. Recomenda-se utilizar apenas t\u00e1xis licenciados nas cabines de t\u00e1xi do aeroporto para evitar potenciais burlas.<\/p>\n\n\n\n<p>T\u00e1xis n\u00e3o licenciados ou carros privados, normalmente carrinhas pretas, est\u00e3o \u00e0 espera fora da recolha de bagagem e mesmo ao lado das paragens de t\u00e1xi oficiais. As suas tarifas s\u00e3o normalmente muito superiores ao pre\u00e7o fixo. Se decidires apanhar um destes, recomendo perguntar sobre o pre\u00e7o final antes de entrar no carro, pois v\u00e3o tentar burlar-te.<\/p>\n\n\n\n<p>As tarifas do aeroporto para o centro de Roma s\u00e3o reguladas pela cidade e baseiam-se numa tarifa fixa.&nbsp;<\/p>\n\n\n\n<p>Se preferes uma op\u00e7\u00e3o sem stress, considera reservar uma <a href=\"https:\/\/www.rome.info\/pt\/aeroporto\/transferencia-aeroporto\/\">transfer\u00eancia privada para o aeroporto<\/a> com anteced\u00eancia. Ter\u00e1s um motorista \u00e0 tua espera nas chegadas \u2014 sem filas, sem tax\u00edmetro e com um pre\u00e7o fixo que sabes antes de aterrar.<\/p>\n\n\n\n<h2 class=\"wp-block-heading\">T\u00e1xis da Esta\u00e7\u00e3o Ferrovi\u00e1ria de Termini<\/h2>\n\n\n\n<p>Como nos aeroportos, a <a href=\"https:\/\/www.rome.info\/pt\/transportes\/comboios\/\">Esta\u00e7\u00e3o Termini<\/a> tem a sua pr\u00f3pria paragem de t\u00e1xi; os t\u00e1xis oficiais alinham-se em frente \u00e0 entrada principal, por isso n\u00e3o s\u00e3o dif\u00edceis de ver. Tal como no aeroporto, pode haver algumas pessoas a tentar levar-te a um t\u00e1xi n\u00e3o licenciado \u2014 ignora-as e vai diretamente \u00e0 paragem de t\u00e1xi.<\/p>\n\n\n\n<h2 class=\"wp-block-heading\">Acessibilidade<\/h2>\n\n\n\n<p>Roma fez progressos significativos nos \u00faltimos anos para melhorar a acessibilidade para pessoas com defici\u00eancia, incluindo quem usa cadeiras de rodas. \u00c9 importante notar que a maioria dos t\u00e1xis s\u00e3o espa\u00e7osos e confort\u00e1veis, mas normalmente n\u00e3o est\u00e3o equipados para pedidos mais espec\u00edficos.<\/p>\n\n\n\n<p>Nem todos os t\u00e1xis em Roma s\u00e3o acess\u00edveis a cadeiras de rodas. Existem alguns especialmente concebidos para acomodar pessoas com defici\u00eancia. Estes t\u00e1xis t\u00eam uma rampa para cadeiras de rodas e outras caracter\u00edsticas para tornar a viagem mais confort\u00e1vel para passageiros com defici\u00eancia.<\/p>\n\n\n\n<p>Recomendamos ligar para uma empresa de t\u00e1xi com anteced\u00eancia se precisares deste servi\u00e7o. Podes tamb\u00e9m tentar a sorte com uma carrinha Uber, com espa\u00e7o suficiente para guardar a cadeira de rodas, mas a pessoa ter\u00e1 de sentar-se no carro e guardar a cadeira de rodas.<\/p>\n\n\n\n<h2 class=\"wp-block-heading\">Como Comunicar com o Motorista<\/h2>\n\n\n\n<p>Os motoristas de t\u00e1xi em Roma s\u00e3o muito \u00e0 vontade no trabalho; n\u00e3o fiques surpreendido se o motorista tentar iniciar uma conversa contigo. \u00c9 uma \u00f3tima forma de obter informa\u00e7\u00f5es sobre <a href=\"https:\/\/www.rome.info\/restaurants\/\">onde jantar<\/a> ou lugares que podes ter perdido <a href=\"https:\/\/www.rome.info\/pt\/o-que-fazer\/\">que valem a pena visitar<\/a>.<\/p>\n\n\n\n<p>A maioria dos motoristas de t\u00e1xi fala ingl\u00eas suficiente para se virar, mas se quiseres praticar o teu italiano, aqui ficam algumas frases \u00fateis:<\/p>\n\n\n\n<ul class=\"wp-block-list\">\n<li><strong>Devo andare all&#8217;aeroporto di Fiumicino<\/strong>: tenho de ir para o Aeroporto de Fiumicino. Substitui a \u00faltima parte de acordo com o teu destino; por ex. <em>devo andare alla stazione centrale.<\/em><\/li>\n\n\n\n<li><strong>Posso pagare con carta<\/strong>: posso pagar com cart\u00e3o?<\/li>\n\n\n\n<li><strong>Pu\u00f2 andare pi\u00f9 piano\/veloce<\/strong>: pode ir mais devagar\/r\u00e1pido?<\/li>\n\n\n\n<li><strong>Si pu\u00f2 accostare qui<\/strong>: pode parar aqui?<\/li>\n\n\n\n<li><strong>Quanto le devo<\/strong>: quanto lhe devo?<\/li>\n<\/ul>\n\n\n\n<p>Em caso de d\u00favida, o Google Translate ou abrir um endere\u00e7o no Google Maps pode funcionar na falta de melhor op\u00e7\u00e3o.<\/p>\n\n\n\n<h2 class=\"wp-block-heading\">M\u00e9todos de Pagamento&nbsp;<\/h2>\n\n\n\n<p>Tecnicamente, todos os t\u00e1xis em Roma devem aceitar pagamentos por cart\u00e3o e est\u00e3o equipados com tecnologia sem contacto. Na pr\u00e1tica, por\u00e9m, por vezes os t\u00e1xis alegam que a m\u00e1quina de cart\u00e3o est\u00e1 avariada e que s\u00f3 aceitam dinheiro.<\/p>\n\n\n\n<p>\u00c9 melhor ter dinheiro quando apanhas um t\u00e1xi por precau\u00e7\u00e3o, mas se n\u00e3o tens, certifica-te de perguntar se podes pagar com cart\u00e3o antes de come\u00e7ar a viagem ou reserva e paga atrav\u00e9s de uma aplica\u00e7\u00e3o.<\/p>\n\n\n\n<h2 class=\"wp-block-heading\">Como Evitar Ser Enganado<\/h2>\n\n\n\n<p>Os receios de ser enganado em Roma pelos t\u00e1xis s\u00e3o amplamente exagerados. Uma vez que encontraste uma paragem de t\u00e1xi oficial e evitaste as pessoas que tentam levar-te a um t\u00e1xi n\u00e3o licenciado, deves estar bem. Dito isso, \u00e9 sempre melhor tomar precau\u00e7\u00f5es para o caso de encontrares algu\u00e9m mal-intencionado.<\/p>\n\n\n\n<p>Estas s\u00e3o algumas coisas que podes fazer para evitar ser enganado:<\/p>\n\n\n\n<ul class=\"wp-block-list\">\n<li><strong>Apanha um t\u00e1xi oficial.<\/strong> Pessoas no aeroporto ou na Esta\u00e7\u00e3o Termini podem abordar-te a gritar t\u00e1xi \u2014 ignora-as, n\u00e3o s\u00e3o motoristas licenciados. Dirige-te \u00e0 paragem de t\u00e1xi ou chama um.<\/li>\n\n\n\n<li><strong>Certifica-te de que o tax\u00edmetro est\u00e1 ligado desde o in\u00edcio da viagem.<\/strong> Alguns podem fingir que se esquecem para cobrarem uma tarifa mais alta no final da viagem; evita isso verificando que est\u00e1 ligado logo de in\u00edcio.<\/li>\n\n\n\n<li><strong>Sem tax\u00edmetro? Pergunta o pre\u00e7o antes.<\/strong> Se est\u00e1s num t\u00e1xi sem tax\u00edmetro, precisas de acordar uma tarifa antes de entrar. Deves tamb\u00e9m perguntar se aceitam pagamento por cart\u00e3o se n\u00e3o tens dinheiro.<\/li>\n\n\n\n<li><strong>Certifica-te de que o tax\u00edmetro mostra <em>Tariffa 1<\/em> ao circular em Roma.<\/strong> <em>Tariffa 2<\/em> \u00e9 uma tarifa mais cara e n\u00e3o deve ser aplicada at\u00e9 que a tarifa atinja o m\u00ednimo de 14 \u20ac.<\/li>\n\n\n\n<li><strong>N\u00e3o pagues at\u00e9 que a tua bagagem seja retirada do carro.<\/strong> \u00c9 melhor precaver do que remediar.<\/li>\n\n\n\n<li><strong>Pede um recibo.<\/strong> Se te preocupas estar a ser enganado, pede um recibo. Ter\u00e1 todos os detalhes que precisas, incluindo o nome do motorista e o n\u00famero de licen\u00e7a, para quando contactares a empresa de t\u00e1xi.<\/li>\n<\/ul>\n\n\n\n<h2 class=\"wp-block-heading\">Uber, Lyft, etc. em Roma<\/h2>\n\n\n\n<p>Existem leis r\u00edgidas em It\u00e1lia para proteger os motoristas de t\u00e1xi da &#8216;concorr\u00eancia desleal&#8217;, o que inclui o Uber e o Lyft.<\/p>\n\n\n\n<h3 class=\"wp-block-heading\">O Uber \u00e9 mais barato do que o T\u00e1xi em Roma?<\/h3>\n\n\n\n<p>Enquanto o Lyft n\u00e3o tem presen\u00e7a alguma em Roma, existe um servi\u00e7o Uber mais limitado; Uber Black e Uber Vans. Este \u00e9 um servi\u00e7o ligeiramente premium, no entanto, e tende a ser mais caro do que os t\u00e1xis.<\/p>\n\n\n\n<p>Existem alguns servi\u00e7os de partilha de viagens, mas nada que funcione na escala do Uber. O Scooterino permite saltar para a traseira de uma Vespa para uma viagem r\u00e1pida pela cidade, mas obviamente n\u00e3o \u00e9 adequado para a maioria das situa\u00e7\u00f5es.<\/p>\n\n\n\n<h2 class=\"wp-block-heading\">Vantagens de Usar T\u00e1xis em Roma&nbsp;<\/h2>\n\n\n\n<p>Os t\u00e1xis s\u00e3o uma forma segura e familiar de circular por uma cidade e oferecem uma alternativa confort\u00e1vel aos <a href=\"https:\/\/www.rome.info\/pt\/transportes\/transportes-publicos\/\">transportes p\u00fablicos<\/a>. Se tens bagagem ou vais para um destino longe das liga\u00e7\u00f5es de transportes p\u00fablicos, os t\u00e1xis s\u00e3o muito mais convenientes. \u00c9 a forma mais f\u00e1cil de viajar \u2014 n\u00e3o tens o stress de correr ou de encontrar o teu pr\u00f3prio caminho pela cidade.<\/p>\n\n\n\n<p>Pode at\u00e9 sair por um pre\u00e7o bastante razo\u00e1vel se dividires o custo por v\u00e1rios passageiros.&nbsp;<\/p>\n\n\n\n<h2 class=\"wp-block-heading\">Perguntas Frequentes<\/h2>\n\n\n\n<h3 class=\"wp-block-heading\"><strong>Os t\u00e1xis s\u00e3o caros em Roma?<\/strong><\/h3>\n\n\n\n<p>Certamente n\u00e3o s\u00e3o a forma mais barata de viajar. Os t\u00e1xis de Roma s\u00e3o mais caros do que em muitas outras capitais europeias. Se procuras economizar, usa os transportes p\u00fablicos.<\/p>\n\n\n\n<h3 class=\"wp-block-heading\"><strong>O Uber funciona bem em Roma?<\/strong><\/h3>\n\n\n\n<p>Apenas os servi\u00e7os premium do Uber funcionam em Roma, pois o servi\u00e7o regular est\u00e1 proibido. Podes apanhar um Uber do aeroporto atrav\u00e9s do Uber Black, mas os t\u00e1xis s\u00e3o geralmente mais baratos.<\/p>\n\n\n\n<h3 class=\"wp-block-heading\"><strong>O Uber ou o Lyft est\u00e3o em Roma?<\/strong><\/h3>\n\n\n\n<p>O Lyft n\u00e3o est\u00e1 dispon\u00edvel em Roma, e o Uber s\u00f3 consegue oferecer os seus servi\u00e7os premium, Uber Black e Uber Vans, na cidade.<\/p>\n\n\n\n<h3 class=\"wp-block-heading\"><strong>Qual \u00e9 a melhor aplica\u00e7\u00e3o de t\u00e1xi em Roma?<\/strong><\/h3>\n\n\n\n<p>Existem v\u00e1rias, mas as aplica\u00e7\u00f5es de t\u00e1xi mais populares s\u00e3o FREENOW e Wetaxi.<\/p>\n\n","protected":false},"excerpt":{"rendered":"","protected":false},"author":9,"featured_media":486,"parent":295,"menu_order":0,"comment_status":"closed","ping_status":"closed","template":"","meta":{"_acf_changed":false,"footnotes":"","button_url":"https:\/\/www.tiqets.com\/pt\/rome-attractions-c71631\/?partner=romeinfo","ms_product_id":"","ms_product_name":"","ms_price":"","ms_currency":"","ms_rating_value":"","ms_review_count":"","rank_math_title":"T\u00e1xi em Roma: Como Reservar, Tarifas &amp; Dicas para Viajantes","rank_math_description":"Como apanhar um t\u00e1xi em Roma, entender as tarifas, evitar burlas e viajar em seguran\u00e7a. Guia completo para viajantes."},"post-style":[],"producer":[35],"class_list":["post-327","page","type-page","status-publish","has-post-thumbnail"],"acf":[],"product_schema":{"ms_product_id":"","ms_product_name":"","ms_price":"","ms_currency":"","ms_rating_value":"","ms_review_count":""},"_links":{"self":[{"href":"https:\/\/www.rome.info\/pt\/wp-json\/wp\/v2\/pages\/327","targetHints":{"allow":["GET"]}}],"collection":[{"href":"https:\/\/www.rome.info\/pt\/wp-json\/wp\/v2\/pages"}],"about":[{"href":"https:\/\/www.rome.info\/pt\/wp-json\/wp\/v2\/types\/page"}],"author":[{"embeddable":true,"href":"https:\/\/www.rome.info\/pt\/wp-json\/wp\/v2\/users\/9"}],"replies":[{"embeddable":true,"href":"https:\/\/www.rome.info\/pt\/wp-json\/wp\/v2\/comments?post=327"}],"version-history":[{"count":2,"href":"https:\/\/www.rome.info\/pt\/wp-json\/wp\/v2\/pages\/327\/revisions"}],"predecessor-version":[{"id":526,"href":"https:\/\/www.rome.info\/pt\/wp-json\/wp\/v2\/pages\/327\/revisions\/526"}],"up":[{"embeddable":true,"href":"https:\/\/www.rome.info\/pt\/wp-json\/wp\/v2\/pages\/295"}],"wp:featuredmedia":[{"embeddable":true,"href":"https:\/\/www.rome.info\/pt\/wp-json\/wp\/v2\/media\/486"}],"wp:attachment":[{"href":"https:\/\/www.rome.info\/pt\/wp-json\/wp\/v2\/media?parent=327"}],"wp:term":[{"taxonomy":"post-style","embeddable":true,"href":"https:\/\/www.rome.info\/pt\/wp-json\/wp\/v2\/post-style?post=327"},{"taxonomy":"producer","embeddable":true,"href":"https:\/\/www.rome.info\/pt\/wp-json\/wp\/v2\/producer?post=327"}],"curies":[{"name":"wp","href":"https:\/\/api.w.org\/{rel}","templated":true}]}}