{"id":304,"date":"2026-04-25T18:28:06","date_gmt":"2026-04-25T16:28:06","guid":{"rendered":"https:\/\/www.rome.info\/pt\/?page_id=304"},"modified":"2026-04-28T15:09:48","modified_gmt":"2026-04-28T13:09:48","slug":"omnia-card","status":"publish","type":"page","link":"https:\/\/www.rome.info\/pt\/passes-turisticos\/omnia-card\/","title":{"rendered":"Omnia Card"},"content":{"rendered":"\n<p class=\"is-style-lead\">O Omnia Card \u00e9 um passe de visitas tur\u00edsticas que oferece aos visitantes acesso a algumas das principais atra\u00e7\u00f5es de Roma e da Cidade do Vaticano.<\/p>\n\n\n\n<a href=\"https:\/\/www.tiqets.com\/pt\/rome-attractions-c71631\/tickets-for-omnia-card-vatican-open-bus-24-h-p974743?partner=romeinfo\" rel=\"nofollow noopener\"><img decoding=\"async\" class=\"gb-media-f5d2bb1d ms-mb-block\" alt=\"\" src=\"https:\/\/www.rome.info\/wp-content\/uploads\/omnia-card-1754973489.jpg\" title=\"omnia-card-1754973489\"\/><\/a>\n\n\n\n<h2 class=\"wp-block-heading\"><strong>O que \u00e9 o Omnia Card?<\/strong><\/h2>\n\n\n\n<p class=\"is-style-default\">\u00c9 um <a href=\"https:\/\/www.rome.info\/pt\/passes-turisticos\/\">cart\u00e3o tur\u00edstico<\/a> de Roma completo que inclui entrada gratuita em mais de 30 <a href=\"https:\/\/www.rome.info\/pt\/atracoes\/\">atra\u00e7\u00f5es<\/a>, acesso sem filas a alguns dos locais mais populares e utiliza\u00e7\u00e3o ilimitada dos pr\u00e1ticos e f\u00e1ceis <a href=\"https:\/\/www.rome.info\/pt\/tours\/hop-on-hop-off\/\">autocarros hop-on hop-off<\/a>.<\/p>\n\n\n\n<p>O cart\u00e3o inclui tamb\u00e9m um passe para os <a href=\"https:\/\/www.rome.info\/pt\/transportes\/transportes-publicos\/\">transportes p\u00fablicos de Roma<\/a>, permitindo aos visitantes explorar a cidade facilmente de <a href=\"https:\/\/www.rome.info\/pt\/transportes\/transportes-publicos\/autocarro\/\">autocarro<\/a> ou de <a href=\"https:\/\/www.rome.info\/pt\/transportes\/transportes-publicos\/metro\/\">metro<\/a>.<\/p>\n\n\n\n<p>O cart\u00e3o existe em dois formatos, de 24 horas a 72 horas, consoante as tuas necessidades. Em baixo detalho e destaco os pontos mais importantes para te ajudar a decidir se vale a pena comprar o cart\u00e3o.<\/p>\n\n\n\n<h2 class=\"wp-block-heading\"><strong>Como Usar o Omnia Card e os Principais Benef\u00edcios<\/strong><\/h2>\n\n\n\n<ul class=\"wp-block-list\">\n<li><strong>Entrada Gratuita:<\/strong> Usar o Omnia Card \u00e9 simples. Uma vez comprado, o cart\u00e3o pode ser usado para entrada em mais de 30 atra\u00e7\u00f5es; v\u00ea todas elas <a href=\"https:\/\/www.romevaticancard.com\/rome-vatican-attractions\/\" rel=\"noopener\">aqui<\/a>.<\/li>\n\n\n\n<li><strong>Sem esperar em filas:<\/strong> Como b\u00f3nus, podes tamb\u00e9m furar as filas em alguns dos locais mais movimentados, incluindo o <a href=\"https:\/\/www.rome.info\/pt\/atracoes\/coliseu\/\">Coliseu<\/a>, o <a href=\"https:\/\/www.rome.info\/pt\/atracoes\/forum-romano\/\">F\u00f3rum Romano<\/a>, as <a href=\"https:\/\/www.rome.info\/attractions\/catacombs-of-callixtus\/\">Catacumbas de S\u00e3o Calixto<\/a>, os <a href=\"https:\/\/www.rome.info\/pt\/atracoes\/museus-do-vaticano\/\">Museus do Vaticano<\/a> e a <a href=\"https:\/\/www.rome.info\/pt\/atracoes\/capela-sistina\/\">Capela Sistina<\/a>.<\/li>\n\n\n\n<li><strong>Utiliza\u00e7\u00e3o ilimitada dos autocarros hop-on hop-off: <\/strong>Facilita a circula\u00e7\u00e3o pela cidade e a visita a todas as principais atra\u00e7\u00f5es. Podes usar tr\u00eas dos tours de autocarro da cidade para te deslocares.<\/li>\n\n\n\n<li><strong>Transportes p\u00fablicos gratuitos:<\/strong> O cart\u00e3o inclui tamb\u00e9m um passe de transporte para o sistema de transportes p\u00fablicos de Roma quando compras o pass de 72 horas, permitindo usar autocarros, el\u00e9tricos e o metro.<\/li>\n\n\n\n<li><strong>Comodidade:<\/strong> Com o cart\u00e3o em m\u00e3os, podes contornar as longas filas em algumas das atra\u00e7\u00f5es populares e poupar tempo. Isto significa mais tempo para explorar os locais e menos tempo perdido em filas, sem falar em te poupares de estar de p\u00e9 ao sol romano.<\/li>\n\n\n\n<li><strong>Audioguia<\/strong>: Descarrega a app e acede a audioguias para v\u00e1rios locais populares.<\/li>\n\n\n\n<li><strong>Poupan\u00e7a significativa de custos:<\/strong> Ao comprar o cart\u00e3o, podes poupar nas taxas de entrada e nos custos de transporte. O custo do cart\u00e3o \u00e9 mais ou menos o mesmo que um bilhete de entrada sem filas\/tour em qualquer atra\u00e7\u00e3o popular. Al\u00e9m disso, o cart\u00e3o vem com um guia e mapa com informa\u00e7\u00f5es \u00fateis e dicas para tirar o m\u00e1ximo partido da visita.<\/li>\n<\/ul>\n\n\n\n<h2 class=\"wp-block-heading\"><strong>Principais Atra\u00e7\u00f5es Cobertas pelo Omnia Card<\/strong><\/h2>\n\n\n\n<p>O Omnia Card oferece bilhetes gratuitos para atra\u00e7\u00f5es em Roma e na <a href=\"https:\/\/www.rome.info\/pt\/atracoes\/t\/vaticano\/\">Cidade do Vaticano<\/a>, incluindo alguns dos locais mais ic\u00f3nicos e populares. Aqui est\u00e3o algumas das principais atra\u00e7\u00f5es cobertas pelo cart\u00e3o:<\/p>\n\n\n\n<ul class=\"wp-block-list\">\n<li><strong>Acesso sem filas<\/strong> ao Coliseu, ao F\u00f3rum Romano e ao <a href=\"https:\/\/www.rome.info\/pt\/atracoes\/monte-palatino\/\">Monte Palatino<\/a>.<\/li>\n<\/ul>\n\n\n<div class=\"ms-credits\">\n<img decoding=\"async\" class=\"gb-media-07458ff0\" alt=\"O Coliseu ao nascer do sol.\" src=\"https:\/\/www.rome.info\/wp-content\/uploads\/f-colosseum.jpg\" title=\"The Colosseum\"\/>\n<span class='ms-credits__info' id='media896'><svg xmlns=\"http:\/\/www.w3.org\/2000\/svg\" width=\"20\" height=\"22\" fill=\"#000000\" viewBox=\"0 0 256 256\"><path d=\"M128,24A104,104,0,1,0,232,128,104.11,104.11,0,0,0,128,24Zm0,192a88,88,0,1,1,88-88A88.1,88.1,0,0,1,128,216ZM96,128a32,32,0,0,0,57.6,19.2,8,8,0,0,1,12.8,9.61,48,48,0,1,1,0-57.62,8,8,0,0,1-12.8,9.61A32,32,0,0,0,96,128Z\"><\/path><\/svg>Givaga\/<a href=https:\/\/depositphotos.com\/121809612\/stock-photo-colosseum-in-rome.html rel='nofollow' target='_blank'>Depositphotos<\/a><\/span><span class='ms-credits__btn' id='btn_media896' onclick='ms_credits_trigger(\"#media896\", this)'><svg xmlns=\"http:\/\/www.w3.org\/2000\/svg\" class=\"info_icon\" width=\"28\" height=\"28\" fill=\"#FFF\" viewBox=\"0 0 256 256\"><path d=\"M128,24A104,104,0,1,0,232,128,104.11,104.11,0,0,0,128,24Zm0,192a88,88,0,1,1,88-88A88.1,88.1,0,0,1,128,216Zm16-40a8,8,0,0,1-8,8,16,16,0,0,1-16-16V128a8,8,0,0,1,0-16,16,16,0,0,1,16,16v40A8,8,0,0,1,144,176ZM112,84a12,12,0,1,1,12,12A12,12,0,0,1,112,84Z\"><\/path><\/svg><svg xmlns=\"http:\/\/www.w3.org\/2000\/svg\" class=\"close_icon\" width=\"28\" height=\"28\" fill=\"#FFF\" viewBox=\"0 0 256 256\"><path d=\"M165.66,101.66,139.31,128l26.35,26.34a8,8,0,0,1-11.32,11.32L128,139.31l-26.34,26.35a8,8,0,0,1-11.32-11.32L116.69,128,90.34,101.66a8,8,0,0,1,11.32-11.32L128,116.69l26.34-26.35a8,8,0,0,1,11.32,11.32ZM232,128A104,104,0,1,1,128,24,104.11,104.11,0,0,1,232,128Zm-16,0a88,88,0,1,0-88,88A88.1,88.1,0,0,0,216,128Z\"><\/path><\/svg><\/span><\/div>\n\n\n<ul class=\"wp-block-list\">\n<li><strong>O Coliseu<\/strong>: Uma das estruturas antigas mais impressionantes do mundo, enquanto o F\u00f3rum Romano e o Monte Palatino oferecem um vislumbre da vida quotidiana da Roma Antiga.<\/li>\n<\/ul>\n\n\n\n<p><a href=\"https:\/\/www.rome.info\/pt\/atracoes\/coliseu\/bilhetes-coliseu\/\" data-type=\"link\" data-id=\"https:\/\/www.rome.info\/pt\/atracoes\/coliseu\/bilhetes-coliseu\/\">Ver Guia de Bilhetes do Coliseu \u2192<\/a><\/p>\n\n\n<div class=\"ms-credits\">\n<img decoding=\"async\" class=\"gb-media-f1b56746\" alt=\"A Bas\u00edlica de S\u00e3o Pedro em Roma ao p\u00f4r do sol\" src=\"https:\/\/www.rome.info\/wp-content\/uploads\/f-st-peters-basilica.jpg\" title=\"f-st-peters-basilica\"\/>\n<span class='ms-credits__info' id='media685'><svg xmlns=\"http:\/\/www.w3.org\/2000\/svg\" width=\"20\" height=\"22\" fill=\"#000000\" viewBox=\"0 0 256 256\"><path d=\"M128,24A104,104,0,1,0,232,128,104.11,104.11,0,0,0,128,24Zm0,192a88,88,0,1,1,88-88A88.1,88.1,0,0,1,128,216ZM96,128a32,32,0,0,0,57.6,19.2,8,8,0,0,1,12.8,9.61,48,48,0,1,1,0-57.62,8,8,0,0,1-12.8,9.61A32,32,0,0,0,96,128Z\"><\/path><\/svg>TTstudio\/<a href=https:\/\/sp.depositphotos.com\/48760351\/stock-photo-vatican-rome-st-peters-basilica.html rel='nofollow' target='_blank'>Depositphotos<\/a><\/span><span class='ms-credits__btn' id='btn_media685' onclick='ms_credits_trigger(\"#media685\", this)'><svg xmlns=\"http:\/\/www.w3.org\/2000\/svg\" class=\"info_icon\" width=\"28\" height=\"28\" fill=\"#FFF\" viewBox=\"0 0 256 256\"><path d=\"M128,24A104,104,0,1,0,232,128,104.11,104.11,0,0,0,128,24Zm0,192a88,88,0,1,1,88-88A88.1,88.1,0,0,1,128,216Zm16-40a8,8,0,0,1-8,8,16,16,0,0,1-16-16V128a8,8,0,0,1,0-16,16,16,0,0,1,16,16v40A8,8,0,0,1,144,176ZM112,84a12,12,0,1,1,12,12A12,12,0,0,1,112,84Z\"><\/path><\/svg><svg xmlns=\"http:\/\/www.w3.org\/2000\/svg\" class=\"close_icon\" width=\"28\" height=\"28\" fill=\"#FFF\" viewBox=\"0 0 256 256\"><path d=\"M165.66,101.66,139.31,128l26.35,26.34a8,8,0,0,1-11.32,11.32L128,139.31l-26.34,26.35a8,8,0,0,1-11.32-11.32L116.69,128,90.34,101.66a8,8,0,0,1,11.32-11.32L128,116.69l26.34-26.35a8,8,0,0,1,11.32,11.32ZM232,128A104,104,0,1,1,128,24,104.11,104.11,0,0,1,232,128Zm-16,0a88,88,0,1,0-88,88A88.1,88.1,0,0,0,216,128Z\"><\/path><\/svg><\/span><\/div>\n\n\n<ul class=\"wp-block-list\">\n<li><strong>Bas\u00edlica de S\u00e3o Pedro<\/strong>: <a href=\"https:\/\/www.rome.info\/pt\/atracoes\/basilica-de-sao-pedro\/\">Esta deslumbrante igreja<\/a> fica na Cidade do Vaticano e \u00e9 uma das maiores do mundo. O Omnia Card oferece acesso sem filas \u00e0 bas\u00edlica.<\/li>\n<\/ul>\n\n\n<div class=\"ms-credits\">\n<img decoding=\"async\" class=\"gb-media-8e47f72a\" alt=\"Escultura Esfera Dentro de Esfera em bronze de Arnaldo Pomodoro no P\u00e1tio da Pineta dos Museus do Vaticano.\" src=\"https:\/\/www.rome.info\/wp-content\/uploads\/vatican-museums-sphere-within-sphere-1747202871.jpg\" title=\"vatican-museums-sphere-within-sphere-1747202871\"\/>\n<span class='ms-credits__info' id='media2758'><svg viewBox=\"0 0 24 24\" fill=\"none\" xmlns=\"http:\/\/www.w3.org\/2000\/svg\" width=\"20\" height=\"22\"><g stroke-width=\"0\"><\/g><g stroke-linecap=\"round\" stroke-linejoin=\"round\"><\/g><g id=\"SVGRepo_iconCarrier\"> <path d=\"M12 22C6.48 22 2 17.52 2 12C2 6.48 6.48 2 12 2C17.52 2 22 6.48 22 12C22 17.52 17.52 22 12 22Z\" stroke=\"#000\" stroke-width=\"1.5\" stroke-linecap=\"round\" stroke-linejoin=\"round\"><\/path> <path d=\"M10.88 14.1499C10.37 14.5899 9.70999 14.8699 8.98999 14.8699C7.40999 14.8699 6.12 13.5899 6.12 11.9999C6.12 10.4099 7.39999 9.12988 8.98999 9.12988C9.71999 9.12988 10.38 9.39985 10.88 9.84985\" stroke=\"#000\" stroke-width=\"1.5\" stroke-linecap=\"round\" stroke-linejoin=\"round\"><\/path> <path d=\"M17.88 14.1499C17.37 14.5899 16.71 14.8699 15.99 14.8699C14.41 14.8699 13.12 13.5899 13.12 11.9999C13.12 10.4099 14.4 9.12988 15.99 9.12988C16.72 9.12988 17.38 9.39985 17.88 9.84985\" stroke=\"#000\" stroke-width=\"1.5\" stroke-linecap=\"round\" stroke-linejoin=\"round\"><\/path> <\/g><\/svg> BY-SA 2.0 Genericdaryl_mitchell\/<a href=https:\/\/www.flickr.com\/photos\/daryl_mitchell\/15427429147 rel='nofollow' target='_blank'>Flickr<\/a><\/span><span class='ms-credits__btn' id='btn_media2758' onclick='ms_credits_trigger(\"#media2758\", this)'><svg xmlns=\"http:\/\/www.w3.org\/2000\/svg\" class=\"info_icon\" width=\"28\" height=\"28\" fill=\"#FFF\" viewBox=\"0 0 256 256\"><path d=\"M128,24A104,104,0,1,0,232,128,104.11,104.11,0,0,0,128,24Zm0,192a88,88,0,1,1,88-88A88.1,88.1,0,0,1,128,216Zm16-40a8,8,0,0,1-8,8,16,16,0,0,1-16-16V128a8,8,0,0,1,0-16,16,16,0,0,1,16,16v40A8,8,0,0,1,144,176ZM112,84a12,12,0,1,1,12,12A12,12,0,0,1,112,84Z\"><\/path><\/svg><svg xmlns=\"http:\/\/www.w3.org\/2000\/svg\" class=\"close_icon\" width=\"28\" height=\"28\" fill=\"#FFF\" viewBox=\"0 0 256 256\"><path d=\"M165.66,101.66,139.31,128l26.35,26.34a8,8,0,0,1-11.32,11.32L128,139.31l-26.34,26.35a8,8,0,0,1-11.32-11.32L116.69,128,90.34,101.66a8,8,0,0,1,11.32-11.32L128,116.69l26.34-26.35a8,8,0,0,1,11.32,11.32ZM232,128A104,104,0,1,1,128,24,104.11,104.11,0,0,1,232,128Zm-16,0a88,88,0,1,0-88,88A88.1,88.1,0,0,0,216,128Z\"><\/path><\/svg><\/span><\/div>\n\n\n<ul class=\"wp-block-list\">\n<li><strong>Os Museus do Vaticano e a Capela Sistina<\/strong>: Os Museus do Vaticano albergam algumas das cole\u00e7\u00f5es de arte mais famosas do mundo, incluindo a Capela Sistina. O Omnia Card oferece acesso sem filas tanto aos Museus do Vaticano como \u00e0 Capela Sistina. Recomendo reservar esta atra\u00e7\u00e3o com anteced\u00eancia, especialmente na \u00e9poca alta.<\/li>\n<\/ul>\n\n\n<div class=\"ms-credits\">\n<img decoding=\"async\" class=\"gb-media-2ee8504c\" alt=\"Vista do Castel Sant'Angelo a partir da ponte que leva \u00e0 entrada do castelo.\" src=\"https:\/\/www.rome.info\/wp-content\/uploads\/f-castel-sant-angelo-bridge.jpg\" title=\"Castel Sant'Angelo - Bridge View\"\/>\n<span class='ms-credits__info' id='media696'><svg xmlns=\"http:\/\/www.w3.org\/2000\/svg\" width=\"20\" height=\"22\" fill=\"#000000\" viewBox=\"0 0 256 256\"><path d=\"M128,24A104,104,0,1,0,232,128,104.11,104.11,0,0,0,128,24Zm0,192a88,88,0,1,1,88-88A88.1,88.1,0,0,1,128,216ZM96,128a32,32,0,0,0,57.6,19.2,8,8,0,0,1,12.8,9.61,48,48,0,1,1,0-57.62,8,8,0,0,1-12.8,9.61A32,32,0,0,0,96,128Z\"><\/path><\/svg>natursports\/<a href=https:\/\/depositphotos.com\/25540505\/stock-photo-castel-sant-angelo-rome.html rel='nofollow' target='_blank'>Depositphotos<\/a><\/span><span class='ms-credits__btn' id='btn_media696' onclick='ms_credits_trigger(\"#media696\", this)'><svg xmlns=\"http:\/\/www.w3.org\/2000\/svg\" class=\"info_icon\" width=\"28\" height=\"28\" fill=\"#FFF\" viewBox=\"0 0 256 256\"><path d=\"M128,24A104,104,0,1,0,232,128,104.11,104.11,0,0,0,128,24Zm0,192a88,88,0,1,1,88-88A88.1,88.1,0,0,1,128,216Zm16-40a8,8,0,0,1-8,8,16,16,0,0,1-16-16V128a8,8,0,0,1,0-16,16,16,0,0,1,16,16v40A8,8,0,0,1,144,176ZM112,84a12,12,0,1,1,12,12A12,12,0,0,1,112,84Z\"><\/path><\/svg><svg xmlns=\"http:\/\/www.w3.org\/2000\/svg\" class=\"close_icon\" width=\"28\" height=\"28\" fill=\"#FFF\" viewBox=\"0 0 256 256\"><path d=\"M165.66,101.66,139.31,128l26.35,26.34a8,8,0,0,1-11.32,11.32L128,139.31l-26.34,26.35a8,8,0,0,1-11.32-11.32L116.69,128,90.34,101.66a8,8,0,0,1,11.32-11.32L128,116.69l26.34-26.35a8,8,0,0,1,11.32,11.32ZM232,128A104,104,0,1,1,128,24,104.11,104.11,0,0,1,232,128Zm-16,0a88,88,0,1,0-88,88A88.1,88.1,0,0,0,216,128Z\"><\/path><\/svg><\/span><\/div>\n\n\n<ul class=\"wp-block-list\">\n<li><strong>Castel Sant&#8217;Angelo<\/strong>: <a href=\"https:\/\/www.rome.info\/pt\/atracoes\/castel-sant-angelo\/\">Esta imponente fortaleza<\/a> fica a poucos passos do Vaticano e foi constru\u00edda originalmente como mausol\u00e9u do imperador romano Adriano. Podes tamb\u00e9m apreciar uma bebida e relaxar na fila do meio das &#8220;janelas&#8221; do castelo; t\u00eam um agrad\u00e1vel caf\u00e9.<\/li>\n<\/ul>\n\n\n<div class=\"ms-credits\">\n<img decoding=\"async\" class=\"gb-media-3a579474\" alt=\"Turistas re\u00fanem-se em frente ao Pante\u00e3o em Roma, a admirar as suas grandiosas colunas e arquitetura hist\u00f3rica num dia de sol.\" src=\"https:\/\/www.rome.info\/wp-content\/uploads\/pantheon-rome-tours-1742367391.jpg\" title=\"pantheon-rome-tours\"\/>\n<span class='ms-credits__info' id='media2315'>Pexels LicenseGriffin Wooldridge\/<a href=https:\/\/www.pexels.com\/photo\/photo-of-people-walking-in-front-of-pantheon-roman-temple-in-rome-italy-2676602\/ rel='nofollow' target='_blank'>Pexels<\/a><\/span><span class='ms-credits__btn' id='btn_media2315' onclick='ms_credits_trigger(\"#media2315\", this)'><svg xmlns=\"http:\/\/www.w3.org\/2000\/svg\" class=\"info_icon\" width=\"28\" height=\"28\" fill=\"#FFF\" viewBox=\"0 0 256 256\"><path d=\"M128,24A104,104,0,1,0,232,128,104.11,104.11,0,0,0,128,24Zm0,192a88,88,0,1,1,88-88A88.1,88.1,0,0,1,128,216Zm16-40a8,8,0,0,1-8,8,16,16,0,0,1-16-16V128a8,8,0,0,1,0-16,16,16,0,0,1,16,16v40A8,8,0,0,1,144,176ZM112,84a12,12,0,1,1,12,12A12,12,0,0,1,112,84Z\"><\/path><\/svg><svg xmlns=\"http:\/\/www.w3.org\/2000\/svg\" class=\"close_icon\" width=\"28\" height=\"28\" fill=\"#FFF\" viewBox=\"0 0 256 256\"><path d=\"M165.66,101.66,139.31,128l26.35,26.34a8,8,0,0,1-11.32,11.32L128,139.31l-26.34,26.35a8,8,0,0,1-11.32-11.32L116.69,128,90.34,101.66a8,8,0,0,1,11.32-11.32L128,116.69l26.34-26.35a8,8,0,0,1,11.32,11.32ZM232,128A104,104,0,1,1,128,24,104.11,104.11,0,0,1,232,128Zm-16,0a88,88,0,1,0-88,88A88.1,88.1,0,0,0,216,128Z\"><\/path><\/svg><\/span><\/div>\n\n\n<ul class=\"wp-block-list\">\n<li><strong>O Pante\u00e3o<\/strong>: <a href=\"https:\/\/www.rome.info\/pt\/atracoes\/panteao\/\">Este templo antigo<\/a> \u00e9 uma das estruturas melhor conservadas da <a href=\"https:\/\/www.rome.info\/ancient\/\">Roma Antiga<\/a>.<\/li>\n<\/ul>\n\n\n\n<h2 class=\"wp-block-heading\"><strong>Porqu\u00ea Comprar o Omnia Card e Como Adquiri-lo<\/strong><\/h2>\n\n\n\n<p>Embora haja v\u00e1rias raz\u00f5es para considerares o Omnia Card, as mais evidentes s\u00e3o a comodidade que oferece e a forma economicamente vantajosa de ver as atra\u00e7\u00f5es mais reconhecidas. Ao comprar o cart\u00e3o, podes poupar nas taxas de entrada e nos custos de transporte, ao mesmo tempo que visitas todas as atra\u00e7\u00f5es.<\/p>\n\n\n\n<p>Qualquer um dos Omnia Cards pode ser comprado<a href=\"https:\/\/www.omniavaticanrome.org\/en\" rel=\"noopener\"> online<\/a> ou em<a href=\"https:\/\/www.omniavaticanrome.org\/en\/contacts\/new\" rel=\"noopener\"> v\u00e1rios locais<\/a> pela cidade, incluindo o <a href=\"https:\/\/www.rome.info\/pt\/aeroporto\/\">aeroporto<\/a>, esta\u00e7\u00f5es de comboio e outros postos perto das atra\u00e7\u00f5es populares. O cart\u00e3o est\u00e1 dispon\u00edvel em v\u00e1rias dura\u00e7\u00f5es, de 24 horas a 72 horas, consoante as tuas necessidades e a dura\u00e7\u00e3o da estadia.<\/p>\n\n\n\n<p>Ap\u00f3s comprar o cart\u00e3o, podes levant\u00e1-lo num dos seus muitos<a href=\"https:\/\/www.omniavaticanrome.org\/en\/contacts\/new\" rel=\"noopener\"> pontos de recolha<\/a>, ou podes facilmente imprimir o c\u00f3digo QR enviado para o teu e-mail.<\/p>\n\n\n\n<h2 class=\"wp-block-heading\"><strong>Compara\u00e7\u00f5es com Outros Cart\u00f5es Tur\u00edsticos<\/strong><\/h2>\n\n\n\n<p>H\u00e1 v\u00e1rios outros cart\u00f5es tur\u00edsticos e tours em pacote dispon\u00edveis em Roma, incluindo o <a href=\"https:\/\/www.rome.info\/pt\/passes-turisticos\/roma-pass\/\">Roma Pass<\/a> e o <a href=\"https:\/\/www.rome.info\/pt\/passes-turisticos\/vatican-city-pass\/\">Vatican Pass<\/a>. Embora cada cart\u00e3o ofere\u00e7a diferentes benef\u00edcios e vantagens, o Omnia Card destaca-se pela sua cobertura extensa, pre\u00e7o conveniente e op\u00e7\u00f5es estrat\u00e9gicas.<\/p>\n\n\n\n<ul class=\"wp-block-list\">\n<li><strong>O Roma Pass<\/strong> oferece entrada gratuita em duas atra\u00e7\u00f5es, acesso sem filas em alguns locais e descontos em atra\u00e7\u00f5es adicionais. Inclui tamb\u00e9m transportes p\u00fablicos gratuitos nos primeiros dois dias. No entanto, o cart\u00e3o n\u00e3o oferece entrada gratuita em algumas das atra\u00e7\u00f5es mais populares de Roma, como o Coliseu e os Museus do Vaticano. Diria que este cart\u00e3o \u00e9 conveniente se n\u00e3o tens interesse em visitar muitas atra\u00e7\u00f5es; caso contr\u00e1rio, terias de gastar extra.<\/li>\n\n\n\n<li><strong>O Vatican Pass<\/strong> oferece acesso sem filas aos Museus do Vaticano e \u00e0 Capela Sistina, bem como entrada gratuita em outras atra\u00e7\u00f5es do Vaticano. No entanto, n\u00e3o inclui acesso a nenhuma atra\u00e7\u00e3o de Roma fora da Cidade do Vaticano. Mais uma vez n\u00e3o o recomendo se vens a Roma para uma experi\u00eancia completa; este pass \u00e9 conveniente se procuras visitar apenas tudo o que \u00e9 relacionado com o Vaticano.<\/li>\n<\/ul>\n\n\n\n<p>Comparado com estes cart\u00f5es, o Omnia Card oferece a maior variedade de atra\u00e7\u00f5es, dando-te mais flexibilidade e op\u00e7\u00f5es ao longo do dia. O acesso sem filas a alguns dos locais mais movimentados e a utiliza\u00e7\u00e3o ilimitada dos autocarros hop-on hop-off s\u00e3o tamb\u00e9m grandes mais-valias. Na minha opini\u00e3o, com as altas temperaturas e as ruas cheias, os autocarros por si s\u00f3 j\u00e1 s\u00e3o um \u00f3timo neg\u00f3cio.<\/p>\n\n\n\n<h2 class=\"wp-block-heading\"><strong>Dicas<\/strong> Sobre Como Usar o Cart\u00e3o Tur\u00edstico de Roma<\/h2>\n\n\n\n<p>O aspeto mais comentado do Omnia Card \u00e9 a sua comodidade e a poupan\u00e7a de custos. Diria que \u00e9 essencial, especialmente se est\u00e1s na cidade apenas alguns dias. D\u00e1-te flexibilidade e permite-te ver todas as principais atra\u00e7\u00f5es em poucos dias.<\/p>\n\n\n\n<ul class=\"wp-block-list\">\n<li>Antes de iniciar o teu <a href=\"https:\/\/www.rome.info\/pt\/o-que-fazer\/\">tour por Roma<\/a>, descarrega a app Vatican&amp;Rome e n\u00e3o te esque\u00e7as de uns auriculares confort\u00e1veis. A app est\u00e1 dispon\u00edvel para Apple e Android, e com ela podes usar o audioguia Vox City Guide.<\/li>\n\n\n\n<li>Verifica os pre\u00e7os; crian\u00e7as e jovens com menos de 17 anos obt\u00eam uma tarifa reduzida.<\/li>\n\n\n\n<li>Alguns dos locais pedem uma taxa de reserva; esta n\u00e3o est\u00e1 coberta pelo cart\u00e3o. Certifica-te de que l\u00eas quais os locais e reserva com anteced\u00eancia.<\/li>\n\n\n\n<li>Quando entrares no autocarro pela primeira vez, dar-te-\u00e3o um papel para usares todas as vezes que subires; n\u00e3o o deites fora porque n\u00e3o consegues entrar no autocarro sem ele.<\/li>\n<\/ul>\n","protected":false},"excerpt":{"rendered":"<p>Entrada r\u00e1pida no Vaticano, autocarros hop-on hop-off e muito mais \u2014 escolhe 24h ou 72h com benef\u00edcios extra.<\/p>\n","protected":false},"author":9,"featured_media":464,"parent":294,"menu_order":0,"comment_status":"closed","ping_status":"closed","template":"","meta":{"_acf_changed":false,"footnotes":"","button_url":"https:\/\/www.tiqets.com\/pt\/rome-attractions-c71631\/tickets-for-omnia-card-vatican-open-bus-24-h-p974743\/?partner=romeinfo","ms_product_id":"","ms_product_name":"","ms_price":"","ms_currency":"","ms_rating_value":"","ms_review_count":"","rank_math_title":"Omnia Card: O Passe Tudo-Inclu\u00eddo para Roma e Vaticano","rank_math_description":"Explora os Museus do Vaticano, a Capela Sistina e os principais locais de Roma com o Omnia Card. Escolhe 24h ou 72h com entrada sem fila e tours de autocarro."},"post-style":[],"producer":[35],"class_list":["post-304","page","type-page","status-publish","has-post-thumbnail"],"acf":[],"product_schema":{"ms_product_id":"","ms_product_name":"","ms_price":"","ms_currency":"","ms_rating_value":"","ms_review_count":""},"_links":{"self":[{"href":"https:\/\/www.rome.info\/pt\/wp-json\/wp\/v2\/pages\/304","targetHints":{"allow":["GET"]}}],"collection":[{"href":"https:\/\/www.rome.info\/pt\/wp-json\/wp\/v2\/pages"}],"about":[{"href":"https:\/\/www.rome.info\/pt\/wp-json\/wp\/v2\/types\/page"}],"author":[{"embeddable":true,"href":"https:\/\/www.rome.info\/pt\/wp-json\/wp\/v2\/users\/9"}],"replies":[{"embeddable":true,"href":"https:\/\/www.rome.info\/pt\/wp-json\/wp\/v2\/comments?post=304"}],"version-history":[{"count":2,"href":"https:\/\/www.rome.info\/pt\/wp-json\/wp\/v2\/pages\/304\/revisions"}],"predecessor-version":[{"id":557,"href":"https:\/\/www.rome.info\/pt\/wp-json\/wp\/v2\/pages\/304\/revisions\/557"}],"up":[{"embeddable":true,"href":"https:\/\/www.rome.info\/pt\/wp-json\/wp\/v2\/pages\/294"}],"wp:featuredmedia":[{"embeddable":true,"href":"https:\/\/www.rome.info\/pt\/wp-json\/wp\/v2\/media\/464"}],"wp:attachment":[{"href":"https:\/\/www.rome.info\/pt\/wp-json\/wp\/v2\/media?parent=304"}],"wp:term":[{"taxonomy":"post-style","embeddable":true,"href":"https:\/\/www.rome.info\/pt\/wp-json\/wp\/v2\/post-style?post=304"},{"taxonomy":"producer","embeddable":true,"href":"https:\/\/www.rome.info\/pt\/wp-json\/wp\/v2\/producer?post=304"}],"curies":[{"name":"wp","href":"https:\/\/api.w.org\/{rel}","templated":true}]}}