{"id":301,"date":"2026-04-25T18:28:00","date_gmt":"2026-04-25T16:28:00","guid":{"rendered":"https:\/\/www.rome.info\/pt\/?page_id=301"},"modified":"2026-04-25T18:52:56","modified_gmt":"2026-04-25T16:52:56","slug":"vatican-city-pass","status":"publish","type":"page","link":"https:\/\/www.rome.info\/pt\/passes-turisticos\/vatican-city-pass\/","title":{"rendered":"Vatican City Pass"},"content":{"rendered":"\n<p class=\"is-style-lead\">Explora o pa\u00eds mais pequeno do mundo com este pr\u00e1tico passe tur\u00edstico de Roma.<\/p>\n\n\n\n<p>A Cidade do Vaticano pode ser um microestado min\u00fasculo, mas est\u00e1 repleta das melhores atra\u00e7\u00f5es. O Vatican City Pass \u00e9 o teu bilhete para descobrir tudo o que h\u00e1 para ver e fazer neste Patrim\u00f3nio Mundial da UNESCO.<\/p>\n\n\n\n<div class=\"ms-cta-button ms-p ms-cta\">\n<a class=\"gb-text ms-btn ms-btn--primary ms-shadow\" href=\"https:\/\/www.tiqets.com\/pt\/rome-attractions-c71631\/the-vatican-city-pass-p1012497\/?partner=romeinfo\" rel=\"nofollow noopener\">Verificar Disponibilidade -><\/a>\n<\/div>\n\n\n\n<h2 class=\"wp-block-heading\">Destaques<\/h2>\n\n\n\n<ul class=\"ms-icon-list\">\n<li class=\"ms-icon-list__item\"><span class=\"gb-shape\"><svg viewBox=\"0 0 256 256\" fill=\"#000000\" height=\"32\" width=\"32\" xmlns=\"http:\/\/www.w3.org\/2000\/svg\"><path d=\"M232.49,80.49l-128,128a12,12,0,0,1-17,0l-56-56a12,12,0,1,1,17-17L96,183,215.51,63.51a12,12,0,0,1,17,17Z\"><\/path><\/svg><\/span><span class=\"gb-text\">Desfruta de um tour guiado pela ic\u00f3nica Bas\u00edlica de S\u00e3o Pedro, a maior igreja do mundo.<\/span><\/li>\n\n\n\n<li class=\"ms-icon-list__item\"><span class=\"gb-shape\"><svg viewBox=\"0 0 256 256\" fill=\"#000000\" height=\"32\" width=\"32\" xmlns=\"http:\/\/www.w3.org\/2000\/svg\"><path d=\"M232.49,80.49l-128,128a12,12,0,0,1-17,0l-56-56a12,12,0,1,1,17-17L96,183,215.51,63.51a12,12,0,0,1,17,17Z\"><\/path><\/svg><\/span><span class=\"gb-text\">Poupa tempo a admirar arte de classe mundial nos Museus do Vaticano com bilhetes sem filas.<\/span><\/li>\n\n\n\n<li class=\"ms-icon-list__item\"><span class=\"gb-shape\"><svg viewBox=\"0 0 256 256\" fill=\"#000000\" height=\"32\" width=\"32\" xmlns=\"http:\/\/www.w3.org\/2000\/svg\"><path d=\"M232.49,80.49l-128,128a12,12,0,0,1-17,0l-56-56a12,12,0,1,1,17-17L96,183,215.51,63.51a12,12,0,0,1,17,17Z\"><\/path><\/svg><\/span><span class=\"gb-text\">Descobre novas perspetivas sobre os famosos afrescos de Michelangelo na Capela Sistina com um audioguia completo.<\/span><\/li>\n<\/ul>\n\n\n\n<h2 class=\"wp-block-heading\">O Que Est\u00e1 Inclu\u00eddo<\/h2>\n\n\n\n<p><a href=\"https:\/\/www.tiqets.com\/pt\/rome-attractions-c71631\/the-vatican-city-pass-p1012497\/?partner=romeinfo\" rel=\"nofollow noopener\">O Vatican City Pass<\/a> \u00e9 uma ferramenta essencial para qualquer visita abrangente \u00e0 Cidade do Vaticano. Aqui est\u00e1 a lista do que podes desfrutar com ele.<\/p>\n\n\n\n<h3 class=\"wp-block-heading\">Bas\u00edlica de S\u00e3o Pedro<\/h3>\n\n\n<div class=\"ms-credits\">\n<img decoding=\"async\" class=\"gb-media-8e735582\" alt=\"A Bas\u00edlica de S\u00e3o Pedro vista do exterior.\" src=\"https:\/\/www.rome.info\/wp-content\/uploads\/f-st-peters-basilica-1.jpg\" title=\"St. Peter's Basilica\"\/>\n<span class='ms-credits__info' id='media901'><svg xmlns=\"http:\/\/www.w3.org\/2000\/svg\" width=\"20\" height=\"22\" fill=\"#000000\" viewBox=\"0 0 256 256\"><path d=\"M128,24A104,104,0,1,0,232,128,104.11,104.11,0,0,0,128,24Zm0,192a88,88,0,1,1,88-88A88.1,88.1,0,0,1,128,216ZM96,128a32,32,0,0,0,57.6,19.2,8,8,0,0,1,12.8,9.61,48,48,0,1,1,0-57.62,8,8,0,0,1-12.8,9.61A32,32,0,0,0,96,128Z\"><\/path><\/svg>MichalLudwiczak\/<a href=https:\/\/depositphotos.com\/59477977\/stock-photo-st-peters-basilica-in-the.html rel='nofollow' target='_blank'>Depositphotos<\/a><\/span><span class='ms-credits__btn' id='btn_media901' onclick='ms_credits_trigger(\"#media901\", this)'><svg xmlns=\"http:\/\/www.w3.org\/2000\/svg\" class=\"info_icon\" width=\"28\" height=\"28\" fill=\"#FFF\" viewBox=\"0 0 256 256\"><path d=\"M128,24A104,104,0,1,0,232,128,104.11,104.11,0,0,0,128,24Zm0,192a88,88,0,1,1,88-88A88.1,88.1,0,0,1,128,216Zm16-40a8,8,0,0,1-8,8,16,16,0,0,1-16-16V128a8,8,0,0,1,0-16,16,16,0,0,1,16,16v40A8,8,0,0,1,144,176ZM112,84a12,12,0,1,1,12,12A12,12,0,0,1,112,84Z\"><\/path><\/svg><svg xmlns=\"http:\/\/www.w3.org\/2000\/svg\" class=\"close_icon\" width=\"28\" height=\"28\" fill=\"#FFF\" viewBox=\"0 0 256 256\"><path d=\"M165.66,101.66,139.31,128l26.35,26.34a8,8,0,0,1-11.32,11.32L128,139.31l-26.34,26.35a8,8,0,0,1-11.32-11.32L116.69,128,90.34,101.66a8,8,0,0,1,11.32-11.32L128,116.69l26.34-26.35a8,8,0,0,1,11.32,11.32ZM232,128A104,104,0,1,1,128,24,104.11,104.11,0,0,1,232,128Zm-16,0a88,88,0,1,0-88,88A88.1,88.1,0,0,0,216,128Z\"><\/path><\/svg><\/span><\/div>\n\n\n<p>A <a href=\"https:\/\/www.rome.info\/pt\/atracoes\/basilica-de-sao-pedro\/\">Bas\u00edlica de S\u00e3o Pedro<\/a> \u00e9 o edif\u00edcio mais sagrado da cristandade e um dos melhores exemplos de arquitetura renascentista. Para al\u00e9m de ser a maior igreja do mundo, \u00e9 tamb\u00e9m uma das mais belas.<\/p>\n\n\n\n<p>Desfruta de um tour guiado desta enorme bas\u00edlica com um guia oficial do Vaticano. Dispon\u00edvel em ingl\u00eas ou franc\u00eas, o teu guia leva-te pela hist\u00f3ria da bas\u00edlica, bem como por alguns dos seus tesouros art\u00edsticos, como o <em>Baldaquino<\/em> de <a href=\"https:\/\/www.rome.info\/artists\/bernini\/\">Bernini<\/a> e <a href=\"https:\/\/www.rome.info\/artists\/michelangelo\/pieta\/\">a Piet\u00e0 de Michelangelo<\/a>.&nbsp;<\/p>\n\n\n\n<h3 class=\"wp-block-heading\">Os Museus do Vaticano<\/h3>\n\n\n<div class=\"ms-credits\">\n<img decoding=\"async\" class=\"gb-media-a932b527\" alt=\"Edif\u00edcio da c\u00fapula e jardins dos Museus do Vaticano em Roma\" src=\"https:\/\/www.rome.info\/wp-content\/uploads\/f-rome-vatican-museum-dome-building.jpg\" title=\"Vatican Musuems Dome Building\"\/>\n<span class='ms-credits__info' id='media849'>Pixabay Licensemochilazocultural\/<a href=https:\/\/pixabay.com\/photos\/rome-vatican-museum-dome-building-2527666\/ rel='nofollow' target='_blank'>Pixabay<\/a><\/span><span class='ms-credits__btn' id='btn_media849' onclick='ms_credits_trigger(\"#media849\", this)'><svg xmlns=\"http:\/\/www.w3.org\/2000\/svg\" class=\"info_icon\" width=\"28\" height=\"28\" fill=\"#FFF\" viewBox=\"0 0 256 256\"><path d=\"M128,24A104,104,0,1,0,232,128,104.11,104.11,0,0,0,128,24Zm0,192a88,88,0,1,1,88-88A88.1,88.1,0,0,1,128,216Zm16-40a8,8,0,0,1-8,8,16,16,0,0,1-16-16V128a8,8,0,0,1,0-16,16,16,0,0,1,16,16v40A8,8,0,0,1,144,176ZM112,84a12,12,0,1,1,12,12A12,12,0,0,1,112,84Z\"><\/path><\/svg><svg xmlns=\"http:\/\/www.w3.org\/2000\/svg\" class=\"close_icon\" width=\"28\" height=\"28\" fill=\"#FFF\" viewBox=\"0 0 256 256\"><path d=\"M165.66,101.66,139.31,128l26.35,26.34a8,8,0,0,1-11.32,11.32L128,139.31l-26.34,26.35a8,8,0,0,1-11.32-11.32L116.69,128,90.34,101.66a8,8,0,0,1,11.32-11.32L128,116.69l26.34-26.35a8,8,0,0,1,11.32,11.32ZM232,128A104,104,0,1,1,128,24,104.11,104.11,0,0,1,232,128Zm-16,0a88,88,0,1,0-88,88A88.1,88.1,0,0,0,216,128Z\"><\/path><\/svg><\/span><\/div>\n\n\n<p>Os <a href=\"https:\/\/www.rome.info\/pt\/atracoes\/museus-do-vaticano\/\">Museus do Vaticano<\/a> albergam aproximadamente 70 000 obras de arte em 54 galerias diferentes e s\u00e3o um dos museus de <a href=\"https:\/\/www.rome.info\/artists\/\">arte<\/a> mais populares do mundo, atraindo milh\u00f5es de visitantes por ano. Isto pode criar filas muito longas s\u00f3 para entrar no edif\u00edcio.<\/p>\n\n\n\n<p>Felizmente, <a href=\"https:\/\/www.tiqets.com\/pt\/rome-attractions-c71631\/the-vatican-city-pass-p1012497\/?partner=romeinfo\" rel=\"nofollow noopener\">o Vatican City Pass<\/a> oferece bilhetes de entrada sem filas para as atra\u00e7\u00f5es de Roma e para todas as galerias abertas, que podes explorar ao teu pr\u00f3prio ritmo. Descobre obras-primas desde a antiga Etr\u00faria at\u00e9 ao Renascimento romano, com trabalhos de artistas como <a href=\"https:\/\/www.rome.info\/artists\/michelangelo\/\">Michelangelo<\/a>, Rafael, <a href=\"https:\/\/www.rome.info\/artists\/caravaggio\/\">Caravaggio<\/a> e Pinturicchio, entre muitos outros.<\/p>\n\n\n\n<h3 class=\"wp-block-heading\">A Capela Sistina<\/h3>\n\n\n\n<figure><div class=\"ms-credits\">\n<img decoding=\"async\" class=\"gb-media-5c79d7c1\" alt=\"O afresco do Ju\u00edzo Final de Michelangelo na parede do altar da Capela Sistina, rodeado pelos afrescos das paredes laterais com cenas da vida de Mois\u00e9s e de Cristo.\" src=\"https:\/\/www.rome.info\/wp-content\/uploads\/sistine-chapel-last-judgment-1747026474.jpg\" title=\"sistine-chapel-last-judgment-1747026474\"\/>\n<span class='ms-credits__info' id='media2713'><svg xmlns=\"http:\/\/www.w3.org\/2000\/svg\" width=\"20\" height=\"22\" fill=\"#000000\" viewBox=\"0 0 256 256\"><path d=\"M128,24A104,104,0,1,0,232,128,104.11,104.11,0,0,0,128,24Zm0,192a88,88,0,1,1,88-88A88.1,88.1,0,0,1,128,216ZM96,128a32,32,0,0,0,57.6,19.2,8,8,0,0,1,12.8,9.61,48,48,0,1,1,0-57.62,8,8,0,0,1-12.8,9.61A32,32,0,0,0,96,128Z\"><\/path><\/svg>ilfede\/<a href=https:\/\/depositphotos.com\/editorial\/michelangelo-fresco-in-the-the-sistine-chapel-vatican-12080565.html rel='nofollow' target='_blank'>Depositphotos<\/a><\/span><span class='ms-credits__btn' id='btn_media2713' onclick='ms_credits_trigger(\"#media2713\", this)'><svg xmlns=\"http:\/\/www.w3.org\/2000\/svg\" class=\"info_icon\" width=\"28\" height=\"28\" fill=\"#FFF\" viewBox=\"0 0 256 256\"><path d=\"M128,24A104,104,0,1,0,232,128,104.11,104.11,0,0,0,128,24Zm0,192a88,88,0,1,1,88-88A88.1,88.1,0,0,1,128,216Zm16-40a8,8,0,0,1-8,8,16,16,0,0,1-16-16V128a8,8,0,0,1,0-16,16,16,0,0,1,16,16v40A8,8,0,0,1,144,176ZM112,84a12,12,0,1,1,12,12A12,12,0,0,1,112,84Z\"><\/path><\/svg><svg xmlns=\"http:\/\/www.w3.org\/2000\/svg\" class=\"close_icon\" width=\"28\" height=\"28\" fill=\"#FFF\" viewBox=\"0 0 256 256\"><path d=\"M165.66,101.66,139.31,128l26.35,26.34a8,8,0,0,1-11.32,11.32L128,139.31l-26.34,26.35a8,8,0,0,1-11.32-11.32L116.69,128,90.34,101.66a8,8,0,0,1,11.32-11.32L128,116.69l26.34-26.35a8,8,0,0,1,11.32,11.32ZM232,128A104,104,0,1,1,128,24,104.11,104.11,0,0,1,232,128Zm-16,0a88,88,0,1,0-88,88A88.1,88.1,0,0,0,216,128Z\"><\/path><\/svg><\/span><\/div>\n\n\n<figcaption class=\"gb-text\">O famoso afresco do &#8216;Ju\u00edzo Final&#8217; de Michelangelo.<\/figcaption>\n<\/figure>\n\n\n\n<p>Tamb\u00e9m inclu\u00eddo no teu bilhete de entrada r\u00e1pida nos Museus do Vaticano est\u00e1 o acesso \u00e0 mundialmente famosa <a href=\"https:\/\/www.rome.info\/pt\/atracoes\/capela-sistina\/\">Capela Sistina<\/a>, o ponto alto de qualquer visita.<\/p>\n\n\n\n<p>Contempla o par de m\u00e3os mais ic\u00f3nico do mundo na <a href=\"https:\/\/www.rome.info\/artists\/michelangelo\/creation-of-adam\/\">Cria\u00e7\u00e3o de Ad\u00e3o de Michelangelo<\/a> e perde-te nos detalhes do seu famoso afresco, o <a href=\"https:\/\/www.rome.info\/artists\/michelangelo\/last-judgement\/\">Ju\u00edzo Final<\/a>, pintado sobre o altar. N\u00e3o te esque\u00e7as de admirar as outras paredes da capela pintadas por Botticelli, Perugino e outros.<\/p>\n\n\n\n<h3 class=\"wp-block-heading\">Audioguia de Roma<\/h3>\n\n\n\n<p>Impressiona amigos e fam\u00edlia com o teu conhecimento especializado de Roma ap\u00f3s usar a App City Audio Guide da POPGuide inclu\u00edda com <a href=\"https:\/\/www.rome.info\/pt\/passes-turisticos\/\">o teu passe tur\u00edstico de Roma<\/a>.<\/p>\n\n\n\n<p>\u00c9 um guia completo com imagens de alta qualidade, mapas interativos e coment\u00e1rios de especialistas locais sobre mais de 130 pontos de interesse em Roma. Dos principais monumentos, como o Coliseu, a joias escondidas, como a Casa di Goethe, h\u00e1 algo para todos apreciarem.<\/p>\n\n\n\n<h2 class=\"wp-block-heading\">Como Funciona<\/h2>\n\n\n\n<p>Para teres acesso a tudo o que <a href=\"https:\/\/www.tiqets.com\/pt\/rome-attractions-c71631\/the-vatican-city-pass-p1012497\/?partner=romeinfo\" rel=\"nofollow noopener\">o Vatican City Pass<\/a> tem para oferecer, basta reservar os teus bilhetes online selecionando o n\u00famero de participantes e o idioma em que queres o tour. Depois escolhes a data de in\u00edcio do pass (com dura\u00e7\u00e3o de tr\u00eas dias completos), preenches os teus dados pessoais e pagas online atrav\u00e9s de um sistema de pagamento seguro.<\/p>\n\n\n\n<p>Recebes confirma\u00e7\u00e3o imediata e os bilhetes para o teu e-mail. Recebes tamb\u00e9m um c\u00f3digo de desconto pessoal de 10% na tua pr\u00f3xima reserva numa atra\u00e7\u00e3o pr\u00f3xima.<\/p>\n\n\n\n<p>Ap\u00f3s a reserva, podes ent\u00e3o reservar a data ou os hor\u00e1rios para cada uma das atividades. E pronto! S\u00f3 tens de aparecer \u00e0 hora marcada, mostrar o bilhete impresso ou no telem\u00f3vel e desfrutar destas atra\u00e7\u00f5es incr\u00edveis.<\/p>\n","protected":false},"excerpt":{"rendered":"<p>Entrada sem filas e tours guiados nos principais locais do Vaticano, mais um audioguia da cidade.<\/p>\n","protected":false},"author":9,"featured_media":461,"parent":294,"menu_order":0,"comment_status":"closed","ping_status":"closed","template":"","meta":{"_acf_changed":false,"footnotes":"","button_url":"https:\/\/www.tiqets.com\/pt\/rome-attractions-c71631\/the-vatican-city-pass-p1012497\/?partner=romeinfo","ms_product_id":"","ms_product_name":"","ms_price":"","ms_currency":"","ms_rating_value":"","ms_review_count":"","rank_math_title":"Vatican City Pass: Fura Filas nas Principais Atra\u00e7\u00f5es","rank_math_description":"O Vatican City Pass inclui acesso sem fila aos Museus do Vaticano e \u00e0 Capela Sistina, com tours opcionais \u00e0 Bas\u00edlica de S\u00e3o Pedro e extras como audioguia ou entrada no Castel Sant'Angelo."},"post-style":[],"producer":[36],"class_list":["post-301","page","type-page","status-publish","has-post-thumbnail"],"acf":[],"product_schema":{"ms_product_id":"","ms_product_name":"","ms_price":"","ms_currency":"","ms_rating_value":"","ms_review_count":""},"_links":{"self":[{"href":"https:\/\/www.rome.info\/pt\/wp-json\/wp\/v2\/pages\/301","targetHints":{"allow":["GET"]}}],"collection":[{"href":"https:\/\/www.rome.info\/pt\/wp-json\/wp\/v2\/pages"}],"about":[{"href":"https:\/\/www.rome.info\/pt\/wp-json\/wp\/v2\/types\/page"}],"author":[{"embeddable":true,"href":"https:\/\/www.rome.info\/pt\/wp-json\/wp\/v2\/users\/9"}],"replies":[{"embeddable":true,"href":"https:\/\/www.rome.info\/pt\/wp-json\/wp\/v2\/comments?post=301"}],"version-history":[{"count":3,"href":"https:\/\/www.rome.info\/pt\/wp-json\/wp\/v2\/pages\/301\/revisions"}],"predecessor-version":[{"id":520,"href":"https:\/\/www.rome.info\/pt\/wp-json\/wp\/v2\/pages\/301\/revisions\/520"}],"up":[{"embeddable":true,"href":"https:\/\/www.rome.info\/pt\/wp-json\/wp\/v2\/pages\/294"}],"wp:featuredmedia":[{"embeddable":true,"href":"https:\/\/www.rome.info\/pt\/wp-json\/wp\/v2\/media\/461"}],"wp:attachment":[{"href":"https:\/\/www.rome.info\/pt\/wp-json\/wp\/v2\/media?parent=301"}],"wp:term":[{"taxonomy":"post-style","embeddable":true,"href":"https:\/\/www.rome.info\/pt\/wp-json\/wp\/v2\/post-style?post=301"},{"taxonomy":"producer","embeddable":true,"href":"https:\/\/www.rome.info\/pt\/wp-json\/wp\/v2\/producer?post=301"}],"curies":[{"name":"wp","href":"https:\/\/api.w.org\/{rel}","templated":true}]}}