{"id":296,"date":"2026-04-25T18:27:50","date_gmt":"2026-04-25T16:27:50","guid":{"rendered":"https:\/\/www.rome.info\/pt\/?page_id=296"},"modified":"2026-04-25T18:39:41","modified_gmt":"2026-04-25T16:39:41","slug":"aeroporto","status":"publish","type":"page","link":"https:\/\/www.rome.info\/pt\/aeroporto\/","title":{"rendered":"Aeroportos de Roma"},"content":{"rendered":"\n<p class=\"is-style-lead\">Roma \u00e9 servida por dois aeroportos: o Aeroporto Internacional Leonardo da Vinci (FCO) e o Aeroporto Giovan Battista Pastine, tamb\u00e9m conhecido como Ciampino (CIA). Em conjunto, servem mais de 40 milh\u00f5es de passageiros por ano.&nbsp;<\/p>\n\n\n\n<p>Em baixo encontras uma vis\u00e3o geral dos dois aeroportos de Roma que te ajudar\u00e1 a perceber as diferen\u00e7as entre ambos e a escolher por qual deles entrar na tua <a href=\"https:\/\/www.rome.info\/plan\/\">visita a Roma<\/a>. Consulta as nossas p\u00e1ginas dedicadas ao <a href=\"https:\/\/www.rome.info\/pt\/aeroporto\/aeroporto-fiumicino\/\">Aeroporto de Fiumicino<\/a> e ao <a href=\"https:\/\/www.rome.info\/pt\/aeroporto\/aeroporto-ciampino\/\">Aeroporto de Ciampino<\/a> para guias mais detalhados.<\/p>\n\n\n\n<h2 class=\"wp-block-heading\">Aeroporto de Fiumicino (FCO)<\/h2>\n\n\n<figure>\n                    <div class=\"ms-credits\"><img decoding=\"async\" class=\"gb-image gb-image-7a441ad1\" src=\"https:\/\/www.rome.info\/wp-content\/uploads\/f-fiumicino-airport-sign.jpg\"><span class='ms-credits__info' id='media949'><svg xmlns=\"http:\/\/www.w3.org\/2000\/svg\" width=\"20\" height=\"22\" fill=\"#000000\" viewBox=\"0 0 256 256\"><path d=\"M128,24A104,104,0,1,0,232,128,104.11,104.11,0,0,0,128,24Zm0,192a88,88,0,1,1,88-88A88.1,88.1,0,0,1,128,216ZM96,128a32,32,0,0,0,57.6,19.2,8,8,0,0,1,12.8,9.61,48,48,0,1,1,0-57.62,8,8,0,0,1-12.8,9.61A32,32,0,0,0,96,128Z\"><\/path><\/svg><a href=https:\/\/depositphotos.com\/472745350\/stock-photo-commercial-plane-landing-reflecting-in.html rel='nofollow' target='_blank'>Depositphotos<\/a><\/span><span class='ms-credits__btn' id='btn_media949' onclick='ms_credits_trigger(\"#media949\", this)'><svg xmlns=\"http:\/\/www.w3.org\/2000\/svg\" class=\"info_icon\" width=\"28\" height=\"28\" fill=\"#FFF\" viewBox=\"0 0 256 256\"><path d=\"M128,24A104,104,0,1,0,232,128,104.11,104.11,0,0,0,128,24Zm0,192a88,88,0,1,1,88-88A88.1,88.1,0,0,1,128,216Zm16-40a8,8,0,0,1-8,8,16,16,0,0,1-16-16V128a8,8,0,0,1,0-16,16,16,0,0,1,16,16v40A8,8,0,0,1,144,176ZM112,84a12,12,0,1,1,12,12A12,12,0,0,1,112,84Z\"><\/path><\/svg><svg xmlns=\"http:\/\/www.w3.org\/2000\/svg\" class=\"close_icon\" width=\"28\" height=\"28\" fill=\"#FFF\" viewBox=\"0 0 256 256\"><path d=\"M165.66,101.66,139.31,128l26.35,26.34a8,8,0,0,1-11.32,11.32L128,139.31l-26.34,26.35a8,8,0,0,1-11.32-11.32L116.69,128,90.34,101.66a8,8,0,0,1,11.32-11.32L128,116.69l26.34-26.35a8,8,0,0,1,11.32,11.32ZM232,128A104,104,0,1,1,128,24,104.11,104.11,0,0,1,232,128Zm-16,0a88,88,0,1,0-88,88A88.1,88.1,0,0,0,216,128Z\"><\/path><\/svg><\/span><\/div><\/figure>\n\n\n<p>O Aeroporto Internacional Leonardo da Vinci, tamb\u00e9m conhecido como Fiumicino, \u00e9 o aeroporto principal de Roma. Tem todos os servi\u00e7os e instala\u00e7\u00f5es que se esperam de um grande aeroporto internacional, tornando a tua passagem o mais simples e confort\u00e1vel poss\u00edvel.<\/p>\n\n\n\n<p>Aberto 24 horas, recomendamos que chegues durante o dia, pois os servi\u00e7os e as <a href=\"https:\/\/www.rome.info\/pt\/transportes\/\">op\u00e7\u00f5es de transporte<\/a> s\u00e3o mais limitados durante a noite.<\/p>\n\n\n\n<p>O aeroporto tem quatro terminais, embora apenas dois estejam em funcionamento neste momento: os Terminais 1 e 3. Aqui operam tanto voos dom\u00e9sticos como internacionais.<\/p>\n\n\n\n<p>As instala\u00e7\u00f5es e servi\u00e7os do aeroporto incluem caixas autom\u00e1ticas e balc\u00f5es de c\u00e2mbio de moeda em ambos os terminais, bem como pontos de informa\u00e7\u00e3o distribu\u00eddos por todo o espa\u00e7o.<\/p>\n\n\n\n<p>H\u00e1 uma farm\u00e1cia no Terminal 3 e primeiros socorros dispon\u00edveis 24 horas para todos os passageiros. O dep\u00f3sito de bagagem encontra-se nas Chegadas do Terminal 3. O aeroporto disp\u00f5e ainda de Wi-Fi gratuito e ilimitado em todas as \u00e1reas.<\/p>\n\n\n\n<p>Na zona segura, o aeroporto oferece uma boa variedade de oportunidades para compras de \u00faltima hora: marcas de moda italiana, lojas gourmet, artigos em couro e tudo o que ficou por comprar enquanto te absorvias na arte e cultura de Roma.<\/p>\n\n\n\n<p>H\u00e1 tamb\u00e9m muitas op\u00e7\u00f5es de restaura\u00e7\u00e3o, incluindo o Eataly gourmet, bem como op\u00e7\u00f5es de fast food abertas 24 horas.<\/p>\n\n\n\n<p>Para escalas, h\u00e1 tr\u00eas op\u00e7\u00f5es nas proximidades: o Hotel HelloSky, situado dentro do aeroporto; o Hilton Hotel, de categoria superior, acess\u00edvel a p\u00e9; ou o Hotel Hilton Garden Inn, ao qual se chega de autocarro. O aeroporto tem tamb\u00e9m v\u00e1rios lounges confort\u00e1veis, muitos dos quais j\u00e1 \u00e9 poss\u00edvel aceder mediante o pagamento de uma taxa no pr\u00f3prio dia.<\/p>\n\n\n\n<h2 class=\"wp-block-heading\">Aeroporto de Ciampino (CIA)<\/h2>\n\n\n<figure>\n                    <div class=\"ms-credits\"><img decoding=\"async\" class=\"gb-image gb-image-5613de67\" src=\"https:\/\/www.rome.info\/wp-content\/uploads\/f-ciampino-airport.jpg\"><span class='ms-credits__info' id='media951'><svg xmlns=\"http:\/\/www.w3.org\/2000\/svg\" width=\"20\" height=\"22\" fill=\"#000000\" viewBox=\"0 0 256 256\"><path d=\"M128,24A104,104,0,1,0,232,128,104.11,104.11,0,0,0,128,24Zm0,192a88,88,0,1,1,88-88A88.1,88.1,0,0,1,128,216ZM96,128a32,32,0,0,0,57.6,19.2,8,8,0,0,1,12.8,9.61,48,48,0,1,1,0-57.62,8,8,0,0,1-12.8,9.61A32,32,0,0,0,96,128Z\"><\/path><\/svg><a href=https:\/\/depositphotos.com\/359151104\/stock-photo-rome-italy-september-2017-ciampino.html rel='nofollow' target='_blank'>Depositphotos<\/a><\/span><span class='ms-credits__btn' id='btn_media951' onclick='ms_credits_trigger(\"#media951\", this)'><svg xmlns=\"http:\/\/www.w3.org\/2000\/svg\" class=\"info_icon\" width=\"28\" height=\"28\" fill=\"#FFF\" viewBox=\"0 0 256 256\"><path d=\"M128,24A104,104,0,1,0,232,128,104.11,104.11,0,0,0,128,24Zm0,192a88,88,0,1,1,88-88A88.1,88.1,0,0,1,128,216Zm16-40a8,8,0,0,1-8,8,16,16,0,0,1-16-16V128a8,8,0,0,1,0-16,16,16,0,0,1,16,16v40A8,8,0,0,1,144,176ZM112,84a12,12,0,1,1,12,12A12,12,0,0,1,112,84Z\"><\/path><\/svg><svg xmlns=\"http:\/\/www.w3.org\/2000\/svg\" class=\"close_icon\" width=\"28\" height=\"28\" fill=\"#FFF\" viewBox=\"0 0 256 256\"><path d=\"M165.66,101.66,139.31,128l26.35,26.34a8,8,0,0,1-11.32,11.32L128,139.31l-26.34,26.35a8,8,0,0,1-11.32-11.32L116.69,128,90.34,101.66a8,8,0,0,1,11.32-11.32L128,116.69l26.34-26.35a8,8,0,0,1,11.32,11.32ZM232,128A104,104,0,1,1,128,24,104.11,104.11,0,0,1,232,128Zm-16,0a88,88,0,1,0-88,88A88.1,88.1,0,0,0,216,128Z\"><\/path><\/svg><\/span><\/div><\/figure>\n\n\n<p>O Aeroporto de Ciampino \u00e9 o aeroporto secund\u00e1rio de Roma. \u00c9 muito mais pequeno do que o FCO e, por isso, tem uma sele\u00e7\u00e3o mais limitada de servi\u00e7os e instala\u00e7\u00f5es. O que lhe falta em conforto e op\u00e7\u00f5es, compensa em simplicidade e proximidade ao centro da cidade.&nbsp;<\/p>\n\n\n\n<p>Ciampino pode ser mais limitado, mas tem todos os servi\u00e7os essenciais, como caixas autom\u00e1ticas, c\u00e2mbio de moeda, pontos de informa\u00e7\u00e3o tur\u00edstica e assist\u00eancia m\u00e9dica 24 horas. O Aeroporto de Ciampino oferece o mesmo servi\u00e7o de Wi-Fi gratuito que o Fiumicino.<\/p>\n\n\n\n<p>As op\u00e7\u00f5es de compras s\u00e3o limitadas, mas h\u00e1 uma loja duty-free, dois WH Smith e uma farm\u00e1cia sem receita. N\u00e3o esperes nada gourmet na alimenta\u00e7\u00e3o: s\u00e3o principalmente sandes, caf\u00e9s e fast food, mas n\u00e3o vais ficar sem comer antes do voo.<\/p>\n\n\n\n<p>Ciampino tem apenas um terminal e fecha todos os dias entre as 00:00 e as 04:30, pelo que n\u00e3o \u00e9 poss\u00edvel pernoitar no aeroporto. Para escalas, h\u00e1 uma sele\u00e7\u00e3o de hot\u00e9is nas proximidades, embora apenas alguns tenham servi\u00e7o de shuttle, e ter\u00e1s de os reservar antecipadamente e pagar por eles.&nbsp;<\/p>\n\n\n\n<h2 class=\"wp-block-heading\">Por Qual Aeroporto Devo Voar?<\/h2>\n\n\n<figure>\n                    <div class=\"ms-credits\"><img decoding=\"async\" class=\"gb-image gb-image-fdfdffe8\" src=\"https:\/\/www.rome.info\/wp-content\/uploads\/f-arrivals-departures.jpg\"><span class='ms-credits__info' id='media952'><svg xmlns=\"http:\/\/www.w3.org\/2000\/svg\" width=\"20\" height=\"22\" fill=\"#000000\" viewBox=\"0 0 256 256\"><path d=\"M128,24A104,104,0,1,0,232,128,104.11,104.11,0,0,0,128,24Zm0,192a88,88,0,1,1,88-88A88.1,88.1,0,0,1,128,216ZM96,128a32,32,0,0,0,57.6,19.2,8,8,0,0,1,12.8,9.61,48,48,0,1,1,0-57.62,8,8,0,0,1-12.8,9.61A32,32,0,0,0,96,128Z\"><\/path><\/svg><a href=https:\/\/depositphotos.com\/13126672\/stock-photo-airport.html rel='nofollow' target='_blank'>Depositphotos<\/a><\/span><span class='ms-credits__btn' id='btn_media952' onclick='ms_credits_trigger(\"#media952\", this)'><svg xmlns=\"http:\/\/www.w3.org\/2000\/svg\" class=\"info_icon\" width=\"28\" height=\"28\" fill=\"#FFF\" viewBox=\"0 0 256 256\"><path d=\"M128,24A104,104,0,1,0,232,128,104.11,104.11,0,0,0,128,24Zm0,192a88,88,0,1,1,88-88A88.1,88.1,0,0,1,128,216Zm16-40a8,8,0,0,1-8,8,16,16,0,0,1-16-16V128a8,8,0,0,1,0-16,16,16,0,0,1,16,16v40A8,8,0,0,1,144,176ZM112,84a12,12,0,1,1,12,12A12,12,0,0,1,112,84Z\"><\/path><\/svg><svg xmlns=\"http:\/\/www.w3.org\/2000\/svg\" class=\"close_icon\" width=\"28\" height=\"28\" fill=\"#FFF\" viewBox=\"0 0 256 256\"><path d=\"M165.66,101.66,139.31,128l26.35,26.34a8,8,0,0,1-11.32,11.32L128,139.31l-26.34,26.35a8,8,0,0,1-11.32-11.32L116.69,128,90.34,101.66a8,8,0,0,1,11.32-11.32L128,116.69l26.34-26.35a8,8,0,0,1,11.32,11.32ZM232,128A104,104,0,1,1,128,24,104.11,104.11,0,0,1,232,128Zm-16,0a88,88,0,1,0-88,88A88.1,88.1,0,0,0,216,128Z\"><\/path><\/svg><\/span><\/div><\/figure>\n\n\n<p>Apenas duas companhias a\u00e9reas de baixo custo operam a partir de Ciampino: a Wizzair e a Ryanair, que voam para mais de 50 pa\u00edses. \u00c9 prov\u00e1vel que, se fizeres um voo de baixo custo dentro da Europa, chegues a Ciampino.<\/p>\n\n\n\n<p>Fiumicino serve todos os destinos internacionais e n\u00e3o-Schengen, bem como destinos dom\u00e9sticos e Schengen. Algumas companhias de baixo custo tamb\u00e9m operam a partir daqui, por isso, se n\u00e3o te sentires confort\u00e1vel a voar para Ciampino, tens sempre uma alternativa.<\/p>\n\n\n\n<h2 class=\"wp-block-heading\">Transportes<\/h2>\n\n\n\n<p>Fiumicino fica a aproximadamente 30 km de Roma e Ciampino a metade dessa dist\u00e2ncia, mas ambos os aeroportos t\u00eam liga\u00e7\u00f5es ao centro da cidade. Fiumicino pode estar mais longe, mas tem muito mais op\u00e7\u00f5es para chegar ao centro; por outro lado, de t\u00e1xi pagar\u00e1s muito menos a partir de Ciampino.&nbsp;<\/p>\n\n\n\n<p>Consulta a nossa <a href=\"https:\/\/www.rome.info\/pt\/aeroporto\/transferencia-aeroporto\/\">p\u00e1gina de transfer\u00eancias do aeroporto<\/a> para mais informa\u00e7\u00f5es sobre este tema.<\/p>\n","protected":false},"excerpt":{"rendered":"","protected":false},"author":9,"featured_media":456,"parent":0,"menu_order":0,"comment_status":"closed","ping_status":"closed","template":"","meta":{"_acf_changed":false,"footnotes":"","button_url":"https:\/\/www.tiqets.com\/pt\/rome-attractions-c71631\/?partner=romeinfo","ms_product_id":"","ms_product_name":"","ms_price":"","ms_currency":"","ms_rating_value":"","ms_review_count":"","rank_math_title":"Aeroportos de Roma: Fiumicino (FCO) vs Ciampino (CIA)","rank_math_description":"Qual o aeroporto de Roma mais adequado para os teus planos? Diferen\u00e7as em localiza\u00e7\u00e3o, servi\u00e7os e transfer\u00eancias. Dicas r\u00e1pidas para escolheres o certo."},"post-style":[],"producer":[36],"class_list":["post-296","page","type-page","status-publish","has-post-thumbnail"],"acf":[],"product_schema":{"ms_product_id":"","ms_product_name":"","ms_price":"","ms_currency":"","ms_rating_value":"","ms_review_count":""},"_links":{"self":[{"href":"https:\/\/www.rome.info\/pt\/wp-json\/wp\/v2\/pages\/296","targetHints":{"allow":["GET"]}}],"collection":[{"href":"https:\/\/www.rome.info\/pt\/wp-json\/wp\/v2\/pages"}],"about":[{"href":"https:\/\/www.rome.info\/pt\/wp-json\/wp\/v2\/types\/page"}],"author":[{"embeddable":true,"href":"https:\/\/www.rome.info\/pt\/wp-json\/wp\/v2\/users\/9"}],"replies":[{"embeddable":true,"href":"https:\/\/www.rome.info\/pt\/wp-json\/wp\/v2\/comments?post=296"}],"version-history":[{"count":1,"href":"https:\/\/www.rome.info\/pt\/wp-json\/wp\/v2\/pages\/296\/revisions"}],"predecessor-version":[{"id":349,"href":"https:\/\/www.rome.info\/pt\/wp-json\/wp\/v2\/pages\/296\/revisions\/349"}],"wp:featuredmedia":[{"embeddable":true,"href":"https:\/\/www.rome.info\/pt\/wp-json\/wp\/v2\/media\/456"}],"wp:attachment":[{"href":"https:\/\/www.rome.info\/pt\/wp-json\/wp\/v2\/media?parent=296"}],"wp:term":[{"taxonomy":"post-style","embeddable":true,"href":"https:\/\/www.rome.info\/pt\/wp-json\/wp\/v2\/post-style?post=296"},{"taxonomy":"producer","embeddable":true,"href":"https:\/\/www.rome.info\/pt\/wp-json\/wp\/v2\/producer?post=296"}],"curies":[{"name":"wp","href":"https:\/\/api.w.org\/{rel}","templated":true}]}}