{"id":294,"date":"2026-04-25T18:27:47","date_gmt":"2026-04-25T16:27:47","guid":{"rendered":"https:\/\/www.rome.info\/pt\/?page_id=294"},"modified":"2026-04-25T18:39:00","modified_gmt":"2026-04-25T16:39:00","slug":"passes-turisticos","status":"publish","type":"page","link":"https:\/\/www.rome.info\/pt\/passes-turisticos\/","title":{"rendered":"Passes e Cart\u00f5es Tur\u00edsticos de Roma"},"content":{"rendered":"\n<p class=\"is-style-lead\">Roma \u00e9 visitada por milh\u00f5es de pessoas todos os anos. Como seria de esperar, as <a href=\"https:\/\/www.rome.info\/pt\/atracoes\/\">atra\u00e7\u00f5es tur\u00edsticas da cidade<\/a> est\u00e3o muitas vezes cheias e t\u00eam filas de espera enormes, especialmente na \u00e9poca alta.<\/p>\n\n\n\n<div class=\"ms-rounded ms-mb-last-child-0 ms-mb-block ms-tfs--contrast ms-p ms-tfs\">\n<h3 class=\"gb-text\">N\u00e3o sabes qual pass escolher?<\/h3>\n\n\n\n<p class=\"gb-text\">Compara os 6 passes de cidade de Roma lado a lado, com as atra\u00e7\u00f5es inclu\u00eddas e qual te permite poupar mais.<\/p>\n\n\n\n<p class=\"gb-text\"><a href=\"https:\/\/www.rome.info\/pt\/passes-turisticos\/comparacao\/\" data-type=\"link\" data-id=\"https:\/\/www.rome.info\/pt\/passes-turisticos\/comparacao\/\">Ver guia completo de compara\u00e7\u00e3o \u2192<\/a><\/p>\n<\/div>\n\n\n\n<h2 class=\"gb-text ms-text-context ms-text-lg\">Passes de cidade<\/h2>\n\n\n\n<hr class=\"wp-block-separator has-alpha-channel-opacity\"\/>\n\n\n\n<div class=\"ms-mb-block\"><div class=\"ms-card-looper\">\n<div class=\"gb-loop-item post-298 page type-page status-publish has-post-thumbnail\">\n<div class=\"ms-card-h ms-card\">\n<aside class=\"gb-element-59385eea\">\n<img decoding=\"async\" alt=\"\" data-media-id=\"458\" class=\"ms-rounded ms-card-h__image ms-card__image\" src=\"https:\/\/www.rome.info\/wp-content\/uploads\/rome-tourist-card-1754904695-768x432.jpg\"\/>\n<\/aside>\n\n\n\n<header class=\"ms-p-sm\">\n<h2 class=\"gb-text ms-text-lg ms-card-h__title ms-container-link ms-link-unstyled\"><a href=\"https:\/\/www.rome.info\/pt\/passes-turisticos\/rome-tourist-card\/\">Rome Tourist Card<\/a><\/h2>\n\n\n\n<p class=\"gb-text ms-text-sm ms-mb-0 ms-card-h__excerpt\">Fura filas no Coliseu, nos Museus do Vaticano, no Pante\u00e3o, na Bas\u00edlica de S\u00e3o Pedro e mais, mais um audioguia da cidade.<\/p>\n<\/header>\n<\/div>\n<\/div>\n\n<div class=\"gb-loop-item post-299 page type-page status-publish has-post-thumbnail\">\n<div class=\"ms-card-h ms-card\">\n<aside class=\"gb-element-59385eea\">\n<img decoding=\"async\" alt=\"\" data-media-id=\"459\" class=\"ms-rounded ms-card-h__image ms-card__image\" src=\"https:\/\/www.rome.info\/wp-content\/uploads\/roma-pass-1754904693-768x432.jpg\"\/>\n<\/aside>\n\n\n\n<header class=\"ms-p-sm\">\n<h2 class=\"gb-text ms-text-lg ms-card-h__title ms-container-link ms-link-unstyled\"><a href=\"https:\/\/www.rome.info\/pt\/passes-turisticos\/roma-pass\/\">Roma Pass<\/a><\/h2>\n\n\n\n<p class=\"gb-text ms-text-sm ms-mb-0 ms-card-h__excerpt\">Entrada gratuita em 1 ou 2 atra\u00e7\u00f5es principais, transporte p\u00fablico ilimitado durante 72h e acesso sem filas.<\/p>\n<\/header>\n<\/div>\n<\/div>\n\n<div class=\"gb-loop-item post-300 page type-page status-publish has-post-thumbnail\">\n<div class=\"ms-card-h ms-card\">\n<aside class=\"gb-element-59385eea\">\n<img decoding=\"async\" alt=\"\" data-media-id=\"460\" class=\"ms-rounded ms-card-h__image ms-card__image\" src=\"https:\/\/www.rome.info\/wp-content\/uploads\/go-city-rome-explorer-pass-1769200840-768x432.jpg\"\/>\n<\/aside>\n\n\n\n<header class=\"ms-p-sm\">\n<h2 class=\"gb-text ms-text-lg ms-card-h__title ms-container-link ms-link-unstyled\"><a href=\"https:\/\/www.rome.info\/pt\/passes-turisticos\/rome-explorer-pass\/\">Go City: Rome Explorer Pass<\/a><\/h2>\n\n\n\n<p class=\"gb-text ms-text-sm ms-mb-0 ms-card-h__excerpt\">Escolhe 2 a 7 atra\u00e7\u00f5es entre mais de 40 op\u00e7\u00f5es: Coliseu, Museus do Vaticano e mais, v\u00e1lido durante 30 dias ap\u00f3s ativa\u00e7\u00e3o.<\/p>\n<\/header>\n<\/div>\n<\/div>\n\n<div class=\"gb-loop-item post-301 page type-page status-publish has-post-thumbnail\">\n<div class=\"ms-card-h ms-card\">\n<aside class=\"gb-element-59385eea\">\n<img decoding=\"async\" alt=\"\" data-media-id=\"461\" class=\"ms-rounded ms-card-h__image ms-card__image\" src=\"https:\/\/www.rome.info\/wp-content\/uploads\/vatican-city-pass-1747300138-768x432.jpg\"\/>\n<\/aside>\n\n\n\n<header class=\"ms-p-sm\">\n<h2 class=\"gb-text ms-text-lg ms-card-h__title ms-container-link ms-link-unstyled\"><a href=\"https:\/\/www.rome.info\/pt\/passes-turisticos\/vatican-city-pass\/\">Vatican City Pass<\/a><\/h2>\n\n\n\n<p class=\"gb-text ms-text-sm ms-mb-0 ms-card-h__excerpt\">Entrada sem filas e tours guiados nos principais locais do Vaticano, mais um audioguia da cidade.<\/p>\n<\/header>\n<\/div>\n<\/div>\n\n<div class=\"gb-loop-item post-302 page type-page status-publish has-post-thumbnail\">\n<div class=\"ms-card-h ms-card\">\n<aside class=\"gb-element-59385eea\">\n<img decoding=\"async\" alt=\"\" data-media-id=\"462\" class=\"ms-rounded ms-card-h__image ms-card__image\" src=\"https:\/\/www.rome.info\/wp-content\/uploads\/turbopass-rome-1-1769540133-768x432.jpg\"\/>\n<\/aside>\n\n\n\n<header class=\"ms-p-sm\">\n<h2 class=\"gb-text ms-text-lg ms-card-h__title ms-container-link ms-link-unstyled\"><a href=\"https:\/\/www.rome.info\/pt\/passes-turisticos\/turbopass\/\">Turbopass Roma<\/a><\/h2>\n\n\n\n<p class=\"gb-text ms-text-sm ms-mb-0 ms-card-h__excerpt\">Acesso a mais de 20 atra\u00e7\u00f5es incluindo o Pante\u00e3o e o Castel Sant&#8217;Angelo, mais 48 horas de autocarro hop-on hop-off e tours guiados.<\/p>\n<\/header>\n<\/div>\n<\/div>\n\n<div class=\"gb-loop-item post-304 page type-page status-publish has-post-thumbnail\">\n<div class=\"ms-card-h ms-card\">\n<aside class=\"gb-element-59385eea\">\n<img decoding=\"async\" alt=\"\" data-media-id=\"464\" class=\"ms-rounded ms-card-h__image ms-card__image\" src=\"https:\/\/www.rome.info\/wp-content\/uploads\/omnia-card-1754973489-768x432.jpg\"\/>\n<\/aside>\n\n\n\n<header class=\"ms-p-sm\">\n<h2 class=\"gb-text ms-text-lg ms-card-h__title ms-container-link ms-link-unstyled\"><a href=\"https:\/\/www.rome.info\/pt\/passes-turisticos\/omnia-card\/\">Omnia Card<\/a><\/h2>\n\n\n\n<p class=\"gb-text ms-text-sm ms-mb-0 ms-card-h__excerpt\">Entrada r\u00e1pida no Vaticano, autocarros hop-on hop-off e muito mais \u2014 escolhe 24h ou 72h com benef\u00edcios extra.<\/p>\n<\/header>\n<\/div>\n<\/div>\n<\/div><\/div>\n\n\n\n<p class=\"is-style-lead\">No entanto, \u00e9 poss\u00edvel comprar bilhetes sem filas que n\u00e3o s\u00f3 te poupam tempo como tamb\u00e9m incluem visitas gratuitas a museus e outros descontos significativos. Com um cart\u00e3o de desconto de Roma, tens todos os teus bilhetes tratados antes de chegar.<\/p>\n\n\n\n<div class=\"ms-rounded ms-mb-last-child-0 ms-mb-block ms-tfs--contrast ms-p ms-tfs\">\n<h3 class=\"gb-text\">Procuras bilhetes individuais para atra\u00e7\u00f5es?<\/h3>\n\n\n\n<p class=\"gb-text\">Consulta o nosso guia completo das atra\u00e7\u00f5es de Roma, que inclui o Coliseu, os Museus do Vaticano, a Galeria Borghese e muito mais.<\/p>\n\n\n\n<p class=\"gb-text\"><a href=\"https:\/\/www.rome.info\/pt\/atracoes\/\" data-type=\"link\" data-id=\"https:\/\/www.rome.info\/pt\/passes-turisticos\/comparacao\/\">Ver todos os bilhetes para atra\u00e7\u00f5es de Roma \u2192<\/a><\/p>\n<\/div>\n","protected":false},"excerpt":{"rendered":"","protected":false},"author":9,"featured_media":0,"parent":0,"menu_order":0,"comment_status":"closed","ping_status":"closed","template":"","meta":{"_acf_changed":false,"footnotes":"","button_url":"https:\/\/www.tiqets.com\/pt\/rome-city-cards-l201350\/?partner=romeinfo","ms_product_id":"","ms_product_name":"","ms_price":"","ms_currency":"","ms_rating_value":"","ms_review_count":"","rank_math_title":"Passes Tur\u00edsticos de Roma: Os 6 Melhores Cart\u00f5es em %currentyear%","rank_math_description":"Descobre os melhores passes tur\u00edsticos de Roma em %currentyear%: Rome Tourist Card, Vatican City Pass, Roma Pass, Omnia Card, Go City Rome Explorer Pass, Turbopass. Compara e poupa tempo."},"post-style":[],"producer":[],"class_list":["post-294","page","type-page","status-publish","has-post-thumbnail"],"acf":[],"product_schema":{"ms_product_id":"","ms_product_name":"","ms_price":"","ms_currency":"","ms_rating_value":"","ms_review_count":""},"_links":{"self":[{"href":"https:\/\/www.rome.info\/pt\/wp-json\/wp\/v2\/pages\/294","targetHints":{"allow":["GET"]}}],"collection":[{"href":"https:\/\/www.rome.info\/pt\/wp-json\/wp\/v2\/pages"}],"about":[{"href":"https:\/\/www.rome.info\/pt\/wp-json\/wp\/v2\/types\/page"}],"author":[{"embeddable":true,"href":"https:\/\/www.rome.info\/pt\/wp-json\/wp\/v2\/users\/9"}],"replies":[{"embeddable":true,"href":"https:\/\/www.rome.info\/pt\/wp-json\/wp\/v2\/comments?post=294"}],"version-history":[{"count":1,"href":"https:\/\/www.rome.info\/pt\/wp-json\/wp\/v2\/pages\/294\/revisions"}],"predecessor-version":[{"id":347,"href":"https:\/\/www.rome.info\/pt\/wp-json\/wp\/v2\/pages\/294\/revisions\/347"}],"wp:attachment":[{"href":"https:\/\/www.rome.info\/pt\/wp-json\/wp\/v2\/media?parent=294"}],"wp:term":[{"taxonomy":"post-style","embeddable":true,"href":"https:\/\/www.rome.info\/pt\/wp-json\/wp\/v2\/post-style?post=294"},{"taxonomy":"producer","embeddable":true,"href":"https:\/\/www.rome.info\/pt\/wp-json\/wp\/v2\/producer?post=294"}],"curies":[{"name":"wp","href":"https:\/\/api.w.org\/{rel}","templated":true}]}}