{"id":320,"date":"2026-04-27T19:06:50","date_gmt":"2026-04-27T17:06:50","guid":{"rendered":"https:\/\/www.rome.info\/pl\/?page_id=320"},"modified":"2026-04-27T20:02:16","modified_gmt":"2026-04-27T18:02:16","slug":"tramwaj","status":"publish","type":"page","link":"https:\/\/www.rome.info\/pl\/transport\/komunikacja-miejska\/tramwaj\/","title":{"rendered":"Tramwaje w Rzymie"},"content":{"rendered":"\n<p class=\"is-style-lead\">Cho\u0107 tramwaje nie tworz\u0105 najrozleglejszej sieci transportu publicznego w mie\u015bcie, uchodz\u0105 za najczystsz\u0105 i najsprawniejsz\u0105 opcj\u0119. Pozwalaj\u0105 dotrze\u0107 do Watykanu i Koloseum, a tak\u017ce do kulinarnej dzielnicy Trastevere.<\/p>\n\n\n\n<p>Oto wszystko, co musisz wiedzie\u0107.<\/p>\n\n\n<figure>\n                    <div class=\"ms-credits\"><img decoding=\"async\" class=\"gb-image gb-image-9b59990c\" src=\"https:\/\/www.rome.info\/wp-content\/uploads\/rome-tram-1747627226.jpg\" alt=\"Tramwaj linii 8 przeje\u017cd\u017caj\u0105cy przez Largo Argentina w Rzymie.\" title=\"rome-tram-1747627226\"><span class='ms-credits__info' id='media2913'><svg xmlns=\"http:\/\/www.w3.org\/2000\/svg\" width=\"20\" height=\"22\" fill=\"#000000\" viewBox=\"0 0 256 256\"><path d=\"M128,24A104,104,0,1,0,232,128,104.11,104.11,0,0,0,128,24Zm0,192a88,88,0,1,1,88-88A88.1,88.1,0,0,1,128,216ZM96,128a32,32,0,0,0,57.6,19.2,8,8,0,0,1,12.8,9.61,48,48,0,1,1,0-57.62,8,8,0,0,1-12.8,9.61A32,32,0,0,0,96,128Z\"><\/path><\/svg>rarrarorro\/<a href=https:\/\/depositphotos.com\/editorial\/tram-in-rome-154958088.html rel='nofollow' target='_blank'>Depositphotos<\/a><\/span><span class='ms-credits__btn' id='btn_media2913' onclick='ms_credits_trigger(\"#media2913\", this)'><svg xmlns=\"http:\/\/www.w3.org\/2000\/svg\" class=\"info_icon\" width=\"28\" height=\"28\" fill=\"#FFF\" viewBox=\"0 0 256 256\"><path d=\"M128,24A104,104,0,1,0,232,128,104.11,104.11,0,0,0,128,24Zm0,192a88,88,0,1,1,88-88A88.1,88.1,0,0,1,128,216Zm16-40a8,8,0,0,1-8,8,16,16,0,0,1-16-16V128a8,8,0,0,1,0-16,16,16,0,0,1,16,16v40A8,8,0,0,1,144,176ZM112,84a12,12,0,1,1,12,12A12,12,0,0,1,112,84Z\"><\/path><\/svg><svg xmlns=\"http:\/\/www.w3.org\/2000\/svg\" class=\"close_icon\" width=\"28\" height=\"28\" fill=\"#FFF\" viewBox=\"0 0 256 256\"><path d=\"M165.66,101.66,139.31,128l26.35,26.34a8,8,0,0,1-11.32,11.32L128,139.31l-26.34,26.35a8,8,0,0,1-11.32-11.32L116.69,128,90.34,101.66a8,8,0,0,1,11.32-11.32L128,116.69l26.34-26.35a8,8,0,0,1,11.32,11.32ZM232,128A104,104,0,1,1,128,24,104.11,104.11,0,0,1,232,128Zm-16,0a88,88,0,1,0-88,88A88.1,88.1,0,0,0,216,128Z\"><\/path><\/svg><\/span><\/div><\/figure>\n\n\n<h2 class=\"wp-block-heading\">Linie tramwajowe<\/h2>\n\n\n\n<p>\u0141\u0105cznie jest sze\u015b\u0107 linii, kt\u00f3re \u2014 \u017ceby by\u0142o troch\u0119 bardziej zagmatwanie \u2014 nie s\u0105 ponumerowane od jednego do sze\u015bciu.<\/p>\n\n\n\n<ul class=\"wp-block-list\">\n<li>Linia 2: Piazza Flaminio \u2013 Piazza Mancini.<\/li>\n\n\n\n<li>Linia 3: Valle Giulia \u2013 Trastevere.<\/li>\n\n\n\n<li>Linia 5: Roma Termini \u2013 Piazza dei Gerani.<\/li>\n\n\n\n<li>Linia 8: Piazza Venezia \u2013 Via del Casaletto (Trastevere).<\/li>\n\n\n\n<li>Linia 14: Termini \u2013 Togliatti.<\/li>\n\n\n\n<li>Linia 19: Piazza Risorgimento (w pobli\u017cu Watykanu) \u2013 Piazza dei Gerani.<\/li>\n<\/ul>\n\n\n\n<p>Tramwaje zazwyczaj kursuj\u0105 co 5\u201310 minut, cho\u0107 w niedziel\u0119 czas oczekiwania mo\u017ce by\u0107 d\u0142u\u017cszy z powodu mniejszej liczby sk\u0142ad\u00f3w.<\/p>\n\n\n\n<p>Wi\u0119kszo\u015b\u0107 linii tramwajowych nie jest szczeg\u00f3lnie przydatna dla turyst\u00f3w, poniewa\u017c nie przebiega przez historyczne centrum i nie obejmuje szerokiego obszaru Rzymu. Wiele z nich dowiezie Ci\u0119 jednak blisko innych <a href=\"https:\/\/www.rome.info\/pl\/transport\/\">\u015brodk\u00f3w transportu<\/a>, takich jak <a href=\"https:\/\/www.rome.info\/pl\/transport\/komunikacja-miejska\/metro\/\">metro<\/a> czy <a href=\"https:\/\/www.rome.info\/pl\/transport\/pociagi\/\">dworce kolejowe<\/a>.<\/p>\n\n\n\n<p>Najbardziej przydatne dla turyst\u00f3w s\u0105 linie 3, 8 i 19. Linia 3 jedzie do zielonej dzielnicy Trastevere z <a href=\"https:\/\/www.rome.info\/pl\/atrakcje\/villa-borghese\/\">Villa Borghese<\/a>, zatrzymuj\u0105c si\u0119 po drodze przy <a href=\"https:\/\/www.rome.info\/pl\/atrakcje\/koloseum\/\" data-type=\"link\" data-id=\"https:\/\/www.rome.info\/pl\/atrakcje\/koloseum\/\">Koloseum<\/a>. Linia 8 przeje\u017cd\u017ca przez centrum do Trastevere, a linia 19 jedzie do Watykanu.<\/p>\n\n\n\n<h2 class=\"wp-block-heading\">Jak korzysta\u0107 z tramwaj\u00f3w w Rzymie<\/h2>\n\n\n\n<h3 class=\"wp-block-heading\">Bilety i op\u0142aty tramwajowe<\/h3>\n\n\n\n<p>W Rzymie bilety s\u0105 wa\u017cne na wszystkie miejskie \u015brodki transportu publicznego. Pami\u0119taj, \u017ce musisz je kupi\u0107 z wyprzedzeniem. Niekt\u00f3re tramwaje maj\u0105 ju\u017c system tap-on tap-off, gdzie mo\u017cesz zap\u0142aci\u0107 kart\u0105 p\u0142atnicz\u0105, ale w wi\u0119kszo\u015bci przypadk\u00f3w nie da si\u0119 kupi\u0107 biletu w tramwaju.<\/p>\n\n\n\n<p>Bilety kupisz w automatach przy g\u0142\u00f3wnych przystankach autobusowych, stacjach metra i w punktach sprzeda\u017cy tytoniowej (Tabacchi). Te ostatnie \u0142atwo rozpozna\u0107 po du\u017cej literze T przed wej\u015bciem.<\/p>\n\n\n\n<p>Je\u015bli wolisz bilet elektroniczny, mo\u017cesz pobra\u0107 aplikacj\u0119 TicketAppy \u2014 oficjaln\u0105 aplikacj\u0119 rzymskiej komunikacji miejskiej.<\/p>\n\n\n\n<p>E-bilet w aplikacji TicketAppy:<\/p>\n\n\n\n<p>Pami\u0119taj, \u017ce jazda bez biletu mo\u017ce skutkowa\u0107 mandatem w wysoko\u015bci od 50 \u20ac do 100 \u20ac.<\/p>\n\n\n\n<h3 class=\"wp-block-heading\">Bilet jednorazowy<\/h3>\n\n\n\n<p>Jest bardzo przyst\u0119pny cenowo (1,50 \u20ac) i wa\u017cny przez 100 minut od skasowania. Mo\u017cna go wykorzysta\u0107 na dwa lub wi\u0119cej przejazd\u00f3w tramwajem lub autobusem w ci\u0105gu 100 minut. Obejmuje te\u017c jeden przejazd metrem lub miejsk\u0105 kolej\u0105.<\/p>\n\n\n\n<h3 class=\"wp-block-heading\">Bilet 24-godzinny<\/h3>\n\n\n\n<p>Op\u0142acalna opcja, je\u015bli planujesz kilka przejazd\u00f3w tramwajem, autobusem i metrem w ci\u0105gu dnia. Za 7 \u20ac uzyskujesz nieograniczony dost\u0119p do komunikacji miejskiej w Rzymie od pierwszego skasowania przez kolejne 24 godziny.<\/p>\n\n\n\n<h3 class=\"wp-block-heading\">Bilet 48-godzinny<\/h3>\n\n\n\n<p>Karnet 48-godzinny dzia\u0142a tak samo jak 24-godzinny. Kosztuje 12,50 \u20ac.<\/p>\n\n\n\n<h3 class=\"wp-block-heading\">Bilet 72-godzinny:<\/h3>\n\n\n\n<p>Za 18 \u20ac to jedna z najlepszych opcji, je\u015bli odwiedzasz Rzym na weekend.<\/p>\n\n\n\n<h3 class=\"wp-block-heading\">Karnet tygodniowy (CIS):<\/h3>\n\n\n\n<p>Karnet tygodniowy jest wa\u017cny od pierwszego skasowania do p\u00f3\u0142nocy si\u00f3dmego dnia. Kosztuje 24 \u20ac.<\/p>\n\n\n\n<h3 class=\"wp-block-heading\">Roma Pass<\/h3>\n\n\n\n<p>Alternatyw\u0105 jest zakup <a href=\"https:\/\/www.rome.info\/pl\/karty-turystyczne\/roma-pass\/\">Roma Pass<\/a> dla turyst\u00f3w. Daje zni\u017cki zar\u00f3wno na komunikacj\u0119 miejsk\u0105, jak i na wybrane <a href=\"https:\/\/www.rome.info\/pl\/atrakcje\/\">atrakcje<\/a>. Dost\u0119pny w wi\u0119kszo\u015bci biur informacji turystycznej.<\/p>\n\n\n\n<h2 class=\"wp-block-heading\">Planuj tras\u0119<\/h2>\n\n\n\n<p>Tras\u0119 mo\u017cesz zaplanowa\u0107, przegl\u0105daj\u0105c map\u0119 tramwajow\u0105. Mapy pokazuj\u0105 wszystkie linie z kolorowym oznaczeniem i liczb\u0105 przystank\u00f3w. Zaznaczone s\u0105 te\u017c wszystkie po\u0142\u0105czenia tramwaj\u00f3w z metrem, co u\u0142atwia planowanie.<\/p>\n\n\n\n<p>Ka\u017cda linia ma sw\u00f3j kolor:<\/p>\n\n\n\n<ul class=\"wp-block-list\">\n<li>Linia 2 \u2013 ciemnoniebieska.<\/li>\n\n\n\n<li>Linia 3 \u2013 zielona.<\/li>\n\n\n\n<li>Linia 5 \u2013 czerwona.<\/li>\n\n\n\n<li>Linia 8 \u2013 \u017c\u00f3\u0142ta\/limonkowa.<\/li>\n\n\n\n<li>Linia 14 \u2013 jasnoniebieska.<\/li>\n\n\n\n<li>Linia 19 \u2013 pomara\u0144czowa.<\/li>\n<\/ul>\n\n\n\n<p>Jak zobaczy\u0107 map\u0119 sieci tramwajowej w Rzymie:<\/p>\n\n\n\n<ul class=\"wp-block-list\">\n<li>Odwied\u017a <a href=\"https:\/\/www.atac.roma.it\/en\/utility\/maps\" rel=\"nofollow noopener\"><strong>oficjaln\u0105 stron\u0119 ATAC<\/strong><\/a>, gdzie mo\u017cesz pobra\u0107 aktualn\u0105 map\u0119 do wydrukowania.<\/li>\n\n\n\n<li>Sprawd\u017a tablice na przystankach tramwajowych przy wi\u0119kszo\u015bci stacji metra i wewn\u0105trz tramwaj\u00f3w.<\/li>\n\n\n\n<li>Korzystaj z aplikacji jak Google Maps, CityMapper i Moovit.<\/li>\n<\/ul>\n\n\n\n<p>Znajd\u017a sw\u00f3j przystanek i poczekaj na tramwaj. Gdy wszyscy pasa\u017cerowie wysi\u0105d\u0105, mo\u017cesz wsi\u0105\u015b\u0107.<\/p>\n\n\n\n<h3 class=\"wp-block-heading\">Kasowanie biletu<\/h3>\n\n\n\n<p>Po wej\u015bciu do tramwaju musisz skasowa\u0107 papierowy bilet w jednym z kasownik\u00f3w. W\u0142\u00f3\u017c koniec z grotem do szczeliny, a automat ostempluje bilet. Je\u015bli kasownik jest zepsuty, napisz na bilecie dat\u0119 i godzin\u0119 \u2014 trzymaj przy sobie d\u0142ugopis.<\/p>\n\n\n\n<h3 class=\"wp-block-heading\">Wysiadanie<\/h3>\n\n\n\n<p>W odr\u00f3\u017cnieniu od metra, w tramwaju przystanki nie s\u0105 zapowiadane. \u017beby wiedzie\u0107, gdzie wysi\u0105\u015b\u0107, mo\u017cesz:<\/p>\n\n\n\n<ul class=\"wp-block-list\">\n<li>Korzystaj z aplikacji jak Google Maps, kt\u00f3ra informuje Ci\u0119, gdy dojedziesz do wybranego przystanku.<\/li>\n\n\n\n<li>Policz przystanki z wyprzedzeniem i wysi\u0105d\u017a, gdy dotrzesz do w\u0142a\u015bciwego.<\/li>\n\n\n\n<li>Patrz przez okno i czytaj nazwy przystank\u00f3w na tablicach.<\/li>\n<\/ul>\n\n\n\n<p>Gdy chcesz, \u017ceby kierowca zatrzyma\u0142 si\u0119 na przystanku, naci\u015bnij czerwony dzwonek lub przycisk stopu.<\/p>\n\n\n\n<h2 class=\"wp-block-heading\">Savoir-vivre<\/h2>\n\n\n\n<p>Jak w przypadku ka\u017cdego \u015brodka transportu, dobrym obyczajem jest przepuszczanie wysiadaj\u0105cych przed wej\u015bciem do tramwaju. Pami\u0119taj o miejscach priorytetowych dla os\u00f3b starszych i niepe\u0142nosprawnych \u2014 b\u0105d\u017a gotowy je zwolni\u0107, gdy takie osoby wchodz\u0105.<\/p>\n\n\n\n<h2 class=\"wp-block-heading\">Dost\u0119pno\u015b\u0107 i bezpiecze\u0144stwo<\/h2>\n\n\n\n<p>Dost\u0119p dla w\u00f3zk\u00f3w inwalidzkich w rzymskich tramwajach jest ograniczony. Mo\u017ce by\u0107 konieczne poczekanie na sk\u0142ad wyposa\u017cony w udogodnienia. Starsze tramwaje maj\u0105 dwa stopnie przy wej\u015bciu. Najnowsze modele wyposa\u017cone s\u0105 w pod\u0142og\u0119 na poziomie peronuu\u0142atwiaj\u0105c\u0105 wjazd w\u00f3zkiem.<\/p>\n\n\n\n<p>Rzym to du\u017ce miasto, ale stosunkowo bezpieczne. Podczas korzystania z tramwaj\u00f3w wystarczy zdrowy rozs\u0105dek: zapinaj torby i pilnuj kieszeni \u2014 szczeg\u00f3lnie przy wsiadaniu i wysiadaniu. Kieszonkowcy si\u0119 zdarzaj\u0105.<\/p>\n\n\n\n<h2 class=\"wp-block-heading\">Pobliskie atrakcje<\/h2>\n\n\n\n<h3 class=\"wp-block-heading\">Linia 2<\/h3>\n\n\n\n<p>Z Piazzale Flaminio, kilka krok\u00f3w od <a href=\"https:\/\/www.rome.info\/pl\/atrakcje\/villa-borghese\/\">Villa Borghese<\/a> i <a href=\"https:\/\/www.rome.info\/attractions\/piazza-di-spagna\/\">Schod\u00f3w Hiszpa\u0144skich<\/a>, mo\u017cesz wsi\u0105\u015b\u0107 w tramwaj linii 2.<\/p>\n\n\n\n<ul class=\"wp-block-list\">\n<li>Jed\u017a do Piazza Mancini na mecz pi\u0142karski na Stadionie Olimpickim, arenie dru\u017cyny <a href=\"https:\/\/www.rome.info\/as-roma\/\">AS Roma<\/a>. W zasi\u0119gu spaceru znajdziesz te\u017c MAXXI, Muzeum Sztuki XX i XXI wieku.<\/li>\n\n\n\n<li>Wysi\u0105d\u017a na Piazzale Flaminio i przejd\u017a si\u0119 Via del Corso.<\/li>\n<\/ul>\n\n\n\n<h3 class=\"wp-block-heading\">Linia 3<\/h3>\n\n\n\n<p>To linia doskona\u0142a dla turyst\u00f3w \u2014 dociera do kilku ciekawych miejsc.<\/p>\n\n\n\n<ul class=\"wp-block-list\">\n<li>Wysi\u0105d\u017a na przystanku Colosseo. Pieszo dotrzesz do s\u0142ynnego <a href=\"https:\/\/www.rome.info\/pl\/atrakcje\/koloseum\/\">Koloseum<\/a>, <a href=\"https:\/\/www.rome.info\/pl\/atrakcje\/forum-romanum\/\">Forum Romanum<\/a> i <a href=\"https:\/\/www.rome.info\/pl\/atrakcje\/wzgorze-palatynskie\/\">Wzg\u00f3rza Palaty\u0144skiego<\/a>.<\/li>\n\n\n\n<li>\u017beby odwiedzi\u0107 <a href=\"https:\/\/www.rome.info\/pl\/atrakcje\/circus-maximus\/\">Circus Maximus<\/a> i Wzg\u00f3rze Awenty\u0144skie, wysi\u0105d\u017a na Aventino\/Circo Massimo. Tutaj znajdziesz te\u017c przystanek metra linii B.<\/li>\n\n\n\n<li><a href=\"https:\/\/www.rome.info\/plan\/map\/trastevere\/\">Trastevere<\/a> to popularna dzielnica dla tych, kt\u00f3rzy chc\u0105 zasmakowa\u0107 kuchni i nocnego \u017cycia Rzymu. Wiele restauracji i bar\u00f3w \u2014 idealne na lunch lub wieczornego drinka. Wysi\u0105d\u017a na przystanku Belli.<\/li>\n<\/ul>\n\n\n\n<h3 class=\"wp-block-heading\">Linia 19<\/h3>\n\n\n\n<ul class=\"wp-block-list\">\n<li>Ta linia jedzie do Muze\u00f3w Watyka\u0144skich i Bazyliki \u015awi\u0119tego Piotra. Wysi\u0105d\u017a na Piazza del Risorgimento \u2014 stamt\u0105d to kr\u00f3tki spacer.<\/li>\n<\/ul>\n\n\n\n<h3 class=\"wp-block-heading\">Linia 5<\/h3>\n\n\n\n<p>Ten tramwaj jedzie do alternatywnych dzielnic we wschodniej cz\u0119\u015bci Rzymu.<\/p>\n\n\n\n<ul class=\"wp-block-list\">\n<li>Wysi\u0105d\u017a na Porta Maggiore, \u017ceby dotrze\u0107 do San Lorenzo \u2014 t\u0119tni\u0105cej \u017cyciem dzielnicy studenckiej.<\/li>\n\n\n\n<li>Jed\u017a na Piazzale Prenestino na aperitivo w lokalnym stylu w dzielnicy Pigneto.<\/li>\n<\/ul>\n\n\n\n<h3 class=\"wp-block-heading\">Linia 8<\/h3>\n\n\n\n<ul class=\"wp-block-list\">\n<li>Przystanek tramwajowy Piazza Venezia jest idealny dla okolicy Via del Corso, s\u0142yn\u0105cej z sklep\u00f3w.<\/li>\n\n\n\n<li>Z przystanku Arenula\/Cairoli dotrzesz do zachwycaj\u0105cego <a href=\"https:\/\/www.rome.info\/attractions\/piazza-navona\/\">Piazza Navona<\/a> i <a href=\"https:\/\/www.rome.info\/pl\/atrakcje\/campo-de-fiori\/\">Campo de&#8217; Fiori<\/a>.<\/li>\n\n\n\n<li>Jed\u017a na przystanek Casaletto, \u017ceby dotrze\u0107 do Villa Pamphili \u2014 najwi\u0119kszego parku Rzymu. Z Via del Casaletto mo\u017cesz wsi\u0105\u015b\u0107 w autobus lub doj\u015b\u0107 pieszo w oko\u0142o 20 minut.<\/li>\n\n\n\n<li>Podobnie jak linia 3, tramwaj 8 zatrzymuje si\u0119 w Trastevere i jest kilka krok\u00f3w od <a href=\"https:\/\/www.rome.info\/areas\/jewish-ghetto\/\">Getta \u017bydowskiego<\/a>. Szukaj przystank\u00f3w Belli, Arenula\/Ministero Giustizia i Trastevere\/Mastai.<\/li>\n<\/ul>\n\n\n\n<h2 class=\"wp-block-heading\">Wskaz\u00f3wki dla turyst\u00f3w korzystaj\u0105cych z tramwaj\u00f3w<\/h2>\n\n\n\n<p>Wystarczy zaplanowa\u0107 tras\u0119 i zastosowa\u0107 si\u0119 do naszych wskaz\u00f3wek bezpiecze\u0144stwa, \u017ceby podr\u00f3\u017c przebieg\u0142a sprawnie i bezproblemowo.<\/p>\n\n\n\n<p>Kupuj bilet z odpowiednim wyprzedzeniem (nie 5 minut przed odjazdem), a je\u015bli kupujesz bilety jednorazowe, kup kilka od razu \u2014 zaoszcz\u0119dzi Ci to powrotu do Tabacchi w po\u015bpiechu. Zawsze pami\u0119taj o kasowaniu biletu, inaczej ryzykujesz wysoki mandat.<\/p>\n\n\n\n<p>Unikanie najbardziej ruchliwych p\u00f3r dnia te\u017c uczyni podr\u00f3\u017c przyjemniejsz\u0105.<\/p>\n\n\n\n<h2 class=\"wp-block-heading\">FAQ<\/h2>\n\n\n\n<h3 class=\"wp-block-heading\"><strong>Czy w Rzymie wci\u0105\u017c je\u017cd\u017c\u0105 tramwaje?<\/strong><\/h3>\n\n\n\n<p>Tramwaje w Rzymie nadal kursuj\u0105. Przy zaledwie sze\u015bciu liniach sie\u0107 nie jest zbyt rozleg\u0142a, ale zdecydowanie istnieje.<\/p>\n\n\n\n<h3 class=\"wp-block-heading\"><strong>Czy tramwaje w Rzymie s\u0105 bezp\u0142atne?<\/strong><\/h3>\n\n\n\n<p>Nie, tramwaje nie s\u0105 bezp\u0142atne. Cho\u0107 bilet nie jest kontrolowany przy ka\u017cdym przeje\u017adzie (kierowca nie sprawdza bilet\u00f3w), wyrywkowe kontrole zdarzaj\u0105 si\u0119. Nie warto ryzykowa\u0107 jazdy bez biletu.<\/p>\n\n\n\n<h3 class=\"wp-block-heading\"><strong>Jak korzysta\u0107 z tramwaju w Rzymie?<\/strong><\/h3>\n\n\n\n<p>Kup bilet z wyprzedzeniem, jed\u017a na przystanek i wsi\u0105d\u017a. Nie zapomnij skasowa\u0107 biletu w ma\u0142ym \u017c\u00f3\u0142tym kasowniku na pok\u0142adzie.<\/p>\n\n\n\n<h3 class=\"wp-block-heading\"><strong>Jak p\u0142aci si\u0119 za tramwaje we W\u0142oszech?<\/strong><\/h3>\n\n\n\n<p>Bilet lub karnet kupujesz przed wej\u015bciem. Mo\u017cesz to zrobi\u0107 w automacie na stacji metra lub wi\u0119kszym w\u0119\u017ale autobusowym, ale wygodniej jest zajrze\u0107 do sklep\u00f3w Tabacchi \u2014 to co\u015b w rodzaju kiosk\u00f3w, rozsianych po ca\u0142ym mie\u015bcie.<\/p>\n","protected":false},"excerpt":{"rendered":"","protected":false},"author":9,"featured_media":506,"parent":287,"menu_order":0,"comment_status":"closed","ping_status":"closed","template":"","meta":{"_acf_changed":false,"footnotes":"","button_url":"https:\/\/www.tiqets.com\/pl\/public-transport-rome-tickets-l236356\/?partner=romeinfo","ms_product_id":"","ms_product_name":"","ms_price":"","ms_currency":"","ms_rating_value":"","ms_review_count":"","rank_math_title":"Tramwaje w Rzymie: Mapa, linie, bilety i wskaz\u00f3wki komunikacyjne","rank_math_description":"Planuj podr\u00f3\u017c tramwajem po Rzymie. Aktualna mapa, trasy, linie i informacje o biletach, \u017ceby zwiedza\u0107 miasto jak miejscowy w %currentyear%."},"post-style":[],"producer":[34],"class_list":["post-320","page","type-page","status-publish","has-post-thumbnail"],"acf":[],"product_schema":{"ms_product_id":"","ms_product_name":"","ms_price":"","ms_currency":"","ms_rating_value":"","ms_review_count":""},"_links":{"self":[{"href":"https:\/\/www.rome.info\/pl\/wp-json\/wp\/v2\/pages\/320","targetHints":{"allow":["GET"]}}],"collection":[{"href":"https:\/\/www.rome.info\/pl\/wp-json\/wp\/v2\/pages"}],"about":[{"href":"https:\/\/www.rome.info\/pl\/wp-json\/wp\/v2\/types\/page"}],"author":[{"embeddable":true,"href":"https:\/\/www.rome.info\/pl\/wp-json\/wp\/v2\/users\/9"}],"replies":[{"embeddable":true,"href":"https:\/\/www.rome.info\/pl\/wp-json\/wp\/v2\/comments?post=320"}],"version-history":[{"count":2,"href":"https:\/\/www.rome.info\/pl\/wp-json\/wp\/v2\/pages\/320\/revisions"}],"predecessor-version":[{"id":542,"href":"https:\/\/www.rome.info\/pl\/wp-json\/wp\/v2\/pages\/320\/revisions\/542"}],"up":[{"embeddable":true,"href":"https:\/\/www.rome.info\/pl\/wp-json\/wp\/v2\/pages\/287"}],"wp:featuredmedia":[{"embeddable":true,"href":"https:\/\/www.rome.info\/pl\/wp-json\/wp\/v2\/media\/506"}],"wp:attachment":[{"href":"https:\/\/www.rome.info\/pl\/wp-json\/wp\/v2\/media?parent=320"}],"wp:term":[{"taxonomy":"post-style","embeddable":true,"href":"https:\/\/www.rome.info\/pl\/wp-json\/wp\/v2\/post-style?post=320"},{"taxonomy":"producer","embeddable":true,"href":"https:\/\/www.rome.info\/pl\/wp-json\/wp\/v2\/producer?post=320"}],"curies":[{"name":"wp","href":"https:\/\/api.w.org\/{rel}","templated":true}]}}