{"id":315,"date":"2026-04-27T19:06:43","date_gmt":"2026-04-27T17:06:43","guid":{"rendered":"https:\/\/www.rome.info\/pl\/?page_id=315"},"modified":"2026-04-27T20:02:17","modified_gmt":"2026-04-27T18:02:17","slug":"transfer","status":"publish","type":"page","link":"https:\/\/www.rome.info\/pl\/lotnisko\/transfer\/","title":{"rendered":"Transfery lotniskowe w Rzymie"},"content":{"rendered":"\n<p class=\"is-style-lead\">Rzym ma dwa lotniska: <a href=\"https:\/\/www.rome.info\/pl\/lotnisko\/fiumicino\/\">Fiumicino<\/a> \u2014 g\u0142\u00f3wne lotnisko mi\u0119dzynarodowe \u2014 i <a href=\"https:\/\/www.rome.info\/pl\/lotnisko\/ciampino\/\">Ciampino<\/a>, mniejsze, ale bli\u017cej centrum. Na oba mo\u017cesz dosta\u0107 si\u0119 na kilka sposob\u00f3w. Przygotowali\u015bmy szczeg\u00f3\u0142owy przewodnik, kt\u00f3ry pomo\u017ce Ci dotrze\u0107 na lotnisko bez stresu.<\/p>\n\n\n\n<div class=\"ms-p ms-rounded ms-mb-last-child-0 ms-mb-children-condensed ms-alert--contrast ms-mb-block\">\n<p><strong>\u2708\ufe0f Transfer lotniskowy i g\u0142\u00f3wne atrakcje \u2014 zarezerwuj razem<\/strong><\/p>\n\n\n\n<p class=\"gb-text\"><a href=\"https:\/\/www.rome.info\/pl\/karty-turystyczne\/rome-tourist-card\/\" data-type=\"link\" data-id=\"https:\/\/www.rome.info\/pl\/karty-turystyczne\/rome-tourist-card\/\"><strong>Rome Tourist Card<\/strong><\/a> oferuje opcjonalny dodatek z transferem lotniskowym oraz wst\u0119pem bez kolejki do Koloseum, Muze\u00f3w Watyka\u0144skich i Bazyliki \u015awi\u0119tego Piotra.<\/p>\n<\/div>\n\n\n\n<h2 class=\"wp-block-heading\">Transfery na lotnisko Fiumicino<\/h2>\n\n\n\n<p>Lotnisko Fiumicino le\u017cy oko\u0142o 30 km od centrum Rzymu, ale dojazd jest stosunkowo prosty. Dost\u0119pnych jest kilka opcji \u2014 od poci\u0105g\u00f3w po prywatne transfery. Oto one.<\/p>\n\n\n\n<div data-language=\"pl\" data-tiqets-widget=\"discovery\" data-cards-layout=\"responsive\" data-slug-ids=\"pro1114494,pro1114531,pro1052588\" data-partner=\"romeinfo\"><\/div><script defer src=\"https:\/\/widgets.tiqets.com\/loader.js\"><\/script>\n\n\n\n<h3 class=\"wp-block-heading\">Poci\u0105gi<\/h3>\n\n\n<figure>\n                    <div class=\"ms-credits\"><img decoding=\"async\" class=\"gb-image gb-image-a2e6bb73\" src=\"https:\/\/www.rome.info\/wp-content\/uploads\/f-fiumicino-train-station.jpg\" alt=\"Podr\u00f3\u017cni id\u0105cy do poci\u0105gu wewn\u0105trz dworca kolejowego lotniska Fiumicino.\"><span class='ms-credits__info' id='media960'><svg xmlns=\"http:\/\/www.w3.org\/2000\/svg\" width=\"20\" height=\"22\" fill=\"#000000\" viewBox=\"0 0 256 256\"><path d=\"M128,24A104,104,0,1,0,232,128,104.11,104.11,0,0,0,128,24Zm0,192a88,88,0,1,1,88-88A88.1,88.1,0,0,1,128,216ZM96,128a32,32,0,0,0,57.6,19.2,8,8,0,0,1,12.8,9.61,48,48,0,1,1,0-57.62,8,8,0,0,1-12.8,9.61A32,32,0,0,0,96,128Z\"><\/path><\/svg>TKKurikawa\/<a href=https:\/\/depositphotos.com\/309538506\/stock-photo-rome-italy-june-2019-unidentified.html rel='nofollow' target='_blank'>Depositphotos<\/a><\/span><span class='ms-credits__btn' id='btn_media960' onclick='ms_credits_trigger(\"#media960\", this)'><svg xmlns=\"http:\/\/www.w3.org\/2000\/svg\" class=\"info_icon\" width=\"28\" height=\"28\" fill=\"#FFF\" viewBox=\"0 0 256 256\"><path d=\"M128,24A104,104,0,1,0,232,128,104.11,104.11,0,0,0,128,24Zm0,192a88,88,0,1,1,88-88A88.1,88.1,0,0,1,128,216Zm16-40a8,8,0,0,1-8,8,16,16,0,0,1-16-16V128a8,8,0,0,1,0-16,16,16,0,0,1,16,16v40A8,8,0,0,1,144,176ZM112,84a12,12,0,1,1,12,12A12,12,0,0,1,112,84Z\"><\/path><\/svg><svg xmlns=\"http:\/\/www.w3.org\/2000\/svg\" class=\"close_icon\" width=\"28\" height=\"28\" fill=\"#FFF\" viewBox=\"0 0 256 256\"><path d=\"M165.66,101.66,139.31,128l26.35,26.34a8,8,0,0,1-11.32,11.32L128,139.31l-26.34,26.35a8,8,0,0,1-11.32-11.32L116.69,128,90.34,101.66a8,8,0,0,1,11.32-11.32L128,116.69l26.34-26.35a8,8,0,0,1,11.32,11.32ZM232,128A104,104,0,1,1,128,24,104.11,104.11,0,0,1,232,128Zm-16,0a88,88,0,1,0-88,88A88.1,88.1,0,0,0,216,128Z\"><\/path><\/svg><\/span><\/div><\/figure>\n\n\n<p>Je\u015bli podr\u00f3\u017cujesz w ci\u0105gu dnia i nie masz du\u017co baga\u017cu, najszybszym i <a href=\"https:\/\/www.rome.info\/pl\/transport\/pociagi\/\">najlepszym sposobem dotarcia do Rzymu jest poci\u0105g<\/a>. Dworzec kolejowy le\u017cy dziesi\u0119\u0107 minut pieszo od strefy przylatuj\u0105cych. Do wyboru s\u0105 dwie opcje dojazdu do Rzymu. Istnieje te\u017c trzecia \u2014 Frecciargento \u2014 ale jedzie wy\u0142\u0105cznie do innych miast W\u0142och, omijaj\u0105c Rzym.<\/p>\n\n\n\n<h3 class=\"wp-block-heading\">Leonardo Express<\/h3>\n\n\n\n<p>Bezpo\u015bredni poci\u0105g bez przystank\u00f3w do stacji Termini, g\u0142\u00f3wnego dworca kolejowego w centrum Rzymu.<\/p>\n\n\n\n<ul class=\"wp-block-list\">\n<li>Poci\u0105gi kursuj\u0105 co 15 minut, a przejazd trwa oko\u0142o 32 minut.<\/li>\n\n\n\n<li>Pierwszy poci\u0105g odje\u017cd\u017ca z lotniska o 6:08, ostatni o 23:23 (z Termini odpowiednio o 5:20 i 22:35).<\/li>\n\n\n\n<li>Bilet kosztuje 14 \u20ac dla doros\u0142ych. Dzieci poni\u017cej 4. roku \u017cycia jad\u0105 bezp\u0142atnie, a dzieci od 4 do 12 lat \u2014 bezp\u0142atnie w towarzystwie p\u0142ac\u0105cego doros\u0142ego.<\/li>\n<\/ul>\n\n\n\n<h3 class=\"wp-block-heading\">Poci\u0105gi regionalne<\/h3>\n\n\n\n<p>Ta\u0144sza alternatywa to jeden z regionalnych poci\u0105g\u00f3w FL1. Dobra opcja, je\u015bli nocujesz w okolicy Trastevere \u2014 poci\u0105g zatrzymuje si\u0119 w pobli\u017cu tej dzielnicy.<\/p>\n\n\n\n<ul class=\"wp-block-list\">\n<li>Poci\u0105gi kursuj\u0105 co 15\u201330 minut, a czas przejazdu do ostatniej stacji to oko\u0142o 50 minut.<\/li>\n\n\n\n<li>Poci\u0105g zatrzymuje si\u0119 na stacjach <a href=\"https:\/\/www.rome.info\/plan\/map\/trastevere\/\">Trastevere<\/a>, Ostiense, Tuscolana i Tiburtina w Rzymie. Nie zatrzymuje si\u0119 na Termini.<\/li>\n\n\n\n<li>Pierwszy poci\u0105g odje\u017cd\u017ca o 5:58, ostatni o 22:28 (w niedziele odpowiednio o 6:00 i 23:00).<\/li>\n\n\n\n<li>Bilet kosztuje 8 \u20ac dla doros\u0142ych. Dzieci poni\u017cej 4. roku \u017cycia jad\u0105 bezp\u0142atnie.<\/li>\n<\/ul>\n\n\n\n<p>Bilet na jeden z tych poci\u0105g\u00f3w mo\u017cesz kupi\u0107 w automacie przy odbiorze baga\u017cu na <a href=\"https:\/\/www.rome.info\/pl\/lotnisko\/\">lotnisku<\/a> lub w automacie albo kasie na dworcu. Mo\u017cna te\u017c kupi\u0107 bilet online z wyprzedzeniem.<\/p>\n\n\n\n<p>Pami\u0119taj o skasowaniu biletu w kasowniku przy peronie przed wej\u015bciem do poci\u0105gu.<\/p>\n\n\n\n<h3 class=\"wp-block-heading\">Autobusy<\/h3>\n\n\n<figure>\n                    <div class=\"ms-credits\"><img decoding=\"async\" class=\"gb-image gb-image-3494525a\" src=\"https:\/\/www.rome.info\/wp-content\/uploads\/f-airport-bus-shuttle.jpg\" alt=\"Grupa os\u00f3b czekaj\u0105ca na wsiadanie do wahad\u0142owca lotniskowego.\"><span class='ms-credits__info' id='media963'><svg xmlns=\"http:\/\/www.w3.org\/2000\/svg\" width=\"20\" height=\"22\" fill=\"#000000\" viewBox=\"0 0 256 256\"><path d=\"M128,24A104,104,0,1,0,232,128,104.11,104.11,0,0,0,128,24Zm0,192a88,88,0,1,1,88-88A88.1,88.1,0,0,1,128,216ZM96,128a32,32,0,0,0,57.6,19.2,8,8,0,0,1,12.8,9.61,48,48,0,1,1,0-57.62,8,8,0,0,1-12.8,9.61A32,32,0,0,0,96,128Z\"><\/path><\/svg><a href=https:\/\/depositphotos.com\/335943772\/stock-photo-rome-termini-station-passengers-board.html rel='nofollow' target='_blank'>Depositphotos<\/a><\/span><span class='ms-credits__btn' id='btn_media963' onclick='ms_credits_trigger(\"#media963\", this)'><svg xmlns=\"http:\/\/www.w3.org\/2000\/svg\" class=\"info_icon\" width=\"28\" height=\"28\" fill=\"#FFF\" viewBox=\"0 0 256 256\"><path d=\"M128,24A104,104,0,1,0,232,128,104.11,104.11,0,0,0,128,24Zm0,192a88,88,0,1,1,88-88A88.1,88.1,0,0,1,128,216Zm16-40a8,8,0,0,1-8,8,16,16,0,0,1-16-16V128a8,8,0,0,1,0-16,16,16,0,0,1,16,16v40A8,8,0,0,1,144,176ZM112,84a12,12,0,1,1,12,12A12,12,0,0,1,112,84Z\"><\/path><\/svg><svg xmlns=\"http:\/\/www.w3.org\/2000\/svg\" class=\"close_icon\" width=\"28\" height=\"28\" fill=\"#FFF\" viewBox=\"0 0 256 256\"><path d=\"M165.66,101.66,139.31,128l26.35,26.34a8,8,0,0,1-11.32,11.32L128,139.31l-26.34,26.35a8,8,0,0,1-11.32-11.32L116.69,128,90.34,101.66a8,8,0,0,1,11.32-11.32L128,116.69l26.34-26.35a8,8,0,0,1,11.32,11.32ZM232,128A104,104,0,1,1,128,24,104.11,104.11,0,0,1,232,128Zm-16,0a88,88,0,1,0-88,88A88.1,88.1,0,0,0,216,128Z\"><\/path><\/svg><\/span><\/div><\/figure>\n\n\n<p>Najta\u0144szym sposobem dotarcia do Rzymu jest <a href=\"https:\/\/www.rome.info\/pl\/transport\/komunikacja-miejska\/autobus\/\">autobus<\/a>. Cho\u0107 trwa d\u0142u\u017cej ni\u017c poci\u0105g (do godziny, zale\u017cnie od ruchu), cz\u0119\u015b\u0107 autobus\u00f3w zatrzymuje si\u0119 w kilku miejscach w centrum, co mo\u017ce u\u0142atwi\u0107 dojazd do <a href=\"https:\/\/www.rome.info\/accommodation\/\">noclegu<\/a> bez konieczno\u015bci doje\u017cd\u017cania na Termini.<\/p>\n\n\n\n<p>Fiumicino jest technicznie innym miastem, wi\u0119c do Rzymu jedzie tylko jeden autobus komunikacji miejskiej. Reszta to prywatne busy, kt\u00f3re jad\u0105 szybsz\u0105 tras\u0105. Do wyboru jest \u0142\u0105cznie pi\u0119\u0107 opcji:<\/p>\n\n\n\n<h3 class=\"wp-block-heading\">Terravision<\/h3>\n\n\n\n<ul class=\"wp-block-list\">\n<li>Odjazdy z: dworca autobusowego (na zewn\u0105trz strefy przylatuj\u0105cych Terminalu 3) \u2014 stanowisko 14<\/li>\n\n\n\n<li>Przystanki: bezpo\u015brednio na stacj\u0119 Termini<\/li>\n\n\n\n<li>Bilety: kup online, na dworcu autobusowym lub bezpo\u015brednio w autobusie. 6 \u20ac dla doros\u0142ych. Dzieci poni\u017cej 4. roku \u017cycia jad\u0105 bezp\u0142atnie.<\/li>\n\n\n\n<li>Rozk\u0142ad: pierwszy autobus z lotniska o 8:30, ostatni o 0:45 (z Termini odpowiednio o 4:30 i 19:20)<\/li>\n<\/ul>\n\n\n\n<h3 class=\"wp-block-heading\">Rome Airport Bus<\/h3>\n\n\n\n<ul class=\"wp-block-list\">\n<li>Odjazdy z: dworca autobusowego (na zewn\u0105trz strefy przylatuj\u0105cych Terminalu 3) \u2014 stanowisko 15<\/li>\n\n\n\n<li>Przystanki: bezpo\u015brednio na stacj\u0119 Termini<\/li>\n\n\n\n<li>Bilety: kup online, na dworcu autobusowym lub bezpo\u015brednio w autobusie. 6,90 \u20ac dla doros\u0142ych. Dzieci poni\u017cej 5. roku \u017cycia jad\u0105 bezp\u0142atnie.<\/li>\n\n\n\n<li>Rozk\u0142ad: pierwszy autobus z lotniska o 5:40, ostatni o 0:05 (z Termini odpowiednio o 4:25 i 23:00)<\/li>\n<\/ul>\n\n\n\n<h3 class=\"wp-block-heading\">T.A.M.<\/h3>\n\n\n\n<ul class=\"wp-block-list\">\n<li>Odjazdy z: dworca autobusowego (na zewn\u0105trz strefy przylatuj\u0105cych Terminalu 3) \u2014 stanowisko 13<\/li>\n\n\n\n<li>Przystanki: Roma Ostiense i stacja Termini<\/li>\n\n\n\n<li>Bilety: kup online, na dworcu autobusowym lub bezpo\u015brednio w autobusie. 6 \u20ac online, 8 \u20ac na dworcu<\/li>\n\n\n\n<li>Rozk\u0142ad: pierwszy autobus z lotniska o 5:40, ostatni o 2:30 (z Termini przez ca\u0142\u0105 dob\u0119)<\/li>\n<\/ul>\n\n\n\n<h3 class=\"wp-block-heading\">SIT Bus Shuttle<\/h3>\n\n\n\n<ul class=\"wp-block-list\">\n<li>Odjazdy z: dworca autobusowego (na zewn\u0105trz strefy przylatuj\u0105cych Terminalu 3) \u2014 stanowisko 12<\/li>\n\n\n\n<li>Przystanki: Via Aurelia, Watykan i stacja Termini<\/li>\n\n\n\n<li>Bilety: kup online lub bezpo\u015brednio w autobusie. 7 \u20ac dla doros\u0142ych<\/li>\n\n\n\n<li>Rozk\u0142ad: pierwszy autobus z lotniska o 8:30, ostatni o 21:55 (z Termini odpowiednio o 4:45 i 20:00)<\/li>\n<\/ul>\n\n\n\n<h3 class=\"wp-block-heading\">Cotral<\/h3>\n\n\n\n<ul class=\"wp-block-list\">\n<li>Odjazdy z: regionalnego dworca autobusowego przy Terminalu 1 \u2014 strefa przylatuj\u0105cych<\/li>\n\n\n\n<li>Przystanki: Piazza del Cinquecento, stacja Tiburtina, stacja Termini, stacja Cornelia, stacja Eur-Magliana, Ostia\u2013Piazza Sirio i Ostia\u2013Piazza Stazione<\/li>\n\n\n\n<li>Bilety: kup w kiosku na terenie lotniska lub bezpo\u015brednio w autobusie (dro\u017cej). 5\u20137 \u20ac dla doros\u0142ych<\/li>\n\n\n\n<li>Rozk\u0142ad: godziny kursowania r\u00f3\u017cni\u0105 si\u0119 w zale\u017cno\u015bci od dnia tygodnia.<\/li>\n<\/ul>\n\n\n\n<h3 class=\"wp-block-heading\">Taks\u00f3wki<\/h3>\n\n\n<figure>\n                    <div class=\"ms-credits\"><img decoding=\"async\" class=\"gb-image gb-image-24a82b8b\" src=\"https:\/\/www.rome.info\/wp-content\/uploads\/f-rome-taxis.jpg\" alt=\"Rz\u0105d taks\u00f3wek w Rzymie.\"><span class='ms-credits__info' id='media962'><svg xmlns=\"http:\/\/www.w3.org\/2000\/svg\" width=\"20\" height=\"22\" fill=\"#000000\" viewBox=\"0 0 256 256\"><path d=\"M128,24A104,104,0,1,0,232,128,104.11,104.11,0,0,0,128,24Zm0,192a88,88,0,1,1,88-88A88.1,88.1,0,0,1,128,216ZM96,128a32,32,0,0,0,57.6,19.2,8,8,0,0,1,12.8,9.61,48,48,0,1,1,0-57.62,8,8,0,0,1-12.8,9.61A32,32,0,0,0,96,128Z\"><\/path><\/svg><a href=https:\/\/depositphotos.com\/201933378\/stock-photo-rome-italy-june-2014-taxis.html rel='nofollow' target='_blank'>Depositphotos<\/a><\/span><span class='ms-credits__btn' id='btn_media962' onclick='ms_credits_trigger(\"#media962\", this)'><svg xmlns=\"http:\/\/www.w3.org\/2000\/svg\" class=\"info_icon\" width=\"28\" height=\"28\" fill=\"#FFF\" viewBox=\"0 0 256 256\"><path d=\"M128,24A104,104,0,1,0,232,128,104.11,104.11,0,0,0,128,24Zm0,192a88,88,0,1,1,88-88A88.1,88.1,0,0,1,128,216Zm16-40a8,8,0,0,1-8,8,16,16,0,0,1-16-16V128a8,8,0,0,1,0-16,16,16,0,0,1,16,16v40A8,8,0,0,1,144,176ZM112,84a12,12,0,1,1,12,12A12,12,0,0,1,112,84Z\"><\/path><\/svg><svg xmlns=\"http:\/\/www.w3.org\/2000\/svg\" class=\"close_icon\" width=\"28\" height=\"28\" fill=\"#FFF\" viewBox=\"0 0 256 256\"><path d=\"M165.66,101.66,139.31,128l26.35,26.34a8,8,0,0,1-11.32,11.32L128,139.31l-26.34,26.35a8,8,0,0,1-11.32-11.32L116.69,128,90.34,101.66a8,8,0,0,1,11.32-11.32L128,116.69l26.34-26.35a8,8,0,0,1,11.32,11.32ZM232,128A104,104,0,1,1,128,24,104.11,104.11,0,0,1,232,128Zm-16,0a88,88,0,1,0-88,88A88.1,88.1,0,0,0,216,128Z\"><\/path><\/svg><\/span><\/div><\/figure>\n\n\n<p><a href=\"https:\/\/www.rome.info\/pl\/transport\/taksowka\/\">Taks\u00f3wka<\/a> mo\u017ce nie by\u0107 najta\u0144sz\u0105 opcj\u0105, ale to jeden z naj\u0142atwiejszych i najbardziej niezawodnych sposob\u00f3w na szybki i bezproblemowy dojazd do centrum.<\/p>\n\n\n\n<p>Do wszystkich miejsc w obr\u0119bie Mur\u00f3w Aureliana, czyli praktycznie ca\u0142ego centrum, obowi\u0105zuje sta\u0142a stawka 48 \u20ac. Za cel poza murami op\u0142ata naliczana jest wed\u0142ug licznika. Mo\u017cesz p\u0142aci\u0107 got\u00f3wk\u0105 lub kart\u0105; napiwek nie jest obowi\u0105zkowy, ale mile widziany.<\/p>\n\n\n\n<p>Post\u00f3j taks\u00f3wek mie\u015bci si\u0119 tu\u017c przy wyj\u015bciu ze strefy przylatuj\u0105cych \u2014 wszystkie stoj\u0105 w rz\u0119dzie. Taks\u00f3wki w Rzymie s\u0105 bia\u0142e i maj\u0105 napis \u201eTaxi&#8221; na dachu. Uwa\u017caj na nieoficjalnych kierowc\u00f3w, kt\u00f3rzy mog\u0105 podchodzi\u0107 do Ciebie w hali przylatuj\u0105cych. Zapytaj\u0105, czy potrzebujesz taks\u00f3wki, i skieruj\u0105 Ci\u0119 do nielicencjonowanego pojazdu, gdzie zap\u0142acisz znacznie wi\u0119cej.<\/p>\n\n\n\n<h3 class=\"wp-block-heading\">Prywatne transfery<\/h3>\n\n\n<figure>\n                    <div class=\"ms-credits\"><img decoding=\"async\" class=\"gb-image gb-image-a8a68db7\" src=\"https:\/\/www.rome.info\/wp-content\/uploads\/f-private-car-tranfers.jpg\" alt=\"M\u0119\u017cczyzna w garniturze czeka na pasa\u017cer\u00f3w przed prywatnym samochodem do transferu na zewn\u0105trz lotniska.\"><span class='ms-credits__info' id='media964'><svg xmlns=\"http:\/\/www.w3.org\/2000\/svg\" width=\"20\" height=\"22\" fill=\"#000000\" viewBox=\"0 0 256 256\"><path d=\"M128,24A104,104,0,1,0,232,128,104.11,104.11,0,0,0,128,24Zm0,192a88,88,0,1,1,88-88A88.1,88.1,0,0,1,128,216ZM96,128a32,32,0,0,0,57.6,19.2,8,8,0,0,1,12.8,9.61,48,48,0,1,1,0-57.62,8,8,0,0,1-12.8,9.61A32,32,0,0,0,96,128Z\"><\/path><\/svg><a href=https:\/\/depositphotos.com\/199708764\/stock-photo-personal-driver-waiting-arrival-boss.html rel='nofollow' target='_blank'>Depositphotos<\/a><\/span><span class='ms-credits__btn' id='btn_media964' onclick='ms_credits_trigger(\"#media964\", this)'><svg xmlns=\"http:\/\/www.w3.org\/2000\/svg\" class=\"info_icon\" width=\"28\" height=\"28\" fill=\"#FFF\" viewBox=\"0 0 256 256\"><path d=\"M128,24A104,104,0,1,0,232,128,104.11,104.11,0,0,0,128,24Zm0,192a88,88,0,1,1,88-88A88.1,88.1,0,0,1,128,216Zm16-40a8,8,0,0,1-8,8,16,16,0,0,1-16-16V128a8,8,0,0,1,0-16,16,16,0,0,1,16,16v40A8,8,0,0,1,144,176ZM112,84a12,12,0,1,1,12,12A12,12,0,0,1,112,84Z\"><\/path><\/svg><svg xmlns=\"http:\/\/www.w3.org\/2000\/svg\" class=\"close_icon\" width=\"28\" height=\"28\" fill=\"#FFF\" viewBox=\"0 0 256 256\"><path d=\"M165.66,101.66,139.31,128l26.35,26.34a8,8,0,0,1-11.32,11.32L128,139.31l-26.34,26.35a8,8,0,0,1-11.32-11.32L116.69,128,90.34,101.66a8,8,0,0,1,11.32-11.32L128,116.69l26.34-26.35a8,8,0,0,1,11.32,11.32ZM232,128A104,104,0,1,1,128,24,104.11,104.11,0,0,1,232,128Zm-16,0a88,88,0,1,0-88,88A88.1,88.1,0,0,0,216,128Z\"><\/path><\/svg><\/span><\/div><\/figure>\n\n\n<p>Je\u015bli podr\u00f3\u017cujesz w wi\u0119kszej grupie, masz du\u017co baga\u017cu lub obawiasz si\u0119 oszustw ze strony taks\u00f3wkarzy, mo\u017cesz zarezerwowa\u0107 prywatny transfer. Najlepiej zrobi\u0107 to przed wylotem \u2014 wtedy dedykowany kierowca b\u0119dzie czeka\u0142 na Ciebie przy odbiorze baga\u017cu.<\/p>\n\n\n\n<p>Podobnie jak taks\u00f3wki, prywatne transfery maj\u0105 sta\u0142\u0105 stawk\u0119, cho\u0107 r\u00f3\u017cni si\u0119 ona w zale\u017cno\u015bci od firmy i zazwyczaj jest znacznie wy\u017csza.<\/p>\n\n\n\n<h3 class=\"wp-block-heading\">Wypo\u017cyczalnie samochod\u00f3w<\/h3>\n\n\n<figure>\n                    <div class=\"ms-credits\"><img decoding=\"async\" class=\"gb-image gb-image-d92aa895\" src=\"https:\/\/www.rome.info\/wp-content\/uploads\/f-car-rental-sign.jpg\" alt=\"Tablica wypo\u017cyczalni samochod\u00f3w na lotnisku.\"><span class='ms-credits__info' id='media966'><svg xmlns=\"http:\/\/www.w3.org\/2000\/svg\" width=\"20\" height=\"22\" fill=\"#000000\" viewBox=\"0 0 256 256\"><path d=\"M128,24A104,104,0,1,0,232,128,104.11,104.11,0,0,0,128,24Zm0,192a88,88,0,1,1,88-88A88.1,88.1,0,0,1,128,216ZM96,128a32,32,0,0,0,57.6,19.2,8,8,0,0,1,12.8,9.61,48,48,0,1,1,0-57.62,8,8,0,0,1-12.8,9.61A32,32,0,0,0,96,128Z\"><\/path><\/svg><a href=https:\/\/depositphotos.com\/22996224\/stock-photo-car-rental-information-sign.html rel='nofollow' target='_blank'>Depositphotos<\/a><\/span><span class='ms-credits__btn' id='btn_media966' onclick='ms_credits_trigger(\"#media966\", this)'><svg xmlns=\"http:\/\/www.w3.org\/2000\/svg\" class=\"info_icon\" width=\"28\" height=\"28\" fill=\"#FFF\" viewBox=\"0 0 256 256\"><path d=\"M128,24A104,104,0,1,0,232,128,104.11,104.11,0,0,0,128,24Zm0,192a88,88,0,1,1,88-88A88.1,88.1,0,0,1,128,216Zm16-40a8,8,0,0,1-8,8,16,16,0,0,1-16-16V128a8,8,0,0,1,0-16,16,16,0,0,1,16,16v40A8,8,0,0,1,144,176ZM112,84a12,12,0,1,1,12,12A12,12,0,0,1,112,84Z\"><\/path><\/svg><svg xmlns=\"http:\/\/www.w3.org\/2000\/svg\" class=\"close_icon\" width=\"28\" height=\"28\" fill=\"#FFF\" viewBox=\"0 0 256 256\"><path d=\"M165.66,101.66,139.31,128l26.35,26.34a8,8,0,0,1-11.32,11.32L128,139.31l-26.34,26.35a8,8,0,0,1-11.32-11.32L116.69,128,90.34,101.66a8,8,0,0,1,11.32-11.32L128,116.69l26.34-26.35a8,8,0,0,1,11.32,11.32ZM232,128A104,104,0,1,1,128,24,104.11,104.11,0,0,1,232,128Zm-16,0a88,88,0,1,0-88,88A88.1,88.1,0,0,0,216,128Z\"><\/path><\/svg><\/span><\/div><\/figure>\n\n\n<p>Na lotnisku dzia\u0142aj\u0105 te\u017c liczne <a href=\"https:\/\/www.rome.info\/transport\/car-rental\/\">wypo\u017cyczalnie samochod\u00f3w<\/a> dla tych, kt\u00f3rzy chc\u0105 podr\u00f3\u017cowa\u0107 na w\u0142asn\u0105 r\u0119k\u0119. Po wyl\u0105dowaniu wystarczy pod\u0105\u017cy\u0107 za oznaczeniami do kiosk\u00f3w wypo\u017cyczalni i wybra\u0107 jedn\u0105 z wielu firm.<\/p>\n\n\n\n<p>Do wyboru s\u0105 r\u00f3\u017cne opcje \u2014 od du\u017cych marek jak Europcar i Hertz po ta\u0144sze alternatywy. Znalezienie czego\u015b odpowiedniego nie powinno by\u0107 problemem.<\/p>\n\n\n\n<p>Samoch\u00f3d daje elastyczno\u015b\u0107, ale jest znacznie dro\u017cszy w ostatecznym rozrachunku i nie jest najlepszym wyborem, je\u015bli planujesz trzyma\u0107 si\u0119 centrum \u2014 korki w Rzymie mog\u0105 by\u0107 naprawd\u0119 frustruj\u0105ce, a Rzymianie s\u0142yn\u0105 z brawurowej jazdy. Wypo\u017cyczenie auta polecamy tylko, je\u015bli planujesz wycieczki poza Rzym.<\/p>\n\n\n\n<h2 class=\"wp-block-heading\">Transfery na lotnisko Ciampino<\/h2>\n\n\n\n<div data-language=\"pl\" data-tiqets-widget=\"discovery\" data-cards-layout=\"responsive\" data-slug-ids=\"pro1032544,pro977123,pro1033840\" data-partner=\"romeinfo\"><\/div><script defer src=\"https:\/\/widgets.tiqets.com\/loader.js\"><\/script>\n\n\n\n<p>Cho\u0107 Ciampino le\u017cy technicznie znacznie bli\u017cej centrum ni\u017c Fiumicino \u2014 tylko 15 km \u2014 nie ma tylu opcji transportu co wi\u0119ksze lotnisko. Oto one.<\/p>\n\n\n\n<h3 class=\"wp-block-heading\">Autobusy<\/h3>\n\n\n\n<p>Zdecydowanie naj\u0142atwiejszym i najta\u0144szym sposobem dostania si\u0119 do Rzymu z lotniska Ciampino jest jeden z prywatnych bus\u00f3w wahad\u0142owych. Doje\u017cd\u017caj\u0105 w oko\u0142o 45 minut i wysadzaj\u0105 na stacji Termini.<\/p>\n\n\n\n<h3 class=\"wp-block-heading\">Terravision<\/h3>\n\n\n\n<ul class=\"wp-block-list\">\n<li>Odjazdy z: na zewn\u0105trz terminalu przylatuj\u0105cych \u2014 przystanek 1<\/li>\n\n\n\n<li>Przystanki: bezpo\u015brednio na stacj\u0119 Termini<\/li>\n\n\n\n<li>Bilety: kup online, na lotnisku lub bezpo\u015brednio w autobusie. 6 \u20ac dla doros\u0142ych, dzieci poni\u017cej 4. roku \u017cycia jad\u0105 bezp\u0142atnie.<\/li>\n\n\n\n<li>Rozk\u0142ad: pierwszy autobus z lotniska o 9:35, ostatni o 23:40 (z Termini odpowiednio o 4:40 i 18:55)<\/li>\n<\/ul>\n\n\n\n<h3 class=\"wp-block-heading\">SIT Bus Shuttle<\/h3>\n\n\n\n<ul class=\"wp-block-list\">\n<li>Odjazdy z: na zewn\u0105trz terminalu przylatuj\u0105cych \u2014 przystanek 2<\/li>\n\n\n\n<li>Przystanki: stacja Termini, Watykan i Via Aurelia<\/li>\n\n\n\n<li>Bilety: kup online lub bezpo\u015brednio w autobusie. 6 \u20ac dla doros\u0142ych<\/li>\n\n\n\n<li>Rozk\u0142ad: pierwszy autobus z lotniska o 8:30, ostatni o 23:00 (z Termini odpowiednio o 4:30 i 18:30)<\/li>\n<\/ul>\n\n\n\n<h3 class=\"wp-block-heading\">Rome Airport Bus<\/h3>\n\n\n\n<ul class=\"wp-block-list\">\n<li>Odjazdy z: terminalu autobusowego przy terminalu przylatuj\u0105cych<\/li>\n\n\n\n<li>Przystanki: bezpo\u015brednio na stacj\u0119 Termini<\/li>\n\n\n\n<li>Bilety: kup online, na lotnisku lub bezpo\u015brednio w autobusie. 6,90 \u20ac dla doros\u0142ych, dzieci poni\u017cej 5. roku \u017cycia jad\u0105 bezp\u0142atnie.<\/li>\n\n\n\n<li>Rozk\u0142ad: pierwszy autobus z lotniska o 3:30, ostatni o 23:30 (z Termini odpowiednio o 0:05 i 22:00)<\/li>\n<\/ul>\n\n\n\n<h3 class=\"wp-block-heading\">Poci\u0105g<\/h3>\n\n\n\n<p>Niestety lotnisko nie ma w\u0142asnego dworca kolejowego. Dworzec o nazwie Ciampino le\u017cy w pobliskim miasteczku \u2014 dojazd tam wymaga wcze\u015bniejszego przejazdu autobusem, wi\u0119c ta opcja nie jest rekomendowana.<\/p>\n\n\n\n<h3 class=\"wp-block-heading\">Taks\u00f3wki<\/h3>\n\n\n\n<p>Jedn\u0105 z najszybszych i naj\u0142atwiejszych opcji jest oczywi\u015bcie taks\u00f3wka bezpo\u015brednio z lotniska do noclegu.<\/p>\n\n\n\n<p>Do wszystkich miejsc w obr\u0119bie Mur\u00f3w Aureliana obowi\u0105zuje sta\u0142a stawka 31 \u20ac. Za cel poza murami p\u0142acisz wed\u0142ug licznika. Op\u0142aty za baga\u017c nie ma.<\/p>\n\n\n\n<p>Zdarza\u0142y si\u0119 przypadki pr\u00f3b oszustwa nawet przez oficjalnych taks\u00f3wkarzy \u2014 upewnij si\u0119, \u017ce wiesz, czy Tw\u00f3j cel le\u017cy w obr\u0119bie mur\u00f3w miejskich, i nie p\u0142a\u0107 wi\u0119cej, je\u015bli tak jest.<\/p>\n\n\n\n<h3 class=\"wp-block-heading\">Prywatne transfery<\/h3>\n\n\n\n<p>Podobnie jak przy Fiumicino, je\u015bli nie chcesz k\u0142\u00f3ci\u0107 si\u0119 z taks\u00f3wkarzami ani czeka\u0107 na autobus, mo\u017cesz zarezerwowa\u0107 prywatny transfer. Najlepiej zarezerwowa\u0107 go przed wylotem do Rzymu \u2014 kierowca b\u0119dzie wtedy czeka\u0142 na Ciebie po odebraniu baga\u017cu.<\/p>\n\n\n\n<p>Sta\u0142a cena prywatnego transferu zale\u017cy od wybranej firmy i jest zazwyczaj znacznie wy\u017csza ni\u017c taks\u00f3wka.<\/p>\n\n\n\n<h3 class=\"wp-block-heading\">Wypo\u017cyczalnie samochod\u00f3w<\/h3>\n\n\n\n<p>Na lotnisku Ciampino wypo\u017cyczalnie samochod\u00f3w znajduj\u0105 si\u0119 w okolicy parking\u00f3w P6, P8 i P12 \u2014 dost\u0119pny jest bezp\u0142atny wahad\u0142owiec do i z terminalu.<\/p>\n\n\n\n<p>Tak jak przy Fiumicino, nie polecamy wypo\u017cyczania samochodu, je\u015bli planujesz zosta\u0107 wy\u0142\u0105cznie w Rzymie \u2014 jazda po mie\u015bcie bywa uci\u0105\u017cliwa. To dobra opcja, je\u015bli chcesz odkrywa\u0107 inne regiony W\u0142och.<\/p>\n","protected":false},"excerpt":{"rendered":"","protected":false},"author":9,"featured_media":501,"parent":275,"menu_order":0,"comment_status":"closed","ping_status":"closed","template":"","meta":{"_acf_changed":false,"footnotes":"","button_url":"https:\/\/www.tiqets.com\/pl\/airport-transfer-rome-tickets-l205409\/?partner=romeinfo","ms_product_id":"","ms_product_name":"","ms_price":"","ms_currency":"","ms_rating_value":"","ms_review_count":"","rank_math_title":"Transfery lotniskowe w Rzymie: Poci\u0105g, autobus, taks\u00f3wka i wi\u0119cej","rank_math_description":"Wszystkie sposoby dojazdu z lotnisk Fiumicino i Ciampino do Rzymu: szybkie poci\u0105gi, tanie autobusy, taks\u00f3wki, transfery prywatne. Aktualne ceny i rozk\u0142ady."},"post-style":[],"producer":[37],"class_list":["post-315","page","type-page","status-publish","has-post-thumbnail"],"acf":[],"product_schema":{"ms_product_id":"","ms_product_name":"","ms_price":"","ms_currency":"","ms_rating_value":"","ms_review_count":""},"_links":{"self":[{"href":"https:\/\/www.rome.info\/pl\/wp-json\/wp\/v2\/pages\/315","targetHints":{"allow":["GET"]}}],"collection":[{"href":"https:\/\/www.rome.info\/pl\/wp-json\/wp\/v2\/pages"}],"about":[{"href":"https:\/\/www.rome.info\/pl\/wp-json\/wp\/v2\/types\/page"}],"author":[{"embeddable":true,"href":"https:\/\/www.rome.info\/pl\/wp-json\/wp\/v2\/users\/9"}],"replies":[{"embeddable":true,"href":"https:\/\/www.rome.info\/pl\/wp-json\/wp\/v2\/comments?post=315"}],"version-history":[{"count":2,"href":"https:\/\/www.rome.info\/pl\/wp-json\/wp\/v2\/pages\/315\/revisions"}],"predecessor-version":[{"id":544,"href":"https:\/\/www.rome.info\/pl\/wp-json\/wp\/v2\/pages\/315\/revisions\/544"}],"up":[{"embeddable":true,"href":"https:\/\/www.rome.info\/pl\/wp-json\/wp\/v2\/pages\/275"}],"wp:featuredmedia":[{"embeddable":true,"href":"https:\/\/www.rome.info\/pl\/wp-json\/wp\/v2\/media\/501"}],"wp:attachment":[{"href":"https:\/\/www.rome.info\/pl\/wp-json\/wp\/v2\/media?parent=315"}],"wp:term":[{"taxonomy":"post-style","embeddable":true,"href":"https:\/\/www.rome.info\/pl\/wp-json\/wp\/v2\/post-style?post=315"},{"taxonomy":"producer","embeddable":true,"href":"https:\/\/www.rome.info\/pl\/wp-json\/wp\/v2\/producer?post=315"}],"curies":[{"name":"wp","href":"https:\/\/api.w.org\/{rel}","templated":true}]}}