{"id":314,"date":"2026-04-27T19:06:41","date_gmt":"2026-04-27T17:06:41","guid":{"rendered":"https:\/\/www.rome.info\/pl\/?page_id=314"},"modified":"2026-04-27T20:02:18","modified_gmt":"2026-04-27T18:02:18","slug":"ciampino","status":"publish","type":"page","link":"https:\/\/www.rome.info\/pl\/lotnisko\/ciampino\/","title":{"rendered":"Lotnisko Ciampino"},"content":{"rendered":"\n<p class=\"is-style-lead\">Mi\u0119dzynarodowy Port Lotniczy im. Giovana Battisty Pastine, powszechnie zwany Ciampino (CIA), to drugie i mniejsze lotnisko Rzymu.<\/p>\n\n\n\n<p>Z Ciampino operuj\u0105 wy\u0142\u0105cznie tanie linie lotnicze. Lotnisko ma po\u0142\u0105czenia z 51 miastami w 23 krajach \u2014 je\u015bli wi\u0119c lecisz tani\u0105 lini\u0105 z Europy, prawdopodobnie wyl\u0105duje w\u0142a\u015bnie tutaj.<\/p>\n\n\n<div class=\"ms-credits\">\n<img decoding=\"async\" class=\"gb-media-bc40e107\" src=\"https:\/\/www.rome.info\/wp-content\/uploads\/ciampino-entrance-1745738755.jpg\" alt=\"Podr\u00f3\u017cni z baga\u017cem przy wej\u015bciu do strefy odlot\u00f3w lotniska G.B. Pastine Ciampino pod zachmurzonym niebem.\" title=\"ciampino-entrance-1745738755\"\/>\n<span class='ms-credits__info' id='media2529'><svg xmlns=\"http:\/\/www.w3.org\/2000\/svg\" width=\"20\" height=\"22\" fill=\"#000000\" viewBox=\"0 0 256 256\"><path d=\"M128,24A104,104,0,1,0,232,128,104.11,104.11,0,0,0,128,24Zm0,192a88,88,0,1,1,88-88A88.1,88.1,0,0,1,128,216ZM96,128a32,32,0,0,0,57.6,19.2,8,8,0,0,1,12.8,9.61,48,48,0,1,1,0-57.62,8,8,0,0,1-12.8,9.61A32,32,0,0,0,96,128Z\"><\/path><\/svg>bestravelvideo\/<a href=https:\/\/depositphotos.com\/editorial\/rome-italy-september-2017-ciampino-airport-terminal-entrance-tourists-sign-359151104.html rel='nofollow' target='_blank'>Depositphotos<\/a><\/span><span class='ms-credits__btn' id='btn_media2529' onclick='ms_credits_trigger(\"#media2529\", this)'><svg xmlns=\"http:\/\/www.w3.org\/2000\/svg\" class=\"info_icon\" width=\"28\" height=\"28\" fill=\"#FFF\" viewBox=\"0 0 256 256\"><path d=\"M128,24A104,104,0,1,0,232,128,104.11,104.11,0,0,0,128,24Zm0,192a88,88,0,1,1,88-88A88.1,88.1,0,0,1,128,216Zm16-40a8,8,0,0,1-8,8,16,16,0,0,1-16-16V128a8,8,0,0,1,0-16,16,16,0,0,1,16,16v40A8,8,0,0,1,144,176ZM112,84a12,12,0,1,1,12,12A12,12,0,0,1,112,84Z\"><\/path><\/svg><svg xmlns=\"http:\/\/www.w3.org\/2000\/svg\" class=\"close_icon\" width=\"28\" height=\"28\" fill=\"#FFF\" viewBox=\"0 0 256 256\"><path d=\"M165.66,101.66,139.31,128l26.35,26.34a8,8,0,0,1-11.32,11.32L128,139.31l-26.34,26.35a8,8,0,0,1-11.32-11.32L116.69,128,90.34,101.66a8,8,0,0,1,11.32-11.32L128,116.69l26.34-26.35a8,8,0,0,1,11.32,11.32ZM232,128A104,104,0,1,1,128,24,104.11,104.11,0,0,1,232,128Zm-16,0a88,88,0,1,0-88,88A88.1,88.1,0,0,0,216,128Z\"><\/path><\/svg><\/span><\/div>\n\n\n<h2 class=\"wp-block-heading\"><strong>Wszystko, co musisz wiedzie\u0107<\/strong><\/h2>\n\n\n\n<p>Dost\u0119pne <a href=\"https:\/\/www.rome.info\/pl\/transport\/\">komunikacj\u0105 miejsk\u0105<\/a>, lotnisko Ciampino (wym. cziam-PI-no) le\u017cy na po\u0142udniowy wsch\u00f3d od Rzymu, oko\u0142o 18 km od centrum.<\/p>\n\n\n\n<p>Oficjalna nazwa to \u201eAeroporto di Ciampino, G.B. Pastine&#8221; \u2014 na cze\u015b\u0107 bohatera wojennego z II wojny \u015bwiatowej. Je\u015bli odlatujesz st\u0105d po raz pierwszy, nie zdziw si\u0119, gdy nad wej\u015bciem zobaczysz t\u0119 nazw\u0119 bez \u017cadnej wzmianki o Ciampino. (Kto cho\u0107 raz trafi\u0142 na z\u0142e lotnisko przez zamieszanie mi\u0119dzy nazw\u0105 oficjaln\u0105 a potoczn\u0105, zna to uczucie dobrze).<\/p>\n\n\n\n<p>Przed er\u0105 tanich lot\u00f3w Ciampino by\u0142o baz\u0105 wojskow\u0105 i dopiero stosunkowo niedawno zosta\u0142o skomercjalizowane. To w\u0142a\u015bciwie \u015bwie\u017cak w\u015br\u00f3d lotnisk \u2014 co ma swoje zalety.<\/p>\n\n\n\n<p>Ma\u0142e, szczeg\u00f3lnie w por\u00f3wnaniu z gigantycznym <a href=\"https:\/\/www.rome.info\/pl\/lotnisko\/fiumicino\/\">Fiumicino<\/a>; CIA jest zaskakuj\u0105co przyst\u0119pne. \u017badnych kilometrowych marsz\u00f3w do bramki czy kontroli paszportowej, \u017cadnego labiryntu stref bezc\u0142owych. To naprawd\u0119 skromne miejsce.<\/p>\n\n\n\n<p>Niezale\u017cnie od tego, czy przylecisz do Ciampino po raz pierwszy, czy odlatujesz na tanie intercytu \u2014 przeczytaj dalej, \u017ceby pozna\u0107 opcje transportu, wiedzie\u0107 czego si\u0119 spodziewa\u0107 i co zobaczy\u0107 w okolicy.<\/p>\n\n\n\n<h2 class=\"wp-block-heading\"><strong>Dojazd do Rzymu z Ciampino<\/strong><\/h2>\n\n\n\n<h3 class=\"wp-block-heading\">1. Autobus i metro: najlepiej i najtaniej<\/h3>\n\n\n\n<p>Lotnisko Ciampino jest obs\u0142ugiwane przez sie\u0107 komunikacji miejskiej (ATAC). Dwa lokalne autobusy dowo\u017c\u0105 do stacji <a href=\"https:\/\/www.rome.info\/pl\/transport\/komunikacja-miejska\/metro\/\">metra<\/a>. Bilet jednorazowy jest wa\u017cny przez 100 minut, wi\u0119c ten sam bilet pos\u0142u\u017cy zar\u00f3wno na <a href=\"https:\/\/www.rome.info\/pl\/transport\/komunikacja-miejska\/autobus\/\">autobus<\/a>, jak i na metro.<\/p>\n\n\n\n<figure><div class=\"ms-credits\">\n<img decoding=\"async\" class=\"gb-media-db5c189f\" src=\"https:\/\/www.rome.info\/wp-content\/uploads\/ciampino-terminal-bus-stop-1745739369.jpg\" alt=\"Podr\u00f3\u017cni z walizkami czekaj\u0105cy w kolejce do wahad\u0142owc\u00f3w przed lotniskiem Ciampino pod zachmurzonym niebem, przy oznakowanych przystankach autobusowych.\" title=\"ciampino-terminal-bus-stop-1745739369\"\/>\n<span class='ms-credits__info' id='media2531'><svg xmlns=\"http:\/\/www.w3.org\/2000\/svg\" width=\"20\" height=\"22\" fill=\"#000000\" viewBox=\"0 0 256 256\"><path d=\"M128,24A104,104,0,1,0,232,128,104.11,104.11,0,0,0,128,24Zm0,192a88,88,0,1,1,88-88A88.1,88.1,0,0,1,128,216ZM96,128a32,32,0,0,0,57.6,19.2,8,8,0,0,1,12.8,9.61,48,48,0,1,1,0-57.62,8,8,0,0,1-12.8,9.61A32,32,0,0,0,96,128Z\"><\/path><\/svg>bestravelvideo\/<a href=https:\/\/depositphotos.com\/editorial\/rome-italy-september-2017-ciampino-airport-terminal-bus-stop-crowd-360108800.html rel='nofollow' target='_blank'>Depositphotos<\/a><\/span><span class='ms-credits__btn' id='btn_media2531' onclick='ms_credits_trigger(\"#media2531\", this)'><svg xmlns=\"http:\/\/www.w3.org\/2000\/svg\" class=\"info_icon\" width=\"28\" height=\"28\" fill=\"#FFF\" viewBox=\"0 0 256 256\"><path d=\"M128,24A104,104,0,1,0,232,128,104.11,104.11,0,0,0,128,24Zm0,192a88,88,0,1,1,88-88A88.1,88.1,0,0,1,128,216Zm16-40a8,8,0,0,1-8,8,16,16,0,0,1-16-16V128a8,8,0,0,1,0-16,16,16,0,0,1,16,16v40A8,8,0,0,1,144,176ZM112,84a12,12,0,1,1,12,12A12,12,0,0,1,112,84Z\"><\/path><\/svg><svg xmlns=\"http:\/\/www.w3.org\/2000\/svg\" class=\"close_icon\" width=\"28\" height=\"28\" fill=\"#FFF\" viewBox=\"0 0 256 256\"><path d=\"M165.66,101.66,139.31,128l26.35,26.34a8,8,0,0,1-11.32,11.32L128,139.31l-26.34,26.35a8,8,0,0,1-11.32-11.32L116.69,128,90.34,101.66a8,8,0,0,1,11.32-11.32L128,116.69l26.34-26.35a8,8,0,0,1,11.32,11.32ZM232,128A104,104,0,1,1,128,24,104.11,104.11,0,0,1,232,128Zm-16,0a88,88,0,1,0-88,88A88.1,88.1,0,0,0,216,128Z\"><\/path><\/svg><\/span><\/div>\n\n\n<figcaption class=\"gb-text gb-text-1d7cbf3a\">Pasa\u017cerowie czekaj\u0105 z baga\u017cem w kolejce do wahad\u0142owc\u00f3w przed lotniskiem Ciampino.<\/figcaption>\n<\/figure>\n\n\n\n<p>Pasa\u017cerowie czekaj\u0105 z baga\u017cem w kolejce do wahad\u0142owc\u00f3w przed lotniskiem Ciampino.<\/p>\n\n\n\n<p>Zak\u0142adaj\u0105c, \u017ce nocujesz w centrum Rzymu, dotrzesz tam w mniej ni\u017c godzin\u0119 \u2014 to zdecydowanie najta\u0144szy spos\u00f3b na dotarcie do miasta.<\/p>\n\n\n\n<h4 class=\"wp-block-heading\"><strong>Jak to zrobi\u0107:<\/strong><\/h4>\n\n\n\n<p>W strefie przylatuj\u0105cych, po prawej stronie, zobaczysz rz\u0105d kas autobusowych.<\/p>\n\n\n\n<p>Ostatnia z nich to oficjalny punkt Informacji Turystycznej Rzymu, gdzie mo\u017cesz kupi\u0107 bilety komunikacji miejskiej. Je\u015bli planujesz pe\u0142ne dwa dni w Rzymie, rozwa\u017c <a href=\"https:\/\/www.rome.info\/pl\/karty-turystyczne\/\">karnet 48-godzinny<\/a>, wa\u017cny w autobusach i metrze.<\/p>\n\n\n\n<p>W metrze i wi\u0119kszo\u015bci autobus\u00f3w mo\u017cesz te\u017c zap\u0142aci\u0107 kart\u0105 zbli\u017ceniow\u0105 lub aplikacj\u0105 na telefonie.<\/p>\n\n\n\n<p>Bilet\u00f3w nie mo\u017cna kupi\u0107 w autobusie.<\/p>\n\n\n\n<p><strong>Wskaz\u00f3wka:<\/strong> Miej przy sobie papierowy bilet, \u017ceby by\u0107 przygotowanym na ka\u017cd\u0105 sytuacj\u0119.<\/p>\n\n\n\n<h4 class=\"wp-block-heading\"><strong>Polecana trasa<\/strong><\/h4>\n\n\n\n<p>Dwa lokalne autobusy dowo\u017c\u0105 do stacji metra. Linia 520 jedzie na Cinecitt\u00e0, do stacji linii A (pomara\u0144czowej). Linia 720 jedzie na stacj\u0119 Laurentina, do linii B (niebieskiej). Polecam tras\u0119 720 \u2014 oto instrukcja krok po kroku:<\/p>\n\n\n\n<p>Wychodz\u0105c ze strefy przylatuj\u0105cych, zostaniesz skierowany w d\u00f3\u0142, w stron\u0119 przystank\u00f3w autobusowych. Lokalne autobusy, a tak\u017ce wi\u0119ksze busy bezpo\u015brednie, odje\u017cd\u017caj\u0105 z r\u00f3\u017cnych stanowisk po lewej stronie.<\/p>\n\n\n\n<p>Po drodze i przy przystankach znajdziesz tablice informacyjne. S\u0105 pomocne \u2014 o ile wiesz, gdzie jedziesz i masz podstawow\u0105 orientacj\u0119 w geografii Rzymu.<\/p>\n\n\n\n<p>Poczekaj na przystanku (jest tylko jeden) na autobus 720. Lokalne autobusy rzymskie s\u0105 w kolorze ciemnoczerwonego.<\/p>\n\n\n\n<p>Wsiadaj \u015brodkowymi lub tylnymi drzwiami, nie przedni\u0105.<\/p>\n\n\n\n<p>Kierowcy s\u0105 oddzieleni od pasa\u017cer\u00f3w przegrod\u0105. B\u0119d\u0105 sobie siedzie\u0107 we w\u0142asnym \u015bwiecie, a tablice po w\u0142osku powiedz\u0105: \u201eProsz\u0119 nie rozmawia\u0107 z kierowc\u0105&#8221;. Mimo to cz\u0119\u015b\u0107 kierowc\u00f3w ch\u0119tnie pogada.<\/p>\n\n\n\n<p>Wi\u0119kszo\u015b\u0107 autobus\u00f3w ma teraz (na szcz\u0119\u015bcie) dwa sposoby kasowania. Stary spos\u00f3b \u2014 papierowy bilet do \u017c\u00f3\u0142tej kasowniczki \u2014 i nowy XXI-wieczny, czyli zbli\u017ceniowa karta.<\/p>\n\n\n\n<p><strong>Wskaz\u00f3wka:<\/strong> Warto mie\u0107 przy sobie papierowy bilet na wypadek, gdyby kasownik by\u0142 zepsuty, a zirytowany kontroler upar\u0142 si\u0119, \u017ce musisz mie\u0107 wa\u017cny bilet i na miejscu wystawi\u0142 mandat.<\/p>\n\n\n\n<p>To W\u0142ochy. Przygotuj si\u0119 na dramatyczne zdarzenia.<\/p>\n\n\n\n<p>Autobus 720 zawiezie Ci\u0119 przez \u0142\u0105ki, zielone winnice i wyboiste drogi podmiejskie \u2014 a\u017c do Laurentiny. Taki troch\u0119 postmodernistyczny w\u0119ze\u0142 komunikacyjny z lat 80., kt\u00f3ry m\u00f3g\u0142by skorzysta\u0107 z odrobiny mi\u0142o\u015bci i \u015bwie\u017cej farby. Nie obiecuj\u0119, \u017ce to b\u0119dzie najbardziej glamourowski start (lub koniec) Twojego rzymskiego urlopu \u2014 ale dojedzie Ci\u0119 tam, gdzie trzeba.<\/p>\n\n\n\n<p>Laurentina to ostatni przystanek na tej linii, wi\u0119c nie ma szans, \u017ce przegapisz sw\u00f3j przystanek. Wysiadaj\u0105c, przejd\u017a w kierunku niebieskich kolumn. Id\u017a w stron\u0119 \u017c\u00f3\u0142tej cz\u0119\u015bci budynku \u2014 wej\u015bcie do stacji metra b\u0119dzie po prawej.<\/p>\n\n\n\n<p>Laurentina na linii B to te\u017c ostatnia stacja linii, wi\u0119c nie ma ryzyka pojechania w z\u0142\u0105 stron\u0119. Wszystkie poci\u0105gi jad\u0105 na Termini.<\/p>\n\n\n\n<p>Ko\u0144cowe stacje poci\u0105gu to Rebibbia lub Jonio \u2014 je\u015bli zostanujesz w centrum Rzymu i nie jedziesz dalej ni\u017c Bologna na linii B, nie ma znaczenia, kt\u00f3ry poci\u0105g we\u017amiesz. Je\u015bli masz papierowy bilet z autobusu, u\u017cyj go do przej\u015bcia przez bramk\u0119 metra. Lub zn\u00f3w przy\u0142\u00f3\u017c kart\u0119 zbli\u017ceniow\u0105.<\/p>\n\n\n\n<p>Drugi lokalny autobus to linia 520 do Cinecitt\u00e0. Pami\u0119taj, \u017ce Cinecitt\u00e0 nie jest ostatni\u0105 stacj\u0105 \u2014 zapytaj wsp\u00f3\u0142pasa\u017cera, na kt\u00f3rym przystanku wysi\u0105\u015b\u0107.<\/p>\n\n\n\n<p>W\u0142osi uwielbiaj\u0105 pomaga\u0107 turystom, szczeg\u00f3lnie starszym \u2014 ka\u017cda okazja do rozmowy jest dobra. Przystanek autobusowy jest obok wej\u015bcia do metra (ze schodami w d\u00f3\u0142). Mo\u017cesz wolisz lini\u0119 A, je\u015bli Tw\u00f3j nocleg jest bli\u017cej stacji na tej linii.<\/p>\n\n\n\n<h3 class=\"wp-block-heading\">2. <strong>Busy bezpo\u015brednie<\/strong><\/h3>\n\n\n\n<p>Firmy autobusowe takie jak Terravision i Roma Airport Bus prowadz\u0105 bezpo\u015brednie linie do <a href=\"https:\/\/www.rome.info\/pl\/transport\/pociagi\/\">dworca Termini<\/a> \u2014 bilety mo\u017cna kupi\u0107 w strefie przylatuj\u0105cych. Czas przejazdu to oko\u0142o 50 minut.<\/p>\n\n\n\n<p>Stanowiska autobusowe s\u0105 po lewej stronie lokalnego przystanku, prosto przed Tob\u0105 gdy wychodzisz z lotniska. Nie spos\u00f3b ich min\u0105\u0107.<\/p>\n\n\n\n<h3 class=\"wp-block-heading\">3. <strong>Poci\u0105g<\/strong><\/h3>\n\n\n\n<p>Uwaga: do tego lotniska nie ma bezpo\u015bredniego po\u0142\u0105czenia kolejowego \u2014 Ciampino na mapie kolejowej to samo miasto, z kt\u00f3rego je\u017adzi wahad\u0142owiec z dworca o nazwie Ciampino Airlink.<\/p>\n\n\n\n<p>Bilet na wahad\u0142owiec mo\u017cesz kupi\u0107 w kasie w strefie przylatuj\u0105cych. To kr\u00f3tka jazda do stacji Ciampino, sk\u0105d regionalny poci\u0105g doje\u017cd\u017ca do <a href=\"https:\/\/www.rome.info\/pl\/transport\/pociagi\/\">Termini<\/a>.<\/p>\n\n\n\n<p><strong>Wskaz\u00f3wka:<\/strong> Je\u015bli odlatujesz z Ciampino i rozwa\u017casz podr\u00f3\u017c regionalnym poci\u0105giem z Termini, s\u0142owo ostrze\u017cenia:<\/p>\n\n\n\n<ul class=\"wp-block-list\">\n<li>Poci\u0105gi do Ciampino odje\u017cd\u017caj\u0105 zazwyczaj z peron\u00f3w 20 lub 20B \u2014 a te s\u0105 do\u015b\u0107 daleko od bramek i nie\u0142atwe do znalezienia w\u015br\u00f3d t\u0142um\u00f3w w szczycie sezonu. Termini jest ogromne.<\/li>\n\n\n\n<li>Wahad\u0142owiec mo\u017ce przyjecha\u0107, ale nie musi trzyma\u0107 si\u0119 rozk\u0142adu. Dla spokoju ducha polecam co\u015b bardziej przewidywalnego.<\/li>\n<\/ul>\n\n\n\n<p>Z Termini, przy Via Giovanni Giolitti (po prawej stronie, patrz\u0105c na dworzec, tu\u017c za Mercato Centrale Roma), odje\u017cd\u017caj\u0105 regularne busy bezpo\u015brednie. Mo\u017cesz zap\u0142aci\u0107 kierowcy w autobusie.<\/p>\n\n\n\n<h3 class=\"wp-block-heading\">4. <strong>Taks\u00f3wka i Uber<\/strong><\/h3>\n\n\n\n<p>Post\u00f3j <a href=\"https:\/\/www.rome.info\/pl\/transport\/taksowka\/\">taks\u00f3wek<\/a> na tym lotnisku le\u017cy tu\u017c za lokalnym przystankiem autobusowym. To lokalne bia\u0142e taks\u00f3wki z naklejkami na drzwiach z wykazem sta\u0142ych stawek. Do centrum Rzymu zap\u0142acisz oko\u0142o 30 euro.<\/p>\n\n\n\n<p>Mi\u0142o\u015bnicy Ubera b\u0119d\u0105 zadowoleni \u2014 aplikacja dzia\u0142a tu ca\u0142kiem nie\u017ale, cho\u0107 niekoniecznie zaoszcz\u0119dzisz tym sposobem czas ani pieni\u0105dze. Lokalne taks\u00f3wki akceptuj\u0105 karty, a pojazd\u00f3w jest zazwyczaj pod dostatkiem.<\/p>\n\n\n\n<h2 class=\"wp-block-heading\"><strong>Przyloty<\/strong><\/h2>\n\n\n\n<p>Lotnisko jest bardzo ma\u0142e, wi\u0119c z samolotu wychodzi si\u0119 po schodach.<\/p>\n\n\n\n<p>Nie ma r\u0119kawa do terminalu. Je\u015bli Ty lub kto\u015b z Twoich towarzyszy ma problemy z poruszaniem si\u0119 \u2014 we\u017a to pod uwag\u0119. Spacer do g\u0142\u00f3wnego budynku terminalu jest kr\u00f3tki.<\/p>\n\n\n\n<p>Kontrola paszportowa jest podzielona mi\u0119dzy obywateli UE z biometrycznymi paszportami a wszystkich pozosta\u0142ych \u2014 ci ostatni maj\u0105 paszport sprawdzany przez lokaln\u0105 policj\u0119.<\/p>\n\n\n\n<p>Nast\u0119pnie przechodzisz do odbioru baga\u017cu, a potem do bardzo ma\u0142ej hali przylot\u00f3w z wyra\u017anie oznaczonymi wyj\u015bciami. Po prawej stronie znajdziesz trzy kasy, gdzie mo\u017cesz kupi\u0107 bilety autobusowe do Rzymu.<\/p>\n\n\n\n<h2 class=\"wp-block-heading\"><strong>Odloty<\/strong><\/h2>\n\n\n\n<p>Stanowiska odprawy s\u0105 tu\u017c przed wej\u015bciem, gdy wchodzisz po schodach lub po rampie. Nie musisz si\u0119 martwi\u0107 o w\u0142a\u015bciwy terminal ani w\u0142a\u015bciw\u0105 stref\u0119 odprawy.<\/p>\n\n\n\n<p>Wszystko jest w jednym miejscu.<\/p>\n\n\n\n<p>Kontrola bezpiecze\u0144stwa jest prosto przed Tob\u0105 po wej\u015bciu, skr\u0119\u0107 w prawo.<\/p>\n\n\n\n<p>Jest fast track, ale szczerze \u2014 nie wiem, po co ktokolwiek mia\u0142by z niego korzysta\u0107, bior\u0105c pod uwag\u0119 rozmiar lotniska.<\/p>\n\n\n\n<h2 class=\"wp-block-heading\"><strong>Udogodnienia<\/strong><\/h2>\n\n\n\n<p>Przed kontrol\u0105 bezpiecze\u0144stwa znajdziesz toalety, McDonald&#8217;s, kawiarni\u0119, WH Smith (ksi\u0105\u017cki, pami\u0105tki, podstawowe artyku\u0142y toaletowe) oraz dwa automaty vendingowe.<\/p>\n\n\n\n<p>Naprawd\u0119 tyle.<\/p>\n\n\n\n<p>Po przej\u015bciu przez bramki wykrywacza metali jest jedna kawiarnia i mo\u017cliwo\u015b\u0107 zam\u00f3wienia McDonald&#8217;s przez aplikacj\u0119 \u2014 przynosz\u0105 je w papierowych torbach z zewn\u0105trz. Dziwne, ale ludzie to robili.<\/p>\n\n\n\n<p>Zakupy bezc\u0142owe i pami\u0105tki s\u0105 w Ciampino bardzo ograniczone \u2014 zr\u00f3b zakupy przed przyjazdem, bo b\u0119dziesz rozczarowany.<\/p>\n\n\n\n<p>Nie ma tu luksusowych sklep\u00f3w ani imponuj\u0105cego asortymentu kosmetyk\u00f3w, perfum i alkoholi jak w Fiumicino.<\/p>\n\n\n\n<h2 class=\"wp-block-heading\"><strong>Zakwaterowanie<\/strong><\/h2>\n\n\n\n<p>Hotelu na terenie lotniska nie ma, ale w samym miasteczku Ciampino znajdziesz spory wyb\u00f3r w r\u00f3\u017cnych kategoriach cenowych.<\/p>\n\n\n\n<p>Kilka mi si\u0119 wyr\u00f3\u017cni\u0142o:<\/p>\n\n\n\n<p><a href=\"https:\/\/villa-giulia-ciampino.worhot.com\/\" rel=\"noopener\">Hotel Villa Giulia<\/a> jest w odleg\u0142o\u015bci spaceru od stacji kolejowej w Ciampino (przydatne, je\u015bli doje\u017cd\u017casz z Termini), oferuje p\u00f3\u017ane check-in i le\u017cy blisko przystanku wahad\u0142owca lotniskowego.<\/p>\n\n\n\n<p><a href=\"https:\/\/en.plazaroomsciampino.com\/\" rel=\"noopener\">Plaza Rooms Ciampino<\/a> jest r\u00f3wnie dobrze wyposa\u017cone \u2014 oferuje bezp\u0142atne \u015bniadanie i Wi-Fi, a do przystanku wahad\u0142owca jest st\u0105d kr\u00f3tki spacer.<\/p>\n\n\n\n<h3 class=\"wp-block-heading\"><strong>A czy mo\u017cna przespa\u0107 si\u0119 na lotnisku?<\/strong><\/h3>\n\n\n\n<p>Je\u015bli masz bardzo wczesny lot, mo\u017cesz teraz sp\u0119dzi\u0107 noc w skromnej poczekalni tu\u017c przed kontrol\u0105 bezpiecze\u0144stwa. Jest Wi-Fi, kilka automat\u00f3w vendingowych i karabinierzy patroluj\u0105cy teren.<\/p>\n\n\n\n<p>Kilka lat temu, w czasie pandemii, sytuacja by\u0142a inna. Cz\u0119\u015b\u0107 kierowc\u00f3w autobus\u00f3w i taks\u00f3wek (a za nimi wiele stron internetowych) nadal nie wie o zmianie i mo\u017ce m\u00f3wi\u0107 Ci bardzo powa\u017cnym tonem, \u017ce lotnisko jest zamkni\u0119te od p\u00f3\u0142nocy do 4:00. Przekona\u0142em si\u0119 na w\u0142asnej sk\u00f3rze, \u017ce si\u0119 myl\u0105. Potraktowa\u0142em to jako przypadek \u201edobrodusznej dezinformacji&#8221; \u2014 we W\u0142oszech zdarza si\u0119 to do\u015b\u0107 cz\u0119sto. Ale po to w\u0142a\u015bnie jest przygoda.<\/p>\n\n\n\n<h2 class=\"wp-block-heading\"><strong>Pobliskie atrakcje<\/strong><\/h2>\n\n\n\n<p>To W\u0142ochy \u2014 wi\u0119c nic dziwnego, \u017ce w zasi\u0119gu jest co\u015b wspania\u0142ego. Problem le\u017cy w dotarciu tam! To kraj samochodowy, ale nie tra\u0107 nadziei. Przefiltrrowa\u0142em dla Ciebie kilka opcji.<\/p>\n\n\n\n<p>Je\u015bli masz k\u0142opotliw\u0105 przesiadk\u0119 w Ciampino i nie chcesz wraca\u0107 do Rzymu \u2014 spr\u00f3buj kt\u00f3rej\u015b z tych opcji.<\/p>\n\n\n\n<h3 class=\"wp-block-heading\"><strong>Castel Gandolfo<\/strong><\/h3>\n\n\n\n<h4 class=\"wp-block-heading\"><strong>Dlaczego warto?<\/strong><\/h4>\n\n\n\n<p>No c\u00f3\u017c, skoro starczy\u0142o dla Papie\u017ca&#8230; Castel Gandolfo nad brzegiem Lago Albano to prawdziwa pere\u0142ka. Ze stacji kr\u00f3tki spacer w d\u00f3\u0142 do jeziora \u2014 widoki zachwycaj\u0105, a wyb\u00f3r ma\u0142ych knajpek na k\u0119s przek\u0105ski jest spory.<\/p>\n\n\n\n<h4 class=\"wp-block-heading\"><strong>Jak tam dojecha\u0107?<\/strong><\/h4>\n\n\n\n<p>Wahad\u0142owcem Ciampino Airlink na stacj\u0119 Ciampino.<\/p>\n\n\n\n<p>Poci\u0105giem regionalnym do Castel Gandolfo.<\/p>\n\n\n\n<p>Czas przejazdu: mniej ni\u017c godzina.<\/p>\n\n\n\n<h3 class=\"wp-block-heading\"><strong>Frascati<\/strong><\/h3>\n\n\n\n<h4 class=\"wp-block-heading\"><strong>Dlaczego warto?<\/strong><\/h4>\n\n\n\n<p>Frascati s\u0142ynie z wina.<\/p>\n\n\n\n<p>Potrzebujesz wi\u0119cej powod\u00f3w? Prosz\u0119: to te\u017c pi\u0119kne ma\u0142e miasto z bogat\u0105 histori\u0105, dobrymi restauracjami, ko\u015bcio\u0142ami i placami. Wiem, \u017ce to oczywiste \u2014 ale to po prostu prawda.<\/p>\n\n\n\n<h4 class=\"wp-block-heading\"><strong>Jak tam dojecha\u0107?<\/strong><\/h4>\n\n\n\n<p>Dwie opcje:<\/p>\n\n\n\n<ol class=\"wp-block-list\">\n<li>Wahad\u0142owcem Ciampino Airlink na stacj\u0119 Ciampino, a stamt\u0105d poci\u0105giem regionalnym do Frascati.<\/li>\n\n\n\n<li>Lokalnym autobusem 520 do stacji Capannelle, a stamt\u0105d poci\u0105giem regionalnym do Frascati.<\/li>\n<\/ol>\n\n\n\n<p>Czas przejazdu: mniej ni\u017c godzina.<\/p>\n","protected":false},"excerpt":{"rendered":"","protected":false},"author":9,"featured_media":500,"parent":275,"menu_order":0,"comment_status":"closed","ping_status":"closed","template":"","meta":{"_acf_changed":false,"footnotes":"","button_url":"https:\/\/www.tiqets.com\/pl\/airport-transfer-rome-ciampino-l205408\/?partner=romeinfo","ms_product_id":"","ms_product_name":"","ms_price":"","ms_currency":"","ms_rating_value":"","ms_review_count":"","rank_math_title":"Lotnisko Ciampino (CIA) Rzym \u2014 co wiedzie\u0107 przed l\u0105dowaniem","rank_math_description":"Lecisz do Ciampino? Dowiedz si\u0119, jak szybko dosta\u0107 si\u0119 do Rzymu, gdzie z\u0142apa\u0107 autobus i czego spodziewa\u0107 si\u0119 na tym ma\u0142ym, ale ruchliwym lotnisku."},"post-style":[],"producer":[33],"class_list":["post-314","page","type-page","status-publish","has-post-thumbnail"],"acf":[],"product_schema":{"ms_product_id":"","ms_product_name":"","ms_price":"","ms_currency":"","ms_rating_value":"","ms_review_count":""},"_links":{"self":[{"href":"https:\/\/www.rome.info\/pl\/wp-json\/wp\/v2\/pages\/314","targetHints":{"allow":["GET"]}}],"collection":[{"href":"https:\/\/www.rome.info\/pl\/wp-json\/wp\/v2\/pages"}],"about":[{"href":"https:\/\/www.rome.info\/pl\/wp-json\/wp\/v2\/types\/page"}],"author":[{"embeddable":true,"href":"https:\/\/www.rome.info\/pl\/wp-json\/wp\/v2\/users\/9"}],"replies":[{"embeddable":true,"href":"https:\/\/www.rome.info\/pl\/wp-json\/wp\/v2\/comments?post=314"}],"version-history":[{"count":2,"href":"https:\/\/www.rome.info\/pl\/wp-json\/wp\/v2\/pages\/314\/revisions"}],"predecessor-version":[{"id":545,"href":"https:\/\/www.rome.info\/pl\/wp-json\/wp\/v2\/pages\/314\/revisions\/545"}],"up":[{"embeddable":true,"href":"https:\/\/www.rome.info\/pl\/wp-json\/wp\/v2\/pages\/275"}],"wp:featuredmedia":[{"embeddable":true,"href":"https:\/\/www.rome.info\/pl\/wp-json\/wp\/v2\/media\/500"}],"wp:attachment":[{"href":"https:\/\/www.rome.info\/pl\/wp-json\/wp\/v2\/media?parent=314"}],"wp:term":[{"taxonomy":"post-style","embeddable":true,"href":"https:\/\/www.rome.info\/pl\/wp-json\/wp\/v2\/post-style?post=314"},{"taxonomy":"producer","embeddable":true,"href":"https:\/\/www.rome.info\/pl\/wp-json\/wp\/v2\/producer?post=314"}],"curies":[{"name":"wp","href":"https:\/\/api.w.org\/{rel}","templated":true}]}}