{"id":312,"date":"2026-04-27T19:06:23","date_gmt":"2026-04-27T17:06:23","guid":{"rendered":"https:\/\/www.rome.info\/pl\/?page_id=312"},"modified":"2026-04-27T20:02:19","modified_gmt":"2026-04-27T18:02:19","slug":"bilety-komunikacyjne","status":"publish","type":"page","link":"https:\/\/www.rome.info\/pl\/transport\/bilety-komunikacyjne\/","title":{"rendered":"Bilety i karnety komunikacyjne w Rzymie"},"content":{"rendered":"\n<p class=\"is-style-lead\">Chcesz jak najlepiej wykorzysta\u0107 bilety <a href=\"https:\/\/www.rome.info\/pl\/transport\/komunikacja-miejska\/\">komunikacji miejskiej<\/a> w Rzymie? Om\u00f3wimy <a href=\"https:\/\/www.rome.info\/pl\/karty-turystyczne\/\">r\u00f3\u017cne dost\u0119pne opcje<\/a> \u2014 ceny, wa\u017cno\u015b\u0107 i spos\u00f3b u\u017cycia \u2014 \u017ceby\u015b wybra\u0142 bilet najlepiej dopasowany do swojej podr\u00f3\u017cy.<\/p>\n\n\n\n<div data-language=\"pl\" data-tiqets-widget=\"discovery\" data-cards-layout=\"responsive\" data-slug-ids=\"pro974091,pro975066,pro975058\" data-partner=\"romeinfo\"><\/div>\n\n\n\n<h2 class=\"wp-block-heading\">Rodzaje bilet\u00f3w i karnet\u00f3w komunikacyjnych w Rzymie<\/h2>\n\n\n\n<h3 class=\"wp-block-heading\">Karnet tygodniowy ATAC<\/h3>\n\n\n\n<p>Je\u015bli chcesz przez ca\u0142y tydzie\u0144 korzysta\u0107 bez ogranicze\u0144 z <a href=\"https:\/\/www.rome.info\/pl\/transport\/komunikacja-miejska\/\">komunikacji miejskiej<\/a> Wiecznego Miasta \u2014 <a href=\"https:\/\/www.rome.info\/pl\/transport\/komunikacja-miejska\/metro\/\">metra<\/a>, <a href=\"https:\/\/www.rome.info\/pl\/transport\/komunikacja-miejska\/autobus\/\">autobus\u00f3w<\/a>, <a href=\"https:\/\/www.rome.info\/pl\/transport\/komunikacja-miejska\/tramwaj\/\">tramwaj\u00f3w<\/a> i wybranych <a href=\"https:\/\/www.rome.info\/pl\/transport\/pociagi\/\">poci\u0105g\u00f3w miejskich<\/a> \u2014 karnet tygodniowy ATAC jest w\u0142a\u015bnie tym, czego szukasz.<\/p>\n\n\n\n<p>Po skasowaniu karnet jest wa\u017cny przez pe\u0142ne siedem dni (do p\u00f3\u0142nocy ostatniego dnia). Nie musisz si\u0119 martwi\u0107 o kupowanie kolejnych bilet\u00f3w ani o po\u015bpiech przed odjazdem.<\/p>\n\n\n\n<p>Pami\u0119taj jednak, \u017ce aby karnet tygodniowy si\u0119 op\u0142aci\u0142, musisz naprawd\u0119 du\u017co korzysta\u0107 z komunikacji miejskiej. Bior\u0105c pod uwag\u0119, \u017ce za jedynym biletem jednostkowym wi\u0119kszo\u015b\u0107 historycznego centrum Rzymu jest wygodnie dost\u0119pna pieszo, tygodniowy karnet rzadko jest op\u0142acalny.<\/p>\n\n\n\n<h3 class=\"wp-block-heading\"><a href=\"https:\/\/www.rome.info\/pl\/karty-turystyczne\/roma-pass\/\" data-type=\"link\" data-id=\"https:\/\/www.rome.info\/pl\/karty-turystyczne\/roma-pass\/\">Roma Pass<\/a><\/h3>\n\n\n\n<img decoding=\"async\" class=\"gb-media-b35be23e\" alt=\"\" src=\"https:\/\/www.rome.info\/wp-content\/uploads\/roma-pass-1747300131.jpg\" title=\"roma-pass-1747300131\"\/>\n\n\n\n<p>Najlepsza pod wzgl\u0119dem warto\u015bci karta turystyczna Rzymu zawiera w cenie nielimitowane przejazdy komunikacj\u0105 miejsk\u0105. Do wyboru masz karnet dwu- lub trzydniowy, ale w te dni mo\u017cesz naprawd\u0119 wiele zobaczy\u0107. Je\u015bli odwiedzasz Rzym na weekend, to idealny czas.<\/p>\n\n\n\n<p>Roma Pass daje wst\u0119p do dw\u00f3ch g\u0142\u00f3wnych atrakcji oraz zni\u017cki na wiele innych <a href=\"https:\/\/www.rome.info\/pl\/atrakcje\/\">atrakcji<\/a> i <a href=\"https:\/\/www.rome.info\/pl\/atrakcje\/t\/muzea\/\">muze\u00f3w<\/a>. Najlepsza warto\u015b\u0107 to Roma Pass 48-godzinny.<\/p>\n\n\n\n<p>Je\u015bli i tak planujesz odwiedzi\u0107 <a href=\"https:\/\/www.rome.info\/pl\/atrakcje\/\">atrakcje<\/a> wymienione w ofercie Roma Pass, wyb\u00f3r jest oczywisty. Kart\u0119 mo\u017cesz kupi\u0107 online, ale naj\u0142atwiej odbierasz j\u0105 w punkcie informacji turystycznej w mie\u015bcie.<\/p>\n\n\n\n<p><a href=\"https:\/\/www.rome.info\/pl\/karty-turystyczne\/roma-pass\/\" data-type=\"link\" data-id=\"https:\/\/www.rome.info\/pl\/karty-turystyczne\/roma-pass\/\">Odkryj wszystkie zalety Roma Pass -><\/a><\/p>\n\n\n\n<h3 class=\"wp-block-heading\">MetroBus<\/h3>\n\n\n\n<p>Je\u015bli karnet tygodniowy to za du\u017co, a mimo to zale\u017cy Ci na wygodzie nielimitowanych przejazd\u00f3w, karnet MetroBus mo\u017ce by\u0107 idealnym rozwi\u0105zaniem.<\/p>\n\n\n\n<p>Dost\u0119pne s\u0105 karnety MetroBus na jeden, dwa lub trzy dni \u2014 wszystkie obejmuj\u0105 nieograniczone korzystanie z <a href=\"https:\/\/www.rome.info\/pl\/transport\/komunikacja-miejska\/autobus\/\">autobus\u00f3w<\/a>, <a href=\"https:\/\/www.rome.info\/pl\/transport\/komunikacja-miejska\/tramwaj\/\">tramwaj\u00f3w<\/a> i <a href=\"https:\/\/www.rome.info\/pl\/transport\/komunikacja-miejska\/metro\/\">metra<\/a>, a tak\u017ce wybranych linii poci\u0105g\u00f3w miejskich przez ca\u0142y czas wa\u017cno\u015bci.<\/p>\n\n\n\n<p>Podobnie jak karnet tygodniowy, te karnety cz\u0119sto nie s\u0105 op\u0142acalne \u2014 chyba \u017ce naprawd\u0119 du\u017co korzystasz z komunikacji, na przyk\u0142ad mieszkaj\u0105c poza centrum.<\/p>\n\n\n\n<h3 class=\"wp-block-heading\">BIT<\/h3>\n\n\n\n<p>Bilet jednorazowy BIT wystarczy na wi\u0119kszo\u015b\u0107 przejazd\u00f3w w Rzymie, bo jest wa\u017cny przez 100 minut od skasowania (a ma\u0142o kt\u00f3ry przejazd przez miasto trwa d\u0142u\u017cej). W tym czasie mo\u017cesz nawet przesi\u0105\u015b\u0107 si\u0119 mi\u0119dzy liniami autobusowymi, je\u015bli mie\u015bcisz si\u0119 w 100 minutach.<\/p>\n\n\n\n<p>W razie potrzeby mo\u017cesz wsi\u0105\u015b\u0107 do metra, a potem do autobusu \u2014 pami\u0119taj jednak, \u017ce po wyj\u015bciu z metra nie mo\u017cesz wr\u00f3ci\u0107 przez bramk\u0119, nawet je\u015bli bilet jest jeszcze wa\u017cny.<\/p>\n\n\n\n<p>Bilet BIT to \u015bwietna opcja pod wzgl\u0119dem ceny. Obowi\u0105zuje w autobusach, tramwajach, metrze i wybranych poci\u0105gach miejskich. Poniewa\u017c g\u0142\u00f3wne atrakcje turystyczne s\u0105 w du\u017cej mierze dost\u0119pne pieszo, wielu turyst\u00f3w korzysta z komunikacji miejskiej zaledwie raz lub dwa razy dziennie \u2014 dla nich BIT jest zdecydowanie najlepszym wyborem.<\/p>\n\n\n\n<p>Bilet jednostkowy jest jednak nieco mniej wygodny ni\u017c karnet wielodniowy, bo trzeba kupowa\u0107 kolejne bilety \u2014 co mo\u017ce oznacza\u0107 szukanie tabaccherii w po\u015bpiechu przed odjazdem autobusu.<\/p>\n\n\n\n<h2 class=\"wp-block-heading\">Informacje og\u00f3lne<\/h2>\n\n\n\n<h3 class=\"wp-block-heading\">Gdzie kupi\u0107?<\/h3>\n\n\n\n<p>Jak wspomniano, bilety kupisz na stacjach metra, przy wi\u0119kszych przystankach autobusowych i w tabaccheriach. Tabaccheria to sklep przypominaj\u0105cy kiosk, oznaczony wielk\u0105 liter\u0105 \u201eT&#8221;. Na stacjach metra mo\u017cesz skorzysta\u0107 z automatu biletowego lub \u2014 je\u015bli jest czynna \u2014 kasy biletowej.<\/p>\n\n\n\n<p>Pami\u0119taj, \u017ce bilet\u00f3w nie mo\u017cna kupi\u0107 w poje\u017adzie.<\/p>\n\n\n\n<p><a href=\"https:\/\/www.tiqets.com\/pl\/rome-attractions-c71631\/tickets-for-roma-pass-p974091\/?partner=romeinfo\" rel=\"noopener\">Roma Pass<\/a> znajdziesz w ka\u017cdym punkcie informacji turystycznej. Mo\u017cna go te\u017c kupi\u0107 online, cho\u0107 wtedy odbi\u00f3r fizycznej karty jest nieco bardziej skomplikowany.<\/p>\n\n\n\n<h3 class=\"wp-block-heading\">Jakie \u015brodki transportu s\u0105 obj\u0119te?<\/h3>\n\n\n\n<p>Sie\u0107 komunikacji miejskiej obejmuje autobusy, tramwaje, metro i wybrane linie miejskie. Przed wyjazdem poza centrum sprawd\u017a na stronie ATAC, czy Twoja trasa jest obj\u0119ta kart\u0105.<\/p>\n\n\n\n<h3 class=\"wp-block-heading\">Czy mo\u017cna p\u0142aci\u0107 zbli\u017ceniowo lub kupowa\u0107 bilety na telefon?<\/h3>\n\n\n\n<p>P\u0142atno\u015bci zbli\u017ceniowe s\u0105 coraz powszechniejsze w du\u017cych miastach. Niestety, ta zmiana jeszcze nie dotar\u0142a w pe\u0142ni do Rzymu \u2014 to w ko\u0144cu staro\u017cytne miasto! P\u0142aci\u0107 z\u0142otymi aureusami nie musisz, ale karty zbli\u017ceniowej nie u\u017cyjesz przy zakupie biletu w autobusie ani tramwaju. W metrze jest to jednak mo\u017cliwe \u2014 pami\u0119taj tylko, \u017ceby przy\u0142o\u017cy\u0107 kart\u0119 przy wyj\u015bciu.<\/p>\n\n\n\n<p>Alternatyw\u0105 s\u0105 e-bilety \u2014 mo\u017cesz kupowa\u0107 bilety i karnety przez aplikacj\u0119 jak <a href=\"http:\/\/www.mycicero.eu\/trasporto\/index.html\" rel=\"noopener\">myCicero<\/a>. Oszcz\u0119dza to nerw\u00f3w zwi\u0105zanych z zakupem w ostatniej chwili i jest \u0142atwiejsze do \u015bledzenia ni\u017c papierowy bilet.<\/p>\n\n\n\n<h2 class=\"wp-block-heading\">Jak u\u017cywa\u0107<\/h2>\n\n\n\n<p>Dla wi\u0119kszo\u015bci turyst\u00f3w korzystanie z bilet\u00f3w w Rzymie nie sprowadza si\u0119 do prostego przy\u0142o\u017cenia karty przy wej\u015bciu i wyj\u015bciu \u2014 wa\u017cno\u015b\u0107 bilet\u00f3w bywa nieco myl\u0105ca.<\/p>\n\n\n\n<h3 class=\"wp-block-heading\">Jak aktywowa\u0107 i skasowa\u0107 bilet?<\/h3>\n\n\n\n<p>Zacznijmy od najcz\u0119\u015bciej u\u017cywanego biletu \u2014 BIT. Po skasowaniu mo\u017cesz korzysta\u0107 z komunikacji miejskiej przez 100 minut.<\/p>\n\n\n\n<p>Najprostsze jest metro \u2014 przej\u015bcie przez bramk\u0119 automatycznie kasuje bilet. W autobusie lub tramwaju szukaj ma\u0142ego \u017c\u00f3\u0142tego kasownika na pok\u0142adzie; w\u0142\u00f3\u017c bilet, a zostanie ostemplowany godzin\u0105 \u2014 od tego momentu bilet jest wa\u017cny. E-bilet na autobus skanujesz, odczytuj\u0105c kod QR.<\/p>\n\n\n\n<p>Wielodniowe karnety te\u017c trzeba skasowa\u0107 (lub przepu\u015bci\u0107 przez bramk\u0119 metra) przy pierwszym u\u017cyciu. Po aktywacji nie musisz kasowa\u0107 karnetu przy ka\u017cdym wej\u015bciu \u2014 miej go przy sobie i poka\u017c kontrolerom, je\u015bli wsiad\u0105.<\/p>\n\n\n\n<p>Roma Pass jest wa\u017cny od pierwszego u\u017cycia (mo\u017ce to by\u0107 wej\u015bcie do pierwszej atrakcji, je\u015bli to nast\u0105pi\u0142o przed skorzystaniem z komunikacji miejskiej). Przez ca\u0142y czas jego wa\u017cno\u015bci miej kart\u0119 przy sobie, podobnie jak karnety wielodniowe.<\/p>\n\n\n\n<h2 class=\"wp-block-heading\">Wskaz\u00f3wki dotycz\u0105ce korzystania z bilet\u00f3w komunikacyjnych w Rzymie<\/h2>\n\n\n\n<p>Kilka wskaz\u00f3wek, jak najlepiej wykorzysta\u0107 wybrany bilet:<\/p>\n\n\n\n<ul class=\"wp-block-list\">\n<li><strong>Nie przeceniaj, jak cz\u0119sto b\u0119dziesz korzysta\u0107 z komunikacji.<\/strong> Znaczna cz\u0119\u015b\u0107 Rzymu jest dost\u0119pna pieszo, szczeg\u00f3lnie je\u015bli planujesz trzyma\u0107 si\u0119 historycznego centrum. Nie zak\u0142adaj, \u017ce karnet tygodniowy to najlepsza opcja, je\u015bli chcesz odwiedzi\u0107 tylko g\u0142\u00f3wne atrakcje \u2014 mo\u017cesz u\u017cywa\u0107 komunikacji miejskiej znacznie rzadziej, ni\u017c my\u015blisz.<\/li>\n\n\n\n<li><strong>Zawsze pami\u0119taj o kasowaniu biletu.<\/strong> Bilet nie jest sprawdzany przy ka\u017cdym przeje\u017adzie, ale kontrole zdarzaj\u0105 si\u0119 regularnie. Sam posiadanie biletu nie wystarczy \u2014 trzeba go te\u017c skasowa\u0107. Mandat mo\u017ce by\u0107 wysoki.<\/li>\n\n\n\n<li><strong>Trzymaj karnet w bezpiecznym miejscu.<\/strong> To oczywiste, ale \u0142atwo zgubi\u0107 ma\u0142y papierowy bilet albo zostawi\u0107 go w hotelu, gdy u\u017cywasz karnetu przez kilka dni. Ma\u0142a torba noszona na przekos jest dobrym pomys\u0142em \u2014 trudniej j\u0105 okra\u015b\u0107 kieszonkowcowi.<\/li>\n\n\n\n<li><strong>Kupuj kilka bilet\u00f3w jednorazowych na raz.<\/strong> Je\u015bli planujesz korzysta\u0107 z bilet\u00f3w BIT (co jest najlepsz\u0105 opcj\u0105 dla wi\u0119kszo\u015bci turyst\u00f3w), kup kilka naraz. Zapas bilet\u00f3w pozwoli unikn\u0105\u0107 szukania tabaccherii w po\u015bpiechu przed odjazdem autobusu.<\/li>\n\n\n\n<li><strong>Roma Pass dla nowych turyst\u00f3w.<\/strong> Je\u015bli jeste\u015b w Rzymie po raz pierwszy i planujesz odwiedzi\u0107 g\u0142\u00f3wne atrakcje, rozwa\u017c Roma Pass. Dla bardziej do\u015bwiadczonych turyst\u00f3w mo\u017ce si\u0119 nie op\u0142aca\u0107, ale je\u015bli i tak zamierzasz odwiedzi\u0107 te atrakcje, jest \u015bwietn\u0105 warto\u015bci\u0105.<\/li>\n<\/ul>\n","protected":false},"excerpt":{"rendered":"","protected":false},"author":9,"featured_media":498,"parent":274,"menu_order":0,"comment_status":"closed","ping_status":"closed","template":"","meta":{"_acf_changed":false,"footnotes":"","button_url":"https:\/\/www.tiqets.com\/pl\/rome-city-cards-l201350\/?partner=romeinfo","ms_product_id":"","ms_product_name":"","ms_price":"","ms_currency":"","ms_rating_value":"","ms_review_count":"","rank_math_title":"Karnety komunikacyjne w Rzymie: Kt\u00f3ry wybra\u0107?","rank_math_description":"Najlepsze karnety komunikacji miejskiej w Rzymie. Por\u00f3wnaj ATAC, Roma Pass, MetroBus i BIT, \u017ceby znale\u017a\u0107 idealn\u0105 opcj\u0119 na Twoj\u0105 podr\u00f3\u017c."},"post-style":[],"producer":[38],"class_list":["post-312","page","type-page","status-publish","has-post-thumbnail"],"acf":[],"product_schema":{"ms_product_id":"","ms_product_name":"","ms_price":"","ms_currency":"","ms_rating_value":"","ms_review_count":""},"_links":{"self":[{"href":"https:\/\/www.rome.info\/pl\/wp-json\/wp\/v2\/pages\/312","targetHints":{"allow":["GET"]}}],"collection":[{"href":"https:\/\/www.rome.info\/pl\/wp-json\/wp\/v2\/pages"}],"about":[{"href":"https:\/\/www.rome.info\/pl\/wp-json\/wp\/v2\/types\/page"}],"author":[{"embeddable":true,"href":"https:\/\/www.rome.info\/pl\/wp-json\/wp\/v2\/users\/9"}],"replies":[{"embeddable":true,"href":"https:\/\/www.rome.info\/pl\/wp-json\/wp\/v2\/comments?post=312"}],"version-history":[{"count":2,"href":"https:\/\/www.rome.info\/pl\/wp-json\/wp\/v2\/pages\/312\/revisions"}],"predecessor-version":[{"id":547,"href":"https:\/\/www.rome.info\/pl\/wp-json\/wp\/v2\/pages\/312\/revisions\/547"}],"up":[{"embeddable":true,"href":"https:\/\/www.rome.info\/pl\/wp-json\/wp\/v2\/pages\/274"}],"wp:featuredmedia":[{"embeddable":true,"href":"https:\/\/www.rome.info\/pl\/wp-json\/wp\/v2\/media\/498"}],"wp:attachment":[{"href":"https:\/\/www.rome.info\/pl\/wp-json\/wp\/v2\/media?parent=312"}],"wp:term":[{"taxonomy":"post-style","embeddable":true,"href":"https:\/\/www.rome.info\/pl\/wp-json\/wp\/v2\/post-style?post=312"},{"taxonomy":"producer","embeddable":true,"href":"https:\/\/www.rome.info\/pl\/wp-json\/wp\/v2\/producer?post=312"}],"curies":[{"name":"wp","href":"https:\/\/api.w.org\/{rel}","templated":true}]}}