{"id":311,"date":"2026-04-27T19:06:21","date_gmt":"2026-04-27T17:06:21","guid":{"rendered":"https:\/\/www.rome.info\/pl\/?page_id=311"},"modified":"2026-04-27T20:02:20","modified_gmt":"2026-04-27T18:02:20","slug":"pociagi","status":"publish","type":"page","link":"https:\/\/www.rome.info\/pl\/transport\/pociagi\/","title":{"rendered":"Poci\u0105gi w Rzymie"},"content":{"rendered":"\n<figure><div class=\"ms-credits\">\n<img decoding=\"async\" class=\"gb-media-541fa23f\" alt=\"T\u0142umy wchodz\u0105ce na stacj\u0119 Roma Termini.\" src=\"https:\/\/www.rome.info\/wp-content\/uploads\/rome-termini-station-entrance-1747627223.jpg\" title=\"rome-termini-station-entrance-1747627223\" \/>\n<span class='ms-credits__info' id='media2912'><svg xmlns=\"http:\/\/www.w3.org\/2000\/svg\" width=\"20\" height=\"22\" fill=\"#000000\" viewBox=\"0 0 256 256\"><path d=\"M128,24A104,104,0,1,0,232,128,104.11,104.11,0,0,0,128,24Zm0,192a88,88,0,1,1,88-88A88.1,88.1,0,0,1,128,216ZM96,128a32,32,0,0,0,57.6,19.2,8,8,0,0,1,12.8,9.61,48,48,0,1,1,0-57.62,8,8,0,0,1-12.8,9.61A32,32,0,0,0,96,128Z\"><\/path><\/svg>a_medvedkov\/<a href=https:\/\/depositphotos.com\/editorial\/roma-termini-station-181774346.html rel='nofollow' target='_blank'>Depositphotos<\/a><\/span><span class='ms-credits__btn' id='btn_media2912' onclick='ms_credits_trigger(\"#media2912\", this)'><svg xmlns=\"http:\/\/www.w3.org\/2000\/svg\" class=\"info_icon\" width=\"28\" height=\"28\" fill=\"#FFF\" viewBox=\"0 0 256 256\"><path d=\"M128,24A104,104,0,1,0,232,128,104.11,104.11,0,0,0,128,24Zm0,192a88,88,0,1,1,88-88A88.1,88.1,0,0,1,128,216Zm16-40a8,8,0,0,1-8,8,16,16,0,0,1-16-16V128a8,8,0,0,1,0-16,16,16,0,0,1,16,16v40A8,8,0,0,1,144,176ZM112,84a12,12,0,1,1,12,12A12,12,0,0,1,112,84Z\"><\/path><\/svg><svg xmlns=\"http:\/\/www.w3.org\/2000\/svg\" class=\"close_icon\" width=\"28\" height=\"28\" fill=\"#FFF\" viewBox=\"0 0 256 256\"><path d=\"M165.66,101.66,139.31,128l26.35,26.34a8,8,0,0,1-11.32,11.32L128,139.31l-26.34,26.35a8,8,0,0,1-11.32-11.32L116.69,128,90.34,101.66a8,8,0,0,1,11.32-11.32L128,116.69l26.34-26.35a8,8,0,0,1,11.32,11.32ZM232,128A104,104,0,1,1,128,24,104.11,104.11,0,0,1,232,128Zm-16,0a88,88,0,1,0-88,88A88.1,88.1,0,0,0,216,128Z\"><\/path><\/svg><\/span><\/div>\n\n\n<figcaption class=\"gb-text\">G\u0142\u00f3wny w\u0119ze\u0142 kolejowy Rzymu \u2014 stacja Termini.<\/figcaption>\n<\/figure>\n\n\n\n<p class=\"is-style-lead\">Poci\u0105gi to mo\u017ce nie najcz\u0119\u015bciej u\u017cywany \u015brodek transportu podczas zwiedzania Rzymu, ale warto pozna\u0107 ten system.<\/p>\n\n\n\n<p class=\"is-style-default\">Niezale\u017cnie od tego, czy chcesz podr\u00f3\u017cowa\u0107 po W\u0142oszech, czy po prostu dotrze\u0107 do centrum z lotniska \u2014 warto wiedzie\u0107 wi\u0119cej o sieci kolejowej miasta.<\/p>\n\n\n\n<h2 class=\"wp-block-heading\">Dworce kolejowe w Rzymie<\/h2>\n\n\n\n<p>Regularnych dworc\u00f3w kolejowych w Rzymie jest oczywi\u015bcie mniej ni\u017c stacji <a href=\"https:\/\/www.rome.info\/pl\/transport\/komunikacja-miejska\/metro\/\">metra<\/a>. W centrum jest ich zaledwie kilka, a jeszcze mniej ma znaczenie praktyczne dla turyst\u00f3w.<\/p>\n\n\n\n<ul class=\"wp-block-list\">\n<li><strong>Stacja Termini<\/strong> to g\u0142\u00f3wny dworzec kolejowy w Rzymie \u2014 wi\u0119cej o nim poni\u017cej. To w\u0142a\u015bnie ona jest najbardziej znana w\u015br\u00f3d turyst\u00f3w, ale warto wiedzie\u0107 te\u017c o kilku innych.<\/li>\n\n\n\n<li><strong>Stacja Trastevere.<\/strong> Zielona, bohemska dzielnica Trastevere ma w\u0142asny dworzec, obs\u0142uguj\u0105cy g\u0142\u00f3wnie regionalne i podmiejskie po\u0142\u0105czenia kolejowe. Przydaje si\u0119, by dotrze\u0107 do tej popularnej dzielnicy, kt\u00f3rej metro nie obs\u0142uguje \u2014 le\u017cy te\u017c na linii FL1 z lotniska Fiumicino.<\/li>\n\n\n\n<li><strong>Stacja Ostiense.<\/strong> Niedaleko le\u017cy Ostiense, po drugiej stronie rzeki od Trastevere. Tu\u017c za rogiem jest jeszcze stacja San Paolo. Obie obs\u0142uguj\u0105 linie regionalne i s\u0105 blisko Testaccio oraz Term Karakalli.<\/li>\n\n\n\n<li><strong>Stacja Tiburtina.<\/strong> Tiburtina to jeden z wi\u0119kszych dworc\u00f3w w Rzymie, cho\u0107 wi\u0119kszo\u015b\u0107 turyst\u00f3w go nie odwiedza. Le\u017cy nieco dalej od centrum \u2014 chocia\u017c kursuj\u0105 st\u0105d poci\u0105gi szybkie i dalekobie\u017cne, z Termini jest zazwyczaj wygodniej.<\/li>\n\n\n\n<li><strong>Porta San Pietro.<\/strong> To mniejszy dworzec, ale z praktycznymi po\u0142\u0105czeniami. Wyr\u00f3\u017cnia si\u0119 lokalizacj\u0105 blisko Watykanu, a tak\u017ce po\u0142\u0105czeniem z portowym miastem Civitavecchia.<\/li>\n\n\n\n<li><strong>Ostia Antica.<\/strong> Ta ma\u0142a stacja technicznie le\u017cy poza granicami Rzymu, ale poci\u0105giem z Ostiense doje\u017cd\u017ca si\u0119 tu w zaledwie 30 minut. Ostia to staro\u017cytne miasto portowe, dawne centrum handlowe i komunikacyjne staro\u017cytnego Rzymu. Warta kr\u00f3tkiej wyprawy.<\/li>\n<\/ul>\n\n\n\n<h2 class=\"wp-block-heading\">Stacja Termini<\/h2>\n\n\n\n<p>Stacja Termini to najwi\u0119kszy dworzec w Rzymie i g\u0142\u00f3wny w\u0119ze\u0142 komunikacyjny miasta. M\u00f3wi si\u0119, \u017ce wszystkie drogi prowadz\u0105 do Rzymu \u2014 a wszystkie linie kolejowe prowadz\u0105 do Termini (no, prawie).<\/p>\n\n\n\n<figure><div class=\"ms-credits\">\n<img decoding=\"async\" class=\"gb-media-59c22d4a\" alt=\"Podr\u00f3\u017cni przechadzaj\u0105cy si\u0119 przez stref\u0119 handlowo-gastronomiczn\u0105 na stacji Roma Termini.\" src=\"https:\/\/www.rome.info\/wp-content\/uploads\/rome-termini-shopping-dining-area-1747645636.jpg\" title=\"rome-termini-shopping-dining-area-1747645636\" \/>\n<span class='ms-credits__info' id='media2939'><svg xmlns=\"http:\/\/www.w3.org\/2000\/svg\" width=\"20\" height=\"22\" fill=\"#000000\" viewBox=\"0 0 256 256\"><path d=\"M128,24A104,104,0,1,0,232,128,104.11,104.11,0,0,0,128,24Zm0,192a88,88,0,1,1,88-88A88.1,88.1,0,0,1,128,216ZM96,128a32,32,0,0,0,57.6,19.2,8,8,0,0,1,12.8,9.61,48,48,0,1,1,0-57.62,8,8,0,0,1-12.8,9.61A32,32,0,0,0,96,128Z\"><\/path><\/svg> Polifoto\/<a href=https:\/\/depositphotos.com\/editorial\/rome-italy-june-2023-new-commercial-spaces-have-been-opened-662630218.html rel='nofollow' target='_blank'>Depositphotos<\/a><\/span><span class='ms-credits__btn' id='btn_media2939' onclick='ms_credits_trigger(\"#media2939\", this)'><svg xmlns=\"http:\/\/www.w3.org\/2000\/svg\" class=\"info_icon\" width=\"28\" height=\"28\" fill=\"#FFF\" viewBox=\"0 0 256 256\"><path d=\"M128,24A104,104,0,1,0,232,128,104.11,104.11,0,0,0,128,24Zm0,192a88,88,0,1,1,88-88A88.1,88.1,0,0,1,128,216Zm16-40a8,8,0,0,1-8,8,16,16,0,0,1-16-16V128a8,8,0,0,1,0-16,16,16,0,0,1,16,16v40A8,8,0,0,1,144,176ZM112,84a12,12,0,1,1,12,12A12,12,0,0,1,112,84Z\"><\/path><\/svg><svg xmlns=\"http:\/\/www.w3.org\/2000\/svg\" class=\"close_icon\" width=\"28\" height=\"28\" fill=\"#FFF\" viewBox=\"0 0 256 256\"><path d=\"M165.66,101.66,139.31,128l26.35,26.34a8,8,0,0,1-11.32,11.32L128,139.31l-26.34,26.35a8,8,0,0,1-11.32-11.32L116.69,128,90.34,101.66a8,8,0,0,1,11.32-11.32L128,116.69l26.34-26.35a8,8,0,0,1,11.32,11.32ZM232,128A104,104,0,1,1,128,24,104.11,104.11,0,0,1,232,128Zm-16,0a88,88,0,1,0-88,88A88.1,88.1,0,0,0,216,128Z\"><\/path><\/svg><\/span><\/div>\n\n\n<figcaption class=\"gb-text\">Termini to nie tylko dworzec. Na trzech pi\u0119trach znajdziesz sklepy, kawiarnie i restauracje.<\/figcaption>\n<\/figure>\n\n\n\n<p>To rozleg\u0142y obiekt \u2014 na pierwszy rzut oka mo\u017cna go pomyli\u0107 z centrum handlowym. Trzy pi\u0119tra, z kt\u00f3rych najwy\u017csze wype\u0142niaj\u0105 g\u0142\u00f3wnie restauracje; mo\u017cesz zrobi\u0107 zakupy, usi\u0105\u015b\u0107 przy kawiarnianym stoliku lub zje\u015b\u0107 pe\u0142en posi\u0142ek \u2014 jest co robi\u0107 w oczekiwaniu na poci\u0105g.<\/p>\n\n\n\n<h3 class=\"wp-block-heading\">Dojazd na Termini z lotniska<\/h3>\n\n\n\n<p>Dla turyst\u00f3w Termini to przede wszystkim punkt startowy podr\u00f3\u017cy do innych cz\u0119\u015bci W\u0142och lub na lotnisko.<\/p>\n\n\n\n<figure><div class=\"ms-credits\">\n<img decoding=\"async\" class=\"gb-media-64fa6042\" alt=\"Poci\u0105g Leonardo Express Trenitalia Jazz Alstom Coradia Meridian na stacji Roma Fiumicino Aeroporto.\" src=\"https:\/\/www.rome.info\/wp-content\/uploads\/rome-leonardo-express-train-1747627220.jpg\" title=\"rome-leonardo-express-train-1747627220\" \/>\n<span class='ms-credits__info' id='media2911'><svg xmlns=\"http:\/\/www.w3.org\/2000\/svg\" width=\"20\" height=\"22\" fill=\"#000000\" viewBox=\"0 0 256 256\"><path d=\"M128,24A104,104,0,1,0,232,128,104.11,104.11,0,0,0,128,24Zm0,192a88,88,0,1,1,88-88A88.1,88.1,0,0,1,128,216ZM96,128a32,32,0,0,0,57.6,19.2,8,8,0,0,1,12.8,9.61,48,48,0,1,1,0-57.62,8,8,0,0,1-12.8,9.61A32,32,0,0,0,96,128Z\"><\/path><\/svg>Boarding2Now\/<a href=https:\/\/depositphotos.com\/editorial\/rome-italy-march-2025-leonardo-express-train-trenitalia-type-jazz-809198202.html rel='nofollow' target='_blank'>Depositphotos<\/a><\/span><span class='ms-credits__btn' id='btn_media2911' onclick='ms_credits_trigger(\"#media2911\", this)'><svg xmlns=\"http:\/\/www.w3.org\/2000\/svg\" class=\"info_icon\" width=\"28\" height=\"28\" fill=\"#FFF\" viewBox=\"0 0 256 256\"><path d=\"M128,24A104,104,0,1,0,232,128,104.11,104.11,0,0,0,128,24Zm0,192a88,88,0,1,1,88-88A88.1,88.1,0,0,1,128,216Zm16-40a8,8,0,0,1-8,8,16,16,0,0,1-16-16V128a8,8,0,0,1,0-16,16,16,0,0,1,16,16v40A8,8,0,0,1,144,176ZM112,84a12,12,0,1,1,12,12A12,12,0,0,1,112,84Z\"><\/path><\/svg><svg xmlns=\"http:\/\/www.w3.org\/2000\/svg\" class=\"close_icon\" width=\"28\" height=\"28\" fill=\"#FFF\" viewBox=\"0 0 256 256\"><path d=\"M165.66,101.66,139.31,128l26.35,26.34a8,8,0,0,1-11.32,11.32L128,139.31l-26.34,26.35a8,8,0,0,1-11.32-11.32L116.69,128,90.34,101.66a8,8,0,0,1,11.32-11.32L128,116.69l26.34-26.35a8,8,0,0,1,11.32,11.32ZM232,128A104,104,0,1,1,128,24,104.11,104.11,0,0,1,232,128Zm-16,0a88,88,0,1,0-88,88A88.1,88.1,0,0,0,216,128Z\"><\/path><\/svg><\/span><\/div>\n\n\n<figcaption class=\"gb-text\">Leonardo Express na lotnisku Fiumicino to najszybsze po\u0142\u0105czenie kolejowe mi\u0119dzy lotniskiem a stacj\u0105 Termini.<\/figcaption>\n<\/figure>\n\n\n\n<p>Lotnisko <a href=\"https:\/\/www.rome.info\/pl\/lotnisko\/fiumicino\/\">Fiumicino<\/a> le\u017cy 35 km od centrum \u2014 poci\u0105giem doje\u017cd\u017ca si\u0119 tam w oko\u0142o 30 minut. Z Fiumicino na Termini mo\u017cesz dotrze\u0107 poci\u0105giem Leonardo Express; to najszybsze po\u0142\u0105czenie, ale dwa razy dro\u017csze od innych opcji. Szczerze \u2014 je\u015bli si\u0119 nie \u015bpieszysz, nie uwa\u017cam, \u017ceby by\u0142o warte tej ceny.<\/p>\n\n\n\n<p>Regionalny poci\u0105g FL1 nie jedzie bezpo\u015brednio na Termini, ale dociera do centrum Rzymu. Mo\u017cesz wysi\u0105\u015b\u0107 na przyk\u0142ad w Trastevere i stamt\u0105d przej\u015b\u0107 si\u0119 do centrum (lub wzi\u0105\u0107 taks\u00f3wk\u0119).<\/p>\n\n\n\n<h3 class=\"wp-block-heading\">Przyje\u017cd\u017caj z wyprzedzeniem<\/h3>\n\n\n\n<p>Je\u015bli odje\u017cd\u017casz ze stacji Termini, przyjed\u017a tam 15\u201320 minut przed odjazdem poci\u0105gu. To jeden z najwi\u0119kszych dworc\u00f3w w Europie \u2014 je\u015bli Tw\u00f3j peron jest po drugiej stronie, potrzebujesz tych dodatkowych minut, \u017ceby tam doj\u015b\u0107.<\/p>\n\n\n\n<p>To te\u017c pomaga unikn\u0105\u0107 stresu: masz czas na orientacj\u0119, sprawdzenie tablic odjazd\u00f3w i znalezienie peronu. Je\u015bli jeszcze nie masz biletu, doliczy\u0107 kolejne pi\u0119\u0107 minut.<\/p>\n\n\n\n<h2 class=\"wp-block-heading\">Rodzaje poci\u0105g\u00f3w<\/h2>\n\n\n\n<p>Poza metrem w Rzymie kursuje kilka r\u00f3\u017cnych rodzaj\u00f3w poci\u0105g\u00f3w. Lista mo\u017ce wygl\u0105da\u0107 skomplikowanie, ale r\u00f3\u017cnice s\u0105 minimalne \u2014 w gruncie rzeczy chodzi o pr\u0119dko\u015b\u0107 i zasi\u0119g.<\/p>\n\n\n\n<ul class=\"wp-block-list\">\n<li><strong>Dalekobie\u017cne.<\/strong> Na d\u0142u\u017csze trasy, np. z Rzymu do Neapolu.<\/li>\n\n\n\n<li><strong>Poci\u0105gi szybkobie\u017cne.<\/strong> Rzym to wa\u017cny w\u0119ze\u0142 sieci szybkich kolei we W\u0142oszech. Frecciarossa, Frecciargento i Italo odje\u017cd\u017caj\u0105 z g\u0142\u00f3wnych dworc\u00f3w w mie\u015bcie.<\/li>\n\n\n\n<li><strong>Poci\u0105gi miejskie i podmiejskie.<\/strong> Rzym ma kilka linii \u0142\u0105cz\u0105cych miasto z przedmie\u015bciami i okolicznymi miejscowo\u015bciami. Korzystaj\u0105 z nich g\u0142\u00f3wnie dojazdy mi\u0119dzy dzielnicami mieszkalnymi a centrum lub osoby podr\u00f3\u017cuj\u0105ce na kr\u00f3tkich odcinkach. Stacji jest sporo, wi\u0119c te poci\u0105gi nie s\u0105 szczeg\u00f3lnie szybkie.<\/li>\n\n\n\n<li><strong>Poci\u0105gi regionalne.<\/strong> \u0141\u0105cz\u0105 elementy linii lokalnych, podmiejskich i nieco dalszych tras \u2014 nie obs\u0142uguj\u0105 wy\u0142\u0105cznie dojazd\u00f3w do pracy. Wi\u0119kszo\u015b\u0107 obs\u0142uguje Trenitalia.<\/li>\n\n\n\n<li><strong>Poci\u0105gi Intercity.<\/strong> Intercity pokonuj\u0105 \u015brednie i d\u0142ugie trasy, \u0142\u0105cz\u0105c du\u017ce miasta i miasteczka. To nieco wolniejsza, ale ta\u0144sza alternatywa dla poci\u0105g\u00f3w szybkobie\u017cnych.<\/li>\n<\/ul>\n\n\n\n<figure><div class=\"ms-credits\">\n<img decoding=\"async\" class=\"gb-media-2a404882\" alt=\"Poci\u0105g szybkobie\u017cny Trenitalia Frecciarossa na peronie w Rzymie.\" src=\"https:\/\/www.rome.info\/wp-content\/uploads\/rome-frecciarossa-high-speed-train-1747640457.jpg\" title=\"rome-frecciarossa-high-speed-train-1747640457\" \/>\n<span class='ms-credits__info' id='media2927'><svg xmlns=\"http:\/\/www.w3.org\/2000\/svg\" width=\"20\" height=\"22\" fill=\"#000000\" viewBox=\"0 0 256 256\"><path d=\"M128,24A104,104,0,1,0,232,128,104.11,104.11,0,0,0,128,24Zm0,192a88,88,0,1,1,88-88A88.1,88.1,0,0,1,128,216ZM96,128a32,32,0,0,0,57.6,19.2,8,8,0,0,1,12.8,9.61,48,48,0,1,1,0-57.62,8,8,0,0,1-12.8,9.61A32,32,0,0,0,96,128Z\"><\/path><\/svg>erix2005\/<a href=https:\/\/depositphotos.com\/editorial\/modern-train-in-rome-train-station-161757442.html rel='nofollow' target='_blank'>Depositphotos<\/a><\/span><span class='ms-credits__btn' id='btn_media2927' onclick='ms_credits_trigger(\"#media2927\", this)'><svg xmlns=\"http:\/\/www.w3.org\/2000\/svg\" class=\"info_icon\" width=\"28\" height=\"28\" fill=\"#FFF\" viewBox=\"0 0 256 256\"><path d=\"M128,24A104,104,0,1,0,232,128,104.11,104.11,0,0,0,128,24Zm0,192a88,88,0,1,1,88-88A88.1,88.1,0,0,1,128,216Zm16-40a8,8,0,0,1-8,8,16,16,0,0,1-16-16V128a8,8,0,0,1,0-16,16,16,0,0,1,16,16v40A8,8,0,0,1,144,176ZM112,84a12,12,0,1,1,12,12A12,12,0,0,1,112,84Z\"><\/path><\/svg><svg xmlns=\"http:\/\/www.w3.org\/2000\/svg\" class=\"close_icon\" width=\"28\" height=\"28\" fill=\"#FFF\" viewBox=\"0 0 256 256\"><path d=\"M165.66,101.66,139.31,128l26.35,26.34a8,8,0,0,1-11.32,11.32L128,139.31l-26.34,26.35a8,8,0,0,1-11.32-11.32L116.69,128,90.34,101.66a8,8,0,0,1,11.32-11.32L128,116.69l26.34-26.35a8,8,0,0,1,11.32,11.32ZM232,128A104,104,0,1,1,128,24,104.11,104.11,0,0,1,232,128Zm-16,0a88,88,0,1,0-88,88A88.1,88.1,0,0,0,216,128Z\"><\/path><\/svg><\/span><\/div>\n\n\n<figcaption class=\"gb-text\">To Frecciarossa \u2014 jeden z najszybszych poci\u0105g\u00f3w we W\u0142oszech. \u015awietny wyb\u00f3r, je\u015bli wybierasz si\u0119 dalej, np. do Wenecji lub Neapolu.<\/figcaption>\n<\/figure>\n\n\n\n<h2 class=\"wp-block-heading\">Bilety i taryfy kolejowe<\/h2>\n\n\n\n<p>Podobnie jak inne bilety komunikacji miejskiej, taryfy kolejowe w Rzymie s\u0105 bardzo rozs\u0105dne. Bilety s\u0105 te\u017c \u0142atwe do kupienia \u2014 na dworcu, w automacie lub \u2014 na wi\u0119kszych stacjach \u2014 przy kasie. Najwygodniej jest jednak kupi\u0107 je online z wyprzedzeniem.<\/p>\n\n\n\n<p>Wi\u0119kszo\u015b\u0107 poci\u0105g\u00f3w obs\u0142uguje <a href=\"https:\/\/www.trenitalia.com\/it.html\" rel=\"noopener\">Trenitalia<\/a> \u2014 mo\u017cesz pobra\u0107 aplikacj\u0119 i okaza\u0107 bilet na telefonie. Na stronie <a href=\"https:\/\/www.italotreno.it\/en\" rel=\"noopener\">Italo<\/a> kupisz bilety na poci\u0105gi szybkie. Przy planowaniu d\u0142u\u017cszej podr\u00f3\u017cy wygodniejsze mo\u017ce by\u0107 skorzystanie z <a href=\"https:\/\/www.raileurope.com\/\" rel=\"noopener\">Rail Europe<\/a> lub <a href=\"https:\/\/www.italiarail.com\/\" rel=\"noopener\">ItaliaRail<\/a>.<\/p>\n\n\n\n<p>Wyb\u00f3r bilet\u00f3w zale\u017cy od d\u0142ugo\u015bci trasy. Na d\u0142u\u017csze trasy, np. z Rzymu do Mediolanu czy Neapolu, kupuj bilety z wyprzedzeniem \u2014 ze wzgl\u0119du na cen\u0119 i dost\u0119pno\u015b\u0107.<\/p>\n\n\n\n<p>Dost\u0119pne s\u0105 zni\u017cki dla os\u00f3b poni\u017cej 26. roku \u017cycia, senior\u00f3w, student\u00f3w oraz rodzin podr\u00f3\u017cuj\u0105cych razem. Szczeg\u00f3\u0142y i aktualne ceny znajdziesz na stronie przewo\u017anika.<\/p>\n\n\n\n<p>Na kr\u00f3tkich i \u015brednich trasach najcz\u0119\u015bciej kupuje si\u0119 bilet w jedn\u0105 stron\u0119 lub powrotny w dniu podr\u00f3\u017cy. Na trasach mieszcz\u0105cych si\u0119 w odpowiednich parametrach obowi\u0105zuje klasyczny bilet BIT, wa\u017cny 100 minut. Za zaledwie 1,50 \u20ac to naprawd\u0119 ekonomiczny spos\u00f3b podr\u00f3\u017cowania na kr\u00f3tkich dystansach.<\/p>\n\n\n\n<p>Przyk\u0142adowe miejscowo\u015bci obj\u0119te tym zasi\u0119giem to Lido di Ostia, Viterbo i Giardinetti.<\/p>\n\n\n\n<h2 class=\"wp-block-heading\">Karnety kolejowe<\/h2>\n\n\n\n<p>Jak wspomniano, ograniczona liczba linii kolejowych jest w\u0142\u0105czona do sieci komunikacji miejskiej ATAC w Rzymie.<\/p>\n\n\n\n<p>Wi\u0119kszo\u015b\u0107 linii kolejowych nie jest obj\u0119ta g\u0142\u00f3wnymi <a href=\"https:\/\/www.rome.info\/pl\/karty-turystyczne\/\">kartami turystycznymi<\/a>, z wyj\u0105tkiem kilku kr\u00f3tszych tras podmiejskich; je\u015bli dana linia mie\u015bci si\u0119 w siatce transportu miejskiego Rzymu, <em>powinna<\/em> by\u0107 w pakiecie. Warto to zawsze sprawdzi\u0107 przed wyruszeniem w drog\u0119.<\/p>\n\n\n\n<p>Na uprawnionych liniach <a href=\"https:\/\/www.rome.info\/pl\/karty-turystyczne\/roma-pass\/\">Roma Pass<\/a> daje nielimitowane przejazdy. Ta karta turystyczna zapewnia dost\u0119p do wybranych atrakcji i nieograniczone korzystanie z komunikacji miejskiej w Rzymie (autobusy, tramwaje, metro i cz\u0119\u015b\u0107 poci\u0105g\u00f3w). Karnet trzydniowy kosztuje 52 \u20ac, a Roma Pass 42-godzinny \u2014 32 \u20ac.<\/p>\n\n\n\n<p>Tury\u015bci planuj\u0105cy podr\u00f3\u017ce poza Rzym i po ca\u0142ych W\u0142oszech mog\u0105 zainteresowa\u0107 si\u0119 Eurail Italy Pass. Ten karnet jest wa\u017cny wy\u0142\u0105cznie w sieci Trenitalia i obejmuje nieograniczone przejazdy kolej\u0105 po W\u0142oszech przez 3, 4, 5 lub 8 dni, kt\u00f3re mo\u017cna wykorzysta\u0107 w ci\u0105gu miesi\u0105ca.<\/p>\n\n\n\n<p>Trenitalia Pass skierowany jest do zagranicznych turyst\u00f3w podr\u00f3\u017cuj\u0105cych po W\u0142oszech \u2014 ceny zaczynaj\u0105 si\u0119 od 129 \u20ac. Karnet mo\u017cna dostosowa\u0107 do swoich potrzeb: wybra\u0107 wariant Easy, Comfort lub Executive, liczb\u0119 przejazd\u00f3w (3, 4, 7 lub 10) i rodzaj pasa\u017cera (doros\u0142y, senior, m\u0142ody). Mo\u017cna podr\u00f3\u017cowa\u0107 poci\u0105gami Frecce, FrecciaLink, Intercity, Intercity Night oraz EuroCity Italy-Switzerland (wy\u0142\u0105cznie na trasach krajowych w W\u0142oszech).<\/p>\n\n\n\n<h2 class=\"wp-block-heading\">Dost\u0119pno\u015b\u0107<\/h2>\n\n\n\n<p>Rzym nie ma najlepszej reputacji w kwestii dost\u0119pno\u015bci \u2014 cho\u0107 sytuacja si\u0119 poprawia.<\/p>\n\n\n\n<p>Praktycznie wszystkie poci\u0105gi \u015brednio- i d\u0142ugodystansowe, w tym linie Intercity, s\u0105 dost\u0119pne dla os\u00f3b z niepe\u0142nosprawno\u015bciami. Na liniach lokalnych i regionalnych jest z tym nieco gorzej. Wi\u0119kszo\u015b\u0107 poci\u0105g\u00f3w ma wyznaczone miejsca dla w\u00f3zk\u00f3w, ale trzeba je zarezerwowa\u0107 z 24-godzinnym wyprzedzeniem, informuj\u0105c przewo\u017anika. Podr\u00f3\u017cowanie w ostatniej chwili nie wchodzi w gr\u0119.<\/p>\n\n\n\n<p>Linie kolejowe maj\u0105 specjalne telefony dla pasa\u017cer\u00f3w z potrzebami dost\u0119pno\u015bci. Najlepiej skontaktowa\u0107 si\u0119 z wyprzedzeniem, \u017ceby zagwarantowa\u0107 sobie odpowiednie warunki i umo\u017cliwi\u0107 przewo\u017anikowi niezb\u0119dne przygotowania.<\/p>\n\n\n\n<p>Na wielu stacjach s\u0105 windy dla w\u00f3zk\u00f3w, a w wielu poci\u0105gach \u2014 dost\u0119pne toalety. Tablice w dostosowanych poci\u0105gach maj\u0105 napisy w alfabecie Braille&#8217;a, a stacje robi\u0105 wiele, by by\u0107 przyjazne dla os\u00f3b niedos\u0142ysz\u0105cych i niedowidz\u0105cych. Sie\u0107 kolejowa w Rzymie i ca\u0142ych W\u0142oszech nie jest idealna, ale jest znacznie lepsza ni\u017c kiedy\u015b.<\/p>\n\n\n\n<h2 class=\"wp-block-heading\">FAQ<\/h2>\n\n\n\n<h3 class=\"wp-block-heading\">Jak nazywa si\u0119 system kolejowy w Rzymie?<\/h3>\n\n\n\n<p>Nie nale\u017cy myli\u0107 z sieci\u0105 metra, kt\u00f3re po prostu nazywa si\u0119 metro. Sam system kolejowy nie ma w\u0142asnej nazwy \u2014 poszczeg\u00f3lne linie maj\u0105 swoje oznaczenia, np. FL1, lub okre\u015bla si\u0119 je jako \u201elokalne&#8221; albo \u201eregionalne&#8221;. Wi\u0119kszo\u015b\u0107 obs\u0142uguje Trenitalia, wi\u0119c niekiedy m\u00f3wi si\u0119 o nich w\u0142a\u015bnie t\u0105 nazw\u0105.<\/p>\n\n\n\n<h3 class=\"wp-block-heading\">Kt\u00f3ry dworzec w Rzymie jest najlepszy?<\/h3>\n\n\n\n<p>To kwestia subiektywna, ale najwi\u0119kszy jest Termini \u2014 i zdecydowanie oferuje najwi\u0119cej udogodnie\u0144.<\/p>\n\n\n\n<h3 class=\"wp-block-heading\">Jak p\u0142aci\u0107 za poci\u0105gi w Rzymie?<\/h3>\n\n\n\n<p>Bilety mo\u017cna kupi\u0107 na dworcu \u2014 w automacie lub przy kasie. Mo\u017cna te\u017c skorzysta\u0107 z aplikacji, co jest wygodne i zazwyczaj ta\u0144sze, gdy kupuje si\u0119 z wyprzedzeniem.<\/p>\n\n\n\n<h3 class=\"wp-block-heading\">Jakie s\u0105 dworce kolejowe w Rzymie?<\/h3>\n\n\n\n<p>Map\u0119 ze wszystkimi dworcami znajdziesz na stronie jednego z przewo\u017anik\u00f3w kolejowych. Dla turyst\u00f3w odwiedzaj\u0105cych Rzym najbardziej u\u017cyteczne s\u0105: Termini (zdecydowanie najwi\u0119kszy), Trastevere, Ostiense i San Pietro.<\/p>\n\n","protected":false},"excerpt":{"rendered":"","protected":false},"author":9,"featured_media":497,"parent":274,"menu_order":0,"comment_status":"closed","ping_status":"closed","template":"","meta":{"_acf_changed":false,"footnotes":"","button_url":"https:\/\/www.tiqets.com\/pl\/rome-city-cards-l201350\/?partner=romeinfo","ms_product_id":"","ms_product_name":"","ms_price":"","ms_currency":"","ms_rating_value":"","ms_review_count":"","rank_math_title":"Poci\u0105gi w Rzymie: Stacje, bilety, trasy i karnety komunikacyjne","rank_math_description":"System kolejowy w Rzymie: trasy, kluczowe stacje, karnety, porady i jak dosta\u0107 si\u0119 z lotniska do stacji takich jak Termini."},"post-style":[],"producer":[38],"class_list":["post-311","page","type-page","status-publish","has-post-thumbnail"],"acf":[],"product_schema":{"ms_product_id":"","ms_product_name":"","ms_price":"","ms_currency":"","ms_rating_value":"","ms_review_count":""},"_links":{"self":[{"href":"https:\/\/www.rome.info\/pl\/wp-json\/wp\/v2\/pages\/311","targetHints":{"allow":["GET"]}}],"collection":[{"href":"https:\/\/www.rome.info\/pl\/wp-json\/wp\/v2\/pages"}],"about":[{"href":"https:\/\/www.rome.info\/pl\/wp-json\/wp\/v2\/types\/page"}],"author":[{"embeddable":true,"href":"https:\/\/www.rome.info\/pl\/wp-json\/wp\/v2\/users\/9"}],"replies":[{"embeddable":true,"href":"https:\/\/www.rome.info\/pl\/wp-json\/wp\/v2\/comments?post=311"}],"version-history":[{"count":2,"href":"https:\/\/www.rome.info\/pl\/wp-json\/wp\/v2\/pages\/311\/revisions"}],"predecessor-version":[{"id":548,"href":"https:\/\/www.rome.info\/pl\/wp-json\/wp\/v2\/pages\/311\/revisions\/548"}],"up":[{"embeddable":true,"href":"https:\/\/www.rome.info\/pl\/wp-json\/wp\/v2\/pages\/274"}],"wp:featuredmedia":[{"embeddable":true,"href":"https:\/\/www.rome.info\/pl\/wp-json\/wp\/v2\/media\/497"}],"wp:attachment":[{"href":"https:\/\/www.rome.info\/pl\/wp-json\/wp\/v2\/media?parent=311"}],"wp:term":[{"taxonomy":"post-style","embeddable":true,"href":"https:\/\/www.rome.info\/pl\/wp-json\/wp\/v2\/post-style?post=311"},{"taxonomy":"producer","embeddable":true,"href":"https:\/\/www.rome.info\/pl\/wp-json\/wp\/v2\/producer?post=311"}],"curies":[{"name":"wp","href":"https:\/\/api.w.org\/{rel}","templated":true}]}}