{"id":310,"date":"2026-04-27T19:06:20","date_gmt":"2026-04-27T17:06:20","guid":{"rendered":"https:\/\/www.rome.info\/pl\/?page_id=310"},"modified":"2026-04-27T20:02:20","modified_gmt":"2026-04-27T18:02:20","slug":"taksowka","status":"publish","type":"page","link":"https:\/\/www.rome.info\/pl\/transport\/taksowka\/","title":{"rendered":"Taks\u00f3wki w Rzymie"},"content":{"rendered":"<div class=\"ms-credits\">\n<img decoding=\"async\" class=\"gb-media-20bed321\" alt=\"Bia\u0142e taks\u00f3wki i autobusy w g\u0119stym ruchu na ruchliwej ulicy w centrum Rzymu.\" src=\"https:\/\/www.rome.info\/wp-content\/uploads\/rome-taxi-1747631807.jpg\" title=\"rome-taxi-1747631807\" \/>\n<span class='ms-credits__info' id='media2922'><svg xmlns=\"http:\/\/www.w3.org\/2000\/svg\" width=\"20\" height=\"22\" fill=\"#000000\" viewBox=\"0 0 256 256\"><path d=\"M128,24A104,104,0,1,0,232,128,104.11,104.11,0,0,0,128,24Zm0,192a88,88,0,1,1,88-88A88.1,88.1,0,0,1,128,216ZM96,128a32,32,0,0,0,57.6,19.2,8,8,0,0,1,12.8,9.61,48,48,0,1,1,0-57.62,8,8,0,0,1-12.8,9.61A32,32,0,0,0,96,128Z\"><\/path><\/svg>BalkansCat\/<a href=https:\/\/depositphotos.com\/editorial\/rome-italy-june-2024-line-taxis-waiting-rome-city-center-766954600.html rel='nofollow' target='_blank'>Depositphotos<\/a><\/span><span class='ms-credits__btn' id='btn_media2922' onclick='ms_credits_trigger(\"#media2922\", this)'><svg xmlns=\"http:\/\/www.w3.org\/2000\/svg\" class=\"info_icon\" width=\"28\" height=\"28\" fill=\"#FFF\" viewBox=\"0 0 256 256\"><path d=\"M128,24A104,104,0,1,0,232,128,104.11,104.11,0,0,0,128,24Zm0,192a88,88,0,1,1,88-88A88.1,88.1,0,0,1,128,216Zm16-40a8,8,0,0,1-8,8,16,16,0,0,1-16-16V128a8,8,0,0,1,0-16,16,16,0,0,1,16,16v40A8,8,0,0,1,144,176ZM112,84a12,12,0,1,1,12,12A12,12,0,0,1,112,84Z\"><\/path><\/svg><svg xmlns=\"http:\/\/www.w3.org\/2000\/svg\" class=\"close_icon\" width=\"28\" height=\"28\" fill=\"#FFF\" viewBox=\"0 0 256 256\"><path d=\"M165.66,101.66,139.31,128l26.35,26.34a8,8,0,0,1-11.32,11.32L128,139.31l-26.34,26.35a8,8,0,0,1-11.32-11.32L116.69,128,90.34,101.66a8,8,0,0,1,11.32-11.32L128,116.69l26.34-26.35a8,8,0,0,1,11.32,11.32ZM232,128A104,104,0,1,1,128,24,104.11,104.11,0,0,1,232,128Zm-16,0a88,88,0,1,0-88,88A88.1,88.1,0,0,0,216,128Z\"><\/path><\/svg><\/span><\/div>\n\n\n<p class=\"is-style-lead\">Korzystanie z taks\u00f3wek w obcym kraju \u2014 szczeg\u00f3lnie gdy nie m\u00f3wisz po miejscowemu \u2014 mo\u017ce wydawa\u0107 si\u0119 onie\u015bmielaj\u0105ce. Taks\u00f3wki w Rzymie s\u0105 jednak naprawd\u0119 proste w u\u017cyciu i mog\u0105 by\u0107 wygodniejszym sposobem na <a href=\"https:\/\/www.rome.info\/pl\/transport\/\">dotarcie do celu<\/a>.<\/p>\n\n\n\n<p><strong>Wskaz\u00f3wka:<\/strong> Je\u015bli jedziesz na lotnisko lub z lotniska, <a href=\"https:\/\/www.rome.info\/pl\/lotnisko\/transfer\/\">zarezerwowany wcze\u015bniej transfer lotniskowy<\/a> pozwoli zaoszcz\u0119dzi\u0107 czas i omin\u0105\u0107 kolejk\u0119. Do poruszania si\u0119 po mie\u015bcie warto rozwa\u017cy\u0107 <a href=\"https:\/\/www.rome.info\/pl\/karty-turystyczne\/roma-pass\/\">Roma Pass<\/a>, kt\u00f3ry obejmuje nielimitowan\u0105 komunikacj\u0119 miejsk\u0105 i wst\u0119p do wybranych atrakcji.<\/p>\n\n\n\n<p>Oficjalne taks\u00f3wki w Rzymie s\u0105 zazwyczaj bia\u0142e i \u0142atwe do rozpoznania dzi\u0119ki znakowi \u201eTAXI&#8221; na dachu. Dost\u0119pne s\u0105 te\u017c aplikacje, takie jak FreeNow, Uber czy appTaxi.<\/p>\n\n\n\n<p>Poka\u017cemy Ci, jak korzysta\u0107 z taks\u00f3wek w Rzymie \u2014 od zatrzymania po rezerwacj\u0119, przez taryfy, napiwki po wskaz\u00f3wki bezpiecze\u0144stwa.<\/p>\n\n\n\n<h2 class=\"wp-block-heading\">Rodzaje dost\u0119pnych taks\u00f3wek<\/h2>\n\n\n\n<p>Je\u015bli chcesz z\u0142apa\u0107 taks\u00f3wk\u0119 w Rzymie, najprawdopodobniej skorzystasz z jednej z oficjalnych bia\u0142ych taks\u00f3wek albo z alternatyw, takich jak Uber. Dzia\u0142aj\u0105 r\u00f3\u017cne licencjonowane firmy taks\u00f3wkowe \u2014 praktycznie nie do odr\u00f3\u017cnienia po wygl\u0105dzie; Radio Taxi i Pronto Taxi to tylko kilka przyk\u0142ad\u00f3w.<\/p>\n\n\n\n<p>Wi\u0119kszo\u015b\u0107 taks\u00f3wek w Rzymie to standardowe auta na 5 os\u00f3b (\u0142\u0105cznie z kierowc\u0105), ale s\u0105 te\u017c wi\u0119ksze pojazdy. Je\u015bli potrzebujesz taks\u00f3wki dla 6 pasa\u017cer\u00f3w, zadzwo\u0144 z wyprzedzeniem lub u\u017cyj aplikacji \u2014 nie licz na to, \u017ce taki pojazd b\u0119dzie czeka\u0142 na postoju, bo jest ich znacznie mniej.<\/p>\n\n\n\n<h2 class=\"wp-block-heading\">Jak z\u0142apa\u0107 taks\u00f3wk\u0119 w Rzymie<\/h2>\n\n\n\n<p>Taks\u00f3wk\u0119 w Rzymie mo\u017cna znale\u017a\u0107 na kilka sposob\u00f3w: zatrzymuj\u0105c j\u0105 na ulicy, korzystaj\u0105c z postoju taks\u00f3wek lub zamawiaj\u0105c przez aplikacj\u0119. Zatrzymuj\u0105c na ulicy, szukaj bia\u0142ych samochod\u00f3w ze znakiem \u201eTAXI&#8221; na dachu.<\/p>\n\n\n\n<p>Unikaj nielicencjonowanych taks\u00f3wek i prywatnych samochod\u00f3w \u2014 mog\u0105 pobiera\u0107 zawy\u017cone ceny i nie maj\u0105 uprawnie\u0144 do tego typu us\u0142ug, chyba \u017ce dzia\u0142aj\u0105 przez aplikacj\u0119.<\/p>\n\n\n\n<h2 class=\"wp-block-heading\"><strong>Post\u00f3j taks\u00f3wek<\/strong><\/h2>\n\n\n<div class=\"ms-credits\">\n<img decoding=\"async\" class=\"gb-media-4ecfb3cb\" alt=\"D\u0142uga kolejka przy postoju taks\u00f3wek w centrum Rzymu.\" src=\"https:\/\/www.rome.info\/wp-content\/uploads\/rome-taxi-queue-1747642635.jpg\" title=\"rome-taxi-queue-1747642635\" \/>\n<span class='ms-credits__info' id='media2931'><svg xmlns=\"http:\/\/www.w3.org\/2000\/svg\" width=\"20\" height=\"22\" fill=\"#000000\" viewBox=\"0 0 256 256\"><path d=\"M128,24A104,104,0,1,0,232,128,104.11,104.11,0,0,0,128,24Zm0,192a88,88,0,1,1,88-88A88.1,88.1,0,0,1,128,216ZM96,128a32,32,0,0,0,57.6,19.2,8,8,0,0,1,12.8,9.61,48,48,0,1,1,0-57.62,8,8,0,0,1-12.8,9.61A32,32,0,0,0,96,128Z\"><\/path><\/svg>TKKurikawa\/<a href=https:\/\/depositphotos.com\/editorial\/rome-italy-june-2019-unidentified-people-queue-take-taxi-termini-310215932.html rel='nofollow' target='_blank'>Depositphotos<\/a><\/span><span class='ms-credits__btn' id='btn_media2931' onclick='ms_credits_trigger(\"#media2931\", this)'><svg xmlns=\"http:\/\/www.w3.org\/2000\/svg\" class=\"info_icon\" width=\"28\" height=\"28\" fill=\"#FFF\" viewBox=\"0 0 256 256\"><path d=\"M128,24A104,104,0,1,0,232,128,104.11,104.11,0,0,0,128,24Zm0,192a88,88,0,1,1,88-88A88.1,88.1,0,0,1,128,216Zm16-40a8,8,0,0,1-8,8,16,16,0,0,1-16-16V128a8,8,0,0,1,0-16,16,16,0,0,1,16,16v40A8,8,0,0,1,144,176ZM112,84a12,12,0,1,1,12,12A12,12,0,0,1,112,84Z\"><\/path><\/svg><svg xmlns=\"http:\/\/www.w3.org\/2000\/svg\" class=\"close_icon\" width=\"28\" height=\"28\" fill=\"#FFF\" viewBox=\"0 0 256 256\"><path d=\"M165.66,101.66,139.31,128l26.35,26.34a8,8,0,0,1-11.32,11.32L128,139.31l-26.34,26.35a8,8,0,0,1-11.32-11.32L116.69,128,90.34,101.66a8,8,0,0,1,11.32-11.32L128,116.69l26.34-26.35a8,8,0,0,1,11.32,11.32ZM232,128A104,104,0,1,1,128,24,104.11,104.11,0,0,1,232,128Zm-16,0a88,88,0,1,0-88,88A88.1,88.1,0,0,0,216,128Z\"><\/path><\/svg><\/span><\/div>\n\n\n<p>Postoje taks\u00f3wek w Rzymie oznaczone s\u0105 tablic\u0105 z napisem \u201eTaxi&#8221;, zwykle w kolorze pomara\u0144czowym. Znajdziesz je przy <a href=\"https:\/\/www.rome.info\/pl\/atrakcje\/\">popularnych atrakcjach turystycznych<\/a>, <a href=\"https:\/\/www.rome.info\/pl\/transport\/pociagi\/\">dworcach kolejowych<\/a> i <a href=\"https:\/\/www.rome.info\/pl\/lotnisko\/\">lotniskach<\/a>. Je\u015bli \u017cadna taks\u00f3wka nie stoi, poczekaj chwil\u0119 \u2014 na pewno co\u015b przyjedzie, nawet p\u00f3\u017ano w nocy.<\/p>\n\n\n\n<p>W godzinach szczytu zdarza si\u0119 nieco d\u0142u\u017csze oczekiwanie, ale taks\u00f3wki przyje\u017cd\u017caj\u0105 wtedy cz\u0119\u015bciej, wi\u0119c nie trwa to zbyt d\u0142ugo.<\/p>\n\n\n\n<h2 class=\"wp-block-heading\">Zatrzymanie na ulicy<\/h2>\n\n\n\n<p>Zatrzymywanie taks\u00f3wki na ulicy nie jest powszechne \u2014 inaczej ni\u017c w wielu innych du\u017cych miastach. Wolna taks\u00f3wka na ulicy, z dala od postoju, to rzadko\u015b\u0107, bo kierowcy zazwyczaj kieruj\u0105 si\u0119 na postoje. Nie jest to jednak niemo\u017cliwe, wi\u0119c je\u015bli natrafisz na woln\u0105 taks\u00f3wk\u0119, mo\u017cesz \u015bmia\u0142o z niej skorzysta\u0107.<\/p>\n\n\n\n<h2 class=\"wp-block-heading\">Rezerwacja telefoniczna<\/h2>\n\n\n\n<p>Taks\u00f3wk\u0119 mo\u017cna te\u017c zam\u00f3wi\u0107 telefonicznie. Popularn\u0105 firm\u0105 jest Roma Capitale Taxi \u2014 zadzwo\u0144 z miejsca noclegu lub w\u0142oskiej linii, bo to lokalny numer; mo\u017cesz te\u017c napisa\u0107 do nich na WhatsApp.<\/p>\n\n\n\n<h3 class=\"wp-block-heading\">Inne firmy<\/h3>\n\n\n\n<ul class=\"wp-block-list\">\n<li>Radiotaxi<\/li>\n\n\n\n<li>Chiama Taxi<\/li>\n\n\n\n<li>Prontotaxi<\/li>\n\n\n\n<li>Tevere<\/li>\n<\/ul>\n\n\n\n<h2 class=\"wp-block-heading\">Taryfy i trasy<\/h2>\n\n\n\n<p>Stawki w Rzymie s\u0105 generalnie rozs\u0105dne, cho\u0107 mog\u0105 si\u0119 r\u00f3\u017cni\u0107 w zale\u017cno\u015bci od pory dnia i przejechanego dystansu.<\/p>\n\n\n\n<p>Zanim wsi\u0105dziesz do taks\u00f3wki w Rzymie, warto pozna\u0107 struktur\u0119 taryf. Ceny reguluje miasto \u2014 zale\u017c\u0105 od przejechanego dystansu i pory dnia. Obowi\u0105zuje sta\u0142a op\u0142ata startowa, kt\u00f3ra zmienia si\u0119 w zale\u017cno\u015bci od godziny i dnia tygodnia.<\/p>\n\n\n\n<p>Do op\u0142aty startowej doliczana jest stawka za ka\u017cdy kilometr. Mog\u0105 te\u017c pojawi\u0107 si\u0119 dop\u0142aty za baga\u017c, nocna taryfa i op\u0142ata rezerwacyjna.<\/p>\n\n\n\n<p>Je\u015bli zale\u017cy Ci na sta\u0142ej cenie, rozwa\u017c Ubera \u2014 cena mo\u017ce by\u0107 nieco wy\u017csza, ale niezale\u017cnie od objazdu, baga\u017cu czy op\u00f3\u017anie\u0144, uzgodniona stawka nie zmieni si\u0119 w trakcie kursu.<\/p>\n\n\n\n<p>Ostateczna cena kursu to ta pokazana na liczniku; mog\u0105 do niej doj\u015b\u0107 dop\u0142aty za 4 lub wi\u0119cej pasa\u017cer\u00f3w, baga\u017c albo dodatkowe pro\u015bby.<\/p>\n\n\n\n<h2 class=\"wp-block-heading\">Czy zostawia\u0107 napiwek taks\u00f3wkarzowi w Rzymie<\/h2>\n\n\n\n<p>Napiwek nie jest obowi\u0105zkowy \u2014 kierowcy go nie oczekuj\u0105, ale zwyczajowo zaokr\u0105gla si\u0119 kwot\u0119 do najbli\u017cszego euro lub zostawia drobny napiwek, zw\u0142aszcza gdy jeste\u015b zadowolony z us\u0142ugi. Oczywi\u015bcie ka\u017cdy napiwek jest mile widziany jako wyraz wdzi\u0119czno\u015bci. Wi\u0119kszo\u015b\u0107 aplikacji te\u017c umo\u017cliwia dodanie napiwku przez telefon.<\/p>\n\n\n\n<p>Wi\u0119kszo\u015b\u0107 taks\u00f3wek ma nowoczesny licznik. Koszt kursu widoczny jest po lewej stronie lusterka wstecznego.<\/p>\n\n\n\n<h2 class=\"wp-block-heading\">Taks\u00f3wki na lotnisko i z lotniska<\/h2>\n\n\n<div class=\"ms-credits\">\n<img decoding=\"async\" class=\"gb-media-f01215f8\" alt=\"Pasa\u017cerowie i taks\u00f3wki przed Terminalem 3 na lotnisku Fiumicino w Rzymie.\" src=\"https:\/\/www.rome.info\/wp-content\/uploads\/rome-fiumicino-airport-taxi-area-1747642638.jpg\" title=\"rome-fiumicino-airport-taxi-area-1747642638\" \/>\n<span class='ms-credits__info' id='media2932'><svg xmlns=\"http:\/\/www.w3.org\/2000\/svg\" width=\"20\" height=\"22\" fill=\"#000000\" viewBox=\"0 0 256 256\"><path d=\"M128,24A104,104,0,1,0,232,128,104.11,104.11,0,0,0,128,24Zm0,192a88,88,0,1,1,88-88A88.1,88.1,0,0,1,128,216ZM96,128a32,32,0,0,0,57.6,19.2,8,8,0,0,1,12.8,9.61,48,48,0,1,1,0-57.62,8,8,0,0,1-12.8,9.61A32,32,0,0,0,96,128Z\"><\/path><\/svg>TKKurikawa\/<a href=https:\/\/depositphotos.com\/editorial\/rome-italy-june-2019-unidentified-people-travel-leonardo-vinci-fiumicino-310228486.html rel='nofollow' target='_blank'>Depositphotos<\/a><\/span><span class='ms-credits__btn' id='btn_media2932' onclick='ms_credits_trigger(\"#media2932\", this)'><svg xmlns=\"http:\/\/www.w3.org\/2000\/svg\" class=\"info_icon\" width=\"28\" height=\"28\" fill=\"#FFF\" viewBox=\"0 0 256 256\"><path d=\"M128,24A104,104,0,1,0,232,128,104.11,104.11,0,0,0,128,24Zm0,192a88,88,0,1,1,88-88A88.1,88.1,0,0,1,128,216Zm16-40a8,8,0,0,1-8,8,16,16,0,0,1-16-16V128a8,8,0,0,1,0-16,16,16,0,0,1,16,16v40A8,8,0,0,1,144,176ZM112,84a12,12,0,1,1,12,12A12,12,0,0,1,112,84Z\"><\/path><\/svg><svg xmlns=\"http:\/\/www.w3.org\/2000\/svg\" class=\"close_icon\" width=\"28\" height=\"28\" fill=\"#FFF\" viewBox=\"0 0 256 256\"><path d=\"M165.66,101.66,139.31,128l26.35,26.34a8,8,0,0,1-11.32,11.32L128,139.31l-26.34,26.35a8,8,0,0,1-11.32-11.32L116.69,128,90.34,101.66a8,8,0,0,1,11.32-11.32L128,116.69l26.34-26.35a8,8,0,0,1,11.32,11.32ZM232,128A104,104,0,1,1,128,24,104.11,104.11,0,0,1,232,128Zm-16,0a88,88,0,1,0-88,88A88.1,88.1,0,0,0,216,128Z\"><\/path><\/svg><\/span><\/div>\n\n\n<p>Zar\u00f3wno lotnisko <a href=\"https:\/\/www.rome.info\/pl\/lotnisko\/fiumicino\/\">Fiumicino<\/a>, jak i <a href=\"https:\/\/www.rome.info\/pl\/lotnisko\/ciampino\/\">Ciampino<\/a> maj\u0105 postoje taks\u00f3wek na zewn\u0105trz strefy przylatuj\u0105cych.<\/p>\n\n\n\n<p>Taks\u00f3wki s\u0105 bia\u0142e i maj\u0105 znak \u201eTAXI&#8221; na dachu. Korzystaj wy\u0142\u0105cznie z licencjonowanych taks\u00f3wek z oficjalnego postoju przy lotnisku \u2014 to ochrona przed oszustwami.<\/p>\n\n\n\n<p>Nielicencjonowane taks\u00f3wki i prywatne samochody \u2014 najcz\u0119\u015bciej czarne vany \u2014 czekaj\u0105 przy odbiorzebaga\u017cu i tu\u017c obok oficjalnych postoj\u00f3w. Ich stawki s\u0105 zwykle znacznie wy\u017csze od sta\u0142ej taryfy. Je\u015bli mimo wszystko zdecydujesz si\u0119 skorzysta\u0107 z takiego pojazdu, koniecznie zapytaj o ostateczn\u0105 cen\u0119 przed wsiadaniem \u2014 b\u0119d\u0105 pr\u00f3bowa\u0107 Ci\u0119 oszuka\u0107.<\/p>\n\n\n\n<p>Taryfy z lotniska do centrum Rzymu s\u0105 regulowane przez miasto i oparte na sta\u0142ej stawce.<\/p>\n\n\n\n<p>Je\u015bli wolisz spokojniejsz\u0105 opcj\u0119, zarezerwuj z wyprzedzeniem <a href=\"https:\/\/www.rome.info\/pl\/lotnisko\/transfer\/\">prywatny transfer lotniskowy<\/a>. Kierowca czeka na Ciebie przy wyj\u015bciu \u2014 bez kolejki, bez licznika i ze z g\u00f3ry ustalon\u0105 cen\u0105.<\/p>\n\n\n\n<h2 class=\"wp-block-heading\">Taks\u00f3wki z dworca Termini<\/h2>\n\n\n\n<p>Podobnie jak lotniska, <a href=\"https:\/\/www.rome.info\/pl\/transport\/pociagi\/\">stacja Termini<\/a> ma w\u0142asny post\u00f3j taks\u00f3wek \u2014 oficjalne taks\u00f3wki ustawiaj\u0105 si\u0119 przed g\u0142\u00f3wnym wej\u015bciem, wi\u0119c \u0142atwo je zauwa\u017cy\u0107. Podobnie jak na lotnisku, mog\u0105 pojawi\u0107 si\u0119 osoby pr\u00f3buj\u0105ce zaprowadzi\u0107 Ci\u0119 do nielicencjonowanej taks\u00f3wki \u2014 zignoruj je i id\u017a prosto na post\u00f3j.<\/p>\n\n\n\n<h2 class=\"wp-block-heading\">Dost\u0119pno\u015b\u0107<\/h2>\n\n\n\n<p>Rzym poczyni\u0142 w ostatnich latach spore post\u0119py w zakresie dost\u0119pno\u015bci dla os\u00f3b niepe\u0142nosprawnych, w tym poruszaj\u0105cych si\u0119 na w\u00f3zkach. Wi\u0119kszo\u015b\u0107 taks\u00f3wek jest przestronna i wygodna, ale zazwyczaj nie jest przystosowana do bardziej szczeg\u00f3lnych potrzeb.<\/p>\n\n\n\n<p>Nie wszystkie taks\u00f3wki w Rzymie s\u0105 dostosowane dla os\u00f3b na w\u00f3zkach. Istniej\u0105 pojazdy specjalnie zaprojektowane dla os\u00f3b z niepe\u0142nosprawno\u015bciami \u2014 wyposa\u017cone w ramp\u0119 i inne udogodnienia.<\/p>\n\n\n\n<p>Je\u015bli potrzebujesz takiego pojazdu, zadzwo\u0144 do firmy taks\u00f3wkowej z wyprzedzeniem. Mo\u017cesz te\u017c spr\u00f3bowa\u0107 zam\u00f3wi\u0107 van Ubera \u2014 jest do\u015b\u0107 przestronny, \u017ceby pomie\u015bci\u0107 w\u00f3zek, cho\u0107 pasa\u017cer musi usi\u0105\u015b\u0107 na siedzeniu, a w\u00f3zek z\u0142o\u017cy\u0107.<\/p>\n\n\n\n<h2 class=\"wp-block-heading\">Jak porozumie\u0107 si\u0119 z kierowc\u0105<\/h2>\n\n\n\n<p>Taks\u00f3wkarze w Rzymie lubi\u0105 rozmawia\u0107 \u2014 nie zdziw si\u0119, je\u015bli kierowca sam zagadnie. To dobra okazja, \u017ceby dowiedzie\u0107 si\u0119, <a href=\"https:\/\/www.rome.info\/restaurants\/\">gdzie zje\u015b\u0107 kolacj\u0119<\/a> lub <a href=\"https:\/\/www.rome.info\/pl\/rzeczy-do-zrobienia\/\">co warto zobaczy\u0107<\/a>, a o czym mog\u0142e\u015b nie wiedzie\u0107.<\/p>\n\n\n\n<p>Wi\u0119kszo\u015b\u0107 taks\u00f3wkarzy m\u00f3wi po angielsku na tyle, \u017ceby si\u0119 porozumie\u0107. Je\u015bli chcesz po\u0107wiczy\u0107 troch\u0119 w\u0142oskiego, przydatnych kilka zwrot\u00f3w:<\/p>\n\n\n\n<ul class=\"wp-block-list\">\n<li><strong>Devo andare all&#8217;aeroporto di Fiumicino<\/strong>: Musz\u0119 jecha\u0107 na lotnisko Fiumicino. Zamie\u0144 ostatni\u0105 cz\u0119\u015b\u0107 na sw\u00f3j cel podr\u00f3\u017cy \u2014 np. <em>devo andare alla stazione centrale.<\/em><\/li>\n\n\n\n<li><strong>Posso pagare con carta<\/strong>: czy mog\u0119 zap\u0142aci\u0107 kart\u0105?<\/li>\n\n\n\n<li><strong>Pu\u00f2 andare pi\u00f9 piano\/veloce<\/strong>: czy mo\u017ce Pan\/Pani jecha\u0107 wolniej\/szybciej?<\/li>\n\n\n\n<li><strong>Si pu\u00f2 accostare qui<\/strong>: czy mo\u017ce Pan\/Pani si\u0119 tu zatrzyma\u0107?<\/li>\n\n\n\n<li><strong>Quanto le devo<\/strong>: ile jestem winien\/winna?<\/li>\n<\/ul>\n\n\n\n<p>W razie w\u0105tpliwo\u015bci zawsze mo\u017cna skorzysta\u0107 z T\u0142umacza Google lub pokaza\u0107 adres w Google Maps.<\/p>\n\n\n\n<h2 class=\"wp-block-heading\">Formy p\u0142atno\u015bci<\/h2>\n\n\n\n<p>Technicznie wszystkie taks\u00f3wki w Rzymie powinny akceptowa\u0107 p\u0142atno\u015bci kart\u0105 i by\u0107 wyposa\u017cone w technologi\u0119 zbli\u017ceniow\u0105. W praktyce zdarza si\u0119, \u017ce kierowcy twierdz\u0105, \u017ce terminal jest zepsuty i akceptuj\u0105 tylko got\u00f3wk\u0119.<\/p>\n\n\n\n<p>Najlepiej mie\u0107 przy sobie got\u00f3wk\u0119 na wszelki wypadek. Je\u015bli jej nie masz, zapytaj przed rozpocz\u0119ciem kursu, czy mo\u017cesz zap\u0142aci\u0107 kart\u0105, lub zam\u00f3w taks\u00f3wk\u0119 i zap\u0142a\u0107 przez aplikacj\u0119.<\/p>\n\n\n\n<h2 class=\"wp-block-heading\">Jak nie da\u0107 si\u0119 oszuka\u0107<\/h2>\n\n\n\n<p>Obawy przed oszustwami ze strony taks\u00f3wkarzy w Rzymie s\u0105 w du\u017cej mierze przesadzone. Gdy znajdziesz oficjalny post\u00f3j i zignorowania os\u00f3b pr\u00f3buj\u0105cych wciska\u0107 Ci nieoficjalne przejazdy \u2014 jeste\u015b bezpieczny. Warto jednak zawsze zachowa\u0107 ostro\u017cno\u015b\u0107, na wypadek gdyby trafi\u0142 Ci si\u0119 nieuczciwy kierowca.<\/p>\n\n\n\n<p>Oto kilka rzeczy, kt\u00f3re mo\u017cesz zrobi\u0107, \u017ceby nie da\u0107 si\u0119 oszuka\u0107:<\/p>\n\n\n\n<ul class=\"wp-block-list\">\n<li><strong>Wsiadaj tylko do oficjalnych taks\u00f3wek.<\/strong> Na lotnisku lub przy Termini mog\u0105 podbiega\u0107 do Ciebie ludzie krzycz\u0105cy \u201etaxi&#8221; \u2014 zignoruj ich, to nieoficjalni kierowcy. Id\u017a na post\u00f3j lub zadzwo\u0144 po taks\u00f3wk\u0119.<\/li>\n\n\n\n<li><strong>Upewnij si\u0119, \u017ce licznik jest w\u0142\u0105czony od pocz\u0105tku kursu.<\/strong> Niekt\u00f3rzy mog\u0105 udawa\u0107, \u017ce zapomnieli go w\u0142\u0105czy\u0107, \u017ceby na ko\u0144cu naliczy\u0107 wy\u017csz\u0105 cen\u0119. Sprawd\u017a to od razu po wsiadaniu.<\/li>\n\n\n\n<li><strong>Brak licznika? Zapytaj o cen\u0119 z g\u00f3ry.<\/strong> Je\u015bli jeste\u015b w taks\u00f3wce bez licznika, ustal stawk\u0119 przed wsiadaniem. Zapytaj te\u017c, czy akceptuj\u0105 kart\u0119, je\u015bli nie masz got\u00f3wki.<\/li>\n\n\n\n<li><strong>Upewnij si\u0119, \u017ce licznik pokazuje <em>Tariffa 1<\/em> w czasie jazdy po Rzymie.<\/strong> <em>Tariffa 2<\/em> to dro\u017csza taryfa, kt\u00f3ra powinna by\u0107 stosowana dopiero od momentu, gdy przejazd osi\u0105gnie minimum 14 \u20ac.<\/li>\n\n\n\n<li><strong>Nie p\u0142a\u0107, dop\u00f3ki baga\u017c nie zostanie wyci\u0105gni\u0119ty z samochodu.<\/strong> Lepiej dmucha\u0107 na zimne.<\/li>\n\n\n\n<li><strong>Popro\u015b o paragon.<\/strong> Je\u015bli masz w\u0105tpliwo\u015bci, czy nie jeste\u015b oszukiwany, popro\u015b o pokwitowanie. Znajdziesz na nim wszystkie niezb\u0119dne dane \u2014 imi\u0119 i nazwisko kierowcy oraz numer licencji \u2014 przydatne przy zg\u0142oszeniu do firmy taks\u00f3wkowej.<\/li>\n<\/ul>\n\n\n\n<h2 class=\"wp-block-heading\">Uber, Lyft itp. w Rzymie<\/h2>\n\n\n\n<p>We W\u0142oszech obowi\u0105zuj\u0105 rygorystyczne przepisy chroni\u0105ce taks\u00f3wkarzy przed \u201enieuczciw\u0105 konkurencj\u0105&#8221; \u2014 dotyczy to te\u017c Ubera i Lyft.<\/p>\n\n\n\n<h3 class=\"wp-block-heading\">Czy Uber jest ta\u0144szy od taks\u00f3wki w Rzymie<\/h3>\n\n\n\n<p>Lyft w og\u00f3le nie dzia\u0142a w Rzymie, a Uber oferuje tylko us\u0142ugi premium: Uber Black i Uber Vans. To nieco wy\u017cszy standard, a co za tym idzie \u2014 wy\u017csze ceny ni\u017c w zwyk\u0142ych taks\u00f3wkach.<\/p>\n\n\n\n<p>Istnieje kilka us\u0142ug ride-sharingu, ale \u017cadna nie dzia\u0142a na tak\u0105 skal\u0119 jak Uber. Scooterino pozwala doskoczy\u0107 na ty\u0142 Vespy na szybki przejazd przez miasto, cho\u0107 oczywi\u015bcie nie sprawdza si\u0119 w ka\u017cdej sytuacji.<\/p>\n\n\n\n<h2 class=\"wp-block-heading\">Zalety korzystania z taks\u00f3wek w Rzymie<\/h2>\n\n\n\n<p>Taks\u00f3wka to bezpieczny i znany spos\u00f3b poruszania si\u0119 po mie\u015bcie \u2014 wygodna alternatywa dla <a href=\"https:\/\/www.rome.info\/pl\/transport\/komunikacja-miejska\/\">komunikacji miejskiej<\/a>. Je\u015bli masz baga\u017c lub jedziesz w miejsce s\u0142abo skomunikowane z transportem publicznym, taks\u00f3wka jest znacznie wygodniejsza. To najprostszy spos\u00f3b podr\u00f3\u017cowania \u2014 bez stresu zwi\u0105zanego z orientowaniem si\u0119 w obcym mie\u015bcie.<\/p>\n\n\n\n<p>Mo\u017ce te\u017c wyj\u015b\u0107 ca\u0142kiem niedrogo, je\u015bli podzielisz koszt mi\u0119dzy kilku pasa\u017cer\u00f3w.<\/p>\n\n\n\n<h2 class=\"wp-block-heading\">FAQ<\/h2>\n\n\n\n<h3 class=\"wp-block-heading\"><strong>Czy taks\u00f3wki w Rzymie s\u0105 drogie?<\/strong><\/h3>\n\n\n\n<p>Z pewno\u015bci\u0105 nie s\u0105 najta\u0144szym sposobem podr\u00f3\u017cowania. Taks\u00f3wki w Rzymie s\u0105 dro\u017csze ni\u017c w wielu innych europejskich stolicach. Je\u015bli zale\u017cy Ci na oszcz\u0119dno\u015bci, korzystaj z komunikacji miejskiej.<\/p>\n\n\n\n<h3 class=\"wp-block-heading\"><strong>Czy Uber dzia\u0142a w Rzymie?<\/strong><\/h3>\n\n\n\n<p>W Rzymie dost\u0119pne s\u0105 tylko premium us\u0142ugi Ubera, bo standardowa us\u0142uga jest zakazana. Z lotniska mo\u017cesz zam\u00f3wi\u0107 Ubera Black, ale taks\u00f3wki s\u0105 zazwyczaj ta\u0144sze.<\/p>\n\n\n\n<h3 class=\"wp-block-heading\"><strong>Czy Uber lub Lyft dzia\u0142aj\u0105 w Rzymie?<\/strong><\/h3>\n\n\n\n<p>Lyft w Rzymie nie jest dost\u0119pny, a Uber oferuje jedynie us\u0142ugi premium \u2014 Uber Black i Uber Vans.<\/p>\n\n\n\n<h3 class=\"wp-block-heading\"><strong>Jaka jest najlepsza aplikacja do zamawiania taks\u00f3wek w Rzymie?<\/strong><\/h3>\n\n\n\n<p>Popularnych aplikacji jest kilka, ale najpopularniejsze to FREENOW i Wetaxi.<\/p>\n\n","protected":false},"excerpt":{"rendered":"","protected":false},"author":9,"featured_media":496,"parent":274,"menu_order":0,"comment_status":"closed","ping_status":"closed","template":"","meta":{"_acf_changed":false,"footnotes":"","button_url":"https:\/\/www.tiqets.com\/pl\/rome-attractions-c71631\/?partner=romeinfo","ms_product_id":"","ms_product_name":"","ms_price":"","ms_currency":"","ms_rating_value":"","ms_review_count":"","rank_math_title":"Taks\u00f3wki w Rzymie: Jak zamawia\u0107, taryfy i wskaz\u00f3wki dla turyst\u00f3w","rank_math_description":"Jak z\u0142apa\u0107 taks\u00f3wk\u0119 w Rzymie, zrozumie\u0107 taryfy, unika\u0107 oszustw i podr\u00f3\u017cowa\u0107 bezpiecznie \u2014 kompletny przewodnik."},"post-style":[],"producer":[36],"class_list":["post-310","page","type-page","status-publish","has-post-thumbnail"],"acf":[],"product_schema":{"ms_product_id":"","ms_product_name":"","ms_price":"","ms_currency":"","ms_rating_value":"","ms_review_count":""},"_links":{"self":[{"href":"https:\/\/www.rome.info\/pl\/wp-json\/wp\/v2\/pages\/310","targetHints":{"allow":["GET"]}}],"collection":[{"href":"https:\/\/www.rome.info\/pl\/wp-json\/wp\/v2\/pages"}],"about":[{"href":"https:\/\/www.rome.info\/pl\/wp-json\/wp\/v2\/types\/page"}],"author":[{"embeddable":true,"href":"https:\/\/www.rome.info\/pl\/wp-json\/wp\/v2\/users\/9"}],"replies":[{"embeddable":true,"href":"https:\/\/www.rome.info\/pl\/wp-json\/wp\/v2\/comments?post=310"}],"version-history":[{"count":2,"href":"https:\/\/www.rome.info\/pl\/wp-json\/wp\/v2\/pages\/310\/revisions"}],"predecessor-version":[{"id":549,"href":"https:\/\/www.rome.info\/pl\/wp-json\/wp\/v2\/pages\/310\/revisions\/549"}],"up":[{"embeddable":true,"href":"https:\/\/www.rome.info\/pl\/wp-json\/wp\/v2\/pages\/274"}],"wp:featuredmedia":[{"embeddable":true,"href":"https:\/\/www.rome.info\/pl\/wp-json\/wp\/v2\/media\/496"}],"wp:attachment":[{"href":"https:\/\/www.rome.info\/pl\/wp-json\/wp\/v2\/media?parent=310"}],"wp:term":[{"taxonomy":"post-style","embeddable":true,"href":"https:\/\/www.rome.info\/pl\/wp-json\/wp\/v2\/post-style?post=310"},{"taxonomy":"producer","embeddable":true,"href":"https:\/\/www.rome.info\/pl\/wp-json\/wp\/v2\/producer?post=310"}],"curies":[{"name":"wp","href":"https:\/\/api.w.org\/{rel}","templated":true}]}}