{"id":294,"date":"2026-04-27T19:05:54","date_gmt":"2026-04-27T17:05:54","guid":{"rendered":"https:\/\/www.rome.info\/pl\/?page_id=294"},"modified":"2026-04-27T20:02:21","modified_gmt":"2026-04-27T18:02:21","slug":"omnia-card","status":"publish","type":"page","link":"https:\/\/www.rome.info\/pl\/karty-turystyczne\/omnia-card\/","title":{"rendered":"Omnia Card"},"content":{"rendered":"\n<p class=\"is-style-lead\">Omnia Card to karnet turystyczny zapewniaj\u0105cy odwiedzaj\u0105cym dost\u0119p do niekt\u00f3rych z czo\u0142owych atrakcji Rzymu i Watykanu.<\/p>\n\n\n\n<a href=\"https:\/\/www.tiqets.com\/pl\/rome-attractions-c71631\/tickets-for-omnia-card-vatican-open-bus-24-h-p974743?partner=romeinfo\" rel=\"nofollow noopener\"><img decoding=\"async\" class=\"gb-media-f5d2bb1d ms-mb-block\" alt=\"\" src=\"https:\/\/www.rome.info\/wp-content\/uploads\/omnia-card-1754973489.jpg\" title=\"omnia-card-1754973489\"\/><\/a>\n\n\n\n<h2 class=\"wp-block-heading\"><strong>Czym jest Omnia Card?<\/strong><\/h2>\n\n\n\n<p class=\"is-style-default\">To kompleksowa <a href=\"https:\/\/www.rome.info\/pl\/karty-turystyczne\/\">karta turystyczna<\/a> Rzym obejmuj\u0105ca bezp\u0142atny wst\u0119p do ponad 30 <a href=\"https:\/\/www.rome.info\/pl\/atrakcje\/\">atrakcji<\/a>, wej\u015bcie z pomini\u0119ciem kolejki do niekt\u00f3rych z najpopularniejszych miejsc i nieograniczone korzystanie z wygodnych <a href=\"https:\/\/www.rome.info\/pl\/wycieczki\/hop-on-hop-off\/\">autobus\u00f3w Hop-on Hop-off<\/a>.<\/p>\n\n\n\n<p>Karta obejmuje te\u017c bilet na <a href=\"https:\/\/www.rome.info\/pl\/transport\/komunikacja-miejska\/\">komunikacj\u0119 miejsk\u0105 w Rzymie<\/a>, co u\u0142atwia zwiedzanie miasta <a href=\"https:\/\/www.rome.info\/pl\/transport\/komunikacja-miejska\/autobus\/\">autobusem<\/a> lub <a href=\"https:\/\/www.rome.info\/pl\/transport\/komunikacja-miejska\/metro\/\">metrem<\/a>.<\/p>\n\n\n\n<p>Karta dost\u0119pna jest w dw\u00f3ch formatach \u2014 24-godzinnym i 72-godzinnym \u2014 w zale\u017cno\u015bci od potrzeb. Poni\u017cej szczeg\u00f3\u0142owo opisuj\u0119 najwa\u017cniejsze informacje, kt\u00f3re pomog\u0105 Ci zdecydowa\u0107, czy warto j\u0105 kupi\u0107.<\/p>\n\n\n\n<h2 class=\"wp-block-heading\"><strong>Jak korzysta\u0107 z Omnia Card i jakie s\u0105 jej g\u0142\u00f3wne zalety<\/strong><\/h2>\n\n\n\n<ul class=\"wp-block-list\">\n<li><strong>Bezp\u0142atny wst\u0119p:<\/strong> Korzystanie z Omnia Card jest proste. Po zakupie karta uprawnia do wst\u0119pu do ponad 30 atrakcji; pe\u0142na lista dost\u0119pna jest <a href=\"https:\/\/www.romevaticancard.com\/rome-vatican-attractions\/\" rel=\"noopener\"> tutaj.<\/a><\/li>\n\n\n\n<li><strong>Bez czekania w kolejce:<\/strong> Dodatkow\u0105 zalet\u0105 jest mo\u017cliwo\u015b\u0107 omini\u0119cia kolejek przy niekt\u00f3rych z najbardziej zat\u0142oczonych miejsc, w tym <a href=\"https:\/\/www.rome.info\/pl\/atrakcje\/koloseum\/\">Koloseum<\/a>, <a href=\"https:\/\/www.rome.info\/pl\/atrakcje\/forum-romanum\/\">Forum Romanum<\/a>, <a href=\"https:\/\/www.rome.info\/attractions\/catacombs-of-callixtus\/\">Katakumbach San Callisto<\/a>, <a href=\"https:\/\/www.rome.info\/pl\/atrakcje\/muzea-watykanskie\/\">Muzeach Watyka\u0144skich<\/a> i <a href=\"https:\/\/www.rome.info\/pl\/atrakcje\/kaplica-systynska\/\">Kaplicy Syksty\u0144skiej<\/a>.<\/li>\n\n\n\n<li><strong>Nieograniczone korzystanie z autobus\u00f3w Hop-on Hop-off: <\/strong>U\u0142atwia to przemieszczanie si\u0119 po mie\u015bcie i zwiedzanie wszystkich czo\u0142owych atrakcji. Mo\u017cesz korzysta\u0107 z trzech tras autobusowych po mie\u015bcie.<\/li>\n\n\n\n<li><strong>Bezp\u0142atna komunikacja miejska:<\/strong> Karta obejmuje te\u017c bilet komunikacji miejskiej w Rzymie w przypadku zakupu karnetu 72-godzinnego, co umo\u017cliwia korzystanie z autobus\u00f3w, tramwaj\u00f3w i metra.<\/li>\n\n\n\n<li><strong>Wygoda:<\/strong> Z kart\u0105 w r\u0119ku mo\u017cesz omin\u0105\u0107 d\u0142ugie kolejki przy popularnych atrakcjach i zaoszcz\u0119dzi\u0107 czas. Oznacza to wi\u0119cej czasu na zwiedzanie i mniej czasu zmarnowanego w kolejkach, nie wspominaj\u0105c o staniu w d\u0142ugiej kolejce pod rzymskim s\u0142o\u0144cem.<\/li>\n\n\n\n<li><strong>Audioguide<\/strong>: Pobierz aplikacj\u0119 i korzystaj z audioguide do r\u00f3\u017cnych popularnych miejsc.<\/li>\n\n\n\n<li><strong>Znaczne oszcz\u0119dno\u015bci:<\/strong> Kupuj\u0105c kart\u0119, mo\u017cesz zaoszcz\u0119dzi\u0107 na biletach wst\u0119pu i kosztach transportu. Cena karty jest mniej wi\u0119cej r\u00f3wna cenie biletu z pomini\u0119ciem kolejki lub wycieczki z przewodnikiem do dowolnej popularnej atrakcji. Dodatkowo karta jest dostarczana z przewodnikiem i map\u0105 z przydatnymi informacjami i wskaz\u00f3wkami, jak najlepiej sp\u0119dzi\u0107 wizyt\u0119.<\/li>\n<\/ul>\n\n\n\n<h2 class=\"wp-block-heading\"><strong>Czo\u0142owe atrakcje obj\u0119te Omnia Card<\/strong><\/h2>\n\n\n\n<p>Omnia Card oferuje bezp\u0142atne bilety do atrakcji w Rzymie i <a href=\"https:\/\/www.rome.info\/pl\/atrakcje\/t\/watykan\/\">Watykanie<\/a>, w tym do niekt\u00f3rych z najs\u0142ynniejszych i najpopularniejszych miejsc. Oto kilka czo\u0142owych atrakcji obj\u0119tych kart\u0105:<\/p>\n\n\n\n<ul class=\"wp-block-list\">\n<li><strong>Wej\u015bcie z pomini\u0119ciem kolejki<\/strong> do Koloseum, Forum Romanum i <a href=\"https:\/\/www.rome.info\/pl\/atrakcje\/wzgorze-palatynskie\/\">Wzg\u00f3rza Palaty\u0144skiego<\/a>.<\/li>\n<\/ul>\n\n\n<div class=\"ms-credits\">\n<img decoding=\"async\" class=\"gb-media-07458ff0\" alt=\"Koloseum o wschodzie s\u0142o\u0144ca.\" src=\"https:\/\/www.rome.info\/wp-content\/uploads\/f-colosseum.jpg\" title=\"The Colosseum\"\/>\n<span class='ms-credits__info' id='media896'><svg xmlns=\"http:\/\/www.w3.org\/2000\/svg\" width=\"20\" height=\"22\" fill=\"#000000\" viewBox=\"0 0 256 256\"><path d=\"M128,24A104,104,0,1,0,232,128,104.11,104.11,0,0,0,128,24Zm0,192a88,88,0,1,1,88-88A88.1,88.1,0,0,1,128,216ZM96,128a32,32,0,0,0,57.6,19.2,8,8,0,0,1,12.8,9.61,48,48,0,1,1,0-57.62,8,8,0,0,1-12.8,9.61A32,32,0,0,0,96,128Z\"><\/path><\/svg>Givaga\/<a href=https:\/\/depositphotos.com\/121809612\/stock-photo-colosseum-in-rome.html rel='nofollow' target='_blank'>Depositphotos<\/a><\/span><span class='ms-credits__btn' id='btn_media896' onclick='ms_credits_trigger(\"#media896\", this)'><svg xmlns=\"http:\/\/www.w3.org\/2000\/svg\" class=\"info_icon\" width=\"28\" height=\"28\" fill=\"#FFF\" viewBox=\"0 0 256 256\"><path d=\"M128,24A104,104,0,1,0,232,128,104.11,104.11,0,0,0,128,24Zm0,192a88,88,0,1,1,88-88A88.1,88.1,0,0,1,128,216Zm16-40a8,8,0,0,1-8,8,16,16,0,0,1-16-16V128a8,8,0,0,1,0-16,16,16,0,0,1,16,16v40A8,8,0,0,1,144,176ZM112,84a12,12,0,1,1,12,12A12,12,0,0,1,112,84Z\"><\/path><\/svg><svg xmlns=\"http:\/\/www.w3.org\/2000\/svg\" class=\"close_icon\" width=\"28\" height=\"28\" fill=\"#FFF\" viewBox=\"0 0 256 256\"><path d=\"M165.66,101.66,139.31,128l26.35,26.34a8,8,0,0,1-11.32,11.32L128,139.31l-26.34,26.35a8,8,0,0,1-11.32-11.32L116.69,128,90.34,101.66a8,8,0,0,1,11.32-11.32L128,116.69l26.34-26.35a8,8,0,0,1,11.32,11.32ZM232,128A104,104,0,1,1,128,24,104.11,104.11,0,0,1,232,128Zm-16,0a88,88,0,1,0-88,88A88.1,88.1,0,0,0,216,128Z\"><\/path><\/svg><\/span><\/div>\n\n\n<ul class=\"wp-block-list\">\n<li><strong>Koloseum<\/strong>: Jedna z najbardziej imponuj\u0105cych staro\u017cytnych budowli na \u015bwiecie, a Forum Romanum i Wzg\u00f3rze Palaty\u0144skie daj\u0105 wgl\u0105d w codzienne \u017cycie staro\u017cytnego Rzymu.<\/li>\n<\/ul>\n\n\n\n<p><a href=\"https:\/\/www.rome.info\/pl\/atrakcje\/koloseum\/bilety\/\" data-type=\"link\" data-id=\"https:\/\/www.rome.info\/pl\/atrakcje\/koloseum\/bilety\/\">Zobacz przewodnik po biletach do Koloseum \u2192<\/a><\/p>\n\n\n<div class=\"ms-credits\">\n<img decoding=\"async\" class=\"gb-media-f1b56746\" alt=\"Bazylika \u015bw. Piotra w Rzymie o zachodzie s\u0142o\u0144ca\" src=\"https:\/\/www.rome.info\/wp-content\/uploads\/f-st-peters-basilica.jpg\" title=\"f-st-peters-basilica\"\/>\n<span class='ms-credits__info' id='media685'><svg xmlns=\"http:\/\/www.w3.org\/2000\/svg\" width=\"20\" height=\"22\" fill=\"#000000\" viewBox=\"0 0 256 256\"><path d=\"M128,24A104,104,0,1,0,232,128,104.11,104.11,0,0,0,128,24Zm0,192a88,88,0,1,1,88-88A88.1,88.1,0,0,1,128,216ZM96,128a32,32,0,0,0,57.6,19.2,8,8,0,0,1,12.8,9.61,48,48,0,1,1,0-57.62,8,8,0,0,1-12.8,9.61A32,32,0,0,0,96,128Z\"><\/path><\/svg>TTstudio\/<a href=https:\/\/sp.depositphotos.com\/48760351\/stock-photo-vatican-rome-st-peters-basilica.html rel='nofollow' target='_blank'>Depositphotos<\/a><\/span><span class='ms-credits__btn' id='btn_media685' onclick='ms_credits_trigger(\"#media685\", this)'><svg xmlns=\"http:\/\/www.w3.org\/2000\/svg\" class=\"info_icon\" width=\"28\" height=\"28\" fill=\"#FFF\" viewBox=\"0 0 256 256\"><path d=\"M128,24A104,104,0,1,0,232,128,104.11,104.11,0,0,0,128,24Zm0,192a88,88,0,1,1,88-88A88.1,88.1,0,0,1,128,216Zm16-40a8,8,0,0,1-8,8,16,16,0,0,1-16-16V128a8,8,0,0,1,0-16,16,16,0,0,1,16,16v40A8,8,0,0,1,144,176ZM112,84a12,12,0,1,1,12,12A12,12,0,0,1,112,84Z\"><\/path><\/svg><svg xmlns=\"http:\/\/www.w3.org\/2000\/svg\" class=\"close_icon\" width=\"28\" height=\"28\" fill=\"#FFF\" viewBox=\"0 0 256 256\"><path d=\"M165.66,101.66,139.31,128l26.35,26.34a8,8,0,0,1-11.32,11.32L128,139.31l-26.34,26.35a8,8,0,0,1-11.32-11.32L116.69,128,90.34,101.66a8,8,0,0,1,11.32-11.32L128,116.69l26.34-26.35a8,8,0,0,1,11.32,11.32ZM232,128A104,104,0,1,1,128,24,104.11,104.11,0,0,1,232,128Zm-16,0a88,88,0,1,0-88,88A88.1,88.1,0,0,0,216,128Z\"><\/path><\/svg><\/span><\/div>\n\n\n<ul class=\"wp-block-list\">\n<li><strong>Bazylika \u015bw. Piotra<\/strong>: <a href=\"https:\/\/www.rome.info\/pl\/atrakcje\/bazylika-sw-piotra\/\">Ta zachwycaj\u0105ca \u015bwi\u0105tynia<\/a> le\u017cy w Watykanie i jest jedn\u0105 z najwi\u0119kszych na \u015bwiecie. Omnia Card zapewnia wst\u0119p z pomini\u0119ciem kolejki.<\/li>\n<\/ul>\n\n\n<div class=\"ms-credits\">\n<img decoding=\"async\" class=\"gb-media-8e47f72a\" alt=\"Br\u0105zowa rze\u017aba \"Kula w kuli\" Arnaldo Pomodoro na Dziedzi\u0144cu Szyszki w Muzeach Watyka\u0144skich.\" src=\"https:\/\/www.rome.info\/wp-content\/uploads\/vatican-museums-sphere-within-sphere-1747202871.jpg\" title=\"vatican-museums-sphere-within-sphere-1747202871\"\/>\n<span class='ms-credits__info' id='media2758'><svg viewBox=\"0 0 24 24\" fill=\"none\" xmlns=\"http:\/\/www.w3.org\/2000\/svg\" width=\"20\" height=\"22\"><g stroke-width=\"0\"><\/g><g stroke-linecap=\"round\" stroke-linejoin=\"round\"><\/g><g id=\"SVGRepo_iconCarrier\"> <path d=\"M12 22C6.48 22 2 17.52 2 12C2 6.48 6.48 2 12 2C17.52 2 22 6.48 22 12C22 17.52 17.52 22 12 22Z\" stroke=\"#000\" stroke-width=\"1.5\" stroke-linecap=\"round\" stroke-linejoin=\"round\"><\/path> <path d=\"M10.88 14.1499C10.37 14.5899 9.70999 14.8699 8.98999 14.8699C7.40999 14.8699 6.12 13.5899 6.12 11.9999C6.12 10.4099 7.39999 9.12988 8.98999 9.12988C9.71999 9.12988 10.38 9.39985 10.88 9.84985\" stroke=\"#000\" stroke-width=\"1.5\" stroke-linecap=\"round\" stroke-linejoin=\"round\"><\/path> <path d=\"M17.88 14.1499C17.37 14.5899 16.71 14.8699 15.99 14.8699C14.41 14.8699 13.12 13.5899 13.12 11.9999C13.12 10.4099 14.4 9.12988 15.99 9.12988C16.72 9.12988 17.38 9.39985 17.88 9.84985\" stroke=\"#000\" stroke-width=\"1.5\" stroke-linecap=\"round\" stroke-linejoin=\"round\"><\/path> <\/g><\/svg> BY-SA 2.0 Genericdaryl_mitchell\/<a href=https:\/\/www.flickr.com\/photos\/daryl_mitchell\/15427429147 rel='nofollow' target='_blank'>Flickr<\/a><\/span><span class='ms-credits__btn' id='btn_media2758' onclick='ms_credits_trigger(\"#media2758\", this)'><svg xmlns=\"http:\/\/www.w3.org\/2000\/svg\" class=\"info_icon\" width=\"28\" height=\"28\" fill=\"#FFF\" viewBox=\"0 0 256 256\"><path d=\"M128,24A104,104,0,1,0,232,128,104.11,104.11,0,0,0,128,24Zm0,192a88,88,0,1,1,88-88A88.1,88.1,0,0,1,128,216Zm16-40a8,8,0,0,1-8,8,16,16,0,0,1-16-16V128a8,8,0,0,1,0-16,16,16,0,0,1,16,16v40A8,8,0,0,1,144,176ZM112,84a12,12,0,1,1,12,12A12,12,0,0,1,112,84Z\"><\/path><\/svg><svg xmlns=\"http:\/\/www.w3.org\/2000\/svg\" class=\"close_icon\" width=\"28\" height=\"28\" fill=\"#FFF\" viewBox=\"0 0 256 256\"><path d=\"M165.66,101.66,139.31,128l26.35,26.34a8,8,0,0,1-11.32,11.32L128,139.31l-26.34,26.35a8,8,0,0,1-11.32-11.32L116.69,128,90.34,101.66a8,8,0,0,1,11.32-11.32L128,116.69l26.34-26.35a8,8,0,0,1,11.32,11.32ZM232,128A104,104,0,1,1,128,24,104.11,104.11,0,0,1,232,128Zm-16,0a88,88,0,1,0-88,88A88.1,88.1,0,0,0,216,128Z\"><\/path><\/svg><\/span><\/div>\n\n\n<ul class=\"wp-block-list\">\n<li><strong>Muzea Watyka\u0144skie i Kaplica Syksty\u0144ska<\/strong>: Muzea Watyka\u0144skie przechowuj\u0105 jedne z najs\u0142awniejszych kolekcji sztuki na \u015bwiecie, w tym Kaplic\u0119 Syksty\u0144sk\u0105. Omnia Card daje wst\u0119p z pomini\u0119ciem kolejki do obu. Polecam zarezerwowa\u0107 t\u0119 atrakcj\u0119 z wyprzedzeniem, szczeg\u00f3lnie w sezonie.<\/li>\n<\/ul>\n\n\n<div class=\"ms-credits\">\n<img decoding=\"async\" class=\"gb-media-2ee8504c\" alt=\"Widok Zamku \u015awi\u0119tego Anio\u0142a z mostu prowadz\u0105cego do wej\u015bcia do zamku.\" src=\"https:\/\/www.rome.info\/wp-content\/uploads\/f-castel-sant-angelo-bridge.jpg\" title=\"Castel Sant'Angelo - Bridge View\"\/>\n<span class='ms-credits__info' id='media696'><svg xmlns=\"http:\/\/www.w3.org\/2000\/svg\" width=\"20\" height=\"22\" fill=\"#000000\" viewBox=\"0 0 256 256\"><path d=\"M128,24A104,104,0,1,0,232,128,104.11,104.11,0,0,0,128,24Zm0,192a88,88,0,1,1,88-88A88.1,88.1,0,0,1,128,216ZM96,128a32,32,0,0,0,57.6,19.2,8,8,0,0,1,12.8,9.61,48,48,0,1,1,0-57.62,8,8,0,0,1-12.8,9.61A32,32,0,0,0,96,128Z\"><\/path><\/svg>natursports\/<a href=https:\/\/depositphotos.com\/25540505\/stock-photo-castel-sant-angelo-rome.html rel='nofollow' target='_blank'>Depositphotos<\/a><\/span><span class='ms-credits__btn' id='btn_media696' onclick='ms_credits_trigger(\"#media696\", this)'><svg xmlns=\"http:\/\/www.w3.org\/2000\/svg\" class=\"info_icon\" width=\"28\" height=\"28\" fill=\"#FFF\" viewBox=\"0 0 256 256\"><path d=\"M128,24A104,104,0,1,0,232,128,104.11,104.11,0,0,0,128,24Zm0,192a88,88,0,1,1,88-88A88.1,88.1,0,0,1,128,216Zm16-40a8,8,0,0,1-8,8,16,16,0,0,1-16-16V128a8,8,0,0,1,0-16,16,16,0,0,1,16,16v40A8,8,0,0,1,144,176ZM112,84a12,12,0,1,1,12,12A12,12,0,0,1,112,84Z\"><\/path><\/svg><svg xmlns=\"http:\/\/www.w3.org\/2000\/svg\" class=\"close_icon\" width=\"28\" height=\"28\" fill=\"#FFF\" viewBox=\"0 0 256 256\"><path d=\"M165.66,101.66,139.31,128l26.35,26.34a8,8,0,0,1-11.32,11.32L128,139.31l-26.34,26.35a8,8,0,0,1-11.32-11.32L116.69,128,90.34,101.66a8,8,0,0,1,11.32-11.32L128,116.69l26.34-26.35a8,8,0,0,1,11.32,11.32ZM232,128A104,104,0,1,1,128,24,104.11,104.11,0,0,1,232,128Zm-16,0a88,88,0,1,0-88,88A88.1,88.1,0,0,0,216,128Z\"><\/path><\/svg><\/span><\/div>\n\n\n<ul class=\"wp-block-list\">\n<li><strong>Zamek \u015awi\u0119tego Anio\u0142a<\/strong>: <a href=\"https:\/\/www.rome.info\/pl\/atrakcje\/zamek-swietego-aniola\/\">Ta imponuj\u0105ca forteca<\/a> le\u017cy kilka krok\u00f3w od Watykanu i pierwotnie powsta\u0142a jako mauzoleum cesarza Hadriana. Na \u015brodkowym poziomie \u201eokien&#8221; zamku mo\u017cna te\u017c wypi\u0107 drinka i odpocz\u0105\u0107 \u2014 jest tu mi\u0142a kawiarenka.<\/li>\n<\/ul>\n\n\n<div class=\"ms-credits\">\n<img decoding=\"async\" class=\"gb-media-3a579474\" alt=\"Tury\u015bci przed Panteonem w Rzymie podziwiaj\u0105 jego wspania\u0142e kolumny i historyczn\u0105 architektur\u0119 w s\u0142oneczny dzie\u0144.\" src=\"https:\/\/www.rome.info\/wp-content\/uploads\/pantheon-rome-tours-1742367391.jpg\" title=\"pantheon-rome-tours\"\/>\n<span class='ms-credits__info' id='media2315'>Pexels LicenseGriffin Wooldridge\/<a href=https:\/\/www.pexels.com\/photo\/photo-of-people-walking-in-front-of-pantheon-roman-temple-in-rome-italy-2676602\/ rel='nofollow' target='_blank'>Pexels<\/a><\/span><span class='ms-credits__btn' id='btn_media2315' onclick='ms_credits_trigger(\"#media2315\", this)'><svg xmlns=\"http:\/\/www.w3.org\/2000\/svg\" class=\"info_icon\" width=\"28\" height=\"28\" fill=\"#FFF\" viewBox=\"0 0 256 256\"><path d=\"M128,24A104,104,0,1,0,232,128,104.11,104.11,0,0,0,128,24Zm0,192a88,88,0,1,1,88-88A88.1,88.1,0,0,1,128,216Zm16-40a8,8,0,0,1-8,8,16,16,0,0,1-16-16V128a8,8,0,0,1,0-16,16,16,0,0,1,16,16v40A8,8,0,0,1,144,176ZM112,84a12,12,0,1,1,12,12A12,12,0,0,1,112,84Z\"><\/path><\/svg><svg xmlns=\"http:\/\/www.w3.org\/2000\/svg\" class=\"close_icon\" width=\"28\" height=\"28\" fill=\"#FFF\" viewBox=\"0 0 256 256\"><path d=\"M165.66,101.66,139.31,128l26.35,26.34a8,8,0,0,1-11.32,11.32L128,139.31l-26.34,26.35a8,8,0,0,1-11.32-11.32L116.69,128,90.34,101.66a8,8,0,0,1,11.32-11.32L128,116.69l26.34-26.35a8,8,0,0,1,11.32,11.32ZM232,128A104,104,0,1,1,128,24,104.11,104.11,0,0,1,232,128Zm-16,0a88,88,0,1,0-88,88A88.1,88.1,0,0,0,216,128Z\"><\/path><\/svg><\/span><\/div>\n\n\n<ul class=\"wp-block-list\">\n<li><strong>Panteon<\/strong>: <a href=\"https:\/\/www.rome.info\/pl\/atrakcje\/panteon\/\">Ta staro\u017cytna \u015bwi\u0105tynia<\/a> to jedna z najlepiej zachowanych budowli ze <a href=\"https:\/\/www.rome.info\/ancient\/\">staro\u017cytnego Rzymu<\/a>.<\/li>\n<\/ul>\n\n\n\n<h2 class=\"wp-block-heading\"><strong>Dlaczego warto wzi\u0105\u0107 Omnia Card i jak j\u0105 kupi\u0107<\/strong><\/h2>\n\n\n\n<p>Cho\u0107 jest wiele powod\u00f3w, dla kt\u00f3rych warto rozwa\u017cy\u0107 zakup Omnia Card, najbardziej oczywiste to wygoda i ekonomiczny spos\u00f3b zobaczenia najbardziej rozpoznawalnych atrakcji. Kupuj\u0105c kart\u0119, mo\u017cesz zaoszcz\u0119dzi\u0107 na biletach wst\u0119pu i kosztach transportu, nie rezygnuj\u0105c przy tym ze zwiedzania wszystkich atrakcji.<\/p>\n\n\n\n<p>Ka\u017cd\u0105 z Omnia Card mo\u017cna kupi\u0107 <a href=\"https:\/\/www.omniavaticanrome.org\/en\" rel=\"noopener\"> online<\/a> lub w <a href=\"https:\/\/www.omniavaticanrome.org\/en\/contacts\/new\" rel=\"noopener\"> r\u00f3\u017cnych punktach<\/a> po mie\u015bcie, w tym na <a href=\"https:\/\/www.rome.info\/pl\/lotnisko\/\">lotnisku<\/a>, dworcach kolejowych i w kioskach przy popularnych atrakcjach. Karta dost\u0119pna jest na r\u00f3\u017cne okresy \u2014 od 24 do 72 godzin \u2014 w zale\u017cno\u015bci od potrzeb i d\u0142ugo\u015bci pobytu.<\/p>\n\n\n\n<p>Po zakupie mo\u017cesz odebra\u0107 kart\u0119 w jednym z wielu <a href=\"https:\/\/www.omniavaticanrome.org\/en\/contacts\/new\" rel=\"noopener\"> punkt\u00f3w odbioru<\/a> lub \u0142atwo wydrukowa\u0107 kod QR przes\u0142any na e-mail.<\/p>\n\n\n\n<h2 class=\"wp-block-heading\"><strong>Por\u00f3wnanie z innymi kartami turystycznymi<\/strong><\/h2>\n\n\n\n<p>W Rzymie dost\u0119pnych jest kilka innych kart turystycznych i wycieczek pakietowych, w tym <a href=\"https:\/\/www.rome.info\/pl\/karty-turystyczne\/roma-pass\/\">Roma Pass<\/a> i <a href=\"https:\/\/www.rome.info\/pl\/karty-turystyczne\/vatican-city-pass\/\">Vatican Pass<\/a>. Cho\u0107 ka\u017cda karta oferuje inne korzy\u015bci i zalety, Omnia Card wyr\u00f3\u017cnia si\u0119 szerokim zakresem, wygodn\u0105 cen\u0105 i strategicznymi opcjami.<\/p>\n\n\n\n<ul class=\"wp-block-list\">\n<li><strong>Roma Pass<\/strong> zapewnia bezp\u0142atny wst\u0119p do dw\u00f3ch atrakcji, wej\u015bcie z pomini\u0119ciem kolejki do niekt\u00f3rych miejsc i zni\u017cki do dodatkowych atrakcji. Obejmuje te\u017c bezp\u0142atn\u0105 komunikacj\u0119 miejsk\u0105 przez pierwsze dwa dni. Karta nie zapewnia jednak bezp\u0142atnego wst\u0119pu do niekt\u00f3rych z najpopularniejszych atrakcji w Rzymie, takich jak Koloseum i Muzea Watyka\u0144skie. Powiedzia\u0142bym, \u017ce ta karta jest wygodna, je\u015bli nie planujesz zwiedza\u0107 wielu atrakcji \u2014 w przeciwnym razie trzeba dop\u0142aca\u0107.<\/li>\n\n\n\n<li><strong>Vatican Pass <\/strong>zapewnia wst\u0119p z pomini\u0119ciem kolejki do Muze\u00f3w Watyka\u0144skich i Kaplicy Syksty\u0144skiej oraz bezp\u0142atny wst\u0119p do innych atrakcji watyka\u0144skich. Nie obejmuje jednak \u017cadnych atrakcji w Rzymie poza Watykanem. Nie polecam go, je\u015bli przyjecha\u0142e\u015b do Rzymu po pe\u0142ne do\u015bwiadczenie \u2014 ta karta jest wygodna, je\u015bli chcesz zwiedzi\u0107 wy\u0142\u0105cznie Watykan.<\/li>\n<\/ul>\n\n\n\n<p>W por\u00f3wnaniu z tymi kartami Omnia Card oferuje najwi\u0119kszy wyb\u00f3r atrakcji, daj\u0105c wi\u0119ksz\u0105 elastyczno\u015b\u0107 i mo\u017cliwo\u015bci w ci\u0105gu dnia. Wej\u015bcie z pomini\u0119ciem kolejki do niekt\u00f3rych z najbardziej zat\u0142oczonych miejsc i nieograniczone korzystanie z autobus\u00f3w Hop-on Hop-off to te\u017c du\u017ce zalety. Moim zdaniem, przy wysokich temperaturach i zat\u0142oczonych ulicach, same autobusy s\u0105 ju\u017c \u015bwietn\u0105 okazj\u0105.<\/p>\n\n\n\n<h2 class=\"wp-block-heading\"><strong>Wskaz\u00f3wki<\/strong> jak korzysta\u0107 z karty turystycznej Rzym<\/h2>\n\n\n\n<p>Najbardziej docenian\u0105 cech\u0105 Omnia Card jest jej wygoda i oszcz\u0119dno\u015b\u0107. Powiedzia\u0142bym, \u017ce to must-have, szczeg\u00f3lnie je\u015bli jeste\u015b w mie\u015bcie tylko kilka dni. Daje elastyczno\u015b\u0107 i pozwala zobaczy\u0107 wszystkie g\u0142\u00f3wne atrakcje w kr\u00f3tkim czasie.<\/p>\n\n\n\n<ul class=\"wp-block-list\">\n<li>Przed rozpocz\u0119ciem <a href=\"https:\/\/www.rome.info\/pl\/rzeczy-do-zrobienia\/\">zwiedzania Rzymu<\/a> pobierz aplikacj\u0119 Vatican&amp;Rome i nie zapomnij wygodnych s\u0142uchawek. Aplikacja dost\u0119pna jest na urz\u0105dzenia Apple i Android, a w niej znajdziesz audioguide Vox City Guide.<\/li>\n\n\n\n<li>Sprawd\u017a cennik \u2014 dzieci i osoby do 17. roku \u017cycia korzystaj\u0105 ze zni\u017cki.<\/li>\n\n\n\n<li>Niekt\u00f3re miejsca pobieraj\u0105 op\u0142at\u0119 za rezerwacj\u0119, kt\u00f3rej karta nie pokrywa. Sprawd\u017a, kt\u00f3rych to dotyczy, i rezerwuj z wyprzedzeniem.<\/li>\n\n\n\n<li>Przy pierwszym wsiadaniu do autobusu dostaniesz kartk\u0119, kt\u00f3r\u0105 musisz okazywa\u0107 za ka\u017cdym razem \u2014 nie wyrzucaj jej, bo bez niej nie wsi\u0105dziesz do autobusu.<\/li>\n<\/ul>\n","protected":false},"excerpt":{"rendered":"<p>Szybki wst\u0119p do Watykanu, autobusy Hop-on Hop-off i wi\u0119cej \u2014 wybierz wariant 24h lub 72h z dodatkowymi korzy\u015bciami.<\/p>\n","protected":false},"author":9,"featured_media":478,"parent":273,"menu_order":0,"comment_status":"closed","ping_status":"closed","template":"","meta":{"_acf_changed":false,"footnotes":"","button_url":"https:\/\/www.tiqets.com\/pl\/rome-attractions-c71631\/tickets-for-omnia-card-vatican-open-bus-24-h-p974743\/?partner=romeinfo","ms_product_id":"","ms_product_name":"","ms_price":"","ms_currency":"","ms_rating_value":"","ms_review_count":"","rank_math_title":"Omnia Card: Kompleksowy karnet na atrakcje Rzymu i Watykanu","rank_math_description":"Zwiedzaj Muzea Watyka\u0144skie, Kaplic\u0119 Syksty\u0144sk\u0105 i top atrakcje Rzymu z Omnia Card. Wersja 24h lub 72h: wej\u015bcie bez kolejki, bezp\u0142atne muzea, wycieczki autobusowe."},"post-style":[],"producer":[36],"class_list":["post-294","page","type-page","status-publish","has-post-thumbnail"],"acf":[],"product_schema":{"ms_product_id":"","ms_product_name":"","ms_price":"","ms_currency":"","ms_rating_value":"","ms_review_count":""},"_links":{"self":[{"href":"https:\/\/www.rome.info\/pl\/wp-json\/wp\/v2\/pages\/294","targetHints":{"allow":["GET"]}}],"collection":[{"href":"https:\/\/www.rome.info\/pl\/wp-json\/wp\/v2\/pages"}],"about":[{"href":"https:\/\/www.rome.info\/pl\/wp-json\/wp\/v2\/types\/page"}],"author":[{"embeddable":true,"href":"https:\/\/www.rome.info\/pl\/wp-json\/wp\/v2\/users\/9"}],"replies":[{"embeddable":true,"href":"https:\/\/www.rome.info\/pl\/wp-json\/wp\/v2\/comments?post=294"}],"version-history":[{"count":2,"href":"https:\/\/www.rome.info\/pl\/wp-json\/wp\/v2\/pages\/294\/revisions"}],"predecessor-version":[{"id":550,"href":"https:\/\/www.rome.info\/pl\/wp-json\/wp\/v2\/pages\/294\/revisions\/550"}],"up":[{"embeddable":true,"href":"https:\/\/www.rome.info\/pl\/wp-json\/wp\/v2\/pages\/273"}],"wp:featuredmedia":[{"embeddable":true,"href":"https:\/\/www.rome.info\/pl\/wp-json\/wp\/v2\/media\/478"}],"wp:attachment":[{"href":"https:\/\/www.rome.info\/pl\/wp-json\/wp\/v2\/media?parent=294"}],"wp:term":[{"taxonomy":"post-style","embeddable":true,"href":"https:\/\/www.rome.info\/pl\/wp-json\/wp\/v2\/post-style?post=294"},{"taxonomy":"producer","embeddable":true,"href":"https:\/\/www.rome.info\/pl\/wp-json\/wp\/v2\/producer?post=294"}],"curies":[{"name":"wp","href":"https:\/\/api.w.org\/{rel}","templated":true}]}}