{"id":279,"date":"2026-04-27T19:05:33","date_gmt":"2026-04-27T17:05:33","guid":{"rendered":"https:\/\/www.rome.info\/pl\/?page_id=279"},"modified":"2026-04-27T20:02:25","modified_gmt":"2026-04-27T18:02:25","slug":"vatican-city-pass","status":"publish","type":"page","link":"https:\/\/www.rome.info\/pl\/karty-turystyczne\/vatican-city-pass\/","title":{"rendered":"Vatican City Pass"},"content":{"rendered":"\n<p class=\"is-style-lead\">Odkryj najmniejsze pa\u0144stwo \u015bwiata z tym por\u0119cznym karnetem turystycznym.<\/p>\n\n\n\n<p>Watykan to male\u0144kie mikropa\u0144stwo, ale pe\u0142ne czo\u0142owych atrakcji. Vatican City Pass to Tw\u00f3j bilet do odkrycia wszystkiego, co mo\u017cna zobaczy\u0107 i zrobi\u0107 w tym obiekcie Dziedzictwa UNESCO.<\/p>\n\n\n\n<div class=\"ms-cta-button ms-p ms-cta\">\n<a class=\"gb-text ms-btn ms-btn--primary ms-shadow\" href=\"https:\/\/www.tiqets.com\/pl\/rome-attractions-c71631\/the-vatican-city-pass-p1012497\/?partner=romeinfo\" rel=\"nofollow noopener\">Sprawd\u017a dost\u0119pno\u015b\u0107 -><\/a>\n<\/div>\n\n\n\n<h2 class=\"wp-block-heading\">Najwa\u017cniejsze zalety<\/h2>\n\n\n\n<ul class=\"ms-icon-list\">\n<li class=\"ms-icon-list__item\"><span class=\"gb-shape\"><svg viewBox=\"0 0 256 256\" fill=\"#000000\" height=\"32\" width=\"32\" xmlns=\"http:\/\/www.w3.org\/2000\/svg\"><path d=\"M232.49,80.49l-128,128a12,12,0,0,1-17,0l-56-56a12,12,0,1,1,17-17L96,183,215.51,63.51a12,12,0,0,1,17,17Z\"><\/path><\/svg><\/span><span class=\"gb-text\">Skorzystaj z wycieczki z przewodnikiem po ikonicznej Bazylice \u015bw. Piotra \u2014 najwi\u0119kszym ko\u015bciele na \u015bwiecie.<\/span><\/li>\n\n\n\n<li class=\"ms-icon-list__item\"><span class=\"gb-shape\"><svg viewBox=\"0 0 256 256\" fill=\"#000000\" height=\"32\" width=\"32\" xmlns=\"http:\/\/www.w3.org\/2000\/svg\"><path d=\"M232.49,80.49l-128,128a12,12,0,0,1-17,0l-56-56a12,12,0,1,1,17-17L96,183,215.51,63.51a12,12,0,0,1,17,17Z\"><\/path><\/svg><\/span><span class=\"gb-text\">Oszcz\u0119d\u017a czas na podziwianie sztuki \u015bwiatowej klasy w Muzeach Watyka\u0144skich dzi\u0119ki biletom z pomini\u0119ciem kolejki.<\/span><\/li>\n\n\n\n<li class=\"ms-icon-list__item\"><span class=\"gb-shape\"><svg viewBox=\"0 0 256 256\" fill=\"#000000\" height=\"32\" width=\"32\" xmlns=\"http:\/\/www.w3.org\/2000\/svg\"><path d=\"M232.49,80.49l-128,128a12,12,0,0,1-17,0l-56-56a12,12,0,1,1,17-17L96,183,215.51,63.51a12,12,0,0,1,17,17Z\"><\/path><\/svg><\/span><span class=\"gb-text\">Odkryj na nowo s\u0142ynne freski Micha\u0142a Anio\u0142a w Kaplicy Syksty\u0144skiej dzi\u0119ki kompleksowemu audioguide.<\/span><\/li>\n<\/ul>\n\n\n\n<h2 class=\"wp-block-heading\">Co jest wliczone<\/h2>\n\n\n\n<p><a href=\"https:\/\/www.tiqets.com\/pl\/rome-attractions-c71631\/the-vatican-city-pass-p1012497\/?partner=romeinfo\" rel=\"nofollow noopener\">Vatican City Pass<\/a> to niezb\u0119dne narz\u0119dzie przy kompleksowym zwiedzaniu Watykanu. Poni\u017cej lista tego, co mo\u017cesz z nim zrobi\u0107.<\/p>\n\n\n\n<h3 class=\"wp-block-heading\">Bazylika \u015bw. Piotra<\/h3>\n\n\n<div class=\"ms-credits\">\n<img decoding=\"async\" class=\"gb-media-8e735582\" alt=\"Bazylika \u015bw. Piotra z zewn\u0105trz.\" src=\"https:\/\/www.rome.info\/wp-content\/uploads\/f-st-peters-basilica-1.jpg\" title=\"St. Peter's Basilica\"\/>\n<span class='ms-credits__info' id='media901'><svg xmlns=\"http:\/\/www.w3.org\/2000\/svg\" width=\"20\" height=\"22\" fill=\"#000000\" viewBox=\"0 0 256 256\"><path d=\"M128,24A104,104,0,1,0,232,128,104.11,104.11,0,0,0,128,24Zm0,192a88,88,0,1,1,88-88A88.1,88.1,0,0,1,128,216ZM96,128a32,32,0,0,0,57.6,19.2,8,8,0,0,1,12.8,9.61,48,48,0,1,1,0-57.62,8,8,0,0,1-12.8,9.61A32,32,0,0,0,96,128Z\"><\/path><\/svg>MichalLudwiczak\/<a href=https:\/\/depositphotos.com\/59477977\/stock-photo-st-peters-basilica-in-the.html rel='nofollow' target='_blank'>Depositphotos<\/a><\/span><span class='ms-credits__btn' id='btn_media901' onclick='ms_credits_trigger(\"#media901\", this)'><svg xmlns=\"http:\/\/www.w3.org\/2000\/svg\" class=\"info_icon\" width=\"28\" height=\"28\" fill=\"#FFF\" viewBox=\"0 0 256 256\"><path d=\"M128,24A104,104,0,1,0,232,128,104.11,104.11,0,0,0,128,24Zm0,192a88,88,0,1,1,88-88A88.1,88.1,0,0,1,128,216Zm16-40a8,8,0,0,1-8,8,16,16,0,0,1-16-16V128a8,8,0,0,1,0-16,16,16,0,0,1,16,16v40A8,8,0,0,1,144,176ZM112,84a12,12,0,1,1,12,12A12,12,0,0,1,112,84Z\"><\/path><\/svg><svg xmlns=\"http:\/\/www.w3.org\/2000\/svg\" class=\"close_icon\" width=\"28\" height=\"28\" fill=\"#FFF\" viewBox=\"0 0 256 256\"><path d=\"M165.66,101.66,139.31,128l26.35,26.34a8,8,0,0,1-11.32,11.32L128,139.31l-26.34,26.35a8,8,0,0,1-11.32-11.32L116.69,128,90.34,101.66a8,8,0,0,1,11.32-11.32L128,116.69l26.34-26.35a8,8,0,0,1,11.32,11.32ZM232,128A104,104,0,1,1,128,24,104.11,104.11,0,0,1,232,128Zm-16,0a88,88,0,1,0-88,88A88.1,88.1,0,0,0,216,128Z\"><\/path><\/svg><\/span><\/div>\n\n\n<p><a href=\"https:\/\/www.rome.info\/pl\/atrakcje\/bazylika-sw-piotra\/\">Bazylika \u015bw. Piotra<\/a> to naj\u015bwi\u0119tszy budynek chrze\u015bcija\u0144stwa i jeden z najlepszych przyk\u0142ad\u00f3w architektury renesansowej. Najwi\u0119kszy ko\u015bci\u00f3\u0142 na \u015bwiecie jest zarazem jednym z najpi\u0119kniejszych.<\/p>\n\n\n\n<p>Skorzystaj z wycieczki z przewodnikiem po tej ogromnej bazylice z oficjalnym przewodnikiem watyka\u0144skim. Dost\u0119pna po angielsku lub po francusku \u2014 przewodnik oprowadzi Ci\u0119 przez histori\u0119 bazyliki i jej skarby artystyczne, takie jak <em>Baldachim<\/em> <a href=\"https:\/\/www.rome.info\/artists\/bernini\/\">Berniniego<\/a> i <a href=\"https:\/\/www.rome.info\/artists\/michelangelo\/pieta\/\">Pieta Micha\u0142a Anio\u0142a<\/a>.&nbsp;<\/p>\n\n\n\n<h3 class=\"wp-block-heading\">Muzea Watyka\u0144skie<\/h3>\n\n\n<div class=\"ms-credits\">\n<img decoding=\"async\" class=\"gb-media-a932b527\" alt=\"Kopu\u0142a i ogrody Muze\u00f3w Watyka\u0144skich w Rzymie\" src=\"https:\/\/www.rome.info\/wp-content\/uploads\/f-rome-vatican-museum-dome-building.jpg\" title=\"Vatican Musuems Dome Building\"\/>\n<span class='ms-credits__info' id='media849'>Pixabay Licensemochilazocultural\/<a href=https:\/\/pixabay.com\/photos\/rome-vatican-museum-dome-building-2527666\/ rel='nofollow' target='_blank'>Pixabay<\/a><\/span><span class='ms-credits__btn' id='btn_media849' onclick='ms_credits_trigger(\"#media849\", this)'><svg xmlns=\"http:\/\/www.w3.org\/2000\/svg\" class=\"info_icon\" width=\"28\" height=\"28\" fill=\"#FFF\" viewBox=\"0 0 256 256\"><path d=\"M128,24A104,104,0,1,0,232,128,104.11,104.11,0,0,0,128,24Zm0,192a88,88,0,1,1,88-88A88.1,88.1,0,0,1,128,216Zm16-40a8,8,0,0,1-8,8,16,16,0,0,1-16-16V128a8,8,0,0,1,0-16,16,16,0,0,1,16,16v40A8,8,0,0,1,144,176ZM112,84a12,12,0,1,1,12,12A12,12,0,0,1,112,84Z\"><\/path><\/svg><svg xmlns=\"http:\/\/www.w3.org\/2000\/svg\" class=\"close_icon\" width=\"28\" height=\"28\" fill=\"#FFF\" viewBox=\"0 0 256 256\"><path d=\"M165.66,101.66,139.31,128l26.35,26.34a8,8,0,0,1-11.32,11.32L128,139.31l-26.34,26.35a8,8,0,0,1-11.32-11.32L116.69,128,90.34,101.66a8,8,0,0,1,11.32-11.32L128,116.69l26.34-26.35a8,8,0,0,1,11.32,11.32ZM232,128A104,104,0,1,1,128,24,104.11,104.11,0,0,1,232,128Zm-16,0a88,88,0,1,0-88,88A88.1,88.1,0,0,0,216,128Z\"><\/path><\/svg><\/span><\/div>\n\n\n<p><a href=\"https:\/\/www.rome.info\/pl\/atrakcje\/muzea-watykanskie\/\">Muzea Watyka\u0144skie<\/a> gromadz\u0105 ok. 70 000 dzie\u0142 sztuki w 54 galeriach i nale\u017c\u0105 do najpopularniejszych muze\u00f3w <a href=\"https:\/\/www.rome.info\/artists\/\">sztuki<\/a> na \u015bwiecie, przyci\u0105gaj\u0105c miliony odwiedzaj\u0105cych rocznie. To mo\u017ce oznacza\u0107 bardzo d\u0142ugie kolejki ju\u017c przy wej\u015bciu do budynku.<\/p>\n\n\n\n<p>Na szcz\u0119\u015bcie <a href=\"https:\/\/www.tiqets.com\/pl\/rome-attractions-c71631\/the-vatican-city-pass-p1012497\/?partner=romeinfo\" rel=\"nofollow noopener\">Vatican City Pass<\/a> zapewnia bilety wst\u0119pu z pomini\u0119ciem kolejki do wszystkich otwartych galerii, kt\u00f3re mo\u017cesz zwiedza\u0107 we w\u0142asnym tempie. Odkryj arcydzie\u0142a od staro\u017cytnej Etrurii po renesansowy Rzym, dzie\u0142a takich artyst\u00f3w jak <a href=\"https:\/\/www.rome.info\/artists\/michelangelo\/\">Micha\u0142 Anio\u0142<\/a>, Rafa\u0142, <a href=\"https:\/\/www.rome.info\/artists\/caravaggio\/\">Caravaggio<\/a> i Pinturicchio.<\/p>\n\n\n\n<h3 class=\"wp-block-heading\">Kaplica Syksty\u0144ska<\/h3>\n\n\n\n<figure><div class=\"ms-credits\">\n<img decoding=\"async\" class=\"gb-media-5c79d7c1\" alt=\"Fresk \"S\u0105d Ostateczny\" Micha\u0142a Anio\u0142a na \u015bcianie o\u0142tarzowej Kaplicy Syksty\u0144skiej, otoczony freskami na bocznych \u015bcianach z \u017cycia Moj\u017cesza i Chrystusa.\" src=\"https:\/\/www.rome.info\/wp-content\/uploads\/sistine-chapel-last-judgment-1747026474.jpg\" title=\"sistine-chapel-last-judgment-1747026474\"\/>\n<span class='ms-credits__info' id='media2713'><svg xmlns=\"http:\/\/www.w3.org\/2000\/svg\" width=\"20\" height=\"22\" fill=\"#000000\" viewBox=\"0 0 256 256\"><path d=\"M128,24A104,104,0,1,0,232,128,104.11,104.11,0,0,0,128,24Zm0,192a88,88,0,1,1,88-88A88.1,88.1,0,0,1,128,216ZM96,128a32,32,0,0,0,57.6,19.2,8,8,0,0,1,12.8,9.61,48,48,0,1,1,0-57.62,8,8,0,0,1-12.8,9.61A32,32,0,0,0,96,128Z\"><\/path><\/svg>ilfede\/<a href=https:\/\/depositphotos.com\/editorial\/michelangelo-fresco-in-the-the-sistine-chapel-vatican-12080565.html rel='nofollow' target='_blank'>Depositphotos<\/a><\/span><span class='ms-credits__btn' id='btn_media2713' onclick='ms_credits_trigger(\"#media2713\", this)'><svg xmlns=\"http:\/\/www.w3.org\/2000\/svg\" class=\"info_icon\" width=\"28\" height=\"28\" fill=\"#FFF\" viewBox=\"0 0 256 256\"><path d=\"M128,24A104,104,0,1,0,232,128,104.11,104.11,0,0,0,128,24Zm0,192a88,88,0,1,1,88-88A88.1,88.1,0,0,1,128,216Zm16-40a8,8,0,0,1-8,8,16,16,0,0,1-16-16V128a8,8,0,0,1,0-16,16,16,0,0,1,16,16v40A8,8,0,0,1,144,176ZM112,84a12,12,0,1,1,12,12A12,12,0,0,1,112,84Z\"><\/path><\/svg><svg xmlns=\"http:\/\/www.w3.org\/2000\/svg\" class=\"close_icon\" width=\"28\" height=\"28\" fill=\"#FFF\" viewBox=\"0 0 256 256\"><path d=\"M165.66,101.66,139.31,128l26.35,26.34a8,8,0,0,1-11.32,11.32L128,139.31l-26.34,26.35a8,8,0,0,1-11.32-11.32L116.69,128,90.34,101.66a8,8,0,0,1,11.32-11.32L128,116.69l26.34-26.35a8,8,0,0,1,11.32,11.32ZM232,128A104,104,0,1,1,128,24,104.11,104.11,0,0,1,232,128Zm-16,0a88,88,0,1,0-88,88A88.1,88.1,0,0,0,216,128Z\"><\/path><\/svg><\/span><\/div>\n\n\n<figcaption class=\"gb-text\">S\u0142ynny fresk &#8222;S\u0105d Ostateczny&#8221; Micha\u0142a Anio\u0142a.<\/figcaption>\n<\/figure>\n\n\n\n<p>W ramach szybkiego biletu z pomini\u0119ciem kolejki do Muze\u00f3w Watyka\u0144skich masz te\u017c wst\u0119p do s\u0142ynnej <a href=\"https:\/\/www.rome.info\/pl\/atrakcje\/kaplica-systynska\/\">Kaplicy Syksty\u0144skiej<\/a> \u2014 kulminacji ka\u017cdej wizyty.<\/p>\n\n\n\n<p>Sp\u00f3jrz w g\u00f3r\u0119 na najbardziej ikoniczne r\u0119ce na \u015bwiecie z <a href=\"https:\/\/www.rome.info\/artists\/michelangelo\/creation-of-adam\/\">Stworzenia Adama<\/a> Micha\u0142a Anio\u0142a i zagub si\u0119 w detalach jego s\u0142ynnego fresku <a href=\"https:\/\/www.rome.info\/artists\/michelangelo\/last-judgement\/\">S\u0105d Ostateczny<\/a> namalowanego nad o\u0142tarzem. Nie zapomnij podziwia\u0107 pozosta\u0142ych \u015bcian kaplicy malowanych przez Botticellego, Perugina i innych.<\/p>\n\n\n\n<h3 class=\"wp-block-heading\">Audioguide po Rzymie<\/h3>\n\n\n\n<p>Zaimponuj znajomym i rodzinie wiedz\u0105 o Rzymie, korzystaj\u0105c z aplikacji City Audio Guide firmy POPGuide do\u0142\u0105czonej do <a href=\"https:\/\/www.rome.info\/pl\/karty-turystyczne\/\">Twojego karnetu turystycznego<\/a>.<\/p>\n\n\n\n<p>To kompleksowy przewodnik z wysokiej jako\u015bci zdj\u0119ciami, interaktywnymi mapami i komentarzami lokalnych ekspert\u00f3w o ponad 130 punktach zainteresowania w Rzymie. Od czo\u0142owych zabytk\u00f3w, takich jak Koloseum, po ukryte pere\u0142ki, jak Dom Goethego \u2014 ka\u017cdy znajdzie co\u015b dla siebie.<\/p>\n\n\n\n<h2 class=\"wp-block-heading\">Jak to dzia\u0142a<\/h2>\n\n\n\n<p>\u017beby skorzysta\u0107 ze wszystkiego, co oferuje <a href=\"https:\/\/www.tiqets.com\/pl\/rome-attractions-c71631\/the-vatican-city-pass-p1012497\/?partner=romeinfo\" rel=\"nofollow noopener\">Vatican City Pass<\/a>, po prostu zam\u00f3w bilety online, wybieraj\u0105c liczb\u0119 uczestnik\u00f3w i j\u0119zyk wycieczki. Nast\u0119pnie wybierasz dat\u0119 rozpocz\u0119cia karnetu (wa\u017cny przez trzy pe\u0142ne dni), uzupe\u0142niasz dane osobowe i p\u0142acisz bezpiecznie online.<\/p>\n\n\n\n<p>Otrzymasz natychmiastowe potwierdzenie i bilety na e-mail. Dostaniesz te\u017c osobisty kod rabatowy daj\u0105cy 10% zni\u017cki na nast\u0119pn\u0105 rezerwacj\u0119 do pobliskiej atrakcji.<\/p>\n\n\n\n<p>Po zako\u0144czeniu rezerwacji mo\u017cesz um\u00f3wi\u0107 daty lub godziny dla ka\u017cdej z aktywno\u015bci. I gotowe! Wystarczy przyby\u0107 o wyznaczonej godzinie, pokaza\u0107 bilet wydrukowany lub na smartfonie i cieszy\u0107 si\u0119 tymi niesamowitymi atrakcjami.<\/p>\n","protected":false},"excerpt":{"rendered":"<p>Wej\u015bcie z pomini\u0119ciem kolejki i wycieczki z przewodnikiem po czo\u0142owych atrakcjach Watykanu, plus audioguide po mie\u015bcie.<\/p>\n","protected":false},"author":9,"featured_media":461,"parent":273,"menu_order":0,"comment_status":"closed","ping_status":"closed","template":"","meta":{"_acf_changed":false,"footnotes":"","button_url":"https:\/\/www.tiqets.com\/pl\/rome-attractions-c71631\/the-vatican-city-pass-p1012497\/?partner=romeinfo","ms_product_id":"","ms_product_name":"","ms_price":"","ms_currency":"","ms_rating_value":"","ms_review_count":"","rank_math_title":"Vatican City Pass: Wej\u015bcie bez kolejki i wycieczki z przewodnikiem","rank_math_description":"Vatican City Pass obejmuje wst\u0119p bez kolejki do Muze\u00f3w Watyka\u0144skich i Kaplicy Syksty\u0144skiej, opcjonalne wycieczki do Bazyliki \u015awi\u0119tego Piotra i Zamku \u015awi\u0119tego Anio\u0142a."},"post-style":[],"producer":[37],"class_list":["post-279","page","type-page","status-publish","has-post-thumbnail"],"acf":[],"product_schema":{"ms_product_id":"","ms_product_name":"","ms_price":"","ms_currency":"","ms_rating_value":"","ms_review_count":""},"_links":{"self":[{"href":"https:\/\/www.rome.info\/pl\/wp-json\/wp\/v2\/pages\/279","targetHints":{"allow":["GET"]}}],"collection":[{"href":"https:\/\/www.rome.info\/pl\/wp-json\/wp\/v2\/pages"}],"about":[{"href":"https:\/\/www.rome.info\/pl\/wp-json\/wp\/v2\/types\/page"}],"author":[{"embeddable":true,"href":"https:\/\/www.rome.info\/pl\/wp-json\/wp\/v2\/users\/9"}],"replies":[{"embeddable":true,"href":"https:\/\/www.rome.info\/pl\/wp-json\/wp\/v2\/comments?post=279"}],"version-history":[{"count":2,"href":"https:\/\/www.rome.info\/pl\/wp-json\/wp\/v2\/pages\/279\/revisions"}],"predecessor-version":[{"id":555,"href":"https:\/\/www.rome.info\/pl\/wp-json\/wp\/v2\/pages\/279\/revisions\/555"}],"up":[{"embeddable":true,"href":"https:\/\/www.rome.info\/pl\/wp-json\/wp\/v2\/pages\/273"}],"wp:featuredmedia":[{"embeddable":true,"href":"https:\/\/www.rome.info\/pl\/wp-json\/wp\/v2\/media\/461"}],"wp:attachment":[{"href":"https:\/\/www.rome.info\/pl\/wp-json\/wp\/v2\/media?parent=279"}],"wp:term":[{"taxonomy":"post-style","embeddable":true,"href":"https:\/\/www.rome.info\/pl\/wp-json\/wp\/v2\/post-style?post=279"},{"taxonomy":"producer","embeddable":true,"href":"https:\/\/www.rome.info\/pl\/wp-json\/wp\/v2\/producer?post=279"}],"curies":[{"name":"wp","href":"https:\/\/api.w.org\/{rel}","templated":true}]}}