{"id":275,"date":"2026-04-27T19:05:26","date_gmt":"2026-04-27T17:05:26","guid":{"rendered":"https:\/\/www.rome.info\/pl\/?page_id=275"},"modified":"2026-04-27T19:05:26","modified_gmt":"2026-04-27T17:05:26","slug":"lotnisko","status":"publish","type":"page","link":"https:\/\/www.rome.info\/pl\/lotnisko\/","title":{"rendered":"Lotniska w Rzymie"},"content":{"rendered":"\n<p class=\"is-style-lead\">Rzym obs\u0142uguj\u0105 dwa lotniska: Mi\u0119dzynarodowy Port Lotniczy im. Leonarda da Vinci (FCO), znany jako Fiumicino, oraz Port Lotniczy Giovan Battista Pastine, zwany Ciampino (CIA). \u0141\u0105cznie odprawiaj\u0105 ponad 40 milion\u00f3w pasa\u017cer\u00f3w rocznie.<\/p>\n\n\n\n<p>Poni\u017cej znajdziesz przegl\u0105d obu lotnisk, kt\u00f3ry pomo\u017ce Ci zrozumie\u0107 r\u00f3\u017cnice mi\u0119dzy nimi i wybra\u0107 w\u0142a\u015bciwy port lotniczy na <a href=\"https:\/\/www.rome.info\/plan\/\">sw\u00f3j pobyt w Rzymie<\/a>. Szczeg\u00f3\u0142owe informacje znajdziesz na dedykowanych stronach <a href=\"https:\/\/www.rome.info\/pl\/lotnisko\/fiumicino\/\">lotniska Fiumicino<\/a> i <a href=\"https:\/\/www.rome.info\/pl\/lotnisko\/ciampino\/\">lotniska Ciampino<\/a>.<\/p>\n\n\n\n<h2 class=\"wp-block-heading\">Lotnisko Fiumicino (FCO)<\/h2>\n\n\n<figure>\n                    <div class=\"ms-credits\"><img decoding=\"async\" class=\"gb-image gb-image-7a441ad1\" src=\"https:\/\/www.rome.info\/wp-content\/uploads\/f-fiumicino-airport-sign.jpg\"><span class='ms-credits__info' id='media949'><svg xmlns=\"http:\/\/www.w3.org\/2000\/svg\" width=\"20\" height=\"22\" fill=\"#000000\" viewBox=\"0 0 256 256\"><path d=\"M128,24A104,104,0,1,0,232,128,104.11,104.11,0,0,0,128,24Zm0,192a88,88,0,1,1,88-88A88.1,88.1,0,0,1,128,216ZM96,128a32,32,0,0,0,57.6,19.2,8,8,0,0,1,12.8,9.61,48,48,0,1,1,0-57.62,8,8,0,0,1-12.8,9.61A32,32,0,0,0,96,128Z\"><\/path><\/svg><a href=https:\/\/depositphotos.com\/472745350\/stock-photo-commercial-plane-landing-reflecting-in.html rel='nofollow' target='_blank'>Depositphotos<\/a><\/span><span class='ms-credits__btn' id='btn_media949' onclick='ms_credits_trigger(\"#media949\", this)'><svg xmlns=\"http:\/\/www.w3.org\/2000\/svg\" class=\"info_icon\" width=\"28\" height=\"28\" fill=\"#FFF\" viewBox=\"0 0 256 256\"><path d=\"M128,24A104,104,0,1,0,232,128,104.11,104.11,0,0,0,128,24Zm0,192a88,88,0,1,1,88-88A88.1,88.1,0,0,1,128,216Zm16-40a8,8,0,0,1-8,8,16,16,0,0,1-16-16V128a8,8,0,0,1,0-16,16,16,0,0,1,16,16v40A8,8,0,0,1,144,176ZM112,84a12,12,0,1,1,12,12A12,12,0,0,1,112,84Z\"><\/path><\/svg><svg xmlns=\"http:\/\/www.w3.org\/2000\/svg\" class=\"close_icon\" width=\"28\" height=\"28\" fill=\"#FFF\" viewBox=\"0 0 256 256\"><path d=\"M165.66,101.66,139.31,128l26.35,26.34a8,8,0,0,1-11.32,11.32L128,139.31l-26.34,26.35a8,8,0,0,1-11.32-11.32L116.69,128,90.34,101.66a8,8,0,0,1,11.32-11.32L128,116.69l26.34-26.35a8,8,0,0,1,11.32,11.32ZM232,128A104,104,0,1,1,128,24,104.11,104.11,0,0,1,232,128Zm-16,0a88,88,0,1,0-88,88A88.1,88.1,0,0,0,216,128Z\"><\/path><\/svg><\/span><\/div><\/figure>\n\n\n<p>Mi\u0119dzynarodowy Port Lotniczy im. Leonarda da Vinci, znany jako Fiumicino, to g\u0142\u00f3wne lotnisko Rzymu. Ma wszystkie us\u0142ugi i udogodnienia, jakich mo\u017cna oczekiwa\u0107 od du\u017cego mi\u0119dzynarodowego lotniska \u2014 odpraw\u0119 i podr\u00f3\u017c czyni sprawn\u0105 i komfortow\u0105.<\/p>\n\n\n\n<p>Lotnisko jest otwarte ca\u0142\u0105 dob\u0119, ale polecamy przylatywa\u0107 w ci\u0105gu dnia \u2014 w nocy dost\u0119pno\u015b\u0107 us\u0142ug i <a href=\"https:\/\/www.rome.info\/pl\/transport\/\">opcji transportu<\/a> jest bardziej ograniczona.<\/p>\n\n\n\n<p>Lotnisko sk\u0142ada si\u0119 z czterech terminali, z kt\u00f3rych aktualnie dzia\u0142aj\u0105 dwa: Terminal 1 i Terminal 3. Obs\u0142uguj\u0105 zar\u00f3wno loty krajowe, jak i mi\u0119dzynarodowe.<\/p>\n\n\n\n<p>W obu terminalach znajdziesz bankomaty i kantory wymiany walut, a po ca\u0142ym lotnisku rozmieszczone s\u0105 punkty informacyjne.<\/p>\n\n\n\n<p>Apteka zlokalizowana jest w Terminalu 3, a ca\u0142odobowa pomoc medyczna dost\u0119pna jest dla wszystkich pasa\u017cer\u00f3w. Przechowalnia baga\u017cu mie\u015bci si\u0119 w strefie przylatuj\u0105cych Terminalu 3. Na ca\u0142ym lotnisku dost\u0119pne jest bezp\u0142atne i nieograniczone Wi-Fi.<\/p>\n\n\n\n<p>Za stref\u0105 bezpiecze\u0144stwa znajdziesz szeroki wyb\u00f3r sklep\u00f3w \u2014 w\u0142oskie marki modowe, sklepy z wyrobami smakoszowskimi, artyku\u0142y z prawdziwej sk\u00f3ry i wszystko, czego mog\u0142e\u015b przeoczy\u0107 skupiony na sztuce i kulturze Rzymu.<\/p>\n\n\n\n<p>Jest te\u017c sporo miejsc do jedzenia, w tym Eataly z kuchni\u0105 premium, ale dost\u0119pne s\u0105 te\u017c ca\u0142odobowe opcje fast food.<\/p>\n\n\n\n<p>W przypadku d\u0142u\u017cszego postoju do wyboru jest kilka pobliskich hoteli: Hotel HelloSky w samym terminalu, bardziej luksusowy Hilton Hotel dost\u0119pny pieszo lub Hotel Hilton Garden Inn z transferem wahad\u0142owym. Na lotnisku dzia\u0142aj\u0105 te\u017c r\u00f3\u017cne komfortowe salony lounge \u2014 do wielu z nich mo\u017cna wej\u015b\u0107 po uiszczeniu op\u0142aty w dniu przyjazdu.<\/p>\n\n\n\n<h2 class=\"wp-block-heading\">Lotnisko Ciampino (CIA)<\/h2>\n\n\n<figure>\n                    <div class=\"ms-credits\"><img decoding=\"async\" class=\"gb-image gb-image-5613de67\" src=\"https:\/\/www.rome.info\/wp-content\/uploads\/f-ciampino-airport.jpg\"><span class='ms-credits__info' id='media951'><svg xmlns=\"http:\/\/www.w3.org\/2000\/svg\" width=\"20\" height=\"22\" fill=\"#000000\" viewBox=\"0 0 256 256\"><path d=\"M128,24A104,104,0,1,0,232,128,104.11,104.11,0,0,0,128,24Zm0,192a88,88,0,1,1,88-88A88.1,88.1,0,0,1,128,216ZM96,128a32,32,0,0,0,57.6,19.2,8,8,0,0,1,12.8,9.61,48,48,0,1,1,0-57.62,8,8,0,0,1-12.8,9.61A32,32,0,0,0,96,128Z\"><\/path><\/svg><a href=https:\/\/depositphotos.com\/359151104\/stock-photo-rome-italy-september-2017-ciampino.html rel='nofollow' target='_blank'>Depositphotos<\/a><\/span><span class='ms-credits__btn' id='btn_media951' onclick='ms_credits_trigger(\"#media951\", this)'><svg xmlns=\"http:\/\/www.w3.org\/2000\/svg\" class=\"info_icon\" width=\"28\" height=\"28\" fill=\"#FFF\" viewBox=\"0 0 256 256\"><path d=\"M128,24A104,104,0,1,0,232,128,104.11,104.11,0,0,0,128,24Zm0,192a88,88,0,1,1,88-88A88.1,88.1,0,0,1,128,216Zm16-40a8,8,0,0,1-8,8,16,16,0,0,1-16-16V128a8,8,0,0,1,0-16,16,16,0,0,1,16,16v40A8,8,0,0,1,144,176ZM112,84a12,12,0,1,1,12,12A12,12,0,0,1,112,84Z\"><\/path><\/svg><svg xmlns=\"http:\/\/www.w3.org\/2000\/svg\" class=\"close_icon\" width=\"28\" height=\"28\" fill=\"#FFF\" viewBox=\"0 0 256 256\"><path d=\"M165.66,101.66,139.31,128l26.35,26.34a8,8,0,0,1-11.32,11.32L128,139.31l-26.34,26.35a8,8,0,0,1-11.32-11.32L116.69,128,90.34,101.66a8,8,0,0,1,11.32-11.32L128,116.69l26.34-26.35a8,8,0,0,1,11.32,11.32ZM232,128A104,104,0,1,1,128,24,104.11,104.11,0,0,1,232,128Zm-16,0a88,88,0,1,0-88,88A88.1,88.1,0,0,0,216,128Z\"><\/path><\/svg><\/span><\/div><\/figure>\n\n\n<p>Ciampino to drugie lotnisko Rzymu, zdecydowanie mniejsze ni\u017c Fiumicino \u2014 z bardziej ograniczon\u0105 ofert\u0105 us\u0142ug i udogodnie\u0144. To, czego brakuje mu pod wzgl\u0119dem komfortu i wyboru, nadrabia prostot\u0105 i blisko\u015bci\u0105 centrum miasta.<\/p>\n\n\n\n<p>Ciampino jest skromniejsze, ale ma wszystkie podstawowe us\u0142ugi: bankomaty, kantory, punkty informacji turystycznej i ca\u0142odobow\u0105 pomoc medyczn\u0105. Oferuje te\u017c takie samo bezp\u0142atne Wi-Fi jak Fiumicino.<\/p>\n\n\n\n<p>Opcje zakup\u00f3w s\u0105 ograniczone, ale jest sklep wolnoc\u0142owy, dwa sklepy WH Smith i apteka bez recepty. Na gourmet nie licz \u2014 to g\u0142\u00f3wnie kanapki, kawiarnie i fast food, ale na pewno nie odlecisz g\u0142odny.<\/p>\n\n\n\n<p>Ciampino ma tylko jeden terminal i jest zamkni\u0119ty codziennie od 00:00 do 4:30, wi\u0119c nocleg na lotnisku nie jest mo\u017cliwy. W pobli\u017cu jest kilka hoteli, cho\u0107 nie wszystkie oferuj\u0105 transfery lotniskowe \u2014 trzeba je zarezerwowa\u0107 wcze\u015bniej i zap\u0142aci\u0107 z g\u00f3ry.<\/p>\n\n\n\n<h2 class=\"wp-block-heading\">Na kt\u00f3re lotnisko lecie\u0107?<\/h2>\n\n\n<figure>\n                    <div class=\"ms-credits\"><img decoding=\"async\" class=\"gb-image gb-image-fdfdffe8\" src=\"https:\/\/www.rome.info\/wp-content\/uploads\/f-arrivals-departures.jpg\"><span class='ms-credits__info' id='media952'><svg xmlns=\"http:\/\/www.w3.org\/2000\/svg\" width=\"20\" height=\"22\" fill=\"#000000\" viewBox=\"0 0 256 256\"><path d=\"M128,24A104,104,0,1,0,232,128,104.11,104.11,0,0,0,128,24Zm0,192a88,88,0,1,1,88-88A88.1,88.1,0,0,1,128,216ZM96,128a32,32,0,0,0,57.6,19.2,8,8,0,0,1,12.8,9.61,48,48,0,1,1,0-57.62,8,8,0,0,1-12.8,9.61A32,32,0,0,0,96,128Z\"><\/path><\/svg><a href=https:\/\/depositphotos.com\/13126672\/stock-photo-airport.html rel='nofollow' target='_blank'>Depositphotos<\/a><\/span><span class='ms-credits__btn' id='btn_media952' onclick='ms_credits_trigger(\"#media952\", this)'><svg xmlns=\"http:\/\/www.w3.org\/2000\/svg\" class=\"info_icon\" width=\"28\" height=\"28\" fill=\"#FFF\" viewBox=\"0 0 256 256\"><path d=\"M128,24A104,104,0,1,0,232,128,104.11,104.11,0,0,0,128,24Zm0,192a88,88,0,1,1,88-88A88.1,88.1,0,0,1,128,216Zm16-40a8,8,0,0,1-8,8,16,16,0,0,1-16-16V128a8,8,0,0,1,0-16,16,16,0,0,1,16,16v40A8,8,0,0,1,144,176ZM112,84a12,12,0,1,1,12,12A12,12,0,0,1,112,84Z\"><\/path><\/svg><svg xmlns=\"http:\/\/www.w3.org\/2000\/svg\" class=\"close_icon\" width=\"28\" height=\"28\" fill=\"#FFF\" viewBox=\"0 0 256 256\"><path d=\"M165.66,101.66,139.31,128l26.35,26.34a8,8,0,0,1-11.32,11.32L128,139.31l-26.34,26.35a8,8,0,0,1-11.32-11.32L116.69,128,90.34,101.66a8,8,0,0,1,11.32-11.32L128,116.69l26.34-26.35a8,8,0,0,1,11.32,11.32ZM232,128A104,104,0,1,1,128,24,104.11,104.11,0,0,1,232,128Zm-16,0a88,88,0,1,0-88,88A88.1,88.1,0,0,0,216,128Z\"><\/path><\/svg><\/span><\/div><\/figure>\n\n\n<p>Z Ciampino operuj\u0105 tylko dwie tanie linie lotnicze \u2014 Wizz Air i Ryanair \u2014 ale lataj\u0105 do ponad 50 kraj\u00f3w. Je\u015bli lecisz tanim lotem z Europy, prawdopodobnie wyl\u0105duje w\u0142a\u015bnie tam.<\/p>\n\n\n\n<p>Fiumicino obs\u0142uguje wszystkie kierunki mi\u0119dzynarodowe i nienale\u017c\u0105ce do strefy Schengen, a tak\u017ce krajowe i schenge\u0144skie. Cz\u0119\u015b\u0107 tanich linii lata te\u017c z Fiumicino, wi\u0119c je\u015bli nie chcesz l\u0105dowa\u0107 w Ciampino, masz wyb\u00f3r.<\/p>\n\n\n\n<h2 class=\"wp-block-heading\">Transport<\/h2>\n\n\n\n<p>Fiumicino le\u017cy oko\u0142o 30 km od Rzymu, Ciampino \u2014 o po\u0142ow\u0119 bli\u017cej. Oba lotniska maj\u0105 po\u0142\u0105czenia z centrum miasta. Fiumicino jest dalej, ale oferuje wi\u0119cej opcji transportu do centrum; za to taks\u00f3wka z Ciampino jest znacznie ta\u0144sza.<\/p>\n\n\n\n<p>Wi\u0119cej informacji na ten temat znajdziesz na naszej stronie <a href=\"https:\/\/www.rome.info\/pl\/lotnisko\/transfer\/\">transfer\u00f3w lotniskowych<\/a>.<\/p>\n","protected":false},"excerpt":{"rendered":"","protected":false},"author":9,"featured_media":457,"parent":0,"menu_order":0,"comment_status":"closed","ping_status":"closed","template":"","meta":{"_acf_changed":false,"footnotes":"","button_url":"https:\/\/www.tiqets.com\/pl\/rome-attractions-c71631\/?partner=romeinfo","ms_product_id":"","ms_product_name":"","ms_price":"","ms_currency":"","ms_rating_value":"","ms_review_count":"","rank_math_title":"Lotniska w Rzymie: Fiumicino (FCO) kontra Ciampino (CIA)","rank_math_description":"Kt\u00f3re lotnisko w Rzymie pasuje do Twoich plan\u00f3w? Kluczowe r\u00f3\u017cnice w lokalizacji, us\u0142ugach i transferach. Szybkie wskaz\u00f3wki u\u0142atwiaj\u0105ce wyb\u00f3r."},"post-style":[],"producer":[37],"class_list":["post-275","page","type-page","status-publish","has-post-thumbnail"],"acf":[],"product_schema":{"ms_product_id":"","ms_product_name":"","ms_price":"","ms_currency":"","ms_rating_value":"","ms_review_count":""},"_links":{"self":[{"href":"https:\/\/www.rome.info\/pl\/wp-json\/wp\/v2\/pages\/275","targetHints":{"allow":["GET"]}}],"collection":[{"href":"https:\/\/www.rome.info\/pl\/wp-json\/wp\/v2\/pages"}],"about":[{"href":"https:\/\/www.rome.info\/pl\/wp-json\/wp\/v2\/types\/page"}],"author":[{"embeddable":true,"href":"https:\/\/www.rome.info\/pl\/wp-json\/wp\/v2\/users\/9"}],"replies":[{"embeddable":true,"href":"https:\/\/www.rome.info\/pl\/wp-json\/wp\/v2\/comments?post=275"}],"version-history":[{"count":1,"href":"https:\/\/www.rome.info\/pl\/wp-json\/wp\/v2\/pages\/275\/revisions"}],"predecessor-version":[{"id":342,"href":"https:\/\/www.rome.info\/pl\/wp-json\/wp\/v2\/pages\/275\/revisions\/342"}],"wp:featuredmedia":[{"embeddable":true,"href":"https:\/\/www.rome.info\/pl\/wp-json\/wp\/v2\/media\/457"}],"wp:attachment":[{"href":"https:\/\/www.rome.info\/pl\/wp-json\/wp\/v2\/media?parent=275"}],"wp:term":[{"taxonomy":"post-style","embeddable":true,"href":"https:\/\/www.rome.info\/pl\/wp-json\/wp\/v2\/post-style?post=275"},{"taxonomy":"producer","embeddable":true,"href":"https:\/\/www.rome.info\/pl\/wp-json\/wp\/v2\/producer?post=275"}],"curies":[{"name":"wp","href":"https:\/\/api.w.org\/{rel}","templated":true}]}}