{"id":273,"date":"2026-04-27T19:05:23","date_gmt":"2026-04-27T17:05:23","guid":{"rendered":"https:\/\/www.rome.info\/pl\/?page_id=273"},"modified":"2026-04-27T20:02:29","modified_gmt":"2026-04-27T18:02:29","slug":"karty-turystyczne","status":"publish","type":"page","link":"https:\/\/www.rome.info\/pl\/karty-turystyczne\/","title":{"rendered":"Karnety i karty turystyczne Rzym"},"content":{"rendered":"\n<p class=\"is-style-lead\">Rzym odwiedzaj\u0105 co roku miliony turyst\u00f3w. Nic dziwnego, \u017ce <a href=\"https:\/\/www.rome.info\/pl\/atrakcje\/\">atrakcje turystyczne<\/a> s\u0105 cz\u0119sto zat\u0142oczone i maj\u0105 bardzo d\u0142ugie kolejki, szczeg\u00f3lnie w sezonie.<\/p>\n\n\n\n<div class=\"ms-rounded ms-mb-last-child-0 ms-mb-block ms-tfs--contrast ms-p ms-tfs\">\n<h3 class=\"gb-text\">Nie wiesz, kt\u00f3ry karnet wybra\u0107?<\/h3>\n\n\n\n<p class=\"gb-text\">Por\u00f3wnaj wszystkie 6 karnet\u00f3w miejskich Rzymu: jakie atrakcje obejmuj\u0105 i kt\u00f3ry pozwoli Ci zaoszcz\u0119dzi\u0107 najwi\u0119cej.<\/p>\n\n\n\n<p class=\"gb-text\"><a href=\"https:\/\/www.rome.info\/pl\/karty-turystyczne\/porownanie\/\" data-type=\"link\" data-id=\"https:\/\/www.rome.info\/pl\/karty-turystyczne\/porownanie\/\">Zobacz pe\u0142ny przewodnik por\u00f3wnawczy \u2192<\/a><\/p>\n<\/div>\n\n\n\n<h2 class=\"gb-text ms-text-context ms-text-lg\">Karnety miejskie<\/h2>\n\n\n\n<hr class=\"wp-block-separator has-alpha-channel-opacity\"\/>\n\n\n\n<div class=\"ms-mb-block\"><div class=\"ms-card-looper\">\n<div class=\"gb-loop-item post-277 page type-page status-publish has-post-thumbnail\">\n<div class=\"ms-card-h ms-card\">\n<aside class=\"gb-element-59385eea\">\n<img decoding=\"async\" alt=\"\" data-media-id=\"459\" class=\"ms-rounded ms-card-h__image ms-card__image\" src=\"https:\/\/www.rome.info\/wp-content\/uploads\/rome-tourist-card-1754904695-768x432.jpg\"\/>\n<\/aside>\n\n\n\n<header class=\"ms-p-sm\">\n<h2 class=\"gb-text ms-text-lg ms-card-h__title ms-container-link ms-link-unstyled\"><a href=\"https:\/\/www.rome.info\/pl\/karty-turystyczne\/rome-tourist-card\/\">Rome Tourist Card<\/a><\/h2>\n\n\n\n<p class=\"gb-text ms-text-sm ms-mb-0 ms-card-h__excerpt\">Omi\u0144 kolejki w Koloseum, Muzeach Watyka\u0144skich, Panteonie, Bazylice \u015bw. Piotra i nie tylko \u2014 plus audioguide po mie\u015bcie.<\/p>\n<\/header>\n<\/div>\n<\/div>\n\n<div class=\"gb-loop-item post-278 page type-page status-publish has-post-thumbnail\">\n<div class=\"ms-card-h ms-card\">\n<aside class=\"gb-element-59385eea\">\n<img decoding=\"async\" alt=\"\" data-media-id=\"460\" class=\"ms-rounded ms-card-h__image ms-card__image\" src=\"https:\/\/www.rome.info\/wp-content\/uploads\/roma-pass-1754904693-768x432.jpg\"\/>\n<\/aside>\n\n\n\n<header class=\"ms-p-sm\">\n<h2 class=\"gb-text ms-text-lg ms-card-h__title ms-container-link ms-link-unstyled\"><a href=\"https:\/\/www.rome.info\/pl\/karty-turystyczne\/roma-pass\/\">Roma Pass<\/a><\/h2>\n\n\n\n<p class=\"gb-text ms-text-sm ms-mb-0 ms-card-h__excerpt\">Bezp\u0142atny wst\u0119p do 1 lub 2 czo\u0142owych atrakcji, 72-godzinna nieograniczona komunikacja miejska i wej\u015bcie z pomini\u0119ciem kolejki.<\/p>\n<\/header>\n<\/div>\n<\/div>\n\n<div class=\"gb-loop-item post-279 page type-page status-publish has-post-thumbnail\">\n<div class=\"ms-card-h ms-card\">\n<aside class=\"gb-element-59385eea\">\n<img decoding=\"async\" alt=\"\" data-media-id=\"461\" class=\"ms-rounded ms-card-h__image ms-card__image\" src=\"https:\/\/www.rome.info\/wp-content\/uploads\/vatican-city-pass-1747300138-768x432.jpg\"\/>\n<\/aside>\n\n\n\n<header class=\"ms-p-sm\">\n<h2 class=\"gb-text ms-text-lg ms-card-h__title ms-container-link ms-link-unstyled\"><a href=\"https:\/\/www.rome.info\/pl\/karty-turystyczne\/vatican-city-pass\/\">Vatican City Pass<\/a><\/h2>\n\n\n\n<p class=\"gb-text ms-text-sm ms-mb-0 ms-card-h__excerpt\">Wej\u015bcie z pomini\u0119ciem kolejki i wycieczki z przewodnikiem po czo\u0142owych atrakcjach Watykanu, plus audioguide po mie\u015bcie.<\/p>\n<\/header>\n<\/div>\n<\/div>\n\n<div class=\"gb-loop-item post-280 page type-page status-publish has-post-thumbnail\">\n<div class=\"ms-card-h ms-card\">\n<aside class=\"gb-element-59385eea\">\n<img decoding=\"async\" alt=\"\" data-media-id=\"462\" class=\"ms-rounded ms-card-h__image ms-card__image\" src=\"https:\/\/www.rome.info\/wp-content\/uploads\/turbopass-rome-1-1769540133-768x432.jpg\"\/>\n<\/aside>\n\n\n\n<header class=\"ms-p-sm\">\n<h2 class=\"gb-text ms-text-lg ms-card-h__title ms-container-link ms-link-unstyled\"><a href=\"https:\/\/www.rome.info\/pl\/karty-turystyczne\/turbopass\/\">Turbopass Rome<\/a><\/h2>\n\n\n\n<p class=\"gb-text ms-text-sm ms-mb-0 ms-card-h__excerpt\">Dost\u0119p do ponad 20 atrakcji, w tym Panteonu i Zamku \u015awi\u0119tego Anio\u0142a, plus 48-godzinny autobus Hop-on Hop-off i wycieczki z przewodnikiem.<\/p>\n<\/header>\n<\/div>\n<\/div>\n\n<div class=\"gb-loop-item post-292 page type-page status-publish has-post-thumbnail\">\n<div class=\"ms-card-h ms-card\">\n<aside class=\"gb-element-59385eea\">\n<img decoding=\"async\" alt=\"\" data-media-id=\"476\" class=\"ms-rounded ms-card-h__image ms-card__image\" src=\"https:\/\/www.rome.info\/wp-content\/uploads\/go-city-rome-explorer-pass-1769200840-768x432.jpg\"\/>\n<\/aside>\n\n\n\n<header class=\"ms-p-sm\">\n<h2 class=\"gb-text ms-text-lg ms-card-h__title ms-container-link ms-link-unstyled\"><a href=\"https:\/\/www.rome.info\/pl\/karty-turystyczne\/rome-explorer-pass\/\">Go City: Rome Explorer Pass<\/a><\/h2>\n\n\n\n<p class=\"gb-text ms-text-sm ms-mb-0 ms-card-h__excerpt\">Wybierz 2\u20137 atrakcji spo\u015br\u00f3d ponad 40 opcji: Koloseum, Muzea Watyka\u0144skie i wi\u0119cej \u2014 w ci\u0105gu 30 dni od aktywacji.<\/p>\n<\/header>\n<\/div>\n<\/div>\n\n<div class=\"gb-loop-item post-294 page type-page status-publish has-post-thumbnail\">\n<div class=\"ms-card-h ms-card\">\n<aside class=\"gb-element-59385eea\">\n<img decoding=\"async\" alt=\"\" data-media-id=\"478\" class=\"ms-rounded ms-card-h__image ms-card__image\" src=\"https:\/\/www.rome.info\/wp-content\/uploads\/omnia-card-1754973489-768x432.jpg\"\/>\n<\/aside>\n\n\n\n<header class=\"ms-p-sm\">\n<h2 class=\"gb-text ms-text-lg ms-card-h__title ms-container-link ms-link-unstyled\"><a href=\"https:\/\/www.rome.info\/pl\/karty-turystyczne\/omnia-card\/\">Omnia Card<\/a><\/h2>\n\n\n\n<p class=\"gb-text ms-text-sm ms-mb-0 ms-card-h__excerpt\">Szybki wst\u0119p do Watykanu, autobusy Hop-on Hop-off i wi\u0119cej \u2014 wybierz wariant 24h lub 72h z dodatkowymi korzy\u015bciami.<\/p>\n<\/header>\n<\/div>\n<\/div>\n<\/div><\/div>\n\n\n\n<p class=\"is-style-lead\">Mo\u017cesz jednak kupi\u0107 bilety z pomini\u0119ciem kolejki, kt\u00f3re nie tylko oszcz\u0119dzaj\u0105 czas, ale te\u017c obejmuj\u0105 bezp\u0142atne wst\u0119py do muze\u00f3w i inne znacz\u0105ce zni\u017cki. Kupuj\u0105c kart\u0119 rabatow\u0105 dla Rzymu, mo\u017cesz mie\u0107 wszystkie bilety gotowe jeszcze przed przyjazdem.<\/p>\n\n\n\n<div class=\"ms-rounded ms-mb-last-child-0 ms-mb-block ms-tfs--contrast ms-p ms-tfs\">\n<h3 class=\"gb-text\">Szukasz bilet\u00f3w do poszczeg\u00f3lnych atrakcji?<\/h3>\n\n\n\n<p class=\"gb-text\">Sprawd\u017a nasz kompletny przewodnik po atrakcjach Rzymu, obejmuj\u0105cy Koloseum, Muzea Watyka\u0144skie, Galeri\u0119 Borghese i wiele wi\u0119cej.<\/p>\n\n\n\n<p class=\"gb-text\"><a href=\"https:\/\/www.rome.info\/pl\/atrakcje\/\" data-type=\"link\" data-id=\"https:\/\/www.rome.info\/pl\/karty-turystyczne\/porownanie\/\">Zobacz wszystkie bilety do atrakcji Rzymu \u2192<\/a><\/p>\n<\/div>\n","protected":false},"excerpt":{"rendered":"","protected":false},"author":9,"featured_media":0,"parent":0,"menu_order":0,"comment_status":"closed","ping_status":"closed","template":"","meta":{"_acf_changed":false,"footnotes":"","button_url":"https:\/\/www.tiqets.com\/pl\/rome-city-cards-l201350\/?partner=romeinfo","ms_product_id":"","ms_product_name":"","ms_price":"","ms_currency":"","ms_rating_value":"","ms_review_count":"","rank_math_title":"Karnety turystyczne w Rzymie: 6 najlepszych opcji w %currentyear%","rank_math_description":"Odkryj najlepsze karnety turystyczne w Rzymie w %currentyear%: Rome Tourist Card, Vatican City Pass, Roma Pass, Omnia Card, Go City Rome Explorer Pass, Rome Turbopass. Por\u00f3wnaj opcje i oszcz\u0119d\u017a czas."},"post-style":[],"producer":[],"class_list":["post-273","page","type-page","status-publish","has-post-thumbnail"],"acf":[],"product_schema":{"ms_product_id":"","ms_product_name":"","ms_price":"","ms_currency":"","ms_rating_value":"","ms_review_count":""},"_links":{"self":[{"href":"https:\/\/www.rome.info\/pl\/wp-json\/wp\/v2\/pages\/273","targetHints":{"allow":["GET"]}}],"collection":[{"href":"https:\/\/www.rome.info\/pl\/wp-json\/wp\/v2\/pages"}],"about":[{"href":"https:\/\/www.rome.info\/pl\/wp-json\/wp\/v2\/types\/page"}],"author":[{"embeddable":true,"href":"https:\/\/www.rome.info\/pl\/wp-json\/wp\/v2\/users\/9"}],"replies":[{"embeddable":true,"href":"https:\/\/www.rome.info\/pl\/wp-json\/wp\/v2\/comments?post=273"}],"version-history":[{"count":2,"href":"https:\/\/www.rome.info\/pl\/wp-json\/wp\/v2\/pages\/273\/revisions"}],"predecessor-version":[{"id":560,"href":"https:\/\/www.rome.info\/pl\/wp-json\/wp\/v2\/pages\/273\/revisions\/560"}],"wp:attachment":[{"href":"https:\/\/www.rome.info\/pl\/wp-json\/wp\/v2\/media?parent=273"}],"wp:term":[{"taxonomy":"post-style","embeddable":true,"href":"https:\/\/www.rome.info\/pl\/wp-json\/wp\/v2\/post-style?post=273"},{"taxonomy":"producer","embeddable":true,"href":"https:\/\/www.rome.info\/pl\/wp-json\/wp\/v2\/producer?post=273"}],"curies":[{"name":"wp","href":"https:\/\/api.w.org\/{rel}","templated":true}]}}