{"id":635,"date":"2021-12-28T12:50:28","date_gmt":"2021-12-28T11:50:28","guid":{"rendered":"https:\/\/www.rome.info\/it\/?page_id=635"},"modified":"2021-12-28T12:50:28","modified_gmt":"2021-12-28T11:50:28","slug":"biglietti","status":"publish","type":"page","link":"https:\/\/www.rome.info\/it\/trasporti\/biglietti\/","title":{"rendered":"Trasporto pubblico a Roma: biglietti speciali, tariffe."},"content":{"rendered":"\n<p>Ecco alcune informazioni su come utilizzare tutta la rete dei&nbsp;<a href=\"https:\/\/www.rome.info\/it\/trasporti\/\">trasporti<\/a>&nbsp;pubblici romani (bus, tram, metro, treni entro i confini cittadini) al minor costo possibile ed inoltre info sui tour guidati in bus e battello.<\/p>\n\n\n\n<h2 class=\"wp-block-heading\">Tipologie di biglietto per i trasporti pubblici<\/h2>\n\n\n\n<p><strong>Biglietto semplice B.I.T.<\/strong><br>Prezzo: 1,00 Euro<br>Il B.I.T. pu\u00f2 essere usato su qualsiasi autobus, tram, metropolitana, treno urbano entro il confine di Roma. Vale 75 minuti nei quali si \u00e8 liberi di cambiare tutti i mezzi che servono ad arrivare alla destinazione desiderata. E\u2019 possibile proseguire la corsa fino a destinazione nel caso i 75 minuti scadano mentre il passeggero \u00e8 sul veicolo. Il B.I.T. va vidimato sulla prima vettura. Se si prende la metropolitana occorre vidimarlo una seconda volta.<\/p>\n\n\n\n<p><strong>Biglietto giornaliero B.I.G.<\/strong><br>Prezzo: 4,00 Euro<br>E\u2019 valido per un intero giorno e da accesso ad autobus, metro, tram e treni urbani. Va vidimato una sola volta ed esibito per accedere alla metro.<\/p>\n\n\n\n<p><strong>Biglietto per 3 giorni B.T.I.<\/strong><br>Prezzo: 11,00 Euro<br>Vale per 3 giorni consecutivi su qualsiasi autobus, metro, tram, e treno urbano. Va vidimato una sola volta ed esibito per accedere alla metro.<\/p>\n\n\n\n<p><strong>Biglietto settimanale C.I.S.<\/strong><br>Prezzo: 16,00 Euro<br>Vale per 7 giorni consecutivi ed ha le stesse modalit\u00e0 del precedente. E\u2019 necessario annotarvi il nome del titolare.<\/p>\n\n\n\n<h2 class=\"wp-block-heading\"><strong>Bus speciali per turisti: tour e tariffe<\/strong><\/h2>\n\n\n\n<p><strong>110 OPEN<\/strong><br>Prezzo: 15,00 Euro<br>Parte ogni 30 minuti da Piazza dei Cinquecento (di fronte alla Stazione Termini). I biglietti possono essere acquistati nell\u2019Infopoint Trambus sulla piazza stessa o direttamente sull\u2019autobus (con una maggiorazione di 0,50 Euro). Il 110 OPEN conduce per circa 40 fra i pi\u00f9 importanti siti di Roma ed effettua le seguenti fermate: Termini, Quirinale, Colosseo, Bocca della Verit\u00e0,&nbsp;<a href=\"https:\/\/www.rome.info\/it\/piazze\/piazza-venezia\/\">Piazza Venezia<\/a>,&nbsp;<a href=\"https:\/\/www.rome.info\/it\/piazze\/piazza-navona\/\">Piazza Navona<\/a>,&nbsp;<a href=\"https:\/\/www.rome.info\/it\/piazze\/piazza-san-pietro\/\">San Pietro<\/a>, Piazza Cavour, Ara Pacis, Fontana di Trevi, Via Veneto, ritorno alla stazione Termini. La corsa pu\u00f2 essere interrotta e ripresa in qualsiasi fermata purch\u00e9 nello stesso giorno. Una hostess di bordo descrive i luoghi visitati in diverse lingue.<br>L\u2019autobus rispetta i seguenti orari:<br>Aprile-Settembre 9:00-12:00<br>Ottobre-Marzo 10:00-18:00<br>Per informazioni e prenotazioni tel: 06 46952252<\/p>\n\n\n\n<p><strong>ARCHEOBUS<\/strong><br>Prezzo: 8,00 Euro<br>Anch\u2019esso parte da Piazza dei Cinquecento ogni ora (dalle 9:45 alle 16:45) e tocca i grandi siti archeologici di Roma lungo la via Appia Antica (Circo Massimo, Mura Aureliane, Catacombe di San Callisto e San Sebastiano, Tempio di Romolo, Circo di Massenzio, Mausoleo di Cecilia Metella, Villa dei Quintili, Mausoleo di Casal Rotondo, Valle della Caffarella, Terme di Caracalla, etc). Una hostess di bordo descrive le caratteristiche dei luoghi visitati. Se acquistato a bordo c\u2019\u00e8 un over price di 1,00 Euro.<br>Per info: 06 46952343 o 06 46952252 o 06 46954695<\/p>\n\n\n\n<p><strong>110 OPEN + ARCHEOBUS (biglietto combinato)<\/strong><br>Prezzo: 20 Euro. Il biglietto ha validit\u00e0 di una giornata.<\/p>\n\n\n\n<p><strong>ROMA CRISTIANA<\/strong><br>Prezzo: 13,00 Euro<br>E\u2019 un grande autobus giallo e bianco che parte ogni ora (dalle 9:00 alle 19:00) dalla Stazione Termini. Passa per le pi\u00f9 grandi basiliche della cristianit\u00e0 fermandosi: Termini,&nbsp;<a href=\"https:\/\/www.rome.info\/it\/basiliche\/santa-maria-maggiore\/\">Santa Maria Maggiore<\/a>,&nbsp;<a href=\"https:\/\/www.rome.info\/it\/basiliche\/san-giovanni-laterano\/\">San Giovanni in Laterano<\/a>,&nbsp;<a href=\"https:\/\/www.rome.info\/it\/basiliche\/san-clemente\/\">San Clemente<\/a>, San Pietro in Vincoli, Porta San Paolo,&nbsp;<a href=\"https:\/\/www.rome.info\/it\/basiliche\/basilica-san-pietro\/\">San Pietro in Vaticano<\/a>, Santa Maria in Aracoeli, ritorno a Temini.<br>Il biglietto si pu\u00f2 acquistare a Piazza dei Cinquecento (Stazione Termini) da dove parte la corsa, la quale pu\u00f2 essere interrotta e ripresa in qualsiasi fermata purch\u00e9 nello stesso giorno.<\/p>\n\n\n\n<h2 class=\"wp-block-heading\"><strong>Battelli turistici speciali: scoprire Rome navigando il Tevere<\/strong><\/h2>\n\n\n\n<p><strong>ROMA IN BATTELLO<\/strong><br>\u201cBattelli di Roma\u201d \u00e8 la societ\u00e0 che si occupa della navigazione fluviale a Roma sul fiume Tevere. Oltre alle linee \u2018normali\u2019 (linea 1 e linea 2; il biglietto per una corsa singola costa 1 Euro; i battelli partono ogni ora e le fermate principali sono: Ponte Duca d\u2019Aosta, Ponte Risorgimento, Ponte Cavour, Ponte Sant\u2019Angelo, Ponte Sisto, Calata Anguillara.<br>I disabili possono avere accesso ai battelli solo a Ponte d\u2019Aosta e Calata Anguillara. Sono ammessi cani \u2013 massimo 3 per imbarcazione e con museruola, e biciclette \u2013 massimo 5 per imbarcazione), la compagnia offre crociere per turisti.<br><br>Per maggiori informazioni su biglietti, tipologia delle barche (di solito piccoli battelli con portata fino a 80 persone) e tour speciali si consiglia di visitare il sito ufficiale: www.battellidiroma.it<\/p>\n\n\n\n<p>Di seguito i servizi che operano tutto l\u2019anno:<\/p>\n\n\n\n<p>GIRO IN BATTELLO CON GUIDA:<br>Prezzo: 10,00 Euro<br>Parte e torna da ponte Sant\u2019 Angelo alle 10:30, 11:00, 12:00, 15:30, 16:00, 17:00; il tour dura un\u2019ora e dieci minuti, una hostess di bordo introduce i luoghi toccati dal battello.<\/p>\n\n\n\n<p>GIRO IN BATTELLO PREMIER<br>Prezzo: 30 Eurbo<br>Parte il gioved\u00ec, venerd\u00ec e sabato alle 21:00 da Ponte Sant\u2019Angelo. Dura pi\u00f9 di due ore e include un tipico aperitivo romano con salumi, formaggi, un bicchiere di vino e un dessert.<\/p>\n\n\n\n<p>GIRO IN BATTELLO CON CENA PREMIER A BORDO<br>Prezzo: 52,00 Euro<br>Parte il gioved\u00ec, venerd\u00ec e sabato alle 21:00 da Ponte Sant\u2019Angelo. Dura pi\u00f9 di due ore e include una tipica cena romana (le bevande non sono incluse nel prezzo).<\/p>\n","protected":false},"excerpt":{"rendered":"","protected":false},"author":2,"featured_media":0,"parent":632,"menu_order":0,"comment_status":"closed","ping_status":"closed","template":"","meta":{"_acf_changed":false,"footnotes":"","button_url":"","ms_product_id":"","ms_product_name":"","ms_price":"","ms_currency":"","ms_rating_value":"","ms_review_count":"","rank_math_title":"Trasporto pubblico a Roma, biglietti e tour %sep% %sitename%","rank_math_description":"Trasporti pubblici a Roma, biglietti speciali, tariffe e tour."},"post-style":[],"producer":[],"class_list":["post-635","page","type-page","status-publish","has-post-thumbnail"],"acf":[],"product_schema":{"ms_product_id":"","ms_product_name":"","ms_price":"","ms_currency":"","ms_rating_value":"","ms_review_count":""},"_links":{"self":[{"href":"https:\/\/www.rome.info\/it\/wp-json\/wp\/v2\/pages\/635","targetHints":{"allow":["GET"]}}],"collection":[{"href":"https:\/\/www.rome.info\/it\/wp-json\/wp\/v2\/pages"}],"about":[{"href":"https:\/\/www.rome.info\/it\/wp-json\/wp\/v2\/types\/page"}],"author":[{"embeddable":true,"href":"https:\/\/www.rome.info\/it\/wp-json\/wp\/v2\/users\/2"}],"replies":[{"embeddable":true,"href":"https:\/\/www.rome.info\/it\/wp-json\/wp\/v2\/comments?post=635"}],"version-history":[{"count":0,"href":"https:\/\/www.rome.info\/it\/wp-json\/wp\/v2\/pages\/635\/revisions"}],"up":[{"embeddable":true,"href":"https:\/\/www.rome.info\/it\/wp-json\/wp\/v2\/pages\/632"}],"wp:attachment":[{"href":"https:\/\/www.rome.info\/it\/wp-json\/wp\/v2\/media?parent=635"}],"wp:term":[{"taxonomy":"post-style","embeddable":true,"href":"https:\/\/www.rome.info\/it\/wp-json\/wp\/v2\/post-style?post=635"},{"taxonomy":"producer","embeddable":true,"href":"https:\/\/www.rome.info\/it\/wp-json\/wp\/v2\/producer?post=635"}],"curies":[{"name":"wp","href":"https:\/\/api.w.org\/{rel}","templated":true}]}}