{"id":612,"date":"2021-12-22T17:55:30","date_gmt":"2021-12-22T16:55:30","guid":{"rendered":"https:\/\/www.rome.info\/it\/?page_id=612"},"modified":"2021-12-22T17:55:30","modified_gmt":"2021-12-22T16:55:30","slug":"piazza-del-campidoglio","status":"publish","type":"page","link":"https:\/\/www.rome.info\/it\/piazze\/piazza-del-campidoglio\/","title":{"rendered":"Piazza del Campidoglio"},"content":{"rendered":"\n<p>Posta sull\u2019 altura del Colle Capitolino, tradizionalmente sede del governo e delle divinit\u00e0 fin dai tempi dell\u2019 antica Roma.<\/p>\n\n\n\n<p>L\u2019assetto attuale si deve a Michelangelo Buonarroti che nel 1560 ne fece il progetto che traeva magistralmente spunto dagli edifici preesistenti.<br>La piazza, cui si accede da una maestosa scalinata, \u00e8 composta da tre edifici ed \u00e8 rivolta verso San Pietro. Il primo \u00e8 il&nbsp;<strong>palazzo Senatorio<\/strong>&nbsp;(completato de Giacomo dalla Porta e Girolamo Rinaldi nel 1582-1605) che ospita oggi il governo cittadino.<br>Sulla destra troviamo il&nbsp;<strong>Palazzo dei Conservatori<\/strong>&nbsp;realizzato, sui disegni michelangioleschi, nel 1568 da Guidetto Guidetti e Giacomo Dalla Porta e che ospita la fornita Pinacoteca Capitolina.<br>Sul lato sinistro della piazza vi \u00e8 invece il&nbsp;<strong>Palazzo Nuovo<\/strong>&nbsp;realizzato dai fratelli Rainaldi (sempre sui progetti del divino Michelangelo) nel 1655 che ospita il&nbsp;<strong>Museo Capitolino<\/strong>&nbsp;con i Capolavori Ellenistici e Romani.<\/p>\n\n\n\n<figure class=\"wp-block-image size-full\"><img decoding=\"async\" width=\"534\" height=\"120\" src=\"https:\/\/www.rome.info\/it\/wp-content\/uploads\/sites\/4\/panorama_campidoglio.jpg\" alt=\"\" class=\"wp-image-610\" \/><\/figure>\n\n\n\n<p><strong>Per raggiungere Piazza del Campidoglio<\/strong>: bus n. 64, 40 (dalla Stazione Termini); metropolitana: Linea B \u2013 fermata: Colosseo, e poi 10 minuti circa a piedi.<\/p>\n","protected":false},"excerpt":{"rendered":"","protected":false},"author":2,"featured_media":0,"parent":599,"menu_order":0,"comment_status":"closed","ping_status":"closed","template":"","meta":{"_acf_changed":false,"footnotes":"","button_url":"","ms_product_id":"","ms_product_name":"","ms_price":"","ms_currency":"","ms_rating_value":"","ms_review_count":"","rank_math_title":"","rank_math_description":"Piazza del Campidoglio Roma, museo capitolino, Palazzo dei Conservatori, Senatorio, Nuovo."},"post-style":[],"producer":[],"class_list":["post-612","page","type-page","status-publish","has-post-thumbnail"],"acf":[],"product_schema":{"ms_product_id":"","ms_product_name":"","ms_price":"","ms_currency":"","ms_rating_value":"","ms_review_count":""},"_links":{"self":[{"href":"https:\/\/www.rome.info\/it\/wp-json\/wp\/v2\/pages\/612","targetHints":{"allow":["GET"]}}],"collection":[{"href":"https:\/\/www.rome.info\/it\/wp-json\/wp\/v2\/pages"}],"about":[{"href":"https:\/\/www.rome.info\/it\/wp-json\/wp\/v2\/types\/page"}],"author":[{"embeddable":true,"href":"https:\/\/www.rome.info\/it\/wp-json\/wp\/v2\/users\/2"}],"replies":[{"embeddable":true,"href":"https:\/\/www.rome.info\/it\/wp-json\/wp\/v2\/comments?post=612"}],"version-history":[{"count":0,"href":"https:\/\/www.rome.info\/it\/wp-json\/wp\/v2\/pages\/612\/revisions"}],"up":[{"embeddable":true,"href":"https:\/\/www.rome.info\/it\/wp-json\/wp\/v2\/pages\/599"}],"wp:attachment":[{"href":"https:\/\/www.rome.info\/it\/wp-json\/wp\/v2\/media?parent=612"}],"wp:term":[{"taxonomy":"post-style","embeddable":true,"href":"https:\/\/www.rome.info\/it\/wp-json\/wp\/v2\/post-style?post=612"},{"taxonomy":"producer","embeddable":true,"href":"https:\/\/www.rome.info\/it\/wp-json\/wp\/v2\/producer?post=612"}],"curies":[{"name":"wp","href":"https:\/\/api.w.org\/{rel}","templated":true}]}}