{"id":563,"date":"2021-12-22T15:15:19","date_gmt":"2021-12-22T14:15:19","guid":{"rendered":"https:\/\/www.rome.info\/it\/?page_id=563"},"modified":"2021-12-22T15:15:19","modified_gmt":"2021-12-22T14:15:19","slug":"san-clemente","status":"publish","type":"page","link":"https:\/\/www.rome.info\/it\/basiliche\/san-clemente\/","title":{"rendered":"Basilica di San Clemente"},"content":{"rendered":"\n<p>La Basilica che sorge sulla piazza San Clemente tangente a via di&nbsp;<a href=\"https:\/\/www.rome.info\/it\/basiliche\/san-giovanni-laterano\/\">San Giovanni in Laterano<\/a>&nbsp;\u2013 poco distante dal Colosseo \u2013 sorge su tre livelli di epoche diverse.<br>La parte inferiore, la pi\u00f9 antica, era inizialmente parte della zecca di Roma, poi trasferita da Domiziano. Accanto a questa venne costruita nel II sec una domus (casa di abitazione) nel cui cortile venne realizzato nel III sec un Mitreo (santuario del dio Mitra, divinit\u00e0 che presiedeva agli equinozi) in cui il principale dei tre ambienti con volta ribassata era rivestito di pietra pomice per simulare una caverna. Il Mitreo divenne ben presto una \u201cdomus ecclesia\u201d ( dove i primi cristiani svolgevano segretamente i riti) forse di Clemente identificato come il terzo papa e martirizzato da Domiziano. Spora questi edifici venne costruita nel IV secolo la Basilica Inferiore che costituisce il secondo livello. Essa \u00e8 divisa in tre navate da colonne, \u00e8 preceduta da un nartece e fu una delle pi\u00f9 importanti Basiliche Paleocristiane. Danneggiata dai Normanni nel 1084 fu interrata e rinforzata per sostenere una nuova Basilica che venne situata sopra i resti della antica nel 1108 per volere di Pasquale II. Finita nel 1123 essa presenta un bel quadriportico medioevale che precede l\u2019 ingresso della Basilica Essa ricalca la sottostante Basilica del IV secolo con tre navate ognuna delle quali termina per\u00f2 con un proprio abside. Le colonne che suddividono le navate sono di varia provenienza. Nella navata centrale troviamo la \u201c Schola Cantorum\u201d del XII secolo con elementi originariamente appartenenti alla basilica inferiore. Nella prima Cappella a destra dedicata a San Domenico sono rappresentate scene del santo attribuite a Sebastiano Conca. Nella prima Cappella a sinistra dedicata a Santa Caterina troviamo i celebri affreschi di Masolino da Panicate eseguiti nel 1428 \u2013 1431 con la collaborazione di altri artisti tra cui forse Masaccio. Tra il 1713 e il 1719 il pontefice Clemente XI incaric\u00f2 Carlo Fontana del restauro, il quale confer\u00ec le attuale decorazioni tardo barocche. Nella facciata (che da sulla omonima piazza di San Clemente e che precede il quadriportico) dietro il \u201c maquillage\u201d tardo barocco del Fontana \u00e8 ancora percepibile l\u2019antico protrio in laterizio con colonne di granito risalenti al XII secolo.<\/p>\n\n\n\n<p><strong>La basilica di San Clemente \u00e8 aperta<\/strong>&nbsp;tutti i giorni dalle 9:00 alle 12:30 e dalle 15:30 alle 18:30 (da ottobre a marzo solo fino alle 18). Ingresso libero.<\/p>\n\n\n\n<p><strong>Per arrivare alla basilica<\/strong>&nbsp;scendere alla fermata Colosseo della metropolitana e percorrere via San Giovanni In Laterano (circa 10 minuti). La basilica si trova nell\u2019omonima piazza San Clemente.<\/p>\n","protected":false},"excerpt":{"rendered":"","protected":false},"author":2,"featured_media":0,"parent":561,"menu_order":0,"comment_status":"closed","ping_status":"closed","template":"","meta":{"_acf_changed":false,"footnotes":"","button_url":"","ms_product_id":"","ms_product_name":"","ms_price":"","ms_currency":"","ms_rating_value":"","ms_review_count":"","rank_math_title":"Basilica di San Clemente, Roma %sep% %sitename%","rank_math_description":"Basilica di San Clemente Roma, le chiese e le basiliche Romane."},"post-style":[],"producer":[],"class_list":["post-563","page","type-page","status-publish","has-post-thumbnail"],"acf":[],"product_schema":{"ms_product_id":"","ms_product_name":"","ms_price":"","ms_currency":"","ms_rating_value":"","ms_review_count":""},"_links":{"self":[{"href":"https:\/\/www.rome.info\/it\/wp-json\/wp\/v2\/pages\/563","targetHints":{"allow":["GET"]}}],"collection":[{"href":"https:\/\/www.rome.info\/it\/wp-json\/wp\/v2\/pages"}],"about":[{"href":"https:\/\/www.rome.info\/it\/wp-json\/wp\/v2\/types\/page"}],"author":[{"embeddable":true,"href":"https:\/\/www.rome.info\/it\/wp-json\/wp\/v2\/users\/2"}],"replies":[{"embeddable":true,"href":"https:\/\/www.rome.info\/it\/wp-json\/wp\/v2\/comments?post=563"}],"version-history":[{"count":0,"href":"https:\/\/www.rome.info\/it\/wp-json\/wp\/v2\/pages\/563\/revisions"}],"up":[{"embeddable":true,"href":"https:\/\/www.rome.info\/it\/wp-json\/wp\/v2\/pages\/561"}],"wp:attachment":[{"href":"https:\/\/www.rome.info\/it\/wp-json\/wp\/v2\/media?parent=563"}],"wp:term":[{"taxonomy":"post-style","embeddable":true,"href":"https:\/\/www.rome.info\/it\/wp-json\/wp\/v2\/post-style?post=563"},{"taxonomy":"producer","embeddable":true,"href":"https:\/\/www.rome.info\/it\/wp-json\/wp\/v2\/producer?post=563"}],"curies":[{"name":"wp","href":"https:\/\/api.w.org\/{rel}","templated":true}]}}