{"id":562,"date":"2021-12-22T15:13:17","date_gmt":"2021-12-22T14:13:17","guid":{"rendered":"https:\/\/www.rome.info\/it\/?page_id=562"},"modified":"2021-12-22T15:13:17","modified_gmt":"2021-12-22T14:13:17","slug":"basilica-san-pietro","status":"publish","type":"page","link":"https:\/\/www.rome.info\/it\/basiliche\/basilica-san-pietro\/","title":{"rendered":"Basilica di San Pietro"},"content":{"rendered":"\n<p>E\u2019 la pi\u00f9 grande Basilica del cristianesimo nel mondo con la sua lunghezza di 186 metri (218 se consideriamo anche il portico), altezza nella navata centrale di 46 metri, una cupola principale alta 136 metri e larga 42 di diametro. L\u2019immensa facciata \u00e8 larga 114 metri e alta 47. Ha una superficie di 22000 mq e ci si pu\u00f2 pregare in ventimila persone.<br>La prima Basilica, oggi scomparsa venne fatta costruire dall\u2019 imperatore Costantino intorno al 320 dc. sui luoghi ove San Pietro era stato martirizzato (assieme ad altri cristiani) presso il circo di Nerone che sorgeva appunto in quei posti. Per circa mille anni la Basilica crebbe e venne arricchita, ma fu anche teatro di saccheggio delle orde barbariche.<br>Il primo intervento di restauro ed ampliamento fu ordinato nella met\u00e0 del 1400 dal papa Niccol\u00f2 V che incaricher\u00e0 Leon Battista Alberti e il suo collaboratore Bernardo Rossellino. Successivamente il pontefice Giulio II incaric\u00f2 il Bramante che nel 1506 demol\u00ec la vecchia Basilica progettandone una nuova con pianta a Croce Greca. Ma alla morte di papa e architetto erano stati realizzati solo i pilastri centrali. Successero alla guida del cantiere Raffaello (che si avvalse della collaborazione di esperti come Fr\u00e0 Giocondo e Giuliano Da Sangallo) il quale propose inveca una pianta a Croce Latina. Dopo Raffaello passarono alla guida del cantiere Baldassarre Peruzzi prima e Michelangelo dopo che optarono invece per un ritorno alla Croce Greca. Alla morte di tutti i contendenti il papa Paolo V impose l\u2019 impianto a Croce Latina che venne realizzata dal Maderno il quale si occup\u00f2 anche della facciata come oggi la vediamo. La basilica venne consacrata nel 1626. Il progetto della cupola \u00e8 di Michelangelo che riusc\u00ec a terminare solo la parte del basamento della cupola detta Tamburo. Sar\u00e0 Giacomo Dalla Porta a completare la cupola in base ai disegni di Michelangelo nel 1588-89 . La sistemazione della maggior parte dell\u2019 arredamento interno della Basilica venne affidato al Bernini dal suo instancabile papa Urbano VIII Barberini. Bernini lavor\u00f2 nella basilica per venti anni. All\u2019 artista \u00e8 anche dovuta la sistemazione della piazza antistante la Basilica (1656-1667). All\u2019 interno della Basilica sono custodite numerosissime ed inestimabili opere d\u2019arte custodite nei quarantacinque altari e 11 cappelle. Vi sono circa diecimila metri quadrati di mosaici, la \u201cPiet\u00e0\u201d del Michelangelo, il baldacchino papale e il monumento ad Urbano VIII del Bernini, il monumento a Cristina di Svezia di Carlo Fontana, il monumento alla contessa Matilde del Canossa ( sotto disegno del Bernini), solo per citarne alcune tra le pi\u00f9 importanti.<\/p>\n\n\n\n<p><strong>San Pietro \u00e8 aperta nei seguenti orari:<\/strong>&nbsp;dalle 7:00 alle 18:00 tutti i giorni (fino alle 19:00 in inverno), tranne il mercoled\u00ec (se c\u2019\u00e8 udienza papale la Basilica resta chiusa fino alle 12:00). L\u2019ingresso \u00e8 libero.<br>\u00c8 possibile anche visitare la cupola (da ottobre a marzo ogni giorno dalle 8:00 alle 16:45, fino alle 17:45 da aprile a settembre); l\u2019ingresso a pagamento.<\/p>\n\n\n\n<p><strong>Per raggiungere Basilica di San Pietro<\/strong>&nbsp;il mezzo pi\u00f9 comodo \u00e8&nbsp;<a href=\"https:\/\/www.rome.info\/metro\/\">la metropolitana<\/a>&nbsp;(linea A \u2013 fermata: Ottaviano)<\/p>\n","protected":false},"excerpt":{"rendered":"","protected":false},"author":2,"featured_media":0,"parent":561,"menu_order":0,"comment_status":"closed","ping_status":"closed","template":"","meta":{"_acf_changed":false,"footnotes":"","button_url":"","ms_product_id":"","ms_product_name":"","ms_price":"","ms_currency":"","ms_rating_value":"","ms_review_count":"","rank_math_title":"Basilica di San Pietro, Roma - %sitename%","rank_math_description":"Basilica di San Pietro in Vaticano, chiese i basiliche Romane."},"post-style":[],"producer":[],"class_list":["post-562","page","type-page","status-publish","has-post-thumbnail"],"acf":[],"product_schema":{"ms_product_id":"","ms_product_name":"","ms_price":"","ms_currency":"","ms_rating_value":"","ms_review_count":""},"_links":{"self":[{"href":"https:\/\/www.rome.info\/it\/wp-json\/wp\/v2\/pages\/562","targetHints":{"allow":["GET"]}}],"collection":[{"href":"https:\/\/www.rome.info\/it\/wp-json\/wp\/v2\/pages"}],"about":[{"href":"https:\/\/www.rome.info\/it\/wp-json\/wp\/v2\/types\/page"}],"author":[{"embeddable":true,"href":"https:\/\/www.rome.info\/it\/wp-json\/wp\/v2\/users\/2"}],"replies":[{"embeddable":true,"href":"https:\/\/www.rome.info\/it\/wp-json\/wp\/v2\/comments?post=562"}],"version-history":[{"count":0,"href":"https:\/\/www.rome.info\/it\/wp-json\/wp\/v2\/pages\/562\/revisions"}],"up":[{"embeddable":true,"href":"https:\/\/www.rome.info\/it\/wp-json\/wp\/v2\/pages\/561"}],"wp:attachment":[{"href":"https:\/\/www.rome.info\/it\/wp-json\/wp\/v2\/media?parent=562"}],"wp:term":[{"taxonomy":"post-style","embeddable":true,"href":"https:\/\/www.rome.info\/it\/wp-json\/wp\/v2\/post-style?post=562"},{"taxonomy":"producer","embeddable":true,"href":"https:\/\/www.rome.info\/it\/wp-json\/wp\/v2\/producer?post=562"}],"curies":[{"name":"wp","href":"https:\/\/api.w.org\/{rel}","templated":true}]}}