{"id":1124,"date":"2026-04-21T05:11:07","date_gmt":"2026-04-21T05:11:07","guid":{"rendered":"https:\/\/www.rome.info\/it\/?page_id=1124"},"modified":"2026-04-21T05:15:47","modified_gmt":"2026-04-21T05:15:47","slug":"vatican-city-pass","status":"publish","type":"page","link":"https:\/\/www.rome.info\/it\/city-passes\/vatican-city-pass\/","title":{"rendered":"Vatican City Pass"},"content":{"rendered":"\n<p class=\"is-style-lead\">Scopri il paese pi\u00f9 piccolo del mondo con questo pratico pass turistico per Roma.<\/p>\n\n\n\n<p>La Citt\u00e0 del Vaticano \u00e8 un piccolo microstato, ma racchiude attrazioni di straordinario valore. Il Vatican City Pass \u00e8 il tuo biglietto per scoprire tutto ci\u00f2 che c&#8217;\u00e8 da vedere e fare in questo Sito Patrimonio dell&#8217;Umanit\u00e0 UNESCO.<\/p>\n\n\n\n<div class=\"ms-cta-button ms-p ms-cta\">\n<a class=\"gb-text ms-btn ms-btn--primary ms-shadow\" href=\"https:\/\/www.tiqets.com\/it\/rome-attractions-c71631\/the-vatican-city-pass-p1012497\/?partner=romeinfo\" rel=\"nofollow noopener\">Verifica la disponibilit\u00e0 -><\/a>\n<\/div>\n\n\n\n<h2 class=\"wp-block-heading\">Punti di forza<\/h2>\n\n\n\n<ul class=\"ms-icon-list\">\n<li class=\"ms-icon-list__item\"><span class=\"gb-shape\"><svg viewBox=\"0 0 256 256\" fill=\"#000000\" height=\"32\" width=\"32\" xmlns=\"http:\/\/www.w3.org\/2000\/svg\"><path d=\"M232.49,80.49l-128,128a12,12,0,0,1-17,0l-56-56a12,12,0,1,1,17-17L96,183,215.51,63.51a12,12,0,0,1,17,17Z\"><\/path><\/svg><\/span><span class=\"gb-text\">Goditi una visita guidata dell&#8217;iconica Basilica di San Pietro, la chiesa pi\u00f9 grande del mondo.<\/span><\/li>\n\n\n\n<li class=\"ms-icon-list__item\"><span class=\"gb-shape\"><svg viewBox=\"0 0 256 256\" fill=\"#000000\" height=\"32\" width=\"32\" xmlns=\"http:\/\/www.w3.org\/2000\/svg\"><path d=\"M232.49,80.49l-128,128a12,12,0,0,1-17,0l-56-56a12,12,0,1,1,17-17L96,183,215.51,63.51a12,12,0,0,1,17,17Z\"><\/path><\/svg><\/span><span class=\"gb-text\">Risparmia tempo e ammira l&#8217;arte di fama mondiale ai Musei Vaticani con i biglietti salta-la-coda.<\/span><\/li>\n\n\n\n<li class=\"ms-icon-list__item\"><span class=\"gb-shape\"><svg viewBox=\"0 0 256 256\" fill=\"#000000\" height=\"32\" width=\"32\" xmlns=\"http:\/\/www.w3.org\/2000\/svg\"><path d=\"M232.49,80.49l-128,128a12,12,0,0,1-17,0l-56-56a12,12,0,1,1,17-17L96,183,215.51,63.51a12,12,0,0,1,17,17Z\"><\/path><\/svg><\/span><span class=\"gb-text\">Scopri nuovi dettagli sugli affreschi di Michelangelo nella Cappella Sistina grazie a una completa audioguida.<\/span><\/li>\n<\/ul>\n\n\n\n<h2 class=\"wp-block-heading\">Cosa include<\/h2>\n\n\n\n<p><a href=\"https:\/\/www.tiqets.com\/it\/rome-attractions-c71631\/the-vatican-city-pass-p1012497\/?partner=romeinfo\" rel=\"nofollow noopener\">Il Vatican City Pass<\/a> \u00e8 uno strumento indispensabile per chi vuole visitare la Citt\u00e0 del Vaticano in modo completo. Ecco tutto ci\u00f2 che puoi godere con questo pass.<\/p>\n\n\n\n<h3 class=\"wp-block-heading\">Basilica di San Pietro<\/h3>\n\n\n<div class=\"ms-credits\">\n<img decoding=\"async\" class=\"gb-media-8e735582\" alt=\"La Basilica di San Pietro vista dall'esterno.\" src=\"https:\/\/www.rome.info\/wp-content\/uploads\/f-st-peters-basilica-1.jpg\" title=\"St. Peter's Basilica\"\/>\n<span class='ms-credits__info' id='media901'><svg xmlns=\"http:\/\/www.w3.org\/2000\/svg\" width=\"20\" height=\"22\" fill=\"#000000\" viewBox=\"0 0 256 256\"><path d=\"M128,24A104,104,0,1,0,232,128,104.11,104.11,0,0,0,128,24Zm0,192a88,88,0,1,1,88-88A88.1,88.1,0,0,1,128,216ZM96,128a32,32,0,0,0,57.6,19.2,8,8,0,0,1,12.8,9.61,48,48,0,1,1,0-57.62,8,8,0,0,1-12.8,9.61A32,32,0,0,0,96,128Z\"><\/path><\/svg> | MichalLudwiczak<a href=https:\/\/depositphotos.com\/59477977\/stock-photo-st-peters-basilica-in-the.html rel='nofollow' target='_blank'>Depositphotos<\/a><\/span><span class='ms-credits__btn' id='btn_media901' onclick='ms_credits_trigger(\"#media901\", this)'><svg xmlns=\"http:\/\/www.w3.org\/2000\/svg\" class=\"info_icon\" width=\"28\" height=\"28\" fill=\"#FFF\" viewBox=\"0 0 256 256\"><path d=\"M128,24A104,104,0,1,0,232,128,104.11,104.11,0,0,0,128,24Zm0,192a88,88,0,1,1,88-88A88.1,88.1,0,0,1,128,216Zm16-40a8,8,0,0,1-8,8,16,16,0,0,1-16-16V128a8,8,0,0,1,0-16,16,16,0,0,1,16,16v40A8,8,0,0,1,144,176ZM112,84a12,12,0,1,1,12,12A12,12,0,0,1,112,84Z\"><\/path><\/svg><svg xmlns=\"http:\/\/www.w3.org\/2000\/svg\" class=\"close_icon\" width=\"28\" height=\"28\" fill=\"#FFF\" viewBox=\"0 0 256 256\"><path d=\"M165.66,101.66,139.31,128l26.35,26.34a8,8,0,0,1-11.32,11.32L128,139.31l-26.34,26.35a8,8,0,0,1-11.32-11.32L116.69,128,90.34,101.66a8,8,0,0,1,11.32-11.32L128,116.69l26.34-26.35a8,8,0,0,1,11.32,11.32ZM232,128A104,104,0,1,1,128,24,104.11,104.11,0,0,1,232,128Zm-16,0a88,88,0,1,0-88,88A88.1,88.1,0,0,0,216,128Z\"><\/path><\/svg><\/span><\/div>\n\n\n<p>La <a href=\"https:\/\/www.rome.info\/it\/attrazioni\/basilica-di-san-pietro\/\">Basilica di San Pietro<\/a> \u00e8 l&#8217;edificio pi\u00f9 sacro della cristianit\u00e0 e uno dei massimi esempi di architettura rinascimentale. Non solo \u00e8 la chiesa pi\u00f9 grande del mondo, ma \u00e8 anche una delle pi\u00f9 belle.<\/p>\n\n\n\n<p>Goditi una visita guidata di questa immensa basilica con una guida ufficiale vaticana. Disponibile in inglese o francese, la guida ti condurr\u00e0 attraverso la storia della basilica e i suoi tesori artistici, come il <em>Baldacchino<\/em> del <a href=\"https:\/\/www.rome.info\/artists\/bernini\/\">Bernini<\/a> e la <a href=\"https:\/\/www.rome.info\/artists\/michelangelo\/pieta\/\">Piet\u00e0 di Michelangelo<\/a>.<\/p>\n\n\n\n<h3 class=\"wp-block-heading\">I Musei Vaticani<\/h3>\n\n\n<div class=\"ms-credits\">\n<img decoding=\"async\" class=\"gb-media-a932b527\" alt=\"La cupola e i giardini dei Musei Vaticani a Roma\" src=\"https:\/\/www.rome.info\/wp-content\/uploads\/f-rome-vatican-museum-dome-building.jpg\" title=\"Vatican Musuems Dome Building\"\/>\n<span class='ms-credits__info' id='media849'>Pixabay License | mochilazocultural<a href=https:\/\/pixabay.com\/photos\/rome-vatican-museum-dome-building-2527666\/ rel='nofollow' target='_blank'>Pixabay<\/a><\/span><span class='ms-credits__btn' id='btn_media849' onclick='ms_credits_trigger(\"#media849\", this)'><svg xmlns=\"http:\/\/www.w3.org\/2000\/svg\" class=\"info_icon\" width=\"28\" height=\"28\" fill=\"#FFF\" viewBox=\"0 0 256 256\"><path d=\"M128,24A104,104,0,1,0,232,128,104.11,104.11,0,0,0,128,24Zm0,192a88,88,0,1,1,88-88A88.1,88.1,0,0,1,128,216Zm16-40a8,8,0,0,1-8,8,16,16,0,0,1-16-16V128a8,8,0,0,1,0-16,16,16,0,0,1,16,16v40A8,8,0,0,1,144,176ZM112,84a12,12,0,1,1,12,12A12,12,0,0,1,112,84Z\"><\/path><\/svg><svg xmlns=\"http:\/\/www.w3.org\/2000\/svg\" class=\"close_icon\" width=\"28\" height=\"28\" fill=\"#FFF\" viewBox=\"0 0 256 256\"><path d=\"M165.66,101.66,139.31,128l26.35,26.34a8,8,0,0,1-11.32,11.32L128,139.31l-26.34,26.35a8,8,0,0,1-11.32-11.32L116.69,128,90.34,101.66a8,8,0,0,1,11.32-11.32L128,116.69l26.34-26.35a8,8,0,0,1,11.32,11.32ZM232,128A104,104,0,1,1,128,24,104.11,104.11,0,0,1,232,128Zm-16,0a88,88,0,1,0-88,88A88.1,88.1,0,0,0,216,128Z\"><\/path><\/svg><\/span><\/div>\n\n\n<p>I <a href=\"https:\/\/www.rome.info\/it\/attrazioni\/musei-vaticani\/\">Musei Vaticani<\/a> ospitano circa 70.000 opere d&#8217;arte distribuite in 54 gallerie diverse e sono uno dei musei d&#8217;<a href=\"https:\/\/www.rome.info\/artists\/\">arte<\/a> pi\u00f9 visitati al mondo, con milioni di visitatori ogni anno. Questo comporta spesso lunghe code anche solo per entrare nell&#8217;edificio.<\/p>\n\n\n\n<p>Fortunatamente, <a href=\"https:\/\/www.tiqets.com\/it\/rome-attractions-c71631\/the-vatican-city-pass-p1012497\/?partner=rzymfo\" rel=\"nofollow noopener\">il Vatican City Pass<\/a> include biglietti salta-la-coda per tutte le gallerie aperte, che puoi esplorare al tuo ritmo. Scopri capolavori dall&#8217;antica Etruria alla Roma rinascimentale con opere di <a href=\"https:\/\/www.rome.info\/artists\/michelangelo\/\">Michelangelo<\/a>, Raffaello, <a href=\"https:\/\/www.rome.info\/artists\/caravaggio\/\">Caravaggio<\/a>, Pinturicchio e molti altri.<\/p>\n\n\n\n<h3 class=\"wp-block-heading\">La Cappella Sistina<\/h3>\n\n\n\n<figure><div class=\"ms-credits\">\n<img decoding=\"async\" class=\"gb-media-5c79d7c1\" alt=\"Il Giudizio Universale di Michelangelo sulla parete dell'altare della Cappella Sistina, con gli affreschi delle pareti laterali raffiguranti le vite di Mos\u00e8 e di Cristo.\" src=\"https:\/\/www.rome.info\/wp-content\/uploads\/sistine-chapel-last-judgment-1747026474.jpg\" title=\"sistine-chapel-last-judgment-1747026474\"\/>\n<span class='ms-credits__info' id='media2713'><svg xmlns=\"http:\/\/www.w3.org\/2000\/svg\" width=\"20\" height=\"22\" fill=\"#000000\" viewBox=\"0 0 256 256\"><path d=\"M128,24A104,104,0,1,0,232,128,104.11,104.11,0,0,0,128,24Zm0,192a88,88,0,1,1,88-88A88.1,88.1,0,0,1,128,216ZM96,128a32,32,0,0,0,57.6,19.2,8,8,0,0,1,12.8,9.61,48,48,0,1,1,0-57.62,8,8,0,0,1-12.8,9.61A32,32,0,0,0,96,128Z\"><\/path><\/svg> | ilfede<a href=https:\/\/depositphotos.com\/editorial\/michelangelo-fresco-in-the-the-sistine-chapel-vatican-12080565.html rel='nofollow' target='_blank'>Depositphotos<\/a><\/span><span class='ms-credits__btn' id='btn_media2713' onclick='ms_credits_trigger(\"#media2713\", this)'><svg xmlns=\"http:\/\/www.w3.org\/2000\/svg\" class=\"info_icon\" width=\"28\" height=\"28\" fill=\"#FFF\" viewBox=\"0 0 256 256\"><path d=\"M128,24A104,104,0,1,0,232,128,104.11,104.11,0,0,0,128,24Zm0,192a88,88,0,1,1,88-88A88.1,88.1,0,0,1,128,216Zm16-40a8,8,0,0,1-8,8,16,16,0,0,1-16-16V128a8,8,0,0,1,0-16,16,16,0,0,1,16,16v40A8,8,0,0,1,144,176ZM112,84a12,12,0,1,1,12,12A12,12,0,0,1,112,84Z\"><\/path><\/svg><svg xmlns=\"http:\/\/www.w3.org\/2000\/svg\" class=\"close_icon\" width=\"28\" height=\"28\" fill=\"#FFF\" viewBox=\"0 0 256 256\"><path d=\"M165.66,101.66,139.31,128l26.35,26.34a8,8,0,0,1-11.32,11.32L128,139.31l-26.34,26.35a8,8,0,0,1-11.32-11.32L116.69,128,90.34,101.66a8,8,0,0,1,11.32-11.32L128,116.69l26.34-26.35a8,8,0,0,1,11.32,11.32ZM232,128A104,104,0,1,1,128,24,104.11,104.11,0,0,1,232,128Zm-16,0a88,88,0,1,0-88,88A88.1,88.1,0,0,0,216,128Z\"><\/path><\/svg><\/span><\/div>\n\n\n<figcaption class=\"gb-text\">Il celebre affresco del &#8220;Giudizio Universale&#8221; di Michelangelo.<\/figcaption>\n<\/figure>\n\n\n\n<p>Inclusa nel biglietto salta-la-coda per i Musei Vaticani c&#8217;\u00e8 anche l&#8217;accesso alla celeberrima <a href=\"https:\/\/www.rome.info\/it\/attrazioni\/cappella-sistina\/\">Cappella Sistina<\/a>, il momento clou di qualsiasi visita.<\/p>\n\n\n\n<p>Alza gli occhi verso le mani pi\u00f9 iconiche del mondo nella <a href=\"https:\/\/www.rome.info\/artists\/michelangelo\/creation-of-adam\/\">Creazione di Adamo di Michelangelo<\/a> e perditi nei dettagli del suo celebre affresco, il <a href=\"https:\/\/www.rome.info\/artists\/michelangelo\/last-judgement\/\">Giudizio Universale<\/a>, dipinto sulla parete dell&#8217;altare. Non dimenticare di ammirare anche le altre pareti della cappella, affrescate da Botticelli, Perugino e altri.<\/p>\n\n\n\n<h3 class=\"wp-block-heading\">Audioguida di Roma<\/h3>\n\n\n\n<p>Stupir\u00e0 amici e familiari con la tua profonda conoscenza di Roma grazie alla City Audio Guide App di POPGuide, inclusa nel <a href=\"https:\/\/www.rome.info\/it\/city-passes\/\">tuo pass turistico per Roma<\/a>.<\/p>\n\n\n\n<p>Si tratta di una guida completa con immagini di alta qualit\u00e0, mappe interattive e commenti di esperti locali su oltre 130 punti di interesse a Roma. Dai monumenti pi\u00f9 famosi, come il Colosseo, alle gemme nascoste, come la Casa di Goethe: c&#8217;\u00e8 qualcosa da scoprire per tutti.<\/p>\n\n\n\n<h2 class=\"wp-block-heading\">Come funziona<\/h2>\n\n\n\n<p>Per accedere a tutto ci\u00f2 che <a href=\"https:\/\/www.tiqets.com\/it\/rome-attractions-c71631\/the-vatican-city-pass-p1012497\/?partner=romeinfo\" rel=\"nofollow noopener\">il Vatican City Pass<\/a> ha da offrire, prenota i tuoi biglietti online selezionando il numero di partecipanti e la lingua del tour. Scegli poi la data di inizio del pass (valido per tre giorni interi), inserisci i tuoi dati personali e paga online con un sistema di pagamento sicuro.<\/p>\n\n\n\n<p>Riceverai immediatamente una conferma e i biglietti via email. Riceverai anche un codice sconto personale che ti d\u00e0 il 10% di sconto sulla prossima prenotazione a un&#8217;attrazione nelle vicinanze.<\/p>\n\n\n\n<p>Dopo aver completato la prenotazione, puoi riservare la data o gli orari per ciascuna attivit\u00e0. E il gioco \u00e8 fatto! Non ti resta che presentarti all&#8217;orario stabilito, mostrare il biglietto stampato o sullo smartphone, e goderti queste meravigliose attrazioni.<\/p>\n","protected":false},"excerpt":{"rendered":"<p>Ingresso salta-la-coda e visite guidate ai principali siti vaticani, con audioguida della citt\u00e0 inclusa.<\/p>\n","protected":false},"author":9,"featured_media":1329,"parent":1122,"menu_order":0,"comment_status":"closed","ping_status":"closed","template":"","meta":{"_acf_changed":false,"footnotes":"","button_url":"https:\/\/www.tiqets.com\/it\/rome-attractions-c71631\/the-vatican-city-pass-p1012497\/?partner=romeinfo","ms_product_id":"","ms_product_name":"","ms_price":"","ms_currency":"","ms_rating_value":"","ms_review_count":"","rank_math_title":"Vatican City Pass: Salta la Coda per le Principali Attrazioni + Tour Guidati","rank_math_description":"Il Vatican City Pass include l'accesso salta la coda ai Musei Vaticani e alla Cappella Sistina, con tour guidati opzionali della Basilica di San Pietro e extra come un'audioguida di Roma o l'ingresso a Castel Sant'Angelo."},"post-style":[],"producer":[37],"class_list":["post-1124","page","type-page","status-publish","has-post-thumbnail"],"acf":[],"product_schema":{"ms_product_id":"","ms_product_name":"","ms_price":"","ms_currency":"","ms_rating_value":"","ms_review_count":""},"_links":{"self":[{"href":"https:\/\/www.rome.info\/it\/wp-json\/wp\/v2\/pages\/1124","targetHints":{"allow":["GET"]}}],"collection":[{"href":"https:\/\/www.rome.info\/it\/wp-json\/wp\/v2\/pages"}],"about":[{"href":"https:\/\/www.rome.info\/it\/wp-json\/wp\/v2\/types\/page"}],"author":[{"embeddable":true,"href":"https:\/\/www.rome.info\/it\/wp-json\/wp\/v2\/users\/9"}],"replies":[{"embeddable":true,"href":"https:\/\/www.rome.info\/it\/wp-json\/wp\/v2\/comments?post=1124"}],"version-history":[{"count":1,"href":"https:\/\/www.rome.info\/it\/wp-json\/wp\/v2\/pages\/1124\/revisions"}],"predecessor-version":[{"id":1154,"href":"https:\/\/www.rome.info\/it\/wp-json\/wp\/v2\/pages\/1124\/revisions\/1154"}],"up":[{"embeddable":true,"href":"https:\/\/www.rome.info\/it\/wp-json\/wp\/v2\/pages\/1122"}],"wp:featuredmedia":[{"embeddable":true,"href":"https:\/\/www.rome.info\/it\/wp-json\/wp\/v2\/media\/1329"}],"wp:attachment":[{"href":"https:\/\/www.rome.info\/it\/wp-json\/wp\/v2\/media?parent=1124"}],"wp:term":[{"taxonomy":"post-style","embeddable":true,"href":"https:\/\/www.rome.info\/it\/wp-json\/wp\/v2\/post-style?post=1124"},{"taxonomy":"producer","embeddable":true,"href":"https:\/\/www.rome.info\/it\/wp-json\/wp\/v2\/producer?post=1124"}],"curies":[{"name":"wp","href":"https:\/\/api.w.org\/{rel}","templated":true}]}}