{"id":1123,"date":"2026-04-21T05:11:06","date_gmt":"2026-04-21T05:11:06","guid":{"rendered":"https:\/\/www.rome.info\/it\/?page_id=1123"},"modified":"2026-04-21T05:15:46","modified_gmt":"2026-04-21T05:15:46","slug":"roma-pass","status":"publish","type":"page","link":"https:\/\/www.rome.info\/it\/city-passes\/roma-pass\/","title":{"rendered":"Roma Pass"},"content":{"rendered":"\n<p class=\"is-style-lead\">Scopri il meglio di Roma con questo pratico pass.<\/p>\n\n\n\n<p class=\"ms-mb-0\">La Roma Pass ti offre tre vantaggi in uno: uso illimitato del trasporto pubblico, ingresso gratuito salta-la-coda a uno o due siti principali a tua scelta e tariffe ridotte per molte altre attrazioni. Scegli il pass da 48 o 72 ore per visitare luoghi come il Colosseo e muoverti per la citt\u00e0 senza dover acquistare biglietti separati.<\/p>\n\n\n\n<div class=\"ms-cta-button ms-p ms-cta\">\n<a class=\"gb-text ms-btn ms-shadow ms-btn--contrast\" rel=\"nofollow noopener\" href=\"https:\/\/www.getyourguide.com\/rome-l33\/roma-pass-official-city-card-with-transportation-t68896\/?partner_id=1URQJZP&#038;utm_medium=online_publisher\">Verifica la disponibilit\u00e0<\/a>\n<\/div>\n\n\n\n<h2 class=\"wp-block-heading\">Punti di forza<\/h2>\n\n\n\n<ul class=\"ms-icon-list ms-mb-block\">\n<li class=\"ms-icon-list__item\"><span class=\"gb-shape\"><svg viewBox=\"0 0 256 256\" fill=\"#000000\" height=\"32\" width=\"32\" xmlns=\"http:\/\/www.w3.org\/2000\/svg\"><path d=\"M232.49,80.49l-128,128a12,12,0,0,1-17,0l-56-56a12,12,0,1,1,17-17L96,183,215.51,63.51a12,12,0,0,1,17,17Z\"><\/path><\/svg><\/span><span class=\"gb-text\">Visita gratuitamente fino a due attrazioni principali, come il Colosseo o il Foro Romano.<\/span><\/li>\n\n\n\n<li class=\"ms-icon-list__item\"><span class=\"gb-shape\"><svg viewBox=\"0 0 256 256\" fill=\"#000000\" height=\"32\" width=\"32\" xmlns=\"http:\/\/www.w3.org\/2000\/svg\"><path d=\"M232.49,80.49l-128,128a12,12,0,0,1-17,0l-56-56a12,12,0,1,1,17-17L96,183,215.51,63.51a12,12,0,0,1,17,17Z\"><\/path><\/svg><\/span><span class=\"gb-text\">Approfitta di prezzi ridotti per i migliori musei, attrazioni ed esperienze della citt\u00e0.<\/span><\/li>\n\n\n\n<li class=\"ms-icon-list__item\"><span class=\"gb-shape\"><svg viewBox=\"0 0 256 256\" fill=\"#000000\" height=\"32\" width=\"32\" xmlns=\"http:\/\/www.w3.org\/2000\/svg\"><path d=\"M232.49,80.49l-128,128a12,12,0,0,1-17,0l-56-56a12,12,0,1,1,17-17L96,183,215.51,63.51a12,12,0,0,1,17,17Z\"><\/path><\/svg><\/span><span class=\"gb-text\">Sali e scendi dai mezzi pubblici senza preoccuparti di acquistare biglietti ogni volta.<\/span><\/li>\n<\/ul>\n\n\n\n<div class=\"ms-p-sm ms-rounded ms-card-i ms-mb-block\">\n<h2 class=\"gb-text ms-text-lg ms-card-i__title\">Come funziona<\/h2>\n\n\n\n<div class=\"ms-p-sm ms-rounded ms-card-i\">\n<ul class=\"wp-block-list ms-text-sm ms-mb-0\">\n<li>Il pass da 72 ore include l&#8217;ingresso gratuito a 2 attrazioni<\/li>\n\n\n\n<li>Il pass da 48 ore include l&#8217;ingresso gratuito a 1 attrazione<\/li>\n\n\n\n<li>Dopo gli ingressi gratuiti: per tutta la durata del pass ricevi un prezzo ridotto per tutte le altre sedi aderenti<\/li>\n<\/ul>\n<\/div>\n\n\n\n<div class=\"gb-element-c48c12f6\">\n<div>\n<div class=\"ms-p-sm ms-rounded ms-card-i\">\n<h3 class=\"ms-card-i__title ms-text-base\"><span class=\"gb-shape\"><svg viewBox=\"0 0 256 256\" fill=\"#000000\" height=\"32\" width=\"32\" xmlns=\"http:\/\/www.w3.org\/2000\/svg\"><path d=\"M232,104a8,8,0,0,0,8-8V64a16,16,0,0,0-16-16H32A16,16,0,0,0,16,64V96a8,8,0,0,0,8,8,24,24,0,0,1,0,48,8,8,0,0,0-8,8v32a16,16,0,0,0,16,16H224a16,16,0,0,0,16-16V160a8,8,0,0,0-8-8,24,24,0,0,1,0-48ZM32,167.2a40,40,0,0,0,0-78.4V64H88V192H32Zm192,0V192H104V64H224V88.8a40,40,0,0,0,0,78.4Z\"><\/path><\/svg><\/span><span class=\"gb-text\">Scegli il pass<\/span><\/h3>\n\n\n\n<p class=\"gb-text ms-text-sm ms-mb-0 ms-card-i__excerpt\">Scegli tra il pass da 72 ore e quello da 48 ore<\/p>\n<\/div>\n<\/div>\n\n\n\n<div>\n<div class=\"ms-p-sm ms-rounded ms-card-i\">\n<h3 class=\"ms-card-i__title ms-text-base\"><span class=\"gb-shape\"><svg viewBox=\"0 0 256 256\" fill=\"#000000\" height=\"32\" width=\"32\" xmlns=\"http:\/\/www.w3.org\/2000\/svg\"><path d=\"M173.66,98.34a8,8,0,0,1,0,11.32l-56,56a8,8,0,0,1-11.32,0l-24-24a8,8,0,0,1,11.32-11.32L112,148.69l50.34-50.35A8,8,0,0,1,173.66,98.34ZM232,128A104,104,0,1,1,128,24,104.11,104.11,0,0,1,232,128Zm-16,0a88,88,0,1,0-88,88A88.1,88.1,0,0,0,216,128Z\"><\/path><\/svg><\/span><span class=\"gb-text\">Ritira e attiva<\/span><\/h3>\n\n\n\n<p class=\"gb-text ms-text-sm ms-mb-0 ms-card-i__excerpt\">Presenta il voucher e un documento d&#8217;identit\u00e0 a uno degli <a href=\"https:\/\/www.turismoroma.it\/en\/page\/tourist-infopoints\" rel=\"nofollow noopener\">Infopoint Turistici<\/a> di Roma<\/p>\n<\/div>\n<\/div>\n\n\n\n<div>\n<div class=\"ms-p-sm ms-rounded ms-card-i\">\n<h3 class=\"ms-card-i__title ms-text-base\"><span class=\"gb-shape\"><svg viewBox=\"0 0 256 256\" fill=\"#000000\" height=\"32\" width=\"32\" xmlns=\"http:\/\/www.w3.org\/2000\/svg\"><path d=\"M200,75.64V40a16,16,0,0,0-16-16H72A16,16,0,0,0,56,40V76a16.07,16.07,0,0,0,6.4,12.8L114.67,128,62.4,167.2A16.07,16.07,0,0,0,56,180v36a16,16,0,0,0,16,16H184a16,16,0,0,0,16-16V180.36a16.09,16.09,0,0,0-6.35-12.77L141.27,128l52.38-39.6A16.05,16.05,0,0,0,200,75.64ZM184,216H72V180l56-42,56,42.35Zm0-140.36L128,118,72,76V40H184Z\"><\/path><\/svg><\/span><span class=\"gb-text\">Convalida al primo utilizzo<\/span><\/h3>\n\n\n\n<p class=\"gb-text ms-text-sm ms-mb-0 ms-card-i__excerpt\">La convalida avviene al primo ingresso in un&#8217;attrazione o al primo uso del trasporto pubblico<\/p>\n<\/div>\n<\/div>\n\n\n\n<div>\n<div class=\"ms-p-sm ms-rounded ms-card-i\">\n<h3 class=\"ms-card-i__title ms-text-base\"><span class=\"gb-shape\"><svg viewBox=\"0 0 256 256\" fill=\"#000000\" height=\"32\" width=\"32\" xmlns=\"http:\/\/www.w3.org\/2000\/svg\"><path d=\"M184,24H72A32,32,0,0,0,40,56V184a32,32,0,0,0,32,32h8L65.6,235.2a8,8,0,1,0,12.8,9.6L100,216h56l21.6,28.8a8,8,0,1,0,12.8-9.6L176,216h8a32,32,0,0,0,32-32V56A32,32,0,0,0,184,24ZM72,40H184a16,16,0,0,1,16,16v64H56V56A16,16,0,0,1,72,40ZM184,200H72a16,16,0,0,1-16-16V136H200v48A16,16,0,0,1,184,200ZM96,172a12,12,0,1,1-12-12A12,12,0,0,1,96,172Zm88,0a12,12,0,1,1-12-12A12,12,0,0,1,184,172Z\"><\/path><\/svg><\/span><span class=\"gb-text\">Usalo<\/span><\/h3>\n\n\n\n<ul class=\"wp-block-list ms-text-sm\">\n<li>In metropolitana: avvicina la carta al tornello<\/li>\n\n\n\n<li>Su bus o tram: inserisci la carta nella macchinetta gialla una sola volta per convalidarla, poi tienila con te<\/li>\n<\/ul>\n<\/div>\n<\/div>\n<\/div>\n<\/div>\n\n\n\n<h2 class=\"wp-block-heading\">Cosa include<\/h2>\n\n\n\n<p>La <a href=\"https:\/\/www.getyourguide.com\/rome-l33\/roma-pass-official-city-card-with-transportation-t68896\/?partner_id=1URQJZP&amp;utm_medium=online_publisher\" rel=\"nofollow noopener\">Roma Pass<\/a> offre sconti per un numero talmente ampio di attrazioni che sarebbe impossibile visitarle tutte in un lungo weekend. Avrai a disposizione uno o due biglietti gratuiti per le attrazioni di Roma che preferisci, e tariffe ridotte per tutto il resto. Il pass include anche l&#8217;accesso libero a tutti i mezzi di <a href=\"https:\/\/www.rome.info\/it\/trasporti\/\">trasporto pubblico<\/a> (esclusi i treni), per raggiungere le destinazioni con maggiore comodit\u00e0.<\/p>\n\n\n\n<p>Di seguito alcune delle esperienze su cui questo straordinario pass offre sconti.<\/p>\n\n\n\n<h3 class=\"wp-block-heading\">Musei e attrazioni<\/h3>\n\n\n\n<p>Che tu preferisca l&#8217;archeologia o l&#8217;<a href=\"https:\/\/www.rome.info\/artists\/\">arte<\/a> contemporanea, c&#8217;\u00e8 davvero qualcosa per tutti. Con oltre 50 sedi tra cui scegliere, non avrai mai un momento di noia. Ecco alcune delle migliori:<\/p>\n\n\n\n<ul class=\"wp-block-list\">\n<li><a href=\"https:\/\/www.rome.info\/it\/attrazioni\/colosseo\/\">Colosseo<\/a>, <a href=\"https:\/\/www.rome.info\/it\/attrazioni\/foro-romano\/\">Foro Romano<\/a> e <a href=\"https:\/\/www.rome.info\/it\/attrazioni\/palatino\/\">Palatino<\/a> &#8211; Un viaggio a Roma non sarebbe completo senza visitare questo trio di meraviglie del mondo antico.<\/li>\n<\/ul>\n\n\n\n<div class=\"ms-p ms-rounded ms-mb-last-child-0 ms-mb-children-condensed ms-alert--contrast ms-mb-block\">\n<h4 class=\"gb-text-26a71c5b\"><span class=\"gb-shape\"><svg viewBox=\"0 0 256 256\" fill=\"#000000\" height=\"32\" width=\"32\" xmlns=\"http:\/\/www.w3.org\/2000\/svg\"><path d=\"M246.15,133.18,146.83,33.86A19.85,19.85,0,0,0,132.69,28H40A12,12,0,0,0,28,40v92.69a19.85,19.85,0,0,0,5.86,14.14l99.32,99.32a20,20,0,0,0,28.28,0l84.69-84.69A20,20,0,0,0,246.15,133.18Zm-98.83,93.17L52,131V52h79l95.32,95.32ZM100,84A16,16,0,1,1,84,68,16,16,0,0,1,100,84Z\"><\/path><\/svg><\/span><span class=\"gb-text\">Hai in programma di visitare il Colosseo?<\/span><\/h4>\n\n\n\n<p class=\"gb-text\">Il Colosseo \u00e8 l&#8217;attrazione pi\u00f9 visitata di Roma e i biglietti si esauriscono con settimane di anticipo. Anche con la Roma Pass, dovrai prenotare uno specifico orario d&#8217;ingresso.<\/p>\n\n\n\n<p class=\"gb-text\"><a href=\"https:\/\/www.rome.info\/it\/attrazioni\/colosseo\/biglietti\/\" data-type=\"link\" data-id=\"https:\/\/www.rome.info\/it\/attrazioni\/colosseo\/biglietti\/\">Scopri le opzioni di biglietti per il Colosseo \u2192<\/a><\/p>\n<\/div>\n\n\n\n<ul class=\"wp-block-list\">\n<li><a href=\"https:\/\/www.rome.info\/it\/attrazioni\/castel-santangelo\/\">Castel Sant&#8217;Angelo<\/a> &#8211; Visita questa straordinaria struttura e scopri come \u00e8 stata utilizzata nel corso della storia, dalla sua origine come mausoleo fino all&#8217;uso come prigione e molto altro.<\/li>\n\n\n\n<li><a href=\"https:\/\/www.rome.info\/it\/attrazioni\/villa-borghese\/\">Galleria Borghese<\/a> &#8211; Una delle pi\u00f9 grandi collezioni private al mondo, con capolavori di <a href=\"https:\/\/www.rome.info\/artists\/bernini\/\">Bernini<\/a>, <a href=\"https:\/\/www.rome.info\/artists\/caravaggio\/\">Caravaggio<\/a> e Tiziano, tra gli altri.<\/li>\n\n\n\n<li><a href=\"https:\/\/www.rome.info\/it\/attrazioni\/musei-capitolini\/\">Musei Capitolini<\/a> &#8211; La pi\u00f9 antica raccolta pubblica del mondo, con straordinarie esposizioni archeologiche.<\/li>\n\n\n\n<li>MAXXI &#8211; Il principale museo di arte contemporanea di Roma, con collezioni del XXI secolo.<\/li>\n<\/ul>\n\n\n\n<figure><div class=\"ms-credits\">\n<img decoding=\"async\" class=\"gb-media-79fbcce4\" alt=\"Visitatori esplorano le rovine del Colosseo, con i sotterranei e le gradinate visibili.\" src=\"https:\/\/www.rome.info\/wp-content\/uploads\/colosseum-forum-palatine-tours-1742362634.jpg\" title=\"colosseum-forum-palatine-tours\"\/>\n<span class='ms-credits__info' id='media2311'>Unsplash License | Hank Paul<a href=https:\/\/unsplash.com\/photos\/group-of-people-on-landmark-on4xM3i9_FE rel='nofollow' target='_blank'>Unsplash<\/a><\/span><span class='ms-credits__btn' id='btn_media2311' onclick='ms_credits_trigger(\"#media2311\", this)'><svg xmlns=\"http:\/\/www.w3.org\/2000\/svg\" class=\"info_icon\" width=\"28\" height=\"28\" fill=\"#FFF\" viewBox=\"0 0 256 256\"><path d=\"M128,24A104,104,0,1,0,232,128,104.11,104.11,0,0,0,128,24Zm0,192a88,88,0,1,1,88-88A88.1,88.1,0,0,1,128,216Zm16-40a8,8,0,0,1-8,8,16,16,0,0,1-16-16V128a8,8,0,0,1,0-16,16,16,0,0,1,16,16v40A8,8,0,0,1,144,176ZM112,84a12,12,0,1,1,12,12A12,12,0,0,1,112,84Z\"><\/path><\/svg><svg xmlns=\"http:\/\/www.w3.org\/2000\/svg\" class=\"close_icon\" width=\"28\" height=\"28\" fill=\"#FFF\" viewBox=\"0 0 256 256\"><path d=\"M165.66,101.66,139.31,128l26.35,26.34a8,8,0,0,1-11.32,11.32L128,139.31l-26.34,26.35a8,8,0,0,1-11.32-11.32L116.69,128,90.34,101.66a8,8,0,0,1,11.32-11.32L128,116.69l26.34-26.35a8,8,0,0,1,11.32,11.32ZM232,128A104,104,0,1,1,128,24,104.11,104.11,0,0,1,232,128Zm-16,0a88,88,0,1,0-88,88A88.1,88.1,0,0,0,216,128Z\"><\/path><\/svg><\/span><\/div>\n\n\n<figcaption class=\"gb-text\">Esplora l&#8217;interno del Colosseo e cammina nell&#8217;antica arena.<\/figcaption>\n<\/figure>\n\n\n\n<figure><div class=\"ms-credits\">\n<img decoding=\"async\" class=\"gb-media-7c3540db\" alt=\"Veduta di Castel Sant'Angelo dal ponte che conduce all'ingresso.\" src=\"https:\/\/www.rome.info\/wp-content\/uploads\/f-castel-sant-angelo-bridge.jpg\" title=\"Castel Sant'Angelo - Bridge View\"\/>\n<span class='ms-credits__info' id='media696'><svg xmlns=\"http:\/\/www.w3.org\/2000\/svg\" width=\"20\" height=\"22\" fill=\"#000000\" viewBox=\"0 0 256 256\"><path d=\"M128,24A104,104,0,1,0,232,128,104.11,104.11,0,0,0,128,24Zm0,192a88,88,0,1,1,88-88A88.1,88.1,0,0,1,128,216ZM96,128a32,32,0,0,0,57.6,19.2,8,8,0,0,1,12.8,9.61,48,48,0,1,1,0-57.62,8,8,0,0,1-12.8,9.61A32,32,0,0,0,96,128Z\"><\/path><\/svg> | natursports<a href=https:\/\/depositphotos.com\/25540505\/stock-photo-castel-sant-angelo-rome.html rel='nofollow' target='_blank'>Depositphotos<\/a><\/span><span class='ms-credits__btn' id='btn_media696' onclick='ms_credits_trigger(\"#media696\", this)'><svg xmlns=\"http:\/\/www.w3.org\/2000\/svg\" class=\"info_icon\" width=\"28\" height=\"28\" fill=\"#FFF\" viewBox=\"0 0 256 256\"><path d=\"M128,24A104,104,0,1,0,232,128,104.11,104.11,0,0,0,128,24Zm0,192a88,88,0,1,1,88-88A88.1,88.1,0,0,1,128,216Zm16-40a8,8,0,0,1-8,8,16,16,0,0,1-16-16V128a8,8,0,0,1,0-16,16,16,0,0,1,16,16v40A8,8,0,0,1,144,176ZM112,84a12,12,0,1,1,12,12A12,12,0,0,1,112,84Z\"><\/path><\/svg><svg xmlns=\"http:\/\/www.w3.org\/2000\/svg\" class=\"close_icon\" width=\"28\" height=\"28\" fill=\"#FFF\" viewBox=\"0 0 256 256\"><path d=\"M165.66,101.66,139.31,128l26.35,26.34a8,8,0,0,1-11.32,11.32L128,139.31l-26.34,26.35a8,8,0,0,1-11.32-11.32L116.69,128,90.34,101.66a8,8,0,0,1,11.32-11.32L128,116.69l26.34-26.35a8,8,0,0,1,11.32,11.32ZM232,128A104,104,0,1,1,128,24,104.11,104.11,0,0,1,232,128Zm-16,0a88,88,0,1,0-88,88A88.1,88.1,0,0,0,216,128Z\"><\/path><\/svg><\/span><\/div>\n\n\n<figcaption class=\"gb-text\">Il suggestivo ponte che conduce a Castel Sant&#8217;Angelo.<\/figcaption>\n<\/figure>\n\n\n\n<figure><div class=\"ms-credits\">\n<img decoding=\"async\" class=\"gb-media-09ec857e\" alt=\"Visitatori all'ingresso della Galleria Borghese a Roma\" src=\"https:\/\/www.rome.info\/wp-content\/uploads\/f-villa-borghese-gallery-entrance.jpg\" title=\"Villa Borghese Gallery Entrance\"\/>\n<span class='ms-credits__info' id='media854'>Pixabay License | waldomiguez<a href=https:\/\/pixabay.com\/photos\/borghese-galleria-borghese-rome-1126970\/ rel='nofollow' target='_blank'>Pixabay<\/a><\/span><span class='ms-credits__btn' id='btn_media854' onclick='ms_credits_trigger(\"#media854\", this)'><svg xmlns=\"http:\/\/www.w3.org\/2000\/svg\" class=\"info_icon\" width=\"28\" height=\"28\" fill=\"#FFF\" viewBox=\"0 0 256 256\"><path d=\"M128,24A104,104,0,1,0,232,128,104.11,104.11,0,0,0,128,24Zm0,192a88,88,0,1,1,88-88A88.1,88.1,0,0,1,128,216Zm16-40a8,8,0,0,1-8,8,16,16,0,0,1-16-16V128a8,8,0,0,1,0-16,16,16,0,0,1,16,16v40A8,8,0,0,1,144,176ZM112,84a12,12,0,1,1,12,12A12,12,0,0,1,112,84Z\"><\/path><\/svg><svg xmlns=\"http:\/\/www.w3.org\/2000\/svg\" class=\"close_icon\" width=\"28\" height=\"28\" fill=\"#FFF\" viewBox=\"0 0 256 256\"><path d=\"M165.66,101.66,139.31,128l26.35,26.34a8,8,0,0,1-11.32,11.32L128,139.31l-26.34,26.35a8,8,0,0,1-11.32-11.32L116.69,128,90.34,101.66a8,8,0,0,1,11.32-11.32L128,116.69l26.34-26.35a8,8,0,0,1,11.32,11.32ZM232,128A104,104,0,1,1,128,24,104.11,104.11,0,0,1,232,128Zm-16,0a88,88,0,1,0-88,88A88.1,88.1,0,0,0,216,128Z\"><\/path><\/svg><\/span><\/div>\n\n\n<figcaption class=\"gb-text\">Ammira capolavori di fama mondiale alla Galleria Borghese.<\/figcaption>\n<\/figure>\n\n\n\n<figure><div class=\"ms-credits\">\n<img decoding=\"async\" class=\"gb-media-3d690eff\" alt=\"Facciata dei Musei Capitolini a Roma\" src=\"https:\/\/www.rome.info\/wp-content\/uploads\/f-capitoline-museums.jpg\" title=\"Capitoline Museums\"\/>\n<span class='ms-credits__info' id='media701'><svg xmlns=\"http:\/\/www.w3.org\/2000\/svg\" width=\"20\" height=\"22\" fill=\"#000000\" viewBox=\"0 0 256 256\"><path d=\"M128,24A104,104,0,1,0,232,128,104.11,104.11,0,0,0,128,24Zm0,192a88,88,0,1,1,88-88A88.1,88.1,0,0,1,128,216ZM96,128a32,32,0,0,0,57.6,19.2,8,8,0,0,1,12.8,9.61,48,48,0,1,1,0-57.62,8,8,0,0,1-12.8,9.61A32,32,0,0,0,96,128Z\"><\/path><\/svg> | Michael6882<a href=https:\/\/depositphotos.com\/206999720\/stock-photo-rome-italy-june-29th-2015.html rel='nofollow' target='_blank'>Depositphotos<\/a><\/span><span class='ms-credits__btn' id='btn_media701' onclick='ms_credits_trigger(\"#media701\", this)'><svg xmlns=\"http:\/\/www.w3.org\/2000\/svg\" class=\"info_icon\" width=\"28\" height=\"28\" fill=\"#FFF\" viewBox=\"0 0 256 256\"><path d=\"M128,24A104,104,0,1,0,232,128,104.11,104.11,0,0,0,128,24Zm0,192a88,88,0,1,1,88-88A88.1,88.1,0,0,1,128,216Zm16-40a8,8,0,0,1-8,8,16,16,0,0,1-16-16V128a8,8,0,0,1,0-16,16,16,0,0,1,16,16v40A8,8,0,0,1,144,176ZM112,84a12,12,0,1,1,12,12A12,12,0,0,1,112,84Z\"><\/path><\/svg><svg xmlns=\"http:\/\/www.w3.org\/2000\/svg\" class=\"close_icon\" width=\"28\" height=\"28\" fill=\"#FFF\" viewBox=\"0 0 256 256\"><path d=\"M165.66,101.66,139.31,128l26.35,26.34a8,8,0,0,1-11.32,11.32L128,139.31l-26.34,26.35a8,8,0,0,1-11.32-11.32L116.69,128,90.34,101.66a8,8,0,0,1,11.32-11.32L128,116.69l26.34-26.35a8,8,0,0,1,11.32,11.32ZM232,128A104,104,0,1,1,128,24,104.11,104.11,0,0,1,232,128Zm-16,0a88,88,0,1,0-88,88A88.1,88.1,0,0,0,216,128Z\"><\/path><\/svg><\/span><\/div>\n\n\n<figcaption class=\"gb-text\">Entra nei Musei Capitolini e scopri statue e rovine romane.<\/figcaption>\n<\/figure>\n\n\n\n<h3 class=\"wp-block-heading\">Tour ed esperienze<\/h3>\n\n\n\n<p>Cerchi un&#8217;esperienza o un evento culturale? Il pass ha quello che fa per te. Include biglietti a prezzo ridotto per <a href=\"https:\/\/www.rome.info\/entertainment\/theatre-opera\/\">spettacoli teatrali e d&#8217;opera<\/a>, e persino per parchi di divertimento (Cinecitt\u00e0 World \u00e8 perfetto per gli appassionati di cinema e televisione).<\/p>\n\n\n\n<p>Se preferisci restare attivo o imparare qualcosa di nuovo, puoi partecipare a corsi di cucina o a tour a piedi fuori dai sentieri battuti, anch&#8217;essi inclusi tra le esperienze convenzionate. Le possibilit\u00e0 sono davvero infinite.<\/p>\n\n\n\n<h3 class=\"wp-block-heading\">Servizi aggiuntivi per i turisti<\/h3>\n\n\n\n<p>Questo pass turistico include anche sconti su servizi utili per chi visita la citt\u00e0. Dal deposito bagagli sicuro al noleggio di e-bike o segway, fino ai <a href=\"https:\/\/www.rome.info\/it\/tour\/hop-on-hop-off\/\">bus hop-on hop-off<\/a>, la Roma Pass offre un po&#8217; di tutto.<\/p>\n\n\n\n<p>Inclusa nel pass c&#8217;\u00e8 anche la Mappa di Roma, che riporta tutti i punti di interesse visitabili con la Roma Pass, con indirizzi e siti web di ciascun sito.<\/p>\n\n\n\n<p>Tutti i titolari del pass hanno inoltre accesso gratuito ai servizi igienici della rete P. Stop.<\/p>\n\n\n\n<h3 class=\"wp-block-heading\">Esperienza AR al Circo Massimo<\/h3>\n\n\n\n<p>Indossa il visore e scopri il <a href=\"https:\/\/www.rome.info\/it\/attrazioni\/circo-massimo\/\">Circo Massimo<\/a> come lo vedevano i Romani. Questa esperienza immersiva e multisensoriale \u00e8 la prima al mondo a utilizzare la realt\u00e0 aumentata in uno spazio esterno di tali dimensioni.<\/p>\n\n\n\n<p>L&#8217;esperienza dura 40 minuti e ti mostra come appariva il Circo Massimo in otto diversi momenti della sua storia. Potrai persino assistere a una corsa di bighe romane in azione.<\/p>\n\n\n\n<h2 class=\"wp-block-heading\">Come funziona nel dettaglio<\/h2>\n\n\n\n<p>Esistono due versioni della <a href=\"https:\/\/www.getyourguide.com\/rome-l33\/roma-pass-official-city-card-with-transportation-t68896\/?partner_id=1URQJZP&amp;utm_medium=online_publisher\" rel=\"nofollow noopener\">Roma Pass<\/a>: una valida 72 ore e una valida 48 ore. L&#8217;unica differenza \u00e8 che il pass da 72 ore include due ingressi gratuiti, mentre quello da 48 ore ne include uno solo.<\/p>\n\n\n\n<p>\u00c8 possibile acquistare fino a quattro Roma Pass online per transazione. Basta inserire i propri dati, scegliere data e orario di ritiro: il voucher verr\u00e0 inviato via email.<\/p>\n\n\n\n<p>Il pass si ritira mostrando il voucher sullo smartphone e un documento d&#8217;identit\u00e0 a uno degli Infopoint Turistici presenti in citt\u00e0.<\/p>\n\n\n\n<p>La carta viene attivata solo al primo utilizzo per accedere a un&#8217;attrazione gratuita o al trasporto pubblico. Da quel momento avrai 72 o 48 ore per vivere tutto ci\u00f2 che hai sempre sognato di fare a Roma.<\/p>\n\n\n\n<h4 class=\"wp-block-heading\">Informazioni aggiuntive:<\/h4>\n\n\n\n<ul class=\"wp-block-list\">\n<li>\u00c8 fortemente consigliato prenotare in anticipo le attrazioni pi\u00f9 richieste, poich\u00e9 la Roma Pass non garantisce la disponibilit\u00e0 di posti.<\/li>\n\n\n\n<li>I pass sono disponibili anche direttamente presso gli Infopoint Turistici o nelle biglietterie della metropolitana ATAC selezionate.<\/li>\n\n\n\n<li>I pass acquistati online possono essere ritirati non prima di 24 ore dall&#8217;acquisto, il tempo necessario per elaborare il pagamento.<\/li>\n\n\n\n<li>Non \u00e8 previsto alcun rimborso per questo pass, nemmeno se non \u00e8 stato utilizzato.<\/li>\n\n\n\n<li>La carta \u00e8 contactless: non \u00e8 necessario inserirla nel lettore, basta avvicinarla.<\/li>\n<\/ul>\n\n\n\n<div class=\"ms-query-section ms-mb-block\">\n<div class=\"ms-query-section-header\">\n<h2 class=\"gb-text ms-query-section__title\">Altri pass per esplorare Roma<\/h2>\n\n\n\n<a class=\"ms-btn ms-btn--ghost-primary ms-btn--small gb-text-431c44fc\" href=\"https:\/\/www.rome.info\/it\/city-passes\/\"><span class=\"gb-text\">Vedi tutti<\/span><span class=\"gb-shape\"><svg viewBox=\"0 0 256 256\" fill=\"#000000\" height=\"32\" width=\"32\" xmlns=\"http:\/\/www.w3.org\/2000\/svg\"><path d=\"M224.49,136.49l-72,72a12,12,0,0,1-17-17L187,140H40a12,12,0,0,1,0-24H187L135.51,64.48a12,12,0,0,1,17-17l72,72A12,12,0,0,1,224.49,136.49Z\"><\/path><\/svg><\/span><\/a>\n<\/div>\n\n\n\n<p class=\"gb-text ms-query-section__description\">Altri pass molto richiesti che includono l&#8217;ingresso alle principali attrazioni e il trasporto pubblico.<\/p>\n\n\n\n<div><div class=\"gb-looper-f80f416a\">\n<div class=\"gb-loop-item post-1124 page type-page status-publish has-post-thumbnail\">\n<div class=\"ms-card-h ms-card\">\n<aside class=\"gb-element-59385eea\">\n<img decoding=\"async\" alt=\"\" data-media-id=\"1329\" class=\"ms-rounded ms-card-h__image ms-card__image\" src=\"https:\/\/www.rome.info\/wp-content\/uploads\/vatican-city-pass-1747300138-768x432.jpg\"\/>\n<\/aside>\n\n\n\n<header class=\"ms-p-sm\">\n<h3 class=\"gb-text ms-text-lg ms-card-h__title ms-container-link ms-link-unstyled\"><a href=\"https:\/\/www.rome.info\/it\/city-passes\/vatican-city-pass\/\">Vatican City Pass<\/a><\/h3>\n\n\n\n<p class=\"gb-text ms-text-sm ms-mb-0 ms-card-h__excerpt\">Ingresso salta-la-coda e visite guidate ai principali siti vaticani, con audioguida della citt\u00e0 inclusa.<\/p>\n<\/header>\n<\/div>\n<\/div>\n\n<div class=\"gb-loop-item post-1127 page type-page status-publish has-post-thumbnail\">\n<div class=\"ms-card-h ms-card\">\n<aside class=\"gb-element-59385eea\">\n<img decoding=\"async\" alt=\"\" data-media-id=\"960\" class=\"ms-rounded ms-card-h__image ms-card__image\" src=\"https:\/\/www.rome.info\/wp-content\/uploads\/omnia-card-1754973489-768x432.jpg\"\/>\n<\/aside>\n\n\n\n<header class=\"ms-p-sm\">\n<h3 class=\"gb-text ms-text-lg ms-card-h__title ms-container-link ms-link-unstyled\"><a href=\"https:\/\/www.rome.info\/it\/city-passes\/omnia-card\/\">Omnia Card<\/a><\/h3>\n\n\n\n<p class=\"gb-text ms-text-sm ms-mb-0 ms-card-h__excerpt\">Accesso prioritario ai Musei Vaticani, bus hop-on hop-off illimitati e molto altro: scegli tra 24 o 72 ore con vantaggi esclusivi.<\/p>\n<\/header>\n<\/div>\n<\/div>\n\n<div class=\"gb-loop-item post-1128 page type-page status-publish has-post-thumbnail\">\n<div class=\"ms-card-h ms-card\">\n<aside class=\"gb-element-59385eea\">\n<img decoding=\"async\" alt=\"\" data-media-id=\"962\" class=\"ms-rounded ms-card-h__image ms-card__image\" src=\"https:\/\/www.rome.info\/wp-content\/uploads\/rome-tourist-card-1754904695-768x432.jpg\"\/>\n<\/aside>\n\n\n\n<header class=\"ms-p-sm\">\n<h3 class=\"gb-text ms-text-lg ms-card-h__title ms-container-link ms-link-unstyled\"><a href=\"https:\/\/www.rome.info\/it\/city-passes\/rome-tourist-card\/\">Rome Tourist Card<\/a><\/h3>\n\n\n\n<p class=\"gb-text ms-text-sm ms-mb-0 ms-card-h__excerpt\">Salta la coda al Colosseo, ai Musei Vaticani, al Pantheon, alla Basilica di San Pietro e non solo, con audioguida della citt\u00e0 inclusa.<\/p>\n<\/header>\n<\/div>\n<\/div>\n<\/div><\/div>\n<\/div>\n","protected":false},"excerpt":{"rendered":"<p>Ingresso gratuito a 1 o 2 attrazioni principali, trasporto pubblico illimitato per 72 ore e accesso salta-la-coda.<\/p>\n","protected":false},"author":9,"featured_media":963,"parent":1122,"menu_order":0,"comment_status":"closed","ping_status":"closed","template":"","meta":{"_acf_changed":false,"footnotes":"","button_url":"https:\/\/www.getyourguide.com\/rome-l33\/roma-pass-official-city-card-with-transportation-t68896\/?partner_id=1URQJZP&utm_medium=online_publisher","ms_product_id":"","ms_product_name":"","ms_price":"","ms_currency":"","ms_rating_value":"","ms_review_count":"","rank_math_title":"Roma Pass: Il Modo Pi\u00f9 Semplice per Vedere le Principali Attrazioni di Roma","rank_math_description":"Risparmia tempo e denaro con il Roma Pass. Include l'ingresso a 1 o 2 siti principali, trasporti pubblici illimitati e sconti su oltre 50 attrazioni a Roma."},"post-style":[],"producer":[37],"class_list":["post-1123","page","type-page","status-publish","has-post-thumbnail"],"acf":[],"product_schema":{"ms_product_id":"","ms_product_name":"","ms_price":"","ms_currency":"","ms_rating_value":"","ms_review_count":""},"_links":{"self":[{"href":"https:\/\/www.rome.info\/it\/wp-json\/wp\/v2\/pages\/1123","targetHints":{"allow":["GET"]}}],"collection":[{"href":"https:\/\/www.rome.info\/it\/wp-json\/wp\/v2\/pages"}],"about":[{"href":"https:\/\/www.rome.info\/it\/wp-json\/wp\/v2\/types\/page"}],"author":[{"embeddable":true,"href":"https:\/\/www.rome.info\/it\/wp-json\/wp\/v2\/users\/9"}],"replies":[{"embeddable":true,"href":"https:\/\/www.rome.info\/it\/wp-json\/wp\/v2\/comments?post=1123"}],"version-history":[{"count":1,"href":"https:\/\/www.rome.info\/it\/wp-json\/wp\/v2\/pages\/1123\/revisions"}],"predecessor-version":[{"id":1153,"href":"https:\/\/www.rome.info\/it\/wp-json\/wp\/v2\/pages\/1123\/revisions\/1153"}],"up":[{"embeddable":true,"href":"https:\/\/www.rome.info\/it\/wp-json\/wp\/v2\/pages\/1122"}],"wp:featuredmedia":[{"embeddable":true,"href":"https:\/\/www.rome.info\/it\/wp-json\/wp\/v2\/media\/963"}],"wp:attachment":[{"href":"https:\/\/www.rome.info\/it\/wp-json\/wp\/v2\/media?parent=1123"}],"wp:term":[{"taxonomy":"post-style","embeddable":true,"href":"https:\/\/www.rome.info\/it\/wp-json\/wp\/v2\/post-style?post=1123"},{"taxonomy":"producer","embeddable":true,"href":"https:\/\/www.rome.info\/it\/wp-json\/wp\/v2\/producer?post=1123"}],"curies":[{"name":"wp","href":"https:\/\/api.w.org\/{rel}","templated":true}]}}