{"id":1121,"date":"2026-04-21T05:11:05","date_gmt":"2026-04-21T05:11:05","guid":{"rendered":"https:\/\/www.rome.info\/it\/?page_id=1121"},"modified":"2026-04-21T05:15:45","modified_gmt":"2026-04-21T05:15:45","slug":"tram","status":"publish","type":"page","link":"https:\/\/www.rome.info\/it\/trasporti\/trasporti-pubblici\/tram\/","title":{"rendered":"Tram a Roma"},"content":{"rendered":"\n<p class=\"is-style-lead\">Pur non essendo il mezzo di trasporto pubblico pi\u00f9 diffuso in citt\u00e0, \u00e8 spesso citato come l&#8217;opzione pi\u00f9 pulita e confortevole e pu\u00f2 comunque aiutarti a raggiungere il Vaticano e il Colosseo, oltre al quartiere gastronomico di Trastevere.<\/p>\n\n\n\n<p>Ecco tutto quello che devi sapere.<\/p>\n\n\n<figure>\n                    <div class=\"ms-credits\"><img decoding=\"async\" class=\"gb-image gb-image-9b59990c\" src=\"https:\/\/www.rome.info\/wp-content\/uploads\/rome-tram-1747627226.jpg\" alt=\"Il tram della linea 8 che attraversa Largo Argentina a Roma.\" title=\"rome-tram-1747627226\"><span class='ms-credits__info' id='media2913'><svg xmlns=\"http:\/\/www.w3.org\/2000\/svg\" width=\"20\" height=\"22\" fill=\"#000000\" viewBox=\"0 0 256 256\"><path d=\"M128,24A104,104,0,1,0,232,128,104.11,104.11,0,0,0,128,24Zm0,192a88,88,0,1,1,88-88A88.1,88.1,0,0,1,128,216ZM96,128a32,32,0,0,0,57.6,19.2,8,8,0,0,1,12.8,9.61,48,48,0,1,1,0-57.62,8,8,0,0,1-12.8,9.61A32,32,0,0,0,96,128Z\"><\/path><\/svg> | rarrarorro<a href=https:\/\/depositphotos.com\/editorial\/tram-in-rome-154958088.html rel='nofollow' target='_blank'>Depositphotos<\/a><\/span><span class='ms-credits__btn' id='btn_media2913' onclick='ms_credits_trigger(\"#media2913\", this)'><svg xmlns=\"http:\/\/www.w3.org\/2000\/svg\" class=\"info_icon\" width=\"28\" height=\"28\" fill=\"#FFF\" viewBox=\"0 0 256 256\"><path d=\"M128,24A104,104,0,1,0,232,128,104.11,104.11,0,0,0,128,24Zm0,192a88,88,0,1,1,88-88A88.1,88.1,0,0,1,128,216Zm16-40a8,8,0,0,1-8,8,16,16,0,0,1-16-16V128a8,8,0,0,1,0-16,16,16,0,0,1,16,16v40A8,8,0,0,1,144,176ZM112,84a12,12,0,1,1,12,12A12,12,0,0,1,112,84Z\"><\/path><\/svg><svg xmlns=\"http:\/\/www.w3.org\/2000\/svg\" class=\"close_icon\" width=\"28\" height=\"28\" fill=\"#FFF\" viewBox=\"0 0 256 256\"><path d=\"M165.66,101.66,139.31,128l26.35,26.34a8,8,0,0,1-11.32,11.32L128,139.31l-26.34,26.35a8,8,0,0,1-11.32-11.32L116.69,128,90.34,101.66a8,8,0,0,1,11.32-11.32L128,116.69l26.34-26.35a8,8,0,0,1,11.32,11.32ZM232,128A104,104,0,1,1,128,24,104.11,104.11,0,0,1,232,128Zm-16,0a88,88,0,1,0-88,88A88.1,88.1,0,0,0,216,128Z\"><\/path><\/svg><\/span><\/div><\/figure>\n\n\n<h2 class=\"wp-block-heading\">Linee del Tram<\/h2>\n\n\n\n<p>Ci sono sei linee in totale, che, per rendere le cose un po&#8217; pi\u00f9 confuse, non sono numerate da uno a sei.<\/p>\n\n\n\n<ul class=\"wp-block-list\">\n<li>Linea 2: Piazza Flaminio \u2013 Piazza Mancini.<\/li>\n\n\n\n<li>Linea 3: Valle Giulia \u2013 Trastevere.<\/li>\n\n\n\n<li>Linea 5: Roma Termini \u2013 Piazza dei Gerani.&nbsp;<\/li>\n\n\n\n<li>Linea 8: Piazza Venezia \u2013 Via del Casaletto (Trastevere)<\/li>\n\n\n\n<li>Linea 14: Termini \u2013 Togliatti.<\/li>\n\n\n\n<li>Linea 19: Piazza Risorgimento (vicino al Vaticano) \u2013 Piazza dei Gerani.&nbsp;<\/li>\n<\/ul>\n\n\n\n<p>In genere passano ogni 5-10 minuti, anche se l&#8217;attesa sar\u00e0 pi\u00f9 lunga la domenica, quando circolano meno tram.<\/p>\n\n\n\n<p>La maggior parte delle linee del tram non \u00e8 particolarmente utile per i turisti, poich\u00e9 non si fermano nel centro storico e non coprono una vasta area di Roma. Molte ti porteranno anche vicino ad altre <a href=\"https:\/\/www.rome.info\/it\/trasporti\/\">forme di trasporto<\/a> come la <a href=\"https:\/\/www.rome.info\/it\/trasporti\/trasporti-pubblici\/metro\/\">metro<\/a> e le <a href=\"https:\/\/www.rome.info\/it\/trasporti\/treni\/\">stazioni ferroviarie<\/a>.<\/p>\n\n\n\n<p>Le linee pi\u00f9 utili sono la 3, la 8 e la 19: la 3 ti porta nel verdeggiante quartiere di Trastevere da <a href=\"https:\/\/www.rome.info\/it\/attrazioni\/villa-borghese\/\">Villa Borghese<\/a>, fermandosi al <a href=\"https:\/\/www.rome.info\/it\/attrazioni\/colosseo\/\" data-type=\"link\" data-id=\"https:\/\/www.rome.info\/it\/attrazioni\/colosseo\/\">Colosseo<\/a> lungo il percorso. La linea 8 attraversa il centro fino a Trastevere, mentre la 19 porta al Vaticano.<\/p>\n\n\n\n<h2 class=\"wp-block-heading\">Come Usare i Tram a Roma<\/h2>\n\n\n\n<h3 class=\"wp-block-heading\">Tariffe e Biglietti del Tram<\/h3>\n\n\n\n<p>A Roma i biglietti che acquisti sono validi per tutti i tipi di trasporto pubblico in citt\u00e0. Tieni presente che dovrai comprare i biglietti in anticipo. Alcuni tram ora dispongono di un biglietto elettronico tap-on tap-off che puoi pagare con carta di credito, ma nella maggior parte dei casi non \u00e8 possibile acquistare biglietti a bordo del tram.&nbsp;<\/p>\n\n\n\n<p>Puoi acquistare i biglietti alle macchinette automatiche presso le principali fermate degli autobus, nelle stazioni della metro e nelle tabaccherie (Tabacchi). Queste ultime sono riconoscibili perch\u00e9 di solito sono contrassegnate da una grande T all&#8217;esterno.&nbsp;<\/p>\n\n\n\n<p>Se preferisci un biglietto digitale, puoi scaricare l&#8217;app TicketAppy, l&#8217;app ufficiale dell&#8217;azienda di trasporto pubblico di Roma.&nbsp;<\/p>\n\n\n\n<p>Un biglietto elettronico in TicketAppy:<\/p>\n\n\n\n<p>Tieni presente che se decidi di usare il tram senza biglietto, potresti ricevere una multa da \u20ac50 a \u20ac100.<\/p>\n\n\n\n<h3 class=\"wp-block-heading\">Biglietto a Corsa Singola<\/h3>\n\n\n\n<p>\u00c8 piuttosto conveniente (\u20ac1,50) ed \u00e8 valido per 100 minuti dalla timbratura. Pu\u00f2 essere utilizzato su due o pi\u00f9 tram o autobus entro 100 minuti. \u00c8 inclusa una singola corsa in metro o su una linea ferroviaria urbana.<\/p>\n\n\n\n<h3 class=\"wp-block-heading\">Biglietto 24 Ore&nbsp;<\/h3>\n\n\n\n<p>\u00c8 un biglietto conveniente se prevedi di prendere diversi tram, autobus e metro durante la giornata. Per \u20ac7 avrai l&#8217;utilizzo illimitato dei trasporti pubblici a Roma dalla prima timbratura e per le successive 24 ore<\/p>\n\n\n\n<h3 class=\"wp-block-heading\">Biglietto 48 Ore<\/h3>\n\n\n\n<p>L&#8217;abbonamento da 48 ore funziona esattamente come quello da 24 ore. Costa \u20ac12,50.<\/p>\n\n\n\n<h3 class=\"wp-block-heading\">Biglietto 72 Ore:&nbsp;<\/h3>\n\n\n\n<p>A \u20ac18, \u00e8 una delle migliori opzioni se visiti Roma per il weekend.&nbsp;<\/p>\n\n\n\n<h3 class=\"wp-block-heading\">Abbonamento Settimanale (CIS):&nbsp;<\/h3>\n\n\n\n<p>L&#8217;abbonamento settimanale pu\u00f2 essere utilizzato dalla prima timbratura fino alla mezzanotte del settimo giorno. Costa \u20ac24.<\/p>\n\n\n\n<h3 class=\"wp-block-heading\">Roma Pass<\/h3>\n\n\n\n<p>Un&#8217;altra opzione \u00e8 acquistare una <a href=\"https:\/\/www.rome.info\/it\/city-passes\/roma-pass\/\">Roma Pass<\/a> per turisti. La Roma Pass ti d\u00e0 sconti sia sui trasporti pubblici che su alcune <a href=\"https:\/\/www.rome.info\/it\/attrazioni\/\">attrazioni<\/a>. \u00c8 disponibile presso la maggior parte degli uffici di informazioni turistiche.&nbsp;<\/p>\n\n\n\n<h2 class=\"wp-block-heading\">Pianifica il Tuo Percorso<\/h2>\n\n\n\n<p>Per pianificare il tuo percorso, puoi consultare la mappa della rete tramviaria. Le mappe mostrano tutte le linee con colori distinti e il numero di fermate. Sulle mappe sono indicate anche tutte le connessioni tra i tram e la metro, rendendo pi\u00f9 facile pianificare il viaggio.<\/p>\n\n\n\n<p>Ogni linea ha il proprio colore:<\/p>\n\n\n\n<ul class=\"wp-block-list\">\n<li>Linea 2 \u2013 blu scuro.<\/li>\n\n\n\n<li>Linea 3 \u2013 verde.<\/li>\n\n\n\n<li>Linea 5 \u2013 rossa.<\/li>\n\n\n\n<li>Linea 8 \u2013 giallo\/lime.<\/li>\n\n\n\n<li>Linea 14 \u2013 azzurra.<\/li>\n\n\n\n<li>Linea 19 \u2013 arancione.<\/li>\n<\/ul>\n\n\n\n<p>Per visualizzare una mappa della rete tramviaria di Roma:<\/p>\n\n\n\n<ul class=\"wp-block-list\">\n<li>Visita il <a href=\"https:\/\/www.atac.roma.it\/en\/utility\/maps\" rel=\"nofollow noopener\"><strong>sito ufficiale ATAC<\/strong><\/a>. Potrai scaricare una versione aggiornata e stampabile.<\/li>\n\n\n\n<li>Dai un&#8217;occhiata ad alcune delle mappe delle fermate del tram nelle principali stazioni della metro e a bordo della maggior parte dei tram.&nbsp;<\/li>\n\n\n\n<li>Usa app come Google Maps, CityMapper e Moovit.<\/li>\n<\/ul>\n\n\n\n<p>Individua la tua fermata e aspetta l&#8217;arrivo del tram. Quando tutti i passeggeri sono scesi, puoi salire a bordo.<\/p>\n\n\n\n<h3 class=\"wp-block-heading\">Convalida il Biglietto<\/h3>\n\n\n\n<p>Una volta salito a bordo, devi convalidare il biglietto cartaceo usando una delle macchinette. Inserisci l&#8217;estremit\u00e0 con la freccia nell&#8217;apposita fessura e la macchinetta timbrer\u00e0 il tuo biglietto. Se una delle macchinette \u00e8 rotta, scrivi l&#8217;ora e la data sul biglietto, quindi tieni una penna con te.<\/p>\n\n\n\n<h3 class=\"wp-block-heading\">Scendere dal Tram<\/h3>\n\n\n\n<p>A differenza della metro, le fermate del tram non vengono annunciate. Per sapere dove scendere, puoi:<\/p>\n\n\n\n<ul class=\"wp-block-list\">\n<li>Usa un&#8217;app come Google Maps che ti avvisa quando sei arrivato alla fermata desiderata.<\/li>\n\n\n\n<li>Conta le fermate in anticipo e scendi quando hai raggiunto quella giusta.<\/li>\n\n\n\n<li>Guarda fuori dal finestrino e leggi il nome della tua destinazione in cima alla fermata.<\/li>\n<\/ul>\n\n\n\n<p>Quando vuoi che l&#8217;autista si fermi alla stazione, premi il campanello rosso o il pulsante di stop.<\/p>\n\n\n\n<h2 class=\"wp-block-heading\">Galateo<\/h2>\n\n\n\n<p>Come per tutti i mezzi di trasporto, \u00e8 buona educazione lasciare scendere i passeggeri dal tram prima di salire. Tieni presente che ci sono posti a sedere riservati ad anziani e persone con disabilit\u00e0. Assicurati di essere pronto a liberare questi posti quando salgono a bordo.<\/p>\n\n\n\n<h2 class=\"wp-block-heading\">Consigli su Accessibilit\u00e0 e Sicurezza<\/h2>\n\n\n\n<p>L&#8217;accesso per le sedie a rotelle sui tram romani \u00e8 limitato. Pertanto, potresti dover aspettare uno accessibile. I tram pi\u00f9 vecchi hanno due gradini per accedervi. I modelli pi\u00f9 recenti sono dotati di pianale ribassato per facilitare l&#8217;accesso alle sedie a rotelle.&nbsp;&nbsp;<\/p>\n\n\n\n<p>Roma \u00e8 una grande citt\u00e0, ma \u00e8 abbastanza sicura. Il buon senso nell&#8217;uso dei tram sar\u00e0 sufficiente per evitare situazioni spiacevoli: tieni le borse chiuse con la zip e fai attenzione alle tasche, specialmente durante la salita o la discesa dal tram. Purtroppo i borseggiatori possono essere presenti.<\/p>\n\n\n\n<h2 class=\"wp-block-heading\">Attrazioni nelle Vicinanze<\/h2>\n\n\n\n<h3 class=\"wp-block-heading\">Linea 2<\/h3>\n\n\n\n<p>Da Piazzale Flaminio, a pochi passi da <a href=\"https:\/\/www.rome.info\/it\/attrazioni\/villa-borghese\/\">Villa Borghese<\/a> e dalla <a href=\"https:\/\/www.rome.info\/attractions\/piazza-di-spagna\/\">Scalinata di Trinit\u00e0 dei Monti<\/a>, puoi prendere il tram linea 2.&nbsp;<\/p>\n\n\n\n<ul class=\"wp-block-list\">\n<li>Dirigiti a Piazza Mancini per assistere a una partita di calcio allo stadio Stadio Olimpico dell&#8217;<a href=\"https:\/\/www.rome.info\/as-roma\/\">AS Roma<\/a>. A pochi passi troverai anche il MAXXI, il Museo Nazionale delle Arti del XXI Secolo.<\/li>\n\n\n\n<li>Scendi a Piazzale Flaminio per una passeggiata su Via del Corso<\/li>\n<\/ul>\n\n\n\n<h3 class=\"wp-block-heading\">Linea 3<\/h3>\n\n\n\n<p>Se sei un turista, questa linea raggiunge diversi interessanti luoghi da visitare.<\/p>\n\n\n\n<ul class=\"wp-block-list\">\n<li>Scendi alla fermata del Colosseo. A pochi passi raggiungerai il famoso <a href=\"https:\/\/www.rome.info\/it\/attrazioni\/colosseo\/\">Colosseo<\/a><strong>, <\/strong><a href=\"https:\/\/www.rome.info\/it\/attrazioni\/foro-romano\/\">Foro Romano<\/a> e il <a href=\"https:\/\/www.rome.info\/it\/attrazioni\/palatino\/\">Palatino<\/a>.<\/li>\n\n\n\n<li>Se vuoi visitare il <a href=\"https:\/\/www.rome.info\/it\/attrazioni\/circo-massimo\/\">Circo Massimo<\/a> e l&#8217;Aventino, fermati ad Aventino \/ Circo Massimo. Qui troverai anche una fermata della metro linea B.<\/li>\n\n\n\n<li><a href=\"https:\/\/www.rome.info\/plan\/map\/trastevere\/\">Trastevere<\/a> \u00e8 una zona popolare per chi vuole immergersi nella cucina e nella vita notturna romana. Puoi trovare molti ristoranti e bar, perfetti per un pranzo o un aperitivo serale. Scendi alla fermata Belli.<\/li>\n<\/ul>\n\n\n\n<h3 class=\"wp-block-heading\">Linea 19<\/h3>\n\n\n\n<ul class=\"wp-block-list\">\n<li>Questo ti porter\u00e0 ai Musei Vaticani e alla Basilica di San Pietro. Usa la fermata Piazza del Risorgimento e da l\u00ec \u00e8 una breve passeggiata.<\/li>\n<\/ul>\n\n\n\n<h3 class=\"wp-block-heading\">Linea 5&nbsp;<\/h3>\n\n\n\n<p>Questo tram ti porta nei quartieri alternativi di Roma Est.&nbsp;<\/p>\n\n\n\n<ul class=\"wp-block-list\">\n<li>Scendi a Porta Maggiore per raggiungere San Lorenzo, una zona vivace frequentata dagli studenti universitari.&nbsp;<\/li>\n\n\n\n<li>Dirigiti a Piazzale Prenestino per un aperitivo come un locale nella zona di Pigneto.<\/li>\n<\/ul>\n\n\n\n<h3 class=\"wp-block-heading\">Linea 8<\/h3>\n\n\n\n<ul class=\"wp-block-list\">\n<li>La fermata del tram Piazza Venezia \u00e8 ideale per la zona di Via del Corso, famosa per i suoi negozi.<\/li>\n\n\n\n<li>Dalla fermata Arenula \/ Cairoli puoi raggiungere la splendida <a href=\"https:\/\/www.rome.info\/attractions\/piazza-navona\/\">Piazza Navona<\/a> e <a href=\"https:\/\/www.rome.info\/it\/attrazioni\/campo-de-fiori\/\">Campo De&#8217; Fiori<\/a><\/li>\n\n\n\n<li>Dirigiti alla fermata Casaletto per raggiungere Villa Pamphili, il parco pi\u00f9 grande di Roma. Da Via del Casaletto puoi prendere un autobus o camminare per circa 20 minuti.<\/li>\n\n\n\n<li>Proprio come la linea 3, il tram 8 si ferma a Trastevere ed \u00e8 a pochi passi dal <a href=\"https:\/\/www.rome.info\/areas\/jewish-ghetto\/\">Ghetto Ebraico<\/a> di Roma. Cerca le fermate Belli, Arenula \/ Ministero Giustizia e Trastevere \/ Mastai<\/li>\n<\/ul>\n\n\n\n<h2 class=\"wp-block-heading\">Consigli di Viaggio in Tram per Turisti&nbsp;<\/h2>\n\n\n\n<p>Pianificare il percorso e seguire i nostri consigli di sicurezza dovrebbe essere sufficiente per garantire un viaggio tranquillo e senza problemi.&nbsp;<\/p>\n\n\n\n<p>Acquistare il biglietto con largo anticipo (non 5 minuti prima) pu\u00f2 aiutare, e se stai comprando biglietti singoli, prendine qualcuno alla volta: ti risparmier\u00e0 un&#8217;altra corsa in tabaccheria quando stai correndo verso una fermata del tram. Ricorda sempre di convalidare il biglietto per non rischiare una multa salata.<\/p>\n\n\n\n<p>Evitare le ore pi\u00f9 affollate della giornata render\u00e0 anche il tuo viaggio pi\u00f9 piacevole.<\/p>\n\n\n\n<h2 class=\"wp-block-heading\">Domande Frequenti<\/h2>\n\n\n\n<h3 class=\"wp-block-heading\"><strong>Ci sono ancora i tram a Roma?<\/strong><\/h3>\n\n\n\n<p>I tram a Roma esistono ancora. Con sole sei linee, non \u00e8 il sistema pi\u00f9 esteso, ma esistono sicuramente.<\/p>\n\n\n\n<h3 class=\"wp-block-heading\"><strong>I tram a Roma sono gratuiti?<\/strong><\/h3>\n\n\n\n<p>No, i tram non sono gratuiti. Anche se il tuo biglietto non verr\u00e0 controllato ogni volta \u2013 l&#8217;autista non controlla i biglietti \u2013 i controlli a campione avvengono regolarmente. Non vuoi farti trovare senza biglietto.<\/p>\n\n\n\n<h3 class=\"wp-block-heading\"><strong>Come si usa il tram a Roma?<\/strong><\/h3>\n\n\n\n<p>Acquista semplicemente un biglietto in anticipo, dirigiti alla tua fermata e sali a bordo. Non dimenticare di convalidare il biglietto nella piccola macchinetta gialla a bordo.<\/p>\n\n\n\n<h3 class=\"wp-block-heading\"><strong>Come si paga il tram in Italia?<\/strong><\/h3>\n\n\n\n<p>Acquisti un biglietto o un abbonamento prima di salire a bordo. Puoi trovarlo alle macchinette automatiche nelle stazioni della metro o nelle grandi stazioni degli autobus, ma forse pi\u00f9 facilmente nei negozi &#8216;Tabacchi&#8217;, che sono essenzialmente tabaccherie\/edicole sparse per tutta la citt\u00e0.<\/p>\n","protected":false},"excerpt":{"rendered":"","protected":false},"author":9,"featured_media":995,"parent":1106,"menu_order":0,"comment_status":"closed","ping_status":"closed","template":"","meta":{"_acf_changed":false,"footnotes":"","button_url":"https:\/\/www.tiqets.com\/it\/public-transport-rome-tickets-l236356\/?partner=romeinfo","ms_product_id":"","ms_product_name":"","ms_price":"","ms_currency":"","ms_rating_value":"","ms_review_count":"","rank_math_title":"Tram a Roma: Mappa, Linee, Biglietti e Consigli per Muoversi","rank_math_description":"Pianifica il tuo viaggio con il sistema tranviario di Roma! Ottieni la mappa dei tram pi\u00f9 recente, percorsi, linee e informazioni sui biglietti per esplorare la citt\u00e0 come un locale nel %currentyear%."},"post-style":[],"producer":[34],"class_list":["post-1121","page","type-page","status-publish","has-post-thumbnail"],"acf":[],"product_schema":{"ms_product_id":"","ms_product_name":"","ms_price":"","ms_currency":"","ms_rating_value":"","ms_review_count":""},"_links":{"self":[{"href":"https:\/\/www.rome.info\/it\/wp-json\/wp\/v2\/pages\/1121","targetHints":{"allow":["GET"]}}],"collection":[{"href":"https:\/\/www.rome.info\/it\/wp-json\/wp\/v2\/pages"}],"about":[{"href":"https:\/\/www.rome.info\/it\/wp-json\/wp\/v2\/types\/page"}],"author":[{"embeddable":true,"href":"https:\/\/www.rome.info\/it\/wp-json\/wp\/v2\/users\/9"}],"replies":[{"embeddable":true,"href":"https:\/\/www.rome.info\/it\/wp-json\/wp\/v2\/comments?post=1121"}],"version-history":[{"count":1,"href":"https:\/\/www.rome.info\/it\/wp-json\/wp\/v2\/pages\/1121\/revisions"}],"predecessor-version":[{"id":1151,"href":"https:\/\/www.rome.info\/it\/wp-json\/wp\/v2\/pages\/1121\/revisions\/1151"}],"up":[{"embeddable":true,"href":"https:\/\/www.rome.info\/it\/wp-json\/wp\/v2\/pages\/1106"}],"wp:featuredmedia":[{"embeddable":true,"href":"https:\/\/www.rome.info\/it\/wp-json\/wp\/v2\/media\/995"}],"wp:attachment":[{"href":"https:\/\/www.rome.info\/it\/wp-json\/wp\/v2\/media?parent=1121"}],"wp:term":[{"taxonomy":"post-style","embeddable":true,"href":"https:\/\/www.rome.info\/it\/wp-json\/wp\/v2\/post-style?post=1121"},{"taxonomy":"producer","embeddable":true,"href":"https:\/\/www.rome.info\/it\/wp-json\/wp\/v2\/producer?post=1121"}],"curies":[{"name":"wp","href":"https:\/\/api.w.org\/{rel}","templated":true}]}}