{"id":1117,"date":"2026-04-21T05:11:02","date_gmt":"2026-04-21T05:11:02","guid":{"rendered":"https:\/\/www.rome.info\/it\/?page_id=1117"},"modified":"2026-04-21T05:15:42","modified_gmt":"2026-04-21T05:15:42","slug":"transfer","status":"publish","type":"page","link":"https:\/\/www.rome.info\/it\/aeroporto\/transfer\/","title":{"rendered":"Transfer Aeroportuali a Roma"},"content":{"rendered":"\n<p class=\"is-style-lead\">Roma ha due aeroporti: <a href=\"https:\/\/www.rome.info\/it\/aeroporto\/fiumicino\/\">Fiumicino<\/a>, il principale aeroporto internazionale, e <a href=\"https:\/\/www.rome.info\/it\/aeroporto\/ciampino\/\">Ciampino<\/a>, pi\u00f9 piccolo ma pi\u00f9 vicino al centro citt\u00e0. Esistono diversi modi per raggiungere entrambi.&nbsp;Qui abbiamo preparato una guida dettagliata per aiutarti a rendere il tuo transfer in aeroporto il pi\u00f9 agevole possibile.<\/p>\n\n\n\n<div class=\"ms-p ms-rounded ms-mb-last-child-0 ms-mb-children-condensed ms-alert--contrast ms-mb-block\">\n<p><strong>\u2708\ufe0f Prenota il Tuo Transfer + le Principali Attrazioni Insieme<\/strong><\/p>\n\n\n\n<p class=\"gb-text\"><a href=\"https:\/\/www.rome.info\/it\/city-passes\/rome-tourist-card\/\" data-type=\"link\" data-id=\"https:\/\/www.rome.info\/it\/city-passes\/rome-tourist-card\/\"><strong>Rome Tourist Card<\/strong><\/a> offre ora un optional di transfer aeroportuale insieme all&#8217;ingresso prioritario al Colosseo, ai Musei Vaticani e alla Basilica di San Pietro.<\/p>\n<\/div>\n\n\n\n<h2 class=\"wp-block-heading\">Transfer dall&#8217;Aeroporto di Fiumicino<\/h2>\n\n\n\n<p>L&#8217;Aeroporto di Fiumicino si trova a circa 30 km dal centro di Roma, ma \u00e8 abbastanza semplice da raggiungere. Esistono diversi modi per arrivarci, dai treni ai transfer privati. Ecco le opzioni disponibili.<\/p>\n\n\n\n<div data-tiqets-widget=\"discovery\" data-cards-layout=\"responsive\" data-slug-ids=\"pro1114494,pro1114531,pro1052588\" data-partner=\"romeinfo\"><\/div><script defer src=\"https:\/\/widgets.tiqets.com\/loader.js\"><\/script>\n\n\n\n<h3 class=\"wp-block-heading\">Treni<\/h3>\n\n\n\n<figure class=\"gb-block-image gb-block-image-a2e6bb73\"><img decoding=\"async\" class=\"gb-image gb-image-a2e6bb73\" src=\"https:\/\/www.rome.info\/wp-content\/uploads\/f-fiumicino-train-station.jpg\" alt=\"Persone che camminano verso un treno all'interno della stazione ferroviaria dell'Aeroporto di Fiumicino.\"\/><\/figure>\n\n\n\n<p>Se viaggi di giorno e non hai molti bagagli, il modo pi\u00f9 veloce e <a href=\"https:\/\/www.rome.info\/it\/trasporti\/treni\/\">migliore per raggiungere Roma \u00e8 in treno<\/a>. La stazione ferroviaria si trova a dieci minuti a piedi dall&#8217;area Arrivi e offre due opzioni per raggiungere il centro di Roma. Esiste anche una terza opzione chiamata Frecciargento, ma ferma solo in altre citt\u00e0 italiane, saltando Roma.<\/p>\n\n\n\n<h3 class=\"wp-block-heading\">Leonardo Express<\/h3>\n\n\n\n<p>Questo treno \u00e8 un servizio diretto senza fermate intermedie fino alla stazione Termini, la principale stazione ferroviaria nel centro di Roma.&nbsp;<\/p>\n\n\n\n<ul class=\"wp-block-list\">\n<li>Il treno passa ogni 15 minuti e impiega circa 32 minuti per arrivare.&nbsp;<\/li>\n\n\n\n<li>Il primo treno parte dall&#8217;aeroporto alle 6:08 e l&#8217;ultimo alle 23:23 (rispettivamente alle 5:20 e alle 22:35 da Termini).<\/li>\n\n\n\n<li>I biglietti costano \u20ac14 per gli adulti. I bambini sotto i 4 anni viaggiano gratis, e quelli tra i 4 e i 12 anni viaggiano gratis se accompagnati da un adulto pagante.<\/li>\n<\/ul>\n\n\n\n<h3 class=\"wp-block-heading\">Treni Regionali<\/h3>\n\n\n\n<p>Un&#8217;alternativa pi\u00f9 economica \u00e8 prendere uno dei treni regionali FL1. \u00c8 un&#8217;ottima scelta se alloggi nel quartiere di Trastevere, poich\u00e9 il treno ha una fermata vicino a quella zona.<\/p>\n\n\n\n<ul class=\"wp-block-list\">\n<li>Il treno passa ogni 15-30 minuti e impiega circa 50 minuti per raggiungere il capolinea.<\/li>\n\n\n\n<li>Il treno ferma alle stazioni di <a href=\"https:\/\/www.rome.info\/plan\/map\/trastevere\/\">Trastevere<\/a>, Ostiense, Tuscolana e Tiburtina a Roma. Non ferma a Termini.<\/li>\n\n\n\n<li>Il primo treno parte alle 5:58 e l&#8217;ultimo alle 22:28 (rispettivamente alle 6:00 e alle 23:00 la domenica).<\/li>\n\n\n\n<li>I biglietti costano \u20ac8 per gli adulti. I bambini sotto i 4 anni viaggiano gratis.<\/li>\n<\/ul>\n\n\n\n<p>Puoi acquistare il biglietto del treno per entrambe le linee alle macchinette automatiche all&#8217;esterno dell&#8217;area ritiro bagagli in <a href=\"https:\/\/www.rome.info\/it\/aeroporto\/\">aeroporto<\/a> oppure alle biglietterie automatiche o agli sportelli in stazione. In alternativa, puoi acquistare il biglietto online in anticipo.<\/p>\n\n\n\n<p>Ricorda di timbrare il biglietto nelle apposite macchinette sul binario prima di salire sul treno.<\/p>\n\n\n\n<h3 class=\"wp-block-heading\">Autobus<\/h3>\n\n\n\n<figure class=\"gb-block-image gb-block-image-3494525a\"><img decoding=\"async\" class=\"gb-image gb-image-3494525a\" src=\"https:\/\/www.rome.info\/wp-content\/uploads\/f-airport-bus-shuttle.jpg\" alt=\"Un gruppo di persone aspetta di salire su un autobus navetta aeroportuale.\"\/><\/figure>\n\n\n\n<p>L&#8217;opzione pi\u00f9 economica per raggiungere Roma \u00e8 <a href=\"https:\/\/www.rome.info\/it\/trasporti\/trasporti-pubblici\/autobus\/\">prendere l&#8217;autobus<\/a>. Sebbene ci voglia pi\u00f9 tempo rispetto al treno (fino a un&#8217;ora a seconda del traffico), alcuni autobus effettuano pi\u00f9 fermate nel centro citt\u00e0, il che potrebbe rendere pi\u00f9 comodo raggiungere il tuo <a href=\"https:\/\/www.rome.info\/accommodation\/\">alloggio<\/a> prima di arrivare a Termini.<\/p>\n\n\n\n<p>Poich\u00e9 Fiumicino \u00e8 tecnicamente un comune diverso, esiste un solo autobus del trasporto pubblico che porta a Roma. Gli altri sono autobus privati che seguono un percorso pi\u00f9 veloce. In totale ci sono cinque opzioni tra cui scegliere:<\/p>\n\n\n\n<h3 class=\"wp-block-heading\">Terravision<\/h3>\n\n\n\n<ul class=\"wp-block-list\">\n<li>Partenza da: stazione degli autobus (fuori dal terminal 3 Arrivi) &#8211; stallo 14<\/li>\n\n\n\n<li>Fermate: diretto alla Stazione Termini<\/li>\n\n\n\n<li>Biglietti: acquistabili online, alla stazione degli autobus o direttamente a bordo. \u20ac6 per gli adulti. I bambini sotto i 4 anni viaggiano gratis.<\/li>\n\n\n\n<li>Orari: Il primo autobus parte dall&#8217;aeroporto alle 8:30 e l&#8217;ultimo alle 00:45 (rispettivamente alle 4:30 e alle 19:20 da Termini)<\/li>\n<\/ul>\n\n\n\n<h3 class=\"wp-block-heading\">Rome Airport Bus<\/h3>\n\n\n\n<ul class=\"wp-block-list\">\n<li>Partenza da: stazione degli autobus (fuori dal terminal 3 Arrivi) &#8211; stallo 15<\/li>\n\n\n\n<li>Fermate: diretto alla Stazione Termini<\/li>\n\n\n\n<li>Biglietti: acquistabili online, alla stazione degli autobus o direttamente a bordo. \u20ac6,90 per gli adulti. I bambini sotto i 5 anni viaggiano gratis.<\/li>\n\n\n\n<li>Orari: Il primo autobus parte dall&#8217;aeroporto alle 5:40 e l&#8217;ultimo alle 00:05 (rispettivamente alle 4:25 e alle 23:00 da Termini)<\/li>\n<\/ul>\n\n\n\n<h3 class=\"wp-block-heading\">T.A.M.<\/h3>\n\n\n\n<ul class=\"wp-block-list\">\n<li>Partenza da: stazione degli autobus (fuori dal terminal 3 Arrivi) &#8211; stallo 13<\/li>\n\n\n\n<li>Fermate: Roma Ostiense e Stazione Termini<\/li>\n\n\n\n<li>Biglietti: acquistabili online, alla stazione degli autobus o direttamente a bordo. \u20ac6 online, \u20ac8 in stazione<\/li>\n\n\n\n<li>Orari: Il primo autobus parte dall&#8217;aeroporto alle 5:40 e l&#8217;ultimo alle 2:30 (24h da Termini)<\/li>\n<\/ul>\n\n\n\n<h3 class=\"wp-block-heading\">SIT Bus Shuttle<\/h3>\n\n\n\n<ul class=\"wp-block-list\">\n<li>Partenza da: stazione degli autobus (fuori dal terminal 3 Arrivi) &#8211; stallo 12<\/li>\n\n\n\n<li>Fermate: Via Aurelia, Citt\u00e0 del Vaticano e Stazione Termini<\/li>\n\n\n\n<li>Biglietti: acquistabili online o direttamente a bordo. \u20ac7 per gli adulti<\/li>\n\n\n\n<li>Orari: Il primo autobus parte dall&#8217;aeroporto alle 8:30 e l&#8217;ultimo alle 21:55 (rispettivamente alle 4:45 e alle 20:00 da Termini)<\/li>\n<\/ul>\n\n\n\n<h3 class=\"wp-block-heading\">Cotral<\/h3>\n\n\n\n<ul class=\"wp-block-list\">\n<li>Partenza da: stazione degli autobus regionali al Terminal 1 &#8211; area Arrivi<\/li>\n\n\n\n<li>Fermate: Piazza del Cinquecento, Stazione Tiburtina, Stazione Termini, Stazione Cornelia, Stazione Eur-Magliana, Ostia-Piazza Sirio e Ostia-Piazza Stazione<\/li>\n\n\n\n<li>Biglietti: acquistabili all&#8217;edicola all&#8217;interno dell&#8217;aeroporto o direttamente a bordo a un prezzo maggiorato. \u20ac5-\u20ac7 per gli adulti<\/li>\n\n\n\n<li>Orari: Il calendario varia durante la settimana.<\/li>\n<\/ul>\n\n\n\n<h3 class=\"wp-block-heading\">Taxi<\/h3>\n\n\n\n<figure class=\"gb-block-image gb-block-image-24a82b8b\"><img decoding=\"async\" class=\"gb-image gb-image-24a82b8b\" src=\"https:\/\/www.rome.info\/wp-content\/uploads\/f-rome-taxis.jpg\" alt=\"Una fila di taxi romani.\"\/><\/figure>\n\n\n\n<p><a href=\"https:\/\/www.rome.info\/it\/trasporti\/taxi\/\">I taxi <\/a>potrebbero non essere l&#8217;opzione pi\u00f9 economica, ma sono tra i modi pi\u00f9 comodi e affidabili per raggiungere il centro citt\u00e0 nel modo pi\u00f9 rapido e senza problemi.<\/p>\n\n\n\n<p>\u00c8 prevista una tariffa fissa di \u20ac48 per tutti i tragitti che terminano all&#8217;interno delle Mura Aureliane, ovvero praticamente ovunque nel centro storico. Per le destinazioni fuori dalle mura, la corsa sar\u00e0 calcolata a tassametro. Si pu\u00f2 pagare in contanti o con carta e, sebbene la mancia non sia obbligatoria, \u00e8 sempre gradita.<\/p>\n\n\n\n<p>Il posteggio dei taxi si trova subito fuori dall&#8217;area Arrivi, con i taxi tutti in fila. I taxi a Roma sono bianchi e hanno un cartello &#8220;Taxi&#8221; sul tetto. Fai attenzione agli autisti non ufficiali che potrebbero avvicinarti all&#8217;interno dell&#8217;area arrivi. Ti chiederanno se vuoi un taxi e poi ti indirizzeranno verso un&#8217;auto non autorizzata, dove di solito finirai per pagare molto di pi\u00f9.<\/p>\n\n\n\n<h3 class=\"wp-block-heading\">Transfer Privati<\/h3>\n\n\n\n<figure class=\"gb-block-image gb-block-image-a8a68db7\"><img decoding=\"async\" class=\"gb-image gb-image-a8a68db7\" src=\"https:\/\/www.rome.info\/wp-content\/uploads\/f-private-car-tranfers.jpg\" alt=\"Un uomo in giacca e cravatta aspetta i suoi passeggeri davanti a un'auto per transfer privato fuori da un aeroporto.\"\/><\/figure>\n\n\n\n<p>Se viaggi con molte persone, hai tanti bagagli o temi di essere truffato da un taxi, hai anche la possibilit\u00e0 di prenotare un transfer privato. Conviene farlo prima del volo, in modo che il tuo autista dedicato possa venirti a prendere agli Arrivi non appena sei atterrato.<\/p>\n\n\n\n<p>Come i taxi, anche i transfer privati hanno una tariffa fissa, che per\u00f2 varia in base alla compagnia scelta e tende ad essere notevolmente pi\u00f9 alta.<\/p>\n\n\n\n<h3 class=\"wp-block-heading\">Autonoleggio<\/h3>\n\n\n<figure>\n                    <div class=\"ms-credits\"><img decoding=\"async\" class=\"gb-image gb-image-d92aa895\" src=\"https:\/\/www.rome.info\/wp-content\/uploads\/f-car-rental-sign.jpg\" alt=\"Un cartello di autonoleggio aeroportuale.\"><span class='ms-credits__info' id='media966'><svg xmlns=\"http:\/\/www.w3.org\/2000\/svg\" width=\"20\" height=\"22\" fill=\"#000000\" viewBox=\"0 0 256 256\"><path d=\"M128,24A104,104,0,1,0,232,128,104.11,104.11,0,0,0,128,24Zm0,192a88,88,0,1,1,88-88A88.1,88.1,0,0,1,128,216ZM96,128a32,32,0,0,0,57.6,19.2,8,8,0,0,1,12.8,9.61,48,48,0,1,1,0-57.62,8,8,0,0,1-12.8,9.61A32,32,0,0,0,96,128Z\"><\/path><\/svg> | georgios<a href=https:\/\/depositphotos.com\/photo\/michelangelo-5599092.html rel='nofollow' target='_blank'>Depositphotos<\/a><\/span><span class='ms-credits__btn' id='btn_media966' onclick='ms_credits_trigger(\"#media966\", this)'><svg xmlns=\"http:\/\/www.w3.org\/2000\/svg\" class=\"info_icon\" width=\"28\" height=\"28\" fill=\"#FFF\" viewBox=\"0 0 256 256\"><path d=\"M128,24A104,104,0,1,0,232,128,104.11,104.11,0,0,0,128,24Zm0,192a88,88,0,1,1,88-88A88.1,88.1,0,0,1,128,216Zm16-40a8,8,0,0,1-8,8,16,16,0,0,1-16-16V128a8,8,0,0,1,0-16,16,16,0,0,1,16,16v40A8,8,0,0,1,144,176ZM112,84a12,12,0,1,1,12,12A12,12,0,0,1,112,84Z\"><\/path><\/svg><svg xmlns=\"http:\/\/www.w3.org\/2000\/svg\" class=\"close_icon\" width=\"28\" height=\"28\" fill=\"#FFF\" viewBox=\"0 0 256 256\"><path d=\"M165.66,101.66,139.31,128l26.35,26.34a8,8,0,0,1-11.32,11.32L128,139.31l-26.34,26.35a8,8,0,0,1-11.32-11.32L116.69,128,90.34,101.66a8,8,0,0,1,11.32-11.32L128,116.69l26.34-26.35a8,8,0,0,1,11.32,11.32ZM232,128A104,104,0,1,1,128,24,104.11,104.11,0,0,1,232,128Zm-16,0a88,88,0,1,0-88,88A88.1,88.1,0,0,0,216,128Z\"><\/path><\/svg><\/span><\/div><\/figure>\n\n\n<p>L&#8217;aeroporto \u00e8 anche dotato di numerose <a href=\"https:\/\/www.rome.info\/transport\/car-rental\/\">societ\u00e0 di autonoleggio<\/a> per chi desidera muoversi in autonomia. Una volta atterrato, segui le indicazioni per i banchi del noleggio auto e scegli tra le tante compagnie disponibili.<\/p>\n\n\n\n<p>Ci sono diverse opzioni, dalle grandi compagnie come Europcar e Hertz a quelle pi\u00f9 economiche, quindi non dovresti avere difficolt\u00e0 a trovare un&#8217;auto adatta a te.<\/p>\n\n\n\n<p>Tuttavia, sebbene noleggiare un&#8217;auto possa offrirti maggiore flessibilit\u00e0, tende anche a essere molto pi\u00f9 costoso nel lungo periodo e potrebbe non essere la scelta migliore se hai intenzione di restare solo in citt\u00e0: potresti perdere molto tempo nel traffico e i romani sono notoriamente guidatori spericolati. Ti consigliamo di noleggiare un&#8217;auto solo se prevedi di spostarti fuori Roma.<\/p>\n\n\n\n<h2 class=\"wp-block-heading\">Transfer dall&#8217;Aeroporto di Ciampino<\/h2>\n\n\n\n<div data-tiqets-widget=\"discovery\" data-cards-layout=\"responsive\" data-slug-ids=\"pro1032544,pro977123,pro1033840\" data-partner=\"romeinfo\"><\/div><script defer src=\"https:\/\/widgets.tiqets.com\/loader.js\"><\/script>\n\n\n\n<p>Sebbene Ciampino sia tecnicamente molto pi\u00f9 vicino al centro citt\u00e0 rispetto a Fiumicino \u2014 a soli 15 km di distanza \u2014 non offre altrettante opzioni di trasporto del grande aeroporto. Eccole elencate di seguito.<\/p>\n\n\n\n<h3 class=\"wp-block-heading\">Autobus<\/h3>\n\n\n\n<p>Di gran lunga, il modo pi\u00f9 semplice ed economico per raggiungere Roma dall&#8217;Aeroporto di Ciampino \u00e8 prendere uno degli autobus navetta privati. Il tragitto dura circa 45 minuti e porta alla Stazione Termini.<\/p>\n\n\n\n<h3 class=\"wp-block-heading\">Terravision<\/h3>\n\n\n\n<ul class=\"wp-block-list\">\n<li>Partenza da: fuori dal Terminal Arrivi &#8211; fermata 1<\/li>\n\n\n\n<li>Fermate: diretto alla Stazione Termini<\/li>\n\n\n\n<li>Biglietti: acquistabili online, all&#8217;interno dell&#8217;aeroporto o direttamente a bordo. \u20ac6 per gli adulti, i bambini sotto i 4 anni viaggiano gratis.<\/li>\n\n\n\n<li>Orari: Il primo autobus parte dall&#8217;aeroporto alle 9:35 e l&#8217;ultimo alle 23:40 (rispettivamente alle 4:40 e alle 18:55 da Termini)<\/li>\n<\/ul>\n\n\n\n<h3 class=\"wp-block-heading\">SIT Bus Shuttle<\/h3>\n\n\n\n<ul class=\"wp-block-list\">\n<li>Partenza da: fuori dal Terminal Arrivi &#8211; fermata 2<\/li>\n\n\n\n<li>Fermate: Stazione Termini, Citt\u00e0 del Vaticano e Via Aurelia<\/li>\n\n\n\n<li>Biglietti: acquistabili online o direttamente a bordo. \u20ac6 per gli adulti<\/li>\n\n\n\n<li>Orari: Il primo autobus parte dall&#8217;aeroporto alle 8:30 e l&#8217;ultimo alle 23:00 (rispettivamente alle 4:30 e alle 18:30 da Termini)<\/li>\n<\/ul>\n\n\n\n<h3 class=\"wp-block-heading\">Rome Airport Bus<\/h3>\n\n\n\n<ul class=\"wp-block-list\">\n<li>Partenza da: terminal degli autobus fuori dal Terminal Arrivi<\/li>\n\n\n\n<li>Fermate: diretto alla Stazione Termini<\/li>\n\n\n\n<li>Biglietti: acquistabili online, all&#8217;interno dell&#8217;aeroporto o direttamente a bordo. \u20ac6,90 per gli adulti, i bambini sotto i 5 anni viaggiano gratis.<\/li>\n\n\n\n<li>Orari: Il primo autobus parte dall&#8217;aeroporto alle 3:30 e l&#8217;ultimo alle 23:30 (rispettivamente alle 00:05 e alle 22:00 da Termini)<\/li>\n<\/ul>\n\n\n\n<h3 class=\"wp-block-heading\">Treno<\/h3>\n\n\n\n<p>Purtroppo non esiste una stazione ferroviaria collegata all&#8217;aeroporto. C&#8217;\u00e8 una stazione chiamata Ciampino, ma si trova nella citt\u00e0 vicina e non \u00e8 consigliata perch\u00e9 bisogna prendere un autobus dall&#8217;aeroporto per raggiungerla.<\/p>\n\n\n\n<h3 class=\"wp-block-heading\">Taxi<\/h3>\n\n\n\n<p>Una delle opzioni pi\u00f9 veloci e comode \u00e8 naturalmente prendere un taxi dall&#8217;aeroporto direttamente al tuo alloggio.&nbsp;<\/p>\n\n\n\n<p>\u00c8 prevista una tariffa fissa di \u20ac31 per raggiungere qualsiasi destinazione all&#8217;interno delle Mura Aureliane, che racchiude gran parte del centro storico. Per qualsiasi altra destinazione, il prezzo sar\u00e0 calcolato a tassametro. Non \u00e8 previsto alcun supplemento per i bagagli.<\/p>\n\n\n\n<p>Sono stati segnalati numerosi casi di tassisti ufficiali che tentano di truffare turisti ignari, quindi assicurati di sapere se la tua destinazione finale si trova o meno all&#8217;interno delle mura cittadine, e non pagare di pi\u00f9 se cos\u00ec fosse!<\/p>\n\n\n\n<h3 class=\"wp-block-heading\">Transfer Privati<\/h3>\n\n\n\n<p>Proprio come per Fiumicino, se non vuoi il fastidio di dover discutere con i tassisti o l&#8217;irritazione di aspettare l&#8217;autobus, puoi anche optare per un transfer privato. \u00c8 consigliabile organizzarlo prima di prendere il volo per Roma, cos\u00ec il tuo autista potr\u00e0 aspettarti dopo il ritiro bagagli all&#8217;arrivo.<\/p>\n\n\n\n<p>Il prezzo fisso del transfer privato dipende dalla compagnia scelta, anche se tende a essere notevolmente pi\u00f9 caro rispetto ai taxi.<\/p>\n\n\n\n<h3 class=\"wp-block-heading\">Autonoleggio<\/h3>\n\n\n\n<p>Anche l&#8217;Aeroporto di Ciampino dispone di una selezione di societ\u00e0 di autonoleggio, situate vicino ai parcheggi P6, P8 e P12, raggiungibili con una navetta gratuita da e verso il terminal.<\/p>\n\n\n\n<p>Ancora una volta, non consigliamo di noleggiare un&#8217;auto se hai intenzione di restare solo a Roma, poich\u00e9 pu\u00f2 diventare difficoltoso guidare in citt\u00e0; tuttavia, potrebbe essere una buona opzione se prevedi di esplorare altre zone d&#8217;Italia durante il tuo soggiorno.<\/p>\n","protected":false},"excerpt":{"rendered":"","protected":false},"author":9,"featured_media":1325,"parent":1087,"menu_order":0,"comment_status":"closed","ping_status":"closed","template":"","meta":{"_acf_changed":false,"footnotes":"","button_url":"https:\/\/www.tiqets.com\/it\/airport-transfer-rome-tickets-l205409\/?partner=romeinfo","ms_product_id":"","ms_product_name":"","ms_price":"","ms_currency":"","ms_rating_value":"","ms_review_count":"","rank_math_title":"Trasferimenti Aeroportuali Roma: Treno, Autobus, Taxi e Altro","rank_math_description":"Tutti i modi per raggiungere Roma dagli aeroporti di Fiumicino e Ciampino: treni veloci, autobus economici, taxi, trasferimenti privati e altro ancora. Informazioni aggiornate con tariffe, consigli e orari."},"post-style":[],"producer":[37],"class_list":["post-1117","page","type-page","status-publish","has-post-thumbnail"],"acf":[],"product_schema":{"ms_product_id":"","ms_product_name":"","ms_price":"","ms_currency":"","ms_rating_value":"","ms_review_count":""},"_links":{"self":[{"href":"https:\/\/www.rome.info\/it\/wp-json\/wp\/v2\/pages\/1117","targetHints":{"allow":["GET"]}}],"collection":[{"href":"https:\/\/www.rome.info\/it\/wp-json\/wp\/v2\/pages"}],"about":[{"href":"https:\/\/www.rome.info\/it\/wp-json\/wp\/v2\/types\/page"}],"author":[{"embeddable":true,"href":"https:\/\/www.rome.info\/it\/wp-json\/wp\/v2\/users\/9"}],"replies":[{"embeddable":true,"href":"https:\/\/www.rome.info\/it\/wp-json\/wp\/v2\/comments?post=1117"}],"version-history":[{"count":1,"href":"https:\/\/www.rome.info\/it\/wp-json\/wp\/v2\/pages\/1117\/revisions"}],"predecessor-version":[{"id":1148,"href":"https:\/\/www.rome.info\/it\/wp-json\/wp\/v2\/pages\/1117\/revisions\/1148"}],"up":[{"embeddable":true,"href":"https:\/\/www.rome.info\/it\/wp-json\/wp\/v2\/pages\/1087"}],"wp:featuredmedia":[{"embeddable":true,"href":"https:\/\/www.rome.info\/it\/wp-json\/wp\/v2\/media\/1325"}],"wp:attachment":[{"href":"https:\/\/www.rome.info\/it\/wp-json\/wp\/v2\/media?parent=1117"}],"wp:term":[{"taxonomy":"post-style","embeddable":true,"href":"https:\/\/www.rome.info\/it\/wp-json\/wp\/v2\/post-style?post=1117"},{"taxonomy":"producer","embeddable":true,"href":"https:\/\/www.rome.info\/it\/wp-json\/wp\/v2\/producer?post=1117"}],"curies":[{"name":"wp","href":"https:\/\/api.w.org\/{rel}","templated":true}]}}