{"id":1116,"date":"2026-04-21T05:11:01","date_gmt":"2026-04-21T05:11:01","guid":{"rendered":"https:\/\/www.rome.info\/it\/?page_id=1116"},"modified":"2026-04-21T05:15:42","modified_gmt":"2026-04-21T05:15:42","slug":"ciampino","status":"publish","type":"page","link":"https:\/\/www.rome.info\/it\/aeroporto\/ciampino\/","title":{"rendered":"Aeroporto di Ciampino"},"content":{"rendered":"\n<p class=\"is-style-lead\">L&#8217;Aeroporto Internazionale Giovan Battista Pastine, pi\u00f9 comunemente noto come Ciampino (CIA), \u00e8 il secondo e pi\u00f9 piccolo aeroporto di Roma.<\/p>\n\n\n\n<p>A Ciampino operano solo compagnie aeree low-cost o a basso costo. Ha voli da e verso 51 citt\u00e0 in 23 Paesi diversi, quindi se voli con una compagnia low-cost dall&#8217;Europa, \u00e8 probabile che atterrerai qui.<\/p>\n\n\n<div class=\"ms-credits\">\n<img decoding=\"async\" class=\"gb-media-bc40e107\" src=\"https:\/\/www.rome.info\/wp-content\/uploads\/ciampino-entrance-1745738755.jpg\" alt=\"Viaggiatori con bagagli all'ingresso delle partenze dell'aeroporto G.B. Pastine di Ciampino sotto un cielo nuvoloso.\" title=\"ciampino-entrance-1745738755\"\/>\n<span class='ms-credits__info' id='media2529'><svg xmlns=\"http:\/\/www.w3.org\/2000\/svg\" width=\"20\" height=\"22\" fill=\"#000000\" viewBox=\"0 0 256 256\"><path d=\"M128,24A104,104,0,1,0,232,128,104.11,104.11,0,0,0,128,24Zm0,192a88,88,0,1,1,88-88A88.1,88.1,0,0,1,128,216ZM96,128a32,32,0,0,0,57.6,19.2,8,8,0,0,1,12.8,9.61,48,48,0,1,1,0-57.62,8,8,0,0,1-12.8,9.61A32,32,0,0,0,96,128Z\"><\/path><\/svg> | bestravelvideo<a href=https:\/\/depositphotos.com\/editorial\/rome-italy-september-2017-ciampino-airport-terminal-entrance-tourists-sign-359151104.html rel='nofollow' target='_blank'>Depositphotos<\/a><\/span><span class='ms-credits__btn' id='btn_media2529' onclick='ms_credits_trigger(\"#media2529\", this)'><svg xmlns=\"http:\/\/www.w3.org\/2000\/svg\" class=\"info_icon\" width=\"28\" height=\"28\" fill=\"#FFF\" viewBox=\"0 0 256 256\"><path d=\"M128,24A104,104,0,1,0,232,128,104.11,104.11,0,0,0,128,24Zm0,192a88,88,0,1,1,88-88A88.1,88.1,0,0,1,128,216Zm16-40a8,8,0,0,1-8,8,16,16,0,0,1-16-16V128a8,8,0,0,1,0-16,16,16,0,0,1,16,16v40A8,8,0,0,1,144,176ZM112,84a12,12,0,1,1,12,12A12,12,0,0,1,112,84Z\"><\/path><\/svg><svg xmlns=\"http:\/\/www.w3.org\/2000\/svg\" class=\"close_icon\" width=\"28\" height=\"28\" fill=\"#FFF\" viewBox=\"0 0 256 256\"><path d=\"M165.66,101.66,139.31,128l26.35,26.34a8,8,0,0,1-11.32,11.32L128,139.31l-26.34,26.35a8,8,0,0,1-11.32-11.32L116.69,128,90.34,101.66a8,8,0,0,1,11.32-11.32L128,116.69l26.34-26.35a8,8,0,0,1,11.32,11.32ZM232,128A104,104,0,1,1,128,24,104.11,104.11,0,0,1,232,128Zm-16,0a88,88,0,1,0-88,88A88.1,88.1,0,0,0,216,128Z\"><\/path><\/svg><\/span><\/div>\n\n\n<h2 class=\"wp-block-heading\"><strong>Tutto quello che devi sapere<\/strong><\/h2>\n\n\n\n<p>Raggiungibile con i <a href=\"https:\/\/www.rome.info\/it\/trasporti\/\">mezzi pubblici<\/a>, l&#8217;aeroporto di Ciampino (si pronuncia ciam-P\u00cc-no) si trova a sud-est di Roma, a circa 18 km dal centro citt\u00e0.<\/p>\n\n\n\n<p>Il suo nome ufficiale \u00e8 &#8220;Aeroporto di Ciampino, G.B. Pastine&#8221;, in onore di un eroe di guerra caduto nella Seconda Guerra Mondiale. Quindi se \u00e8 la prima volta che parti da questo aeroporto, non allarmarti quando vedrai questo nome campeggiare sull&#8217;ingresso senza alcun riferimento a Ciampino. (Chiunque sia mai arrivato all&#8217;aeroporto sbagliato a causa della confusione tra nome ufficiale e nome locale capisce bene questo tipo di trauma).&nbsp;<\/p>\n\n\n\n<p>Prima dell&#8217;era dei voli low-cost, l&#8217;aeroporto di Ciampino era una base militare ed \u00e8 stato commercializzato solo in tempi relativamente recenti. Questo lo rende di fatto un aeroporto ancora giovane, il che porta con s\u00e9 molti vantaggi.&nbsp;<\/p>\n\n\n\n<p>Piccolo nelle dimensioni, specialmente se paragonato al gigantesco <a href=\"https:\/\/www.rome.info\/it\/aeroporto\/fiumicino\/\">Fiumicino<\/a>; CIA \u00e8 estremamente gestibile. Nessuna lunga camminata verso il gate o il controllo passaporti, nessun labirinto opprimente attraverso il duty-free. \u00c8 davvero un posto sobrio.&nbsp;<\/p>\n\n\n\n<p>Quindi che tu stia atterrando a Ciampino per la prima volta, o partendo per un&#8217;avventura intercontinentale low-cost, continua a leggere per consigli sui trasporti, su cosa aspettarti e sulle attrazioni nelle vicinanze.&nbsp;<\/p>\n\n\n\n<h2 class=\"wp-block-heading\"><strong>Come raggiungere Roma da Ciampino<\/strong><\/h2>\n\n\n\n<h3 class=\"wp-block-heading\">1. Autobus e Metro: il modo migliore e pi\u00f9 economico<\/h3>\n\n\n\n<p>L&#8217;aeroporto di Ciampino \u00e8 servito dalla rete di trasporto romana (ATAC). Ci sono due autobus locali che ti portano a una stazione della <a href=\"https:\/\/www.rome.info\/it\/trasporti\/trasporti-pubblici\/metro\/\">Metro<\/a>. Un singolo biglietto \u00e8 valido per 100 minuti, quindi puoi usare lo stesso biglietto per l&#8217;<a href=\"https:\/\/www.rome.info\/it\/trasporti\/trasporti-pubblici\/autobus\/\">autobus<\/a> e per la Metro.&nbsp;<\/p>\n\n\n\n<figure><div class=\"ms-credits\">\n<img decoding=\"async\" class=\"gb-media-db5c189f\" src=\"https:\/\/www.rome.info\/wp-content\/uploads\/ciampino-terminal-bus-stop-1745739369.jpg\" alt=\"Viaggiatori con valigie in fila per salire sugli autobus navetta fuori dall'aeroporto di Ciampino sotto un cielo nuvoloso vicino alle fermate segnalate.\" title=\"ciampino-terminal-bus-stop-1745739369\"\/>\n<span class='ms-credits__info' id='media2531'><svg xmlns=\"http:\/\/www.w3.org\/2000\/svg\" width=\"20\" height=\"22\" fill=\"#000000\" viewBox=\"0 0 256 256\"><path d=\"M128,24A104,104,0,1,0,232,128,104.11,104.11,0,0,0,128,24Zm0,192a88,88,0,1,1,88-88A88.1,88.1,0,0,1,128,216ZM96,128a32,32,0,0,0,57.6,19.2,8,8,0,0,1,12.8,9.61,48,48,0,1,1,0-57.62,8,8,0,0,1-12.8,9.61A32,32,0,0,0,96,128Z\"><\/path><\/svg> | bestravelvideo<a href=https:\/\/depositphotos.com\/editorial\/rome-italy-september-2017-ciampino-airport-terminal-bus-stop-crowd-360108800.html rel='nofollow' target='_blank'>Depositphotos<\/a><\/span><span class='ms-credits__btn' id='btn_media2531' onclick='ms_credits_trigger(\"#media2531\", this)'><svg xmlns=\"http:\/\/www.w3.org\/2000\/svg\" class=\"info_icon\" width=\"28\" height=\"28\" fill=\"#FFF\" viewBox=\"0 0 256 256\"><path d=\"M128,24A104,104,0,1,0,232,128,104.11,104.11,0,0,0,128,24Zm0,192a88,88,0,1,1,88-88A88.1,88.1,0,0,1,128,216Zm16-40a8,8,0,0,1-8,8,16,16,0,0,1-16-16V128a8,8,0,0,1,0-16,16,16,0,0,1,16,16v40A8,8,0,0,1,144,176ZM112,84a12,12,0,1,1,12,12A12,12,0,0,1,112,84Z\"><\/path><\/svg><svg xmlns=\"http:\/\/www.w3.org\/2000\/svg\" class=\"close_icon\" width=\"28\" height=\"28\" fill=\"#FFF\" viewBox=\"0 0 256 256\"><path d=\"M165.66,101.66,139.31,128l26.35,26.34a8,8,0,0,1-11.32,11.32L128,139.31l-26.34,26.35a8,8,0,0,1-11.32-11.32L116.69,128,90.34,101.66a8,8,0,0,1,11.32-11.32L128,116.69l26.34-26.35a8,8,0,0,1,11.32,11.32ZM232,128A104,104,0,1,1,128,24,104.11,104.11,0,0,1,232,128Zm-16,0a88,88,0,1,0-88,88A88.1,88.1,0,0,0,216,128Z\"><\/path><\/svg><\/span><\/div>\n\n\n<figcaption class=\"gb-text gb-text-1d7cbf3a\">Passeggeri in fila con i bagagli per salire sugli autobus navetta fuori dall&#8217;aeroporto di Ciampino.<\/figcaption>\n<\/figure>\n\n\n\n<p>Passeggeri in fila con i bagagli per salire sugli autobus navetta fuori dall&#8217;aeroporto di Ciampino<\/p>\n\n\n\n<p>Supponendo che tu voglia soggiornare nel centro di Roma, il viaggio si completer\u00e0 in meno di un&#8217;ora, quindi questo \u00e8 di gran lunga il modo pi\u00f9 conveniente per raggiungere la citt\u00e0.<\/p>\n\n\n\n<h4 class=\"wp-block-heading\"><strong>Come fare:<\/strong>&nbsp;<\/h4>\n\n\n\n<p>All&#8217;arrivo, vedrai una fila di biglietterie sulla tua destra.&nbsp;<\/p>\n\n\n\n<p>L&#8217;ultima \u00e8 uno sportello ufficiale di informazioni turistiche di Roma dove puoi acquistare biglietti per i trasporti pubblici. Se pensi di trascorrere almeno due giorni pieni a Roma, considera un <a href=\"https:\/\/www.rome.info\/it\/city-passes\/\">abbonamento 48 ore<\/a>, valido su autobus e Metro.<\/p>\n\n\n\n<p>Puoi pagare anche con carta di credito contactless (o con l&#8217;app sul telefono) sia sulla Metro che sulla maggior parte degli autobus.&nbsp;<\/p>\n\n\n\n<p>Non \u00e8 possibile acquistare biglietti a bordo dell&#8217;autobus.&nbsp;<\/p>\n\n\n\n<p><strong>Consiglio utile<\/strong>: Tieni sempre con te un biglietto cartaceo, per ogni evenienza.<\/p>\n\n\n\n<h4 class=\"wp-block-heading\"><strong>Percorso consigliato&nbsp;<\/strong><\/h4>\n\n\n\n<p>Ci sono due autobus locali che ti portano a una stazione della Metro. Il 520 ti porta a Cinecitt\u00e0, sulla linea A (arancione). Il 720 ti porta alla stazione Metro Laurentina, sulla linea B (blu). Consiglio il percorso 720, quindi ecco la mia guida passo dopo passo:<\/p>\n\n\n\n<p>All&#8217;uscita della sala arrivi, sarai guidato verso le fermate degli autobus. Gli autobus locali, cos\u00ec come i pullman diretti, partono da varie fermate sulla sinistra.<\/p>\n\n\n\n<p>Troverai informazioni come queste sparse per l&#8217;aeroporto e vicino alle fermate degli autobus. Sono utili solo se sai gi\u00e0 dove stai andando e presuppongono una conoscenza di base della geografia romana.<\/p>\n\n\n\n<p>Aspetta alla fermata (l&#8217;unica) del 720. Gli autobus locali romani sono rosso rubino.&nbsp;<\/p>\n\n\n\n<p>Sali dall&#8217;autobus dalle porte centrali e posteriori, non da quella anteriore.&nbsp;<\/p>\n\n\n\n<p>Gli autisti hanno un divisorio che li separa dai passeggeri. Saranno l\u00ec, nel loro piccolo mondo, e ci saranno cartelli in italiano con scritto &#8220;Si prega di non parlare con l&#8217;autista&#8221;. Tuttavia, alcuni autisti saranno pi\u00f9 che felici di parlare con te.<\/p>\n\n\n\n<p>La maggior parte degli autobus \u00e8 ora stata dotata (per fortuna) di due modi per validare il biglietto. Il modo tradizionale, in cui inserisci il biglietto nella macchinetta gialla che lo timbra, e il modo moderno del XXI secolo, dove basta avvicinare la carta contactless.&nbsp;<\/p>\n\n\n\n<p><strong>Consiglio utile:<\/strong> \u00c8 buona pratica avere un biglietto cartaceo con s\u00e9, nel caso in cui ti capiti la doppia sfortuna di trovare la macchinetta guasta e un controllore burbero che insiste che devi avere un biglietto valido e ti multa sul posto per non averlo.&nbsp;<\/p>\n\n\n\n<p>Questa \u00e8 l&#8217;Italia. Aspettati il colpo di scena.&nbsp;&nbsp;<\/p>\n\n\n\n<p>Il 720 ti porter\u00e0 attraverso prati, vigneti verdi e strade semi-rurali un po&#8217; dissestate fino ad arrivare qui. Laurentina. Un hub di trasporti postmoderno anni &#8217;80 che ha bisogno di qualche attenzione e una mano di vernice. Non posso prometterti che sar\u00e0 il punto di partenza (o di arrivo) pi\u00f9 glamour della tua vacanza romana \u2014 ma ti porter\u00e0 dove devi andare.&nbsp;<\/p>\n\n\n\n<p>Laurentina \u00e8 l&#8217;ultima fermata del percorso dell&#8217;autobus, quindi non c&#8217;\u00e8 rischio di mancare la fermata. Quando scendi, attraversa verso le grandi colonne blu. Cammina verso la parte gialla dell&#8217;edificio, e l&#8217;ingresso alla stazione della metro sar\u00e0 sulla tua destra.<\/p>\n\n\n\n<p>Laurentina, sulla linea B, \u00e8 anche l&#8217;ultima fermata della linea, quindi nessun pericolo di prendere la direzione sbagliata neanche qui. Tutti i treni vanno a Termini.<\/p>\n\n\n\n<p>La destinazione finale del treno sar\u00e0 Rebibbia o Jonio \u2014 se alloggi nel centro di Roma e non vai oltre Bologna sulla linea B, non importa quale treno prendi. Se hai un biglietto cartaceo dell&#8217;autobus, usalo per passare i tornelli della Metro. Altrimenti, puoi di nuovo avvicinare la carta contactless.&nbsp;<\/p>\n\n\n\n<p>L&#8217;altra opzione di autobus locale \u00e8 prendere il 520 per Cinecitt\u00e0. Tieni presente che Cinecitt\u00e0 non \u00e8 il capolinea, quindi verifica con un altro passeggero la fermata giusta dove scendere.&nbsp;<\/p>\n\n\n\n<p>Agli italiani piace molto aiutare i turisti, soprattutto gli anziani. Qualsiasi scusa per parlare. La fermata dell&#8217;autobus \u00e8 vicino all&#8217;ingresso della Metro (ci sono scale che scendono). Potresti preferire prendere la linea A direttamente se il tuo alloggio \u00e8 pi\u00f9 vicino a una fermata della A.&nbsp;<\/p>\n\n\n\n<h3 class=\"wp-block-heading\">2. <strong>Pullman diretti<\/strong><\/h3>\n\n\n\n<p>Compagnie come Terravision e Roma Airport Bus effettuano servizi diretti verso la <a href=\"https:\/\/www.rome.info\/it\/trasporti\/treni\/\">stazione ferroviaria di Termini<\/a>, e i biglietti sono in vendita nella sala arrivi. Il tempo di percorrenza \u00e8 di circa 50 minuti.<\/p>\n\n\n\n<p>Le fermate dei pullman si trovano a sinistra della fermata dell&#8217;autobus locale, proprio di fronte a te all&#8217;uscita dall&#8217;aeroporto. Non puoi non vederle.&nbsp;<\/p>\n\n\n\n<h3 class=\"wp-block-heading\">3. <strong>Treno<\/strong><\/h3>\n\n\n\n<p>Nota che non esiste un collegamento ferroviario diretto con questo aeroporto \u2014 la fermata chiamata Ciampino sulla mappa del treno \u00e8 il paese vero e proprio, che gestisce un servizio navetta dalla stazione ferroviaria chiamato Ciampino Airlink.&nbsp;<\/p>\n\n\n\n<p>Puoi acquistare il biglietto della navetta all&#8217;ufficio biglietti degli Arrivi (mostrato di seguito). \u00c8 un breve tragitto fino alla stazione ferroviaria di Ciampino, da dove puoi prendere un treno regionale per <a href=\"https:\/\/www.rome.info\/it\/trasporti\/treni\/\">Termini<\/a>.&nbsp;<\/p>\n\n\n\n<p><strong>Consiglio<\/strong>: Se stai partendo da Ciampino e stai pensando di prendere il treno regionale da Termini, una parola di avvertimento:<\/p>\n\n\n\n<ul class=\"wp-block-list\">\n<li>I treni per Ciampino partono normalmente dal binario 20 o 20 B, che \u00e8 a una bella camminata dai tornelli dei biglietti ed \u00e8 un po&#8217; difficile da trovare tra la folla della stagione di punta. Termini \u00e8 immensa.&nbsp;<\/li>\n\n\n\n<li>La navetta potrebbe arrivare o no. In teoria s\u00ec, ma non \u00e8 detto che rispetti l&#8217;orario. Per stare tranquillo, opterei per qualcosa di pi\u00f9 diretto.&nbsp;<\/li>\n<\/ul>\n\n\n\n<p>Ci sono autobus diretti regolari che partono da Termini in Via Giovanni Giolitti (sulla destra guardando Termini, subito dopo il Mercato Centrale Roma). Puoi pagare l&#8217;autista a bordo.&nbsp;<\/p>\n\n\n\n<h3 class=\"wp-block-heading\">4. <strong>Taxi e Uber<\/strong><\/h3>\n\n\n\n<p>Il <a href=\"https:\/\/www.rome.info\/it\/trasporti\/taxi\/\">posteggio taxi<\/a> dell&#8217;aeroporto si trova subito dopo la fermata dell&#8217;autobus locale. Sono i classici taxi bianchi romani, tutti con cartelli sulle tariffe fisse appiccicati alla portiera. Puoi aspettarti di pagare intorno ai 30 euro per raggiungere il centro di Roma.&nbsp;<\/p>\n\n\n\n<p>I fan di Uber saranno lieti di sapere che l&#8217;app funziona abbastanza bene, ma non \u00e8 detto che tu stia risparmiando tempo o denaro usandola. I taxi locali accettano pagamenti con carta e di solito ce ne sono in abbondanza.&nbsp;<\/p>\n\n\n\n<h2 class=\"wp-block-heading\"><strong>Arrivi<\/strong><\/h2>\n\n\n\n<p>Essendo un aeroporto molto piccolo, dovrai scendere dall&#8217;aereo usando le scalette.&nbsp;<\/p>\n\n\n\n<p>Non ci sar\u00e0 un finger che ti collega al terminal. Se tu o qualcuno con cui viaggi ha problemi di mobilit\u00e0, tienilo presente. \u00c8 una breve camminata fino all&#8217;edificio del terminal principale.&nbsp;<\/p>\n\n\n\n<p>Il controllo passaporti \u00e8 diviso tra cittadini UE con passaporti biometrici e tutti gli altri Paesi, i cui passaporti vengono controllati dalla polizia locale.&nbsp;<\/p>\n\n\n\n<p>Poi proseguirai verso il ritiro bagagli, e poi una piccola sala arrivi con le uscite chiaramente indicate. Sulla tua destra ci saranno tre biglietterie dove puoi acquistare biglietti dell&#8217;autobus per Roma.&nbsp;<\/p>\n\n\n\n<h2 class=\"wp-block-heading\"><strong>Partenze<\/strong><\/h2>\n\n\n\n<p>I banchi del check-in si trovano direttamente di fronte all&#8217;ingresso quando sali le scale o la rampa. Non dovrai preoccuparti di essere al terminal sbagliato o alla zona di check-in sbagliata.&nbsp;<\/p>\n\n\n\n<p>\u00c8 tutto nello stesso posto.&nbsp;<\/p>\n\n\n\n<p>I controlli di sicurezza sono subito a destra all&#8217;ingresso.&nbsp;<\/p>\n\n\n\n<p>C&#8217;\u00e8 una corsia fast track, ma perch\u00e9 qualcuno dovrebbe usarla, considerando le dimensioni dell&#8217;aeroporto, \u00e8 un mistero.<\/p>\n\n\n\n<h2 class=\"wp-block-heading\"><strong>Servizi<\/strong><\/h2>\n\n\n\n<p>Prima dei controlli di sicurezza troverai bagni, un McDonald&#8217;s, una caffetteria, un WH Smith (per libri, souvenir e articoli da toilette) e due distributori automatici.&nbsp;<\/p>\n\n\n\n<p>\u00c8 letteralmente tutto.<\/p>\n\n\n\n<p>Una volta superati i metal detector, troverai un bar e la possibilit\u00e0 di ordinare McDonald&#8217;s tramite un&#8217;app che lo portano in sacchetti di carta da asporto dall&#8217;altro lato. Era bizzarro, ma la gente lo faceva.&nbsp;<\/p>\n\n\n\n<p>Lo shopping duty-free e i regali\/souvenir dell&#8217;ultimo minuto sono estremamente limitati a Ciampino, quindi fai i tuoi acquisti prima di arrivare o resterai deluso.&nbsp;<\/p>\n\n\n\n<p>Non troverai qui l&#8217;esperienza di shopping di lusso o il fantastico assortimento di cosmetici, profumi e alcolici disponibile a FCO.&nbsp;<\/p>\n\n\n\n<h2 class=\"wp-block-heading\"><strong>Alloggio<\/strong><\/h2>\n\n\n\n<p>Non ci sono veri e propri hotel aeroportuali, ma troverai un&#8217;ampia variet\u00e0 di strutture nella vicina cittadina di Ciampino.&nbsp;<\/p>\n\n\n\n<p>Due mi hanno colpito in particolare:<\/p>\n\n\n\n<p><a href=\"https:\/\/villa-giulia-ciampino.worhot.com\/\" rel=\"noopener\">Hotel Villa Giulia<\/a> \u00e8 a pochi passi dalla stazione ferroviaria di Ciampino (comodo se arrivi da Termini), offre check-in tardivi ed \u00e8 situato vicino alla fermata della navetta per l&#8217;aeroporto di Roma.&nbsp;<\/p>\n\n\n\n<p><a href=\"https:\/\/en.plazaroomsciampino.com\/\" rel=\"noopener\">Plaza Rooms Ciampino <\/a>\u00e8 altrettanto ben attrezzato, offre colazione gratuita e Wi-Fi, ed \u00e8 facilmente raggiungibile a piedi dalla fermata della navetta aeroportuale.&nbsp;<\/p>\n\n\n\n<h3 class=\"wp-block-heading\"><strong>Ok, ma posso dormire in aeroporto?&nbsp;<\/strong><\/h3>\n\n\n\n<p>Se hai un volo molto mattutino, ora \u00e8 consentito trascorrere la notte nella limitatissima sala d&#8217;attesa appena prima dei controlli di sicurezza. C&#8217;\u00e8 il Wi-Fi e un paio di distributori automatici, e uno o due Carabinieri che fanno i rondoni per garantire la sicurezza.&nbsp;<\/p>\n\n\n\n<p>Qualche anno fa, durante la pandemia, non era cos\u00ec. Alcuni autisti di autobus e taxi (per non parlare di molti siti web) non hanno ancora ricevuto la notizia e potrebbero dirti con toni molto seri che l&#8217;aeroporto \u00e8 chiuso dalla mezzanotte alle 4 del mattino. L&#8217;ho scoperto a mie spese che si sbagliavano. L&#8217;ho archiviato come un caso di &#8220;disinformazione benevola&#8221;, che accade abbastanza spesso in Italia. Ma fa tutto parte del divertimento.&nbsp;<\/p>\n\n\n\n<h2 class=\"wp-block-heading\"><strong>Attrazioni nelle vicinanze<\/strong><\/h2>\n\n\n\n<p>Questa \u00e8 l&#8217;Italia, quindi non dovrebbe sorprenderti sapere che sei sempre vicino a qualcosa di meraviglioso \u2014 il problema \u00e8 arrivarci! Questa \u00e8 una zona da macchina, ma non disperare. Ho selezionato alcune opzioni.&nbsp;<\/p>\n\n\n\n<p>Quindi se hai uno scalo imbarazzante a Ciampino che non giustifica un&#8217;altra giornata a Roma, prova queste alternative.<\/p>\n\n\n\n<h3 class=\"wp-block-heading\"><strong>Castel Gandolfo<\/strong><\/h3>\n\n\n\n<h4 class=\"wp-block-heading\"><strong>Perch\u00e9 andarci?<\/strong><\/h4>\n\n\n\n<p>Be&#8217;, se \u00e8 abbastanza buono per il Papa\u2026! Castel Gandolfo, sulle rive del Lago Albano, \u00e8 un vero gioiello. \u00c8 una breve passeggiata dalla stazione fino al lago, dove troverai scorci incantevoli e innumerevoli posticini dove mangiare un boccone.<\/p>\n\n\n\n<h4 class=\"wp-block-heading\"><strong>Ok, come ci arrivo?&nbsp;<\/strong><\/h4>\n\n\n\n<p>Prendi la navetta Ciampino Airlink fino alla stazione ferroviaria di Ciampino.<\/p>\n\n\n\n<p>Prendi il treno regionale per Castel Gandolfo.<\/p>\n\n\n\n<p>Tempo di percorrenza: meno di un&#8217;ora.<\/p>\n\n\n\n<h3 class=\"wp-block-heading\"><strong>Frascati<\/strong><\/h3>\n\n\n\n<h4 class=\"wp-block-heading\"><strong>Perch\u00e9 andarci?<\/strong><\/h4>\n\n\n\n<p>Frascati \u00e8 famosa per il suo vino.&nbsp;<\/p>\n\n\n\n<p>Hai ancora bisogno di altre ragioni? Ok, \u00e8 anche una bella cittadina di per s\u00e9, ricca di storia, ottimi ristoranti, chiese e piazze. Mi sembra di dire l&#8217;ovvio, ma \u00e8 tutto vero!<\/p>\n\n\n\n<h4 class=\"wp-block-heading\"><strong>Ok, come ci arrivo?<\/strong><\/h4>\n\n\n\n<p>Due opzioni:&nbsp;<\/p>\n\n\n\n<ol class=\"wp-block-list\">\n<li>Prendi la navetta Ciampino Airlink fino alla stazione ferroviaria di Ciampino. Prendi il treno regionale per Frascati.<\/li>\n\n\n\n<li>Prendi l&#8217;autobus locale 520 fino alla stazione ferroviaria di Capannelle. Prendi il treno regionale per Frascati.<\/li>\n<\/ol>\n\n\n\n<p>Tempo di percorrenza: meno di un&#8217;ora.<\/p>\n","protected":false},"excerpt":{"rendered":"","protected":false},"author":9,"featured_media":1324,"parent":1087,"menu_order":0,"comment_status":"closed","ping_status":"closed","template":"","meta":{"_acf_changed":false,"footnotes":"","button_url":"https:\/\/www.tiqets.com\/it\/airport-transfer-rome-ciampino-l205408\/?partner=romeinfo","ms_product_id":"","ms_product_name":"","ms_price":"","ms_currency":"","ms_rating_value":"","ms_review_count":"","rank_math_title":"Aeroporto di Ciampino (CIA) Roma \u2013 Cosa Sapere Prima di Atterrare","rank_math_description":"Voli in arrivo a Ciampino? Scopri come raggiungere Roma velocemente, dove prendere l'autobus e cosa aspettarti da questo aeroporto piccolo ma trafficato."},"post-style":[],"producer":[33],"class_list":["post-1116","page","type-page","status-publish","has-post-thumbnail"],"acf":[],"product_schema":{"ms_product_id":"","ms_product_name":"","ms_price":"","ms_currency":"","ms_rating_value":"","ms_review_count":""},"_links":{"self":[{"href":"https:\/\/www.rome.info\/it\/wp-json\/wp\/v2\/pages\/1116","targetHints":{"allow":["GET"]}}],"collection":[{"href":"https:\/\/www.rome.info\/it\/wp-json\/wp\/v2\/pages"}],"about":[{"href":"https:\/\/www.rome.info\/it\/wp-json\/wp\/v2\/types\/page"}],"author":[{"embeddable":true,"href":"https:\/\/www.rome.info\/it\/wp-json\/wp\/v2\/users\/9"}],"replies":[{"embeddable":true,"href":"https:\/\/www.rome.info\/it\/wp-json\/wp\/v2\/comments?post=1116"}],"version-history":[{"count":1,"href":"https:\/\/www.rome.info\/it\/wp-json\/wp\/v2\/pages\/1116\/revisions"}],"predecessor-version":[{"id":1147,"href":"https:\/\/www.rome.info\/it\/wp-json\/wp\/v2\/pages\/1116\/revisions\/1147"}],"up":[{"embeddable":true,"href":"https:\/\/www.rome.info\/it\/wp-json\/wp\/v2\/pages\/1087"}],"wp:featuredmedia":[{"embeddable":true,"href":"https:\/\/www.rome.info\/it\/wp-json\/wp\/v2\/media\/1324"}],"wp:attachment":[{"href":"https:\/\/www.rome.info\/it\/wp-json\/wp\/v2\/media?parent=1116"}],"wp:term":[{"taxonomy":"post-style","embeddable":true,"href":"https:\/\/www.rome.info\/it\/wp-json\/wp\/v2\/post-style?post=1116"},{"taxonomy":"producer","embeddable":true,"href":"https:\/\/www.rome.info\/it\/wp-json\/wp\/v2\/producer?post=1116"}],"curies":[{"name":"wp","href":"https:\/\/api.w.org\/{rel}","templated":true}]}}