{"id":1109,"date":"2026-04-21T05:10:57","date_gmt":"2026-04-21T05:10:57","guid":{"rendered":"https:\/\/www.rome.info\/it\/?page_id=1109"},"modified":"2026-04-21T05:15:37","modified_gmt":"2026-04-21T05:15:37","slug":"abbonamenti-trasporti","status":"publish","type":"page","link":"https:\/\/www.rome.info\/it\/trasporti\/abbonamenti-trasporti\/","title":{"rendered":"Abbonamenti e Biglietti per i Trasporti a Roma"},"content":{"rendered":"\n<p class=\"is-style-lead\">Vuoi ottenere il massimo dai tuoi biglietti per il <a href=\"https:\/\/www.rome.info\/it\/trasporti\/trasporti-pubblici\/\">trasporto pubblico<\/a> a Roma? Ti illustriamo i <a href=\"https:\/\/www.rome.info\/it\/city-passes\/\">diversi abbonamenti disponibili<\/a>, analizzando prezzo, validit\u00e0 e modalit\u00e0 d&#8217;uso per aiutarti a trovare il biglietto giusto per il tuo viaggio.<\/p>\n\n\n\n<div data-tiqets-widget=\"discovery\" data-cards-layout=\"responsive\" data-slug-ids=\"pro974091,pro975066,pro975058\" data-partner=\"romeinfo\"><\/div>\n\n\n\n<h2 class=\"wp-block-heading\">Tipi di Abbonamenti per i Trasporti a Roma<\/h2>\n\n\n\n<h3 class=\"wp-block-heading\">Abbonamento Settimanale ATAC<\/h3>\n\n\n\n<p>Se vuoi l&#8217;utilizzo illimitato del sistema di <a href=\"https:\/\/www.rome.info\/it\/trasporti\/trasporti-pubblici\/\">trasporto pubblico<\/a> della Citt\u00e0 Eterna \u2013 inclusa la <a href=\"https:\/\/www.rome.info\/it\/trasporti\/trasporti-pubblici\/metro\/\">metro<\/a>, gli <a href=\"https:\/\/www.rome.info\/it\/trasporti\/trasporti-pubblici\/autobus\/\">autobus<\/a>, i <a href=\"https:\/\/www.rome.info\/it\/trasporti\/trasporti-pubblici\/tram\/\">tram<\/a> e alcuni <a href=\"https:\/\/www.rome.info\/it\/trasporti\/treni\/\">treni<\/a> urbani \u2013 per un&#8217;intera settimana, questo pass ATAC ti dar\u00e0 esattamente quello che stai cercando.<\/p>\n\n\n\n<p>Una volta convalidato, puoi utilizzare l&#8217;abbonamento per sette giorni interi (fino alla mezzanotte dell&#8217;ultimo giorno). Con questo pass puoi usare la metro e gli autobus senza preoccuparti di acquistare pi\u00f9 biglietti o di correre a comprarne uno prima di partire.<\/p>\n\n\n\n<p>Tieni presente che dovresti usare i trasporti pubblici abbastanza spesso perch\u00e9 risulti conveniente. Con un solo biglietto e con gran parte del centro storico di Roma molto adatto alla camminata, \u00e8 raro che l&#8217;abbonamento settimanale valga il suo costo.<\/p>\n\n\n\n<h3 class=\"wp-block-heading\"><a href=\"https:\/\/www.rome.info\/it\/city-passes\/roma-pass\/\" data-type=\"link\" data-id=\"https:\/\/www.rome.info\/it\/city-passes\/roma-pass\/\">Roma Pass<\/a><\/h3>\n\n\n\n<img decoding=\"async\" class=\"gb-media-b35be23e\" alt=\"\" src=\"https:\/\/www.rome.info\/wp-content\/uploads\/roma-pass-1747300131.jpg\" title=\"roma-pass-1747300131\"\/>\n\n\n\n<p>Il pass turistico pi\u00f9 conveniente di Roma include l&#8217;uso illimitato dei trasporti pubblici nel prezzo del biglietto. Puoi scegliere solo tra un pass da due o tre giorni, ma potresti fare molto in quei giorni. Se sei a Roma solo per un weekend, \u00e8 la durata perfetta.<\/p>\n\n\n\n<p>La Roma Pass ti d\u00e0 l&#8217;ingresso a due siti importanti, oltre a prezzi ridotti per molte altre <a href=\"https:\/\/www.rome.info\/it\/attrazioni\/\">attrazioni<\/a> e <a href=\"https:\/\/www.rome.info\/it\/attrazioni\/t\/musei\/\">musei<\/a>. Il miglior rapporto qualit\u00e0-prezzo \u00e8 la Roma Pass da 48 ore.<\/p>\n\n\n\n<p>Se stai gi\u00e0 pianificando di visitare le <a href=\"https:\/\/www.rome.info\/it\/attrazioni\/\">attrazioni<\/a> incluse nella Roma Pass, la scelta \u00e8 praticamente obbligata. Puoi acquistare il pass online, ma \u00e8 pi\u00f9 semplice ritirarne uno presso un ufficio turistico in citt\u00e0.<\/p>\n\n\n\n<p><a href=\"https:\/\/www.rome.info\/it\/city-passes\/roma-pass\/\" data-type=\"link\" data-id=\"https:\/\/www.rome.info\/it\/city-passes\/roma-pass\/\">Scopri tutti i vantaggi della Roma Pass -><\/a><\/p>\n\n\n\n<h3 class=\"wp-block-heading\">MetroBus<\/h3>\n\n\n\n<p>Se l&#8217;abbonamento settimanale \u00e8 troppo lungo, ma vuoi comunque la comodit\u00e0 dell&#8217;utilizzo illimitato, un pass MetroBus potrebbe essere la soluzione ideale.<\/p>\n\n\n\n<p>Puoi acquistare un pass MetroBus da uno, due o tre giorni, tutti i quali ti danno l&#8217;utilizzo illimitato di <a href=\"https:\/\/www.rome.info\/it\/trasporti\/trasporti-pubblici\/autobus\/\">autobus<\/a>, <a href=\"https:\/\/www.rome.info\/it\/trasporti\/trasporti-pubblici\/tram\/\">tram<\/a> e <a href=\"https:\/\/www.rome.info\/it\/trasporti\/trasporti-pubblici\/metro\/\">linee metro<\/a>, nonch\u00e9 di alcune linee ferroviarie urbane per la durata del biglietto.<\/p>\n\n\n\n<p>Come per l&#8217;abbonamento settimanale, a meno che tu non usi molto i trasporti pubblici \u2013 se alloggi fuori dal centro, per esempio \u2013 spesso non offrono un buon rapporto qualit\u00e0-prezzo.<\/p>\n\n\n\n<h3 class=\"wp-block-heading\">BIT<\/h3>\n\n\n\n<p>Un biglietto singolo BIT \u00e8 sufficiente per coprire la maggior parte dei tragitti a Roma, poich\u00e9 dura 100 minuti dopo la convalida (e pochissimi percorsi attraverso la citt\u00e0 richiedono pi\u00f9 tempo). Puoi anche cambiare linea di autobus con lo stesso biglietto, purch\u00e9 rimanga entro i 100 minuti.<\/p>\n\n\n\n<p>Se il tragitto lo richiedesse, potresti prendere la metro e poi un autobus, anche se \u00e8 importante ricordare che una volta uscito completamente dalla metro, non puoi rientrare attraverso il tornello, anche se sei ancora nel periodo di validit\u00e0.<\/p>\n\n\n\n<p>Il biglietto BIT ha un ottimo rapporto qualit\u00e0-prezzo. Puoi usarlo su autobus, tram, metro e alcuni treni urbani. Poich\u00e9 i principali siti turistici sono facilmente raggiungibili a piedi, molti visitatori usano i mezzi pubblici solo una o due volte al giorno al massimo; per queste persone, il biglietto BIT \u00e8 senza dubbio la scelta pi\u00f9 conveniente.<\/p>\n\n\n\n<p>\u00c8 per\u00f2 leggermente meno comodo rispetto a un pass multi-giorno, poich\u00e9 dovrai acquistare pi\u00f9 biglietti, il che potrebbe significare fare una deviazione per trovare una tabaccheria \u2013 scomodo se stai correndo a prendere un autobus!<\/p>\n\n\n\n<h2 class=\"wp-block-heading\">Informazioni Generali<\/h2>\n\n\n\n<h3 class=\"wp-block-heading\">Dove Acquistare?<\/h3>\n\n\n\n<p>Come accennato, le stazioni della metro, le principali fermate degli autobus e le tabaccherie sono buoni posti dove acquistare i biglietti. Le tabaccherie sono essenzialmente edicole\/rivendite contrassegnate da un cartello con la &#8216;T&#8217;. Nelle stazioni della metro puoi usare una macchinetta automatica o, se disponibile, recarti alla biglietteria.<\/p>\n\n\n\n<p>\u00c8 importante ricordare che non puoi acquistare biglietti a bordo.<\/p>\n\n\n\n<p>Per la <a href=\"https:\/\/www.tiqets.com\/it\/rome-attractions-c71631\/tickets-for-roma-pass-p974091\/?partner=romeinfo\" rel=\"noopener\">Roma Pass<\/a>, cerca qualsiasi punto di informazioni turistiche. Puoi acquistare il biglietto online, ma recuperare il biglietto fisico diventa un po&#8217; pi\u00f9 complicato.<\/p>\n\n\n\n<h3 class=\"wp-block-heading\">Quali Mezzi di Trasporto Sono Inclusi?<\/h3>\n\n\n\n<p>Autobus, tram, metro e alcune linee urbane fanno parte della rete di trasporto pubblico. Controlla il sito ATAC per confermare se stai viaggiando fuori dal centro.<\/p>\n\n\n\n<h3 class=\"wp-block-heading\">Posso Usare il &#8216;Tap and Go&#8217; o Acquistare Biglietti sul Telefono?<\/h3>\n\n\n\n<p>I pagamenti contactless sono sempre pi\u00f9 comuni nelle grandi citt\u00e0. Purtroppo, questa tendenza non ha ancora attecchito del tutto a Roma \u2013 del resto \u00e8 una citt\u00e0 antica! Anche se non devi pagare in aureo, non puoi acquistare biglietti su autobus e tram toccando la carta. \u00c8 invece un&#8217;opzione disponibile in metro; ricorda per\u00f2 di strisciare nuovamente la carta al tornello quando esci.&nbsp;<\/p>\n\n\n\n<p>I biglietti elettronici sono un&#8217;altra opzione: puoi acquistare biglietti e abbonamenti tramite un&#8217;app come <a href=\"http:\/\/www.mycicero.eu\/trasporto\/index.html\" rel=\"noopener\">myCicero<\/a>. Questo ti evita l&#8217;ansia di dover correre a comprare un biglietto ed \u00e8 pi\u00f9 facile da tenere traccia rispetto alla versione cartacea!<\/p>\n\n\n\n<h2 class=\"wp-block-heading\">Come Usarli<\/h2>\n\n\n\n<p>Per la maggior parte dei visitatori a Roma non \u00e8 semplice come toccare una carta all&#8217;entrata e all&#8217;uscita: dove c&#8217;\u00e8 validit\u00e0 del biglietto, c&#8217;\u00e8 spazio per la confusione.<\/p>\n\n\n\n<h3 class=\"wp-block-heading\">Come Attivare e Convalidare il Biglietto?<\/h3>\n\n\n\n<p>Iniziamo dal biglietto pi\u00f9 comunemente usato, il BIT. Una volta convalidato, puoi viaggiare sui mezzi pubblici per 100 minuti.&nbsp;<\/p>\n\n\n\n<p>\u00c8 pi\u00f9 semplice in metro, dove basta passare attraverso uno dei tornelli per convalidare il biglietto. Su autobus e tram, cerca una piccola macchinetta gialla a bordo; inserisci il biglietto e verr\u00e0 timbrato con un orario, il che significa che il tuo biglietto \u00e8 ora convalidato. Se hai un biglietto elettronico, un biglietto singolo per l&#8217;autobus deve essere convalidato leggendo un codice QR.<\/p>\n\n\n\n<p>Per gli altri abbonamenti multi-giorno, dovrai comunque timbrarli (o passarli attraverso un tornello della metro) per attivare l&#8217;abbonamento. Una volta convalidato, non \u00e8 necessario convalidarlo di nuovo ogni volta che sali; tieni semplicemente l&#8217;abbonamento con te, pronto da mostrare agli ispettori se salgono a bordo.<\/p>\n\n\n\n<p>La Roma Pass \u00e8 valida dal primo utilizzo (che pu\u00f2 essere la prima attrazione, se avviene prima dell&#8217;uso dei trasporti pubblici) e deve essere tenuta con s\u00e9 in ogni momento, come gli abbonamenti multi-giorno.&nbsp;<\/p>\n\n\n\n<h2 class=\"wp-block-heading\">Consigli per l&#8217;Uso degli Abbonamenti per i Trasporti a Roma<\/h2>\n\n\n\n<p>Ecco alcuni consigli su come sfruttare al meglio il biglietto che scegli:<\/p>\n\n\n\n<ul class=\"wp-block-list\">\n<li><strong>Non sopravvalutare quanto lo utilizzerai.<\/strong> Gran parte di Roma \u00e8 percorribile a piedi, soprattutto se prevedi di soggiornare nel centro storico. Non dare per scontato che l&#8217;abbonamento settimanale sia il pi\u00f9 conveniente se hai in programma solo di visitare i siti principali: potresti usarlo molto meno del previsto!&nbsp;<\/li>\n\n\n\n<li><strong>Ricorda sempre di convalidare.<\/strong> Il tuo biglietto non verr\u00e0 controllato ad ogni viaggio, ma i controlli avvengono regolarmente. Avere un biglietto non \u00e8 sufficiente per evitare una multa salata: devi anche convalidarlo.<\/li>\n\n\n\n<li><strong>Tieni il tuo abbonamento in un posto sicuro.<\/strong> Pu\u00f2 sembrare ovvio, ma \u00e8 facile che un piccolo biglietto cartaceo cada dalla borsa o che tu lo lasci accidentalmente in hotel se utilizzi un abbonamento per pi\u00f9 giorni! Una piccola borsa a tracolla \u00e8 sempre una buona idea, poich\u00e9 \u00e8 pi\u00f9 al sicuro dai borseggiatori.<\/li>\n\n\n\n<li><strong>Acquista pi\u00f9 biglietti singoli alla volta.<\/strong> Se stai pianificando di usare solo biglietti BIT (che \u00e8 l&#8217;opzione pi\u00f9 conveniente per la maggior parte dei visitatori), comprane qualcuno alla volta. Avere gi\u00e0 alcuni biglietti pronti ti eviter\u00e0 di dover cercare una tabaccheria se stai correndo a prendere l&#8217;autobus.<\/li>\n\n\n\n<li><strong>La Roma Pass per i nuovi visitatori.<\/strong> Se \u00e8 la prima volta che vieni a Roma e hai in programma di visitare i siti principali, considera la Roma Pass. Potrebbe non essere conveniente per alcuni visitatori esperti, ma \u00e8 un ottimo affare se hai gi\u00e0 pianificato di visitare quelle attrazioni.<\/li>\n<\/ul>\n","protected":false},"excerpt":{"rendered":"","protected":false},"author":9,"featured_media":998,"parent":632,"menu_order":0,"comment_status":"closed","ping_status":"closed","template":"","meta":{"_acf_changed":false,"footnotes":"","button_url":"https:\/\/www.tiqets.com\/it\/rome-city-cards-l201350\/?partner=romeinfo","ms_product_id":"","ms_product_name":"","ms_price":"","ms_currency":"","ms_rating_value":"","ms_review_count":"","rank_math_title":"Pass e Biglietti Trasporti Roma: Quale Dovresti Acquistare?","rank_math_description":"Scopri i migliori pass per i trasporti pubblici a Roma. Confronta ATAC, Roma Pass, MetroBus e biglietti BIT per trovare l'opzione perfetta per il tuo viaggio."},"post-style":[],"producer":[38],"class_list":["post-1109","page","type-page","status-publish","has-post-thumbnail"],"acf":[],"product_schema":{"ms_product_id":"","ms_product_name":"","ms_price":"","ms_currency":"","ms_rating_value":"","ms_review_count":""},"_links":{"self":[{"href":"https:\/\/www.rome.info\/it\/wp-json\/wp\/v2\/pages\/1109","targetHints":{"allow":["GET"]}}],"collection":[{"href":"https:\/\/www.rome.info\/it\/wp-json\/wp\/v2\/pages"}],"about":[{"href":"https:\/\/www.rome.info\/it\/wp-json\/wp\/v2\/types\/page"}],"author":[{"embeddable":true,"href":"https:\/\/www.rome.info\/it\/wp-json\/wp\/v2\/users\/9"}],"replies":[{"embeddable":true,"href":"https:\/\/www.rome.info\/it\/wp-json\/wp\/v2\/comments?post=1109"}],"version-history":[{"count":1,"href":"https:\/\/www.rome.info\/it\/wp-json\/wp\/v2\/pages\/1109\/revisions"}],"predecessor-version":[{"id":1145,"href":"https:\/\/www.rome.info\/it\/wp-json\/wp\/v2\/pages\/1109\/revisions\/1145"}],"up":[{"embeddable":true,"href":"https:\/\/www.rome.info\/it\/wp-json\/wp\/v2\/pages\/632"}],"wp:featuredmedia":[{"embeddable":true,"href":"https:\/\/www.rome.info\/it\/wp-json\/wp\/v2\/media\/998"}],"wp:attachment":[{"href":"https:\/\/www.rome.info\/it\/wp-json\/wp\/v2\/media?parent=1109"}],"wp:term":[{"taxonomy":"post-style","embeddable":true,"href":"https:\/\/www.rome.info\/it\/wp-json\/wp\/v2\/post-style?post=1109"},{"taxonomy":"producer","embeddable":true,"href":"https:\/\/www.rome.info\/it\/wp-json\/wp\/v2\/producer?post=1109"}],"curies":[{"name":"wp","href":"https:\/\/api.w.org\/{rel}","templated":true}]}}