{"id":1108,"date":"2026-04-21T05:10:56","date_gmt":"2026-04-21T05:10:56","guid":{"rendered":"https:\/\/www.rome.info\/it\/?page_id=1108"},"modified":"2026-04-21T05:15:37","modified_gmt":"2026-04-21T05:15:37","slug":"treni","status":"publish","type":"page","link":"https:\/\/www.rome.info\/it\/trasporti\/treni\/","title":{"rendered":"Treni a Roma"},"content":{"rendered":"\n<figure><div class=\"ms-credits\">\n<img decoding=\"async\" class=\"gb-media-541fa23f\" alt=\"Folla all'ingresso della stazione Roma Termini.\" src=\"https:\/\/www.rome.info\/wp-content\/uploads\/rome-termini-station-entrance-1747627223.jpg\" title=\"rome-termini-station-entrance-1747627223\" \/>\n<span class='ms-credits__info' id='media2912'><svg xmlns=\"http:\/\/www.w3.org\/2000\/svg\" width=\"20\" height=\"22\" fill=\"#000000\" viewBox=\"0 0 256 256\"><path d=\"M128,24A104,104,0,1,0,232,128,104.11,104.11,0,0,0,128,24Zm0,192a88,88,0,1,1,88-88A88.1,88.1,0,0,1,128,216ZM96,128a32,32,0,0,0,57.6,19.2,8,8,0,0,1,12.8,9.61,48,48,0,1,1,0-57.62,8,8,0,0,1-12.8,9.61A32,32,0,0,0,96,128Z\"><\/path><\/svg> | a_medvedkov<a href=https:\/\/depositphotos.com\/editorial\/roma-termini-station-181774346.html rel='nofollow' target='_blank'>Depositphotos<\/a><\/span><span class='ms-credits__btn' id='btn_media2912' onclick='ms_credits_trigger(\"#media2912\", this)'><svg xmlns=\"http:\/\/www.w3.org\/2000\/svg\" class=\"info_icon\" width=\"28\" height=\"28\" fill=\"#FFF\" viewBox=\"0 0 256 256\"><path d=\"M128,24A104,104,0,1,0,232,128,104.11,104.11,0,0,0,128,24Zm0,192a88,88,0,1,1,88-88A88.1,88.1,0,0,1,128,216Zm16-40a8,8,0,0,1-8,8,16,16,0,0,1-16-16V128a8,8,0,0,1,0-16,16,16,0,0,1,16,16v40A8,8,0,0,1,144,176ZM112,84a12,12,0,1,1,12,12A12,12,0,0,1,112,84Z\"><\/path><\/svg><svg xmlns=\"http:\/\/www.w3.org\/2000\/svg\" class=\"close_icon\" width=\"28\" height=\"28\" fill=\"#FFF\" viewBox=\"0 0 256 256\"><path d=\"M165.66,101.66,139.31,128l26.35,26.34a8,8,0,0,1-11.32,11.32L128,139.31l-26.34,26.35a8,8,0,0,1-11.32-11.32L116.69,128,90.34,101.66a8,8,0,0,1,11.32-11.32L128,116.69l26.34-26.35a8,8,0,0,1,11.32,11.32ZM232,128A104,104,0,1,1,128,24,104.11,104.11,0,0,1,232,128Zm-16,0a88,88,0,1,0-88,88A88.1,88.1,0,0,0,216,128Z\"><\/path><\/svg><\/span><\/div>\n\n\n<figcaption class=\"gb-text\">L&#8217;hub ferroviario principale di Roma, la Stazione Termini.<\/figcaption>\n<\/figure>\n\n\n\n<p class=\"is-style-lead\">I treni potrebbero non essere il tuo mezzo di trasporto pi\u00f9 utilizzato durante la visita a Roma, ma vale comunque la pena familiarizzare con il sistema.&nbsp;<\/p>\n\n\n\n<p class=\"is-style-default\">Che tu voglia spostarti in altre citt\u00e0 italiane o semplicemente arrivare in centro dall&#8217;aeroporto, \u00e8 utile conoscere meglio la rete ferroviaria della citt\u00e0.<\/p>\n\n\n\n<h2 class=\"wp-block-heading\">Stazioni ferroviarie di Roma<\/h2>\n\n\n\n<p>Com&#8217;\u00e8 prevedibile, le stazioni ferroviarie ordinarie a Roma non sono cos\u00ec diffuse come le stazioni della <a href=\"https:\/\/www.rome.info\/it\/trasporti\/trasporti-pubblici\/metro\/\">metropolitana<\/a>. Ce ne sono solo poche nel centro e ancora meno rilevanti per i turisti.<\/p>\n\n\n\n<ul class=\"wp-block-list\">\n<li><strong>La Stazione Termini <\/strong>\u00e8 la stazione ferroviaria principale di Roma<strong> <\/strong>\u2014 ne parleremo pi\u00f9 avanti \u2014 ed \u00e8 quella con cui la maggior parte dei visitatori prender\u00e0 familiarit\u00e0, ma ce ne sono altre che potresti incontrare.<\/li>\n\n\n\n<li><strong>Stazione Trastevere<\/strong>. Il quartiere verdeggiante e boh\u00e9mien di Trastevere ha la propria stazione, che gestisce principalmente servizi ferroviari regionali e suburbani. \u00c8 comoda per raggiungere questo popolare quartiere, non accessibile con la metro, e si trova sulla linea FL1 dall&#8217;aeroporto di Fiumicino.<\/li>\n\n\n\n<li><strong>Stazione Ostiense. <\/strong>Nelle vicinanze si trova Ostiense, a breve distanza dall&#8217;altra parte del fiume rispetto a Trastevere. Un&#8217;altra stazione, San Paolo, \u00e8 a poca distanza. Entrambe gestiscono linee regionali e si trovano vicino a Testaccio e alle Terme di Caracalla.&nbsp;<\/li>\n\n\n\n<li><strong>Stazione Tiburtina. <\/strong>Tiburtina \u00e8 una delle stazioni ferroviarie pi\u00f9 grandi di Roma, ma probabilmente non rientra nell&#8217;itinerario della maggior parte dei visitatori. \u00c8 situata un po&#8217; pi\u00f9 lontana dal centro rispetto a dove si avventura la maggior parte dei turisti \u2014 sebbene da qui partano treni ad alta velocit\u00e0 e linee nazionali, \u00e8 pi\u00f9 probabile che tu parta da Termini.<\/li>\n\n\n\n<li><strong>Porta San Pietro. <\/strong>\u00c8 una stazione pi\u00f9 piccola rispetto alle altre elencate, ma San Pietro offre alcuni collegamenti utili. \u00c8 nota soprattutto per la sua vicinanza al Vaticano, ma anche per il collegamento con la citt\u00e0 portuale di Civitavecchia.<\/li>\n\n\n\n<li><strong>Ostia Antica. <\/strong>Questa piccola stazione non si trova tecnicamente all&#8217;interno dei confini del Comune di Roma, ma \u00e8 a soli 30 minuti di treno da Ostiense. Ostia \u00e8 un&#8217;antica citt\u00e0 portuale che fu un importante centro di commercio nella societ\u00e0 romana antica. Vale davvero la pena fare il breve viaggio.<\/li>\n<\/ul>\n\n\n\n<h2 class=\"wp-block-heading\">Stazione Termini<\/h2>\n\n\n\n<p>La Stazione Termini \u00e8 la stazione ferroviaria pi\u00f9 grande di Roma e il principale hub dei trasporti della citt\u00e0. Se tutte le strade portano a Roma, allora tutte le linee ferroviarie portano alla Stazione Termini (pi\u00f9 o meno).<\/p>\n\n\n\n<figure><div class=\"ms-credits\">\n<img decoding=\"async\" class=\"gb-media-59c22d4a\" alt=\"Viaggiatori che attraversano l'area shopping e ristorazione della stazione Roma Termini.\" src=\"https:\/\/www.rome.info\/wp-content\/uploads\/rome-termini-shopping-dining-area-1747645636.jpg\" title=\"rome-termini-shopping-dining-area-1747645636\" \/>\n<span class='ms-credits__info' id='media2939'><svg xmlns=\"http:\/\/www.w3.org\/2000\/svg\" width=\"20\" height=\"22\" fill=\"#000000\" viewBox=\"0 0 256 256\"><path d=\"M128,24A104,104,0,1,0,232,128,104.11,104.11,0,0,0,128,24Zm0,192a88,88,0,1,1,88-88A88.1,88.1,0,0,1,128,216ZM96,128a32,32,0,0,0,57.6,19.2,8,8,0,0,1,12.8,9.61,48,48,0,1,1,0-57.62,8,8,0,0,1-12.8,9.61A32,32,0,0,0,96,128Z\"><\/path><\/svg> |  Polifoto<a href=https:\/\/depositphotos.com\/editorial\/rome-italy-june-2023-new-commercial-spaces-have-been-opened-662630218.html rel='nofollow' target='_blank'>Depositphotos<\/a><\/span><span class='ms-credits__btn' id='btn_media2939' onclick='ms_credits_trigger(\"#media2939\", this)'><svg xmlns=\"http:\/\/www.w3.org\/2000\/svg\" class=\"info_icon\" width=\"28\" height=\"28\" fill=\"#FFF\" viewBox=\"0 0 256 256\"><path d=\"M128,24A104,104,0,1,0,232,128,104.11,104.11,0,0,0,128,24Zm0,192a88,88,0,1,1,88-88A88.1,88.1,0,0,1,128,216Zm16-40a8,8,0,0,1-8,8,16,16,0,0,1-16-16V128a8,8,0,0,1,0-16,16,16,0,0,1,16,16v40A8,8,0,0,1,144,176ZM112,84a12,12,0,1,1,12,12A12,12,0,0,1,112,84Z\"><\/path><\/svg><svg xmlns=\"http:\/\/www.w3.org\/2000\/svg\" class=\"close_icon\" width=\"28\" height=\"28\" fill=\"#FFF\" viewBox=\"0 0 256 256\"><path d=\"M165.66,101.66,139.31,128l26.35,26.34a8,8,0,0,1-11.32,11.32L128,139.31l-26.34,26.35a8,8,0,0,1-11.32-11.32L116.69,128,90.34,101.66a8,8,0,0,1,11.32-11.32L128,116.69l26.34-26.35a8,8,0,0,1,11.32,11.32ZM232,128A104,104,0,1,1,128,24,104.11,104.11,0,0,1,232,128Zm-16,0a88,88,0,1,0-88,88A88.1,88.1,0,0,0,216,128Z\"><\/path><\/svg><\/span><\/div>\n\n\n<figcaption class=\"gb-text\">La Stazione Termini \u00e8 molto pi\u00f9 di una semplice stazione. Negozi, bar e ristoranti occupano i suoi tre piani.<\/figcaption>\n<\/figure>\n\n\n\n<p>\u00c8 una stazione enorme e, a prima vista, si potrebbe scambiarla per un centro commerciale. Ci sono tre piani, anche se il terzo \u00e8 dedicato principalmente alla ristorazione; puoi fare shopping, sederti fuori da un bar o mangiare un pasto completo \u2014 c&#8217;\u00e8 molto da fare mentre aspetti il treno.<\/p>\n\n\n\n<h3 class=\"wp-block-heading\">Raggiungere Termini dall&#8217;aeroporto<\/h3>\n\n\n\n<p>Pur avendo collegamenti all&#8217;interno della capitale, per i visitatori la Stazione Termini \u00e8 generalmente il punto di partenza per raggiungere altre parti d&#8217;Italia o l&#8217;aeroporto.<\/p>\n\n\n\n<figure><div class=\"ms-credits\">\n<img decoding=\"async\" class=\"gb-media-64fa6042\" alt=\"Il treno Leonardo Express di Trenitalia, modello Jazz Alstom Coradia Meridian, alla stazione ferroviaria Roma Fiumicino Aeroporto.\" src=\"https:\/\/www.rome.info\/wp-content\/uploads\/rome-leonardo-express-train-1747627220.jpg\" title=\"rome-leonardo-express-train-1747627220\" \/>\n<span class='ms-credits__info' id='media2911'><svg xmlns=\"http:\/\/www.w3.org\/2000\/svg\" width=\"20\" height=\"22\" fill=\"#000000\" viewBox=\"0 0 256 256\"><path d=\"M128,24A104,104,0,1,0,232,128,104.11,104.11,0,0,0,128,24Zm0,192a88,88,0,1,1,88-88A88.1,88.1,0,0,1,128,216ZM96,128a32,32,0,0,0,57.6,19.2,8,8,0,0,1,12.8,9.61,48,48,0,1,1,0-57.62,8,8,0,0,1-12.8,9.61A32,32,0,0,0,96,128Z\"><\/path><\/svg> | Boarding2Now<a href=https:\/\/depositphotos.com\/editorial\/rome-italy-march-2025-leonardo-express-train-trenitalia-type-jazz-809198202.html rel='nofollow' target='_blank'>Depositphotos<\/a><\/span><span class='ms-credits__btn' id='btn_media2911' onclick='ms_credits_trigger(\"#media2911\", this)'><svg xmlns=\"http:\/\/www.w3.org\/2000\/svg\" class=\"info_icon\" width=\"28\" height=\"28\" fill=\"#FFF\" viewBox=\"0 0 256 256\"><path d=\"M128,24A104,104,0,1,0,232,128,104.11,104.11,0,0,0,128,24Zm0,192a88,88,0,1,1,88-88A88.1,88.1,0,0,1,128,216Zm16-40a8,8,0,0,1-8,8,16,16,0,0,1-16-16V128a8,8,0,0,1,0-16,16,16,0,0,1,16,16v40A8,8,0,0,1,144,176ZM112,84a12,12,0,1,1,12,12A12,12,0,0,1,112,84Z\"><\/path><\/svg><svg xmlns=\"http:\/\/www.w3.org\/2000\/svg\" class=\"close_icon\" width=\"28\" height=\"28\" fill=\"#FFF\" viewBox=\"0 0 256 256\"><path d=\"M165.66,101.66,139.31,128l26.35,26.34a8,8,0,0,1-11.32,11.32L128,139.31l-26.34,26.35a8,8,0,0,1-11.32-11.32L116.69,128,90.34,101.66a8,8,0,0,1,11.32-11.32L128,116.69l26.34-26.35a8,8,0,0,1,11.32,11.32ZM232,128A104,104,0,1,1,128,24,104.11,104.11,0,0,1,232,128Zm-16,0a88,88,0,1,0-88,88A88.1,88.1,0,0,0,216,128Z\"><\/path><\/svg><\/span><\/div>\n\n\n<figcaption class=\"gb-text\">Il Leonardo Express all&#8217;aeroporto di Fiumicino \u00e8 il collegamento ferroviario pi\u00f9 rapido tra l&#8217;aeroporto e la Stazione Termini.<\/figcaption>\n<\/figure>\n\n\n\n<p>Fiumicino si trova a 35 km dall&#8217;<a href=\"https:\/\/www.rome.info\/it\/aeroporto\/fiumicino\/\">aeroporto di Fiumicino<\/a> e ci vogliono circa 30 minuti in treno. Puoi arrivare a Termini da Fiumicino con il Leonardo Express, il modo pi\u00f9 rapido per raggiungere la stazione dall&#8217;aeroporto, ma costa il doppio rispetto alle altre opzioni. A meno che tu non abbia fretta, personalmente non credo che ne valga la pena.<\/p>\n\n\n\n<p>Anche se il treno regionale FL1 non porta direttamente a Termini, raggiunge comunque il centro di Roma. Puoi scendere a Trastevere, ad esempio, e da l\u00ec camminare verso il centro (o prendere un taxi).<\/p>\n\n\n\n<h3 class=\"wp-block-heading\">Arriva in anticipo<\/h3>\n\n\n\n<p>Se parti dalla Stazione Termini, vale la pena arrivare 15-20 minuti prima della partenza del tuo treno. \u00c8 una delle stazioni ferroviarie pi\u00f9 grandi d&#8217;Europa \u2014 se il tuo binario si trova dall&#8217;altra parte della stazione, avrai bisogno di quei minuti in pi\u00f9 per raggiungerlo.<\/p>\n\n\n\n<p>Arrivare in anticipo rende tutto meno stressante: hai tempo per orientarti, controllare i tabelloni delle partenze e trovare il binario. Se devi anche ritirare il biglietto, aggiungi altri cinque minuti.<\/p>\n\n\n\n<h2 class=\"wp-block-heading\">Tipi di treni&nbsp;<\/h2>\n\n\n\n<p>Oltre alla metropolitana, a Roma esistono diversi tipi di treni. Potrebbe sembrare un elenco lungo, ma in realt\u00e0 le differenze sono minime: si tratta principalmente di velocit\u00e0 e area coperta.<\/p>\n\n\n\n<ul class=\"wp-block-list\">\n<li><strong>Nazionali. <\/strong>Per i viaggi a lunga percorrenza, come da Roma a Napoli.<\/li>\n\n\n\n<li><strong>Treni ad alta velocit\u00e0.<\/strong> Roma \u00e8 un importante nodo per i servizi ferroviari ad alta velocit\u00e0 in Italia. Treni come Frecciarossa, Frecciargento e Italo partono dalle principali stazioni ferroviarie di Roma.<\/li>\n\n\n\n<li><strong>Treni urbani e suburbani.<\/strong> Roma dispone di diverse linee ferroviarie urbane che collegano la citt\u00e0 con i suoi sobborghi e le citt\u00e0 vicine. Questi treni sono utilizzati principalmente dai pendolari che viaggiano tra le aree residenziali e i centri urbani, o da chi percorre brevi distanze all&#8217;interno della citt\u00e0. Le fermate su queste linee sono numerose, quindi non sono le pi\u00f9 veloci.<\/li>\n\n\n\n<li><strong>Treni regionali.<\/strong> I treni regionali sono un ibrido tra i treni locali e suburbani e le linee che si spingono un po&#8217; pi\u00f9 lontano \u2014 non sono solo per i pendolari. La maggior parte di questi treni \u00e8 gestita da Trenitalia.<\/li>\n\n\n\n<li><strong>Treni Intercity.<\/strong> I treni Intercity coprono distanze medio-lunghe, collegando le principali citt\u00e0 e i centri urbani. Offrono un&#8217;alternativa un po&#8217; pi\u00f9 lenta ma pi\u00f9 economica rispetto ai treni ad alta velocit\u00e0.<\/li>\n<\/ul>\n\n\n\n<figure><div class=\"ms-credits\">\n<img decoding=\"async\" class=\"gb-media-2a404882\" alt=\"Il treno ad alta velocit\u00e0 Trenitalia Frecciarossa su un binario a Roma.\" src=\"https:\/\/www.rome.info\/wp-content\/uploads\/rome-frecciarossa-high-speed-train-1747640457.jpg\" title=\"rome-frecciarossa-high-speed-train-1747640457\" \/>\n<span class='ms-credits__info' id='media2927'><svg xmlns=\"http:\/\/www.w3.org\/2000\/svg\" width=\"20\" height=\"22\" fill=\"#000000\" viewBox=\"0 0 256 256\"><path d=\"M128,24A104,104,0,1,0,232,128,104.11,104.11,0,0,0,128,24Zm0,192a88,88,0,1,1,88-88A88.1,88.1,0,0,1,128,216ZM96,128a32,32,0,0,0,57.6,19.2,8,8,0,0,1,12.8,9.61,48,48,0,1,1,0-57.62,8,8,0,0,1-12.8,9.61A32,32,0,0,0,96,128Z\"><\/path><\/svg> | erix2005<a href=https:\/\/depositphotos.com\/editorial\/modern-train-in-rome-train-station-161757442.html rel='nofollow' target='_blank'>Depositphotos<\/a><\/span><span class='ms-credits__btn' id='btn_media2927' onclick='ms_credits_trigger(\"#media2927\", this)'><svg xmlns=\"http:\/\/www.w3.org\/2000\/svg\" class=\"info_icon\" width=\"28\" height=\"28\" fill=\"#FFF\" viewBox=\"0 0 256 256\"><path d=\"M128,24A104,104,0,1,0,232,128,104.11,104.11,0,0,0,128,24Zm0,192a88,88,0,1,1,88-88A88.1,88.1,0,0,1,128,216Zm16-40a8,8,0,0,1-8,8,16,16,0,0,1-16-16V128a8,8,0,0,1,0-16,16,16,0,0,1,16,16v40A8,8,0,0,1,144,176ZM112,84a12,12,0,1,1,12,12A12,12,0,0,1,112,84Z\"><\/path><\/svg><svg xmlns=\"http:\/\/www.w3.org\/2000\/svg\" class=\"close_icon\" width=\"28\" height=\"28\" fill=\"#FFF\" viewBox=\"0 0 256 256\"><path d=\"M165.66,101.66,139.31,128l26.35,26.34a8,8,0,0,1-11.32,11.32L128,139.31l-26.34,26.35a8,8,0,0,1-11.32-11.32L116.69,128,90.34,101.66a8,8,0,0,1,11.32-11.32L128,116.69l26.34-26.35a8,8,0,0,1,11.32,11.32ZM232,128A104,104,0,1,1,128,24,104.11,104.11,0,0,1,232,128Zm-16,0a88,88,0,1,0-88,88A88.1,88.1,0,0,0,216,128Z\"><\/path><\/svg><\/span><\/div>\n\n\n<figcaption class=\"gb-text\">Questo \u00e8 un Frecciarossa \u2014 uno dei treni pi\u00f9 veloci d&#8217;Italia. Ottimo se devi viaggiare lontano, ad esempio verso Venezia o Napoli.<\/figcaption>\n<\/figure>\n\n\n\n<h2 class=\"wp-block-heading\">Biglietti e tariffe<\/h2>\n\n\n\n<p>Come per gli altri biglietti del trasporto pubblico, le tariffe dei treni a Roma sono molto ragionevoli. Sono anche facili da acquistare \u2014 puoi comprare i biglietti in stazione, alle macchinette automatiche o, nelle stazioni pi\u00f9 grandi, allo sportello. Ma acquistarli online in anticipo \u00e8 probabilmente il modo pi\u00f9 comodo.&nbsp;<\/p>\n\n\n\n<p>La maggior parte dei treni \u00e8 gestita da <a href=\"https:\/\/www.trenitalia.com\/it.html\" rel=\"noopener\">Trenitalia<\/a>; puoi scaricare l&#8217;app e mostrare il biglietto sul telefono. Visita il sito di <a href=\"https:\/\/www.italotreno.it\/en\" rel=\"noopener\">Italo<\/a> per i biglietti dei treni ad alta velocit\u00e0. Se stai pianificando un viaggio pi\u00f9 lungo, potrebbe essere pi\u00f9 comodo prenotare tramite <a href=\"https:\/\/www.raileurope.com\/\" rel=\"noopener\">Rail Europe<\/a> o <a href=\"https:\/\/www.italiarail.com\/\" rel=\"noopener\">ItaliaRail<\/a>.<\/p>\n\n\n\n<p>Le opzioni per i biglietti dipendono dalla lunghezza del viaggio. Per treni a lunga percorrenza, come un viaggio da Roma a Milano o Napoli, conviene acquistare i biglietti in anticipo, sia per il prezzo che per la disponibilit\u00e0.<\/p>\n\n\n\n<p>Sono disponibili sconti per under 26, anziani e studenti, oltre a offerte per famiglie che viaggiano insieme. Controlla il sito della compagnia ferroviaria per dettagli e prezzi aggiornati, poich\u00e9 sono soggetti a variazioni.<\/p>\n\n\n\n<p>Un biglietto di sola andata o di andata e ritorno acquistato il giorno stesso \u00e8 la soluzione pi\u00f9 comune per tragitti brevi o medi. E sebbene la maggior parte dei treni oltre la citt\u00e0 non lo accetti, per i viaggi che rientrano nei parametri giusti funziona il classico B.I.T., il biglietto da 100 minuti. A soli \u20ac1,50, \u00e8 un modo davvero conveniente per spostarsi su brevi distanze.<\/p>\n\n\n\n<p>Alcuni esempi di destinazioni incluse in questa copertura sono Lido di Ostia, Viterbo e Giardinetti.<\/p>\n\n\n\n<h2 class=\"wp-block-heading\">Abbonamenti e pass ferroviari<\/h2>\n\n\n\n<p>Come accennato, un numero limitato di linee ferroviarie \u00e8 incluso nella rete di trasporto pubblico ATAC del Comune di Roma.&nbsp;<\/p>\n\n\n\n<p>La maggior parte delle linee ferroviarie non \u00e8 inclusa nei principali <a href=\"https:\/\/www.rome.info\/it\/city-passes\/\">pass turistici<\/a>, ad eccezione di alcuni percorsi pi\u00f9 brevi verso la periferia; se rientrano nella rete di trasporto del Comune di Roma, <em>dovrebbero<\/em> essere incluse. Vale sempre la pena verificarlo prima di intraprendere qualsiasi viaggio.<\/p>\n\n\n\n<p>Per le linee idonee, la <a href=\"https:\/\/www.rome.info\/it\/city-passes\/roma-pass\/\">Roma Pass <\/a>consente viaggi illimitati. Questa tessera turistica d\u00e0 accesso ad alcuni siti turistici e permette l&#8217;utilizzo illimitato della rete di trasporto pubblico di Roma (autobus, tram, metro e alcuni treni). Il pass da tre giorni costa \u20ac52, mentre la Roma Pass da 42 ore \u00e8 disponibile a \u20ac32.<\/p>\n\n\n\n<p>I visitatori che desiderano esplorare l&#8217;Italia oltre Roma e viaggiare in treno per il paese potrebbero essere interessati all&#8217;Eurail Italy Pass. Questo pass \u00e8 valido solo sulla rete Trenitalia, ma offre viaggi ferroviari illimitati in Italia per 3, 4, 5 o 8 giorni, utilizzabili nell&#8217;arco di un mese.<\/p>\n\n\n\n<p>Il Trenitalia Pass \u00e8 rivolto ai visitatori stranieri che viaggiano in Italia; i prezzi partono da \u20ac129. Il pass esatto pu\u00f2 essere personalizzato in base alle proprie esigenze: si pu\u00f2 scegliere tra le opzioni Easy, Comfort ed Executive, il numero di viaggi (3, 4, 7 o 10) e il tipo di passeggero (Adulto, Senior o Giovane). Puoi viaggiare su Frecce, FrecciaLink, Intercity, Intercity Night e treni EuroCity Italia-Svizzera (solo su tratte nazionali in Italia).&nbsp;&nbsp;&nbsp;<\/p>\n\n\n\n<h2 class=\"wp-block-heading\">Accessibilit\u00e0&nbsp;<\/h2>\n\n\n\n<p>Roma non ha i migliori precedenti in materia di accessibilit\u00e0 \u2014 anche se sta migliorando.<\/p>\n\n\n\n<p>Praticamente tutti i treni di medio e lungo raggio sono accessibili, comprese le linee Intercity. La situazione \u00e8 un po&#8217; meno prevedibile per le linee locali e regionali. La maggior parte dei treni dispone di posti riservati per sedie a rotelle, ma \u00e8 necessario comunicarlo alla compagnia ferroviaria con 24 ore di anticipo per prenotarne uno. I viaggi dell&#8217;ultimo minuto non sono praticamente un&#8217;opzione.<\/p>\n\n\n\n<p>Le compagnie ferroviarie dispongono di linee telefoniche dedicate ai passeggeri con esigenze di accessibilit\u00e0 per qualsiasi domanda. Contattarli in anticipo per garantire l&#8217;accessibilit\u00e0 e permettere loro di prendere le disposizioni necessarie \u00e8 la soluzione migliore.<\/p>\n\n\n\n<p>Molte stazioni sono dotate di ascensori per sedie a rotelle e molti treni hanno servizi igienici accessibili. Il Braille \u00e8 presente su tutta la segnaletica dei treni accessibili, e le stazioni adottano misure aggiuntive per garantire la fruibilit\u00e0 alle persone con disabilit\u00e0 visive o uditive. Sebbene la rete ferroviaria di Roma e dell&#8217;Italia non sia perfetta, \u00e8 decisamente migliorata rispetto al passato.<\/p>\n\n\n\n<h2 class=\"wp-block-heading\">FAQ<\/h2>\n\n\n\n<h3 class=\"wp-block-heading\">Come si chiama la rete ferroviaria di Roma?<\/h3>\n\n\n\n<p>Da non confondere con la metropolitana di Roma, che \u00e8 semplicemente la metro, la rete ferroviaria non ha un nome proprio. Le linee ferroviarie hanno le proprie denominazioni, come FL1, o vengono definite &#8220;locali&#8221; o &#8220;regionali&#8221; \u2014 la maggior parte \u00e8 gestita da Trenitalia, quindi alcuni le identificano con il nome della compagnia.<\/p>\n\n\n\n<h3 class=\"wp-block-heading\">Qual \u00e8 la stazione ferroviaria migliore di Roma?<\/h3>\n\n\n\n<p>&#8220;Migliore&#8221; \u00e8 soggettivo, ma la stazione pi\u00f9 grande \u00e8 Termini, che distacca nettamente le altre per numero di servizi.<\/p>\n\n\n\n<h3 class=\"wp-block-heading\">Come si paga il treno a Roma?<\/h3>\n\n\n\n<p>Puoi acquistare i biglietti in stazione, alle macchinette automatiche o allo sportello. Puoi anche comprare il biglietto sull&#8217;app, soluzione comoda e generalmente pi\u00f9 economica se acquistato in anticipo.<\/p>\n\n\n\n<h3 class=\"wp-block-heading\">Quali sono le diverse stazioni ferroviarie di Roma?<\/h3>\n\n\n\n<p>Per vedere tutte le stazioni ferroviarie di Roma, dai un&#8217;occhiata alla mappa sul sito di una delle compagnie ferroviarie. Le stazioni pi\u00f9 rilevanti per i turisti a Roma sono Termini, la pi\u00f9 grande in assoluto, e Trastevere, Ostiense e San Pietro.<\/p>\n\n","protected":false},"excerpt":{"rendered":"","protected":false},"author":9,"featured_media":997,"parent":632,"menu_order":0,"comment_status":"closed","ping_status":"closed","template":"","meta":{"_acf_changed":false,"footnotes":"","button_url":"https:\/\/www.tiqets.com\/it\/rome-city-cards-l201350\/?partner=romeinfo","ms_product_id":"","ms_product_name":"","ms_price":"","ms_currency":"","ms_rating_value":"","ms_review_count":"","rank_math_title":"Treni a Roma: Stazioni, Biglietti, Percorsi e Pass di Viaggio","rank_math_description":"Esplora il sistema ferroviario di Roma: percorsi, stazioni principali, opzioni di pass, consigli di viaggio e come raggiungere le stazioni di Roma dall'aeroporto, come Termini."},"post-style":[],"producer":[38],"class_list":["post-1108","page","type-page","status-publish","has-post-thumbnail"],"acf":[],"product_schema":{"ms_product_id":"","ms_product_name":"","ms_price":"","ms_currency":"","ms_rating_value":"","ms_review_count":""},"_links":{"self":[{"href":"https:\/\/www.rome.info\/it\/wp-json\/wp\/v2\/pages\/1108","targetHints":{"allow":["GET"]}}],"collection":[{"href":"https:\/\/www.rome.info\/it\/wp-json\/wp\/v2\/pages"}],"about":[{"href":"https:\/\/www.rome.info\/it\/wp-json\/wp\/v2\/types\/page"}],"author":[{"embeddable":true,"href":"https:\/\/www.rome.info\/it\/wp-json\/wp\/v2\/users\/9"}],"replies":[{"embeddable":true,"href":"https:\/\/www.rome.info\/it\/wp-json\/wp\/v2\/comments?post=1108"}],"version-history":[{"count":1,"href":"https:\/\/www.rome.info\/it\/wp-json\/wp\/v2\/pages\/1108\/revisions"}],"predecessor-version":[{"id":1144,"href":"https:\/\/www.rome.info\/it\/wp-json\/wp\/v2\/pages\/1108\/revisions\/1144"}],"up":[{"embeddable":true,"href":"https:\/\/www.rome.info\/it\/wp-json\/wp\/v2\/pages\/632"}],"wp:featuredmedia":[{"embeddable":true,"href":"https:\/\/www.rome.info\/it\/wp-json\/wp\/v2\/media\/997"}],"wp:attachment":[{"href":"https:\/\/www.rome.info\/it\/wp-json\/wp\/v2\/media?parent=1108"}],"wp:term":[{"taxonomy":"post-style","embeddable":true,"href":"https:\/\/www.rome.info\/it\/wp-json\/wp\/v2\/post-style?post=1108"},{"taxonomy":"producer","embeddable":true,"href":"https:\/\/www.rome.info\/it\/wp-json\/wp\/v2\/producer?post=1108"}],"curies":[{"name":"wp","href":"https:\/\/api.w.org\/{rel}","templated":true}]}}