{"id":1107,"date":"2026-04-21T05:10:56","date_gmt":"2026-04-21T05:10:56","guid":{"rendered":"https:\/\/www.rome.info\/it\/?page_id=1107"},"modified":"2026-04-21T05:15:36","modified_gmt":"2026-04-21T05:15:36","slug":"taxi","status":"publish","type":"page","link":"https:\/\/www.rome.info\/it\/trasporti\/taxi\/","title":{"rendered":"Taxi a Roma"},"content":{"rendered":"<div class=\"ms-credits\">\n<img decoding=\"async\" class=\"gb-media-20bed321\" alt=\"Taxi bianchi e autobus nel traffico intenso su una via trafficata del centro di Roma.\" src=\"https:\/\/www.rome.info\/wp-content\/uploads\/rome-taxi-1747631807.jpg\" title=\"rome-taxi-1747631807\" \/>\n<span class='ms-credits__info' id='media2922'><svg xmlns=\"http:\/\/www.w3.org\/2000\/svg\" width=\"20\" height=\"22\" fill=\"#000000\" viewBox=\"0 0 256 256\"><path d=\"M128,24A104,104,0,1,0,232,128,104.11,104.11,0,0,0,128,24Zm0,192a88,88,0,1,1,88-88A88.1,88.1,0,0,1,128,216ZM96,128a32,32,0,0,0,57.6,19.2,8,8,0,0,1,12.8,9.61,48,48,0,1,1,0-57.62,8,8,0,0,1-12.8,9.61A32,32,0,0,0,96,128Z\"><\/path><\/svg> | BalkansCat<a href=https:\/\/depositphotos.com\/editorial\/rome-italy-june-2024-line-taxis-waiting-rome-city-center-766954600.html rel='nofollow' target='_blank'>Depositphotos<\/a><\/span><span class='ms-credits__btn' id='btn_media2922' onclick='ms_credits_trigger(\"#media2922\", this)'><svg xmlns=\"http:\/\/www.w3.org\/2000\/svg\" class=\"info_icon\" width=\"28\" height=\"28\" fill=\"#FFF\" viewBox=\"0 0 256 256\"><path d=\"M128,24A104,104,0,1,0,232,128,104.11,104.11,0,0,0,128,24Zm0,192a88,88,0,1,1,88-88A88.1,88.1,0,0,1,128,216Zm16-40a8,8,0,0,1-8,8,16,16,0,0,1-16-16V128a8,8,0,0,1,0-16,16,16,0,0,1,16,16v40A8,8,0,0,1,144,176ZM112,84a12,12,0,1,1,12,12A12,12,0,0,1,112,84Z\"><\/path><\/svg><svg xmlns=\"http:\/\/www.w3.org\/2000\/svg\" class=\"close_icon\" width=\"28\" height=\"28\" fill=\"#FFF\" viewBox=\"0 0 256 256\"><path d=\"M165.66,101.66,139.31,128l26.35,26.34a8,8,0,0,1-11.32,11.32L128,139.31l-26.34,26.35a8,8,0,0,1-11.32-11.32L116.69,128,90.34,101.66a8,8,0,0,1,11.32-11.32L128,116.69l26.34-26.35a8,8,0,0,1,11.32,11.32ZM232,128A104,104,0,1,1,128,24,104.11,104.11,0,0,1,232,128Zm-16,0a88,88,0,1,0-88,88A88.1,88.1,0,0,0,216,128Z\"><\/path><\/svg><\/span><\/div>\n\n\n<p class=\"is-style-lead\">Prendere un taxi in un paese straniero \u2014 specialmente se non si conosce la lingua \u2014 pu\u00f2 sembrare intimidatorio. Ma usare i taxi a Roma \u00e8 in realt\u00e0 molto semplice, e pu\u00f2 essere un modo pi\u00f9 comodo per <a href=\"https:\/\/www.rome.info\/it\/trasporti\/\">raggiungere la tua destinazione<\/a>.<\/p>\n\n\n\n<p><strong>Consiglio:<\/strong> Se devi andare o tornare dall&#8217;aeroporto, un <a href=\"https:\/\/www.rome.info\/it\/aeroporto\/transfer\/\">transfer aeroportuale prenotato in anticipo<\/a> pu\u00f2 farti risparmiare tempo ed evitare la fila dei taxi. Per spostarti in citt\u00e0, la <a href=\"https:\/\/www.rome.info\/it\/city-passes\/roma-pass\/\">Roma Pass<\/a> include trasporto pubblico illimitato e ingressi alle attrazioni.<\/p>\n\n\n\n<p>I taxi di Roma sono di solito bianchi e facilmente riconoscibili grazie all&#8217;insegna &#8220;TAXI&#8221; sul tetto. Esistono anche app come FreeNow, Uber e appTaxi, ecc.<\/p>\n\n\n\n<p>Ti mostreremo come usare i taxi a Roma, dalla fermata alla prenotazione, passando per le tariffe, il galateo della mancia e i consigli per la sicurezza.<\/p>\n\n\n\n<h2 class=\"wp-block-heading\">Tipi di taxi disponibili<\/h2>\n\n\n\n<p>Se stai cercando un taxi a Roma, con ogni probabilit\u00e0 si tratter\u00e0 di uno dei taxi bianchi ufficiali o di alternative come Uber. Ci sono diverse compagnie di taxi con licenza ufficiale, praticamente indistinguibili le une dalle altre; Radio Taxi e Pronto Taxi sono solo alcuni esempi.<\/p>\n\n\n\n<p>La maggior parte dei taxi a Roma sono classiche auto da 5 posti (compreso il conducente), ma esistono anche veicoli pi\u00f9 grandi. Se hai bisogno di un taxi per 6 passeggeri, dovresti prenotare in anticipo o usare un&#8217;app \u2014 non aspettarti di trovarne uno al posteggio taxi, perch\u00e9 non sono molto comuni.<\/p>\n\n\n\n<h2 class=\"wp-block-heading\">Come prendere un taxi a Roma<\/h2>\n\n\n\n<p>Ci sono diversi modi per prendere un taxi a Roma: fermarlo per strada, usare un posteggio taxi o appoggiarsi alle app. Quando cerchi di fermare un taxi per strada, cerca le auto bianche con l&#8217;insegna &#8220;TAXI&#8221; sul tetto.&nbsp;<\/p>\n\n\n\n<p>Fai attenzione ai taxi non autorizzati o alle auto private, che potrebbero farti pagare di pi\u00f9 e non sono abilitate a questo servizio a meno che non operino tramite un&#8217;app.&nbsp;<\/p>\n\n\n\n<h2 class=\"wp-block-heading\"><strong>Posteggio taxi<\/strong><\/h2>\n\n\n<div class=\"ms-credits\">\n<img decoding=\"async\" class=\"gb-media-4ecfb3cb\" alt=\"Lunga fila di persone in attesa a un posteggio taxi nel centro di Roma.\" src=\"https:\/\/www.rome.info\/wp-content\/uploads\/rome-taxi-queue-1747642635.jpg\" title=\"rome-taxi-queue-1747642635\" \/>\n<span class='ms-credits__info' id='media2931'><svg xmlns=\"http:\/\/www.w3.org\/2000\/svg\" width=\"20\" height=\"22\" fill=\"#000000\" viewBox=\"0 0 256 256\"><path d=\"M128,24A104,104,0,1,0,232,128,104.11,104.11,0,0,0,128,24Zm0,192a88,88,0,1,1,88-88A88.1,88.1,0,0,1,128,216ZM96,128a32,32,0,0,0,57.6,19.2,8,8,0,0,1,12.8,9.61,48,48,0,1,1,0-57.62,8,8,0,0,1-12.8,9.61A32,32,0,0,0,96,128Z\"><\/path><\/svg> | TKKurikawa<a href=https:\/\/depositphotos.com\/editorial\/rome-italy-june-2019-unidentified-people-queue-take-taxi-termini-310215932.html rel='nofollow' target='_blank'>Depositphotos<\/a><\/span><span class='ms-credits__btn' id='btn_media2931' onclick='ms_credits_trigger(\"#media2931\", this)'><svg xmlns=\"http:\/\/www.w3.org\/2000\/svg\" class=\"info_icon\" width=\"28\" height=\"28\" fill=\"#FFF\" viewBox=\"0 0 256 256\"><path d=\"M128,24A104,104,0,1,0,232,128,104.11,104.11,0,0,0,128,24Zm0,192a88,88,0,1,1,88-88A88.1,88.1,0,0,1,128,216Zm16-40a8,8,0,0,1-8,8,16,16,0,0,1-16-16V128a8,8,0,0,1,0-16,16,16,0,0,1,16,16v40A8,8,0,0,1,144,176ZM112,84a12,12,0,1,1,12,12A12,12,0,0,1,112,84Z\"><\/path><\/svg><svg xmlns=\"http:\/\/www.w3.org\/2000\/svg\" class=\"close_icon\" width=\"28\" height=\"28\" fill=\"#FFF\" viewBox=\"0 0 256 256\"><path d=\"M165.66,101.66,139.31,128l26.35,26.34a8,8,0,0,1-11.32,11.32L128,139.31l-26.34,26.35a8,8,0,0,1-11.32-11.32L116.69,128,90.34,101.66a8,8,0,0,1,11.32-11.32L128,116.69l26.34-26.35a8,8,0,0,1,11.32,11.32ZM232,128A104,104,0,1,1,128,24,104.11,104.11,0,0,1,232,128Zm-16,0a88,88,0,1,0-88,88A88.1,88.1,0,0,0,216,128Z\"><\/path><\/svg><\/span><\/div>\n\n\n<p>Per trovare i posteggi taxi a Roma, cerca le aree designate con l&#8217;insegna &#8220;Taxi&#8221;, di solito di colore arancione. Questi posteggi si trovano solitamente vicino alle <a href=\"https:\/\/www.rome.info\/it\/attrazioni\/\">principali attrazioni turistiche<\/a>, alle <a href=\"https:\/\/www.rome.info\/it\/trasporti\/treni\/\">stazioni ferroviarie<\/a> e agli <a href=\"https:\/\/www.rome.info\/it\/aeroporto\/\">aeroporti<\/a>. Se non c&#8217;\u00e8 nessun taxi, aspetta qualche minuto: prima o poi ne arriver\u00e0 uno, anche nelle ore serali.<\/p>\n\n\n\n<p>A volte durante le ore di punta l&#8217;attesa si allunga, ma i taxi passano pi\u00f9 frequentemente, quindi non dura molto \u2014 non scoraggiarti.<\/p>\n\n\n\n<h2 class=\"wp-block-heading\">Fermarlo per strada<\/h2>\n\n\n\n<p>Fermare un taxi per strada non \u00e8 comune, come in altre grandi citt\u00e0. Se sei fortunato, potresti trovare un taxi libero per strada, lontano dal posteggio. Non \u00e8 la norma, dato che i conducenti puntano a tornare ai posteggi. Non \u00e8 per\u00f2 impossibile, quindi se capita, sali pure.<\/p>\n\n\n\n<h2 class=\"wp-block-heading\">Prenotazione telefonica<\/h2>\n\n\n\n<p>Puoi prenotare anche per telefono. Una compagnia molto conosciuta \u00e8 Roma Capitale Taxi; dovrai chiamare dal tuo <a href=\"https:\/\/www.rome.info\/accommodation\/\">alloggio<\/a> con una linea italiana, trattandosi di un numero locale, oppure puoi scrivere loro su WhatsApp.&nbsp;<\/p>\n\n\n\n<h3 class=\"wp-block-heading\">Altre compagnie<\/h3>\n\n\n\n<ul class=\"wp-block-list\">\n<li>Radiotaxi<\/li>\n\n\n\n<li>Chiama Taxi<\/li>\n\n\n\n<li>Prontotaxi<\/li>\n\n\n\n<li>Tevere<\/li>\n<\/ul>\n\n\n\n<h2 class=\"wp-block-heading\">Tariffe e percorsi<\/h2>\n\n\n\n<p>Le tariffe a Roma sono generalmente ragionevoli, ma possono variare in base all&#8217;orario e alla distanza percorsa.<\/p>\n\n\n\n<p>\u00c8 importante comprendere la struttura tariffaria prima di prendere un taxi a Roma. Le tariffe sono regolamentate dal Comune e si basano sulla distanza percorsa e sull&#8217;orario. \u00c8 prevista una tariffa di partenza fissa, che varia in base all&#8217;ora del giorno e al giorno della settimana.<\/p>\n\n\n\n<p>\u00c8 previsto anche un costo al chilometro, che si aggiunge alla tariffa di partenza. Possono inoltre essere applicati supplementi per il bagaglio, per le corse notturne e per la prenotazione.<\/p>\n\n\n\n<p>Se vuoi un prezzo fisso, ti consigliamo Uber, che a volte pu\u00f2 risultare pi\u00f9 caro, ma indipendentemente da deviazioni, bagagli e ritardi, la tariffa concordata rester\u00e0 invariata.<\/p>\n\n\n\n<p>Il prezzo finale della corsa \u00e8 quello indicato dal tassametro; possono essere aggiunti supplementi per 4 o pi\u00f9 passeggeri, bagagli o richieste particolari.&nbsp;<\/p>\n\n\n\n<h2 class=\"wp-block-heading\">Si lascia la mancia ai tassisti a Roma?<\/h2>\n\n\n\n<p>La mancia non \u00e8 obbligatoria a Roma: i conducenti non se la aspettano, ma \u00e8 consuetudine arrotondare la cifra all&#8217;euro superiore o lasciare una piccola mancia, specialmente se si \u00e8 soddisfatti del servizio. Le mance sono naturalmente sempre gradite se vuoi mostrare la tua gratitudine. La maggior parte delle app permette anche di lasciare la mancia direttamente dall&#8217;app.<\/p>\n\n\n\n<p>La maggior parte dei taxi \u00e8 dotata di tassametri moderni. Sul lato sinistro dello specchietto retrovisore puoi vedere il costo della corsa.<\/p>\n\n\n\n<h2 class=\"wp-block-heading\">Taxi da e per l&#8217;aeroporto<\/h2>\n\n\n<div class=\"ms-credits\">\n<img decoding=\"async\" class=\"gb-media-f01215f8\" alt=\"Passeggeri e taxi fuori dal Terminal 3 dell'aeroporto di Roma Fiumicino.\" src=\"https:\/\/www.rome.info\/wp-content\/uploads\/rome-fiumicino-airport-taxi-area-1747642638.jpg\" title=\"rome-fiumicino-airport-taxi-area-1747642638\" \/>\n<span class='ms-credits__info' id='media2932'><svg xmlns=\"http:\/\/www.w3.org\/2000\/svg\" width=\"20\" height=\"22\" fill=\"#000000\" viewBox=\"0 0 256 256\"><path d=\"M128,24A104,104,0,1,0,232,128,104.11,104.11,0,0,0,128,24Zm0,192a88,88,0,1,1,88-88A88.1,88.1,0,0,1,128,216ZM96,128a32,32,0,0,0,57.6,19.2,8,8,0,0,1,12.8,9.61,48,48,0,1,1,0-57.62,8,8,0,0,1-12.8,9.61A32,32,0,0,0,96,128Z\"><\/path><\/svg> | TKKurikawa<a href=https:\/\/depositphotos.com\/editorial\/rome-italy-june-2019-unidentified-people-travel-leonardo-vinci-fiumicino-310228486.html rel='nofollow' target='_blank'>Depositphotos<\/a><\/span><span class='ms-credits__btn' id='btn_media2932' onclick='ms_credits_trigger(\"#media2932\", this)'><svg xmlns=\"http:\/\/www.w3.org\/2000\/svg\" class=\"info_icon\" width=\"28\" height=\"28\" fill=\"#FFF\" viewBox=\"0 0 256 256\"><path d=\"M128,24A104,104,0,1,0,232,128,104.11,104.11,0,0,0,128,24Zm0,192a88,88,0,1,1,88-88A88.1,88.1,0,0,1,128,216Zm16-40a8,8,0,0,1-8,8,16,16,0,0,1-16-16V128a8,8,0,0,1,0-16,16,16,0,0,1,16,16v40A8,8,0,0,1,144,176ZM112,84a12,12,0,1,1,12,12A12,12,0,0,1,112,84Z\"><\/path><\/svg><svg xmlns=\"http:\/\/www.w3.org\/2000\/svg\" class=\"close_icon\" width=\"28\" height=\"28\" fill=\"#FFF\" viewBox=\"0 0 256 256\"><path d=\"M165.66,101.66,139.31,128l26.35,26.34a8,8,0,0,1-11.32,11.32L128,139.31l-26.34,26.35a8,8,0,0,1-11.32-11.32L116.69,128,90.34,101.66a8,8,0,0,1,11.32-11.32L128,116.69l26.34-26.35a8,8,0,0,1,11.32,11.32ZM232,128A104,104,0,1,1,128,24,104.11,104.11,0,0,1,232,128Zm-16,0a88,88,0,1,0-88,88A88.1,88.1,0,0,0,216,128Z\"><\/path><\/svg><\/span><\/div>\n\n\n<p>Entrambi gli aeroporti di <a href=\"https:\/\/www.rome.info\/it\/aeroporto\/fiumicino\/\">Fiumicino<\/a> e <a href=\"https:\/\/www.rome.info\/it\/aeroporto\/ciampino\/\">Ciampino<\/a> dispongono di posteggi taxi all&#8217;esterno dell&#8217;area arrivi del terminal.<\/p>\n\n\n\n<p>I taxi sono bianchi e hanno l&#8217;insegna &#8220;TAXI&#8221; sul tetto. Si raccomanda di utilizzare solo taxi con licenza presso i banchi taxi dell&#8217;aeroporto per evitare possibili truffe.<\/p>\n\n\n\n<p>Taxi non autorizzati o auto private, di solito furgoni neri, stazionano fuori dal ritiro bagagli e proprio accanto ai posteggi taxi ufficiali. Le loro tariffe sono di solito molto pi\u00f9 alte della tariffa fissa. Se decidi di salire su uno di questi, ti consiglio di chiedere il prezzo finale prima di entrare in macchina: cercheranno di fregarti.<\/p>\n\n\n\n<p>Le tariffe dall&#8217;aeroporto al centro di Roma sono regolamentate dal Comune e si basano su una tariffa fissa.&nbsp;<\/p>\n\n\n\n<p>Se preferisci un&#8217;opzione senza pensieri, considera di prenotare in anticipo un <a href=\"https:\/\/www.rome.info\/it\/aeroporto\/transfer\/\">transfer aeroportuale privato<\/a>. Avrai un autista che ti aspetta all&#8217;arrivo \u2014 niente code, niente tassametro e un prezzo fisso che conosci prima ancora di atterrare.<\/p>\n\n\n\n<h2 class=\"wp-block-heading\">Taxi dalla Stazione Termini<\/h2>\n\n\n\n<p>Come per gli aeroporti, anche la <a href=\"https:\/\/www.rome.info\/it\/trasporti\/treni\/\">Stazione Termini<\/a> ha il proprio posteggio taxi; i taxi ufficiali si allineano davanti all&#8217;ingresso principale, quindi sono facili da trovare. Proprio come all&#8217;aeroporto, potresti incontrare qualche impostore che cerca di portarti verso un taxi non autorizzato \u2014 ignorali e dirigiti direttamente al posteggio taxi.<\/p>\n\n\n\n<h2 class=\"wp-block-heading\">Accessibilit\u00e0<\/h2>\n\n\n\n<p>Roma ha fatto notevoli progressi negli ultimi anni per migliorare l&#8217;accessibilit\u00e0 alle persone con disabilit\u00e0, comprese quelle che usano la sedia a rotelle. Va tuttavia segnalato che la maggior parte dei taxi, pur essendo spaziosi e confortevoli, solitamente non \u00e8 attrezzata per esigenze pi\u00f9 specifiche.<\/p>\n\n\n\n<p>Non tutti i taxi a Roma sono accessibili alle sedie a rotelle. Ne esistono alcuni appositamente progettati per le persone con disabilit\u00e0, dotati di rampa per sedia a rotelle e altre caratteristiche per rendere il viaggio pi\u00f9 confortevole.<\/p>\n\n\n\n<p>Ti consigliamo di chiamare una compagnia di taxi in anticipo se hai bisogno di questo servizio. Puoi anche tentare con un Uber Van: hanno spazio sufficiente per riporre la sedia a rotelle, ma la persona dovr\u00e0 sedersi nell&#8217;auto e sistemare la sedia.<\/p>\n\n\n\n<h2 class=\"wp-block-heading\">Come comunicare con il conducente<\/h2>\n\n\n\n<p>I tassisti di Roma sono molto a loro agio nel lavoro \u2014 non sorprenderti se il tuo conducente cerca di attaccare bottone. \u00c8 un ottimo modo per scoprire <a href=\"https:\/\/www.rome.info\/restaurants\/\">dove cenare<\/a> o luoghi che potresti non aver ancora visitato <a href=\"https:\/\/www.rome.info\/it\/cose-da-fare-roma\/\">ma che vale la pena vedere<\/a>.<\/p>\n\n\n\n<p>La maggior parte dei tassisti se la cava in inglese, ma se vuoi ripassare un po&#8217; di italiano, ecco alcune frasi utili:<\/p>\n\n\n\n<ul class=\"wp-block-list\">\n<li><strong>Devo andare all&#8217;aeroporto di Fiumicino<\/strong>: I have to go to Fiumicino Airport. Swap out the last bit according to your destination; e.g. <em>devo andare alla stazione centrale.<\/em><\/li>\n\n\n\n<li><strong>Posso pagare con carta<\/strong>: can I pay by card?<\/li>\n\n\n\n<li><strong>Pu\u00f2 andare pi\u00f9 piano\/veloce<\/strong>: could you slow down\/go faster?<\/li>\n\n\n\n<li><strong>Si pu\u00f2 accostare qui<\/strong>: can you stop here?<\/li>\n\n\n\n<li><strong>Quanto le devo<\/strong>: how much do I owe you?<\/li>\n<\/ul>\n\n\n\n<p>In caso di dubbio, Google Traduttore o aprire un indirizzo su Google Maps pu\u00f2 essere utile in un momento di necessit\u00e0.<\/p>\n\n\n\n<h2 class=\"wp-block-heading\">Metodi di pagamento&nbsp;<\/h2>\n\n\n\n<p>Tecnicamente, tutti i taxi a Roma dovrebbero accettare pagamenti con carta e sono dotati di tecnologia contactless. In pratica, per\u00f2, a volte i tassisti dichiarano che il lettore di carte non funziona e accettano solo contanti.<\/p>\n\n\n\n<p>\u00c8 meglio avere del contante con s\u00e9 quando si prende un taxi, per ogni evenienza; se non ce l&#8217;hai, assicurati di chiedere se puoi pagare con carta prima di iniziare il viaggio, oppure prenota e paga tramite un&#8217;app.<\/p>\n\n\n\n<h2 class=\"wp-block-heading\">Come evitare le truffe<\/h2>\n\n\n\n<p>Il timore di essere truffati dai taxi a Roma \u00e8 in gran parte esagerato. Una volta trovato un posteggio taxi ufficiale ed evitato chi cerca di portarti verso taxi non autorizzati, dovresti essere al sicuro. Detto questo, \u00e8 sempre meglio prendere precauzioni nel caso in cui ti imbatta in qualcuno poco onesto.<\/p>\n\n\n\n<p>Ecco alcune cose che puoi fare per evitare le truffe:<\/p>\n\n\n\n<ul class=\"wp-block-list\">\n<li><strong>Sali su un taxi ufficiale.<\/strong> All&#8217;aeroporto o alla Stazione Termini potresti trovare persone che ti si avvicinano gridando \u00abtaxi\u00bb \u2014 ignorale, non sono conducenti autorizzati. Dirigiti al posteggio taxi o chiama un taxi.<\/li>\n\n\n\n<li><strong>Assicurati che il tassametro sia acceso dall&#8217;inizio della corsa. <\/strong>Alcuni potrebbero fingere di dimenticarlo per addebitare una tariffa pi\u00f9 alta alla fine; evitalo verificando subito che sia attivo.<\/li>\n\n\n\n<li><strong>Niente tassametro? Chiedi il prezzo prima. <\/strong>Se sei su un taxi senza tassametro, devi concordare la tariffa prima di salire. Chiedi anche se accettano pagamenti con carta se non hai contanti.<\/li>\n\n\n\n<li><strong>Assicurati che il tassametro indichi <em>Tariffa 1<\/em> quando ti sposti all&#8217;interno di Roma.<\/strong> La <em>Tariffa 2<\/em> \u00e8 pi\u00f9 costosa e non dovrebbe essere applicata finch\u00e9 la corsa non raggiunge un minimo di \u20ac14.<\/li>\n\n\n\n<li><strong>Non pagare finch\u00e9 il bagaglio non \u00e8 stato rimosso dall&#8217;auto. <\/strong>Meglio essere prudenti.<\/li>\n\n\n\n<li><strong>Chiedi la ricevuta. <\/strong>Se hai il sospetto di essere truffato, chiedi la ricevuta. Conterr\u00e0 tutti i dati necessari, inclusi il nome del conducente e il numero di licenza, utili per contattare la compagnia di taxi.<\/li>\n<\/ul>\n\n\n\n<h2 class=\"wp-block-heading\">Uber, Lyft, ecc. a Roma<\/h2>\n\n\n\n<p>In Italia esistono leggi rigide a tutela dei tassisti dalla &#8220;concorrenza sleale&#8221;, che riguardano servizi come Uber e Lyft.<\/p>\n\n\n\n<h3 class=\"wp-block-heading\">Uber \u00e8 pi\u00f9 economico dei taxi a Roma?<\/h3>\n\n\n\n<p>Mentre Lyft non \u00e8 presente a Roma, Uber offre un servizio ridotto: Uber Black e Uber Van. Si tratta per\u00f2 di un servizio di fascia pi\u00f9 alta, e tende a costare pi\u00f9 dei taxi.<\/p>\n\n\n\n<p>Esistono alcuni servizi di ride-sharing, ma nessuno che operi su scala paragonabile a Uber. Scooterino ti permette di salire sul sellino di una Vespa per un rapido giro in citt\u00e0, ma ovviamente non \u00e8 adatto alla maggior parte delle situazioni.<\/p>\n\n\n\n<h2 class=\"wp-block-heading\">Vantaggi dell&#8217;uso dei taxi a Roma&nbsp;<\/h2>\n\n\n\n<p>I taxi sono un modo sicuro e familiare di spostarsi in citt\u00e0 e rappresentano un&#8217;alternativa comoda al <a href=\"https:\/\/www.rome.info\/it\/trasporti\/trasporti-pubblici\/\">trasporto pubblico<\/a>. Se hai bagagli o devi raggiungere una destinazione lontana dai collegamenti pubblici, il taxi \u00e8 molto pi\u00f9 conveniente. \u00c8 il modo pi\u00f9 semplice per viaggiare \u2014 senza lo stress di correre o trovare da soli la strada attraverso la citt\u00e0.<\/p>\n\n\n\n<p>Pu\u00f2 anche risultare un&#8217;opzione abbastanza economica se dividi il costo tra pi\u00f9 passeggeri.&nbsp;<\/p>\n\n\n\n<h2 class=\"wp-block-heading\">FAQ<\/h2>\n\n\n\n<h3 class=\"wp-block-heading\"><strong>I taxi a Roma sono cari?<\/strong><\/h3>\n\n\n\n<p>Non sono di certo il mezzo pi\u00f9 economico. I taxi di Roma sono pi\u00f9 costosi rispetto a molte altre capitali europee. Se cerchi una soluzione conveniente, usa il trasporto pubblico.<\/p>\n\n\n\n<h3 class=\"wp-block-heading\"><strong>Uber funziona a Roma?<\/strong><\/h3>\n\n\n\n<p>A Roma operano solo i servizi premium di Uber, poich\u00e9 il servizio standard \u00e8 vietato. Puoi prendere un Uber dall&#8217;aeroporto tramite Uber Black, ma i taxi sono di solito pi\u00f9 economici.<\/p>\n\n\n\n<h3 class=\"wp-block-heading\"><strong>Ci sono Uber o Lyft a Roma?<\/strong><\/h3>\n\n\n\n<p>Lyft non \u00e8 disponibile a Roma, e Uber pu\u00f2 offrire in citt\u00e0 solo i suoi servizi premium, Uber Black e Uber Van.<\/p>\n\n\n\n<h3 class=\"wp-block-heading\"><strong>Qual \u00e8 la migliore app per taxi a Roma?<\/strong><\/h3>\n\n\n\n<p>Ce ne sono diverse, ma le app per taxi pi\u00f9 popolari sono FREENOW e Wetaxi.<\/p>\n\n","protected":false},"excerpt":{"rendered":"","protected":false},"author":9,"featured_media":993,"parent":632,"menu_order":0,"comment_status":"closed","ping_status":"closed","template":"","meta":{"_acf_changed":false,"footnotes":"","button_url":"https:\/\/www.tiqets.com\/it\/rome-attractions-c71631\/?partner=romeinfo","ms_product_id":"","ms_product_name":"","ms_price":"","ms_currency":"","ms_rating_value":"","ms_review_count":"","rank_math_title":"Taxi a Roma: Come Prenotare, Tariffe e Consigli per i Viaggiatori","rank_math_description":"Scopri come prendere un taxi a Roma, comprendere le tariffe, evitare truffe e viaggiare in sicurezza con la nostra guida completa."},"post-style":[],"producer":[36],"class_list":["post-1107","page","type-page","status-publish","has-post-thumbnail"],"acf":[],"product_schema":{"ms_product_id":"","ms_product_name":"","ms_price":"","ms_currency":"","ms_rating_value":"","ms_review_count":""},"_links":{"self":[{"href":"https:\/\/www.rome.info\/it\/wp-json\/wp\/v2\/pages\/1107","targetHints":{"allow":["GET"]}}],"collection":[{"href":"https:\/\/www.rome.info\/it\/wp-json\/wp\/v2\/pages"}],"about":[{"href":"https:\/\/www.rome.info\/it\/wp-json\/wp\/v2\/types\/page"}],"author":[{"embeddable":true,"href":"https:\/\/www.rome.info\/it\/wp-json\/wp\/v2\/users\/9"}],"replies":[{"embeddable":true,"href":"https:\/\/www.rome.info\/it\/wp-json\/wp\/v2\/comments?post=1107"}],"version-history":[{"count":1,"href":"https:\/\/www.rome.info\/it\/wp-json\/wp\/v2\/pages\/1107\/revisions"}],"predecessor-version":[{"id":1143,"href":"https:\/\/www.rome.info\/it\/wp-json\/wp\/v2\/pages\/1107\/revisions\/1143"}],"up":[{"embeddable":true,"href":"https:\/\/www.rome.info\/it\/wp-json\/wp\/v2\/pages\/632"}],"wp:featuredmedia":[{"embeddable":true,"href":"https:\/\/www.rome.info\/it\/wp-json\/wp\/v2\/media\/993"}],"wp:attachment":[{"href":"https:\/\/www.rome.info\/it\/wp-json\/wp\/v2\/media?parent=1107"}],"wp:term":[{"taxonomy":"post-style","embeddable":true,"href":"https:\/\/www.rome.info\/it\/wp-json\/wp\/v2\/post-style?post=1107"},{"taxonomy":"producer","embeddable":true,"href":"https:\/\/www.rome.info\/it\/wp-json\/wp\/v2\/producer?post=1107"}],"curies":[{"name":"wp","href":"https:\/\/api.w.org\/{rel}","templated":true}]}}