{"id":1087,"date":"2026-04-21T05:10:44","date_gmt":"2026-04-21T05:10:44","guid":{"rendered":"https:\/\/www.rome.info\/it\/?page_id=1087"},"modified":"2026-04-21T05:15:24","modified_gmt":"2026-04-21T05:15:24","slug":"aeroporto","status":"publish","type":"page","link":"https:\/\/www.rome.info\/it\/aeroporto\/","title":{"rendered":"Aeroporti di Roma"},"content":{"rendered":"\n<p class=\"is-style-lead\">Roma \u00e8 servita da due aeroporti: l&#8217;Aeroporto Internazionale Leonardo da Vinci (FCO) e l&#8217;Aeroporto Giovan Battista Pastine, noto anche come Ciampino (CIA). Insieme, accolgono oltre 40 milioni di passeggeri all&#8217;anno.&nbsp;<\/p>\n\n\n\n<p>Di seguito trovi una panoramica dei due aeroporti di Roma che ti aiuter\u00e0 a capire le differenze tra i due e a scegliere quale utilizzare per la tua <a href=\"https:\/\/www.rome.info\/plan\/\">visita a Roma<\/a>. Consulta le nostre guide dedicate agli aeroporti di <a href=\"https:\/\/www.rome.info\/it\/aeroporto\/fiumicino\/\">Fiumicino<\/a> e <a href=\"https:\/\/www.rome.info\/it\/aeroporto\/ciampino\/\">Ciampino<\/a> per informazioni pi\u00f9 dettagliate.<\/p>\n\n\n\n<h2 class=\"wp-block-heading\">Aeroporto di Fiumicino (FCO)<\/h2>\n\n\n<figure>\n                    <div class=\"ms-credits\"><img decoding=\"async\" class=\"gb-image gb-image-7a441ad1\" src=\"https:\/\/www.rome.info\/wp-content\/uploads\/f-fiumicino-airport-sign.jpg\"><span class='ms-credits__info' id='media949'><svg xmlns=\"http:\/\/www.w3.org\/2000\/svg\" width=\"20\" height=\"22\" fill=\"#000000\" viewBox=\"0 0 256 256\"><path d=\"M128,24A104,104,0,1,0,232,128,104.11,104.11,0,0,0,128,24Zm0,192a88,88,0,1,1,88-88A88.1,88.1,0,0,1,128,216ZM96,128a32,32,0,0,0,57.6,19.2,8,8,0,0,1,12.8,9.61,48,48,0,1,1,0-57.62,8,8,0,0,1-12.8,9.61A32,32,0,0,0,96,128Z\"><\/path><\/svg> | <a href=https:\/\/depositphotos.com\/472745350\/stock-photo-commercial-plane-landing-reflecting-in.html rel='nofollow' target='_blank'>Depositphotos<\/a><\/span><span class='ms-credits__btn' id='btn_media949' onclick='ms_credits_trigger(\"#media949\", this)'><svg xmlns=\"http:\/\/www.w3.org\/2000\/svg\" class=\"info_icon\" width=\"28\" height=\"28\" fill=\"#FFF\" viewBox=\"0 0 256 256\"><path d=\"M128,24A104,104,0,1,0,232,128,104.11,104.11,0,0,0,128,24Zm0,192a88,88,0,1,1,88-88A88.1,88.1,0,0,1,128,216Zm16-40a8,8,0,0,1-8,8,16,16,0,0,1-16-16V128a8,8,0,0,1,0-16,16,16,0,0,1,16,16v40A8,8,0,0,1,144,176ZM112,84a12,12,0,1,1,12,12A12,12,0,0,1,112,84Z\"><\/path><\/svg><svg xmlns=\"http:\/\/www.w3.org\/2000\/svg\" class=\"close_icon\" width=\"28\" height=\"28\" fill=\"#FFF\" viewBox=\"0 0 256 256\"><path d=\"M165.66,101.66,139.31,128l26.35,26.34a8,8,0,0,1-11.32,11.32L128,139.31l-26.34,26.35a8,8,0,0,1-11.32-11.32L116.69,128,90.34,101.66a8,8,0,0,1,11.32-11.32L128,116.69l26.34-26.35a8,8,0,0,1,11.32,11.32ZM232,128A104,104,0,1,1,128,24,104.11,104.11,0,0,1,232,128Zm-16,0a88,88,0,1,0-88,88A88.1,88.1,0,0,0,216,128Z\"><\/path><\/svg><\/span><\/div><\/figure>\n\n\n<p>L&#8217;Aeroporto Internazionale Leonardo da Vinci, noto anche come Fiumicino, \u00e8 il principale aeroporto di Roma. Dispone di tutti i servizi e le strutture che ci si aspetta da un grande aeroporto internazionale, per rendere il tuo transito il pi\u00f9 agevole e confortevole possibile.<\/p>\n\n\n\n<p>Aperto 24 ore su 24, consigliamo comunque di arrivare di giorno, poich\u00e9 durante la notte i servizi e le <a href=\"https:\/\/www.rome.info\/it\/trasporti\/\">opzioni di trasporto<\/a> sono pi\u00f9 limitati.<\/p>\n\n\n\n<p>L&#8217;aeroporto \u00e8 composto da quattro terminal, anche se al momento ne sono operativi solo due: il Terminal 1 e il Terminal 3. Da entrambi operano voli nazionali e internazionali.<\/p>\n\n\n\n<p>I servizi e le strutture dell&#8217;aeroporto includono sportelli bancomat e cambi valuta in entrambi i terminal, oltre a comodi punti informazioni distribuiti in tutta la struttura.<\/p>\n\n\n\n<p>Una farmacia si trova nel Terminal 3, e il pronto soccorso \u00e8 disponibile 24 ore su 24 per tutti i passeggeri in caso di necessit\u00e0. Il deposito bagagli si trova nell&#8217;area arrivi del Terminal 3. L&#8217;aeroporto \u00e8 inoltre dotato di WiFi gratuito e illimitato in tutte le aree.<\/p>\n\n\n\n<p>Nelle aree airside, l&#8217;aeroporto offre un&#8217;ampia variet\u00e0 di opportunit\u00e0 per gli acquisti dell&#8217;ultimo minuto \u2014 marchi di moda italiana e negozi gourmet, articoli in pelle e tutto ci\u00f2 che ti sei perso mentre eri concentrato sull&#8217;arte e la cultura di Roma.<\/p>\n\n\n\n<p>Sono disponibili anche molti punti ristoro, tra cui il gourmet Eataly, ma anche opzioni di fast food aperte tutto il giorno.<\/p>\n\n\n\n<p>Per i soggiorni tra un volo e l&#8217;altro, sono disponibili tre opzioni nelle vicinanze: l&#8217;Hotel HelloSky, situato all&#8217;interno dell&#8217;aeroporto; il pi\u00f9 esclusivo Hilton Hotel, raggiungibile a piedi; oppure l&#8217;Hotel Hilton Garden Inn, accessibile con una navetta. L&#8217;aeroporto dispone inoltre di una serie di confortevoli lounge, molte delle quali ora accessibili a pagamento anche il giorno stesso.<\/p>\n\n\n\n<h2 class=\"wp-block-heading\">Aeroporto di Ciampino (CIA)<\/h2>\n\n\n\n<figure class=\"gb-block-image gb-block-image-5613de67\"><img decoding=\"async\" class=\"gb-image gb-image-5613de67\" src=\"https:\/\/www.rome.info\/wp-content\/uploads\/f-ciampino-airport.jpg\" \/><\/figure>\n\n\n\n<p>L&#8217;aeroporto di Ciampino \u00e8 l&#8217;aeroporto secondario di Roma. \u00c8 molto pi\u00f9 piccolo dell&#8217;aeroporto FCO e offre quindi una selezione pi\u00f9 limitata di servizi e strutture. Ci\u00f2 che gli manca in comodit\u00e0 e opzioni, per\u00f2, lo compensa in semplicit\u00e0 e vicinanza al centro citt\u00e0.&nbsp;<\/p>\n\n\n\n<p>Ciampino \u00e8 pi\u00f9 limitato, ma dispone comunque di tutti i servizi essenziali: sportelli bancomat, cambi valuta, punti informazioni turistiche e assistenza medica 24 ore su 24. L&#8217;aeroporto di Ciampino offre lo stesso servizio WiFi gratuito di Fiumicino.<\/p>\n\n\n\n<p>Le opzioni per lo shopping sono limitate, ma \u00e8 presente un duty-free, due WH Smith e una farmacia senza obbligo di ricetta. Non aspettarti niente di gourmet per il cibo: l&#8217;offerta \u00e8 principalmente panini, bar e fast food, ma di certo non soffrirai la fame prima del volo.<\/p>\n\n\n\n<p>Ciampino ha un solo terminal, che chiude ogni giorno dalle 00:00 alle 04:30, quindi i pernottamenti non sono possibili. Per i soggiorni tra un volo e l&#8217;altro, nelle vicinanze c&#8217;\u00e8 una selezione di hotel, anche se solo alcuni dispongono di navette per l&#8217;aeroporto, che dovrai organizzare e pagare in anticipo.&nbsp;<\/p>\n\n\n\n<h2 class=\"wp-block-heading\">A quale aeroporto dovrei volare?<\/h2>\n\n\n\n<figure class=\"gb-block-image gb-block-image-fdfdffe8\"><img decoding=\"async\" class=\"gb-image gb-image-fdfdffe8\" src=\"https:\/\/www.rome.info\/wp-content\/uploads\/f-arrivals-departures.jpg\" \/><\/figure>\n\n\n\n<p>Solo due compagnie low-cost, Wizzair e Ryanair, operano da Ciampino, ma volano verso oltre 50 paesi. \u00c8 probabile che, se stai prendendo un volo economico dall&#8217;interno dell&#8217;Europa, atterrerai a Ciampino.<\/p>\n\n\n\n<p>Fiumicino serve tutte le destinazioni internazionali e non Schengen, oltre a quelle nazionali e Schengen. Da qui operano anche alcune compagnie low-cost, quindi se non ti senti a tuo agio con Ciampino, hai sempre una scelta.<\/p>\n\n\n\n<h2 class=\"wp-block-heading\">Trasporti<\/h2>\n\n\n\n<p>Fiumicino si trova a circa 30 km da Roma e Ciampino a circa la met\u00e0, ma entrambi gli aeroporti offrono collegamenti con il centro citt\u00e0. Fiumicino \u00e8 pi\u00f9 lontano, ma dispone di molte pi\u00f9 opzioni per raggiungere il centro; tuttavia, se prendi un taxi, pagherai molto meno da Ciampino.&nbsp;<\/p>\n\n\n\n<p>Consulta la nostra <a href=\"https:\/\/www.rome.info\/it\/aeroporto\/transfer\/\">pagina sul transfer aeroportuale<\/a> per ulteriori informazioni sull&#8217;argomento.<\/p>\n","protected":false},"excerpt":{"rendered":"","protected":false},"author":9,"featured_media":1302,"parent":0,"menu_order":0,"comment_status":"closed","ping_status":"closed","template":"","meta":{"_acf_changed":false,"footnotes":"","button_url":"https:\/\/www.tiqets.com\/it\/rome-attractions-c71631\/?partner=romeinfo","ms_product_id":"","ms_product_name":"","ms_price":"","ms_currency":"","ms_rating_value":"","ms_review_count":"","rank_math_title":"Aeroporti di Roma: Confronta Fiumicino (FCO) e Ciampino (CIA)","rank_math_description":"Quale aeroporto di Roma si adatta ai tuoi piani di viaggio? Scopri le principali differenze in termini di posizione, servizi e trasferimenti. Consigli rapidi per aiutarti a scegliere quello giusto per il tuo viaggio."},"post-style":[],"producer":[37],"class_list":["post-1087","page","type-page","status-publish","has-post-thumbnail"],"acf":[],"product_schema":{"ms_product_id":"","ms_product_name":"","ms_price":"","ms_currency":"","ms_rating_value":"","ms_review_count":""},"_links":{"self":[{"href":"https:\/\/www.rome.info\/it\/wp-json\/wp\/v2\/pages\/1087","targetHints":{"allow":["GET"]}}],"collection":[{"href":"https:\/\/www.rome.info\/it\/wp-json\/wp\/v2\/pages"}],"about":[{"href":"https:\/\/www.rome.info\/it\/wp-json\/wp\/v2\/types\/page"}],"author":[{"embeddable":true,"href":"https:\/\/www.rome.info\/it\/wp-json\/wp\/v2\/users\/9"}],"replies":[{"embeddable":true,"href":"https:\/\/www.rome.info\/it\/wp-json\/wp\/v2\/comments?post=1087"}],"version-history":[{"count":1,"href":"https:\/\/www.rome.info\/it\/wp-json\/wp\/v2\/pages\/1087\/revisions"}],"predecessor-version":[{"id":1140,"href":"https:\/\/www.rome.info\/it\/wp-json\/wp\/v2\/pages\/1087\/revisions\/1140"}],"wp:featuredmedia":[{"embeddable":true,"href":"https:\/\/www.rome.info\/it\/wp-json\/wp\/v2\/media\/1302"}],"wp:attachment":[{"href":"https:\/\/www.rome.info\/it\/wp-json\/wp\/v2\/media?parent=1087"}],"wp:term":[{"taxonomy":"post-style","embeddable":true,"href":"https:\/\/www.rome.info\/it\/wp-json\/wp\/v2\/post-style?post=1087"},{"taxonomy":"producer","embeddable":true,"href":"https:\/\/www.rome.info\/it\/wp-json\/wp\/v2\/producer?post=1087"}],"curies":[{"name":"wp","href":"https:\/\/api.w.org\/{rel}","templated":true}]}}