{"id":640,"date":"2021-12-28T15:12:54","date_gmt":"2021-12-28T14:12:54","guid":{"rendered":"https:\/\/www.rome.info\/fr\/?page_id=640"},"modified":"2026-04-23T06:32:16","modified_gmt":"2026-04-23T06:32:16","slug":"rome-antique","status":"publish","type":"page","link":"https:\/\/www.rome.info\/fr\/rome-antique\/","title":{"rendered":"La Rome Antique"},"content":{"rendered":"\n<ul class=\"wp-block-list\"><li><a href=\"https:\/\/www.rome.info\/fr\/colisee\/\">Colis\u00e9e Romain<\/a><\/li><li><a href=\"https:\/\/www.rome.info\/fr\/via-appia\/\">La Via Appia<\/a><\/li><li><a href=\"https:\/\/www.rome.info\/fr\/pantheon\/\">Panth\u00e9on romain<\/a><\/li><li><a href=\"https:\/\/www.rome.info\/fr\/bains-de-caracalla\/\">Bains de Caracalla<\/a><\/li><li><a href=\"https:\/\/www.rome.info\/fr\/castel-sant-angelo\/\">Castel Sant&rsquo; Angelo<\/a><\/li><\/ul>\n\n\n\n<div class=\"wp-block-image\"><figure class=\"alignright size-full\"><img decoding=\"async\" width=\"155\" height=\"120\" src=\"https:\/\/www.rome.info\/fr\/wp-content\/uploads\/sites\/2\/romulus.gif\" alt=\"\" class=\"wp-image-641\" \/><\/figure><\/div>\n\n\n\n<p>La Rome Antique est l\u2019une des plus anciennes villes d&rsquo;Europe, en effet cette ville a exist\u00e9 pendant plus de 2 700 ans. Depuis lors, elle a continuellement \u00e9t\u00e9 habit\u00e9e, et, a \u00e9t\u00e9 nomm\u00e9e comme premier quartier g\u00e9n\u00e9ral de l&rsquo;Empire romain, puis de l&rsquo;Eglise catholique romaine, Rome a eu un impact sans pareil sur le monde.<\/p>\n\n\n\n<p>Beaucoup de langues europ\u00e9ennes sont bas\u00e9es sur le latin, de nombreux syst\u00e8mes politiques et juridiques suivent l&rsquo;ancien mod\u00e8le Romain ; et les b\u00e2timents tout autour du monde utilisent des styles et des techniques mises au point durant la p\u00e9riode de la Rome antique.<\/p>\n\n\n\n<p>Aujourd\u2019hui Rome est devenue la plus grande ville de mus\u00e9e \u00e0 ciel ouvert. D\u2019ailleurs la ville elle-m\u00eame est compos\u00e9e de b\u00e2timent datant de plusieurs mill\u00e9naires.<\/p>\n\n\n\n<hr class=\"wp-block-separator\" \/>\n\n\n\n<h2 class=\"wp-block-heading\">L\u2019Ancien Centre<\/h2>\n\n\n\n<div class=\"wp-block-image\"><figure class=\"alignright size-full\"><img decoding=\"async\" width=\"120\" height=\"160\" src=\"https:\/\/www.rome.info\/fr\/wp-content\/uploads\/sites\/2\/palatine.jpg\" alt=\"\" class=\"wp-image-642\" \/><\/figure><\/div>\n\n\n\n<p>Le Capitole, plus pr\u00e9cis\u00e9ment le sommet sud de la colline du Capitole, \u00e9tait le centre symbolique du monde romain et abrite trois des temples les plus importants de la ville.<\/p>\n\n\n\n<p>Sous le Capitole se trouve le Forum Romain , centre de la vie politique, sociale, juridique et commerciale&nbsp;: Fora Imperial a \u00e9t\u00e9 construit lorsque la population de Rome a grandi ; Le Forum romain est devenu la zone centrale autour de laquelle la Rome antique s\u2019est d\u00e9velopp\u00e9e&nbsp;; et le Colis\u00e9e , le centre de divertissement.<\/p>\n\n\n\n<p>Surplombant le Forum, se trouve alors la Colline Palantine , o\u00f9 Romulus aurait fond\u00e9 Rome aux alentours du 8\u00e8me si\u00e8cle avant JC, et o\u00f9 les empereurs ont v\u00e9cu pendant plus de 400 ans.<\/p>\n","protected":false},"excerpt":{"rendered":"","protected":false},"author":2,"featured_media":0,"parent":0,"menu_order":0,"comment_status":"closed","ping_status":"closed","template":"","meta":{"_acf_changed":false,"footnotes":"","button_url":"https:\/\/www.tiqets.com\/fr\/activites-attractions-rome-c71631\/?partner=romeinfo","ms_product_id":"","ms_product_name":"","ms_price":"","ms_currency":"","ms_rating_value":"","ms_review_count":"","rank_math_title":"","rank_math_description":""},"post-style":[],"producer":[],"class_list":["post-640","page","type-page","status-publish","has-post-thumbnail"],"acf":[],"product_schema":{"ms_product_id":"","ms_product_name":"","ms_price":"","ms_currency":"","ms_rating_value":"","ms_review_count":""},"_links":{"self":[{"href":"https:\/\/www.rome.info\/fr\/wp-json\/wp\/v2\/pages\/640","targetHints":{"allow":["GET"]}}],"collection":[{"href":"https:\/\/www.rome.info\/fr\/wp-json\/wp\/v2\/pages"}],"about":[{"href":"https:\/\/www.rome.info\/fr\/wp-json\/wp\/v2\/types\/page"}],"author":[{"embeddable":true,"href":"https:\/\/www.rome.info\/fr\/wp-json\/wp\/v2\/users\/2"}],"replies":[{"embeddable":true,"href":"https:\/\/www.rome.info\/fr\/wp-json\/wp\/v2\/comments?post=640"}],"version-history":[{"count":3,"href":"https:\/\/www.rome.info\/fr\/wp-json\/wp\/v2\/pages\/640\/revisions"}],"predecessor-version":[{"id":1358,"href":"https:\/\/www.rome.info\/fr\/wp-json\/wp\/v2\/pages\/640\/revisions\/1358"}],"wp:attachment":[{"href":"https:\/\/www.rome.info\/fr\/wp-json\/wp\/v2\/media?parent=640"}],"wp:term":[{"taxonomy":"post-style","embeddable":true,"href":"https:\/\/www.rome.info\/fr\/wp-json\/wp\/v2\/post-style?post=640"},{"taxonomy":"producer","embeddable":true,"href":"https:\/\/www.rome.info\/fr\/wp-json\/wp\/v2\/producer?post=640"}],"curies":[{"name":"wp","href":"https:\/\/api.w.org\/{rel}","templated":true}]}}