{"id":636,"date":"2021-12-28T15:02:17","date_gmt":"2021-12-28T14:02:17","guid":{"rendered":"https:\/\/www.rome.info\/fr\/?page_id=636"},"modified":"2025-04-22T08:57:05","modified_gmt":"2025-04-22T08:57:05","slug":"restaurants","status":"publish","type":"page","link":"https:\/\/www.rome.info\/fr\/restaurants\/","title":{"rendered":"Les restaurants \u00e0 Rome"},"content":{"rendered":"\n<p><em>\u00ab\u00a0Une excellente s\u00e9lection de restaurants par Francesca Fabi\u00a0\u00bb<\/em><\/p>\n\n\n\n<p>Ind\u00e9niablement, les Romains aiment manger. Et de la bonne cuisine. Sous leurs airs de \u00ab&nbsp;qui vivra verra&nbsp;\u00bb, ils peuvent devenir tres pointilleux des qu&rsquo;on en vient a parler nourriture. Le centre de Rome est bien entendu le lieu ou vous trouverez le plus grand nombre \u00ab&nbsp;d&rsquo;attrape-touriste&nbsp;\u00bb mais si vous observez les terrasses et qu&rsquo;elles sont remplies d&rsquo;italiens, n&rsquo;h\u00e9sitez pas une seule seconde, vous ne pouvez pas vous tromper. Ce sera sans aucun doute un bon restaurant. A Rome, vous aurez l&rsquo;occasion de d\u00e9couvrir que la cuisine italienne ne se r\u00e9sume pas seulement aux p\u00e2tes et aux pizzas.<\/p>\n\n\n<div class=\"wp-block-image\">\n<figure class=\"alignleft size-full\"><img decoding=\"async\" width=\"200\" height=\"146\" src=\"https:\/\/www.rome.info\/fr\/wp-content\/uploads\/sites\/2\/restaurant.jpg\" alt=\"\" class=\"wp-image-637\"\/><\/figure>\n<\/div>\n\n\n<p>Les dizaines et dizaines de restaurants de la ville vous raviront avec des sp\u00e9cialit\u00e9s gastronomiques diverses et vari\u00e9es : de la cuisine traditionnelle romaine aux plats de diff\u00e9rentes r\u00e9gions d&rsquo;Italie en passant par des menus exotiques du monde entier.<br>Il y a du choix pour tous les gouts et toutes les bourses : des lieux a la mode qui attirent une clientele branch\u00e9e, des restaurants raffin\u00e9s, les innombrables pizzerias, les auberges populaires appel\u00e9es \u00ab&nbsp;trattorie&nbsp;\u00bb ou il n&rsquo;est pas impossible que vous rencontriez une vieille \u00ab&nbsp;mama&nbsp;\u00bb (non, ce n&rsquo;est un st\u00e9r\u00e9otype, j&rsquo;en ai rencontr\u00e9 moi-meme r\u00e9gulierement) en train de pr\u00e9parer des p\u00e2tes fra\u00eeches maison ou enfin des bars a vin ou vous pourrez grignoter tout en d\u00e9gustant un bon verre de vin.<\/p>\n\n\n\n<p>LIST OF MOST RECOMMENDED ROME&rsquo;S RESTAURANTS:<\/p>\n\n\n\n<p>Liste des restaurants que Rome.info vous recommande a Rome :<\/p>\n\n\n\n<ul class=\"wp-block-list\">\n<li><a href=\"#roman\">Restaurants de cuisine romaine<\/a><\/li>\n\n\n\n<li><a href=\"#seafood\">Restaurants de Fruits de mer (frutti di mare)<\/a><\/li>\n\n\n\n<li><a href=\"#international\">Cuisine internationale<\/a><\/li>\n\n\n\n<li><a href=\"#pizzerie\">Pizzeria<\/a><\/li>\n\n\n\n<li><a href=\"#vegetarian\">Cuisine Vegetarienne<\/a><\/li>\n\n\n\n<li><a href=\"#italian\">Cuisine Italienne<\/a><\/li>\n\n\n\n<li><a href=\"https:\/\/www.rome.info\/restaurants\/\">Restaurants Haut de Gamme<\/a><\/li>\n\n\n\n<li><a href=\"#wine\">Bars a vins<\/a><\/li>\n<\/ul>\n\n\n\n<h2 class=\"wp-block-heading\" id=\"roman\">ROMAN CUISINE RESTAURANTS<\/h2>\n\n\n\n<p>BON PLAN: Bon plan : Allez d\u00e9couvrir la page \u00ab\u00a0<a href=\"https:\/\/www.rome.info\/fr\/cuisine-romaine\/\">La cuisine romaine<\/a>\u00a0\u00bb avant de vous plonger dans la liste de nos restaurants recommand\u00e9s a Rome&#8230;<strong>Da Lucia<\/strong>, via del Mattonato 2B, tel. 06\/580301<br>quartier: Trastevere<br>Ouvert en 1938, cette trattoria familiale et rustique sert de copieux plats fait maison typiquement romain comme les gnocchi a la Romaine et les calamars aux pois gourmands. ?<\/p>\n\n\n\n<p><strong>Agata e Romeo<\/strong>, via c. Alberto 45, tel. 06\/4466115<br>area: Esquilino<br>A little pricey and elegant, it brings Roman cuisine to the next level: Roman dishes with a bit of an edge, mixing tradition with some creativity. Good wine list.<\/p>\n\n\n\n<p><strong>Giggetto<\/strong>, Via del Portico D\u2019Ottavia 21\/9, tel. 06\/6861105<br>area: Jewish Ghetto<br>Set in the Old Jewish Ghetto, only steps away from the Portico D\u2019 Ottavia and the Synagogue, it is well renowed for its Roman- jewish dishes.<\/p>\n\n\n\n<p><strong>Checco er Carettiere<\/strong>, via Benedetta 10, tel. 5817018<br>area: Trastevere<br>It is located in the heart of&nbsp;<a href=\"https:\/\/www.rome.info\/trastevere\/\">Trastevere district<\/a>, one of the most characteristic \u201dRoman\u201d area . It is great for a full immersion in the roman gastronomic culture and true to tradition dishes.<\/p>\n\n\n\n<p><strong>Alfredo ed Ada<\/strong>, Via dei Banchi nuovi 14, tel.066878842<br>area: Piazza Navona\/ Campo de Fiori<br>Tiny cozy Rome restaurant is active since 60 years. Tables with paper cloths and a honest menu unchanged in time: amatriciana, carbonara, meat balls with tomato sauce and house wines<\/p>\n\n\n\n<p><strong>Sora Margherita<\/strong>, piazza delle Cinque Scole 30, tel. 06\/6874216<br>area: Jewish Ghetto<br>In the heart of the Ghetto, this is the place for people who look for authentic atmosphere and good food. Everything screams Rome here and the Roman-jewish tradition is everywhere: in the pasta soups( with chickpeas, with lentils, with skater or beans), in the second courses, in the desserts.<\/p>\n\n\n\n<p><strong>Armando al Pantheon<\/strong>, Salita Dei Crescenzi 31, tel. 06\/68803034<br>area: Pantheon<br>A very welcoming restaurant, whose menu offers many delights such as different kinds of bruschetta and a great selection of second courses and vegetable \u201c alla romana\u201d.<a><\/a><\/p>\n\n\n\n<h2 class=\"wp-block-heading\" id=\"seafood\">SEAFOOD RESTAURANTS<\/h2>\n\n\n\n<p><strong>Crab<\/strong>, via Capo D\u2019 Africa 2, tel. 06\/77203636<br>area: Celio\/ Colosseum<br>Not far from the&nbsp;<a href=\"https:\/\/www.rome.info\/colosseum\/\">Colosseum<\/a>, it is a good address for fish lovers, offering lobster, oysters, crab, sea bass, octopus- you name it, they got it<\/p>\n\n\n\n<p><strong>La Gensola<\/strong>, piazza Gensola 5, tel. 06\/58332758<br>area: Trastevere<br>In this fish Rome&rsquo;s restaurant of old tradition, located in a XV th century palazzo, you can savour pasta dishes with sea-urchin, grilled cod with tomato sauce and tuna fish.<\/p>\n\n\n\n<p><strong>Riccioli Cafe<\/strong>, piazza delle Coppelle 10\/a<br>area: Pantheon<br>Sea food heaven in a high tech atmosphere. Also sushi and oyster bar with international wines list.<\/p>\n\n\n\n<p><strong>Alberto Ciarla<\/strong>, piazza San Cosimato 40, tel. 06\/5818668<br>area: Trastevere<br>Be prepared to pay a bit more than usual here but you\u2019 ll be rewarded with one of the best restaurant in town. The high quality of ingredients and the excellent proposals will definitely please your senses<a><\/a><\/p>\n\n\n\n<h2 class=\"wp-block-heading\" id=\"international\">INTERNATIONAL CUISINE<\/h2>\n\n\n\n<p><strong>Duke<\/strong>, viale Parioli 200, tel. 06\/80662455<br>area: Parioli<br>Hip, hot spot that attracts a glamourous crowd with amazing, creative and sometimes exotic food, inspired by California and the West Coast and cooked by a great Chef. Also cocktail bar. Chic location and chic crowd<\/p>\n\n\n\n<p><strong>Akropolis<\/strong>, via San Francesco a Ripa 103, tel. 06\/5833260<br>area: Trastevere<br>In a non formal and casual ambience, you can enjoy real greek recipes such as moussaka , spanakopita, wine. leaves and much more. Open only evenings<\/p>\n\n\n\n<p><strong>Franz<\/strong>, via di Porta Castello 23\/24, tel. 06\/6873921<br>area: Vatican\/ Castel San Angelo<br>Fancy a bavarian snack after a long day spent around the&nbsp;<a href=\"https:\/\/www.rome.info\/vatican\/\">Vatican area<\/a>? This is the place for you. Dig into a Bavarian and Austrian feast with their goulash, knodel and luscious desserts like sacher torte.<\/p>\n\n\n\n<p><strong>Mahrajah<\/strong>, via dei Serpenti 124, tel. 06\/4747144<br>area: Monti<br>Cozy and quiete even when crowded, it has a very rich menu that includes many northern Indian specials. Very attentive service.<\/p>\n\n\n\n<p><strong>Doozo Art Books and Sushi<\/strong>, via Palermo 51\/53, tel. 06. 4815655<br>area: Monti<br>Here you can have fresh sushi and sashimi while taking a look at their photography and contemporary art books.<\/p>\n\n\n\n<p><strong>Sciam<\/strong>, via del Pellegrino 55, tel. 06\/68308957<br>area: Campo De\u2019 Fiori<br>You can come here until late at night to enjoy an Arabian night, nibbling on middle eastern courses and surrounded by candlelight.<\/p>\n\n\n\n<p><strong>Ketumbar<\/strong>, via Glavani 24, tel. 06\/57305338<br>area: Testaccio<br>Come here to see and be seen. Local celebrities and&nbsp;<a href=\"https:\/\/www.rome.info\/as-roma\/\">Rome soccer<\/a>&nbsp;players have been spotted here in this sophisticated, minimalist restaurant of Rome where you can try Mediterranean but also fusion courses and sushi and listen to chill out music.<a><\/a><\/p>\n\n\n\n<h2 class=\"wp-block-heading\" id=\"pizzerie\">PIZZERIE<\/h2>\n\n\n\n<p><strong>Birra&amp; Fud<\/strong>, via Benedetta 23, tel. 06\/5894016<br>area: Trastevere<br>Only ingredients of excellent quality for the pizza here and great house beer. Lots of tasty roman style appetizers in a great atmosphere<\/p>\n\n\n\n<p><strong>Panattoni<\/strong>, viale Trastevere 53\/57, tel. 06\/5800919<br>area: Trastevere<br>This place is an institution in Rome. Don\u2019t expect anything formal here and be prepared to wait before you\u2019 ll find a table but the pizza here is authentic (thin and crunchy) and the offer of fried appetizers is worth being squeezed between strangers.<\/p>\n\n\n\n<p><strong>Gusto<\/strong>, piazza Augusto Imperatore 9, tel. 06\/3226273<br>area: via del Corso\/ Babuino<br>This multifunctional space is a very famous address in town. It is a pizzeria but also a restaurant and a wine bar where you can even buy design kitchen tools and precious&nbsp;<a href=\"https:\/\/www.rome.info\/wine\/\">wines<\/a>.<\/p>\n\n\n\n<p><strong>Acchiappafantasmi<\/strong>, via dei Cappellari 66, tel. 06\/6873462<br>area: Campo De Fiori<br>Many kind of pizza(and toppings) in a ghost shape(after all, the name of this pizzeria means Ghostbusters) and a rich offer of Mediterranean and spicy dishes from the southern Calabria region<\/p>\n\n\n\n<p><strong>Brasia<\/strong>, vicolo delle Grotte 17, tel. 06\/97277119<br>area: Campo De Fiori<br>Simple but quite elegant pizzeria and restaurant with several proposals on its menu. Crunchy, crispy roman pizza cooked in wood oven but also grilled meat, pasta and appetizers<a><\/a><\/p>\n\n\n\n<h2 class=\"wp-block-heading\" id=\"vegetarian\">VEGETARIAN CUISINE<\/h2>\n\n\n\n<p><strong>Jaya Sai Ma<\/strong>, via Bargoni 10, tel. 06\/5812840<br>area: Trastevere<br>Near the Porta Portese market, no fuss or frills here in this vegetarian eatery but the food is biological and organic. They serve also vegan specialties.<\/p>\n\n\n\n<p><strong>Margutta ristorante<\/strong>, via Margutta 18, tel. 06\/32650577<br>area: Piazza Del Popolo<br>Well known and refined Rome&rsquo;s restaurant famous for its vegetarian dishes such as cheese ravioli and fava beans souffl\u00e9.<\/p>\n\n\n\n<p><strong>Arancia Blu<\/strong>, via dei Latini 55\/65, tel. 06\/4454105<br>area: San Lorenzo area<br>A bit out of the centre of Rome but located in the lively University area (San Lorenzo), it offers vegetable lasagne, delicious quiches and an interesting wine list.<a><\/a><\/p>\n\n\n\n<h2 class=\"wp-block-heading\" id=\"italian\">ITALIAN CUISINE RESTAURANTS<\/h2>\n\n\n\n<p><strong>Ditirambo<\/strong>, piazza della Cancelleria 74, tel.06\/6871626<br>A welcoming restaurant where the dishes of italian tradition changes with the season. A pleasant and refined oasis right behind the crowded and noisy Campo De Fiori.<\/p>\n\n\n\n<p><strong>Alfredo alla Scrofa<\/strong>, via della Scrofa 104\/a, tel. 06\/68806163<br>area: San Eustachio area<br>Have you ever wondered where the legend of the famous \u201cFettuccine Alfredo\u201d started? Right here, since 1907. Beside this worldwide known dish, you can also have here eggplant parmigiana, fish and meat and a tiramisu to finish off your meal.<\/p>\n\n\n\n<p><strong>Capricci Siciliani<\/strong>, via di Panico 83, tel. 06\/45433823<br>area: Castel San Angelo<br>Cross the San Angelo Bridge and you\u2019ll find a little piece of Sicily in the heart of Rome and all the best delicacies of this beautiful island. Let yourself be tempted by their Pasta alla Norma, swordfish roulade, cassata and cannoli<\/p>\n\n\n\n<p><strong>Alfredo al Campidoglio<\/strong>, via dei Fienili 56, tel. 06\/69191024<br>area: Campidoglio<br>Overlooking the Campidoglio Hill, this is a place that will welcome you after a long day wandering around the nearby archeological sites. Great selection of cheeses and cold cuts, pasta dishes cooked with a sometimes creative touch and truffle specialties.<\/p>\n\n\n\n<p><strong>La Pentolaccia<\/strong>, via Flavia 38, tel. 06\/483477<br>area: Via Veneto<br>Located near Via Veneto and the american Embassy, it is an elegant address( but with good prices) and it has a gastronomic repertoire based on traditional, Italian cuisine. Try their ravioli with mozzarella di bufala while sipping on one of the&nbsp;<a href=\"https:\/\/www.rome.info\/wine\/\">Italian wines<\/a>&nbsp;on their list.<\/p>\n\n\n\n<p><strong>Supper Club<\/strong>,via De Nari 14, 06\/68301011<br>area: Pantheon<br>Warning: this is not a traditional restaurant at all. You can come here to enjoy the amazing, unusual and sometimes cosmopolitan atmosphere and the bare-chested waiters who will serve you creative superb food while you will be seated on snow white lounge sofas while listening to dj sets and enjoying art performance. Booking is essential.<\/p>\n\n\n\n<p><strong>Santa Lucia<\/strong>, Largo Febo 12, tel. 06\/68802427<br>area: Piazza Navona<br>Romantic location( it has also some tables outside) for this restaurant that is also a destination for many cinema stars once they are in Rome. Not without a reason: the food here, inspired by Naples and Campania region, is excellent and inspite the show biz guests that may appear here from time to time, the atmosphere is relaxing.<a><\/a><\/p>\n\n\n\n<h2 class=\"wp-block-heading\" id=\"wine\">WINE BARS<\/h2>\n\n\n\n<p><strong>Antico Forno Roscioli<\/strong>, via dei Giubbonari 21. 22, tel. 06\/6875287<br>area: Campo De Fiori<br>A wine bar run with passion and experience by the Roscioli family. Choose between the over 1500&nbsp;<a href=\"https:\/\/www.rome.info\/wine\/\">wines<\/a>&nbsp;while tasting their fish carpaccio, the soups or their delicious desserts<\/p>\n\n\n\n<p><strong>Trimani<\/strong>, via Goito 20, tel. 06\/4469661<br>area: Termini Station area<br>A wine temple. Gourmet specialties sold and served here but above all, wines from all over Italy and the world.<\/p>\n","protected":false},"excerpt":{"rendered":"","protected":false},"author":2,"featured_media":0,"parent":0,"menu_order":0,"comment_status":"closed","ping_status":"closed","template":"","meta":{"_acf_changed":false,"footnotes":"","button_url":"https:\/\/www.tiqets.com\/fr\/activites-attractions-rome-c71631\/?partner=romeinfo","ms_product_id":"","ms_product_name":"","ms_price":"","ms_currency":"","ms_rating_value":"","ms_review_count":"","rank_math_title":"","rank_math_description":"Ou` manger pendat votre s\u00e9jour \u00e0 Rome, excellente s\u00e9lection de restaurants de Rome."},"post-style":[],"producer":[],"class_list":["post-636","page","type-page","status-publish","has-post-thumbnail"],"acf":[],"product_schema":{"ms_product_id":"","ms_product_name":"","ms_price":"","ms_currency":"","ms_rating_value":"","ms_review_count":""},"_links":{"self":[{"href":"https:\/\/www.rome.info\/fr\/wp-json\/wp\/v2\/pages\/636","targetHints":{"allow":["GET"]}}],"collection":[{"href":"https:\/\/www.rome.info\/fr\/wp-json\/wp\/v2\/pages"}],"about":[{"href":"https:\/\/www.rome.info\/fr\/wp-json\/wp\/v2\/types\/page"}],"author":[{"embeddable":true,"href":"https:\/\/www.rome.info\/fr\/wp-json\/wp\/v2\/users\/2"}],"replies":[{"embeddable":true,"href":"https:\/\/www.rome.info\/fr\/wp-json\/wp\/v2\/comments?post=636"}],"version-history":[{"count":1,"href":"https:\/\/www.rome.info\/fr\/wp-json\/wp\/v2\/pages\/636\/revisions"}],"predecessor-version":[{"id":908,"href":"https:\/\/www.rome.info\/fr\/wp-json\/wp\/v2\/pages\/636\/revisions\/908"}],"wp:attachment":[{"href":"https:\/\/www.rome.info\/fr\/wp-json\/wp\/v2\/media?parent=636"}],"wp:term":[{"taxonomy":"post-style","embeddable":true,"href":"https:\/\/www.rome.info\/fr\/wp-json\/wp\/v2\/post-style?post=636"},{"taxonomy":"producer","embeddable":true,"href":"https:\/\/www.rome.info\/fr\/wp-json\/wp\/v2\/producer?post=636"}],"curies":[{"name":"wp","href":"https:\/\/api.w.org\/{rel}","templated":true}]}}