{"id":635,"date":"2021-12-28T14:54:56","date_gmt":"2021-12-28T13:54:56","guid":{"rendered":"https:\/\/www.rome.info\/fr\/?page_id=635"},"modified":"2021-12-28T14:54:56","modified_gmt":"2021-12-28T13:54:56","slug":"rendre-aeroport-rome","status":"publish","type":"page","link":"https:\/\/www.rome.info\/fr\/rendre-aeroport-rome\/","title":{"rendered":"Se rendre de l\u2019A\u00e9roport \u00e0 Rome"},"content":{"rendered":"\n<p>L\u2019A\u00e9roport de Fiumicino se situe \u00e0 32 km de Rome et il y a 3 principales options qui s\u2019offrent \u00e0 vous\u00a0: train, bus, navette ou taxi. Les informations suivantes vous aideront \u00e0 planifier votre arriv\u00e9e sans stress et sans probl\u00e8mes.<\/p>\n\n\n\n<h2 class=\"wp-block-heading\" id=\"train\">A\u00e9roport de Rome en Train<\/h2>\n\n\n\n<p>Il y a 3 services disponibles, tous en partance de la station \u00e0 l\u2019int\u00e9rieur de l\u2019a\u00e9roport \u00e0 proximit\u00e9 des terminaux d\u2019arriv\u00e9s<\/p>\n\n\n\n<ol class=\"wp-block-list\"><li><strong>Trains R\u00e9gionaux (FLI)<\/strong><br><br>Ces trains partent toutes les 15 minutes du Lundi au Vendredi, toutes les 30 minutes le Samedi, Dimanches et pendant les vacances.<br><br>S\u2019arr\u00eatant \u00e0 Rome Tiburtina, Rome Ostiense, Rome Trastevere, ils rejoignent Rome Termini (gare centrale de train) en 55 minutes.<br><br>Prix : 8 Euros, 65 Euros pour un carnet de 10 tickets.<br><br><\/li><li><strong>Leonardo Express<\/strong><br><br>Une connexion directe de l\u2019a\u00e9roport de Fiumicino jusqu\u2019\u00e0 la station Rome Termini commen\u00e7ant \u00e0 6h23 et se finissant \u00e0 23h23 toutes les 30 minutes, tous les jours.<br><br>Cette option offre le temps de trajet le plus court soit 32 minutes.<br><br>Prix : 14 Euros, 115 Euros pour un carnet de 10 tickets.<br><br>PAS DE CHARGE pour les 2 trains r\u00e9gionaux et le Leonardo Express pour\u00a0:<br><br>Les enfants de moins de 4 ans<br><br>Enfants de 4 \u00e0 12 accompagn\u00e9s par un adulte ayant pay\u00e9 son billet<br><br>Petits animaux<br><br>Bagages<br><br>VOYAGEURS AYANT UNE MOBILITE REDUITE<br><br>Le Leonardo Express et les trains r\u00e9gionaux ont tous deux des espaces d\u00e9di\u00e9s.<br><br><\/li><li><strong>Frecciargento<\/strong><br><br>Appartenant au r\u00e9seau \u00e0 grande vitesse, ces trains vous d\u00e9poseront \u00e0 Rome et \u00e0 d&rsquo;autres destinations de voyage au nord de Rome : Florence, Bologne, Padoue et Venise.<br><br>Heures de d\u00e9part : 11h08 et 15h05.<br><br>Prix : 17 Euros classe standard, 20 Euros premi\u00e8re classe.<\/li><\/ol>\n\n\n\n<h2 class=\"wp-block-heading\" id=\"bus\">Bus A\u00e9roport de Rome<\/h2>\n\n\n\n<p>Vous pouvez \u00e9galement prendre un bus :<\/p>\n\n\n\n<h4 class=\"wp-block-heading\">COTRAL (transport public)<\/h4>\n\n\n\n<p>Si vous voulez vous d\u00e9placer avec le r\u00e9seau de m\u00e9tro (appel\u00e9 \u00a0\u00bb m\u00e9tro\u00a0\u00bb en italien), choisir les lignes COTRAL.<\/p>\n\n\n\n<p>Ce bus part du Terminal 2, Arriv\u00e9s, (suivre les signes STOP BUS REGIONAUX bleues et blancs) et s\u2019arr\u00eate \u00e0 :<\/p>\n\n\n\n<ul class=\"wp-block-list\"><li>Piazza dei Cinquecento (en face de la Termini Station)<\/li><li>Cornelia Station qui se connecte avec la ligne A de m\u00e9tro<\/li><li>Station EUR-Magliana qui se connecte avec la ligne B de m\u00e9tro<\/li><\/ul>\n\n\n\n<p>Temps de voyage approximatif d\u20191 heure, prix 3,60 Euros.<\/p>\n\n\n\n<h2 class=\"wp-block-heading\" id=\"shuttle\">Navette A\u00e9roport de Rome (entreprises priv\u00e9es)<\/h2>\n\n\n\n<p>De nombreux services de navette effectuant le trajet A\u00e9roport de Rome jusqu\u2019au centre-ville sont disponibles en partance de la sortie du Terminal 3 (suivre les signes STATION DE BUS bleues et blancs) et arrivent \u00e0 :<\/p>\n\n\n\n<p>-Termini Station et dans le quartier du Vatican, Via Crescenzio. SIT navette, espace de parking 1.<\/p>\n\n\n\n<p>-Termini Station et Ostiense station. T.A.M. navette, espace de parking 2.<\/p>\n\n\n\n<p>-Termini Station. Either Atral ou TERRAVISION navettes, espace de parking 3 et 4.<\/p>\n\n\n\n<p>Toutes les soci\u00e9t\u00e9s de navette offrent des connexions journali\u00e8res du Lundi au Dimanche, environ toutes les 30 minutes. Temps de voyage de 50 minutes, prix de 6 euros. Les billets peuvent-\u00eatre achet\u00e9s \u00e0 bord.<\/p>\n\n\n\n<h2 class=\"wp-block-heading\" id=\"taxi\">Taxi depuis l\u2019a\u00e9roport de Rome<\/h2>\n\n\n\n<p>Assurez-vous d&rsquo;attraper les taxis officiels sous licence (voitures blanches avec le num\u00e9ro de taxi sur le c\u00f4t\u00e9) et que l&rsquo;on vous demande des tarifs fixes : \u00e0 partir de l&rsquo;a\u00e9roport de Fiumicino les tarifs sont les suivants :<\/p>\n\n\n\n<ul class=\"wp-block-list\"><li>Toute destination \u00e0 Rome : 48 Euros<br><\/li><li>Station Tiburtina : 55 Euros<br><\/li><li>Station Ostiense : 45 Euros<\/li><\/ul>\n","protected":false},"excerpt":{"rendered":"","protected":false},"author":2,"featured_media":0,"parent":0,"menu_order":0,"comment_status":"closed","ping_status":"closed","template":"","meta":{"_acf_changed":false,"footnotes":""},"post-style":[],"producer":[],"class_list":["post-635","page","type-page","status-publish","has-post-thumbnail"],"acf":[],"_links":{"self":[{"href":"https:\/\/www.rome.info\/fr\/wp-json\/wp\/v2\/pages\/635","targetHints":{"allow":["GET"]}}],"collection":[{"href":"https:\/\/www.rome.info\/fr\/wp-json\/wp\/v2\/pages"}],"about":[{"href":"https:\/\/www.rome.info\/fr\/wp-json\/wp\/v2\/types\/page"}],"author":[{"embeddable":true,"href":"https:\/\/www.rome.info\/fr\/wp-json\/wp\/v2\/users\/2"}],"replies":[{"embeddable":true,"href":"https:\/\/www.rome.info\/fr\/wp-json\/wp\/v2\/comments?post=635"}],"version-history":[{"count":0,"href":"https:\/\/www.rome.info\/fr\/wp-json\/wp\/v2\/pages\/635\/revisions"}],"wp:attachment":[{"href":"https:\/\/www.rome.info\/fr\/wp-json\/wp\/v2\/media?parent=635"}],"wp:term":[{"taxonomy":"post-style","embeddable":true,"href":"https:\/\/www.rome.info\/fr\/wp-json\/wp\/v2\/post-style?post=635"},{"taxonomy":"producer","embeddable":true,"href":"https:\/\/www.rome.info\/fr\/wp-json\/wp\/v2\/producer?post=635"}],"curies":[{"name":"wp","href":"https:\/\/api.w.org\/{rel}","templated":true}]}}