{"id":632,"date":"2021-12-28T14:52:50","date_gmt":"2021-12-28T13:52:50","guid":{"rendered":"https:\/\/www.rome.info\/fr\/?page_id=632"},"modified":"2021-12-28T14:52:50","modified_gmt":"2021-12-28T13:52:50","slug":"pantheon","status":"publish","type":"page","link":"https:\/\/www.rome.info\/fr\/pantheon\/","title":{"rendered":"Panth\u00e9on Romain"},"content":{"rendered":"\n<div class=\"wp-block-image\"><figure class=\"alignright size-full\"><img decoding=\"async\" width=\"200\" height=\"150\" src=\"https:\/\/www.rome.info\/fr\/wp-content\/uploads\/sites\/2\/pantheon.jpg\" alt=\"\" class=\"wp-image-633\" \/><\/figure><\/div>\n\n\n\n<p>Le Panth\u00e9on romain est le b\u00e2timent le plus pr\u00e9serv\u00e9 et le plus influent de la Rome antique. C\u2019est un temple romain d\u00e9di\u00e9 \u00e0 tous les dieux de la Rome pa\u00efenne. Les briques sur le c\u00f4t\u00e9 du b\u00e2timent r\u00e9v\u00e8lent qu&rsquo;il a \u00e9t\u00e9 construit entre 118 et 125 AP. J.-C..<\/p>\n\n\n\n<p>L&#8217;empereur Hadrien (117-138 AP. J.-C.) a construit le Panth\u00e9on pour remplacer le Panth\u00e9on de son ami Auguste et le Panth\u00e9on du commandant Marcus Agrippa de 27 av. J.-C. qui a br\u00fbl\u00e9 enti\u00e8rement en 80 apr. J.-C.<br>Lorsque vous vous approchez de la face principale du Panth\u00e9on, on peut y voir l&rsquo;inscription ci-dessous, elle est inscrite en latin, cette d\u00e9dicace est originalement \u00e9crite par Marcus Agrippa. L&rsquo;inscription se lit :<\/p>\n\n\n\n<p>\u00ab\u00a0M. AGRIPPA.L.F.COSTERTIUM.FECIT\u201d<br>\u201c Marcus Agrippa, fils de Lucius, consul pour la troisi\u00e8me fois, le fit b\u00e2tir \u201d.<\/p>\n\n\n\n<p>En d\u00e9pit de tous les projets de construction merveilleux que l&#8217;empereur Hadrien a produit au cours de son r\u00e8gne, il n&rsquo;a jamais inscrit son nom sur quelques constructions qu\u2019il soit, \u00e0 l\u2019exception d\u2019une seul, le temple de son p\u00e8re Trajan. Voil\u00e0 pourquoi le Panth\u00e9on romain porte l&rsquo;inscription de Marcus Agrippa, et non de l&#8217;empereur Hadrien.<\/p>\n\n\n\n<p>Le fronton, (la section triangulaire au-dessus de l&rsquo;inscription) est vide aujourd&rsquo;hui, mais il y aurait eu une sculpture concernant la bataille des Titans. Les grandes portes en bronze gardent l&rsquo;entr\u00e9e de la cella et auraient \u00e9t\u00e9 couvertes d&rsquo;or, mais cet or a disparu depuis longtemps.<\/p>\n\n\n\n<p>L&rsquo;utilisation originale du Panth\u00e9on est un peu inconnue, nous savons cependant que celui-ci a \u00e9t\u00e9 class\u00e9 \u00e0 l\u2019\u00e9poque comme temple. Nous n\u2019avons aucune information sur l\u2019amour que portaient les habitants sur ce monument parce que la structure du temple est si diff\u00e9rente des autres temples romains traditionnels, tels que dans le Forum Romain, qu\u2019il est difficile de juger.<\/p>\n\n\n\n<p>Le Panth\u00e9on est \u00e0 ce jour un monument sacr\u00e9 et il n\u2019en existe pas deux comme celui-ci, l&#8217;empereur byzantin Phocas a d\u2019ailleurs fais don de ce monument au pape Boniface IV en 608 AP. J.-C. et il a \u00e9t\u00e9 utilis\u00e9 comme \u00e9glise depuis. Le Panth\u00e9on est encore utilis\u00e9 \u00e0 ce jour comme il l\u2019est depuis sa construction.<\/p>\n\n\n\n<h2 class=\"wp-block-heading\">L\u2019Architecture du Panth\u00e9on<\/h2>\n\n\n\n<div class=\"wp-block-image\"><figure class=\"alignright size-full\"><img decoding=\"async\" width=\"100\" height=\"150\" src=\"https:\/\/www.rome.info\/fr\/wp-content\/uploads\/sites\/2\/pantheoninterior.jpg\" alt=\"\" class=\"wp-image-634\" \/><\/figure><\/div>\n\n\n\n<p>L&rsquo;une des caract\u00e9ristiques les plus fascinantes du Panth\u00e9on est probablement son architecture. La structure du Panth\u00e9on est constitu\u00e9e d&rsquo;une s\u00e9rie d&rsquo;arches qui se croisent. Les arches reposent sur huit piliers qui soutiennent huit arcs en plein centre qui \u00ab&nbsp;courent&nbsp;\u00bb \u00e0 travers le tambour, de son int\u00e9rieur jusqu\u2019\u00e0 sa face ext\u00e9rieure.<br>Le d\u00f4me lui-m\u00eame est soutenu par une s\u00e9rie d&rsquo;arcs qui sont positionn\u00e9s horizontalement. Les Romains avaient grandement perfectionn\u00e9 l&rsquo;utilisation des arcs, ce qui a contribu\u00e9 \u00e0 soutenir le poids de leurs b\u00e2timents.<\/p>\n\n\n\n<p>Les Romains \u00e9taient conscients de l\u2019\u00e9norme poids de leurs mat\u00e9riaux de construction. Ils ont donc utilis\u00e9 des mat\u00e9riaux plus l\u00e9gers vers le haut de la coupole. Dans le plus bas niveau, le mat\u00e9riau le plus lourd a \u00e9t\u00e9 utilis\u00e9, puis un m\u00e9lange de travertin et de tuf, puis de tuf et de briques, puis seulement des briques autour de la section du tambour et de la coupole, et enfin le ponce, qui est le mat\u00e9riau le plus l\u00e9ger et le plus poreux, a \u00e9t\u00e9 utilis\u00e9 au niveau du plafond du d\u00f4me.<\/p>\n\n\n\n<p>Cette utilisation de mat\u00e9riaux plus l\u00e9gers sur le dessus a grandement diminu\u00e9 l&rsquo;immense poids de la coupole. Le Panth\u00e9on romain a probablement \u00e9t\u00e9 construit en utilisant une configuration complexe d&rsquo;\u00e9chafaudage en bois, ce qui \u00e9t\u00e9 probablement tr\u00e8s co\u00fbteux. Les caisses \u00e9l\u00e9gantes sur le d\u00f4me ont probablement \u00e9t\u00e9 \u00ab&nbsp;frapp\u00e9es&nbsp;\u00bb par un dispositif dispos\u00e9 au niveau du sol.<\/p>\n\n\n\n<p>Tous les d\u00e9tails pr\u00e9sents sur ce b\u00e2timent sont extraordinaires. Si le d\u00f4me des rotundra avait eu la \u00ab&nbsp;t\u00eate&nbsp;\u00bb en bas, il serait parfaitement ax\u00e9 \u00e0 l&rsquo;int\u00e9rieur de la rotonde. A l&rsquo;approche du Panth\u00e9on, depuis l&rsquo;ext\u00e9rieur, il appara\u00eet comme ayant une forme rectangulaire. Mais c\u2019est seulement le cas pour la premi\u00e8re petite chambre (cella) qui a des coins. La rotonde est quant \u00e0 elle compl\u00e8tement ronde. La petite salle d&rsquo;entr\u00e9e aurait \u00e9t\u00e9 termin\u00e9e en grimpant par un escalier qui est maintenant enti\u00e8rement sous le niveau du sol.<\/p>\n\n\n\n<p>En outre, dans l&rsquo;antiquit\u00e9 il y aurait eu une grande enceinte de colonnades en face de l&rsquo;immeuble le rendant pour qui que ce soit presque impossible d\u2019entrevoir le d\u00f4me par l&rsquo;arri\u00e8re.<\/p>\n\n\n\n<p>Les statues d&rsquo;Auguste et Agrippa se tenaient dans l&rsquo;abside \u00e0 l&rsquo;extr\u00e9mit\u00e9 des nefs lat\u00e9rales des colonnades de l&rsquo;entr\u00e9e.<br>Le design int\u00e9rieur du Panth\u00e9on romain est une synth\u00e8se remarquable d\u2019art traditionnel et novateur. Les dimensions de la hauteur int\u00e9rieure et le diam\u00e8tre de la coupole sont les m\u00eames (145 pieds romains, ce qui repr\u00e9sente 141 pieds et 8 pouces soit 43,2 m\u00e8tres).<br>L&rsquo;architecte, qui est inconnu, a fait cela expr\u00e8s, pour ainsi montrer l&rsquo;harmonie du b\u00e2timent. Le placage du marbre que nous voyons aujourd&rsquo;hui a \u00e9t\u00e9 en grande partie ajout\u00e9e plus tard.<\/p>\n\n\n\n<p>Cependant, le Panth\u00e9on de Rome dans son \u00e9tat actuel nous permet d\u2019avoir un aper\u00e7u de la Rome Antique et de sa merveilleuse et magnifique architecture. Le d\u00f4me aurait \u00e9t\u00e9 dor\u00e9 pour ressembler \u00e0 la sph\u00e8re c\u00e9leste de tous les dieux que le nom Panth\u00e9on \u00e9voque. L\u2019oculus \u00e9tait un bijou d&rsquo;ing\u00e9nierie du monde romain. Il est encore \u00ab&nbsp;doubl\u00e9&nbsp;\u00bb avec le bronze d&rsquo;origine romaine et est la principale source de lumi\u00e8re pour l&rsquo;ensemble du b\u00e2timent.<\/p>\n\n\n\n<p>Comme la terre tourne, les flux de lumi\u00e8re circule dans le cercle int\u00e9rieur rendant le spectateur conscient de la magnificence du cosmos. L\u2019oculus n&rsquo;a jamais \u00e9t\u00e9 couvert et la pluie tombe \u00e0 l&rsquo;int\u00e9rieur et tombe donc sur le sol l\u00e9g\u00e8rement convexe avec des goutti\u00e8res romaines qui fonctionnent encore en dessous. Le Panth\u00e9on a depuis l&rsquo;antiquit\u00e9 \u00e9t\u00e9 utilis\u00e9 comme inspiration pour les artistes de la Renaissance, ainsi qu\u2019utilis\u00e9 comme tombeau pour les personnages importants de l&rsquo;histoire italienne.<\/p>\n\n\n\n<p>Les rois italiens Vittorio Emanuele II et Umberto I, ainsi que le c\u00e9l\u00e8bre peintre de la Renaissance Rapha\u00ebl et sa fianc\u00e9e sont enterr\u00e9s dans le Panth\u00e9on. C\u2019est un merveilleux exemple de l&rsquo;architecture romaine du deuxi\u00e8me si\u00e8cle. Il dispose en effet de g\u00e9nie math\u00e9matique et de g\u00e9om\u00e9trie qui aujourd&rsquo;hui impressionne toujours les architectes et \u00e9tonne les yeux des spectateurs occasionnels.<\/p>\n","protected":false},"excerpt":{"rendered":"","protected":false},"author":2,"featured_media":0,"parent":0,"menu_order":0,"comment_status":"closed","ping_status":"closed","template":"","meta":{"_acf_changed":false,"footnotes":""},"post-style":[],"producer":[],"class_list":["post-632","page","type-page","status-publish","has-post-thumbnail"],"acf":[],"_links":{"self":[{"href":"https:\/\/www.rome.info\/fr\/wp-json\/wp\/v2\/pages\/632","targetHints":{"allow":["GET"]}}],"collection":[{"href":"https:\/\/www.rome.info\/fr\/wp-json\/wp\/v2\/pages"}],"about":[{"href":"https:\/\/www.rome.info\/fr\/wp-json\/wp\/v2\/types\/page"}],"author":[{"embeddable":true,"href":"https:\/\/www.rome.info\/fr\/wp-json\/wp\/v2\/users\/2"}],"replies":[{"embeddable":true,"href":"https:\/\/www.rome.info\/fr\/wp-json\/wp\/v2\/comments?post=632"}],"version-history":[{"count":0,"href":"https:\/\/www.rome.info\/fr\/wp-json\/wp\/v2\/pages\/632\/revisions"}],"wp:attachment":[{"href":"https:\/\/www.rome.info\/fr\/wp-json\/wp\/v2\/media?parent=632"}],"wp:term":[{"taxonomy":"post-style","embeddable":true,"href":"https:\/\/www.rome.info\/fr\/wp-json\/wp\/v2\/post-style?post=632"},{"taxonomy":"producer","embeddable":true,"href":"https:\/\/www.rome.info\/fr\/wp-json\/wp\/v2\/producer?post=632"}],"curies":[{"name":"wp","href":"https:\/\/api.w.org\/{rel}","templated":true}]}}