{"id":630,"date":"2021-12-28T14:51:30","date_gmt":"2021-12-28T13:51:30","guid":{"rendered":"https:\/\/www.rome.info\/fr\/?page_id=630"},"modified":"2021-12-28T14:51:30","modified_gmt":"2021-12-28T13:51:30","slug":"musees","status":"publish","type":"page","link":"https:\/\/www.rome.info\/fr\/musees\/","title":{"rendered":"Mus\u00e9es \u00e0 Rome"},"content":{"rendered":"\n<p>Rome b\u00e9n\u00e9ficie du plus grand nombre de mus\u00e9es \u00e0 ciel ouvert \u00e0 travers le monde. Cependant, en plus des ruines et des monuments impressionnants, cette ville offre \u00e9galement de nombreux mus\u00e9es et des galeries d\u2019art avec de somptueuses peintures et sculptures datant de la Renaissance et de l\u2019\u00e8re Baroque.<\/p>\n\n\n\n<p>Le Mus\u00e9e du Vatican d\u00e9tient une superbe collection des deux, c\u2019est \u00e9galement le cas, dans une moindre mesure, pour le Mus\u00e9e Capitoline.<br>De splendides peintures peuvent \u00e9galement \u00eatre admir\u00e9es, ainsi que des galeries et des \u00e9glises \u00e0 travers toute la ville de Rome.<\/p>\n\n\n\n<p>Il y a plusieurs cartes de mus\u00e9es et de billets combin\u00e9s qui vous permettent de visiter les mus\u00e9es les plus importants et les sites les plus fascinants de la ville \u00e0 un prix d\u00e9fiant toutes concurrences.<\/p>\n\n\n\n<div class=\"wp-block-image\"><figure class=\"alignright size-full\"><img decoding=\"async\" width=\"120\" height=\"160\" src=\"https:\/\/www.rome.info\/fr\/wp-content\/uploads\/sites\/2\/vatican_museum.jpg\" alt=\"\" class=\"wp-image-631\" \/><\/figure><\/div>\n\n\n\n<p><strong>Mus\u00e9e du Vatican<\/strong><br>Le Mus\u00e9e du Vatican accueille les plus grands chefs d\u2019\u0153uvres des fabuleux palaces \u00e0 l\u2019origine destin\u00e9s aux papes de la Renaissance tels que Jules II, Innocent VIII et Sixte IV. La plupart d\u2019entre eux ont \u00e9t\u00e9 faits au 18\u00e8me si\u00e8cle, lorsque ses \u0153uvres d&rsquo;art inestimables s\u2019accumul\u00e9es, les papes pr\u00e9c\u00e9dents les mettaient en avant tel un spectacle.<\/p>\n\n\n\n<p>Le Mus\u00e9e du Vatican accueille la Chapelle Sixtine et Chambres de Raphael ainsi que les lieux r\u00e9unissant les plus belles \u0153uvres au monde tel que&nbsp;:<br>&#8211; Chapelle Sixtine<br>&#8211; Chambres de Raphael<br>&#8211; Mus\u00e9e Etruscan<\/p>\n\n\n\n<h2 class=\"wp-block-heading\">ARCHEOLOGIE:<\/h2>\n\n\n\n<p><strong>Mus\u00e9e Capitoline<\/strong><br>De splendides copies des sculptures Grecques et Romaines sont gard\u00e9es dans la Colline Capitoline depuis le 15\u00e8me si\u00e8cle.<br>Tous les chefs d\u2019\u0153uvres sont \u00e0 pr\u00e9sent gard\u00e9s dans deux sublimes palaces d\u00e9sign\u00e9s par Michelangelo:<br>&#8211; Le Palazzo Nouvo<br>&#8211; Le Palazzo dei Conservatori<\/p>\n\n\n\n<p><strong>Mus\u00e9es Nationaux Romain:<\/strong><\/p>\n\n\n\n<p>&#8211; Crypta Balbi<br>Via delle Botteghe Oscure 31<br>T\u00e9l\u00e9phone 06\/3996770<\/p>\n\n\n\n<p>&#8211; Palazzo Altemps<br>Piazza Sant&rsquo;Apollinare 44<br>T\u00e9l\u00e9phone 06\/6833566 (Bureau des Billets) 39967700 (Informations et achats en avance)<\/p>\n\n\n\n<p>&#8211; Les Bains de Diocletian et le Octagonal Hall<br>v.le Enrico De Nicola 78<br>T\u00e9l\u00e9phone 06\/4882298 (mus\u00e9e) 39967700 (Informations et achats en avance)<\/p>\n\n\n\n<p><strong>Mus\u00e9e National truscan de la Villa Giulia<\/strong><br>Piazzale di Villa Giulia 9, Rome<br>T\u00e9l\u00e9phone 06\/3226571-3201706<\/p>\n\n\n\n<p><strong>Le Mus\u00e9e Palatine<\/strong><br>Via di San Gregorio, Rome<br>T\u00e9l\u00e9phone 06\/69901100<\/p>\n\n\n\n<h2 class=\"wp-block-heading\">ART:<\/h2>\n\n\n\n<p><strong>Museo Nazionale del Palazzo di Venezia (Mus\u00e9e National de Palazzo Venezia)<\/strong><br>Via del Plebiscito, 118 00186 &#8211; Roma<br>De nombreuses expositions permanentes + expositions temporaires (Art contemporain)<\/p>\n\n\n\n<p><strong>Galerie Borghese<\/strong><br>Villa Borghese, piazza Scipione Borghese 5<br>T\u00e9l\u00e9phone 06\/8417645 (Mus\u00e9e) 32810-1 (Informations et Bureau des R\u00e9servations)<\/p>\n\n\n\n<p><strong>Complesso del Vittoriano \u2013 Mus\u00e9e de Risorgimento (Renaissance)<\/strong><br>Via S. pietro in Carcere<br>Horaires d\u2019Ouverture : 9h30 \u2013 19h30, vendredi et samedi ouvert jusqu\u2019\u00e0 23h00<br>www.amrcv.it<\/p>\n\n\n\n<p><strong>Mus\u00e9e National de Castel Sant&rsquo;Angelo<\/strong><br>lungotevere Castello 50<br>T\u00e9l\u00e9phone 06\/6819111<\/p>\n\n\n\n<p><strong>Galerie Nationale de l\u2019Art Antique<\/strong><br>Palazzo Barberini, via Barberini 18<br>T\u00e9l\u00e9phone : 06\/4824184 (Galerie) 32810-1 (Informations et R\u00e9servations)<\/p>\n\n\n\n<h2 class=\"wp-block-heading\">ANTHROPOLOGIE:<\/h2>\n\n\n\n<p><strong>Mus\u00e9e de Rome dans Trastevere<\/strong><br>piazza Sant&rsquo;Egidio 1\/b<br>T\u00e9l\u00e9phone 06\/5816563 (Portiers) 5813717 (Bureau)<\/p>\n\n\n\n<h2 class=\"wp-block-heading\">MUSEES SPECIALISES :<\/h2>\n\n\n\n<p><strong>Mus\u00e9e de Cire<\/strong><br>Piazza Venezia 67 (sur le cot\u00e9 de SS. Apostoli)<br>T\u00e9l\u00e9phone 67976482. Horaires d\u2019Ouvertures : 9h00 \u2013 20h00 tous les jours<\/p>\n\n\n\n<p><strong>Mus\u00e9e National des P\u00e2tes<\/strong><br>Palazzo Scanderbeg, piazza Scanderbeg 114\/120<br>T\u00e9l\u00e9phone 06\/6991119-6991120<\/p>\n\n\n\n<p><strong>Mus\u00e9e Numismatique de la Monnaie Italienne<\/strong><br>Ministero del Tesoro, via XX Settembre 97<br>T\u00e9l\u00e9phone 06\/47613317<\/p>\n\n\n\n<p><strong>Mus\u00e9e de la Communaut\u00e9 Juive de Rome<\/strong><br>Sinagoga, lungotevere Cenci<br>T\u00e9l\u00e9phone 06\/6840061<\/p>\n","protected":false},"excerpt":{"rendered":"","protected":false},"author":2,"featured_media":0,"parent":0,"menu_order":0,"comment_status":"closed","ping_status":"closed","template":"","meta":{"_acf_changed":false,"footnotes":"","button_url":"","ms_product_id":"","ms_product_name":"","ms_price":"","ms_currency":"","ms_rating_value":"","ms_review_count":"","rank_math_title":"","rank_math_description":""},"post-style":[],"producer":[],"class_list":["post-630","page","type-page","status-publish","has-post-thumbnail"],"acf":[],"product_schema":{"ms_product_id":"","ms_product_name":"","ms_price":"","ms_currency":"","ms_rating_value":"","ms_review_count":""},"_links":{"self":[{"href":"https:\/\/www.rome.info\/fr\/wp-json\/wp\/v2\/pages\/630","targetHints":{"allow":["GET"]}}],"collection":[{"href":"https:\/\/www.rome.info\/fr\/wp-json\/wp\/v2\/pages"}],"about":[{"href":"https:\/\/www.rome.info\/fr\/wp-json\/wp\/v2\/types\/page"}],"author":[{"embeddable":true,"href":"https:\/\/www.rome.info\/fr\/wp-json\/wp\/v2\/users\/2"}],"replies":[{"embeddable":true,"href":"https:\/\/www.rome.info\/fr\/wp-json\/wp\/v2\/comments?post=630"}],"version-history":[{"count":0,"href":"https:\/\/www.rome.info\/fr\/wp-json\/wp\/v2\/pages\/630\/revisions"}],"wp:attachment":[{"href":"https:\/\/www.rome.info\/fr\/wp-json\/wp\/v2\/media?parent=630"}],"wp:term":[{"taxonomy":"post-style","embeddable":true,"href":"https:\/\/www.rome.info\/fr\/wp-json\/wp\/v2\/post-style?post=630"},{"taxonomy":"producer","embeddable":true,"href":"https:\/\/www.rome.info\/fr\/wp-json\/wp\/v2\/producer?post=630"}],"curies":[{"name":"wp","href":"https:\/\/api.w.org\/{rel}","templated":true}]}}