{"id":626,"date":"2021-12-28T14:48:35","date_gmt":"2021-12-28T13:48:35","guid":{"rendered":"https:\/\/www.rome.info\/fr\/?page_id=626"},"modified":"2021-12-28T14:48:35","modified_gmt":"2021-12-28T13:48:35","slug":"michelangelo","status":"publish","type":"page","link":"https:\/\/www.rome.info\/fr\/michelangelo\/","title":{"rendered":"Michelangelo \u00e0 Rome"},"content":{"rendered":"\n<div class=\"wp-block-image\"><figure class=\"alignleft size-full\"><img decoding=\"async\" width=\"96\" height=\"131\" src=\"https:\/\/www.rome.info\/fr\/wp-content\/uploads\/sites\/2\/michelangelo.jpg\" alt=\"\" class=\"wp-image-627\" \/><\/figure><\/div>\n\n\n\n<p>Qu\u2019est-ce qui fait d\u2019un homme ou d\u2019une femme, un g\u00e9nie ? C\u2019est une personne qui d\u00e9finit une p\u00e9riode ; qui est sans \u00e9gal et qui est v\u00e9n\u00e9r\u00e9e par tous. C\u2019est une personne dont le travail devient un point de r\u00e9f\u00e9rence, de par son influence et dont les hommes et femmes s\u2019inspirent avec notamment l&rsquo;apprentissage de la vie de ce g\u00e9nie et qui transmet cela \u00e0 toutes les g\u00e9n\u00e9rations futures. Michelangelo Buonarroti \u00e9tait cela et bien plus encore, nous ayant laiss\u00e9 un h\u00e9ritage sans pareil en mati\u00e8re de sculpture, de peinture, d&rsquo;architecture et de po\u00e9sie.<\/p>\n\n\n\n<p>N\u00e9 \u00e0 Caprese, (dans les montagnes du nord, \u00e0 l&rsquo;est de Arezzo) en 1475, fils du magistrat local, sa famille retourna \u00e0 Florence peu apr\u00e8s sa naissance. Ce fut cette ville que Michel-Ange appelait toujours sa maison. Il vivait cependant \u00e0 Rome, il avait pour volont\u00e9 de cr\u00e9er pour la Ville \u00c9ternelle, la collection la plus importante de diff\u00e9rents travaux ! Aujourd\u2019hui encore, cette ville est marqu\u00e9e par l\u2019empreinte de cet homme, gr\u00e2ce \u00e0 cela des millions de visiteurs peuvent en profiter tout au long de l\u2019ann\u00e9e.<\/p>\n\n\n\n<div class=\"wp-block-image\"><figure class=\"alignright size-full\"><a href=\"https:\/\/www.rome.info\/pictures\/art\/michelangelo\/\"><img decoding=\"async\" width=\"133\" height=\"160\" src=\"https:\/\/www.rome.info\/fr\/wp-content\/uploads\/sites\/2\/pieta.jpg\" alt=\"\" class=\"wp-image-628\" \/><\/a><\/figure><\/div>\n\n\n\n<p>Michel-Ange est arriv\u00e9 \u00e0 Rome le 25 Juin 1496 \u00e0 l&rsquo;\u00e2ge de 21 ans. S&rsquo;il consid\u00e9rait Florence comme sa maison, Rome allait devenir son amante !<\/p>\n\n\n\n<p>Michelangelo\u2019s Pieta a \u00e9t\u00e9 la premi\u00e8re de ses c\u00e9l\u00e8bres cr\u00e9ations romaines. Aujourd&rsquo;hui, ce chef-d&rsquo;\u0153uvre, dans laquelle est inscrit en plein c\u0153ur de la pierre une narration \u00e9crite par Saint-Pierre Vasari (1512-1574)<\/p>\n\n\n\n<p>\u201ca revelation of all the potentialities and force of the art of sculpture. It is certainly a miracle that a formless block of stone could ever have been reduced to a perfection that nature is scarcely able to create in the flesh.\u00a0\u00bb&nbsp;<\/p>\n\n\n\n<p>Apr\u00e8s les \u00e9lections de Leo X en 1513, Michelangelo a \u00e9t\u00e9 employ\u00e9 pour r\u00e9nover la fa\u00e7ade de la chapelle du Pape \u00e0\u00a0<a href=\"https:\/\/www.rome.info\/fr\/castel-sant-angelo\/\">Castel Sant&rsquo;Angelo<\/a>, ce qui l\u2019a gard\u00e9 occup\u00e9 de 1514 \u00e0 1521.<\/p>\n\n\n\n<div class=\"wp-block-image\"><figure class=\"alignleft size-full\"><img decoding=\"async\" width=\"103\" height=\"146\" src=\"https:\/\/www.rome.info\/fr\/wp-content\/uploads\/sites\/2\/moses.jpg\" alt=\"\" class=\"wp-image-629\" \/><\/figure><\/div>\n\n\n\n<p>Le Tombeau de Jules II est un projet inabouti du sculpteur et peintre italien Michel-Ange, ce projet \u00e9tait destin\u00e9 \u00e0 la basilique Saint-Pierre de Rome et finira comme c\u00e9notaphe incomplet, \u00e0 la basilique Saint-Pierre-aux-Liens. Il y travailla \u00e9pisodiquement pendant plus de quarante ann\u00e9es.<\/p>\n\n\n\n<p>Destin\u00e9 \u00e0 \u00eatre le monument fun\u00e9raire du pape Jules II et commandit\u00e9 par lui-m\u00eame pour \u00eatre plac\u00e9 au centre de la nouvelle basilique Saint-Pierre de Rome de Bramante (sur l&#8217;emplacement du baldaquin actuel r\u00e9alis\u00e9 ensuite par Le Bernin), le projet initial de 1505 comportait trois \u00e9tages et une quarantaine de sculptures. Souvent remani\u00e9, en 1513 \u00e0 la mort du pape (une trentaine de statues \u00e9tait inscrites sur le contrat du 6 mars), jusqu&rsquo;en 1545, il se r\u00e9duira \u00e0 la version visible actuellement avec seulement deux \u00e9tages. Certaines des statues sont de la main du ma\u00eetre (Mo\u00efse, les Esclaves, L\u00e9a et Rachel les filles de Laban), d&rsquo;autres de ses assistants et \u00e9l\u00e8ves.<\/p>\n\n\n\n<p>Ce projet fut interrompu par plusieurs autres projets, comme les fresques de la Chapelle Sixtine, la fa\u00e7ade de la Basilique San Lorenzo de Florence et les Tombeaux des M\u00e9dicis, rest\u00e9s inachev\u00e9s \u00e9galement. C\u2019est cependant un monument qu\u2019il faut absolument visiter si vous \u00eates de passage \u00e0 Rome.<\/p>\n\n\n\n<p>C\u2019\u00e9tait au d\u00e9but de la sculpture de la tombe que la Chapelle Sixtine, chef-d&rsquo;\u0153uvre de Michel-Ange, a \u00e9t\u00e9 peinte. Il devait revenir continuer son \u0153uvre \u00e0 la Chapelle en 1536 lorsque le pape Paul III lui a demand\u00e9 de peindre la fresque du Jugement dernier pour le mur de l&rsquo;autel qui a \u00e9t\u00e9 achev\u00e9e en 1541.<\/p>\n\n\n\n<p>En 1538, juste apr\u00e8s que Michel-Ange devint citoyen de Rome, il \u00e9tait \u00e0 nouveau au travail, sur la conception et la supervision de la construction de la Piazza del Campidoglio. Presque comme un chef d&rsquo;orchestre, le grand artiste fut sollicit\u00e9 \u00e0 pers endroits autour de Rome, avec la cr\u00e9ation de chefs-d&rsquo;\u0153uvre de sculpture de l&rsquo;antiquit\u00e9 qu&rsquo;il a plac\u00e9 dans diff\u00e9rents \u00e9difices. Michel-Ange, \u00e0 un certain moment, a trouv\u00e9 le temps de concevoir la chapelle Sforza \u00e0 Santa Maria Maggiore, mais elle a \u00e9t\u00e9 finalement construite par Giacomo della Porta (1539-1601).<\/p>\n\n\n\n<p>Le palais Farn\u00e8se Palazzo Farnese est un palais de la haute Renaissance de Rome.<\/p>\n\n\n\n<p>Depuis 1874, il est le si\u00e8ge de l&rsquo;ambassade de France en Italie, et depuis 1876 celui de l&rsquo;\u00c9cole fran\u00e7aise de Rome aussi.<\/p>\n\n\n\n<p>Le cardinal Alexandre Farn\u00e8se, descendant d\u2019une famille de la r\u00e9gion d\u2019Orvieto qui s\u2019est illustr\u00e9e dans la d\u00e9fense des int\u00e9r\u00eats des papes, ach\u00e8te en 1495 un palais qui se trouve \u00e0 proximit\u00e9 du Campo de&rsquo; Fiori.<\/p>\n\n\n\n<p>Apr\u00e8s l&rsquo;\u00e9lection du pape L\u00e9on X de M\u00e9dicis, son compagnon d\u2019\u00e9tudes, les conditions \u00e9conomiques du cardinal Farn\u00e8se s&rsquo;am\u00e9liorent sensiblement. Cela lui permet d&rsquo;entreprendre en 1517 des travaux de construction d\u2019un nouvel \u00e9difice. D\u00e9j\u00e0 en 1515, Antonio da Sangallo le Jeune avait pr\u00e9par\u00e9 un premier projet, mais c&rsquo;est seulement apr\u00e8s l&rsquo;acquisition de b\u00e2timents et de terrains adjacents qu&rsquo;il peut \u00e9tablir un plan ad\u00e9quat.<\/p>\n\n\n\n<p>En 1534, ann\u00e9e o\u00f9 Alexandre Farn\u00e8se devient pape sous le nom de Paul III, la construction est bien avanc\u00e9e m\u00eame si, \u00e9crit l\u2019architecte Giorgio Vasari,<\/p>\n\n\n\n<p>Ce n&rsquo;\u00e9tait pas tant au d\u00e9but que l&rsquo;on pouvait admirer sa perfection, mais apr\u00e8s que le cardinal fut nomm\u00e9 pape, car Antonio da Sangallo changea tous ses plans, devant faire un palais non plus pour un cardinal, mais pour un pape.<\/p>\n\n\n\n<p>En 1546, Antonio da Sangallo meurt et, bien que les d\u00e9penses engag\u00e9es par le pape soient d\u00e9j\u00e0 fort importantes, la construction du palais est loin d&rsquo;\u00eatre termin\u00e9e ; \u00e0 l&rsquo;architecte Sangallo succ\u00e8de alors Michel-Ange qui avait d\u00e9j\u00e0 remport\u00e9 un concours pour la c\u00e9l\u00e8bre corniche. C&rsquo;est sous sa direction que le deuxi\u00e8me \u00e9tage est termin\u00e9. Dans la cour (Cortile), il utilise les fen\u00eatres pr\u00e9vues par Sangallo, mais les dispose sur des consoles cr\u00e9\u00e9es par lui-m\u00eame. Michel-Ange modifie la loggia centrale de la fa\u00e7ade principale en ins\u00e9rant un linteau de marbre, surmont\u00e9 de l&#8217;embl\u00e8me pontifical.<\/p>\n\n\n\n<p>Paul III, qui s\u2019\u00e9teint en 1549, ne verra pas son projet achev\u00e9. Apr\u00e8s Michel-Ange, les architectes Vignole et Della Porta poursuivirent les travaux qui ne s\u2019ach\u00e8veront qu\u2019en 1589. Le chantier aura dur\u00e9 pr\u00e8s de 75 ans.<\/p>\n\n\n\n<p>A 72 ans soit en 1546, Michel-Ange a \u00e9t\u00e9 nomm\u00e9 comme l&rsquo;architecte de la basilique Saint-Pierre par le pape Paul III. L&rsquo;\u00e9glise catholique romaine, la plus importante dans le monde, \u00e9tait maintenant entre les mains de l&rsquo;artiste le plus dou\u00e9 du globe. L\u2019artiste s\u2019est inspir\u00e9 de pers artistes et de monuments pour cette r\u00e9alisation. Michel-Ange a \u00e9tudi\u00e9 le Panth\u00e9on et la basilique Maximus pour lib\u00e9rer les secrets d&rsquo;ing\u00e9nierie des anciens architectes, mais il s\u2019est bas\u00e9 principalement sur les travaux de Brunelleschi (1377-1446).<\/p>\n\n\n\n<p>D\u00f4me \u00e0 Florence est devenu son mod\u00e8le pour Saint-Pierre. Il a poursuivi ce travail jusqu&rsquo;\u00e0 sa mort en 1564, apr\u00e8s quoi le travail a \u00e9t\u00e9 continu\u00e9 par Vignola (1507-73) et Pirro Ligorio (1500-1583) jusqu&rsquo;\u00e0 ce qu&rsquo;il soit finalement achev\u00e9 en 1590. Dans ses derni\u00e8res ann\u00e9es, il a con\u00e7u la Porta Pia, command\u00e9e en 1561 et restaura la Grande Salle des Bains de Dicoletian, aujourd&rsquo;hui l&rsquo;\u00e9glise de Santa Maria degli Angeli.<\/p>\n\n\n\n<p>A Rome, les habitants et les touristes ont l&rsquo;occasion de voir de grandes \u0153uvres con\u00e7ues et construites par le c\u00e9l\u00e8bre artiste et peuvent ainsi mieux comprendre la vie et l&rsquo;\u00e9poque dans laquelle ce g\u00e9nie vivait, ce g\u00e9nie dont le nom r\u00e9sonne encore dans cette magnifique ville est bien \u00e9videmment : Michel-Ange Buonarroti.<\/p>\n","protected":false},"excerpt":{"rendered":"","protected":false},"author":2,"featured_media":0,"parent":0,"menu_order":0,"comment_status":"closed","ping_status":"closed","template":"","meta":{"_acf_changed":false,"rank_math_title":"","rank_math_description":"","footnotes":""},"post-style":[],"producer":[],"class_list":["post-626","page","type-page","status-publish","has-post-thumbnail"],"acf":[],"_links":{"self":[{"href":"https:\/\/www.rome.info\/fr\/wp-json\/wp\/v2\/pages\/626","targetHints":{"allow":["GET"]}}],"collection":[{"href":"https:\/\/www.rome.info\/fr\/wp-json\/wp\/v2\/pages"}],"about":[{"href":"https:\/\/www.rome.info\/fr\/wp-json\/wp\/v2\/types\/page"}],"author":[{"embeddable":true,"href":"https:\/\/www.rome.info\/fr\/wp-json\/wp\/v2\/users\/2"}],"replies":[{"embeddable":true,"href":"https:\/\/www.rome.info\/fr\/wp-json\/wp\/v2\/comments?post=626"}],"version-history":[{"count":0,"href":"https:\/\/www.rome.info\/fr\/wp-json\/wp\/v2\/pages\/626\/revisions"}],"wp:attachment":[{"href":"https:\/\/www.rome.info\/fr\/wp-json\/wp\/v2\/media?parent=626"}],"wp:term":[{"taxonomy":"post-style","embeddable":true,"href":"https:\/\/www.rome.info\/fr\/wp-json\/wp\/v2\/post-style?post=626"},{"taxonomy":"producer","embeddable":true,"href":"https:\/\/www.rome.info\/fr\/wp-json\/wp\/v2\/producer?post=626"}],"curies":[{"name":"wp","href":"https:\/\/api.w.org\/{rel}","templated":true}]}}