{"id":625,"date":"2021-12-28T14:47:53","date_gmt":"2021-12-28T13:47:53","guid":{"rendered":"https:\/\/www.rome.info\/fr\/?page_id=625"},"modified":"2021-12-28T14:47:53","modified_gmt":"2021-12-28T13:47:53","slug":"hotels","status":"publish","type":"page","link":"https:\/\/www.rome.info\/fr\/hotels\/","title":{"rendered":"H\u00f4tels \u00e0 Rome"},"content":{"rendered":"\n<p>Rome.info vous fournit les r\u00e9servations d&rsquo;h\u00f4tels les plus pratiques pour Rome, Italie.<br>Nous vous offrons la possibilit\u00e9 de faire des r\u00e9servations d&rsquo;h\u00f4tels s\u00e9curit\u00e9 a Rome \u2013 sans frais, sans paiement d&rsquo;avance<br>En coop\u00e9ration avec la r\u00e9put\u00e9e compagnie de r\u00e9servation&nbsp;<strong>Booking.com<\/strong>, un moteur de recherche international d&rsquo;h\u00f4tels. Merci d&rsquo;utiliser le formulaire de recherche ou la liste des h\u00f4tels pr\u00e9f\u00e9r\u00e9s de Rome.info<\/p>\n","protected":false},"excerpt":{"rendered":"","protected":false},"author":2,"featured_media":0,"parent":0,"menu_order":0,"comment_status":"closed","ping_status":"closed","template":"","meta":{"_acf_changed":false,"footnotes":"","button_url":"","ms_product_id":"","ms_product_name":"","ms_price":"","ms_currency":"","ms_rating_value":"","ms_review_count":"","rank_math_title":"H\u00f4tels \u00e0 Rome, r\u00e9servation en ligne %sep% %sitename%","rank_math_description":"R\u00e9servations d'h\u00f4tels les plus pratiques pour Rome, Italie. Une selection de plus de 300 h\u00f4tels a Rome, avec la possibilit\u00e9 de r\u00e9server en ligne avec Booking.com"},"post-style":[],"producer":[],"class_list":["post-625","page","type-page","status-publish","has-post-thumbnail"],"acf":[],"product_schema":{"ms_product_id":"","ms_product_name":"","ms_price":"","ms_currency":"","ms_rating_value":"","ms_review_count":""},"_links":{"self":[{"href":"https:\/\/www.rome.info\/fr\/wp-json\/wp\/v2\/pages\/625","targetHints":{"allow":["GET"]}}],"collection":[{"href":"https:\/\/www.rome.info\/fr\/wp-json\/wp\/v2\/pages"}],"about":[{"href":"https:\/\/www.rome.info\/fr\/wp-json\/wp\/v2\/types\/page"}],"author":[{"embeddable":true,"href":"https:\/\/www.rome.info\/fr\/wp-json\/wp\/v2\/users\/2"}],"replies":[{"embeddable":true,"href":"https:\/\/www.rome.info\/fr\/wp-json\/wp\/v2\/comments?post=625"}],"version-history":[{"count":0,"href":"https:\/\/www.rome.info\/fr\/wp-json\/wp\/v2\/pages\/625\/revisions"}],"wp:attachment":[{"href":"https:\/\/www.rome.info\/fr\/wp-json\/wp\/v2\/media?parent=625"}],"wp:term":[{"taxonomy":"post-style","embeddable":true,"href":"https:\/\/www.rome.info\/fr\/wp-json\/wp\/v2\/post-style?post=625"},{"taxonomy":"producer","embeddable":true,"href":"https:\/\/www.rome.info\/fr\/wp-json\/wp\/v2\/producer?post=625"}],"curies":[{"name":"wp","href":"https:\/\/api.w.org\/{rel}","templated":true}]}}