{"id":1129,"date":"2026-04-21T11:25:09","date_gmt":"2026-04-21T11:25:09","guid":{"rendered":"https:\/\/www.rome.info\/fr\/?page_id=1129"},"modified":"2026-04-21T11:25:09","modified_gmt":"2026-04-21T11:25:09","slug":"tram","status":"publish","type":"page","link":"https:\/\/www.rome.info\/fr\/transport\/transports-en-commun\/tram\/","title":{"rendered":"Trams \u00e0 Rome"},"content":{"rendered":"\n<p class=\"is-style-lead\">Sans \u00eatre le moyen de transport en commun le plus r\u00e9pandu dans la ville, le tram est souvent cit\u00e9 comme l&rsquo;option la plus propre et la plus fluide. Il permet tout de m\u00eame de rejoindre le Vatican et le Colis\u00e9e, ainsi que le quartier gastronomique de Trastevere.<\/p>\n\n\n\n<p>Voici tout ce que vous devez savoir.<\/p>\n\n\n<figure>\n                    <div class=\"ms-credits\"><img decoding=\"async\" class=\"gb-image gb-image-9b59990c\" src=\"https:\/\/www.rome.info\/wp-content\/uploads\/rome-tram-1747627226.jpg\" alt=\"Le tram de la ligne 8 traversant Largo Argentina \u00e0 Rome.\" title=\"rome-tram-1747627226\"><span class='ms-credits__info' id='media2913'><svg xmlns=\"http:\/\/www.w3.org\/2000\/svg\" width=\"20\" height=\"22\" fill=\"#000000\" viewBox=\"0 0 256 256\"><path d=\"M128,24A104,104,0,1,0,232,128,104.11,104.11,0,0,0,128,24Zm0,192a88,88,0,1,1,88-88A88.1,88.1,0,0,1,128,216ZM96,128a32,32,0,0,0,57.6,19.2,8,8,0,0,1,12.8,9.61,48,48,0,1,1,0-57.62,8,8,0,0,1-12.8,9.61A32,32,0,0,0,96,128Z\"><\/path><\/svg> | rarrarorro<a href=https:\/\/depositphotos.com\/editorial\/tram-in-rome-154958088.html rel='nofollow' target='_blank'>Depositphotos<\/a><\/span><span class='ms-credits__btn' id='btn_media2913' onclick='ms_credits_trigger(\"#media2913\", this)'><svg xmlns=\"http:\/\/www.w3.org\/2000\/svg\" class=\"info_icon\" width=\"28\" height=\"28\" fill=\"#FFF\" viewBox=\"0 0 256 256\"><path d=\"M128,24A104,104,0,1,0,232,128,104.11,104.11,0,0,0,128,24Zm0,192a88,88,0,1,1,88-88A88.1,88.1,0,0,1,128,216Zm16-40a8,8,0,0,1-8,8,16,16,0,0,1-16-16V128a8,8,0,0,1,0-16,16,16,0,0,1,16,16v40A8,8,0,0,1,144,176ZM112,84a12,12,0,1,1,12,12A12,12,0,0,1,112,84Z\"><\/path><\/svg><svg xmlns=\"http:\/\/www.w3.org\/2000\/svg\" class=\"close_icon\" width=\"28\" height=\"28\" fill=\"#FFF\" viewBox=\"0 0 256 256\"><path d=\"M165.66,101.66,139.31,128l26.35,26.34a8,8,0,0,1-11.32,11.32L128,139.31l-26.34,26.35a8,8,0,0,1-11.32-11.32L116.69,128,90.34,101.66a8,8,0,0,1,11.32-11.32L128,116.69l26.34-26.35a8,8,0,0,1,11.32,11.32ZM232,128A104,104,0,1,1,128,24,104.11,104.11,0,0,1,232,128Zm-16,0a88,88,0,1,0-88,88A88.1,88.1,0,0,0,216,128Z\"><\/path><\/svg><\/span><\/div><\/figure>\n\n\n<h2 class=\"wp-block-heading\">Lignes de tram<\/h2>\n\n\n\n<p>Il y a six lignes au total, qui, pour compliquer un peu les choses, ne sont pas num\u00e9rot\u00e9es de un \u00e0 six.<\/p>\n\n\n\n<ul class=\"wp-block-list\">\n<li>Ligne 2 : Piazza Flaminio \u2013 Piazza Mancini.<\/li>\n\n\n\n<li>Ligne 3 : Valle Giulia \u2013 Trastevere.<\/li>\n\n\n\n<li>Ligne 5 : Roma Termini \u2013 Piazza dei Gerani.<\/li>\n\n\n\n<li>Ligne 8 : Piazza Venezia \u2013 Via del Casaletto (Trastevere)<\/li>\n\n\n\n<li>Ligne 14 : Termini \u2013 Togliatti.<\/li>\n\n\n\n<li>Ligne 19 : Piazza Risorgimento (pr\u00e8s du Vatican) \u2013 Piazza dei Gerani.<\/li>\n<\/ul>\n\n\n\n<p>Elles circulent en g\u00e9n\u00e9ral toutes les 5 \u00e0 10 minutes, avec des intervalles plus longs le dimanche lorsque moins de trams sont en service.<\/p>\n\n\n\n<p>La plupart des lignes de tram ne sont pas particuli\u00e8rement utiles pour les touristes, car elles ne desservent pas le centre historique et ne couvrent pas une grande zone de Rome. Beaucoup vous am\u00e8neront \u00e9galement \u00e0 proximit\u00e9 d&rsquo;autres <a href=\"https:\/\/www.rome.info\/fr\/transport\/\">modes de transport<\/a> comme le <a href=\"https:\/\/www.rome.info\/fr\/transport\/transports-en-commun\/metro\/\">m\u00e9tro<\/a> et les <a href=\"https:\/\/www.rome.info\/fr\/transport\/trains\/\">gares ferroviaires<\/a>.<\/p>\n\n\n\n<p>Les lignes les plus utiles sont les 3, 8 et 19 : la ligne 3 vous emm\u00e8ne dans le quartier verdoyant de Trastevere depuis la <a href=\"https:\/\/www.rome.info\/fr\/attractions\/galerie-borghese\/\">Villa Borgh\u00e8se<\/a>, avec un arr\u00eat au <a href=\"https:\/\/www.rome.info\/fr\/attractions\/colisee\/\" data-type=\"link\" data-id=\"https:\/\/www.rome.info\/fr\/attractions\/colisee\/\">Colis\u00e9e<\/a> en chemin. La ligne 8 traverse le centre jusqu&rsquo;\u00e0 Trastevere, tandis que la ligne 19 vous conduit au Vatican.<\/p>\n\n\n\n<h2 class=\"wp-block-heading\">Comment utiliser les trams \u00e0 Rome<\/h2>\n\n\n\n<h3 class=\"wp-block-heading\">Tarifs et billets<\/h3>\n\n\n\n<p>\u00c0 Rome, les billets achet\u00e9s sont valables pour tous les modes de transport en commun \u00e0 l&rsquo;int\u00e9rieur de la ville. Notez que vous devrez acheter vos billets \u00e0 l&rsquo;avance. Certains trams disposent d\u00e9sormais d&rsquo;un syst\u00e8me de ticket \u00e9lectronique tap-on tap-off payable par carte de cr\u00e9dit, mais dans la plupart des cas, il n&rsquo;est pas possible d&rsquo;acheter des billets \u00e0 bord.<\/p>\n\n\n\n<p>Vous pouvez acheter des billets aux distributeurs automatiques des principaux arr\u00eats de bus, dans les stations de m\u00e9tro et dans les bureaux de tabac (Tabacchi), reconnaissables au grand T affich\u00e9 \u00e0 l&rsquo;ext\u00e9rieur.<\/p>\n\n\n\n<p>Si vous pr\u00e9f\u00e9rez un billet sans papier, vous pouvez t\u00e9l\u00e9charger l&rsquo;application TicketAppy, l&rsquo;application officielle de la soci\u00e9t\u00e9 de transport public de Rome.<\/p>\n\n\n\n<p>Un billet \u00e9lectronique sur TicketAppy :<\/p>\n\n\n\n<p>Gardez \u00e0 l&rsquo;esprit que si vous prenez le tram sans billet, vous risquez une amende de 50 \u20ac \u00e0 100 \u20ac.<\/p>\n\n\n\n<h3 class=\"wp-block-heading\">Billet trajet simple<\/h3>\n\n\n\n<p>Tr\u00e8s abordable (1,50 \u20ac) et valable 100 minutes \u00e0 compter du compostage. Utilisable sur plusieurs trams ou bus dans ce d\u00e9lai. Un trajet simple en m\u00e9tro ou en train urbain est inclus.<\/p>\n\n\n\n<h3 class=\"wp-block-heading\">Billet 24 heures<\/h3>\n\n\n\n<p>Un billet rentable si vous pr\u00e9voyez de prendre plusieurs trams, bus et m\u00e9tros dans la journ\u00e9e. \u00c0 7 \u20ac, vous b\u00e9n\u00e9ficiez d&rsquo;une utilisation illimit\u00e9e des transports en commun de Rome \u00e0 partir de la premi\u00e8re validation et pour les 24 heures suivantes.<\/p>\n\n\n\n<h3 class=\"wp-block-heading\">Billet 48 heures<\/h3>\n\n\n\n<p>Le pass 48 heures fonctionne de la m\u00eame fa\u00e7on que le 24 heures. Il co\u00fbte 12,50 \u20ac.<\/p>\n\n\n\n<h3 class=\"wp-block-heading\">Billet 72 heures :<\/h3>\n\n\n\n<p>\u00c0 18 \u20ac, c&rsquo;est l&rsquo;une des meilleures options si vous visitez Rome pour le week-end.<\/p>\n\n\n\n<h3 class=\"wp-block-heading\">Pass hebdomadaire (CIS) :<\/h3>\n\n\n\n<p>Le pass hebdomadaire est valable \u00e0 partir de la premi\u00e8re utilisation jusqu&rsquo;\u00e0 minuit du septi\u00e8me jour. Il co\u00fbte 24 \u20ac.<\/p>\n\n\n\n<h3 class=\"wp-block-heading\">Roma Pass<\/h3>\n\n\n\n<p>Une autre option est d&rsquo;acheter un <a href=\"https:\/\/www.rome.info\/fr\/pass-touristiques\/roma-pass\/\">Roma Pass<\/a> touristique. Il vous offre des r\u00e9ductions aussi bien sur les transports en commun que sur certaines <a href=\"https:\/\/www.rome.info\/fr\/attractions\/\">attractions<\/a>. Il est disponible dans la plupart des offices de tourisme.<\/p>\n\n\n\n<h2 class=\"wp-block-heading\">Planifier votre trajet<\/h2>\n\n\n\n<p>Pour planifier votre trajet, vous pouvez consulter le plan du r\u00e9seau de trams. Les plans montrent toutes les lignes avec un code couleur et le nombre d&rsquo;arr\u00eats. Toutes les correspondances entre les trams et le m\u00e9tro y sont \u00e9galement indiqu\u00e9es, ce qui facilite la planification.<\/p>\n\n\n\n<p>Chaque ligne a sa propre couleur :<\/p>\n\n\n\n<ul class=\"wp-block-list\">\n<li>Ligne 2 : bleu fonc\u00e9.<\/li>\n\n\n\n<li>Ligne 3 : vert.<\/li>\n\n\n\n<li>Ligne 5 : rouge.<\/li>\n\n\n\n<li>Ligne 8 : jaune\/citron vert.<\/li>\n\n\n\n<li>Ligne 14 : bleu clair.<\/li>\n\n\n\n<li>Ligne 19 : orange.<\/li>\n<\/ul>\n\n\n\n<p>Pour consulter un plan du r\u00e9seau de trams de Rome :<\/p>\n\n\n\n<ul class=\"wp-block-list\">\n<li>Consultez le <a href=\"https:\/\/www.atac.roma.it\/en\/utility\/maps\" rel=\"nofollow noopener\"><strong>site officiel ATAC<\/strong><\/a>. Vous pourrez y t\u00e9l\u00e9charger un plan actualis\u00e9 et imprimable.<\/li>\n\n\n\n<li>Regardez les plans affich\u00e9s dans la plupart des stations de m\u00e9tro et \u00e0 l&rsquo;int\u00e9rieur de la plupart des trams.<\/li>\n\n\n\n<li>Utilisez des applications comme Google Maps, CityMapper et Moovit.<\/li>\n<\/ul>\n\n\n\n<p>Trouvez votre arr\u00eat et attendez l&rsquo;arriv\u00e9e du tram. Laissez descendre tous les passagers avant de monter.<\/p>\n\n\n\n<h3 class=\"wp-block-heading\">Valider le billet<\/h3>\n\n\n\n<p>Une fois \u00e0 bord, vous devez valider votre billet papier dans l&rsquo;une des machines. Glissez l&rsquo;extr\u00e9mit\u00e9 avec la fl\u00e8che dans la fente, et la machine compostera votre billet. Si l&rsquo;une des machines est en panne, inscrivez l&rsquo;heure et la date sur le billet, pensez donc \u00e0 avoir un stylo.<\/p>\n\n\n\n<h3 class=\"wp-block-heading\">Descendre<\/h3>\n\n\n\n<p>Contrairement au m\u00e9tro, les arr\u00eats de tram ne sont pas annonc\u00e9s. Pour savoir o\u00f9 descendre, vous pouvez :<\/p>\n\n\n\n<ul class=\"wp-block-list\">\n<li>Utilisez une application comme Google Maps qui vous avertit quand vous \u00eates arriv\u00e9 \u00e0 l&rsquo;arr\u00eat souhait\u00e9.<\/li>\n\n\n\n<li>Comptez les arr\u00eats \u00e0 l&rsquo;avance et descendez quand vous avez atteint le bon.<\/li>\n\n\n\n<li>Regardez par la fen\u00eatre et lisez le nom de votre destination affich\u00e9 sur le panneau de l&rsquo;arr\u00eat.<\/li>\n<\/ul>\n\n\n\n<p>Quand vous souhaitez que le conducteur s&rsquo;arr\u00eate \u00e0 la station, appuyez sur la cloche rouge ou le bouton d&rsquo;arr\u00eat.<\/p>\n\n\n\n<h2 class=\"wp-block-heading\">\u00c9tiquette<\/h2>\n\n\n\n<p>Comme pour tout transport, il est de bon ton de laisser les passagers descendre avant de monter. Gardez \u00e0 l&rsquo;esprit que certaines places sont r\u00e9serv\u00e9es aux personnes \u00e2g\u00e9es et handicap\u00e9es : soyez pr\u00eat \u00e0 les lib\u00e9rer lorsqu&rsquo;elles montent.<\/p>\n\n\n\n<h2 class=\"wp-block-heading\">Accessibilit\u00e9 et conseils de s\u00e9curit\u00e9<\/h2>\n\n\n\n<p>L&rsquo;acc\u00e8s aux fauteuils roulants dans les trams romains est limit\u00e9. Il se peut donc que vous deviez attendre un tram accessible. Les anciens trams ont deux marches \u00e0 l&rsquo;acc\u00e8s. Les mod\u00e8les les plus r\u00e9cents sont \u00e9quip\u00e9s d&rsquo;un plancher \u00e0 niveau pour faciliter l&rsquo;acc\u00e8s en fauteuil roulant.<\/p>\n\n\n\n<p>Rome est une grande ville mais plut\u00f4t s\u00fbre. Le bon sens lors de l&rsquo;utilisation des trams suffit \u00e0 \u00e9viter les situations d\u00e9sagr\u00e9ables : gardez vos sacs ferm\u00e9s et surveillez vos poches, surtout lors de la mont\u00e9e ou de la descente. Les pickpockets existent, malheureusement.<\/p>\n\n\n\n<h2 class=\"wp-block-heading\">Attractions \u00e0 proximit\u00e9<\/h2>\n\n\n\n<h3 class=\"wp-block-heading\">Ligne 2<\/h3>\n\n\n\n<p>Depuis Piazzale Flaminio, \u00e0 quelques pas de la <a href=\"https:\/\/www.rome.info\/fr\/attractions\/galerie-borghese\/\">Villa Borgh\u00e8se<\/a> et de l&rsquo;<a href=\"https:\/\/www.rome.info\/attractions\/piazza-di-spagna\/\">Escalier de la Trinit\u00e9-des-Monts<\/a>, vous pouvez prendre la ligne 2.<\/p>\n\n\n\n<ul class=\"wp-block-list\">\n<li>Rejoignez Piazza Mancini pour assister \u00e0 un match de football au Stadio Olimpico du <a href=\"https:\/\/www.rome.info\/as-roma\/\">club AS Roma<\/a>. \u00c0 distance de marche, vous trouverez \u00e9galement le MAXXI, le Mus\u00e9e d&rsquo;Art du XXe si\u00e8cle de Rome.<\/li>\n\n\n\n<li>Descendez \u00e0 Piazzale Flaminio pour une promenade sur la Via del Corso.<\/li>\n<\/ul>\n\n\n\n<h3 class=\"wp-block-heading\">Ligne 3<\/h3>\n\n\n\n<p>Si vous \u00eates touriste, cette ligne dessert plusieurs sites touristiques int\u00e9ressants.<\/p>\n\n\n\n<ul class=\"wp-block-list\">\n<li>Descendez \u00e0 l&rsquo;arr\u00eat Colosseo. \u00c0 distance de marche, vous atteindrez le c\u00e9l\u00e8bre <a href=\"https:\/\/www.rome.info\/fr\/attractions\/colisee\/\">Colis\u00e9e<\/a><strong>, <\/strong>le <a href=\"https:\/\/www.rome.info\/fr\/attractions\/forum-romain\/\">Forum Romain<\/a> et le <a href=\"https:\/\/www.rome.info\/fr\/attractions\/mont-palatin\/\">Mont Palatin<\/a>.<\/li>\n\n\n\n<li>Pour visiter le <a href=\"https:\/\/www.rome.info\/fr\/attractions\/circus-maximus\/\">Circus Maximus<\/a> et la colline de l&rsquo;Aventin, descendez \u00e0 Aventino \/ Circo Massimo. Vous y trouverez \u00e9galement un arr\u00eat de la ligne B du m\u00e9tro.<\/li>\n\n\n\n<li><a href=\"https:\/\/www.rome.info\/plan\/map\/trastevere\/\">Trastevere<\/a> est un quartier pris\u00e9 pour la cuisine romaine et la vie nocturne. Vous y trouverez de nombreux restaurants et bars, id\u00e9als pour d\u00e9jeuner ou prendre un verre en soir\u00e9e. Descendez \u00e0 l&rsquo;arr\u00eat Belli.<\/li>\n<\/ul>\n\n\n\n<h3 class=\"wp-block-heading\">Ligne 19<\/h3>\n\n\n\n<ul class=\"wp-block-list\">\n<li>Cette ligne vous emm\u00e8ne aux Mus\u00e9es du Vatican et \u00e0 la Basilique Saint-Pierre. Utilisez l&rsquo;arr\u00eat Piazza del Risorgimento, \u00e0 quelques minutes \u00e0 pied.<\/li>\n<\/ul>\n\n\n\n<h3 class=\"wp-block-heading\">Ligne 5<\/h3>\n\n\n\n<p>Ce tram vous emm\u00e8ne vers les quartiers alternatifs de l&rsquo;est de Rome.<\/p>\n\n\n\n<ul class=\"wp-block-list\">\n<li>Descendez \u00e0 Porta Maggiore pour rejoindre San Lorenzo, un quartier anim\u00e9 fr\u00e9quent\u00e9 par les \u00e9tudiants.<\/li>\n\n\n\n<li>Rejoignez Piazzale Prenestino pour prendre l&rsquo;ap\u00e9ritif comme un local dans le quartier de Pigneto.<\/li>\n<\/ul>\n\n\n\n<h3 class=\"wp-block-heading\">Ligne 8<\/h3>\n\n\n\n<ul class=\"wp-block-list\">\n<li>L&rsquo;arr\u00eat de tram Piazza Venezia est id\u00e9al pour le secteur de la Via del Corso, c\u00e9l\u00e8bre pour ses boutiques.<\/li>\n\n\n\n<li>Depuis l&rsquo;arr\u00eat Arenula \/ Cairoli, vous pouvez rejoindre la magnifique <a href=\"https:\/\/www.rome.info\/attractions\/piazza-navona\/\">Piazza Navona<\/a> et le <a href=\"https:\/\/www.rome.info\/fr\/attractions\/campo-de-fiori\/\">Campo De&rsquo; Fiori<\/a>.<\/li>\n\n\n\n<li>Rejoignez l&rsquo;arr\u00eat Casaletto pour atteindre Villa Pamphili, le plus grand parc de Rome. Depuis Via del Casaletto, prenez un bus ou marchez environ 20 minutes.<\/li>\n\n\n\n<li>Tout comme la ligne 3, le tram 8 s&rsquo;arr\u00eate \u00e0 Trastevere, \u00e0 deux pas du <a href=\"https:\/\/www.rome.info\/areas\/jewish-ghetto\/\">Ghetto juif<\/a> de Rome. Rep\u00e9rez les arr\u00eats Belli, Arenula \/ Ministero Giustizia et Trastevere \/ Mastai.<\/li>\n<\/ul>\n\n\n\n<h2 class=\"wp-block-heading\">Conseils de voyage en tram pour les touristes<\/h2>\n\n\n\n<p>Planifier simplement votre trajet et suivre nos conseils de s\u00e9curit\u00e9 suffit \u00e0 garantir un voyage agr\u00e9able et sans encombre.<\/p>\n\n\n\n<p>Acheter votre billet bien \u00e0 l&rsquo;avance (pas 5 minutes avant) est aussi un bon r\u00e9flexe. Si vous achetez des billets simples, prenez-en plusieurs d&rsquo;un coup : cela vous \u00e9vitera de retourner chez un Tabacchi en courant vers un arr\u00eat. N&rsquo;oubliez jamais de valider votre billet sous peine d&rsquo;une amende \u00e9lev\u00e9e.<\/p>\n\n\n\n<p>\u00c9viter les heures de pointe rendra \u00e9galement votre trajet plus agr\u00e9able.<\/p>\n\n\n\n<h2 class=\"wp-block-heading\">Questions fr\u00e9quentes<\/h2>\n\n\n\n<h3 class=\"wp-block-heading\"><strong>Y a-t-il encore des trams \u00e0 Rome ?<\/strong><\/h3>\n\n\n\n<p>Oui, il y a encore des trams \u00e0 Rome. Avec seulement six lignes, le r\u00e9seau n&rsquo;est pas tr\u00e8s \u00e9tendu, mais il existe bien.<\/p>\n\n\n\n<h3 class=\"wp-block-heading\"><strong>Les trams \u00e0 Rome sont-ils gratuits ?<\/strong><\/h3>\n\n\n\n<p>Non, les trams ne sont pas gratuits. M\u00eame si votre billet n&rsquo;est pas syst\u00e9matiquement contr\u00f4l\u00e9 (le chauffeur ne v\u00e9rifie pas les billets), des contr\u00f4les ponctuels ont lieu. Ne prenez pas le risque de voyager sans billet.<\/p>\n\n\n\n<h3 class=\"wp-block-heading\"><strong>Comment utiliser le tram \u00e0 Rome ?<\/strong><\/h3>\n\n\n\n<p>Achetez simplement un billet \u00e0 l&rsquo;avance, rendez-vous \u00e0 votre arr\u00eat et montez. N&rsquo;oubliez pas de valider votre billet dans la petite machine jaune \u00e0 bord.<\/p>\n\n\n\n<h3 class=\"wp-block-heading\"><strong>Comment payer les trams en Italie ?<\/strong><\/h3>\n\n\n\n<p>Vous achetez un billet ou un pass avant de monter \u00e0 bord. Vous pouvez le trouver aux distributeurs automatiques dans les stations de m\u00e9tro ou les grandes gares routi\u00e8res, mais peut-\u00eatre plus facilement dans les boutiques \u00ab Tabacchi \u00bb, qui sont des buralistes \u00e9parpill\u00e9s dans toute la ville.<\/p>\n","protected":false},"excerpt":{"rendered":"","protected":false},"author":9,"featured_media":1028,"parent":1109,"menu_order":0,"comment_status":"closed","ping_status":"closed","template":"","meta":{"_acf_changed":false,"footnotes":"","button_url":"https:\/\/www.tiqets.com\/fr\/public-transport-rome-tickets-l236356\/?partner=romeinfo","ms_product_id":"","ms_product_name":"","ms_price":"","ms_currency":"","ms_rating_value":"","ms_review_count":"","rank_math_title":"Tramways \u00e0 Rome : Carte, lignes, billets et conseils pour se d\u00e9placer","rank_math_description":"Planifiez votre voyage avec le syst\u00e8me de tramways de Rome ! Obtenez la derni\u00e8re carte des tramways, les itin\u00e9raires, les lignes et les informations sur les billets pour explorer la ville comme un local en %currentyear%."},"post-style":[],"producer":[23],"class_list":["post-1129","page","type-page","status-publish","has-post-thumbnail"],"acf":[],"product_schema":{"ms_product_id":"","ms_product_name":"","ms_price":"","ms_currency":"","ms_rating_value":"","ms_review_count":""},"_links":{"self":[{"href":"https:\/\/www.rome.info\/fr\/wp-json\/wp\/v2\/pages\/1129","targetHints":{"allow":["GET"]}}],"collection":[{"href":"https:\/\/www.rome.info\/fr\/wp-json\/wp\/v2\/pages"}],"about":[{"href":"https:\/\/www.rome.info\/fr\/wp-json\/wp\/v2\/types\/page"}],"author":[{"embeddable":true,"href":"https:\/\/www.rome.info\/fr\/wp-json\/wp\/v2\/users\/9"}],"replies":[{"embeddable":true,"href":"https:\/\/www.rome.info\/fr\/wp-json\/wp\/v2\/comments?post=1129"}],"version-history":[{"count":1,"href":"https:\/\/www.rome.info\/fr\/wp-json\/wp\/v2\/pages\/1129\/revisions"}],"predecessor-version":[{"id":1150,"href":"https:\/\/www.rome.info\/fr\/wp-json\/wp\/v2\/pages\/1129\/revisions\/1150"}],"up":[{"embeddable":true,"href":"https:\/\/www.rome.info\/fr\/wp-json\/wp\/v2\/pages\/1109"}],"wp:featuredmedia":[{"embeddable":true,"href":"https:\/\/www.rome.info\/fr\/wp-json\/wp\/v2\/media\/1028"}],"wp:attachment":[{"href":"https:\/\/www.rome.info\/fr\/wp-json\/wp\/v2\/media?parent=1129"}],"wp:term":[{"taxonomy":"post-style","embeddable":true,"href":"https:\/\/www.rome.info\/fr\/wp-json\/wp\/v2\/post-style?post=1129"},{"taxonomy":"producer","embeddable":true,"href":"https:\/\/www.rome.info\/fr\/wp-json\/wp\/v2\/producer?post=1129"}],"curies":[{"name":"wp","href":"https:\/\/api.w.org\/{rel}","templated":true}]}}