{"id":1114,"date":"2026-04-21T11:24:42","date_gmt":"2026-04-21T11:24:42","guid":{"rendered":"https:\/\/www.rome.info\/fr\/?page_id=1114"},"modified":"2026-04-21T11:24:42","modified_gmt":"2026-04-21T11:24:42","slug":"aeroport-de-ciampino","status":"publish","type":"page","link":"https:\/\/www.rome.info\/fr\/aeroports-de-rome\/aeroport-de-ciampino\/","title":{"rendered":"A\u00e9roport de Ciampino"},"content":{"rendered":"\n<p class=\"is-style-lead\">L&rsquo;a\u00e9roport international Giovan Battista Pastine, plus connu sous le nom de Ciampino (CIA), est le deuxi\u00e8me a\u00e9roport de Rome, de taille plus modeste.<\/p>\n\n\n\n<p>Seules les compagnies low-cost ou \u00e0 bas prix op\u00e8rent depuis Ciampino. Il dessert des vols \u00e0 destination et en provenance de 51 villes dans 23 pays diff\u00e9rents, donc si vous prenez un vol \u00e0 bas prix depuis l&rsquo;Europe, il y a de fortes chances que vous atterrissiez ici.<\/p>\n\n\n<div class=\"ms-credits\">\n<img decoding=\"async\" class=\"gb-media-bc40e107\" src=\"https:\/\/www.rome.info\/wp-content\/uploads\/ciampino-entrance-1745738755.jpg\" alt=\"Des voyageurs avec bagages devant l'entr\u00e9e des d\u00e9parts de l'a\u00e9roport G.B. Pastine Ciampino sous un ciel nuageux.\" title=\"ciampino-entrance-1745738755\"\/>\n<span class='ms-credits__info' id='media2529'><svg xmlns=\"http:\/\/www.w3.org\/2000\/svg\" width=\"20\" height=\"22\" fill=\"#000000\" viewBox=\"0 0 256 256\"><path d=\"M128,24A104,104,0,1,0,232,128,104.11,104.11,0,0,0,128,24Zm0,192a88,88,0,1,1,88-88A88.1,88.1,0,0,1,128,216ZM96,128a32,32,0,0,0,57.6,19.2,8,8,0,0,1,12.8,9.61,48,48,0,1,1,0-57.62,8,8,0,0,1-12.8,9.61A32,32,0,0,0,96,128Z\"><\/path><\/svg> | bestravelvideo<a href=https:\/\/depositphotos.com\/editorial\/rome-italy-september-2017-ciampino-airport-terminal-entrance-tourists-sign-359151104.html rel='nofollow' target='_blank'>Depositphotos<\/a><\/span><span class='ms-credits__btn' id='btn_media2529' onclick='ms_credits_trigger(\"#media2529\", this)'><svg xmlns=\"http:\/\/www.w3.org\/2000\/svg\" class=\"info_icon\" width=\"28\" height=\"28\" fill=\"#FFF\" viewBox=\"0 0 256 256\"><path d=\"M128,24A104,104,0,1,0,232,128,104.11,104.11,0,0,0,128,24Zm0,192a88,88,0,1,1,88-88A88.1,88.1,0,0,1,128,216Zm16-40a8,8,0,0,1-8,8,16,16,0,0,1-16-16V128a8,8,0,0,1,0-16,16,16,0,0,1,16,16v40A8,8,0,0,1,144,176ZM112,84a12,12,0,1,1,12,12A12,12,0,0,1,112,84Z\"><\/path><\/svg><svg xmlns=\"http:\/\/www.w3.org\/2000\/svg\" class=\"close_icon\" width=\"28\" height=\"28\" fill=\"#FFF\" viewBox=\"0 0 256 256\"><path d=\"M165.66,101.66,139.31,128l26.35,26.34a8,8,0,0,1-11.32,11.32L128,139.31l-26.34,26.35a8,8,0,0,1-11.32-11.32L116.69,128,90.34,101.66a8,8,0,0,1,11.32-11.32L128,116.69l26.34-26.35a8,8,0,0,1,11.32,11.32ZM232,128A104,104,0,1,1,128,24,104.11,104.11,0,0,1,232,128Zm-16,0a88,88,0,1,0-88,88A88.1,88.1,0,0,0,216,128Z\"><\/path><\/svg><\/span><\/div>\n\n\n<h2 class=\"wp-block-heading\"><strong>Tout ce que vous devez savoir<\/strong><\/h2>\n\n\n\n<p>Accessible en <a href=\"https:\/\/www.rome.info\/fr\/transport\/\">transports en commun<\/a>, l&rsquo;a\u00e9roport de Ciampino (se prononce tcha-PEE-no) est situ\u00e9 au sud-est de Rome, \u00e0 environ 18 km du centre-ville.<\/p>\n\n\n\n<p>Son nom officiel est \u00ab Aeroporto di Ciampino, G.B Pastine \u00bb, en hommage \u00e0 un h\u00e9ros de guerre de la Seconde Guerre mondiale. Si c&rsquo;est votre premi\u00e8re fois dans cet a\u00e9roport, ne vous alarmez pas si vous voyez ce nom en lettres imposantes au-dessus de l&rsquo;entr\u00e9e, sans aucune mention de Ciampino. (Les habitu\u00e9s de la confusion entre nom officiel et surnom local comprennent ce genre de trauma).&nbsp;<\/p>\n\n\n\n<p>Avant l&rsquo;\u00e8re des vols \u00e0 bas prix, l&rsquo;a\u00e9roport de Ciampino \u00e9tait une base militaire. Sa commercialisation est relativement r\u00e9cente, ce qui en fait un a\u00e9roport encore jeune, avec de nombreux avantages \u00e0 la cl\u00e9.&nbsp;<\/p>\n\n\n\n<p>Petit, surtout compar\u00e9 au gigantesque <a href=\"https:\/\/www.rome.info\/fr\/aeroports-de-rome\/aeroport-de-fiumicino\/\">Fiumicino<\/a>, CIA est facile \u00e0 appr\u00e9hender. Pas de longues marches jusqu&rsquo;\u00e0 la porte d&#8217;embarquement ou au contr\u00f4le des passeports, pas de labyrinthe \u00e9crasant \u00e0 travers les boutiques hors taxes. C&rsquo;est un a\u00e9roport tout \u00e0 fait modeste.&nbsp;<\/p>\n\n\n\n<p>Que vous atterrissiez \u00e0 Ciampino pour la premi\u00e8re fois ou que vous en partiez pour une aventure \u00e0 bas prix, lisez la suite pour des conseils de transport, des informations pratiques et des suggestions de visites \u00e0 proximit\u00e9.&nbsp;<\/p>\n\n\n\n<h2 class=\"wp-block-heading\"><strong>Rejoindre Rome depuis Ciampino<\/strong><\/h2>\n\n\n\n<h3 class=\"wp-block-heading\">1. Bus et m\u00e9tro : la meilleure option, la moins ch\u00e8re<\/h3>\n\n\n\n<p>L&rsquo;a\u00e9roport de Ciampino est desservi par le r\u00e9seau de transport romain (ATAC). Deux bus locaux vous conduisent \u00e0 une station de <a href=\"https:\/\/www.rome.info\/fr\/transport\/transports-en-commun\/metro\/\">m\u00e9tro<\/a>. Un billet simple est valable 100 minutes, ce qui vous permet d&rsquo;utiliser le m\u00eame billet pour le <a href=\"https:\/\/www.rome.info\/fr\/transport\/transports-en-commun\/bus\/\">bus<\/a> et le m\u00e9tro.&nbsp;<\/p>\n\n\n\n<figure><div class=\"ms-credits\">\n<img decoding=\"async\" class=\"gb-media-db5c189f\" src=\"https:\/\/www.rome.info\/wp-content\/uploads\/ciampino-terminal-bus-stop-1745739369.jpg\" alt=\"Des voyageurs avec valises faisant la queue pour monter dans des navettes devant l'a\u00e9roport de Ciampino, sous un ciel nuageux, pr\u00e8s des arr\u00eats de bus signalis\u00e9s.\" title=\"ciampino-terminal-bus-stop-1745739369\"\/>\n<span class='ms-credits__info' id='media2531'><svg xmlns=\"http:\/\/www.w3.org\/2000\/svg\" width=\"20\" height=\"22\" fill=\"#000000\" viewBox=\"0 0 256 256\"><path d=\"M128,24A104,104,0,1,0,232,128,104.11,104.11,0,0,0,128,24Zm0,192a88,88,0,1,1,88-88A88.1,88.1,0,0,1,128,216ZM96,128a32,32,0,0,0,57.6,19.2,8,8,0,0,1,12.8,9.61,48,48,0,1,1,0-57.62,8,8,0,0,1-12.8,9.61A32,32,0,0,0,96,128Z\"><\/path><\/svg> | bestravelvideo<a href=https:\/\/depositphotos.com\/editorial\/rome-italy-september-2017-ciampino-airport-terminal-bus-stop-crowd-360108800.html rel='nofollow' target='_blank'>Depositphotos<\/a><\/span><span class='ms-credits__btn' id='btn_media2531' onclick='ms_credits_trigger(\"#media2531\", this)'><svg xmlns=\"http:\/\/www.w3.org\/2000\/svg\" class=\"info_icon\" width=\"28\" height=\"28\" fill=\"#FFF\" viewBox=\"0 0 256 256\"><path d=\"M128,24A104,104,0,1,0,232,128,104.11,104.11,0,0,0,128,24Zm0,192a88,88,0,1,1,88-88A88.1,88.1,0,0,1,128,216Zm16-40a8,8,0,0,1-8,8,16,16,0,0,1-16-16V128a8,8,0,0,1,0-16,16,16,0,0,1,16,16v40A8,8,0,0,1,144,176ZM112,84a12,12,0,1,1,12,12A12,12,0,0,1,112,84Z\"><\/path><\/svg><svg xmlns=\"http:\/\/www.w3.org\/2000\/svg\" class=\"close_icon\" width=\"28\" height=\"28\" fill=\"#FFF\" viewBox=\"0 0 256 256\"><path d=\"M165.66,101.66,139.31,128l26.35,26.34a8,8,0,0,1-11.32,11.32L128,139.31l-26.34,26.35a8,8,0,0,1-11.32-11.32L116.69,128,90.34,101.66a8,8,0,0,1,11.32-11.32L128,116.69l26.34-26.35a8,8,0,0,1,11.32,11.32ZM232,128A104,104,0,1,1,128,24,104.11,104.11,0,0,1,232,128Zm-16,0a88,88,0,1,0-88,88A88.1,88.1,0,0,0,216,128Z\"><\/path><\/svg><\/span><\/div>\n\n\n<figcaption class=\"gb-text gb-text-1d7cbf3a\">Des passagers font la queue avec leurs bagages pour monter dans les navettes devant l&rsquo;a\u00e9roport de Ciampino.<\/figcaption>\n<\/figure>\n\n\n\n<p>Des passagers font la queue avec leurs bagages pour monter dans les navettes devant l&rsquo;a\u00e9roport de Ciampino<\/p>\n\n\n\n<p>Si vous s\u00e9journez dans le centre de Rome, le trajet durera moins d&rsquo;une heure : c&rsquo;est de loin la fa\u00e7on la plus \u00e9conomique de rejoindre la ville.<\/p>\n\n\n\n<h4 class=\"wp-block-heading\"><strong>Comment proc\u00e9der :&nbsp;<\/strong><\/h4>\n\n\n\n<p>Aux arriv\u00e9es, vous trouverez une rang\u00e9e de guichets de vente de billets de bus sur votre droite.&nbsp;<\/p>\n\n\n\n<p>Le dernier est un bureau officiel d&rsquo;information touristique de Rome o\u00f9 vous pouvez acheter des billets de transport en commun. Si vous pr\u00e9voyez de passer deux pleines journ\u00e9es \u00e0 Rome, pensez \u00e0 un <a href=\"https:\/\/www.rome.info\/fr\/pass-touristiques\/\">pass 48 heures<\/a>, valable sur les bus et le m\u00e9tro.<\/p>\n\n\n\n<p>Vous pouvez \u00e9galement payer sans contact par carte bancaire (ou depuis votre t\u00e9l\u00e9phone) dans le m\u00e9tro et sur la plupart des bus.&nbsp;<\/p>\n\n\n\n<p>Il n&rsquo;est pas possible d&rsquo;acheter des billets \u00e0 bord du bus.&nbsp;<\/p>\n\n\n\n<p><strong>Conseil<\/strong> : Ayez toujours un billet papier sur vous, juste au cas o\u00f9.<\/p>\n\n\n\n<h4 class=\"wp-block-heading\"><strong>Itin\u00e9raire recommand\u00e9&nbsp;<\/strong><\/h4>\n\n\n\n<p>Deux bus locaux vous conduisent \u00e0 une station de m\u00e9tro. Le 520 vous am\u00e8ne \u00e0 Cinecitt\u00e0, sur la ligne A (orange). Le 720 vous conduit \u00e0 la station Laurentina, sur la ligne B (bleue). Je vous recommande le 720 ; voici mon guide \u00e9tape par \u00e9tape :<\/p>\n\n\n\n<p>En sortant du hall des arriv\u00e9es, vous serez orient\u00e9 vers les arr\u00eats de bus. Les bus locaux, ainsi que les cars plus grands (coaches en anglais britannique), partent de diff\u00e9rents quais sur la gauche.<\/p>\n\n\n\n<p>Vous verrez des indications comme celles-ci diss\u00e9min\u00e9es dans l&rsquo;a\u00e9roport et pr\u00e8s des arr\u00eats de bus. Elles ne sont vraiment utiles que si vous savez o\u00f9 vous allez et supposent une connaissance pr\u00e9alable de la g\u00e9ographie romaine.<\/p>\n\n\n\n<p>Attendez \u00e0 l&rsquo;arr\u00eat de bus (le seul) pour le 720. Les bus romains locaux sont rouge vif.&nbsp;<\/p>\n\n\n\n<p>Montez par les portes du milieu et de l&rsquo;arri\u00e8re plut\u00f4t que par l&rsquo;avant.&nbsp;<\/p>\n\n\n\n<p>Les chauffeurs sont s\u00e9par\u00e9s des passagers par une cloison. Ils sont dans leur propre monde, et des panneaux en italien indiquent \u00ab Pri\u00e8re de ne pas parler au conducteur \u00bb. Certains chauffeurs seront n\u00e9anmoins ravis de vous parler.<\/p>\n\n\n\n<p>La plupart des bus sont d\u00e9sormais \u00e9quip\u00e9s de deux modes de validation. L&rsquo;ancien syst\u00e8me, o\u00f9 votre billet s&rsquo;ins\u00e8re dans la machine jaune qui le compost\u00e8re, et le syst\u00e8me moderne o\u00f9 vous tapez simplement votre carte sans contact.&nbsp;<\/p>\n\n\n\n<p><strong>Conseil :<\/strong> Il est prudent d&rsquo;avoir un billet papier sur soi, au cas o\u00f9 la machine serait en panne et qu&rsquo;un contr\u00f4leur peu commode insiste sur la n\u00e9cessit\u00e9 d&rsquo;un billet valide, allant jusqu&rsquo;\u00e0 vous infliger une amende sur-le-champ.&nbsp;<\/p>\n\n\n\n<p>C&rsquo;est l&rsquo;Italie. Attendez-vous \u00e0 du th\u00e9\u00e2tre.&nbsp;&nbsp;<\/p>\n\n\n\n<p>Le bus 720 vous fera traverser des champs, des vignes verdoyantes et des routes semi-rurales cahotantes avant d&rsquo;arriver ici. Laurentina. Un hub de transport postmoderne des ann\u00e9es 80 qui aurait besoin d&rsquo;un coup de jeune. Je ne peux pas promettre que ce sera le d\u00e9but (ou la fin) le plus glamour de vos vacances romaines, mais il vous am\u00e8nera \u00e0 destination.&nbsp;<\/p>\n\n\n\n<p>Laurentina est le dernier arr\u00eat du bus, donc pas de risque de rater votre station. En descendant, traversez vers les grandes colonnes bleues. Marchez vers la partie jaune du b\u00e2timent et l&rsquo;entr\u00e9e de la station de m\u00e9tro se trouvera sur votre droite.<\/p>\n\n\n\n<p>Laurentina, sur la ligne B, est \u00e9galement le terminus de la ligne, donc impossible de prendre la mauvaise direction. Tous les trains vont \u00e0 Termini.<\/p>\n\n\n\n<p>La destination finale du train sera Rebibbia ou Jonio. Si vous s\u00e9journez dans le centre de Rome et n&rsquo;allez pas au-del\u00e0 de Bologne sur la ligne B, peu importe lequel vous prenez. Si vous avez un billet papier du bus, utilisez-le pour passer les portiques du m\u00e9tro. Sinon, tapez \u00e0 nouveau votre carte sans contact.&nbsp;<\/p>\n\n\n\n<p>L&rsquo;autre option est de prendre le 520 jusqu&rsquo;\u00e0 Cinecitt\u00e0. Attention : Cinecitt\u00e0 n&rsquo;est pas le terminus, donc v\u00e9rifiez avec un autre passager pour descendre au bon arr\u00eat.&nbsp;<\/p>\n\n\n\n<p>Les Italiens adorent aider les touristes, surtout les personnes \u00e2g\u00e9es. N&rsquo;importe quelle occasion de parler. L&rsquo;arr\u00eat de bus jouxte l&rsquo;entr\u00e9e du m\u00e9tro (descente par des marches). Vous pr\u00e9f\u00e9rerez peut-\u00eatre prendre la ligne A directement si votre h\u00e9bergement est plus proche d&rsquo;une station A.&nbsp;<\/p>\n\n\n\n<h3 class=\"wp-block-heading\">2. <strong>Cars directs<\/strong><\/h3>\n\n\n\n<p>Des compagnies de bus comme Terravision et Roma Airport Bus proposent des liaisons directes vers la <a href=\"https:\/\/www.rome.info\/fr\/transport\/trains\/\">gare Termini<\/a>. Les billets sont en vente dans le hall des arriv\u00e9es. Le trajet dure environ 50 minutes.<\/p>\n\n\n\n<p>Les quais de bus se trouvent \u00e0 gauche de l&rsquo;arr\u00eat des bus locaux, juste en face de vous en sortant de l&rsquo;a\u00e9roport. Vous ne pouvez pas les manquer.&nbsp;<\/p>\n\n\n\n<h3 class=\"wp-block-heading\">3. <strong>Train<\/strong><\/h3>\n\n\n\n<p>Notez qu&rsquo;il n&rsquo;y a pas de service ferroviaire direct desservant cet a\u00e9roport. La gare appel\u00e9e Ciampino sur les cartes de train correspond \u00e0 la ville elle-m\u00eame, qui dispose d&rsquo;un service de navette depuis la gare, le Ciampino Airlink.&nbsp;<\/p>\n\n\n\n<p>Vous pouvez acheter votre billet de navette au guichet des arriv\u00e9es (indiqu\u00e9 ci-dessous). Le trajet jusqu&rsquo;\u00e0 la gare de Ciampino est court, d&rsquo;o\u00f9 vous pourrez prendre un train r\u00e9gional vers <a href=\"https:\/\/www.rome.info\/fr\/transport\/trains\/\">Termini<\/a>.&nbsp;<\/p>\n\n\n\n<p><strong>Conseil<\/strong> : Si vous partez de Ciampino et envisagez de prendre le train r\u00e9gional depuis Termini, un mot d&rsquo;avertissement :<\/p>\n\n\n\n<ul class=\"wp-block-list\">\n<li>Les trains pour Ciampino partent habituellement des quais 20 ou 20B, qui sont tr\u00e8s \u00e9loign\u00e9s des portiques d&rsquo;acc\u00e8s et difficiles \u00e0 localiser parmi la foule en haute saison. Termini est immense.&nbsp;<\/li>\n\n\n\n<li>La navette viendra peut-\u00eatre, en th\u00e9orie, mais sans n\u00e9cessairement respecter l&rsquo;horaire affich\u00e9. Pour plus de s\u00e9r\u00e9nit\u00e9, je recommande une option plus simple.&nbsp;<\/li>\n<\/ul>\n\n\n\n<p>Des cars directs partent r\u00e9guli\u00e8rement de Termini, Via Giovanni Giolitti (sur la droite en faisant face \u00e0 Termini, juste apr\u00e8s le Mercato Centrale Roma). Le paiement s&rsquo;effectue directement aupr\u00e8s du chauffeur.&nbsp;<\/p>\n\n\n\n<h3 class=\"wp-block-heading\">4. <strong>Taxi et Uber<\/strong><\/h3>\n\n\n\n<p>La <a href=\"https:\/\/www.rome.info\/fr\/transport\/taxi\/\">station de taxi<\/a> de l&rsquo;a\u00e9roport se trouve juste apr\u00e8s l&rsquo;arr\u00eat des bus locaux. Ce sont des taxis blancs romains, tous \u00e9quip\u00e9s d&rsquo;un affichage des tarifs fixes sur la porti\u00e8re. Comptez environ 30 euros pour rejoindre le centre de Rome.&nbsp;<\/p>\n\n\n\n<p>Les utilisateurs d&rsquo;Uber seront ravis d&rsquo;apprendre que l&rsquo;application fonctionne bien, mais vous ne gagnerez pas forc\u00e9ment de temps ni d&rsquo;argent par rapport aux taxis locaux, qui acceptent le paiement par carte et sont g\u00e9n\u00e9ralement disponibles en nombre suffisant.&nbsp;<\/p>\n\n\n\n<h2 class=\"wp-block-heading\"><strong>Arriv\u00e9es<\/strong><\/h2>\n\n\n\n<p>L&rsquo;a\u00e9roport \u00e9tant tr\u00e8s petit, vous devrez descendre de l&rsquo;avion par les escaliers.&nbsp;<\/p>\n\n\n\n<p>Il n&rsquo;y a pas de passerelle reliant l&rsquo;avion au terminal. Si vous ou l&rsquo;une des personnes qui vous accompagnent avez des difficult\u00e9s de mobilit\u00e9, gardez cela \u00e0 l&rsquo;esprit. La marche jusqu&rsquo;au b\u00e2timent principal reste courte.&nbsp;<\/p>\n\n\n\n<p>Le contr\u00f4le des passeports est divis\u00e9 entre les ressortissants de l&rsquo;UE disposant d&rsquo;un passeport biom\u00e9trique et tous les autres voyageurs, dont le passeport est contr\u00f4l\u00e9 par la police locale.&nbsp;<\/p>\n\n\n\n<p>Vous passerez ensuite \u00e0 la r\u00e9cup\u00e9ration des bagages, puis dans un hall des arriv\u00e9es tr\u00e8s petit, avec des panneaux de sortie bien indiqu\u00e9s. Sur votre droite, trois guichets permettent d&rsquo;acheter des billets de bus pour Rome.&nbsp;<\/p>\n\n\n\n<h2 class=\"wp-block-heading\"><strong>D\u00e9parts<\/strong><\/h2>\n\n\n\n<p>Les comptoirs d&rsquo;enregistrement se trouvent juste en face de l&rsquo;entr\u00e9e en montant les escaliers ou la rampe. Pas de risque de se tromper de terminal ni de zone d&rsquo;enregistrement.&nbsp;<\/p>\n\n\n\n<p>Tout se trouve au m\u00eame endroit.&nbsp;<\/p>\n\n\n\n<p>Les contr\u00f4les de s\u00e9curit\u00e9 sont situ\u00e9s droit devant, sur la droite en entrant.&nbsp;<\/p>\n\n\n\n<p>Il existe un acc\u00e8s prioritaire, mais pourquoi l&rsquo;utiliser dans un a\u00e9roport de cette taille, c&rsquo;est un myst\u00e8re.<\/p>\n\n\n\n<h2 class=\"wp-block-heading\"><strong>\u00c9quipements<\/strong><\/h2>\n\n\n\n<p>Avant les contr\u00f4les de s\u00e9curit\u00e9, vous trouverez des sanitaires, un McDonald&rsquo;s, un caf\u00e9, un WH Smith (livres, souvenirs et produits de toilette courants) et deux distributeurs automatiques.&nbsp;<\/p>\n\n\n\n<p>C&rsquo;est tout.<\/p>\n\n\n\n<p>Une fois pass\u00e9s les d\u00e9tecteurs de m\u00e9taux, vous trouverez un caf\u00e9 et la possibilit\u00e9 de commander au McDonald&rsquo;s via une application qui vous livre dans des sacs en papier depuis l&rsquo;autre c\u00f4t\u00e9. C&rsquo;\u00e9tait \u00e9trange, mais les gens le faisaient.&nbsp;<\/p>\n\n\n\n<p>Les boutiques hors taxes et les cadeaux de derni\u00e8re minute sont tr\u00e8s limit\u00e9s \u00e0 Ciampino : faites vos achats avant d&rsquo;arriver, sous peine de d\u00e9ception.&nbsp;<\/p>\n\n\n\n<p>Oubliez le luxe du shopping ou l&rsquo;\u00e9talage \u00e9blouissant de cosm\u00e9tiques, parfums et alcools de l&rsquo;a\u00e9roport FCO.&nbsp;<\/p>\n\n\n\n<h2 class=\"wp-block-heading\"><strong>H\u00e9bergement<\/strong><\/h2>\n\n\n\n<p>Il n&rsquo;y a pas d&rsquo;h\u00f4tel d&rsquo;a\u00e9roport \u00e0 proprement parler, mais vous trouverez un large choix \u00e0 proximit\u00e9 dans la petite ville de Ciampino.&nbsp;<\/p>\n\n\n\n<p>Deux m&rsquo;ont particuli\u00e8rement marqu\u00e9 :<\/p>\n\n\n\n<p><a href=\"https:\/\/villa-giulia-ciampino.worhot.com\/\" rel=\"noopener\">L&rsquo;Hotel Villa Giulia<\/a> est \u00e0 distance de marche de la gare de Ciampino (ville) (pratique si vous arrivez depuis Termini), propose des arriv\u00e9es tardives et se trouve pr\u00e8s de l&rsquo;arr\u00eat de navette a\u00e9roport.&nbsp;<\/p>\n\n\n\n<p><a href=\"https:\/\/en.plazaroomsciampino.com\/\" rel=\"noopener\">Plaza Rooms Ciampino<\/a> est tout aussi bien \u00e9quip\u00e9, avec petit-d\u00e9jeuner gratuit et WiFi, \u00e0 quelques minutes \u00e0 pied de l&rsquo;arr\u00eat de navette a\u00e9roport.&nbsp;<\/p>\n\n\n\n<h3 class=\"wp-block-heading\"><strong>Puis-je dormir \u00e0 l&rsquo;a\u00e9roport ?&nbsp;<\/strong><\/h3>\n\n\n\n<p>Si votre vol est tr\u00e8s t\u00f4t le matin, vous \u00eates d\u00e9sormais autoris\u00e9 \u00e0 passer la nuit dans la zone d&rsquo;attente limit\u00e9e juste avant le contr\u00f4le de s\u00e9curit\u00e9. Il y a le WiFi, quelques distributeurs automatiques et un ou deux Carabinieri qui font des rondes pour assurer la s\u00e9curit\u00e9.&nbsp;<\/p>\n\n\n\n<p>Il y a quelques ann\u00e9es, pendant la pand\u00e9mie, ce n&rsquo;\u00e9tait pas le cas. Certains chauffeurs de bus et de taxi, sans parler de nombreux sites web, n&rsquo;ont pas encore \u00e9t\u00e9 inform\u00e9s et vous diront peut-\u00eatre d&rsquo;un ton alarmiste que l&rsquo;a\u00e9roport est ferm\u00e9 de minuit \u00e0 4h. J&rsquo;ai appris \u00e0 mes d\u00e9pens qu&rsquo;ils avaient tort. Je l&rsquo;ai mis sur le compte d&rsquo;une \u00ab d\u00e9sinformation bienveillante \u00bb, ph\u00e9nom\u00e8ne assez courant en Italie, mais qui fait partie du charme.&nbsp;<\/p>\n\n\n\n<h2 class=\"wp-block-heading\"><strong>Attractions \u00e0 proximit\u00e9<\/strong><\/h2>\n\n\n\n<p>Nous sommes en Italie, il ne devrait donc pas vous surprendre d&rsquo;apprendre que vous \u00eates toujours \u00e0 deux pas de quelque chose de merveilleux. Le probl\u00e8me, c&rsquo;est d&rsquo;y acc\u00e9der ! Nous sommes en \u00ab territoire voiture \u00bb, mais ne d\u00e9sesp\u00e9rez pas : j&rsquo;ai s\u00e9lectionn\u00e9 quelques options accessibles.&nbsp;<\/p>\n\n\n\n<p>Si votre escale \u00e0 Ciampino est trop courte pour justifier une autre journ\u00e9e \u00e0 Rome, voici quelques id\u00e9es.<\/p>\n\n\n\n<h3 class=\"wp-block-heading\"><strong>Castel Gandolfo<\/strong><\/h3>\n\n\n\n<h4 class=\"wp-block-heading\"><strong>Pourquoi y aller ?<\/strong><\/h4>\n\n\n\n<p>Si c&rsquo;est assez bien pour le Pape, c&rsquo;est assez bien pour vous ! Castel Gandolfo, sur les rives du lac Albano, est une vraie perle. Une courte descente \u00e0 pied depuis la gare m\u00e8ne au lac, avec des vues charmantes et d&rsquo;innombrables petits endroits o\u00f9 manger.<\/p>\n\n\n\n<h4 class=\"wp-block-heading\"><strong>Comment y aller ?&nbsp;<\/strong><\/h4>\n\n\n\n<p>Prendre le bus Ciampino Airlink jusqu&rsquo;\u00e0 la gare de Ciampino.<\/p>\n\n\n\n<p>Prendre le train r\u00e9gional jusqu&rsquo;\u00e0 Castel Gandolfo.<\/p>\n\n\n\n<p>Dur\u00e9e du trajet : moins d&rsquo;une heure.<\/p>\n\n\n\n<h3 class=\"wp-block-heading\"><strong>Frascati<\/strong><\/h3>\n\n\n\n<h4 class=\"wp-block-heading\"><strong>Pourquoi y aller ?<\/strong><\/h4>\n\n\n\n<p>Frascati est c\u00e9l\u00e8bre pour son vin.&nbsp;<\/p>\n\n\n\n<p>Il vous en faut plus ? C&rsquo;est aussi une belle petite ville avec une histoire riche, de bons restaurants, des \u00e9glises et des piazzas. J&rsquo;enfonce des portes ouvertes, mais c&rsquo;est simplement la v\u00e9rit\u00e9 !<\/p>\n\n\n\n<h4 class=\"wp-block-heading\"><strong>Comment y aller ?<\/strong><\/h4>\n\n\n\n<p>Deux options :&nbsp;<\/p>\n\n\n\n<ol class=\"wp-block-list\">\n<li>Prendre le bus Ciampino Airlink jusqu&rsquo;\u00e0 la gare de Ciampino, puis le train r\u00e9gional jusqu&rsquo;\u00e0 Frascati.<\/li>\n\n\n\n<li>Prendre le bus local 520 jusqu&rsquo;\u00e0 la gare de Capannelle, puis le train r\u00e9gional jusqu&rsquo;\u00e0 Frascati.<\/li>\n<\/ol>\n\n\n\n<p>Dur\u00e9e du trajet : moins d&rsquo;une heure.<\/p>\n","protected":false},"excerpt":{"rendered":"","protected":false},"author":9,"featured_media":1249,"parent":1080,"menu_order":0,"comment_status":"closed","ping_status":"closed","template":"","meta":{"_acf_changed":false,"footnotes":"","button_url":"https:\/\/www.tiqets.com\/fr\/airport-transfer-rome-ciampino-l205408\/?partner=romeinfo","ms_product_id":"","ms_product_name":"","ms_price":"","ms_currency":"","ms_rating_value":"","ms_review_count":"","rank_math_title":"A\u00e9roport Ciampino (CIA) Rome \u2013 Ce qu'il faut savoir avant d'atterrir","rank_math_description":"Vous arrivez \u00e0 Ciampino ? Apprenez comment rejoindre Rome rapidement, o\u00f9 prendre le bus et \u00e0 quoi vous attendre dans ce petit mais tr\u00e8s fr\u00e9quent\u00e9 a\u00e9roport."},"post-style":[],"producer":[22],"class_list":["post-1114","page","type-page","status-publish","has-post-thumbnail"],"acf":[],"product_schema":{"ms_product_id":"","ms_product_name":"","ms_price":"","ms_currency":"","ms_rating_value":"","ms_review_count":""},"_links":{"self":[{"href":"https:\/\/www.rome.info\/fr\/wp-json\/wp\/v2\/pages\/1114","targetHints":{"allow":["GET"]}}],"collection":[{"href":"https:\/\/www.rome.info\/fr\/wp-json\/wp\/v2\/pages"}],"about":[{"href":"https:\/\/www.rome.info\/fr\/wp-json\/wp\/v2\/types\/page"}],"author":[{"embeddable":true,"href":"https:\/\/www.rome.info\/fr\/wp-json\/wp\/v2\/users\/9"}],"replies":[{"embeddable":true,"href":"https:\/\/www.rome.info\/fr\/wp-json\/wp\/v2\/comments?post=1114"}],"version-history":[{"count":1,"href":"https:\/\/www.rome.info\/fr\/wp-json\/wp\/v2\/pages\/1114\/revisions"}],"predecessor-version":[{"id":1146,"href":"https:\/\/www.rome.info\/fr\/wp-json\/wp\/v2\/pages\/1114\/revisions\/1146"}],"up":[{"embeddable":true,"href":"https:\/\/www.rome.info\/fr\/wp-json\/wp\/v2\/pages\/1080"}],"wp:featuredmedia":[{"embeddable":true,"href":"https:\/\/www.rome.info\/fr\/wp-json\/wp\/v2\/media\/1249"}],"wp:attachment":[{"href":"https:\/\/www.rome.info\/fr\/wp-json\/wp\/v2\/media?parent=1114"}],"wp:term":[{"taxonomy":"post-style","embeddable":true,"href":"https:\/\/www.rome.info\/fr\/wp-json\/wp\/v2\/post-style?post=1114"},{"taxonomy":"producer","embeddable":true,"href":"https:\/\/www.rome.info\/fr\/wp-json\/wp\/v2\/producer?post=1114"}],"curies":[{"name":"wp","href":"https:\/\/api.w.org\/{rel}","templated":true}]}}