{"id":1112,"date":"2026-04-21T11:24:39","date_gmt":"2026-04-21T11:24:39","guid":{"rendered":"https:\/\/www.rome.info\/fr\/?page_id=1112"},"modified":"2026-04-21T12:09:02","modified_gmt":"2026-04-21T12:09:02","slug":"pass-de-transport","status":"publish","type":"page","link":"https:\/\/www.rome.info\/fr\/transport\/pass-de-transport\/","title":{"rendered":"Pass de transport \u00e0 Rome"},"content":{"rendered":"\n<p class=\"is-style-lead\">Vous cherchez \u00e0 tirer le meilleur parti de vos <a href=\"https:\/\/www.rome.info\/fr\/transport\/transports-en-commun\/\">billets de transport en commun<\/a> \u00e0 Rome ? Nous vous pr\u00e9sentons les <a href=\"https:\/\/www.rome.info\/fr\/pass-touristiques\/\">diff\u00e9rents pass disponibles<\/a>, en analysant le prix, la validit\u00e9 et leur utilisation, pour vous aider \u00e0 trouver le billet adapt\u00e9 \u00e0 votre s\u00e9jour.<\/p>\n\n\n\n<div data-tiqets-widget=\"discovery\" data-cards-layout=\"responsive\" data-slug-ids=\"pro974091,pro975066,pro975058\" data-partner=\"romeinfo\"><\/div>\n\n\n\n<h2 class=\"wp-block-heading\">Types de pass de transport \u00e0 Rome<\/h2>\n\n\n\n<h3 class=\"wp-block-heading\">Pass hebdomadaire ATAC<\/h3>\n\n\n\n<p>Si vous souhaitez une utilisation illimit\u00e9e du r\u00e9seau de <a href=\"https:\/\/www.rome.info\/fr\/transport\/transports-en-commun\/\">transport en commun<\/a> de la Ville \u00c9ternelle, comprenant le <a href=\"https:\/\/www.rome.info\/fr\/transport\/transports-en-commun\/metro\/\">m\u00e9tro<\/a>, les <a href=\"https:\/\/www.rome.info\/fr\/transport\/transports-en-commun\/bus\/\">bus<\/a>, les <a href=\"https:\/\/www.rome.info\/fr\/transport\/transports-en-commun\/tram\/\">trams<\/a> et certains <a href=\"https:\/\/www.rome.info\/fr\/transport\/trains\/\">trains<\/a> urbains, pendant une semaine compl\u00e8te, ce pass ATAC est fait pour vous.<\/p>\n\n\n\n<p>Une fois valid\u00e9, vous pouvez l&rsquo;utiliser pendant sept jours complets (jusqu&rsquo;\u00e0 minuit le dernier jour). Avec ce pass, prenez le m\u00e9tro et les bus sans vous soucier d&rsquo;acheter plusieurs billets ou de courir en chercher un avant de partir.<\/p>\n\n\n\n<p>Gardez \u00e0 l&rsquo;esprit que vous devrez utiliser les transports en commun assez fr\u00e9quemment pour que ce pass soit rentable. Avec un seul billet et une grande partie du centre historique de Rome praticable \u00e0 pied, il est rare que le pass hebdomadaire couvre son co\u00fbt.<\/p>\n\n\n\n<h3 class=\"wp-block-heading\"><a href=\"https:\/\/www.rome.info\/fr\/pass-touristiques\/roma-pass\/\" data-type=\"link\" data-id=\"https:\/\/www.rome.info\/fr\/pass-touristiques\/roma-pass\/\">Roma Pass<\/a><\/h3>\n\n\n\n<img decoding=\"async\" class=\"gb-media-b35be23e\" alt=\"\" src=\"https:\/\/www.rome.info\/wp-content\/uploads\/roma-pass-1747300131.jpg\" title=\"roma-pass-1747300131\"\/>\n\n\n\n<p>Le pass touristique au meilleur rapport qualit\u00e9-prix de Rome inclut l&rsquo;utilisation illimit\u00e9e des transports en commun dans son tarif. Disponible uniquement en version deux ou trois jours, vous pouvez n\u00e9anmoins en faire beaucoup pendant cette p\u00e9riode. Si vous n&rsquo;\u00eates \u00e0 Rome que pour un week-end, c&rsquo;est la dur\u00e9e id\u00e9ale.<\/p>\n\n\n\n<p>Le Roma Pass vous donne acc\u00e8s \u00e0 deux grands sites, ainsi que des prix r\u00e9duits sur de nombreuses autres <a href=\"https:\/\/www.rome.info\/fr\/attractions\/\">attractions<\/a> et <a href=\"https:\/\/www.rome.info\/fr\/attractions\/t\/musees\/\">mus\u00e9es<\/a>. Le meilleur rapport qualit\u00e9-prix reste le Roma Pass 48 heures.<\/p>\n\n\n\n<p>Si vous pr\u00e9voyez de toute fa\u00e7on de visiter les <a href=\"https:\/\/www.rome.info\/fr\/attractions\/\">attractions<\/a> figurant sur le Roma Pass, le choix s&rsquo;impose. Vous pouvez acheter le pass en ligne, mais le plus simple est de le r\u00e9cup\u00e9rer dans un office de tourisme en ville.<\/p>\n\n\n\n<p><a href=\"https:\/\/www.rome.info\/fr\/pass-touristiques\/roma-pass\/\" data-type=\"link\" data-id=\"https:\/\/www.rome.info\/fr\/pass-touristiques\/roma-pass\/\">D\u00e9couvrez tous les avantages du Roma Pass -><\/a><\/p>\n\n\n\n<h3 class=\"wp-block-heading\">MetroBus<\/h3>\n\n\n\n<p>Si le pass hebdomadaire est trop long mais que vous souhaitez tout de m\u00eame profiter de l&rsquo;utilisation illimit\u00e9e, un pass MetroBus peut \u00eatre la solution id\u00e9ale.<\/p>\n\n\n\n<p>Vous pouvez acheter un pass MetroBus d&rsquo;un jour, deux jours ou trois jours, qui vous donnent tous acc\u00e8s \u00e0 l&rsquo;utilisation illimit\u00e9e des <a href=\"https:\/\/www.rome.info\/fr\/transport\/transports-en-commun\/bus\/\">bus<\/a>, <a href=\"https:\/\/www.rome.info\/fr\/transport\/transports-en-commun\/tram\/\">trams<\/a> et <a href=\"https:\/\/www.rome.info\/fr\/transport\/transports-en-commun\/metro\/\">m\u00e9tro<\/a>, ainsi que certaines lignes de trains urbains pendant la dur\u00e9e du billet.<\/p>\n\n\n\n<p>Comme pour le pass hebdomadaire, ces options ne sont souvent pas rentables \u00e0 moins d&rsquo;utiliser beaucoup les transports en commun, par exemple si vous logez en dehors du centre.<\/p>\n\n\n\n<h3 class=\"wp-block-heading\">BIT<\/h3>\n\n\n\n<p>Un billet simple BIT suffit pour la plupart des trajets \u00e0 Rome, car il est valable 100 minutes apr\u00e8s validation (et tr\u00e8s peu de trajets dans la ville durent plus longtemps). Vous pouvez m\u00eame changer de ligne de bus avec le m\u00eame billet, tant que vous restez dans le d\u00e9lai de 100 minutes.<\/p>\n\n\n\n<p>Si le trajet le n\u00e9cessite, vous pouvez prendre le m\u00e9tro puis un bus, mais il est important de retenir qu&rsquo;une fois sorti du m\u00e9tro par le portillon, vous ne pouvez plus y revenir, m\u00eame si votre billet est encore valide.<\/p>\n\n\n\n<p>Le billet BIT est excellent rapport qualit\u00e9-prix. Utilisable dans les bus, trams, m\u00e9tro et certains trains urbains, nombreux sont les visiteurs qui n&#8217;empruntent les transports que une ou deux fois par jour. Pour eux, le billet BIT est sans conteste le meilleur choix.<\/p>\n\n\n\n<p>Il est toutefois l\u00e9g\u00e8rement moins pratique qu&rsquo;un pass multi-jours, car vous devrez acheter plusieurs billets et peut-\u00eatre vous d\u00e9tourner pour trouver un Tabacchi, ce qui peut \u00eatre g\u00eanant quand vous courez attraper un bus !<\/p>\n\n\n\n<h2 class=\"wp-block-heading\">Informations g\u00e9n\u00e9rales<\/h2>\n\n\n\n<h3 class=\"wp-block-heading\">O\u00f9 acheter ?<\/h3>\n\n\n\n<p>Comme mentionn\u00e9, les stations de m\u00e9tro, les grands arr\u00eats de bus et les bureaux de tabac sont de bons endroits pour acheter des billets. Les Tabacchi sont des buralistes signal\u00e9s par un panneau \u00ab T \u00bb. Dans les stations de m\u00e9tro, vous pouvez utiliser un distributeur automatique ou, s&rsquo;il y en a un, aller au guichet.<\/p>\n\n\n\n<p>Il est important de rappeler qu&rsquo;il est impossible d&rsquo;acheter des billets \u00e0 bord.<\/p>\n\n\n\n<p>Pour le <a href=\"https:\/\/www.tiqets.com\/fr\/rome-attractions-c71631\/tickets-for-roma-pass-p974091\/?partner=romeinfo\" rel=\"noopener\">Roma Pass<\/a>, cherchez n&rsquo;importe quel office de tourisme. Vous pouvez acheter un billet en ligne, mais cela complique un peu la r\u00e9cup\u00e9ration de votre billet physique.<\/p>\n\n\n\n<h3 class=\"wp-block-heading\">Quels moyens de transport sont inclus ?<\/h3>\n\n\n\n<p>Les bus, trams, le m\u00e9tro et certaines lignes urbaines font partie du r\u00e9seau de transports en commun. Consultez le site Atac pour v\u00e9rifier si vous voyagez en dehors du centre.<\/p>\n\n\n\n<h3 class=\"wp-block-heading\">Peut-on payer sans contact ou acheter des billets sur son t\u00e9l\u00e9phone ?<\/h3>\n\n\n\n<p>Les paiements sans contact sont de plus en plus r\u00e9pandus dans les grandes villes. Cette tendance n&rsquo;a malheureusement pas encore totalement gagn\u00e9 Rome, une ville antique apr\u00e8s tout ! Vous ne pouvez pas acheter vos billets de bus et de tram en tapant simplement votre carte. C&rsquo;est en revanche possible pour le m\u00e9tro : n&rsquo;oubliez pas de retaper votre carte au portillon de sortie.<\/p>\n\n\n\n<p>Les e-tickets sont une autre option : vous pouvez acheter billets et pass via une application comme <a href=\"http:\/\/www.mycicero.eu\/trasporto\/index.html\" rel=\"noopener\">myCicero<\/a>. Cela vous \u00e9vite de courir acheter un billet et est plus facile \u00e0 g\u00e9rer qu&rsquo;une version papier !<\/p>\n\n\n\n<h2 class=\"wp-block-heading\">Utilisation<\/h2>\n\n\n\n<p>Pour la plupart des visiteurs \u00e0 Rome, il n&rsquo;est pas aussi simple que de taper une carte \u00e0 l&rsquo;entr\u00e9e et \u00e0 la sortie. L\u00e0 o\u00f9 un billet a une dur\u00e9e de validit\u00e9, il y a mati\u00e8re \u00e0 confusion.<\/p>\n\n\n\n<h3 class=\"wp-block-heading\">Comment activer et valider votre billet ?<\/h3>\n\n\n\n<p>Commen\u00e7ons par le billet le plus courant, le BIT. Une fois valid\u00e9, vous pouvez voyager en transports en commun pendant 100 minutes.<\/p>\n\n\n\n<p>La validation est la plus simple dans le m\u00e9tro : il suffit de passer par l&rsquo;un des tourniquets. Dans les bus et les trams, rep\u00e9rez une petite machine jaune \u00e0 bord ; ins\u00e9rez votre billet pour qu&rsquo;il soit horodat\u00e9, ce qui signifie que votre billet est maintenant valid\u00e9. Si vous avez un e-ticket, un billet simple pour le bus doit \u00eatre valid\u00e9 en scannant un code QR.<\/p>\n\n\n\n<p>Pour les autres pass multi-jours, vous devrez \u00e9galement les composter (ou les passer par un portillon de m\u00e9tro) pour les activer. Une fois un pass valid\u00e9, vous n&rsquo;avez plus besoin de le revalider \u00e0 chaque mont\u00e9e : gardez-le simplement sur vous, pr\u00eat \u00e0 montrer aux contr\u00f4leurs.<\/p>\n\n\n\n<p>Le Roma Pass est valable d\u00e8s sa premi\u00e8re utilisation (qui peut \u00eatre l&rsquo;entr\u00e9e dans une attraction si cela pr\u00e9c\u00e8de l&rsquo;utilisation des transports en commun) et doit \u00eatre gard\u00e9 sur vous \u00e0 tout moment, comme les pass multi-jours.<\/p>\n\n\n\n<h2 class=\"wp-block-heading\">Conseils pour utiliser les pass de transport de Rome<\/h2>\n\n\n\n<p>Voici quelques conseils pour tirer le meilleur parti du billet que vous choisissez :<\/p>\n\n\n\n<ul class=\"wp-block-list\">\n<li><strong>Ne surestimez pas vos besoins en transport.<\/strong> Une grande partie de Rome est praticable \u00e0 pied, surtout si vous restez dans le centre historique. Ne supposez pas que le pass hebdomadaire sera le plus rentable si vous pr\u00e9voyez seulement de voir les grands sites. Vous pourriez l&rsquo;utiliser bien moins que pr\u00e9vu !<\/li>\n\n\n\n<li><strong>N&rsquo;oubliez jamais de valider.<\/strong> Votre billet ne sera pas v\u00e9rifi\u00e9 \u00e0 chaque trajet, mais les contr\u00f4les sont r\u00e9guliers. Avoir simplement un billet ne suffit pas \u00e0 \u00e9viter une amende \u00e9lev\u00e9e : vous devez \u00e9galement le valider.<\/li>\n\n\n\n<li><strong>Gardez votre pass en lieu s\u00fbr.<\/strong> Cela semble \u00e9vident, mais un petit billet papier peut facilement tomber de votre sac ou rester \u00e0 l&rsquo;h\u00f4tel si vous l&rsquo;utilisez sur plusieurs jours. Un petit sac bandouli\u00e8re est toujours une bonne id\u00e9e pour plus de s\u00e9curit\u00e9 contre les pickpockets.<\/li>\n\n\n\n<li><strong>Achetez plusieurs billets simples en une fois.<\/strong> Si vous n&rsquo;utilisez que des billets BIT (la meilleure option pour la plupart des visiteurs), achetez-en plusieurs d&rsquo;un coup. Avoir quelques billets en r\u00e9serve vous \u00e9vitera de chercher un Tabacchi en courant vers l&rsquo;arr\u00eat de bus.<\/li>\n\n\n\n<li><strong>Le Roma Pass pour les nouveaux visiteurs.<\/strong> Si vous venez \u00e0 Rome pour la premi\u00e8re fois et pr\u00e9voyez de visiter les grands sites, envisagez le Roma Pass. Il ne sera peut-\u00eatre pas rentable pour les visiteurs exp\u00e9riment\u00e9s, mais il offre un excellent rapport qualit\u00e9-prix si vous pr\u00e9voyez d&rsquo;aller aux attractions de toute fa\u00e7on.<\/li>\n<\/ul>\n","protected":false},"excerpt":{"rendered":"","protected":false},"author":9,"featured_media":1031,"parent":1079,"menu_order":0,"comment_status":"closed","ping_status":"closed","template":"","meta":{"_acf_changed":false,"footnotes":"","button_url":"https:\/\/www.tiqets.com\/fr\/rome-city-cards-l201350\/?partner=romeinfo","ms_product_id":"","ms_product_name":"","ms_price":"","ms_currency":"","ms_rating_value":"","ms_review_count":"","rank_math_title":"Passes et billets de transport \u00e0 Rome : Lequel devriez-vous acheter ?","rank_math_description":"D\u00e9couvrez les meilleurs passes de transport en commun \u00e0 Rome. Comparez les billets ATAC, Roma Pass, MetroBus et BIT pour trouver l'option parfaite pour votre voyage."},"post-style":[],"producer":[27],"class_list":["post-1112","page","type-page","status-publish","has-post-thumbnail"],"acf":[],"product_schema":{"ms_product_id":"","ms_product_name":"","ms_price":"","ms_currency":"","ms_rating_value":"","ms_review_count":""},"_links":{"self":[{"href":"https:\/\/www.rome.info\/fr\/wp-json\/wp\/v2\/pages\/1112","targetHints":{"allow":["GET"]}}],"collection":[{"href":"https:\/\/www.rome.info\/fr\/wp-json\/wp\/v2\/pages"}],"about":[{"href":"https:\/\/www.rome.info\/fr\/wp-json\/wp\/v2\/types\/page"}],"author":[{"embeddable":true,"href":"https:\/\/www.rome.info\/fr\/wp-json\/wp\/v2\/users\/9"}],"replies":[{"embeddable":true,"href":"https:\/\/www.rome.info\/fr\/wp-json\/wp\/v2\/comments?post=1112"}],"version-history":[{"count":2,"href":"https:\/\/www.rome.info\/fr\/wp-json\/wp\/v2\/pages\/1112\/revisions"}],"predecessor-version":[{"id":1267,"href":"https:\/\/www.rome.info\/fr\/wp-json\/wp\/v2\/pages\/1112\/revisions\/1267"}],"up":[{"embeddable":true,"href":"https:\/\/www.rome.info\/fr\/wp-json\/wp\/v2\/pages\/1079"}],"wp:featuredmedia":[{"embeddable":true,"href":"https:\/\/www.rome.info\/fr\/wp-json\/wp\/v2\/media\/1031"}],"wp:attachment":[{"href":"https:\/\/www.rome.info\/fr\/wp-json\/wp\/v2\/media?parent=1112"}],"wp:term":[{"taxonomy":"post-style","embeddable":true,"href":"https:\/\/www.rome.info\/fr\/wp-json\/wp\/v2\/post-style?post=1112"},{"taxonomy":"producer","embeddable":true,"href":"https:\/\/www.rome.info\/fr\/wp-json\/wp\/v2\/producer?post=1112"}],"curies":[{"name":"wp","href":"https:\/\/api.w.org\/{rel}","templated":true}]}}