{"id":1111,"date":"2026-04-21T11:24:38","date_gmt":"2026-04-21T11:24:38","guid":{"rendered":"https:\/\/www.rome.info\/fr\/?page_id=1111"},"modified":"2026-04-21T11:24:38","modified_gmt":"2026-04-21T11:24:38","slug":"trains","status":"publish","type":"page","link":"https:\/\/www.rome.info\/fr\/transport\/trains\/","title":{"rendered":"Trains \u00e0 Rome"},"content":{"rendered":"\n<figure><div class=\"ms-credits\">\n<img decoding=\"async\" class=\"gb-media-541fa23f\" alt=\"La foule qui entre dans la gare Roma Termini.\" src=\"https:\/\/www.rome.info\/wp-content\/uploads\/rome-termini-station-entrance-1747627223.jpg\" title=\"rome-termini-station-entrance-1747627223\" \/>\n<span class='ms-credits__info' id='media2912'><svg xmlns=\"http:\/\/www.w3.org\/2000\/svg\" width=\"20\" height=\"22\" fill=\"#000000\" viewBox=\"0 0 256 256\"><path d=\"M128,24A104,104,0,1,0,232,128,104.11,104.11,0,0,0,128,24Zm0,192a88,88,0,1,1,88-88A88.1,88.1,0,0,1,128,216ZM96,128a32,32,0,0,0,57.6,19.2,8,8,0,0,1,12.8,9.61,48,48,0,1,1,0-57.62,8,8,0,0,1-12.8,9.61A32,32,0,0,0,96,128Z\"><\/path><\/svg> | a_medvedkov<a href=https:\/\/depositphotos.com\/editorial\/roma-termini-station-181774346.html rel='nofollow' target='_blank'>Depositphotos<\/a><\/span><span class='ms-credits__btn' id='btn_media2912' onclick='ms_credits_trigger(\"#media2912\", this)'><svg xmlns=\"http:\/\/www.w3.org\/2000\/svg\" class=\"info_icon\" width=\"28\" height=\"28\" fill=\"#FFF\" viewBox=\"0 0 256 256\"><path d=\"M128,24A104,104,0,1,0,232,128,104.11,104.11,0,0,0,128,24Zm0,192a88,88,0,1,1,88-88A88.1,88.1,0,0,1,128,216Zm16-40a8,8,0,0,1-8,8,16,16,0,0,1-16-16V128a8,8,0,0,1,0-16,16,16,0,0,1,16,16v40A8,8,0,0,1,144,176ZM112,84a12,12,0,1,1,12,12A12,12,0,0,1,112,84Z\"><\/path><\/svg><svg xmlns=\"http:\/\/www.w3.org\/2000\/svg\" class=\"close_icon\" width=\"28\" height=\"28\" fill=\"#FFF\" viewBox=\"0 0 256 256\"><path d=\"M165.66,101.66,139.31,128l26.35,26.34a8,8,0,0,1-11.32,11.32L128,139.31l-26.34,26.35a8,8,0,0,1-11.32-11.32L116.69,128,90.34,101.66a8,8,0,0,1,11.32-11.32L128,116.69l26.34-26.35a8,8,0,0,1,11.32,11.32ZM232,128A104,104,0,1,1,128,24,104.11,104.11,0,0,1,232,128Zm-16,0a88,88,0,1,0-88,88A88.1,88.1,0,0,0,216,128Z\"><\/path><\/svg><\/span><\/div>\n\n\n<figcaption class=\"gb-text\">Le principal hub ferroviaire de Rome, la gare Termini.<\/figcaption>\n<\/figure>\n\n\n\n<p class=\"is-style-lead\">Les trains ne seront peut-\u00eatre pas votre premier mode de transport \u00e0 Rome, mais il vaut la peine de se familiariser avec le r\u00e9seau.<\/p>\n\n\n\n<p class=\"is-style-default\">Que vous souhaitiez explorer l&rsquo;Italie plus loin ou simplement rejoindre le centre depuis l&rsquo;a\u00e9roport, il est utile de conna\u00eetre le r\u00e9seau ferroviaire de la ville.<\/p>\n\n\n\n<h2 class=\"wp-block-heading\">Les gares ferroviaires de Rome<\/h2>\n\n\n\n<p>Sans surprise, les gares ferroviaires ordinaires \u00e0 Rome sont bien moins nombreuses que les stations de <a href=\"https:\/\/www.rome.info\/fr\/transport\/transports-en-commun\/metro\/\">m\u00e9tro<\/a>. Il n&rsquo;y en a qu&rsquo;une poign\u00e9e dans le centre de Rome, et encore moins qui pr\u00e9sentent un int\u00e9r\u00eat pour les touristes.<\/p>\n\n\n\n<ul class=\"wp-block-list\">\n<li><strong>La gare Termini<\/strong> est la principale gare de Rome, pr\u00e9sent\u00e9e plus en d\u00e9tail ci-apr\u00e8s. C&rsquo;est celle que la plupart des visiteurs fr\u00e9quenteront, mais il en existe quelques autres que vous pourriez croiser.<\/li>\n\n\n\n<li><strong>La gare de Trastevere.<\/strong> Le quartier verdoyant et boh\u00e8me de Trastevere dispose de sa propre gare, principalement d\u00e9di\u00e9e aux services r\u00e9gionaux et de banlieue. Elle est pratique pour rejoindre ce quartier populaire, non desservi par le m\u00e9tro, et se trouve sur la ligne FL1 depuis l&rsquo;a\u00e9roport de Fiumicino.<\/li>\n\n\n\n<li><strong>La gare d&rsquo;Ostiense.<\/strong> Toute proche, elle se situe \u00e0 courte distance de l&rsquo;autre c\u00f4t\u00e9 du fleuve par rapport \u00e0 Trastevere. Une autre gare, San Paolo, n&rsquo;est qu&rsquo;\u00e0 quelques pas. Les deux desservent des lignes r\u00e9gionales et sont proches de Testaccio et des Thermes de Caracalla.<\/li>\n\n\n\n<li><strong>La gare de Tiburtina.<\/strong> Tiburtina est l&rsquo;une des plus grandes gares de Rome, mais peu de visiteurs la fr\u00e9quentent. Situ\u00e9e un peu plus loin du centre que la plupart des gens ne s&rsquo;aventurent, des trains \u00e0 grande vitesse et des lignes nationales en partent, mais vous partirez plus probablement de Termini.<\/li>\n\n\n\n<li><strong>Porta San Pietro.<\/strong> C&rsquo;est une gare plus petite que les autres, mais San Pietro pr\u00e9sente quelques liaisons de transport utiles. Elle est surtout notable pour son emplacement proche du Vatican, et pour sa liaison avec la ville portuaire de Civitavecchia.<\/li>\n\n\n\n<li><strong>Ostia Antica.<\/strong> Cette petite gare se situe techniquement hors des limites de Rome, mais n&rsquo;est qu&rsquo;\u00e0 30 minutes en train depuis Ostiense. Ostia est une ancienne cit\u00e9 portuaire qui fut un hub commercial majeur de la soci\u00e9t\u00e9 romaine antique. Le court trajet en vaut vraiment la peine.<\/li>\n<\/ul>\n\n\n\n<h2 class=\"wp-block-heading\">Gare Termini<\/h2>\n\n\n\n<p>La gare Termini est la plus grande de Rome et le principal hub de transport de la ville. Si toutes les routes m\u00e8nent \u00e0 Rome, toutes les lignes de train m\u00e8nent \u00e0 la gare Termini, ou presque.<\/p>\n\n\n\n<figure><div class=\"ms-credits\">\n<img decoding=\"async\" class=\"gb-media-59c22d4a\" alt=\"Des voyageurs traversant la zone shopping et restauration de la gare Roma Termini.\" src=\"https:\/\/www.rome.info\/wp-content\/uploads\/rome-termini-shopping-dining-area-1747645636.jpg\" title=\"rome-termini-shopping-dining-area-1747645636\" \/>\n<span class='ms-credits__info' id='media2939'><svg xmlns=\"http:\/\/www.w3.org\/2000\/svg\" width=\"20\" height=\"22\" fill=\"#000000\" viewBox=\"0 0 256 256\"><path d=\"M128,24A104,104,0,1,0,232,128,104.11,104.11,0,0,0,128,24Zm0,192a88,88,0,1,1,88-88A88.1,88.1,0,0,1,128,216ZM96,128a32,32,0,0,0,57.6,19.2,8,8,0,0,1,12.8,9.61,48,48,0,1,1,0-57.62,8,8,0,0,1-12.8,9.61A32,32,0,0,0,96,128Z\"><\/path><\/svg> |  Polifoto<a href=https:\/\/depositphotos.com\/editorial\/rome-italy-june-2023-new-commercial-spaces-have-been-opened-662630218.html rel='nofollow' target='_blank'>Depositphotos<\/a><\/span><span class='ms-credits__btn' id='btn_media2939' onclick='ms_credits_trigger(\"#media2939\", this)'><svg xmlns=\"http:\/\/www.w3.org\/2000\/svg\" class=\"info_icon\" width=\"28\" height=\"28\" fill=\"#FFF\" viewBox=\"0 0 256 256\"><path d=\"M128,24A104,104,0,1,0,232,128,104.11,104.11,0,0,0,128,24Zm0,192a88,88,0,1,1,88-88A88.1,88.1,0,0,1,128,216Zm16-40a8,8,0,0,1-8,8,16,16,0,0,1-16-16V128a8,8,0,0,1,0-16,16,16,0,0,1,16,16v40A8,8,0,0,1,144,176ZM112,84a12,12,0,1,1,12,12A12,12,0,0,1,112,84Z\"><\/path><\/svg><svg xmlns=\"http:\/\/www.w3.org\/2000\/svg\" class=\"close_icon\" width=\"28\" height=\"28\" fill=\"#FFF\" viewBox=\"0 0 256 256\"><path d=\"M165.66,101.66,139.31,128l26.35,26.34a8,8,0,0,1-11.32,11.32L128,139.31l-26.34,26.35a8,8,0,0,1-11.32-11.32L116.69,128,90.34,101.66a8,8,0,0,1,11.32-11.32L128,116.69l26.34-26.35a8,8,0,0,1,11.32,11.32ZM232,128A104,104,0,1,1,128,24,104.11,104.11,0,0,1,232,128Zm-16,0a88,88,0,1,0-88,88A88.1,88.1,0,0,0,216,128Z\"><\/path><\/svg><\/span><\/div>\n\n\n<figcaption class=\"gb-text\">La gare Termini est bien plus qu&rsquo;une simple gare : boutiques, caf\u00e9s et restaurants se r\u00e9partissent sur ses trois niveaux.<\/figcaption>\n<\/figure>\n\n\n\n<p>C&rsquo;est une gare immense qui peut de prime abord ressembler \u00e0 un centre commercial. Ses trois niveaux offrent notamment un espace d\u00e9di\u00e9 \u00e0 la restauration au troisi\u00e8me \u00e9tage : vous pouvez faire du shopping, vous attarder en terrasse d&rsquo;un caf\u00e9 ou prendre un vrai repas. De quoi s&rsquo;occuper agr\u00e9ablement en attendant votre train.<\/p>\n\n\n\n<h3 class=\"wp-block-heading\">Rejoindre Termini depuis l&rsquo;a\u00e9roport<\/h3>\n\n\n\n<p>Pour les visiteurs, la gare Termini sert surtout de point de d\u00e9part pour rejoindre d&rsquo;autres r\u00e9gions d&rsquo;Italie ou l&rsquo;a\u00e9roport, m\u00eame si elle propose \u00e9galement des connexions \u00e0 l&rsquo;int\u00e9rieur de la capitale.<\/p>\n\n\n\n<figure><div class=\"ms-credits\">\n<img decoding=\"async\" class=\"gb-media-64fa6042\" alt=\"Le train Leonardo Express de Trenitalia de type Jazz Alstom Coradia Meridian \u00e0 la gare Roma Fiumicino Aeroporto \u00e0 Rome.\" src=\"https:\/\/www.rome.info\/wp-content\/uploads\/rome-leonardo-express-train-1747627220.jpg\" title=\"rome-leonardo-express-train-1747627220\" \/>\n<span class='ms-credits__info' id='media2911'><svg xmlns=\"http:\/\/www.w3.org\/2000\/svg\" width=\"20\" height=\"22\" fill=\"#000000\" viewBox=\"0 0 256 256\"><path d=\"M128,24A104,104,0,1,0,232,128,104.11,104.11,0,0,0,128,24Zm0,192a88,88,0,1,1,88-88A88.1,88.1,0,0,1,128,216ZM96,128a32,32,0,0,0,57.6,19.2,8,8,0,0,1,12.8,9.61,48,48,0,1,1,0-57.62,8,8,0,0,1-12.8,9.61A32,32,0,0,0,96,128Z\"><\/path><\/svg> | Boarding2Now<a href=https:\/\/depositphotos.com\/editorial\/rome-italy-march-2025-leonardo-express-train-trenitalia-type-jazz-809198202.html rel='nofollow' target='_blank'>Depositphotos<\/a><\/span><span class='ms-credits__btn' id='btn_media2911' onclick='ms_credits_trigger(\"#media2911\", this)'><svg xmlns=\"http:\/\/www.w3.org\/2000\/svg\" class=\"info_icon\" width=\"28\" height=\"28\" fill=\"#FFF\" viewBox=\"0 0 256 256\"><path d=\"M128,24A104,104,0,1,0,232,128,104.11,104.11,0,0,0,128,24Zm0,192a88,88,0,1,1,88-88A88.1,88.1,0,0,1,128,216Zm16-40a8,8,0,0,1-8,8,16,16,0,0,1-16-16V128a8,8,0,0,1,0-16,16,16,0,0,1,16,16v40A8,8,0,0,1,144,176ZM112,84a12,12,0,1,1,12,12A12,12,0,0,1,112,84Z\"><\/path><\/svg><svg xmlns=\"http:\/\/www.w3.org\/2000\/svg\" class=\"close_icon\" width=\"28\" height=\"28\" fill=\"#FFF\" viewBox=\"0 0 256 256\"><path d=\"M165.66,101.66,139.31,128l26.35,26.34a8,8,0,0,1-11.32,11.32L128,139.31l-26.34,26.35a8,8,0,0,1-11.32-11.32L116.69,128,90.34,101.66a8,8,0,0,1,11.32-11.32L128,116.69l26.34-26.35a8,8,0,0,1,11.32,11.32ZM232,128A104,104,0,1,1,128,24,104.11,104.11,0,0,1,232,128Zm-16,0a88,88,0,1,0-88,88A88.1,88.1,0,0,0,216,128Z\"><\/path><\/svg><\/span><\/div>\n\n\n<figcaption class=\"gb-text\">Le Leonardo Express \u00e0 l&rsquo;a\u00e9roport de Fiumicino est la liaison ferroviaire la plus rapide entre l&rsquo;a\u00e9roport et la gare Termini.<\/figcaption>\n<\/figure>\n\n\n\n<p>L&rsquo;a\u00e9roport de <a href=\"https:\/\/www.rome.info\/fr\/aeroports-de-rome\/aeroport-de-fiumicino\/\">Fiumicino<\/a> se trouve \u00e0 35 km, soit environ 30 minutes en train. Le Leonardo Express vous y am\u00e8ne depuis Fiumicino : c&rsquo;est le moyen le plus rapide de rejoindre la gare depuis l&rsquo;a\u00e9roport, mais il co\u00fbte deux fois plus cher que les autres options. Sauf en cas d&rsquo;urgence, \u00e7a ne vaut pas n\u00e9cessairement le co\u00fbt.<\/p>\n\n\n\n<p>Le train r\u00e9gional FL1 ne vous emm\u00e8ne pas directement \u00e0 Termini, mais il rejoint le centre de Rome. Vous pouvez descendre \u00e0 Trastevere, par exemple, et rejoindre le centre \u00e0 pied (ou en taxi).<\/p>\n\n\n\n<h3 class=\"wp-block-heading\">Arrivez en avance<\/h3>\n\n\n\n<p>Si vous partez de la gare Termini, il est conseill\u00e9 d&rsquo;arriver 15 \u00e0 20 minutes avant l&rsquo;heure de d\u00e9part. C&rsquo;est l&rsquo;une des plus grandes gares d&rsquo;Europe : si votre quai se trouve de l&rsquo;autre c\u00f4t\u00e9 de la gare, il vous faudra ce temps suppl\u00e9mentaire pour y acc\u00e9der.<\/p>\n\n\n\n<p>Cela vous permettra \u00e9galement de vous orienter, de consulter les tableaux de d\u00e9part et de trouver votre quai sans stress. Si vous devez retirer votre billet \u00e0 l&rsquo;arriv\u00e9e, pr\u00e9voyez cinq minutes de plus.<\/p>\n\n\n\n<h2 class=\"wp-block-heading\">Types de trains<\/h2>\n\n\n\n<p>En dehors du m\u00e9tro, il existe plusieurs types de trains \u00e0 Rome. La liste peut para\u00eetre intimidante, mais les diff\u00e9rences sont en r\u00e9alit\u00e9 minimes : elles se r\u00e9sument essentiellement \u00e0 la vitesse et \u00e0 la zone desservie.<\/p>\n\n\n\n<ul class=\"wp-block-list\">\n<li><strong>National.<\/strong> Pour les longs trajets, comme Rome-Naples.<\/li>\n\n\n\n<li><strong>Trains \u00e0 grande vitesse.<\/strong> Rome est un hub majeur pour les services de trains \u00e0 grande vitesse en Italie. Des trains comme le Frecciarossa, le Frecciargento et Italo partent des principales gares de Rome.<\/li>\n\n\n\n<li><strong>Trains urbains et de banlieue.<\/strong> Rome dispose de plusieurs lignes ferroviaires urbaines reliant la ville \u00e0 ses banlieues et villes voisines. Ces trains sont surtout utilis\u00e9s par les navetteurs entre les zones r\u00e9sidentielles et les centres-villes, ou par les passagers pour de courtes distances \u00e0 l&rsquo;int\u00e9rieur de la ville. Les nombreux arr\u00eats en font un moyen pas tr\u00e8s rapide.<\/li>\n\n\n\n<li><strong>Trains r\u00e9gionaux.<\/strong> Les trains r\u00e9gionaux sont en quelque sorte un hybride entre les trains locaux de banlieue et les lignes allant un peu plus loin : ils ne s&rsquo;adressent pas uniquement aux navetteurs. La majorit\u00e9 de ces trains sont op\u00e9r\u00e9s par Trenitalia.<\/li>\n\n\n\n<li><strong>Trains Intercity.<\/strong> Les trains Intercity couvrent des distances moyennes \u00e0 longues, reliant les grandes villes et agglom\u00e9rations. Ils offrent une alternative un peu plus lente mais plus abordable aux trains \u00e0 grande vitesse.<\/li>\n<\/ul>\n\n\n\n<figure><div class=\"ms-credits\">\n<img decoding=\"async\" class=\"gb-media-2a404882\" alt=\"Le train Frecciarossa de Trenitalia \u00e0 quai dans une gare de Rome.\" src=\"https:\/\/www.rome.info\/wp-content\/uploads\/rome-frecciarossa-high-speed-train-1747640457.jpg\" title=\"rome-frecciarossa-high-speed-train-1747640457\" \/>\n<span class='ms-credits__info' id='media2927'><svg xmlns=\"http:\/\/www.w3.org\/2000\/svg\" width=\"20\" height=\"22\" fill=\"#000000\" viewBox=\"0 0 256 256\"><path d=\"M128,24A104,104,0,1,0,232,128,104.11,104.11,0,0,0,128,24Zm0,192a88,88,0,1,1,88-88A88.1,88.1,0,0,1,128,216ZM96,128a32,32,0,0,0,57.6,19.2,8,8,0,0,1,12.8,9.61,48,48,0,1,1,0-57.62,8,8,0,0,1-12.8,9.61A32,32,0,0,0,96,128Z\"><\/path><\/svg> | erix2005<a href=https:\/\/depositphotos.com\/editorial\/modern-train-in-rome-train-station-161757442.html rel='nofollow' target='_blank'>Depositphotos<\/a><\/span><span class='ms-credits__btn' id='btn_media2927' onclick='ms_credits_trigger(\"#media2927\", this)'><svg xmlns=\"http:\/\/www.w3.org\/2000\/svg\" class=\"info_icon\" width=\"28\" height=\"28\" fill=\"#FFF\" viewBox=\"0 0 256 256\"><path d=\"M128,24A104,104,0,1,0,232,128,104.11,104.11,0,0,0,128,24Zm0,192a88,88,0,1,1,88-88A88.1,88.1,0,0,1,128,216Zm16-40a8,8,0,0,1-8,8,16,16,0,0,1-16-16V128a8,8,0,0,1,0-16,16,16,0,0,1,16,16v40A8,8,0,0,1,144,176ZM112,84a12,12,0,1,1,12,12A12,12,0,0,1,112,84Z\"><\/path><\/svg><svg xmlns=\"http:\/\/www.w3.org\/2000\/svg\" class=\"close_icon\" width=\"28\" height=\"28\" fill=\"#FFF\" viewBox=\"0 0 256 256\"><path d=\"M165.66,101.66,139.31,128l26.35,26.34a8,8,0,0,1-11.32,11.32L128,139.31l-26.34,26.35a8,8,0,0,1-11.32-11.32L116.69,128,90.34,101.66a8,8,0,0,1,11.32-11.32L128,116.69l26.34-26.35a8,8,0,0,1,11.32,11.32ZM232,128A104,104,0,1,1,128,24,104.11,104.11,0,0,1,232,128Zm-16,0a88,88,0,1,0-88,88A88.1,88.1,0,0,0,216,128Z\"><\/path><\/svg><\/span><\/div>\n\n\n<figcaption class=\"gb-text\">Voici un Frecciarossa, l&rsquo;un des trains les plus rapides d&rsquo;Italie. Id\u00e9al pour les longs trajets, comme Venise ou Naples.<\/figcaption>\n<\/figure>\n\n\n\n<h2 class=\"wp-block-heading\">Billets de train et tarifs<\/h2>\n\n\n\n<p>Comme les autres billets de transport en commun, les tarifs des trains \u00e0 Rome sont tr\u00e8s raisonnables. Ils sont \u00e9galement faciles \u00e0 acheter en gare, aux distributeurs ou, dans les grandes gares, aux guichets. Mais acheter en ligne \u00e0 l&rsquo;avance reste probablement la solution la plus pratique.<\/p>\n\n\n\n<p>La plupart des trains sont op\u00e9r\u00e9s par <a href=\"https:\/\/www.trenitalia.com\/it.html\" rel=\"noopener\">Trenitalia<\/a> : t\u00e9l\u00e9chargez l&rsquo;application et pr\u00e9sentez votre billet sur votre t\u00e9l\u00e9phone. Consultez le site <a href=\"https:\/\/www.italotreno.it\/en\" rel=\"noopener\">Italo<\/a> pour les billets de trains \u00e0 grande vitesse. Pour un voyage plus long, il peut \u00eatre plus simple de r\u00e9server via <a href=\"https:\/\/www.raileurope.com\/\" rel=\"noopener\">Rail Europe<\/a> ou <a href=\"https:\/\/www.italiarail.com\/\" rel=\"noopener\">ItaliaRail<\/a>.<\/p>\n\n\n\n<p>Concernant les options de billets, cela d\u00e9pend de la dur\u00e9e de votre trajet. Pour les trains longue distance, comme Rome-Milan ou Rome-Naples, achetez vos billets \u00e0 l&rsquo;avance pour les prix et la disponibilit\u00e9.<\/p>\n\n\n\n<p>Des r\u00e9ductions sont disponibles pour les moins de 26 ans, les seniors et les \u00e9tudiants, ainsi que pour les familles voyageant ensemble. Consultez le site de la compagnie ferroviaire pour les d\u00e9tails et les tarifs exacts, susceptibles d&rsquo;\u00e9voluer.<\/p>\n\n\n\n<p>Un billet simple ou aller-retour achet\u00e9 le jour m\u00eame est courant pour les trajets courts \u00e0 moyens. Et si la destination entre dans les crit\u00e8res, le classique billet B.I.T. de 100 minutes est valable. \u00c0 seulement 1,50 \u20ac, c&rsquo;est un moyen tr\u00e8s \u00e9conomique de parcourir de courtes distances.<\/p>\n\n\n\n<p>Quelques exemples de destinations couvertes sont Lido di Ostia, Viterbo et Giardinetti.<\/p>\n\n\n\n<h2 class=\"wp-block-heading\">Pass train<\/h2>\n\n\n\n<p>Comme mentionn\u00e9, un nombre limit\u00e9 de lignes de train est inclus dans le r\u00e9seau Atac, le r\u00e9seau de transport public de la ville de Rome.<\/p>\n\n\n\n<p>La plupart des lignes de train ne sont pas incluses dans les principaux <a href=\"https:\/\/www.rome.info\/fr\/pass-touristiques\/\">pass touristiques<\/a>, sauf pour quelques courts trajets en banlieue. Si elles entrent dans le r\u00e9seau de transport de la ville de Rome, elles devraient \u00eatre incluses. V\u00e9rifiez toujours avant d&rsquo;entreprendre un trajet.<\/p>\n\n\n\n<p>Pour les lignes \u00e9ligibles, un <a href=\"https:\/\/www.rome.info\/fr\/pass-touristiques\/roma-pass\/\">Roma Pass<\/a> vous donnera acc\u00e8s \u00e0 des trajets illimit\u00e9s. Cette carte touristique donne acc\u00e8s \u00e0 quelques sites touristiques et un acc\u00e8s illimit\u00e9 au r\u00e9seau de transports en commun de Rome (bus, trams, m\u00e9tro et certains trains). Le pass trois jours est \u00e0 52 \u20ac, tandis que le Roma Pass 42 heures est disponible \u00e0 32 \u20ac.<\/p>\n\n\n\n<p>Les visiteurs souhaitant explorer au-del\u00e0 de Rome et parcourir le pays en train pourraient \u00eatre int\u00e9ress\u00e9s par l&rsquo;Eurail Italy Pass. Ce pass est uniquement valable sur le r\u00e9seau Trenitalia, mais offre des trajets illimit\u00e9s en Italie sur 3, 4, 5 ou 8 jours, utilisables sur une p\u00e9riode d&rsquo;un mois.<\/p>\n\n\n\n<p>Le Trenitalia Pass s&rsquo;adresse aux visiteurs \u00e9trangers voyageant \u00e0 travers l&rsquo;Italie : les prix commencent \u00e0 partir de 129 \u20ac. Le pass exact peut \u00eatre s\u00e9lectionn\u00e9 en fonction de vos besoins : choisissez entre Easy, Comfort et Executive, le nombre de voyages (3, 4, 7 ou 10) et le type de passager (Adulte, Senior ou Jeune). Il est valable sur les Frecce, FrecciaLink, Intercity, Intercity Night et EuroCity Italie-Suisse (uniquement sur les trajets int\u00e9rieurs en Italie).<\/p>\n\n\n\n<h2 class=\"wp-block-heading\">Accessibilit\u00e9<\/h2>\n\n\n\n<p>Rome n&rsquo;a pas le meilleur bilan en mati\u00e8re d&rsquo;accessibilit\u00e9, m\u00eame si la situation s&rsquo;am\u00e9liore.<\/p>\n\n\n\n<p>Pratiquement tous les trains moyennes et longues distances sont accessibles, y compris les lignes Intercity. La situation est moins pr\u00e9visible pour les lignes locales et r\u00e9gionales. La majorit\u00e9 des trains disposent d&rsquo;espaces r\u00e9serv\u00e9s aux fauteuils roulants, mais vous devez pr\u00e9venir la compagnie ferroviaire 24 heures \u00e0 l&rsquo;avance pour en r\u00e9server un. Les voyages de derni\u00e8re minute ne sont gu\u00e8re envisageables.<\/p>\n\n\n\n<p>Les compagnies ferroviaires disposent de lignes t\u00e9l\u00e9phoniques d\u00e9di\u00e9es aux passagers \u00e0 mobilit\u00e9 r\u00e9duite. Prendre contact \u00e0 l&rsquo;avance pour garantir l&rsquo;accessibilit\u00e9 et leur permettre de prendre les dispositions n\u00e9cessaires reste la meilleure approche.<\/p>\n\n\n\n<p>Des ascenseurs pour fauteuils roulants sont pr\u00e9sents dans de nombreuses gares, et des toilettes accessibles se trouvent dans de nombreux trains. Le braille figure sur tous les panneaux des trains accessibles, et les gares font des efforts suppl\u00e9mentaires pour s&rsquo;adapter aux personnes malentendantes ou malvoyantes. Le r\u00e9seau ferroviaire de Rome et d&rsquo;Italie est loin d&rsquo;\u00eatre parfait, mais il a bien progress\u00e9.<\/p>\n\n\n\n<h2 class=\"wp-block-heading\">Questions fr\u00e9quentes<\/h2>\n\n\n\n<h3 class=\"wp-block-heading\">Comment s&rsquo;appelle le r\u00e9seau ferroviaire de Rome ?<\/h3>\n\n\n\n<p>\u00c0 ne pas confondre avec le m\u00e9tro de Rome, le r\u00e9seau ferroviaire n&rsquo;a pas de nom propre. Les lignes ont des noms comme FL1, ou sont qualifi\u00e9es de \u00ab locales \u00bb ou \u00ab r\u00e9gionales \u00bb. La plupart sont op\u00e9r\u00e9es par Trenitalia, et certains y font r\u00e9f\u00e9rence par le nom de la compagnie.<\/p>\n\n\n\n<h3 class=\"wp-block-heading\">Quelle est la meilleure gare de Rome ?<\/h3>\n\n\n\n<p>La notion de \u00ab meilleure \u00bb est subjective, mais la plus grande est Termini, qui offre de loin le plus de services.<\/p>\n\n\n\n<h3 class=\"wp-block-heading\">Comment payer un train \u00e0 Rome ?<\/h3>\n\n\n\n<p>Vous pouvez acheter vos billets en gare, soit au distributeur automatique, soit au guichet. Vous pouvez aussi acheter votre billet sur l&rsquo;application, ce qui est simple et g\u00e9n\u00e9ralement moins cher si vous achetez \u00e0 l&rsquo;avance.<\/p>\n\n\n\n<h3 class=\"wp-block-heading\">Quelles sont les diff\u00e9rentes gares de Rome ?<\/h3>\n\n\n\n<p>Pour voir toutes les gares de Rome, consultez une carte sur l&rsquo;un des sites des compagnies ferroviaires. Les gares les plus utiles pour les touristes sont Termini, de loin la plus grande, puis Trastevere, Ostiense et San Pietro.<\/p>\n\n","protected":false},"excerpt":{"rendered":"","protected":false},"author":9,"featured_media":1030,"parent":1079,"menu_order":0,"comment_status":"closed","ping_status":"closed","template":"","meta":{"_acf_changed":false,"footnotes":"","button_url":"https:\/\/www.tiqets.com\/fr\/rome-city-cards-l201350\/?partner=romeinfo","ms_product_id":"","ms_product_name":"","ms_price":"","ms_currency":"","ms_rating_value":"","ms_review_count":"","rank_math_title":"Trains \u00e0 Rome : Gares, billets, itin\u00e9raires et passes de transport","rank_math_description":"Explorez le syst\u00e8me ferroviaire de Rome : itin\u00e9raires, gares principales, options de passes, conseils de voyage et comment se rendre de l'a\u00e9roport de Rome aux gares comme Termini."},"post-style":[],"producer":[27],"class_list":["post-1111","page","type-page","status-publish","has-post-thumbnail"],"acf":[],"product_schema":{"ms_product_id":"","ms_product_name":"","ms_price":"","ms_currency":"","ms_rating_value":"","ms_review_count":""},"_links":{"self":[{"href":"https:\/\/www.rome.info\/fr\/wp-json\/wp\/v2\/pages\/1111","targetHints":{"allow":["GET"]}}],"collection":[{"href":"https:\/\/www.rome.info\/fr\/wp-json\/wp\/v2\/pages"}],"about":[{"href":"https:\/\/www.rome.info\/fr\/wp-json\/wp\/v2\/types\/page"}],"author":[{"embeddable":true,"href":"https:\/\/www.rome.info\/fr\/wp-json\/wp\/v2\/users\/9"}],"replies":[{"embeddable":true,"href":"https:\/\/www.rome.info\/fr\/wp-json\/wp\/v2\/comments?post=1111"}],"version-history":[{"count":1,"href":"https:\/\/www.rome.info\/fr\/wp-json\/wp\/v2\/pages\/1111\/revisions"}],"predecessor-version":[{"id":1143,"href":"https:\/\/www.rome.info\/fr\/wp-json\/wp\/v2\/pages\/1111\/revisions\/1143"}],"up":[{"embeddable":true,"href":"https:\/\/www.rome.info\/fr\/wp-json\/wp\/v2\/pages\/1079"}],"wp:featuredmedia":[{"embeddable":true,"href":"https:\/\/www.rome.info\/fr\/wp-json\/wp\/v2\/media\/1030"}],"wp:attachment":[{"href":"https:\/\/www.rome.info\/fr\/wp-json\/wp\/v2\/media?parent=1111"}],"wp:term":[{"taxonomy":"post-style","embeddable":true,"href":"https:\/\/www.rome.info\/fr\/wp-json\/wp\/v2\/post-style?post=1111"},{"taxonomy":"producer","embeddable":true,"href":"https:\/\/www.rome.info\/fr\/wp-json\/wp\/v2\/producer?post=1111"}],"curies":[{"name":"wp","href":"https:\/\/api.w.org\/{rel}","templated":true}]}}