{"id":1110,"date":"2026-04-21T11:24:36","date_gmt":"2026-04-21T11:24:36","guid":{"rendered":"https:\/\/www.rome.info\/fr\/?page_id=1110"},"modified":"2026-04-21T11:24:36","modified_gmt":"2026-04-21T11:24:36","slug":"taxi","status":"publish","type":"page","link":"https:\/\/www.rome.info\/fr\/transport\/taxi\/","title":{"rendered":"Taxis \u00e0 Rome"},"content":{"rendered":"<div class=\"ms-credits\">\n<img decoding=\"async\" class=\"gb-media-20bed321\" alt=\"Des taxis blancs et des bus dans les embouteillages sur une rue anim\u00e9e du centre de Rome.\" src=\"https:\/\/www.rome.info\/wp-content\/uploads\/rome-taxi-1747631807.jpg\" title=\"rome-taxi-1747631807\" \/>\n<span class='ms-credits__info' id='media2922'><svg xmlns=\"http:\/\/www.w3.org\/2000\/svg\" width=\"20\" height=\"22\" fill=\"#000000\" viewBox=\"0 0 256 256\"><path d=\"M128,24A104,104,0,1,0,232,128,104.11,104.11,0,0,0,128,24Zm0,192a88,88,0,1,1,88-88A88.1,88.1,0,0,1,128,216ZM96,128a32,32,0,0,0,57.6,19.2,8,8,0,0,1,12.8,9.61,48,48,0,1,1,0-57.62,8,8,0,0,1-12.8,9.61A32,32,0,0,0,96,128Z\"><\/path><\/svg> | BalkansCat<a href=https:\/\/depositphotos.com\/editorial\/rome-italy-june-2024-line-taxis-waiting-rome-city-center-766954600.html rel='nofollow' target='_blank'>Depositphotos<\/a><\/span><span class='ms-credits__btn' id='btn_media2922' onclick='ms_credits_trigger(\"#media2922\", this)'><svg xmlns=\"http:\/\/www.w3.org\/2000\/svg\" class=\"info_icon\" width=\"28\" height=\"28\" fill=\"#FFF\" viewBox=\"0 0 256 256\"><path d=\"M128,24A104,104,0,1,0,232,128,104.11,104.11,0,0,0,128,24Zm0,192a88,88,0,1,1,88-88A88.1,88.1,0,0,1,128,216Zm16-40a8,8,0,0,1-8,8,16,16,0,0,1-16-16V128a8,8,0,0,1,0-16,16,16,0,0,1,16,16v40A8,8,0,0,1,144,176ZM112,84a12,12,0,1,1,12,12A12,12,0,0,1,112,84Z\"><\/path><\/svg><svg xmlns=\"http:\/\/www.w3.org\/2000\/svg\" class=\"close_icon\" width=\"28\" height=\"28\" fill=\"#FFF\" viewBox=\"0 0 256 256\"><path d=\"M165.66,101.66,139.31,128l26.35,26.34a8,8,0,0,1-11.32,11.32L128,139.31l-26.34,26.35a8,8,0,0,1-11.32-11.32L116.69,128,90.34,101.66a8,8,0,0,1,11.32-11.32L128,116.69l26.34-26.35a8,8,0,0,1,11.32,11.32ZM232,128A104,104,0,1,1,128,24,104.11,104.11,0,0,1,232,128Zm-16,0a88,88,0,1,0-88,88A88.1,88.1,0,0,0,216,128Z\"><\/path><\/svg><\/span><\/div>\n\n\n<p class=\"is-style-lead\">Prendre un taxi dans un pays \u00e9tranger, surtout sans parler la langue, peut sembler intimidant. Mais utiliser les taxis \u00e0 Rome est en r\u00e9alit\u00e9 tr\u00e8s simple, et cela peut \u00eatre une fa\u00e7on plus confortable de <a href=\"https:\/\/www.rome.info\/fr\/transport\/\">rejoindre votre destination<\/a>.<\/p>\n\n\n\n<p><strong>Conseil :<\/strong> Si vous vous rendez \u00e0 l&rsquo;a\u00e9roport ou en venez, un <a href=\"https:\/\/www.rome.info\/fr\/aeroports-de-rome\/transfert-aeroport-rome\/\">transfert a\u00e9roportuaire pr\u00e9-r\u00e9serv\u00e9<\/a> peut vous faire gagner du temps et \u00e9viter la file de taxis. Pour circuler en ville, le <a href=\"https:\/\/www.rome.info\/fr\/pass-touristiques\/roma-pass\/\">Roma Pass<\/a> inclut les transports en commun illimit\u00e9s et l&rsquo;entr\u00e9e dans des attractions.<\/p>\n\n\n\n<p>Les taxis officiels de Rome sont g\u00e9n\u00e9ralement blancs et se reconnaissent facilement au panneau \u00ab TAXI \u00bb sur le toit. Des applications de taxi comme FreeNow, Uber et appTaxi sont \u00e9galement disponibles.<\/p>\n\n\n\n<p>Nous vous expliquons comment utiliser les taxis \u00e0 Rome : h\u00e9ler un taxi, r\u00e9server, comprendre les tarifs, les usages en mati\u00e8re de pourboire et les conseils de s\u00e9curit\u00e9.<\/p>\n\n\n\n<h2 class=\"wp-block-heading\">Types de taxis disponibles<\/h2>\n\n\n\n<p>Si vous cherchez \u00e0 prendre un taxi \u00e0 Rome, ce sera probablement l&rsquo;un des taxis blancs officiels ou une alternative comme Uber. Plusieurs compagnies sont des taxis officiellement agr\u00e9\u00e9s, pratiquement impossibles \u00e0 distinguer les uns des autres : Radio Taxi et Pronto Taxi en sont quelques exemples.<\/p>\n\n\n\n<p>La majorit\u00e9 des taxis \u00e0 Rome sont des voitures classiques de 5 places (chauffeur inclus), mais quelques v\u00e9hicules plus grands existent. Si vous souhaitez un taxi pouvant accueillir 6 passagers, appelez \u00e0 l&rsquo;avance ou utilisez une application : n&rsquo;esp\u00e9rez pas en trouver un aux stations de taxi, ils sont moins courants.<\/p>\n\n\n\n<h2 class=\"wp-block-heading\">Comment trouver un taxi \u00e0 Rome<\/h2>\n\n\n\n<p>Il existe plusieurs fa\u00e7ons de prendre un taxi \u00e0 Rome : h\u00e9ler un taxi dans la rue, utiliser une station de taxi ou des applications. Pour h\u00e9ler un taxi dans la rue, cherchez les taxis blancs avec le panneau \u00ab TAXI \u00bb sur le toit.<\/p>\n\n\n\n<p>M\u00e9fiez-vous des taxis non agr\u00e9\u00e9s ou des voitures particuli\u00e8res qui pourraient vous surfacturer et ne sont pas autoris\u00e9s pour ce service \u00e0 moins de travailler via une application.<\/p>\n\n\n\n<h2 class=\"wp-block-heading\"><strong>Station de taxi<\/strong><\/h2>\n\n\n<div class=\"ms-credits\">\n<img decoding=\"async\" class=\"gb-media-4ecfb3cb\" alt=\"Une longue file de personnes attendant \u00e0 une station de taxi dans le centre de Rome.\" src=\"https:\/\/www.rome.info\/wp-content\/uploads\/rome-taxi-queue-1747642635.jpg\" title=\"rome-taxi-queue-1747642635\" \/>\n<span class='ms-credits__info' id='media2931'><svg xmlns=\"http:\/\/www.w3.org\/2000\/svg\" width=\"20\" height=\"22\" fill=\"#000000\" viewBox=\"0 0 256 256\"><path d=\"M128,24A104,104,0,1,0,232,128,104.11,104.11,0,0,0,128,24Zm0,192a88,88,0,1,1,88-88A88.1,88.1,0,0,1,128,216ZM96,128a32,32,0,0,0,57.6,19.2,8,8,0,0,1,12.8,9.61,48,48,0,1,1,0-57.62,8,8,0,0,1-12.8,9.61A32,32,0,0,0,96,128Z\"><\/path><\/svg> | TKKurikawa<a href=https:\/\/depositphotos.com\/editorial\/rome-italy-june-2019-unidentified-people-queue-take-taxi-termini-310215932.html rel='nofollow' target='_blank'>Depositphotos<\/a><\/span><span class='ms-credits__btn' id='btn_media2931' onclick='ms_credits_trigger(\"#media2931\", this)'><svg xmlns=\"http:\/\/www.w3.org\/2000\/svg\" class=\"info_icon\" width=\"28\" height=\"28\" fill=\"#FFF\" viewBox=\"0 0 256 256\"><path d=\"M128,24A104,104,0,1,0,232,128,104.11,104.11,0,0,0,128,24Zm0,192a88,88,0,1,1,88-88A88.1,88.1,0,0,1,128,216Zm16-40a8,8,0,0,1-8,8,16,16,0,0,1-16-16V128a8,8,0,0,1,0-16,16,16,0,0,1,16,16v40A8,8,0,0,1,144,176ZM112,84a12,12,0,1,1,12,12A12,12,0,0,1,112,84Z\"><\/path><\/svg><svg xmlns=\"http:\/\/www.w3.org\/2000\/svg\" class=\"close_icon\" width=\"28\" height=\"28\" fill=\"#FFF\" viewBox=\"0 0 256 256\"><path d=\"M165.66,101.66,139.31,128l26.35,26.34a8,8,0,0,1-11.32,11.32L128,139.31l-26.34,26.35a8,8,0,0,1-11.32-11.32L116.69,128,90.34,101.66a8,8,0,0,1,11.32-11.32L128,116.69l26.34-26.35a8,8,0,0,1,11.32,11.32ZM232,128A104,104,0,1,1,128,24,104.11,104.11,0,0,1,232,128Zm-16,0a88,88,0,1,0-88,88A88.1,88.1,0,0,0,216,128Z\"><\/path><\/svg><\/span><\/div>\n\n\n<p>Pour trouver des stations de taxi \u00e0 Rome, rep\u00e9rez les zones d\u00e9sign\u00e9es avec le panneau \u00ab Taxi \u00bb, g\u00e9n\u00e9ralement orange. Ces stations se trouvent habituellement pr\u00e8s des <a href=\"https:\/\/www.rome.info\/fr\/attractions\/\">grandes attractions touristiques<\/a>, des <a href=\"https:\/\/www.rome.info\/fr\/transport\/trains\/\">gares<\/a> et des <a href=\"https:\/\/www.rome.info\/fr\/aeroports-de-rome\/\">a\u00e9roports<\/a>. Si aucun taxi n&rsquo;est pr\u00e9sent, attendez quelques minutes : il en arrivera un, m\u00eame tard le soir.<\/p>\n\n\n\n<p>Les attentes peuvent \u00eatre longues aux heures de pointe, mais les taxis arrivent plus fr\u00e9quemment, l&rsquo;attente reste donc raisonnable.<\/p>\n\n\n\n<h2 class=\"wp-block-heading\">H\u00e9ler dans la rue<\/h2>\n\n\n\n<p>H\u00e9ler un taxi dans la rue n&rsquo;est pas courant, contrairement \u00e0 d&rsquo;autres grandes villes. Vous pourrez peut-\u00eatre trouver un taxi vide en dehors des stations, mais ce n&rsquo;est pas la norme : les chauffeurs pr\u00e9f\u00e8rent rejoindre les stations. Ce n&rsquo;est pas impossible non plus, alors si vous en voyez un, n&rsquo;h\u00e9sitez pas.<\/p>\n\n\n\n<h2 class=\"wp-block-heading\">R\u00e9server par t\u00e9l\u00e9phone<\/h2>\n\n\n\n<p>Vous pouvez \u00e9galement r\u00e9server par t\u00e9l\u00e9phone. Roma Capitale Taxi est une compagnie populaire, \u00e0 appeler depuis votre <a href=\"https:\/\/www.rome.info\/accommodation\/\">h\u00e9bergement<\/a> avec une ligne italienne car c&rsquo;est un num\u00e9ro local, ou par WhatsApp.<\/p>\n\n\n\n<h3 class=\"wp-block-heading\">Autres compagnies<\/h3>\n\n\n\n<ul class=\"wp-block-list\">\n<li>Radiotaxi<\/li>\n\n\n\n<li>Chiama Taxi<\/li>\n\n\n\n<li>Prontotaxi<\/li>\n\n\n\n<li>Tevere<\/li>\n<\/ul>\n\n\n\n<h2 class=\"wp-block-heading\">Tarifs et itin\u00e9raires<\/h2>\n\n\n\n<p>Les tarifs \u00e0 Rome sont g\u00e9n\u00e9ralement raisonnables, mais peuvent varier selon l&rsquo;heure et la distance parcourue.<\/p>\n\n\n\n<p>Il est important de comprendre la structure des tarifs avant de prendre un taxi \u00e0 Rome. Les tarifs sont r\u00e9glement\u00e9s par la ville et d\u00e9pendent de la distance parcourue et de l&rsquo;heure. Il existe un tarif de base fixe qui varie selon l&rsquo;heure et le jour de la semaine.<\/p>\n\n\n\n<p>Un suppl\u00e9ment au kilom\u00e8tre s&rsquo;ajoute au tarif de base. Des frais suppl\u00e9mentaires peuvent s&rsquo;appliquer pour les bagages, le suppl\u00e9ment de nuit et les frais de r\u00e9servation.<\/p>\n\n\n\n<p>Si vous souhaitez un prix fixe, nous recommandons Uber, qui peut parfois pratiquer un tarif plus \u00e9lev\u00e9 mais reste invariable, quels que soient les d\u00e9tours, bagages ou retards.<\/p>\n\n\n\n<p>Le prix final correspond \u00e0 celui affich\u00e9 au compteur ; des frais suppl\u00e9mentaires peuvent s&rsquo;appliquer pour 4 passagers ou plus, les bagages ou les demandes sp\u00e9ciales.<\/p>\n\n\n\n<h2 class=\"wp-block-heading\">Faut-il donner un pourboire aux chauffeurs de taxi \u00e0 Rome ?<\/h2>\n\n\n\n<p>Le pourboire n&rsquo;est pas obligatoire \u00e0 Rome. Les chauffeurs ne s&rsquo;y attendent pas, mais il est d&rsquo;usage d&rsquo;arrondir la somme \u00e0 l&rsquo;euro sup\u00e9rieur ou de laisser un petit pourboire, surtout si vous \u00eates satisfait du service. Les pourboires sont bien s\u00fbr toujours les bienvenus pour t\u00e9moigner votre satisfaction. La plupart des applications permettent \u00e9galement de laisser un pourboire directement.<\/p>\n\n\n\n<p>La plupart des taxis ont des compteurs modernes. Vous pouvez voir le co\u00fbt de la course sur le c\u00f4t\u00e9 gauche du r\u00e9troviseur central.<\/p>\n\n\n\n<h2 class=\"wp-block-heading\">Taxis vers et depuis l&rsquo;a\u00e9roport<\/h2>\n\n\n<div class=\"ms-credits\">\n<img decoding=\"async\" class=\"gb-media-f01215f8\" alt=\"Passagers et taxis \u00e0 l'ext\u00e9rieur du terminal 3 de l'a\u00e9roport de Rome Fiumicino.\" src=\"https:\/\/www.rome.info\/wp-content\/uploads\/rome-fiumicino-airport-taxi-area-1747642638.jpg\" title=\"rome-fiumicino-airport-taxi-area-1747642638\" \/>\n<span class='ms-credits__info' id='media2932'><svg xmlns=\"http:\/\/www.w3.org\/2000\/svg\" width=\"20\" height=\"22\" fill=\"#000000\" viewBox=\"0 0 256 256\"><path d=\"M128,24A104,104,0,1,0,232,128,104.11,104.11,0,0,0,128,24Zm0,192a88,88,0,1,1,88-88A88.1,88.1,0,0,1,128,216ZM96,128a32,32,0,0,0,57.6,19.2,8,8,0,0,1,12.8,9.61,48,48,0,1,1,0-57.62,8,8,0,0,1-12.8,9.61A32,32,0,0,0,96,128Z\"><\/path><\/svg> | TKKurikawa<a href=https:\/\/depositphotos.com\/editorial\/rome-italy-june-2019-unidentified-people-travel-leonardo-vinci-fiumicino-310228486.html rel='nofollow' target='_blank'>Depositphotos<\/a><\/span><span class='ms-credits__btn' id='btn_media2932' onclick='ms_credits_trigger(\"#media2932\", this)'><svg xmlns=\"http:\/\/www.w3.org\/2000\/svg\" class=\"info_icon\" width=\"28\" height=\"28\" fill=\"#FFF\" viewBox=\"0 0 256 256\"><path d=\"M128,24A104,104,0,1,0,232,128,104.11,104.11,0,0,0,128,24Zm0,192a88,88,0,1,1,88-88A88.1,88.1,0,0,1,128,216Zm16-40a8,8,0,0,1-8,8,16,16,0,0,1-16-16V128a8,8,0,0,1,0-16,16,16,0,0,1,16,16v40A8,8,0,0,1,144,176ZM112,84a12,12,0,1,1,12,12A12,12,0,0,1,112,84Z\"><\/path><\/svg><svg xmlns=\"http:\/\/www.w3.org\/2000\/svg\" class=\"close_icon\" width=\"28\" height=\"28\" fill=\"#FFF\" viewBox=\"0 0 256 256\"><path d=\"M165.66,101.66,139.31,128l26.35,26.34a8,8,0,0,1-11.32,11.32L128,139.31l-26.34,26.35a8,8,0,0,1-11.32-11.32L116.69,128,90.34,101.66a8,8,0,0,1,11.32-11.32L128,116.69l26.34-26.35a8,8,0,0,1,11.32,11.32ZM232,128A104,104,0,1,1,128,24,104.11,104.11,0,0,1,232,128Zm-16,0a88,88,0,1,0-88,88A88.1,88.1,0,0,0,216,128Z\"><\/path><\/svg><\/span><\/div>\n\n\n<p>Les a\u00e9roports de <a href=\"https:\/\/www.rome.info\/fr\/aeroports-de-rome\/aeroport-de-fiumicino\/\">Fiumicino<\/a> et de <a href=\"https:\/\/www.rome.info\/fr\/aeroports-de-rome\/aeroport-de-ciampino\/\">Ciampino<\/a> disposent de stations de taxi \u00e0 l&rsquo;ext\u00e9rieur de la zone d&rsquo;arriv\u00e9e du terminal.<\/p>\n\n\n\n<p>Les taxis sont blancs avec le panneau \u00ab TAXI \u00bb sur le toit. Utilisez uniquement les taxis officiels des bornes de taxi de l&rsquo;a\u00e9roport pour \u00e9viter les arnaques.<\/p>\n\n\n\n<p>Des taxis non agr\u00e9\u00e9s, g\u00e9n\u00e9ralement des vans noirs, attendent \u00e0 l&rsquo;ext\u00e9rieur du retrait des bagages et juste \u00e0 c\u00f4t\u00e9 des stations officielles. Leurs tarifs sont habituellement bien sup\u00e9rieurs au prix fixe. Si vous d\u00e9cidez d&rsquo;en prendre un, demandez le prix final avant de monter : ils cherchent \u00e0 vous escroquer.<\/p>\n\n\n\n<p>Les tarifs depuis l&rsquo;a\u00e9roport vers le centre de Rome sont r\u00e9glement\u00e9s par la ville et bas\u00e9s sur un tarif fixe.<\/p>\n\n\n\n<p>Si vous pr\u00e9f\u00e9rez une option sans stress, envisagez de r\u00e9server un <a href=\"https:\/\/www.rome.info\/fr\/aeroports-de-rome\/transfert-aeroport-rome\/\">transfert priv\u00e9 a\u00e9roportuaire<\/a> \u00e0 l&rsquo;avance. Un chauffeur vous attendra \u00e0 l&rsquo;arriv\u00e9e, sans file d&rsquo;attente ni compteur, avec un prix fixe connu avant m\u00eame d&rsquo;atterrir.<\/p>\n\n\n\n<h2 class=\"wp-block-heading\">Taxis depuis la gare Termini<\/h2>\n\n\n\n<p>Comme aux a\u00e9roports, la <a href=\"https:\/\/www.rome.info\/fr\/transport\/trains\/\">Gare Termini<\/a> dispose de sa propre station de taxi : les taxis officiels sont align\u00e9s devant l&rsquo;entr\u00e9e principale, faciles \u00e0 rep\u00e9rer. Comme \u00e0 l&rsquo;a\u00e9roport, des personnes mal intentionn\u00e9es peuvent essayer de vous diriger vers un taxi non agr\u00e9\u00e9. Ignorez-les et rendez-vous directement \u00e0 la station de taxi.<\/p>\n\n\n\n<h2 class=\"wp-block-heading\">Accessibilit\u00e9<\/h2>\n\n\n\n<p>Rome a fait d&rsquo;importants progr\u00e8s ces derni\u00e8res ann\u00e9es pour am\u00e9liorer l&rsquo;accessibilit\u00e9 pour les personnes handicap\u00e9es, y compris les utilisateurs de fauteuils roulants. La plupart des taxis sont spacieux et confortables, mais ne sont g\u00e9n\u00e9ralement pas \u00e9quip\u00e9s pour des besoins plus sp\u00e9cifiques.<\/p>\n\n\n\n<p>Tous les taxis \u00e0 Rome ne sont pas accessibles aux fauteuils roulants. Certains sont sp\u00e9cialement con\u00e7us pour les personnes handicap\u00e9es et disposent d&rsquo;une rampe et d&rsquo;autres \u00e9quipements pour un trajet plus confortable.<\/p>\n\n\n\n<p>Nous vous recommandons d&rsquo;appeler une compagnie de taxi \u00e0 l&rsquo;avance si vous avez besoin de ce service. Vous pouvez \u00e9galement tenter votre chance avec un van Uber, qui dispose d&rsquo;espace pour un fauteuil roulant, mais la personne devra s&rsquo;asseoir dans le v\u00e9hicule et ranger son fauteuil.<\/p>\n\n\n\n<h2 class=\"wp-block-heading\">Comment communiquer avec le chauffeur<\/h2>\n\n\n\n<p>Les chauffeurs de taxi \u00e0 Rome sont tr\u00e8s \u00e0 l&rsquo;aise dans leur m\u00e9tier. Ne soyez pas surpris si votre chauffeur essaie d&rsquo;engager la conversation avec vous. C&rsquo;est une excellente fa\u00e7on d&rsquo;obtenir des conseils sur <a href=\"https:\/\/www.rome.info\/restaurants\/\">o\u00f9 d\u00eener<\/a> ou des endroits \u00e0 ne pas manquer <a href=\"https:\/\/www.rome.info\/fr\/choses-a-faire\/\">qui valent le d\u00e9tour<\/a>.<\/p>\n\n\n\n<p>La plupart des chauffeurs de taxi parlent suffisamment anglais pour se faire comprendre, mais si vous souhaitez vous familiariser avec l&rsquo;italien, voici quelques expressions utiles :<\/p>\n\n\n\n<ul class=\"wp-block-list\">\n<li><strong>Devo andare all&rsquo;aeroporto di Fiumicino<\/strong> : Je dois aller \u00e0 l&rsquo;a\u00e9roport de Fiumicino. Remplacez la derni\u00e8re partie selon votre destination, par exemple : <em>devo andare alla stazione centrale.<\/em><\/li>\n\n\n\n<li><strong>Posso pagare con carta<\/strong> : puis-je payer par carte ?<\/li>\n\n\n\n<li><strong>Pu\u00f2 andare pi\u00f9 piano\/veloce<\/strong> : pourriez-vous ralentir\/aller plus vite ?<\/li>\n\n\n\n<li><strong>Si pu\u00f2 accostare qui<\/strong> : pouvez-vous vous arr\u00eater ici ?<\/li>\n\n\n\n<li><strong>Quanto le devo<\/strong> : combien vous dois-je ?<\/li>\n<\/ul>\n\n\n\n<p>En cas de doute, Google Translate ou afficher une adresse sur Google Maps peut toujours d\u00e9panner.<\/p>\n\n\n\n<h2 class=\"wp-block-heading\">Modes de paiement<\/h2>\n\n\n\n<p>En th\u00e9orie, tous les taxis \u00e0 Rome sont tenus d&rsquo;accepter les paiements par carte et sont \u00e9quip\u00e9s de la technologie sans contact. En pratique, certains chauffeurs pr\u00e9tendent parfois que leur terminal de carte est en panne et n&rsquo;acceptent que les esp\u00e8ces.<\/p>\n\n\n\n<p>Mieux vaut avoir du liquide sur vous en cas de besoin, mais si vous n&rsquo;en avez pas, demandez si vous pouvez payer par carte avant de commencer le trajet, ou commandez et payez via une application.<\/p>\n\n\n\n<h2 class=\"wp-block-heading\">Comment \u00e9viter de se faire arnaquer<\/h2>\n\n\n\n<p>Les craintes d&rsquo;\u00eatre arnaqu\u00e9 \u00e0 Rome par les taxis sont largement exag\u00e9r\u00e9es. Une fois que vous avez trouv\u00e9 une station de taxi officielle et \u00e9vit\u00e9 les personnes essayant de vous conduire vers un taxi non agr\u00e9\u00e9, vous devriez \u00eatre tranquille. Cela dit, mieux vaut toujours prendre des pr\u00e9cautions au cas o\u00f9 vous tombiez sur un personnage peu scrupuleux.<\/p>\n\n\n\n<p>Voici quelques pr\u00e9cautions \u00e0 prendre pour \u00e9viter les arnaques :<\/p>\n\n\n\n<ul class=\"wp-block-list\">\n<li><strong>Prenez un taxi officiel.<\/strong> Des personnes \u00e0 l&rsquo;a\u00e9roport ou \u00e0 la gare Termini peuvent vous aborder en criant \u00ab taxi \u00bb : ignorez-les, ce ne sont pas des chauffeurs agr\u00e9\u00e9s. Dirigez-vous vers la station de taxi ou appelez-en un.<\/li>\n\n\n\n<li><strong>Assurez-vous que le compteur est activ\u00e9 d\u00e8s le d\u00e9but du trajet.<\/strong> Certains chauffeurs pr\u00e9tendent l&rsquo;oublier pour facturer plus \u00e0 la fin. V\u00e9rifiez qu&rsquo;il est bien allum\u00e9 d\u00e8s le d\u00e9part.<\/li>\n\n\n\n<li><strong>Pas de compteur ? Demandez le tarif avant de monter.<\/strong> Dans un taxi sans compteur, convenez du prix avant de monter. Demandez \u00e9galement s&rsquo;ils acceptent les paiements par carte si vous n&rsquo;avez pas d&rsquo;esp\u00e8ces.<\/li>\n\n\n\n<li><strong>V\u00e9rifiez que le compteur affiche <em>Tariffa 1<\/em> lors de vos d\u00e9placements \u00e0 Rome.<\/strong> <em>Tariffa 2<\/em> est un tarif plus \u00e9lev\u00e9 qui ne doit s&rsquo;appliquer que lorsque la course atteint un minimum de 14 \u20ac.<\/li>\n\n\n\n<li><strong>Ne payez pas avant que vos bagages soient sortis de la voiture.<\/strong> Mieux vaut \u00eatre prudent.<\/li>\n\n\n\n<li><strong>Demandez un re\u00e7u.<\/strong> Si vous craignez d&rsquo;\u00eatre arnaqu\u00e9, demandez un re\u00e7u. Il contiendra toutes les informations n\u00e9cessaires, notamment le nom du chauffeur et son num\u00e9ro de licence, pour votre \u00e9ventuelle r\u00e9clamation aupr\u00e8s de la compagnie.<\/li>\n<\/ul>\n\n\n\n<h2 class=\"wp-block-heading\">Uber, Lyft, etc., \u00e0 Rome<\/h2>\n\n\n\n<p>Des lois strictes sont en vigueur en Italie pour prot\u00e9ger les chauffeurs de taxi contre la \u00ab concurrence d\u00e9loyale \u00bb, notamment de la part d&rsquo;Uber et Lyft.<\/p>\n\n\n\n<h3 class=\"wp-block-heading\">Uber est-il moins cher que le taxi \u00e0 Rome ?<\/h3>\n\n\n\n<p>Lyft n&rsquo;est pas pr\u00e9sent \u00e0 Rome, et Uber n&rsquo;y propose qu&rsquo;un service restreint : Uber Black et Uber Vans. C&rsquo;est un service l\u00e9g\u00e8rement premium, en g\u00e9n\u00e9ral plus cher que les taxis.<\/p>\n\n\n\n<p>Il existe quelques services de covoiturage, mais rien qui op\u00e8re \u00e0 l&rsquo;\u00e9chelle d&rsquo;Uber. Scooterino permet de s&rsquo;installer derri\u00e8re une Vespa pour un court trajet en ville, ce qui n&rsquo;est \u00e9videmment pas adapt\u00e9 \u00e0 la plupart des situations.<\/p>\n\n\n\n<h2 class=\"wp-block-heading\">Avantages des taxis \u00e0 Rome<\/h2>\n\n\n\n<p>Les taxis sont un moyen s\u00fbr et familier de circuler en ville, offrant une alternative confortable aux <a href=\"https:\/\/www.rome.info\/fr\/transport\/transports-en-commun\/\">transports en commun<\/a>. Si vous avez des bagages ou si vous vous rendez dans un endroit \u00e9loign\u00e9 des transports en commun, les taxis sont bien plus pratiques. C&rsquo;est la fa\u00e7on la plus simple de voyager : sans le stress de devoir se pr\u00e9cipiter ni de trouver son chemin seul.<\/p>\n\n\n\n<p>Le tarif peut m\u00eame s&rsquo;av\u00e9rer tr\u00e8s raisonnable si plusieurs passagers se partagent les frais.<\/p>\n\n\n\n<h2 class=\"wp-block-heading\">Questions fr\u00e9quentes<\/h2>\n\n\n\n<h3 class=\"wp-block-heading\"><strong>Les taxis sont-ils chers \u00e0 Rome ?<\/strong><\/h3>\n\n\n\n<p>Ce n&rsquo;est certes pas le moyen de transport le moins cher. Les taxis \u00e0 Rome sont plus on\u00e9reux que dans de nombreuses autres capitales europ\u00e9ennes. Pour le rapport qualit\u00e9-prix, pr\u00e9f\u00e9rez les transports en commun.<\/p>\n\n\n\n<h3 class=\"wp-block-heading\"><strong>Uber fonctionne-t-il \u00e0 Rome ?<\/strong><\/h3>\n\n\n\n<p>Seuls les services premium d&rsquo;Uber fonctionnent \u00e0 Rome, son service classique y \u00e9tant interdit. Vous pouvez prendre un Uber Black depuis l&rsquo;a\u00e9roport, mais les taxis sont en g\u00e9n\u00e9ral moins chers.<\/p>\n\n\n\n<h3 class=\"wp-block-heading\"><strong>Uber ou Lyft sont-ils pr\u00e9sents \u00e0 Rome ?<\/strong><\/h3>\n\n\n\n<p>Lyft n&rsquo;est pas disponible \u00e0 Rome, et Uber ne propose que ses services premium, Uber Black et Uber Vans, dans la ville.<\/p>\n\n\n\n<h3 class=\"wp-block-heading\"><strong>Quelle est la meilleure application de taxi \u00e0 Rome ?<\/strong><\/h3>\n\n\n\n<p>Il en existe plusieurs, mais les applications de taxi les plus populaires sont FREENOW et Wetaxi.<\/p>\n\n","protected":false},"excerpt":{"rendered":"","protected":false},"author":9,"featured_media":1026,"parent":1079,"menu_order":0,"comment_status":"closed","ping_status":"closed","template":"","meta":{"_acf_changed":false,"footnotes":"","button_url":"https:\/\/www.tiqets.com\/fr\/rome-attractions-c71631\/?partner=romeinfo","ms_product_id":"","ms_product_name":"","ms_price":"","ms_currency":"","ms_rating_value":"","ms_review_count":"","rank_math_title":"Taxi \u00e0 Rome : Comment r\u00e9server, tarifs et conseils pour les voyageurs","rank_math_description":"D\u00e9couvrez comment prendre un taxi \u00e0 Rome, comprendre les tarifs, \u00e9viter les arnaques et voyager en toute s\u00e9curit\u00e9 avec notre guide complet."},"post-style":[],"producer":[25],"class_list":["post-1110","page","type-page","status-publish","has-post-thumbnail"],"acf":[],"product_schema":{"ms_product_id":"","ms_product_name":"","ms_price":"","ms_currency":"","ms_rating_value":"","ms_review_count":""},"_links":{"self":[{"href":"https:\/\/www.rome.info\/fr\/wp-json\/wp\/v2\/pages\/1110","targetHints":{"allow":["GET"]}}],"collection":[{"href":"https:\/\/www.rome.info\/fr\/wp-json\/wp\/v2\/pages"}],"about":[{"href":"https:\/\/www.rome.info\/fr\/wp-json\/wp\/v2\/types\/page"}],"author":[{"embeddable":true,"href":"https:\/\/www.rome.info\/fr\/wp-json\/wp\/v2\/users\/9"}],"replies":[{"embeddable":true,"href":"https:\/\/www.rome.info\/fr\/wp-json\/wp\/v2\/comments?post=1110"}],"version-history":[{"count":1,"href":"https:\/\/www.rome.info\/fr\/wp-json\/wp\/v2\/pages\/1110\/revisions"}],"predecessor-version":[{"id":1142,"href":"https:\/\/www.rome.info\/fr\/wp-json\/wp\/v2\/pages\/1110\/revisions\/1142"}],"up":[{"embeddable":true,"href":"https:\/\/www.rome.info\/fr\/wp-json\/wp\/v2\/pages\/1079"}],"wp:featuredmedia":[{"embeddable":true,"href":"https:\/\/www.rome.info\/fr\/wp-json\/wp\/v2\/media\/1026"}],"wp:attachment":[{"href":"https:\/\/www.rome.info\/fr\/wp-json\/wp\/v2\/media?parent=1110"}],"wp:term":[{"taxonomy":"post-style","embeddable":true,"href":"https:\/\/www.rome.info\/fr\/wp-json\/wp\/v2\/post-style?post=1110"},{"taxonomy":"producer","embeddable":true,"href":"https:\/\/www.rome.info\/fr\/wp-json\/wp\/v2\/producer?post=1110"}],"curies":[{"name":"wp","href":"https:\/\/api.w.org\/{rel}","templated":true}]}}