{"id":1087,"date":"2026-04-21T11:23:58","date_gmt":"2026-04-21T11:23:58","guid":{"rendered":"https:\/\/www.rome.info\/fr\/?page_id=1087"},"modified":"2026-04-21T12:08:49","modified_gmt":"2026-04-21T12:08:49","slug":"omnia-card","status":"publish","type":"page","link":"https:\/\/www.rome.info\/fr\/pass-touristiques\/omnia-card\/","title":{"rendered":"Omnia Card"},"content":{"rendered":"\n<p class=\"is-style-lead\">L&rsquo;Omnia Card est un pass de visite qui offre aux visiteurs l&rsquo;acc\u00e8s \u00e0 certaines des principales attractions de Rome et de la Cit\u00e9 du Vatican.<\/p>\n\n\n\n<a href=\"https:\/\/www.tiqets.com\/rome-attractions-c71631\/tickets-for-omnia-card-vatican-open-bus-24-h-p974743?partner=romeinfo\" rel=\"nofollow noopener\"><img decoding=\"async\" class=\"gb-media-f5d2bb1d ms-mb-block\" alt=\"\" src=\"https:\/\/www.rome.info\/wp-content\/uploads\/omnia-card-1754973489.jpg\" title=\"omnia-card-1754973489\"\/><\/a>\n\n\n\n<h2 class=\"wp-block-heading\"><strong>Qu&rsquo;est-ce que l&rsquo;Omnia Card ?<\/strong><\/h2>\n\n\n\n<p class=\"is-style-default\">C&rsquo;est un <a href=\"https:\/\/www.rome.info\/fr\/pass-touristiques\/\">pass touristique<\/a> complet pour Rome qui inclut l&rsquo;entr\u00e9e gratuite \u00e0 plus de 30 <a href=\"https:\/\/www.rome.info\/fr\/attractions\/\">attractions<\/a>, l&rsquo;acc\u00e8s coupe-file \u00e0 certains des sites les plus populaires, et l&rsquo;utilisation illimit\u00e9e des pratiques <a href=\"https:\/\/www.rome.info\/fr\/visites\/bus-hop-on-hop-off-rome\/\">bus hop-on hop-off<\/a>.<\/p>\n\n\n\n<p>La carte comprend \u00e9galement un pass pour <a href=\"https:\/\/www.rome.info\/fr\/transport\/transports-en-commun\/\">les transports en commun de Rome<\/a>, permettant aux visiteurs de se d\u00e9placer facilement en <a href=\"https:\/\/www.rome.info\/fr\/transport\/transports-en-commun\/bus\/\">bus<\/a> ou en <a href=\"https:\/\/www.rome.info\/fr\/transport\/transports-en-commun\/metro\/\">m\u00e9tro<\/a>.<\/p>\n\n\n\n<p>La carte existe en deux formules, de 24 heures \u00e0 72 heures, selon vos besoins. J&rsquo;ai d\u00e9taill\u00e9 et mis en avant les points les plus importants ci-dessous pour vous aider \u00e0 d\u00e9cider si la carte vaut l&rsquo;achat.<\/p>\n\n\n\n<h2 class=\"wp-block-heading\"><strong>Comment utiliser l&rsquo;Omnia Card et ses principaux avantages<\/strong><\/h2>\n\n\n\n<ul class=\"wp-block-list\">\n<li><strong>Entr\u00e9e gratuite :<\/strong> Utiliser l&rsquo;Omnia Card est simple. Une fois achet\u00e9e, elle vous donne acc\u00e8s \u00e0 plus de 30 attractions ; consultez-les toutes <a href=\"https:\/\/www.romevaticancard.com\/rome-vatican-attractions\/\" rel=\"noopener\">ici.<\/a><\/li>\n\n\n\n<li><strong>Sans attente en file :<\/strong> Autre avantage, vous pouvez aussi passer devant les files dans certains des sites les plus fr\u00e9quent\u00e9s, dont le <a href=\"https:\/\/www.rome.info\/fr\/attractions\/colisee\/\">Colis\u00e9e<\/a>, le <a href=\"https:\/\/www.rome.info\/fr\/attractions\/forum-romain\/\">Forum Romain<\/a>, les <a href=\"https:\/\/www.rome.info\/attractions\/catacombs-of-callixtus\/\">Catacombes de San Callisto<\/a>, les <a href=\"https:\/\/www.rome.info\/fr\/attractions\/musees-du-vatican\/\">Mus\u00e9es du Vatican<\/a> et la <a href=\"https:\/\/www.rome.info\/fr\/attractions\/chapelle-sixtine\/\">Chapelle Sixtine<\/a>.<\/li>\n\n\n\n<li><strong>Utilisation illimit\u00e9e des bus hop-on hop-off : <\/strong>Cela facilite grandement vos d\u00e9placements dans la ville pour d\u00e9couvrir toutes les attractions. Vous pouvez emprunter trois des circuits de bus touristiques de la ville.<\/li>\n\n\n\n<li><strong>Transports en commun gratuits :<\/strong> La carte comprend \u00e9galement un titre de transport pour le r\u00e9seau de transports en commun de Rome avec la formule 72 heures, permettant aux visiteurs d&rsquo;utiliser les bus, tramways et le m\u00e9tro.<\/li>\n\n\n\n<li><strong>Commodit\u00e9 :<\/strong> En main, la carte vous permet de passer devant les longues files de certaines attractions populaires et de gagner du temps, ce qui se traduit par plus de temps \u00e0 explorer les sites et moins de temps perdu dans les queues, sans oublier que vous vous \u00e9pargnez une longue attente sous la chaleur romaine.<\/li>\n\n\n\n<li><strong>Audioguide<\/strong> : T\u00e9l\u00e9chargez l&rsquo;application et acc\u00e9dez \u00e0 des audioguides pour de nombreux sites populaires.<\/li>\n\n\n\n<li><strong>\u00c9conomies significatives :<\/strong> En achetant la carte, vous r\u00e9duisez vos d\u00e9penses en droits d&rsquo;entr\u00e9e et en frais de transport. Le co\u00fbt de la carte est \u00e0 peu pr\u00e8s \u00e9quivalent \u00e0 un billet coupe-file ou une visite guid\u00e9e dans n&rsquo;importe quelle attraction populaire. La carte inclut \u00e9galement un guide et une carte avec des informations et des conseils utiles pour profiter au maximum de votre visite.<\/li>\n<\/ul>\n\n\n\n<h2 class=\"wp-block-heading\"><strong>Principales attractions couvertes par l&rsquo;Omnia Card<\/strong><\/h2>\n\n\n\n<p>L&rsquo;Omnia Card offre des billets gratuits pour des attractions \u00e0 Rome et dans la <a href=\"https:\/\/www.rome.info\/fr\/attractions\/t\/vatican\/\">Cit\u00e9 du Vatican<\/a>, dont certains des sites les plus embl\u00e9matiques et les plus fr\u00e9quent\u00e9s. Voici quelques-unes des principales attractions couvertes :<\/p>\n\n\n\n<ul class=\"wp-block-list\">\n<li><strong>Acc\u00e8s coupe-file<\/strong> au Colis\u00e9e, au Forum Romain et au <a href=\"https:\/\/www.rome.info\/fr\/attractions\/mont-palatin\/\">Mont Palatin<\/a>.<\/li>\n<\/ul>\n\n\n<div class=\"ms-credits\">\n<img decoding=\"async\" class=\"gb-media-07458ff0\" alt=\"Le Colis\u00e9e au lever du soleil.\" src=\"https:\/\/www.rome.info\/wp-content\/uploads\/f-colosseum.jpg\" title=\"The Colosseum\"\/>\n<span class='ms-credits__info' id='media896'><svg xmlns=\"http:\/\/www.w3.org\/2000\/svg\" width=\"20\" height=\"22\" fill=\"#000000\" viewBox=\"0 0 256 256\"><path d=\"M128,24A104,104,0,1,0,232,128,104.11,104.11,0,0,0,128,24Zm0,192a88,88,0,1,1,88-88A88.1,88.1,0,0,1,128,216ZM96,128a32,32,0,0,0,57.6,19.2,8,8,0,0,1,12.8,9.61,48,48,0,1,1,0-57.62,8,8,0,0,1-12.8,9.61A32,32,0,0,0,96,128Z\"><\/path><\/svg> | Givaga<a href=https:\/\/depositphotos.com\/121809612\/stock-photo-colosseum-in-rome.html rel='nofollow' target='_blank'>Depositphotos<\/a><\/span><span class='ms-credits__btn' id='btn_media896' onclick='ms_credits_trigger(\"#media896\", this)'><svg xmlns=\"http:\/\/www.w3.org\/2000\/svg\" class=\"info_icon\" width=\"28\" height=\"28\" fill=\"#FFF\" viewBox=\"0 0 256 256\"><path d=\"M128,24A104,104,0,1,0,232,128,104.11,104.11,0,0,0,128,24Zm0,192a88,88,0,1,1,88-88A88.1,88.1,0,0,1,128,216Zm16-40a8,8,0,0,1-8,8,16,16,0,0,1-16-16V128a8,8,0,0,1,0-16,16,16,0,0,1,16,16v40A8,8,0,0,1,144,176ZM112,84a12,12,0,1,1,12,12A12,12,0,0,1,112,84Z\"><\/path><\/svg><svg xmlns=\"http:\/\/www.w3.org\/2000\/svg\" class=\"close_icon\" width=\"28\" height=\"28\" fill=\"#FFF\" viewBox=\"0 0 256 256\"><path d=\"M165.66,101.66,139.31,128l26.35,26.34a8,8,0,0,1-11.32,11.32L128,139.31l-26.34,26.35a8,8,0,0,1-11.32-11.32L116.69,128,90.34,101.66a8,8,0,0,1,11.32-11.32L128,116.69l26.34-26.35a8,8,0,0,1,11.32,11.32ZM232,128A104,104,0,1,1,128,24,104.11,104.11,0,0,1,232,128Zm-16,0a88,88,0,1,0-88,88A88.1,88.1,0,0,0,216,128Z\"><\/path><\/svg><\/span><\/div>\n\n\n<ul class=\"wp-block-list\">\n<li><strong>Le Colis\u00e9e :<\/strong> L&rsquo;une des structures antiques les plus impressionnantes au monde ; le Forum Romain et le Mont Palatin offrent quant \u00e0 eux un aper\u00e7u de la vie quotidienne dans la Rome antique.<\/li>\n<\/ul>\n\n\n\n<p><a href=\"https:\/\/www.rome.info\/fr\/attractions\/colisee\/billets\/\" data-type=\"link\" data-id=\"https:\/\/www.rome.info\/fr\/attractions\/colisee\/billets\/\">Voir le guide des billets pour le Colis\u00e9e \u2192<\/a><\/p>\n\n\n<div class=\"ms-credits\">\n<img decoding=\"async\" class=\"gb-media-f1b56746\" alt=\"La Basilique Saint-Pierre \u00e0 Rome au coucher du soleil.\" src=\"https:\/\/www.rome.info\/wp-content\/uploads\/f-st-peters-basilica.jpg\" title=\"f-st-peters-basilica\"\/>\n<span class='ms-credits__info' id='media685'><svg xmlns=\"http:\/\/www.w3.org\/2000\/svg\" width=\"20\" height=\"22\" fill=\"#000000\" viewBox=\"0 0 256 256\"><path d=\"M128,24A104,104,0,1,0,232,128,104.11,104.11,0,0,0,128,24Zm0,192a88,88,0,1,1,88-88A88.1,88.1,0,0,1,128,216ZM96,128a32,32,0,0,0,57.6,19.2,8,8,0,0,1,12.8,9.61,48,48,0,1,1,0-57.62,8,8,0,0,1-12.8,9.61A32,32,0,0,0,96,128Z\"><\/path><\/svg> | TTstudio<a href=https:\/\/sp.depositphotos.com\/48760351\/stock-photo-vatican-rome-st-peters-basilica.html rel='nofollow' target='_blank'>Depositphotos<\/a><\/span><span class='ms-credits__btn' id='btn_media685' onclick='ms_credits_trigger(\"#media685\", this)'><svg xmlns=\"http:\/\/www.w3.org\/2000\/svg\" class=\"info_icon\" width=\"28\" height=\"28\" fill=\"#FFF\" viewBox=\"0 0 256 256\"><path d=\"M128,24A104,104,0,1,0,232,128,104.11,104.11,0,0,0,128,24Zm0,192a88,88,0,1,1,88-88A88.1,88.1,0,0,1,128,216Zm16-40a8,8,0,0,1-8,8,16,16,0,0,1-16-16V128a8,8,0,0,1,0-16,16,16,0,0,1,16,16v40A8,8,0,0,1,144,176ZM112,84a12,12,0,1,1,12,12A12,12,0,0,1,112,84Z\"><\/path><\/svg><svg xmlns=\"http:\/\/www.w3.org\/2000\/svg\" class=\"close_icon\" width=\"28\" height=\"28\" fill=\"#FFF\" viewBox=\"0 0 256 256\"><path d=\"M165.66,101.66,139.31,128l26.35,26.34a8,8,0,0,1-11.32,11.32L128,139.31l-26.34,26.35a8,8,0,0,1-11.32-11.32L116.69,128,90.34,101.66a8,8,0,0,1,11.32-11.32L128,116.69l26.34-26.35a8,8,0,0,1,11.32,11.32ZM232,128A104,104,0,1,1,128,24,104.11,104.11,0,0,1,232,128Zm-16,0a88,88,0,1,0-88,88A88.1,88.1,0,0,0,216,128Z\"><\/path><\/svg><\/span><\/div>\n\n\n<ul class=\"wp-block-list\">\n<li><strong>La Basilique Saint-Pierre :<\/strong> <a href=\"https:\/\/www.rome.info\/fr\/attractions\/basilique-saint-pierre\/\">Cette magnifique \u00e9glise<\/a> se trouve dans la Cit\u00e9 du Vatican et est l&rsquo;une des plus grandes du monde. L&rsquo;Omnia Card offre l&rsquo;acc\u00e8s coupe-file \u00e0 la basilique.<\/li>\n<\/ul>\n\n\n<div class=\"ms-credits\">\n<img decoding=\"async\" class=\"gb-media-8e47f72a\" alt=\"La sculpture Sph\u00e8re dans une sph\u00e8re d'Arnaldo Pomodoro dans la Cour de la Pinecone des Mus\u00e9es du Vatican.\" src=\"https:\/\/www.rome.info\/wp-content\/uploads\/vatican-museums-sphere-within-sphere-1747202871.jpg\" title=\"vatican-museums-sphere-within-sphere-1747202871\"\/>\n<span class='ms-credits__info' id='media2758'><svg viewBox=\"0 0 24 24\" fill=\"none\" xmlns=\"http:\/\/www.w3.org\/2000\/svg\" width=\"20\" height=\"22\"><g stroke-width=\"0\"><\/g><g stroke-linecap=\"round\" stroke-linejoin=\"round\"><\/g><g id=\"SVGRepo_iconCarrier\"> <path d=\"M12 22C6.48 22 2 17.52 2 12C2 6.48 6.48 2 12 2C17.52 2 22 6.48 22 12C22 17.52 17.52 22 12 22Z\" stroke=\"#000\" stroke-width=\"1.5\" stroke-linecap=\"round\" stroke-linejoin=\"round\"><\/path> <path d=\"M10.88 14.1499C10.37 14.5899 9.70999 14.8699 8.98999 14.8699C7.40999 14.8699 6.12 13.5899 6.12 11.9999C6.12 10.4099 7.39999 9.12988 8.98999 9.12988C9.71999 9.12988 10.38 9.39985 10.88 9.84985\" stroke=\"#000\" stroke-width=\"1.5\" stroke-linecap=\"round\" stroke-linejoin=\"round\"><\/path> <path d=\"M17.88 14.1499C17.37 14.5899 16.71 14.8699 15.99 14.8699C14.41 14.8699 13.12 13.5899 13.12 11.9999C13.12 10.4099 14.4 9.12988 15.99 9.12988C16.72 9.12988 17.38 9.39985 17.88 9.84985\" stroke=\"#000\" stroke-width=\"1.5\" stroke-linecap=\"round\" stroke-linejoin=\"round\"><\/path> <\/g><\/svg> BY-SA 2.0 Generic | daryl_mitchell<a href=https:\/\/www.flickr.com\/photos\/daryl_mitchell\/15427429147 rel='nofollow' target='_blank'>Flickr<\/a><\/span><span class='ms-credits__btn' id='btn_media2758' onclick='ms_credits_trigger(\"#media2758\", this)'><svg xmlns=\"http:\/\/www.w3.org\/2000\/svg\" class=\"info_icon\" width=\"28\" height=\"28\" fill=\"#FFF\" viewBox=\"0 0 256 256\"><path d=\"M128,24A104,104,0,1,0,232,128,104.11,104.11,0,0,0,128,24Zm0,192a88,88,0,1,1,88-88A88.1,88.1,0,0,1,128,216Zm16-40a8,8,0,0,1-8,8,16,16,0,0,1-16-16V128a8,8,0,0,1,0-16,16,16,0,0,1,16,16v40A8,8,0,0,1,144,176ZM112,84a12,12,0,1,1,12,12A12,12,0,0,1,112,84Z\"><\/path><\/svg><svg xmlns=\"http:\/\/www.w3.org\/2000\/svg\" class=\"close_icon\" width=\"28\" height=\"28\" fill=\"#FFF\" viewBox=\"0 0 256 256\"><path d=\"M165.66,101.66,139.31,128l26.35,26.34a8,8,0,0,1-11.32,11.32L128,139.31l-26.34,26.35a8,8,0,0,1-11.32-11.32L116.69,128,90.34,101.66a8,8,0,0,1,11.32-11.32L128,116.69l26.34-26.35a8,8,0,0,1,11.32,11.32ZM232,128A104,104,0,1,1,128,24,104.11,104.11,0,0,1,232,128Zm-16,0a88,88,0,1,0-88,88A88.1,88.1,0,0,0,216,128Z\"><\/path><\/svg><\/span><\/div>\n\n\n<ul class=\"wp-block-list\">\n<li><strong>Les Mus\u00e9es du Vatican et la Chapelle Sixtine :<\/strong> Les Mus\u00e9es du Vatican abritent certaines des collections d&rsquo;art les plus c\u00e9l\u00e8bres du monde, dont la Chapelle Sixtine. L&rsquo;Omnia Card offre l&rsquo;acc\u00e8s coupe-file aux deux. Je recommande de r\u00e9server cette attraction \u00e0 l&rsquo;avance, surtout en haute saison.<\/li>\n<\/ul>\n\n\n<div class=\"ms-credits\">\n<img decoding=\"async\" class=\"gb-media-2ee8504c\" alt=\"Vue du Ch\u00e2teau Saint-Ange depuis le pont menant \u00e0 l'entr\u00e9e du ch\u00e2teau.\" src=\"https:\/\/www.rome.info\/wp-content\/uploads\/f-castel-sant-angelo-bridge.jpg\" title=\"Castel Sant'Angelo - Bridge View\"\/>\n<span class='ms-credits__info' id='media696'><svg xmlns=\"http:\/\/www.w3.org\/2000\/svg\" width=\"20\" height=\"22\" fill=\"#000000\" viewBox=\"0 0 256 256\"><path d=\"M128,24A104,104,0,1,0,232,128,104.11,104.11,0,0,0,128,24Zm0,192a88,88,0,1,1,88-88A88.1,88.1,0,0,1,128,216ZM96,128a32,32,0,0,0,57.6,19.2,8,8,0,0,1,12.8,9.61,48,48,0,1,1,0-57.62,8,8,0,0,1-12.8,9.61A32,32,0,0,0,96,128Z\"><\/path><\/svg> | natursports<a href=https:\/\/depositphotos.com\/25540505\/stock-photo-castel-sant-angelo-rome.html rel='nofollow' target='_blank'>Depositphotos<\/a><\/span><span class='ms-credits__btn' id='btn_media696' onclick='ms_credits_trigger(\"#media696\", this)'><svg xmlns=\"http:\/\/www.w3.org\/2000\/svg\" class=\"info_icon\" width=\"28\" height=\"28\" fill=\"#FFF\" viewBox=\"0 0 256 256\"><path d=\"M128,24A104,104,0,1,0,232,128,104.11,104.11,0,0,0,128,24Zm0,192a88,88,0,1,1,88-88A88.1,88.1,0,0,1,128,216Zm16-40a8,8,0,0,1-8,8,16,16,0,0,1-16-16V128a8,8,0,0,1,0-16,16,16,0,0,1,16,16v40A8,8,0,0,1,144,176ZM112,84a12,12,0,1,1,12,12A12,12,0,0,1,112,84Z\"><\/path><\/svg><svg xmlns=\"http:\/\/www.w3.org\/2000\/svg\" class=\"close_icon\" width=\"28\" height=\"28\" fill=\"#FFF\" viewBox=\"0 0 256 256\"><path d=\"M165.66,101.66,139.31,128l26.35,26.34a8,8,0,0,1-11.32,11.32L128,139.31l-26.34,26.35a8,8,0,0,1-11.32-11.32L116.69,128,90.34,101.66a8,8,0,0,1,11.32-11.32L128,116.69l26.34-26.35a8,8,0,0,1,11.32,11.32ZM232,128A104,104,0,1,1,128,24,104.11,104.11,0,0,1,232,128Zm-16,0a88,88,0,1,0-88,88A88.1,88.1,0,0,0,216,128Z\"><\/path><\/svg><\/span><\/div>\n\n\n<ul class=\"wp-block-list\">\n<li><strong>Ch\u00e2teau Saint-Ange :<\/strong> <a href=\"https:\/\/www.rome.info\/fr\/attractions\/chateau-saint-ange\/\">Cette impressionnante forteresse<\/a> se trouve \u00e0 quelques pas du Vatican et fut construite \u00e0 l&rsquo;origine comme mausol\u00e9e pour l&#8217;empereur romain Hadrien. Vous pouvez \u00e9galement prendre un verre et vous d\u00e9tendre au niveau interm\u00e9diaire du ch\u00e2teau, o\u00f9 se trouve un agr\u00e9able petit caf\u00e9.<\/li>\n<\/ul>\n\n\n<div class=\"ms-credits\">\n<img decoding=\"async\" class=\"gb-media-3a579474\" alt=\"Des touristes rassembl\u00e9s devant le Panth\u00e9on \u00e0 Rome, admirant ses grandes colonnes et son architecture historique par une journ\u00e9e ensoleill\u00e9e.\" src=\"https:\/\/www.rome.info\/wp-content\/uploads\/pantheon-rome-tours-1742367391.jpg\" title=\"pantheon-rome-tours\"\/>\n<span class='ms-credits__info' id='media2315'>Pexels License | Griffin Wooldridge<a href=https:\/\/www.pexels.com\/photo\/photo-of-people-walking-in-front-of-pantheon-roman-temple-in-rome-italy-2676602\/ rel='nofollow' target='_blank'>Pexels<\/a><\/span><span class='ms-credits__btn' id='btn_media2315' onclick='ms_credits_trigger(\"#media2315\", this)'><svg xmlns=\"http:\/\/www.w3.org\/2000\/svg\" class=\"info_icon\" width=\"28\" height=\"28\" fill=\"#FFF\" viewBox=\"0 0 256 256\"><path d=\"M128,24A104,104,0,1,0,232,128,104.11,104.11,0,0,0,128,24Zm0,192a88,88,0,1,1,88-88A88.1,88.1,0,0,1,128,216Zm16-40a8,8,0,0,1-8,8,16,16,0,0,1-16-16V128a8,8,0,0,1,0-16,16,16,0,0,1,16,16v40A8,8,0,0,1,144,176ZM112,84a12,12,0,1,1,12,12A12,12,0,0,1,112,84Z\"><\/path><\/svg><svg xmlns=\"http:\/\/www.w3.org\/2000\/svg\" class=\"close_icon\" width=\"28\" height=\"28\" fill=\"#FFF\" viewBox=\"0 0 256 256\"><path d=\"M165.66,101.66,139.31,128l26.35,26.34a8,8,0,0,1-11.32,11.32L128,139.31l-26.34,26.35a8,8,0,0,1-11.32-11.32L116.69,128,90.34,101.66a8,8,0,0,1,11.32-11.32L128,116.69l26.34-26.35a8,8,0,0,1,11.32,11.32ZM232,128A104,104,0,1,1,128,24,104.11,104.11,0,0,1,232,128Zm-16,0a88,88,0,1,0-88,88A88.1,88.1,0,0,0,216,128Z\"><\/path><\/svg><\/span><\/div>\n\n\n<ul class=\"wp-block-list\">\n<li><strong>Le Panth\u00e9on :<\/strong> <a href=\"https:\/\/www.rome.info\/fr\/attractions\/pantheon\/\">Ce temple antique<\/a> est l&rsquo;une des structures les mieux conserv\u00e9es de la <a href=\"https:\/\/www.rome.info\/ancient\/\">Rome antique<\/a>.<\/li>\n<\/ul>\n\n\n\n<h2 class=\"wp-block-heading\"><strong>Pourquoi choisir l&rsquo;Omnia Card et comment l&rsquo;acheter<\/strong><\/h2>\n\n\n\n<p>Si les raisons de se procurer l&rsquo;Omnia Card sont nombreuses, les plus \u00e9videntes restent la commodit\u00e9 qu&rsquo;elle offre et la fa\u00e7on rentable de d\u00e9couvrir les attractions les plus reconnues. En achetant la carte, vous pouvez \u00e9conomiser sur les droits d&rsquo;entr\u00e9e et les frais de transport, tout en visitant l&rsquo;ensemble des sites.<\/p>\n\n\n\n<p>Les Omnia Cards s&rsquo;ach\u00e8tent <a href=\"https:\/\/www.omniavaticanrome.org\/en\" rel=\"noopener\">en ligne<\/a> ou dans <a href=\"https:\/\/www.omniavaticanrome.org\/en\/contacts\/new\" rel=\"noopener\">diff\u00e9rents points de vente<\/a> dans la ville, notamment \u00e0 l&rsquo;<a href=\"https:\/\/www.rome.info\/fr\/aeroports-de-rome\/\">a\u00e9roport<\/a>, dans les gares et dans des stands proches des attractions populaires. La carte est disponible pour diff\u00e9rentes dur\u00e9es, de 24 \u00e0 72 heures, selon vos besoins et la dur\u00e9e de votre s\u00e9jour.<\/p>\n\n\n\n<p>Une fois la carte achet\u00e9e, vous pouvez la retirer dans l&rsquo;un de leurs nombreux <a href=\"https:\/\/www.omniavaticanrome.org\/en\/contacts\/new\" rel=\"noopener\">points de retrait<\/a>, ou imprimer facilement le QR code envoy\u00e9 par e-mail.<\/p>\n\n\n\n<h2 class=\"wp-block-heading\"><strong>Comparaison avec d&rsquo;autres cartes touristiques<\/strong><\/h2>\n\n\n\n<p>D&rsquo;autres cartes touristiques et circuits sont disponibles \u00e0 Rome, dont le <a href=\"https:\/\/www.rome.info\/fr\/pass-touristiques\/roma-pass\/\">Roma Pass<\/a> et le <a href=\"https:\/\/www.rome.info\/fr\/pass-touristiques\/vatican-city-pass\/\">Vatican Pass<\/a>. Chaque carte offre des avantages diff\u00e9rents, mais l&rsquo;Omnia Card se distingue par la richesse de sa couverture, son rapport qualit\u00e9-prix et la souplesse de ses options.<\/p>\n\n\n\n<ul class=\"wp-block-list\">\n<li><strong>Le Roma Pass<\/strong> offre l&rsquo;entr\u00e9e gratuite \u00e0 deux attractions, l&rsquo;acc\u00e8s coupe-file \u00e0 certains sites et des r\u00e9ductions sur d&rsquo;autres attractions. Il inclut \u00e9galement les transports en commun gratuits pour les deux premiers jours. En revanche, la carte ne donne pas acc\u00e8s gratuitement \u00e0 certaines des attractions les plus populaires de Rome, comme le Colis\u00e9e et les Mus\u00e9es du Vatican. Je dirais que cette carte convient si vous ne pr\u00e9voyez pas de visiter beaucoup d&rsquo;attractions ; sinon, vous devrez d\u00e9bourser un suppl\u00e9ment.<\/li>\n\n\n\n<li><strong>Le Vatican Pass<\/strong> offre l&rsquo;acc\u00e8s coupe-file aux Mus\u00e9es du Vatican et \u00e0 la Chapelle Sixtine, ainsi que l&rsquo;entr\u00e9e gratuite \u00e0 d&rsquo;autres attractions vaticanes. En revanche, il ne donne acc\u00e8s \u00e0 aucune attraction romaine en dehors de la Cit\u00e9 du Vatican. Je ne le recommande pas non plus pour un s\u00e9jour complet \u00e0 Rome ; ce pass est pratique uniquement si vous souhaitez vous concentrer exclusivement sur ce que le Vatican a \u00e0 offrir.<\/li>\n<\/ul>\n\n\n\n<p>Par rapport \u00e0 ces cartes, l&rsquo;Omnia Card propose la gamme d&rsquo;attractions la plus \u00e9tendue, ce qui vous donne davantage de flexibilit\u00e9 dans votre journ\u00e9e. L&rsquo;acc\u00e8s coupe-file aux sites les plus fr\u00e9quent\u00e9s et l&rsquo;utilisation illimit\u00e9e des bus hop-on hop-off sont \u00e9galement de gros avantages. \u00c0 mon avis, avec les fortes chaleurs et les rues bond\u00e9es, les bus seuls repr\u00e9sentent d\u00e9j\u00e0 une excellente affaire.<\/p>\n\n\n\n<h2 class=\"wp-block-heading\"><strong>Conseils<\/strong> pour utiliser votre pass touristique romain<\/h2>\n\n\n\n<p>Le point le plus cit\u00e9 concernant l&rsquo;Omnia Card est sa commodit\u00e9 et ses \u00e9conomies. Je dirais que c&rsquo;est un incontournable, surtout si vous ne s\u00e9journez que quelques jours dans la ville. Elle vous offre de la flexibilit\u00e9 et vous permet de voir toutes les principales attractions en peu de temps.<\/p>\n\n\n\n<ul class=\"wp-block-list\">\n<li>Avant de commencer votre <a href=\"https:\/\/www.rome.info\/fr\/choses-a-faire\/\">visite de Rome<\/a>, t\u00e9l\u00e9chargez l&rsquo;application Vatican&amp;Rome et n&rsquo;oubliez pas une paire d&rsquo;\u00e9couteurs confortables. L&rsquo;application est disponible sur Apple et Android, et vous permet d&rsquo;utiliser l&rsquo;audioguide Vox City Guide.<\/li>\n\n\n\n<li>V\u00e9rifiez les tarifs : les enfants et les jeunes de moins de 17 ans b\u00e9n\u00e9ficient d&rsquo;un tarif r\u00e9duit.<\/li>\n\n\n\n<li>Certains sites demandent des frais de r\u00e9servation non couverts par la carte. Renseignez-vous sur les sites concern\u00e9s et r\u00e9servez \u00e0 l&rsquo;avance.<\/li>\n\n\n\n<li>Lors de votre premier trajet en bus, on vous remettra un document \u00e0 pr\u00e9senter \u00e0 chaque mont\u00e9e. Ne le jetez pas : sans lui, vous ne pourrez pas monter \u00e0 bord.<\/li>\n<\/ul>\n","protected":false},"excerpt":{"rendered":"<p>Entr\u00e9e rapide au Vatican, bus hop-on hop-off et bien plus : choisissez la formule 24 h ou 72 h avec des avantages suppl\u00e9mentaires.<\/p>\n","protected":false},"author":9,"featured_media":993,"parent":1077,"menu_order":0,"comment_status":"closed","ping_status":"closed","template":"","meta":{"_acf_changed":false,"footnotes":"","button_url":"https:\/\/www.tiqets.com\/fr\/rome-attractions-c71631\/tickets-for-omnia-card-vatican-open-bus-24-h-p974743\/?partner=romeinfo","ms_product_id":"","ms_product_name":"","ms_price":"","ms_currency":"","ms_rating_value":"","ms_review_count":"","rank_math_title":"Omnia Card : La carte tout compris pour les attractions de Rome et du Vatican","rank_math_description":"Explorez les Mus\u00e9es du Vatican, la Chapelle Sixtine et les principaux sites de Rome avec l'Omnia Card. Choisissez 24h ou 72h pour un acc\u00e8s coupe-file, l'acc\u00e8s gratuit aux mus\u00e9es et des visites en bus."},"post-style":[],"producer":[25],"class_list":["post-1087","page","type-page","status-publish","has-post-thumbnail"],"acf":[],"product_schema":{"ms_product_id":"","ms_product_name":"","ms_price":"","ms_currency":"","ms_rating_value":"","ms_review_count":""},"_links":{"self":[{"href":"https:\/\/www.rome.info\/fr\/wp-json\/wp\/v2\/pages\/1087","targetHints":{"allow":["GET"]}}],"collection":[{"href":"https:\/\/www.rome.info\/fr\/wp-json\/wp\/v2\/pages"}],"about":[{"href":"https:\/\/www.rome.info\/fr\/wp-json\/wp\/v2\/types\/page"}],"author":[{"embeddable":true,"href":"https:\/\/www.rome.info\/fr\/wp-json\/wp\/v2\/users\/9"}],"replies":[{"embeddable":true,"href":"https:\/\/www.rome.info\/fr\/wp-json\/wp\/v2\/comments?post=1087"}],"version-history":[{"count":2,"href":"https:\/\/www.rome.info\/fr\/wp-json\/wp\/v2\/pages\/1087\/revisions"}],"predecessor-version":[{"id":1265,"href":"https:\/\/www.rome.info\/fr\/wp-json\/wp\/v2\/pages\/1087\/revisions\/1265"}],"up":[{"embeddable":true,"href":"https:\/\/www.rome.info\/fr\/wp-json\/wp\/v2\/pages\/1077"}],"wp:featuredmedia":[{"embeddable":true,"href":"https:\/\/www.rome.info\/fr\/wp-json\/wp\/v2\/media\/993"}],"wp:attachment":[{"href":"https:\/\/www.rome.info\/fr\/wp-json\/wp\/v2\/media?parent=1087"}],"wp:term":[{"taxonomy":"post-style","embeddable":true,"href":"https:\/\/www.rome.info\/fr\/wp-json\/wp\/v2\/post-style?post=1087"},{"taxonomy":"producer","embeddable":true,"href":"https:\/\/www.rome.info\/fr\/wp-json\/wp\/v2\/producer?post=1087"}],"curies":[{"name":"wp","href":"https:\/\/api.w.org\/{rel}","templated":true}]}}