{"id":1084,"date":"2026-04-21T11:23:53","date_gmt":"2026-04-21T11:23:53","guid":{"rendered":"https:\/\/www.rome.info\/fr\/?page_id=1084"},"modified":"2026-04-21T11:23:53","modified_gmt":"2026-04-21T11:23:53","slug":"vatican-city-pass","status":"publish","type":"page","link":"https:\/\/www.rome.info\/fr\/pass-touristiques\/vatican-city-pass\/","title":{"rendered":"Vatican City Pass"},"content":{"rendered":"\n<p class=\"is-style-lead\">Partez \u00e0 la d\u00e9couverte du plus petit pays du monde gr\u00e2ce \u00e0 ce pass touristique pratique.<\/p>\n\n\n\n<p>La Cit\u00e9 du Vatican est un minuscule \u00c9tat, mais elle regorge de sites incontournables. Le Vatican City Pass est votre s\u00e9same pour explorer tout ce que ce site du patrimoine mondial de l&rsquo;UNESCO a \u00e0 offrir.<\/p>\n\n\n\n<div class=\"ms-cta-button ms-p ms-cta\">\n<a class=\"gb-text ms-btn ms-btn--primary ms-shadow\" href=\"https:\/\/www.tiqets.com\/fr\/rome-attractions-c71631\/the-vatican-city-pass-p1012497\/?partner=romeinfo\" rel=\"nofollow noopener\">V\u00e9rifier les disponibilit\u00e9s -><\/a>\n<\/div>\n\n\n\n<h2 class=\"wp-block-heading\">Points forts<\/h2>\n\n\n\n<ul class=\"ms-icon-list\">\n<li class=\"ms-icon-list__item\"><span class=\"gb-shape\"><svg viewBox=\"0 0 256 256\" fill=\"#000000\" height=\"32\" width=\"32\" xmlns=\"http:\/\/www.w3.org\/2000\/svg\"><path d=\"M232.49,80.49l-128,128a12,12,0,0,1-17,0l-56-56a12,12,0,1,1,17-17L96,183,215.51,63.51a12,12,0,0,1,17,17Z\"><\/path><\/svg><\/span><span class=\"gb-text\">Profitez d&rsquo;une visite guid\u00e9e de l&#8217;embl\u00e9matique Basilique Saint-Pierre, la plus grande \u00e9glise du monde.<\/span><\/li>\n\n\n\n<li class=\"ms-icon-list__item\"><span class=\"gb-shape\"><svg viewBox=\"0 0 256 256\" fill=\"#000000\" height=\"32\" width=\"32\" xmlns=\"http:\/\/www.w3.org\/2000\/svg\"><path d=\"M232.49,80.49l-128,128a12,12,0,0,1-17,0l-56-56a12,12,0,1,1,17-17L96,183,215.51,63.51a12,12,0,0,1,17,17Z\"><\/path><\/svg><\/span><span class=\"gb-text\">Gagnez du temps pour admirer l&rsquo;art de classe mondiale des Mus\u00e9es du Vatican gr\u00e2ce aux billets coupe-file.<\/span><\/li>\n\n\n\n<li class=\"ms-icon-list__item\"><span class=\"gb-shape\"><svg viewBox=\"0 0 256 256\" fill=\"#000000\" height=\"32\" width=\"32\" xmlns=\"http:\/\/www.w3.org\/2000\/svg\"><path d=\"M232.49,80.49l-128,128a12,12,0,0,1-17,0l-56-56a12,12,0,1,1,17-17L96,183,215.51,63.51a12,12,0,0,1,17,17Z\"><\/path><\/svg><\/span><span class=\"gb-text\">D\u00e9couvrez d&rsquo;un \u0153il nouveau les c\u00e9l\u00e8bres fresques de Michel-Ange \u00e0 la Chapelle Sixtine gr\u00e2ce \u00e0 un audioguide complet.<\/span><\/li>\n<\/ul>\n\n\n\n<h2 class=\"wp-block-heading\">Ce qui est inclus<\/h2>\n\n\n\n<p><a href=\"https:\/\/www.tiqets.com\/fr\/rome-attractions-c71631\/the-vatican-city-pass-p1012497\/?partner=romeinfo\" rel=\"nofollow noopener\">Le Vatican City Pass<\/a> est un outil indispensable pour tout s\u00e9jour complet \u00e0 la Cit\u00e9 du Vatican. Voici ce dont vous pourrez profiter.<\/p>\n\n\n\n<h3 class=\"wp-block-heading\">Basilique Saint-Pierre<\/h3>\n\n\n<div class=\"ms-credits\">\n<img decoding=\"async\" class=\"gb-media-8e735582\" alt=\"La Basilique Saint-Pierre vue de l'ext\u00e9rieur.\" src=\"https:\/\/www.rome.info\/wp-content\/uploads\/f-st-peters-basilica-1.jpg\" title=\"St. Peter's Basilica\"\/>\n<span class='ms-credits__info' id='media901'><svg xmlns=\"http:\/\/www.w3.org\/2000\/svg\" width=\"20\" height=\"22\" fill=\"#000000\" viewBox=\"0 0 256 256\"><path d=\"M128,24A104,104,0,1,0,232,128,104.11,104.11,0,0,0,128,24Zm0,192a88,88,0,1,1,88-88A88.1,88.1,0,0,1,128,216ZM96,128a32,32,0,0,0,57.6,19.2,8,8,0,0,1,12.8,9.61,48,48,0,1,1,0-57.62,8,8,0,0,1-12.8,9.61A32,32,0,0,0,96,128Z\"><\/path><\/svg> | MichalLudwiczak<a href=https:\/\/depositphotos.com\/59477977\/stock-photo-st-peters-basilica-in-the.html rel='nofollow' target='_blank'>Depositphotos<\/a><\/span><span class='ms-credits__btn' id='btn_media901' onclick='ms_credits_trigger(\"#media901\", this)'><svg xmlns=\"http:\/\/www.w3.org\/2000\/svg\" class=\"info_icon\" width=\"28\" height=\"28\" fill=\"#FFF\" viewBox=\"0 0 256 256\"><path d=\"M128,24A104,104,0,1,0,232,128,104.11,104.11,0,0,0,128,24Zm0,192a88,88,0,1,1,88-88A88.1,88.1,0,0,1,128,216Zm16-40a8,8,0,0,1-8,8,16,16,0,0,1-16-16V128a8,8,0,0,1,0-16,16,16,0,0,1,16,16v40A8,8,0,0,1,144,176ZM112,84a12,12,0,1,1,12,12A12,12,0,0,1,112,84Z\"><\/path><\/svg><svg xmlns=\"http:\/\/www.w3.org\/2000\/svg\" class=\"close_icon\" width=\"28\" height=\"28\" fill=\"#FFF\" viewBox=\"0 0 256 256\"><path d=\"M165.66,101.66,139.31,128l26.35,26.34a8,8,0,0,1-11.32,11.32L128,139.31l-26.34,26.35a8,8,0,0,1-11.32-11.32L116.69,128,90.34,101.66a8,8,0,0,1,11.32-11.32L128,116.69l26.34-26.35a8,8,0,0,1,11.32,11.32ZM232,128A104,104,0,1,1,128,24,104.11,104.11,0,0,1,232,128Zm-16,0a88,88,0,1,0-88,88A88.1,88.1,0,0,0,216,128Z\"><\/path><\/svg><\/span><\/div>\n\n\n<p><a href=\"https:\/\/www.rome.info\/fr\/attractions\/basilique-saint-pierre\/\">La Basilique Saint-Pierre<\/a> est l&rsquo;\u00e9difice le plus sacr\u00e9 de la chr\u00e9tient\u00e9 et l&rsquo;un des chefs-d&rsquo;\u0153uvre de l&rsquo;architecture Renaissance. C&rsquo;est \u00e0 la fois la plus grande \u00e9glise du monde et l&rsquo;une des plus belles.<\/p>\n\n\n\n<p>Profitez d&rsquo;une visite guid\u00e9e de cette immense basilique avec un guide officiel du Vatican. Disponible en anglais ou en fran\u00e7ais, votre guide vous fera parcourir l&rsquo;histoire de la basilique ainsi que ses tr\u00e9sors artistiques, notamment le <em>Baldaquin<\/em> de <a href=\"https:\/\/www.rome.info\/artists\/bernini\/\">Bernin<\/a> et <a href=\"https:\/\/www.rome.info\/artists\/michelangelo\/pieta\/\">La Piet\u00e0 de Michel-Ange<\/a>.&nbsp;<\/p>\n\n\n\n<h3 class=\"wp-block-heading\">Les Mus\u00e9es du Vatican<\/h3>\n\n\n<div class=\"ms-credits\">\n<img decoding=\"async\" class=\"gb-media-a932b527\" alt=\"Le d\u00f4me, le b\u00e2timent et les jardins des Mus\u00e9es du Vatican \u00e0 Rome.\" src=\"https:\/\/www.rome.info\/wp-content\/uploads\/f-rome-vatican-museum-dome-building.jpg\" title=\"Vatican Musuems Dome Building\"\/>\n<span class='ms-credits__info' id='media849'>Pixabay License | mochilazocultural<a href=https:\/\/pixabay.com\/photos\/rome-vatican-museum-dome-building-2527666\/ rel='nofollow' target='_blank'>Pixabay<\/a><\/span><span class='ms-credits__btn' id='btn_media849' onclick='ms_credits_trigger(\"#media849\", this)'><svg xmlns=\"http:\/\/www.w3.org\/2000\/svg\" class=\"info_icon\" width=\"28\" height=\"28\" fill=\"#FFF\" viewBox=\"0 0 256 256\"><path d=\"M128,24A104,104,0,1,0,232,128,104.11,104.11,0,0,0,128,24Zm0,192a88,88,0,1,1,88-88A88.1,88.1,0,0,1,128,216Zm16-40a8,8,0,0,1-8,8,16,16,0,0,1-16-16V128a8,8,0,0,1,0-16,16,16,0,0,1,16,16v40A8,8,0,0,1,144,176ZM112,84a12,12,0,1,1,12,12A12,12,0,0,1,112,84Z\"><\/path><\/svg><svg xmlns=\"http:\/\/www.w3.org\/2000\/svg\" class=\"close_icon\" width=\"28\" height=\"28\" fill=\"#FFF\" viewBox=\"0 0 256 256\"><path d=\"M165.66,101.66,139.31,128l26.35,26.34a8,8,0,0,1-11.32,11.32L128,139.31l-26.34,26.35a8,8,0,0,1-11.32-11.32L116.69,128,90.34,101.66a8,8,0,0,1,11.32-11.32L128,116.69l26.34-26.35a8,8,0,0,1,11.32,11.32ZM232,128A104,104,0,1,1,128,24,104.11,104.11,0,0,1,232,128Zm-16,0a88,88,0,1,0-88,88A88.1,88.1,0,0,0,216,128Z\"><\/path><\/svg><\/span><\/div>\n\n\n<p>Les <a href=\"https:\/\/www.rome.info\/fr\/attractions\/musees-du-vatican\/\">Mus\u00e9es du Vatican<\/a> abritent environ 70 000 \u0153uvres d&rsquo;art r\u00e9parties dans 54 galeries diff\u00e9rentes : c&rsquo;est l&rsquo;un des mus\u00e9es d&rsquo;<a href=\"https:\/\/www.rome.info\/artists\/\">art<\/a> les plus fr\u00e9quent\u00e9s au monde, attirant des millions de visiteurs chaque ann\u00e9e. Les files d&rsquo;attente pour entrer peuvent donc \u00eatre tr\u00e8s longues.<\/p>\n\n\n\n<p>Heureusement, <a href=\"https:\/\/www.tiqets.com\/fr\/rome-attractions-c71631\/the-vatican-city-pass-p1012497\/?partner=romeinfo\" rel=\"nofollow noopener\">le Vatican City Pass<\/a> vous donne acc\u00e8s coupe-file \u00e0 toutes les galeries ouvertes, que vous explorez \u00e0 votre propre rythme. D\u00e9couvrez des chefs-d&rsquo;\u0153uvre allant de l&rsquo;\u00c9trurie antique \u00e0 la Rome de la Renaissance, avec des \u0153uvres de <a href=\"https:\/\/www.rome.info\/artists\/michelangelo\/\">Michel-Ange<\/a>, Rapha\u00ebl, <a href=\"https:\/\/www.rome.info\/artists\/caravaggio\/\">Caravage<\/a> et Pinturicchio, entre bien d&rsquo;autres.<\/p>\n\n\n\n<h3 class=\"wp-block-heading\">La Chapelle Sixtine<\/h3>\n\n\n\n<figure><div class=\"ms-credits\">\n<img decoding=\"async\" class=\"gb-media-5c79d7c1\" alt=\"La fresque du Jugement dernier de Michel-Ange sur la paroi de l'autel de la Chapelle Sixtine, entour\u00e9e des fresques des parois lat\u00e9rales repr\u00e9sentant les vies de Mo\u00efse et du Christ.\" src=\"https:\/\/www.rome.info\/wp-content\/uploads\/sistine-chapel-last-judgment-1747026474.jpg\" title=\"sistine-chapel-last-judgment-1747026474\"\/>\n<span class='ms-credits__info' id='media2713'><svg xmlns=\"http:\/\/www.w3.org\/2000\/svg\" width=\"20\" height=\"22\" fill=\"#000000\" viewBox=\"0 0 256 256\"><path d=\"M128,24A104,104,0,1,0,232,128,104.11,104.11,0,0,0,128,24Zm0,192a88,88,0,1,1,88-88A88.1,88.1,0,0,1,128,216ZM96,128a32,32,0,0,0,57.6,19.2,8,8,0,0,1,12.8,9.61,48,48,0,1,1,0-57.62,8,8,0,0,1-12.8,9.61A32,32,0,0,0,96,128Z\"><\/path><\/svg> | ilfede<a href=https:\/\/depositphotos.com\/editorial\/michelangelo-fresco-in-the-the-sistine-chapel-vatican-12080565.html rel='nofollow' target='_blank'>Depositphotos<\/a><\/span><span class='ms-credits__btn' id='btn_media2713' onclick='ms_credits_trigger(\"#media2713\", this)'><svg xmlns=\"http:\/\/www.w3.org\/2000\/svg\" class=\"info_icon\" width=\"28\" height=\"28\" fill=\"#FFF\" viewBox=\"0 0 256 256\"><path d=\"M128,24A104,104,0,1,0,232,128,104.11,104.11,0,0,0,128,24Zm0,192a88,88,0,1,1,88-88A88.1,88.1,0,0,1,128,216Zm16-40a8,8,0,0,1-8,8,16,16,0,0,1-16-16V128a8,8,0,0,1,0-16,16,16,0,0,1,16,16v40A8,8,0,0,1,144,176ZM112,84a12,12,0,1,1,12,12A12,12,0,0,1,112,84Z\"><\/path><\/svg><svg xmlns=\"http:\/\/www.w3.org\/2000\/svg\" class=\"close_icon\" width=\"28\" height=\"28\" fill=\"#FFF\" viewBox=\"0 0 256 256\"><path d=\"M165.66,101.66,139.31,128l26.35,26.34a8,8,0,0,1-11.32,11.32L128,139.31l-26.34,26.35a8,8,0,0,1-11.32-11.32L116.69,128,90.34,101.66a8,8,0,0,1,11.32-11.32L128,116.69l26.34-26.35a8,8,0,0,1,11.32,11.32ZM232,128A104,104,0,1,1,128,24,104.11,104.11,0,0,1,232,128Zm-16,0a88,88,0,1,0-88,88A88.1,88.1,0,0,0,216,128Z\"><\/path><\/svg><\/span><\/div>\n\n\n<figcaption class=\"gb-text\">La c\u00e9l\u00e8bre fresque du \u00ab Jugement dernier \u00bb par Michel-Ange.<\/figcaption>\n<\/figure>\n\n\n\n<p>Votre billet coupe-file pour les Mus\u00e9es du Vatican inclut \u00e9galement l&rsquo;acc\u00e8s \u00e0 la c\u00e9l\u00e8bre <a href=\"https:\/\/www.rome.info\/fr\/attractions\/chapelle-sixtine\/\">Chapelle Sixtine<\/a>, le clou de toute visite.<\/p>\n\n\n\n<p>Levez les yeux vers les mains les plus iconiques du monde dans <a href=\"https:\/\/www.rome.info\/artists\/michelangelo\/creation-of-adam\/\">La Cr\u00e9ation d&rsquo;Adam de Michel-Ange<\/a>, et perdez-vous dans les d\u00e9tails de sa c\u00e9l\u00e8bre fresque, le <a href=\"https:\/\/www.rome.info\/artists\/michelangelo\/last-judgement\/\">Jugement dernier<\/a>, peinte au-dessus de l&rsquo;autel. N&rsquo;oubliez pas d&rsquo;admirer les autres parois de la chapelle, orn\u00e9es par Botticelli, le P\u00e9rugin et d&rsquo;autres ma\u00eetres.<\/p>\n\n\n\n<h3 class=\"wp-block-heading\">Audioguide de Rome<\/h3>\n\n\n\n<p>\u00c9paterez vos proches avec votre connaissance experte de Rome gr\u00e2ce \u00e0 l&rsquo;application City Audio Guide by POPGuide, incluse avec <a href=\"https:\/\/www.rome.info\/fr\/pass-touristiques\/\">votre pass touristique<\/a>.<\/p>\n\n\n\n<p>Ce guide complet propose des visuels de haute qualit\u00e9, des cartes interactives et des commentaires d&rsquo;experts locaux sur plus de 130 points d&rsquo;int\u00e9r\u00eat \u00e0 Rome. Des monuments embl\u00e9matiques comme le Colis\u00e9e aux p\u00e9pites cach\u00e9es comme la Casa di Goethe : il y en a pour tous les go\u00fbts.<\/p>\n\n\n\n<h2 class=\"wp-block-heading\">Comment \u00e7a fonctionne<\/h2>\n\n\n\n<p>Pour acc\u00e9der \u00e0 tout ce que propose <a href=\"https:\/\/www.tiqets.com\/fr\/rome-attractions-c71631\/the-vatican-city-pass-p1012497\/?partner=romeinfo\" rel=\"nofollow noopener\">le Vatican City Pass<\/a>, r\u00e9servez simplement vos billets en ligne en s\u00e9lectionnant le nombre de participants et la langue de votre visite guid\u00e9e. Choisissez ensuite la date de d\u00e9but de votre pass (valable trois jours complets), renseignez vos coordonn\u00e9es et r\u00e9glez en ligne via un syst\u00e8me de paiement s\u00e9curis\u00e9.<\/p>\n\n\n\n<p>Vous recevrez une confirmation instantan\u00e9e ainsi que les billets par e-mail. Un code de r\u00e9duction personnel vous sera \u00e9galement envoy\u00e9, vous offrant 10 % de remise sur votre prochaine r\u00e9servation dans une attraction \u00e0 proximit\u00e9.<\/p>\n\n\n\n<p>Une fois la r\u00e9servation finalis\u00e9e, vous pouvez choisir les dates ou cr\u00e9neaux horaires pour chacune des activit\u00e9s. Et voil\u00e0 ! Il ne vous reste plus qu&rsquo;\u00e0 vous pr\u00e9senter \u00e0 l&rsquo;heure convenue, \u00e0 montrer votre billet imprim\u00e9 ou sur smartphone, et \u00e0 profiter de ces sites exceptionnels.<\/p>\n","protected":false},"excerpt":{"rendered":"<p>Entr\u00e9e coupe-file et visites guid\u00e9es des principaux sites du Vatican, plus un audioguide de la ville.<\/p>\n","protected":false},"author":9,"featured_media":1228,"parent":1077,"menu_order":0,"comment_status":"closed","ping_status":"closed","template":"","meta":{"_acf_changed":false,"footnotes":"","button_url":"https:\/\/www.tiqets.com\/fr\/rome-attractions-c71631\/the-vatican-city-pass-p1012497\/?partner=romeinfo","ms_product_id":"","ms_product_name":"","ms_price":"","ms_currency":"","ms_rating_value":"","ms_review_count":"","rank_math_title":"Vatican City Pass : Acc\u00e8s coupe-file aux attractions principales + Visites guid\u00e9es","rank_math_description":"Le Vatican City Pass comprend un acc\u00e8s coupe-file aux Mus\u00e9es du Vatican et \u00e0 la Chapelle Sixtine, avec des visites guid\u00e9es optionnelles de la Basilique Saint-Pierre et des extras comme un audioguide de Rome ou l'entr\u00e9e au Ch\u00e2teau Saint-Ange."},"post-style":[],"producer":[26],"class_list":["post-1084","page","type-page","status-publish","has-post-thumbnail"],"acf":[],"product_schema":{"ms_product_id":"","ms_product_name":"","ms_price":"","ms_currency":"","ms_rating_value":"","ms_review_count":""},"_links":{"self":[{"href":"https:\/\/www.rome.info\/fr\/wp-json\/wp\/v2\/pages\/1084","targetHints":{"allow":["GET"]}}],"collection":[{"href":"https:\/\/www.rome.info\/fr\/wp-json\/wp\/v2\/pages"}],"about":[{"href":"https:\/\/www.rome.info\/fr\/wp-json\/wp\/v2\/types\/page"}],"author":[{"embeddable":true,"href":"https:\/\/www.rome.info\/fr\/wp-json\/wp\/v2\/users\/9"}],"replies":[{"embeddable":true,"href":"https:\/\/www.rome.info\/fr\/wp-json\/wp\/v2\/comments?post=1084"}],"version-history":[{"count":1,"href":"https:\/\/www.rome.info\/fr\/wp-json\/wp\/v2\/pages\/1084\/revisions"}],"predecessor-version":[{"id":1137,"href":"https:\/\/www.rome.info\/fr\/wp-json\/wp\/v2\/pages\/1084\/revisions\/1137"}],"up":[{"embeddable":true,"href":"https:\/\/www.rome.info\/fr\/wp-json\/wp\/v2\/pages\/1077"}],"wp:featuredmedia":[{"embeddable":true,"href":"https:\/\/www.rome.info\/fr\/wp-json\/wp\/v2\/media\/1228"}],"wp:attachment":[{"href":"https:\/\/www.rome.info\/fr\/wp-json\/wp\/v2\/media?parent=1084"}],"wp:term":[{"taxonomy":"post-style","embeddable":true,"href":"https:\/\/www.rome.info\/fr\/wp-json\/wp\/v2\/post-style?post=1084"},{"taxonomy":"producer","embeddable":true,"href":"https:\/\/www.rome.info\/fr\/wp-json\/wp\/v2\/producer?post=1084"}],"curies":[{"name":"wp","href":"https:\/\/api.w.org\/{rel}","templated":true}]}}