{"id":1080,"date":"2026-04-21T11:23:46","date_gmt":"2026-04-21T11:23:46","guid":{"rendered":"https:\/\/www.rome.info\/fr\/?page_id=1080"},"modified":"2026-04-21T11:23:46","modified_gmt":"2026-04-21T11:23:46","slug":"aeroports-de-rome","status":"publish","type":"page","link":"https:\/\/www.rome.info\/fr\/aeroports-de-rome\/","title":{"rendered":"A\u00e9roports de Rome"},"content":{"rendered":"\n<p class=\"is-style-lead\">Rome est desservie par deux a\u00e9roports : l&rsquo;a\u00e9roport international Leonardo da Vinci (FCO) et l&rsquo;a\u00e9roport Giovan Battista Pastine, plus connu sous le nom de Ciampino (CIA). Ensemble, ils accueillent plus de 40 millions de passagers par an.&nbsp;<\/p>\n\n\n\n<p>Voici un aper\u00e7u des deux a\u00e9roports de Rome pour vous aider \u00e0 comprendre leurs diff\u00e9rences et \u00e0 choisir celui par lequel vous souhaitez arriver lors de votre <a href=\"https:\/\/www.rome.info\/plan\/\">visite \u00e0 Rome<\/a>. Consultez nos pages d\u00e9di\u00e9es \u00e0 l&rsquo;<a href=\"https:\/\/www.rome.info\/fr\/aeroports-de-rome\/aeroport-de-fiumicino\/\">a\u00e9roport de Fiumicino<\/a> et \u00e0 l&rsquo;<a href=\"https:\/\/www.rome.info\/fr\/aeroports-de-rome\/aeroport-de-ciampino\/\">a\u00e9roport de Ciampino<\/a> pour des guides plus d\u00e9taill\u00e9s.<\/p>\n\n\n\n<h2 class=\"wp-block-heading\">A\u00e9roport de Fiumicino (FCO)<\/h2>\n\n\n<figure>\n                    <div class=\"ms-credits\"><img decoding=\"async\" class=\"gb-image gb-image-7a441ad1\" src=\"https:\/\/www.rome.info\/wp-content\/uploads\/f-fiumicino-airport-sign.jpg\"><span class='ms-credits__info' id='media949'><svg xmlns=\"http:\/\/www.w3.org\/2000\/svg\" width=\"20\" height=\"22\" fill=\"#000000\" viewBox=\"0 0 256 256\"><path d=\"M128,24A104,104,0,1,0,232,128,104.11,104.11,0,0,0,128,24Zm0,192a88,88,0,1,1,88-88A88.1,88.1,0,0,1,128,216ZM96,128a32,32,0,0,0,57.6,19.2,8,8,0,0,1,12.8,9.61,48,48,0,1,1,0-57.62,8,8,0,0,1-12.8,9.61A32,32,0,0,0,96,128Z\"><\/path><\/svg> | <a href=https:\/\/depositphotos.com\/472745350\/stock-photo-commercial-plane-landing-reflecting-in.html rel='nofollow' target='_blank'>Depositphotos<\/a><\/span><span class='ms-credits__btn' id='btn_media949' onclick='ms_credits_trigger(\"#media949\", this)'><svg xmlns=\"http:\/\/www.w3.org\/2000\/svg\" class=\"info_icon\" width=\"28\" height=\"28\" fill=\"#FFF\" viewBox=\"0 0 256 256\"><path d=\"M128,24A104,104,0,1,0,232,128,104.11,104.11,0,0,0,128,24Zm0,192a88,88,0,1,1,88-88A88.1,88.1,0,0,1,128,216Zm16-40a8,8,0,0,1-8,8,16,16,0,0,1-16-16V128a8,8,0,0,1,0-16,16,16,0,0,1,16,16v40A8,8,0,0,1,144,176ZM112,84a12,12,0,1,1,12,12A12,12,0,0,1,112,84Z\"><\/path><\/svg><svg xmlns=\"http:\/\/www.w3.org\/2000\/svg\" class=\"close_icon\" width=\"28\" height=\"28\" fill=\"#FFF\" viewBox=\"0 0 256 256\"><path d=\"M165.66,101.66,139.31,128l26.35,26.34a8,8,0,0,1-11.32,11.32L128,139.31l-26.34,26.35a8,8,0,0,1-11.32-11.32L116.69,128,90.34,101.66a8,8,0,0,1,11.32-11.32L128,116.69l26.34-26.35a8,8,0,0,1,11.32,11.32ZM232,128A104,104,0,1,1,128,24,104.11,104.11,0,0,1,232,128Zm-16,0a88,88,0,1,0-88,88A88.1,88.1,0,0,0,216,128Z\"><\/path><\/svg><\/span><\/div><\/figure>\n\n\n<p>L&rsquo;a\u00e9roport international Leonardo da Vinci, \u00e9galement connu sous le nom de Fiumicino, est le principal a\u00e9roport de Rome. Il dispose de tous les services et \u00e9quipements que l&rsquo;on attend d&rsquo;un grand a\u00e9roport international, pour rendre votre passage aussi fluide et confortable que possible.<\/p>\n\n\n\n<p>Ouvert 24h\/24, nous vous recommandons toutefois d&rsquo;arriver en journ\u00e9e, car les services et les <a href=\"https:\/\/www.rome.info\/fr\/transport\/\">options de transport<\/a> sont plus limit\u00e9s la nuit.<\/p>\n\n\n\n<p>L&rsquo;a\u00e9roport comprend quatre terminaux, dont seulement deux sont actuellement en service : les terminaux 1 et 3. Les vols nationaux et internationaux op\u00e8rent depuis ces deux terminaux.<\/p>\n\n\n\n<p>Les services et \u00e9quipements de l&rsquo;a\u00e9roport comprennent des distributeurs automatiques de billets et des comptoirs de change dans les deux terminaux, ainsi que des points d&rsquo;information r\u00e9partis dans tout l&rsquo;a\u00e9roport.<\/p>\n\n\n\n<p>Une pharmacie se trouve au terminal 3, et des premiers secours disponibles 24h\/24 sont accessibles \u00e0 tous les passagers en cas de besoin. La consigne \u00e0 bagages est situ\u00e9e dans la zone des arriv\u00e9es du terminal 3. L&rsquo;a\u00e9roport est \u00e9galement enti\u00e8rement \u00e9quip\u00e9 d&rsquo;un WiFi gratuit et illimit\u00e9 dans toutes les zones.<\/p>\n\n\n\n<p>C\u00f4t\u00e9 pistes, l&rsquo;a\u00e9roport offre un bon choix d&rsquo;opportunit\u00e9s de shopping de derni\u00e8re minute : marques de mode italiennes, \u00e9piceries fines, maroquinerie et tout ce qui vous a manqu\u00e9 pendant votre immersion dans l&rsquo;art et la culture romaine.<\/p>\n\n\n\n<p>De nombreux restaurants sont \u00e9galement disponibles, dont le gastronomique Eataly, mais aussi des options de restauration rapide ouvertes \u00e0 toute heure.<\/p>\n\n\n\n<p>Pour les escales, trois options \u00e0 proximit\u00e9 sont disponibles : l&rsquo;Hotel HelloSky, situ\u00e9 \u00e0 l&rsquo;int\u00e9rieur de l&rsquo;a\u00e9roport ; le Hilton Hotel, plus haut de gamme, accessible \u00e0 pied ; et l&rsquo;Hotel Hilton Garden Inn, accessible en navette. L&rsquo;a\u00e9roport propose \u00e9galement plusieurs salons confortables, dont beaucoup sont d\u00e9sormais accessibles en payant un droit d&rsquo;entr\u00e9e le jour m\u00eame.<\/p>\n\n\n\n<h2 class=\"wp-block-heading\">A\u00e9roport de Ciampino (CIA)<\/h2>\n\n\n<figure>\n                    <div class=\"ms-credits\"><img decoding=\"async\" class=\"gb-image gb-image-5613de67\" src=\"https:\/\/www.rome.info\/wp-content\/uploads\/f-ciampino-airport.jpg\"><span class='ms-credits__info' id='media951'><svg xmlns=\"http:\/\/www.w3.org\/2000\/svg\" width=\"20\" height=\"22\" fill=\"#000000\" viewBox=\"0 0 256 256\"><path d=\"M128,24A104,104,0,1,0,232,128,104.11,104.11,0,0,0,128,24Zm0,192a88,88,0,1,1,88-88A88.1,88.1,0,0,1,128,216ZM96,128a32,32,0,0,0,57.6,19.2,8,8,0,0,1,12.8,9.61,48,48,0,1,1,0-57.62,8,8,0,0,1-12.8,9.61A32,32,0,0,0,96,128Z\"><\/path><\/svg> | <a href=https:\/\/depositphotos.com\/359151104\/stock-photo-rome-italy-september-2017-ciampino.html rel='nofollow' target='_blank'>Depositphotos<\/a><\/span><span class='ms-credits__btn' id='btn_media951' onclick='ms_credits_trigger(\"#media951\", this)'><svg xmlns=\"http:\/\/www.w3.org\/2000\/svg\" class=\"info_icon\" width=\"28\" height=\"28\" fill=\"#FFF\" viewBox=\"0 0 256 256\"><path d=\"M128,24A104,104,0,1,0,232,128,104.11,104.11,0,0,0,128,24Zm0,192a88,88,0,1,1,88-88A88.1,88.1,0,0,1,128,216Zm16-40a8,8,0,0,1-8,8,16,16,0,0,1-16-16V128a8,8,0,0,1,0-16,16,16,0,0,1,16,16v40A8,8,0,0,1,144,176ZM112,84a12,12,0,1,1,12,12A12,12,0,0,1,112,84Z\"><\/path><\/svg><svg xmlns=\"http:\/\/www.w3.org\/2000\/svg\" class=\"close_icon\" width=\"28\" height=\"28\" fill=\"#FFF\" viewBox=\"0 0 256 256\"><path d=\"M165.66,101.66,139.31,128l26.35,26.34a8,8,0,0,1-11.32,11.32L128,139.31l-26.34,26.35a8,8,0,0,1-11.32-11.32L116.69,128,90.34,101.66a8,8,0,0,1,11.32-11.32L128,116.69l26.34-26.35a8,8,0,0,1,11.32,11.32ZM232,128A104,104,0,1,1,128,24,104.11,104.11,0,0,1,232,128Zm-16,0a88,88,0,1,0-88,88A88.1,88.1,0,0,0,216,128Z\"><\/path><\/svg><\/span><\/div><\/figure>\n\n\n<p>L&rsquo;a\u00e9roport de Ciampino est l&rsquo;a\u00e9roport secondaire de Rome. Bien plus petit que l&rsquo;a\u00e9roport FCO, il propose une s\u00e9lection de services et d&rsquo;\u00e9quipements plus limit\u00e9e. Ce qu&rsquo;il perd en confort et en options, il le compense en simplicit\u00e9 et en proximit\u00e9 du centre-ville.&nbsp;<\/p>\n\n\n\n<p>Ciampino est peut-\u00eatre plus limit\u00e9, mais il dispose n\u00e9anmoins de tous les services essentiels : distributeurs automatiques de billets, bureaux de change, points d&rsquo;information touristique et assistance m\u00e9dicale 24h\/24. L&rsquo;a\u00e9roport de Ciampino propose le m\u00eame service WiFi gratuit que Fiumicino.<\/p>\n\n\n\n<p>Les boutiques sont limit\u00e9es, mais on y trouve une boutique hors taxes, deux WH Smith et une pharmacie sans ordonnance. Pour la restauration, n&rsquo;esp\u00e9rez rien de gastronomique : ce sont essentiellement des sandwichs, des caf\u00e9s et de la restauration rapide, mais vous ne repartirez pas le ventre vide avant votre vol.<\/p>\n\n\n\n<p>Ciampino ne dispose que d&rsquo;un seul terminal, qui ferme chaque jour de minuit \u00e0 4h30 du matin, ce qui rend impossible tout s\u00e9jour de nuit sur place. Pour les escales, quelques h\u00f4tels se trouvent \u00e0 proximit\u00e9, mais seuls certains proposent des navettes a\u00e9roport, qu&rsquo;il faudra organiser et r\u00e9gler \u00e0 l&rsquo;avance.&nbsp;<\/p>\n\n\n\n<h2 class=\"wp-block-heading\">Quel a\u00e9roport choisir ?<\/h2>\n\n\n<figure>\n                    <div class=\"ms-credits\"><img decoding=\"async\" class=\"gb-image gb-image-fdfdffe8\" src=\"https:\/\/www.rome.info\/wp-content\/uploads\/f-arrivals-departures.jpg\"><span class='ms-credits__info' id='media952'><svg xmlns=\"http:\/\/www.w3.org\/2000\/svg\" width=\"20\" height=\"22\" fill=\"#000000\" viewBox=\"0 0 256 256\"><path d=\"M128,24A104,104,0,1,0,232,128,104.11,104.11,0,0,0,128,24Zm0,192a88,88,0,1,1,88-88A88.1,88.1,0,0,1,128,216ZM96,128a32,32,0,0,0,57.6,19.2,8,8,0,0,1,12.8,9.61,48,48,0,1,1,0-57.62,8,8,0,0,1-12.8,9.61A32,32,0,0,0,96,128Z\"><\/path><\/svg> | <a href=https:\/\/depositphotos.com\/13126672\/stock-photo-airport.html rel='nofollow' target='_blank'>Depositphotos<\/a><\/span><span class='ms-credits__btn' id='btn_media952' onclick='ms_credits_trigger(\"#media952\", this)'><svg xmlns=\"http:\/\/www.w3.org\/2000\/svg\" class=\"info_icon\" width=\"28\" height=\"28\" fill=\"#FFF\" viewBox=\"0 0 256 256\"><path d=\"M128,24A104,104,0,1,0,232,128,104.11,104.11,0,0,0,128,24Zm0,192a88,88,0,1,1,88-88A88.1,88.1,0,0,1,128,216Zm16-40a8,8,0,0,1-8,8,16,16,0,0,1-16-16V128a8,8,0,0,1,0-16,16,16,0,0,1,16,16v40A8,8,0,0,1,144,176ZM112,84a12,12,0,1,1,12,12A12,12,0,0,1,112,84Z\"><\/path><\/svg><svg xmlns=\"http:\/\/www.w3.org\/2000\/svg\" class=\"close_icon\" width=\"28\" height=\"28\" fill=\"#FFF\" viewBox=\"0 0 256 256\"><path d=\"M165.66,101.66,139.31,128l26.35,26.34a8,8,0,0,1-11.32,11.32L128,139.31l-26.34,26.35a8,8,0,0,1-11.32-11.32L116.69,128,90.34,101.66a8,8,0,0,1,11.32-11.32L128,116.69l26.34-26.35a8,8,0,0,1,11.32,11.32ZM232,128A104,104,0,1,1,128,24,104.11,104.11,0,0,1,232,128Zm-16,0a88,88,0,1,0-88,88A88.1,88.1,0,0,0,216,128Z\"><\/path><\/svg><\/span><\/div><\/figure>\n\n\n<p>Seules deux compagnies low-cost op\u00e8rent depuis Ciampino, \u00e0 savoir Wizzair et Ryanair, mais elles desservent plus de 50 pays. Si vous prenez un vol \u00e0 bas prix depuis l&rsquo;Europe, il y a de bonnes chances que vous atterrissiez \u00e0 Ciampino.<\/p>\n\n\n\n<p>Fiumicino dessert toutes les destinations internationales et hors Schengen, ainsi que les destinations nationales et Schengen. Certaines compagnies low-cost op\u00e8rent \u00e9galement depuis cet a\u00e9roport, alors si vous pr\u00e9f\u00e9rez ne pas voler vers Ciampino, vous avez toujours le choix.<\/p>\n\n\n\n<h2 class=\"wp-block-heading\">Transport<\/h2>\n\n\n\n<p>Fiumicino se trouve \u00e0 environ 30 km de Rome et Ciampino \u00e0 moiti\u00e9 moins, mais les deux a\u00e9roports offrent des connexions vers le centre-ville. Fiumicino est plus \u00e9loign\u00e9, mais il propose bien plus d&rsquo;options pour rejoindre le centre ; en revanche, le taxi depuis Ciampino revient beaucoup moins cher.&nbsp;<\/p>\n\n\n\n<p>Consultez notre <a href=\"https:\/\/www.rome.info\/fr\/aeroports-de-rome\/transfert-aeroport-rome\/\">page transfert a\u00e9roport<\/a> pour plus d&rsquo;informations sur ce sujet.<\/p>\n","protected":false},"excerpt":{"rendered":"","protected":false},"author":9,"featured_media":1227,"parent":0,"menu_order":0,"comment_status":"closed","ping_status":"closed","template":"","meta":{"_acf_changed":false,"footnotes":"","button_url":"https:\/\/www.tiqets.com\/fr\/rome-attractions-c71631\/?partner=romeinfo","ms_product_id":"","ms_product_name":"","ms_price":"","ms_currency":"","ms_rating_value":"","ms_review_count":"","rank_math_title":"A\u00e9roports de Rome : Comparez Fiumicino (FCO) et Ciampino (CIA)","rank_math_description":"Quel a\u00e9roport de Rome convient le mieux \u00e0 vos projets de voyage ? D\u00e9couvrez les principales diff\u00e9rences en termes d'emplacement, de services et de transferts. Conseils rapides pour vous aider \u00e0 choisir le bon pour votre voyage."},"post-style":[],"producer":[26],"class_list":["post-1080","page","type-page","status-publish","has-post-thumbnail"],"acf":[],"product_schema":{"ms_product_id":"","ms_product_name":"","ms_price":"","ms_currency":"","ms_rating_value":"","ms_review_count":""},"_links":{"self":[{"href":"https:\/\/www.rome.info\/fr\/wp-json\/wp\/v2\/pages\/1080","targetHints":{"allow":["GET"]}}],"collection":[{"href":"https:\/\/www.rome.info\/fr\/wp-json\/wp\/v2\/pages"}],"about":[{"href":"https:\/\/www.rome.info\/fr\/wp-json\/wp\/v2\/types\/page"}],"author":[{"embeddable":true,"href":"https:\/\/www.rome.info\/fr\/wp-json\/wp\/v2\/users\/9"}],"replies":[{"embeddable":true,"href":"https:\/\/www.rome.info\/fr\/wp-json\/wp\/v2\/comments?post=1080"}],"version-history":[{"count":1,"href":"https:\/\/www.rome.info\/fr\/wp-json\/wp\/v2\/pages\/1080\/revisions"}],"predecessor-version":[{"id":1133,"href":"https:\/\/www.rome.info\/fr\/wp-json\/wp\/v2\/pages\/1080\/revisions\/1133"}],"wp:featuredmedia":[{"embeddable":true,"href":"https:\/\/www.rome.info\/fr\/wp-json\/wp\/v2\/media\/1227"}],"wp:attachment":[{"href":"https:\/\/www.rome.info\/fr\/wp-json\/wp\/v2\/media?parent=1080"}],"wp:term":[{"taxonomy":"post-style","embeddable":true,"href":"https:\/\/www.rome.info\/fr\/wp-json\/wp\/v2\/post-style?post=1080"},{"taxonomy":"producer","embeddable":true,"href":"https:\/\/www.rome.info\/fr\/wp-json\/wp\/v2\/producer?post=1080"}],"curies":[{"name":"wp","href":"https:\/\/api.w.org\/{rel}","templated":true}]}}