{"id":1077,"date":"2026-04-21T11:23:41","date_gmt":"2026-04-21T11:23:41","guid":{"rendered":"https:\/\/www.rome.info\/fr\/?page_id=1077"},"modified":"2026-04-21T11:23:41","modified_gmt":"2026-04-21T11:23:41","slug":"pass-touristiques","status":"publish","type":"page","link":"https:\/\/www.rome.info\/fr\/pass-touristiques\/","title":{"rendered":"Pass et cartes touristiques de Rome"},"content":{"rendered":"\n<p class=\"is-style-lead\">Rome accueille chaque ann\u00e9e des millions de visiteurs. Comme on peut s&rsquo;y attendre, les <a href=\"https:\/\/www.rome.info\/fr\/attractions\/\">sites touristiques de la ville<\/a> sont souvent bond\u00e9s et les files d&rsquo;attente peuvent \u00eatre extr\u00eamement longues, surtout en haute saison.<\/p>\n\n\n\n<div class=\"ms-rounded ms-mb-last-child-0 ms-mb-block ms-tfs--contrast ms-p ms-tfs\">\n<h3 class=\"gb-text\">Vous ne savez pas quel pass choisir ?<\/h3>\n\n\n\n<p class=\"gb-text\">Comparez les 6 pass touristiques de Rome c\u00f4te \u00e0 c\u00f4te : attractions incluses et \u00e9conomies potentielles pour chacun.<\/p>\n\n\n\n<p class=\"gb-text\"><a href=\"https:\/\/www.rome.info\/fr\/pass-touristiques\/comparatif\/\" data-type=\"link\" data-id=\"https:\/\/www.rome.info\/fr\/pass-touristiques\/comparatif\/\">Voir le guide comparatif complet \u2192<\/a><\/p>\n<\/div>\n\n\n\n<h2 class=\"gb-text ms-text-context ms-text-lg\">Pass touristiques<\/h2>\n\n\n\n<hr class=\"wp-block-separator has-alpha-channel-opacity\"\/>\n\n\n\n<div class=\"ms-mb-block\"><div class=\"ms-card-looper\">\n<div class=\"gb-loop-item post-1081 page type-page status-publish has-post-thumbnail\">\n<div class=\"ms-card-h ms-card\">\n<aside class=\"gb-element-59385eea\">\n<img decoding=\"async\" alt=\"\" data-media-id=\"995\" class=\"ms-rounded ms-card-h__image ms-card__image\" src=\"https:\/\/www.rome.info\/wp-content\/uploads\/rome-tourist-card-1754904695-768x432.jpg\"\/>\n<\/aside>\n\n\n\n<header class=\"ms-p-sm\">\n<h2 class=\"gb-text ms-text-lg ms-card-h__title ms-container-link ms-link-unstyled\"><a href=\"https:\/\/www.rome.info\/fr\/pass-touristiques\/rome-tourist-card\/\">Rome Tourist Card<\/a><\/h2>\n\n\n\n<p class=\"gb-text ms-text-sm ms-mb-0 ms-card-h__excerpt\">Acc\u00e8s coupe-file au Colis\u00e9e, aux Mus\u00e9es du Vatican, au Panth\u00e9on, \u00e0 la Basilique Saint-Pierre et plus encore, avec un audioguide de la ville.<\/p>\n<\/header>\n<\/div>\n<\/div>\n\n<div class=\"gb-loop-item post-1082 page type-page status-publish has-post-thumbnail\">\n<div class=\"ms-card-h ms-card\">\n<aside class=\"gb-element-59385eea\">\n<img decoding=\"async\" alt=\"\" data-media-id=\"996\" class=\"ms-rounded ms-card-h__image ms-card__image\" src=\"https:\/\/www.rome.info\/wp-content\/uploads\/roma-pass-1754904693-768x432.jpg\"\/>\n<\/aside>\n\n\n\n<header class=\"ms-p-sm\">\n<h2 class=\"gb-text ms-text-lg ms-card-h__title ms-container-link ms-link-unstyled\"><a href=\"https:\/\/www.rome.info\/fr\/pass-touristiques\/roma-pass\/\">Roma Pass<\/a><\/h2>\n\n\n\n<p class=\"gb-text ms-text-sm ms-mb-0 ms-card-h__excerpt\">Entr\u00e9e gratuite \u00e0 1 ou 2 attractions majeures, transports en commun illimit\u00e9s pendant 72 h et acc\u00e8s coupe-file.<\/p>\n<\/header>\n<\/div>\n<\/div>\n\n<div class=\"gb-loop-item post-1083 page type-page status-publish has-post-thumbnail\">\n<div class=\"ms-card-h ms-card\">\n<aside class=\"gb-element-59385eea\">\n<img decoding=\"async\" alt=\"\" data-media-id=\"987\" class=\"ms-rounded ms-card-h__image ms-card__image\" src=\"https:\/\/www.rome.info\/wp-content\/uploads\/go-city-rome-explorer-pass-1769200840-768x432.jpg\"\/>\n<\/aside>\n\n\n\n<header class=\"ms-p-sm\">\n<h2 class=\"gb-text ms-text-lg ms-card-h__title ms-container-link ms-link-unstyled\"><a href=\"https:\/\/www.rome.info\/fr\/pass-touristiques\/rome-explorer-pass\/\">Go City : Rome Explorer Pass<\/a><\/h2>\n\n\n\n<p class=\"gb-text ms-text-sm ms-mb-0 ms-card-h__excerpt\">Choisissez 2 \u00e0 7 attractions parmi plus de 40 options : Colis\u00e9e, Mus\u00e9es du Vatican et bien d&rsquo;autres, dans les 30 jours suivant l&rsquo;activation.<\/p>\n<\/header>\n<\/div>\n<\/div>\n\n<div class=\"gb-loop-item post-1084 page type-page status-publish has-post-thumbnail\">\n<div class=\"ms-card-h ms-card\">\n<aside class=\"gb-element-59385eea\">\n<img decoding=\"async\" alt=\"\" data-media-id=\"1228\" class=\"ms-rounded ms-card-h__image ms-card__image\" src=\"https:\/\/www.rome.info\/wp-content\/uploads\/vatican-city-pass-1747300138-768x432.jpg\"\/>\n<\/aside>\n\n\n\n<header class=\"ms-p-sm\">\n<h2 class=\"gb-text ms-text-lg ms-card-h__title ms-container-link ms-link-unstyled\"><a href=\"https:\/\/www.rome.info\/fr\/pass-touristiques\/vatican-city-pass\/\">Vatican City Pass<\/a><\/h2>\n\n\n\n<p class=\"gb-text ms-text-sm ms-mb-0 ms-card-h__excerpt\">Entr\u00e9e coupe-file et visites guid\u00e9es des principaux sites du Vatican, plus un audioguide de la ville.<\/p>\n<\/header>\n<\/div>\n<\/div>\n\n<div class=\"gb-loop-item post-1085 page type-page status-publish has-post-thumbnail\">\n<div class=\"ms-card-h ms-card\">\n<aside class=\"gb-element-59385eea\">\n<img decoding=\"async\" alt=\"\" data-media-id=\"985\" class=\"ms-rounded ms-card-h__image ms-card__image\" src=\"https:\/\/www.rome.info\/wp-content\/uploads\/turbopass-rome-1-1769540133-768x432.jpg\"\/>\n<\/aside>\n\n\n\n<header class=\"ms-p-sm\">\n<h2 class=\"gb-text ms-text-lg ms-card-h__title ms-container-link ms-link-unstyled\"><a href=\"https:\/\/www.rome.info\/fr\/pass-touristiques\/turbopass\/\">Turbopass Rome<\/a><\/h2>\n\n\n\n<p class=\"gb-text ms-text-sm ms-mb-0 ms-card-h__excerpt\">Acc\u00e8s \u00e0 plus de 20 attractions dont le Panth\u00e9on et le Ch\u00e2teau Saint-Ange, bus hop-on hop-off 48 h et visites guid\u00e9es inclus.<\/p>\n<\/header>\n<\/div>\n<\/div>\n\n<div class=\"gb-loop-item post-1087 page type-page status-publish has-post-thumbnail\">\n<div class=\"ms-card-h ms-card\">\n<aside class=\"gb-element-59385eea\">\n<img decoding=\"async\" alt=\"\" data-media-id=\"993\" class=\"ms-rounded ms-card-h__image ms-card__image\" src=\"https:\/\/www.rome.info\/wp-content\/uploads\/omnia-card-1754973489-768x432.jpg\"\/>\n<\/aside>\n\n\n\n<header class=\"ms-p-sm\">\n<h2 class=\"gb-text ms-text-lg ms-card-h__title ms-container-link ms-link-unstyled\"><a href=\"https:\/\/www.rome.info\/fr\/pass-touristiques\/omnia-card\/\">Omnia Card<\/a><\/h2>\n\n\n\n<p class=\"gb-text ms-text-sm ms-mb-0 ms-card-h__excerpt\">Entr\u00e9e rapide au Vatican, bus hop-on hop-off et bien plus : choisissez la formule 24 h ou 72 h avec des avantages suppl\u00e9mentaires.<\/p>\n<\/header>\n<\/div>\n<\/div>\n<\/div><\/div>\n\n\n\n<p class=\"is-style-lead\">Il est toutefois possible d&rsquo;acheter des billets coupe-file qui vous font gagner du temps tout en donnant acc\u00e8s \u00e0 des mus\u00e9es gratuits et \u00e0 d&rsquo;autres r\u00e9ductions importantes. En vous procurant une carte de r\u00e9duction pour Rome, vous pouvez organiser tous vos billets avant m\u00eame votre arriv\u00e9e.<\/p>\n\n\n\n<div class=\"ms-rounded ms-mb-last-child-0 ms-mb-block ms-tfs--contrast ms-p ms-tfs\">\n<h3 class=\"gb-text\">Vous cherchez des billets pour des attractions s\u00e9par\u00e9es ?<\/h3>\n\n\n\n<p class=\"gb-text\">Consultez notre guide complet des attractions de Rome, couvrant le Colis\u00e9e, les Mus\u00e9es du Vatican, la Galerie Borgh\u00e8se et bien d&rsquo;autres.<\/p>\n\n\n\n<p class=\"gb-text\"><a href=\"https:\/\/www.rome.info\/fr\/attractions\/\" data-type=\"link\" data-id=\"https:\/\/www.rome.info\/fr\/pass-touristiques\/comparatif\/\">Voir tous les billets d&rsquo;attractions de Rome \u2192<\/a><\/p>\n<\/div>\n","protected":false},"excerpt":{"rendered":"","protected":false},"author":9,"featured_media":0,"parent":0,"menu_order":0,"comment_status":"closed","ping_status":"closed","template":"","meta":{"_acf_changed":false,"footnotes":"","button_url":"https:\/\/www.tiqets.com\/fr\/rome-city-cards-l201350\/?partner=romeinfo","ms_product_id":"","ms_product_name":"","ms_price":"","ms_currency":"","ms_rating_value":"","ms_review_count":"","rank_math_title":"Rome City Passes : Les 6 meilleures cartes touristiques en %currentyear%","rank_math_description":"D\u00e9couvrez les meilleures cartes touristiques de Rome en %currentyear% : Rome Tourist Card, Vatican City Pass, Roma Pass, Omnia Card, Go City Rome Explorer Pass, Rome Turbopass. Comparez les options pour explorer les attractions principales et gagner du temps."},"post-style":[],"producer":[],"class_list":["post-1077","page","type-page","status-publish","has-post-thumbnail"],"acf":[],"product_schema":{"ms_product_id":"","ms_product_name":"","ms_price":"","ms_currency":"","ms_rating_value":"","ms_review_count":""},"_links":{"self":[{"href":"https:\/\/www.rome.info\/fr\/wp-json\/wp\/v2\/pages\/1077","targetHints":{"allow":["GET"]}}],"collection":[{"href":"https:\/\/www.rome.info\/fr\/wp-json\/wp\/v2\/pages"}],"about":[{"href":"https:\/\/www.rome.info\/fr\/wp-json\/wp\/v2\/types\/page"}],"author":[{"embeddable":true,"href":"https:\/\/www.rome.info\/fr\/wp-json\/wp\/v2\/users\/9"}],"replies":[{"embeddable":true,"href":"https:\/\/www.rome.info\/fr\/wp-json\/wp\/v2\/comments?post=1077"}],"version-history":[{"count":1,"href":"https:\/\/www.rome.info\/fr\/wp-json\/wp\/v2\/pages\/1077\/revisions"}],"predecessor-version":[{"id":1130,"href":"https:\/\/www.rome.info\/fr\/wp-json\/wp\/v2\/pages\/1077\/revisions\/1130"}],"wp:attachment":[{"href":"https:\/\/www.rome.info\/fr\/wp-json\/wp\/v2\/media?parent=1077"}],"wp:term":[{"taxonomy":"post-style","embeddable":true,"href":"https:\/\/www.rome.info\/fr\/wp-json\/wp\/v2\/post-style?post=1077"},{"taxonomy":"producer","embeddable":true,"href":"https:\/\/www.rome.info\/fr\/wp-json\/wp\/v2\/producer?post=1077"}],"curies":[{"name":"wp","href":"https:\/\/api.w.org\/{rel}","templated":true}]}}