{"id":258,"date":"2026-04-24T06:56:37","date_gmt":"2026-04-24T06:56:37","guid":{"rendered":"https:\/\/www.rome.info\/es\/?page_id=258"},"modified":"2026-04-24T10:20:53","modified_gmt":"2026-04-24T10:20:53","slug":"tranvia","status":"publish","type":"page","link":"https:\/\/www.rome.info\/es\/transporte\/transporte-publico\/tranvia\/","title":{"rendered":"Tranv\u00edas en Roma"},"content":{"rendered":"\n<p class=\"is-style-lead\">Aunque no es el medio de transporte p\u00fablico m\u00e1s extendido de la ciudad, se cita a menudo como la opci\u00f3n m\u00e1s limpia y fluida y puede ayudarte a llegar al Vaticano y al Coliseo, as\u00ed como al barrio gastron\u00f3mico de Trastevere.<\/p>\n\n\n\n<p>Aqu\u00ed tienes todo lo que necesitas saber.<\/p>\n\n\n<figure>\n                    <div class=\"ms-credits\"><img decoding=\"async\" class=\"gb-image gb-image-9b59990c\" src=\"https:\/\/www.rome.info\/wp-content\/uploads\/rome-tram-1747627226.jpg\" alt=\"Tranv\u00eda de la l\u00ednea 8 circulando por Largo Argentina en Roma.\" title=\"rome-tram-1747627226\"><span class='ms-credits__info' id='media2913'><svg xmlns=\"http:\/\/www.w3.org\/2000\/svg\" width=\"20\" height=\"22\" fill=\"#000000\" viewBox=\"0 0 256 256\"><path d=\"M128,24A104,104,0,1,0,232,128,104.11,104.11,0,0,0,128,24Zm0,192a88,88,0,1,1,88-88A88.1,88.1,0,0,1,128,216ZM96,128a32,32,0,0,0,57.6,19.2,8,8,0,0,1,12.8,9.61,48,48,0,1,1,0-57.62,8,8,0,0,1-12.8,9.61A32,32,0,0,0,96,128Z\"><\/path><\/svg>rarrarorro\/<a href=https:\/\/depositphotos.com\/editorial\/tram-in-rome-154958088.html rel='nofollow' target='_blank'>Depositphotos<\/a><\/span><span class='ms-credits__btn' id='btn_media2913' onclick='ms_credits_trigger(\"#media2913\", this)'><svg xmlns=\"http:\/\/www.w3.org\/2000\/svg\" class=\"info_icon\" width=\"28\" height=\"28\" fill=\"#FFF\" viewBox=\"0 0 256 256\"><path d=\"M128,24A104,104,0,1,0,232,128,104.11,104.11,0,0,0,128,24Zm0,192a88,88,0,1,1,88-88A88.1,88.1,0,0,1,128,216Zm16-40a8,8,0,0,1-8,8,16,16,0,0,1-16-16V128a8,8,0,0,1,0-16,16,16,0,0,1,16,16v40A8,8,0,0,1,144,176ZM112,84a12,12,0,1,1,12,12A12,12,0,0,1,112,84Z\"><\/path><\/svg><svg xmlns=\"http:\/\/www.w3.org\/2000\/svg\" class=\"close_icon\" width=\"28\" height=\"28\" fill=\"#FFF\" viewBox=\"0 0 256 256\"><path d=\"M165.66,101.66,139.31,128l26.35,26.34a8,8,0,0,1-11.32,11.32L128,139.31l-26.34,26.35a8,8,0,0,1-11.32-11.32L116.69,128,90.34,101.66a8,8,0,0,1,11.32-11.32L128,116.69l26.34-26.35a8,8,0,0,1,11.32,11.32ZM232,128A104,104,0,1,1,128,24,104.11,104.11,0,0,1,232,128Zm-16,0a88,88,0,1,0-88,88A88.1,88.1,0,0,0,216,128Z\"><\/path><\/svg><\/span><\/div><\/figure>\n\n\n<h2 class=\"wp-block-heading\">L\u00edneas de tranv\u00eda<\/h2>\n\n\n\n<p>Hay seis l\u00edneas en total que, para confundir un poco m\u00e1s, no est\u00e1n numeradas del uno al seis.<\/p>\n\n\n\n<ul class=\"wp-block-list\">\n<li>L\u00ednea 2: Piazza Flaminio &#8211; Piazza Mancini.<\/li>\n\n\n\n<li>L\u00ednea 3: Valle Giulia &#8211; Trastevere.<\/li>\n\n\n\n<li>L\u00ednea 5: Roma Termini &#8211; Piazza dei Gerani.&nbsp;<\/li>\n\n\n\n<li>L\u00ednea 8: Piazza Venezia &#8211; Via del Casaletto (Trastevere)<\/li>\n\n\n\n<li>L\u00ednea 14: Termini &#8211; Togliatti.<\/li>\n\n\n\n<li>L\u00ednea 19: Piazza Risorgimento (cerca del Vaticano) &#8211; Piazza dei Gerani.&nbsp;<\/li>\n<\/ul>\n\n\n\n<p>Generalmente circulan cada 5-10 minutos, aunque la espera ser\u00e1 mayor los domingos cuando hay menos tranv\u00edas en funcionamiento.<\/p>\n\n\n\n<p>La mayor\u00eda de las l\u00edneas de tranv\u00eda no son especialmente \u00fatiles para los turistas, ya que no paran en el centro hist\u00f3rico y no cubren una amplia zona de Roma. Muchas tambi\u00e9n te llevar\u00e1n cerca de otras <a href=\"https:\/\/www.rome.info\/es\/transporte\/\">formas de transporte<\/a> como el <a href=\"https:\/\/www.rome.info\/es\/transporte\/transporte-publico\/metro\/\">metro<\/a> y las <a href=\"https:\/\/www.rome.info\/es\/transporte\/trenes\/\">estaciones de tren<\/a>.<\/p>\n\n\n\n<p>Las l\u00edneas m\u00e1s \u00fatiles son la 3, la 8 y la 19; la n\u00famero 3 te lleva al frondoso barrio de Trastevere desde la <a href=\"https:\/\/www.rome.info\/es\/atracciones\/villa-borghese\/\">Villa Borghese<\/a>, parando en el <a href=\"https:\/\/www.rome.info\/es\/atracciones\/coliseo\/\" data-type=\"link\" data-id=\"https:\/\/www.rome.info\/es\/atracciones\/coliseo\/\">Coliseo<\/a> por el camino. La l\u00ednea 8 circula por el centro hasta Trastevere, mientras que la 19 te lleva al Vaticano.<\/p>\n\n\n\n<h2 class=\"wp-block-heading\">C\u00f3mo usar los tranv\u00edas en Roma<\/h2>\n\n\n\n<h3 class=\"wp-block-heading\">Tarifas y billetes de tranv\u00eda<\/h3>\n\n\n\n<p>En Roma, los billetes que compras son v\u00e1lidos para todos los tipos de transporte p\u00fablico dentro de la ciudad. Ten en cuenta que tendr\u00e1s que comprar los billetes de antemano. Algunos tranv\u00edas ahora tienen un billete electr\u00f3nico de tap-on tap-off con el que puedes pagar con tarjeta de cr\u00e9dito, pero en la mayor\u00eda de los casos no hay forma de comprar billetes a bordo del tranv\u00eda.&nbsp;<\/p>\n\n\n\n<p>Puedes comprar billetes en las m\u00e1quinas expendedoras de las principales paradas de autob\u00fas, en las estaciones de metro y en los estancos (Tabacchi). Estos \u00faltimos son reconocibles porque suelen estar marcados con una gran T en el exterior.&nbsp;<\/p>\n\n\n\n<p>Si prefieres un billete sin papel, puedes descargar la aplicaci\u00f3n TicketAppy, la aplicaci\u00f3n oficial de la empresa de transporte p\u00fablico de Roma.&nbsp;<\/p>\n\n\n\n<p>Un e-ticket en TicketAppy:<\/p>\n\n\n\n<p>Ten en cuenta que si decides usar el tranv\u00eda sin billete, podr\u00edas recibir una multa de 50 a 100 \u20ac.<\/p>\n\n\n\n<h3 class=\"wp-block-heading\">Billete de trayecto individual<\/h3>\n\n\n\n<p>Es bastante asequible (2,00 \u20ac) y es v\u00e1lido durante 100 minutos desde el momento del estampado. Se puede usar en dos o m\u00e1s tranv\u00edas o autobuses en 100 minutos. Se incluye un trayecto en metro o en tren urbano.<\/p>\n\n\n\n<h3 class=\"wp-block-heading\">Billete de 24 horas&nbsp;<\/h3>\n\n\n\n<p>Este billete es econ\u00f3mico si planeas coger varios tranv\u00edas, autobuses y viajes en metro durante el d\u00eda. Por 7 \u20ac, tendr\u00e1s uso ilimitado del transporte p\u00fablico en Roma desde la primera vez que se estampa y durante las siguientes 24 horas<\/p>\n\n\n\n<h3 class=\"wp-block-heading\">Billete de 48 horas<\/h3>\n\n\n\n<p>El abono de 48 horas funciona igual que el de 24 horas. Cuesta 12,50 \u20ac.<\/p>\n\n\n\n<h3 class=\"wp-block-heading\">Billete de 72 horas:&nbsp;<\/h3>\n\n\n\n<p>A 18 \u20ac, es una de las mejores opciones si visitas Roma durante el fin de semana.&nbsp;<\/p>\n\n\n\n<h3 class=\"wp-block-heading\">Abono semanal (CIS):&nbsp;<\/h3>\n\n\n\n<p>El abono semanal se puede usar desde la primera vez que se estampa hasta medianoche del s\u00e9ptimo d\u00eda. Cuesta 24 \u20ac.<\/p>\n\n\n\n<h3 class=\"wp-block-heading\">Roma Pass<\/h3>\n\n\n\n<p>Una opci\u00f3n diferente es comprar un <a href=\"https:\/\/www.rome.info\/es\/pases-turisticos\/roma-pass\/\">Roma Pass<\/a> para turistas. El Roma Pass te dar\u00e1 descuentos tanto en el transporte p\u00fablico como en algunas <a href=\"https:\/\/www.rome.info\/es\/atracciones\/\">atracciones<\/a>. Est\u00e1 disponible en la mayor\u00eda de las oficinas de informaci\u00f3n tur\u00edstica.&nbsp;<\/p>\n\n\n\n<h2 class=\"wp-block-heading\">Planifica tu viaje<\/h2>\n\n\n\n<p>Para planificar tu viaje, puedes consultar el mapa del sistema de tranv\u00edas. Los mapas muestran todas las l\u00edneas codificadas por colores y el n\u00famero de paradas. Todas las conexiones entre los tranv\u00edas y el metro tambi\u00e9n se muestran en los mapas, lo que facilita la planificaci\u00f3n del viaje.<\/p>\n\n\n\n<p>Cada l\u00ednea tiene su propio color:<\/p>\n\n\n\n<ul class=\"wp-block-list\">\n<li>L\u00ednea 2: azul oscuro.<\/li>\n\n\n\n<li>L\u00ednea 3: verde.<\/li>\n\n\n\n<li>L\u00ednea 5: rojo.<\/li>\n\n\n\n<li>L\u00ednea 8: amarillo\/lima.<\/li>\n\n\n\n<li>L\u00ednea 14: azul claro.<\/li>\n\n\n\n<li>L\u00ednea 19: naranja.<\/li>\n<\/ul>\n\n\n\n<p>Para ver un mapa de la red de tranv\u00edas de Roma:<\/p>\n\n\n\n<ul class=\"wp-block-list\">\n<li>Visita el <a href=\"https:\/\/www.atac.roma.it\/en\/utility\/maps\" rel=\"nofollow noopener\"><strong>sitio web oficial de ATAC<\/strong><\/a>. Podr\u00e1s descargar uno actualizado e imprimible.<\/li>\n\n\n\n<li>Echa un vistazo a algunos de los mapas de paradas de tranv\u00eda en la mayor\u00eda de las estaciones de metro y dentro de la mayor\u00eda de los tranv\u00edas.&nbsp;<\/li>\n\n\n\n<li>Usa apps como Google Maps, CityMapper y Moovit.<\/li>\n<\/ul>\n\n\n\n<p>Encuentra tu parada y espera a que llegue el tranv\u00eda. Cuando todos los pasajeros hayan bajado, puedes subir.<\/p>\n\n\n\n<h3 class=\"wp-block-heading\">Validar el billete<\/h3>\n\n\n\n<p>Una vez que hayas subido a bordo, debes validar el billete de papel usando una de las m\u00e1quinas. Introduce el extremo con la flecha en la ranura y la m\u00e1quina estampar\u00e1 el billete. Si una de las m\u00e1quinas est\u00e1 averiada, debes escribir la hora y la fecha en el billete, as\u00ed que lleva un bol\u00edgrafo.<\/p>\n\n\n\n<h3 class=\"wp-block-heading\">Bajar del tranv\u00eda<\/h3>\n\n\n\n<p>A diferencia del metro, las paradas del tranv\u00eda no se anuncian. As\u00ed que para saber d\u00f3nde debes bajar, puedes:<\/p>\n\n\n\n<ul class=\"wp-block-list\">\n<li>Usa una aplicaci\u00f3n como Google Maps que te indique cu\u00e1ndo has llegado a tu parada deseada.<\/li>\n\n\n\n<li>Cuenta las paradas de antemano y baja cuando hayas llegado a la parada correcta.<\/li>\n\n\n\n<li>Mira por la ventana y lee el nombre de tu destino en la parte superior de la parada.<\/li>\n<\/ul>\n\n\n\n<p>Cuando quieras que el conductor pare en la estaci\u00f3n, pulsa el timbre rojo o el bot\u00f3n de parada.<\/p>\n\n\n\n<h2 class=\"wp-block-heading\">Etiqueta<\/h2>\n\n\n\n<p>Como con todos los transportes, es de buena educaci\u00f3n dejar que la gente baje del tranv\u00eda antes de subir. Ten en cuenta que hay asientos que dan prioridad a las personas mayores y las personas con discapacidad. Aseg\u00farate de estar listo para liberar estos asientos cuando suban.<\/p>\n\n\n\n<h2 class=\"wp-block-heading\">Accesibilidad y consejos de seguridad<\/h2>\n\n\n\n<p>El acceso para sillas de ruedas en los tranv\u00edas romanos es limitado. Por lo tanto, es posible que tengas que esperar a uno que sea accesible. Los tranv\u00edas m\u00e1s antiguos tienen dos escalones para acceder a ellos. Los modelos m\u00e1s nuevos est\u00e1n equipados con suelos a nivel del and\u00e9n para facilitar el acceso en silla de ruedas.&nbsp;&nbsp;<\/p>\n\n\n\n<p>Roma es una ciudad grande, pero bastante segura. El sentido com\u00fan al usar los tranv\u00edas ser\u00e1 suficiente para evitar situaciones desagradables: mant\u00e9n las bolsas con la cremallera cerrada y vigila los bolsillos, especialmente al subir o bajar del tranv\u00eda. Desgraciadamente, puede haber carteristas.<\/p>\n\n\n\n<h2 class=\"wp-block-heading\">Atracciones cercanas<\/h2>\n\n\n\n<h3 class=\"wp-block-heading\">L\u00ednea 2<\/h3>\n\n\n\n<p>Desde el Piazzale Flaminio, a pocos pasos de la <a href=\"https:\/\/www.rome.info\/es\/atracciones\/villa-borghese\/\">Villa Borghese<\/a> y la <a href=\"https:\/\/www.rome.info\/attractions\/piazza-di-spagna\/\">Escalinata de la Trinit\u00e0 dei Monti<\/a>, puedes coger la l\u00ednea 2 del tranv\u00eda.&nbsp;<\/p>\n\n\n\n<ul class=\"wp-block-list\">\n<li>Dir\u00edgete a la Piazza Mancini para asistir a un partido de f\u00fatbol del <a href=\"https:\/\/www.rome.info\/as-roma\/\">equipo AS Roma<\/a> en el Estadio Ol\u00edmpico. A distancia a pie tambi\u00e9n encontrar\u00e1s el MAXXI, el Museo de Arte del siglo XX de Roma.<\/li>\n\n\n\n<li>Baja en el Piazzale Flaminio para pasear por la Via del Corso<\/li>\n<\/ul>\n\n\n\n<h3 class=\"wp-block-heading\">L\u00ednea 3<\/h3>\n\n\n\n<p>Si eres turista, esta l\u00ednea llega a varios puntos de inter\u00e9s tur\u00edstico interesantes.<\/p>\n\n\n\n<ul class=\"wp-block-list\">\n<li>Baja en la parada del Coliseo. A distancia a pie llegar\u00e1s al famoso <a href=\"https:\/\/www.rome.info\/es\/atracciones\/coliseo\/\">Coliseo<\/a><strong>, <\/strong>el <a href=\"https:\/\/www.rome.info\/es\/atracciones\/foro-romano\/\">Foro Romano<\/a> y el <a href=\"https:\/\/www.rome.info\/es\/atracciones\/monte-palatino\/\">Monte Palatino<\/a>.<\/li>\n\n\n\n<li>Si quieres visitar el <a href=\"https:\/\/www.rome.info\/es\/atracciones\/circo-maximo\/\">Circo M\u00e1ximo<\/a> y el monte Aventino, para en Aventino \/ Circo Massimo. Tambi\u00e9n encontrar\u00e1s aqu\u00ed una parada de metro de la l\u00ednea B.<\/li>\n\n\n\n<li><a href=\"https:\/\/www.rome.info\/plan\/map\/trastevere\/\">Trastevere<\/a> es una zona popular para quienes quieren disfrutar de la gastronom\u00eda y la vida nocturna romana. Puedes visitar muchos restaurantes y bares aqu\u00ed, perfectos para comer o para tomar algo por la tarde. Baja en la parada Belli.<\/li>\n<\/ul>\n\n\n\n<h3 class=\"wp-block-heading\">L\u00ednea 19<\/h3>\n\n\n\n<ul class=\"wp-block-list\">\n<li>Esto te llevar\u00e1 a los Museos Vaticanos y a la Bas\u00edlica de San Pedro. Usa la parada Piazza del Risorgimento y desde all\u00ed hay un corto paseo.<\/li>\n<\/ul>\n\n\n\n<h3 class=\"wp-block-heading\">L\u00ednea 5&nbsp;<\/h3>\n\n\n\n<p>Este tranv\u00eda te lleva a los barrios alternativos del este de Roma.&nbsp;<\/p>\n\n\n\n<ul class=\"wp-block-list\">\n<li>Baja en Porta Maggiore para llegar a San Lorenzo, una zona animada frecuentada por estudiantes universitarios.&nbsp;<\/li>\n\n\n\n<li>Dir\u00edgete al Piazzale Prenestino para tomar un aperitivo como un local en la zona de Pigneto.<\/li>\n<\/ul>\n\n\n\n<h3 class=\"wp-block-heading\">L\u00ednea 8<\/h3>\n\n\n\n<ul class=\"wp-block-list\">\n<li>La parada de tranv\u00eda Piazza Venezia es ideal para la zona de la Via del Corso, famosa por sus tiendas.<\/li>\n\n\n\n<li>Desde la parada Arenula \/ Cairoli puedes llegar a la impresionante <a href=\"https:\/\/www.rome.info\/attractions\/piazza-navona\/\">Piazza Navona<\/a> y al <a href=\"https:\/\/www.rome.info\/es\/atracciones\/campo-de-fiori\/\">Campo de&#8217; Fiori<\/a><\/li>\n\n\n\n<li>Dir\u00edgete a la parada Casaletto para llegar a la Villa Pamphili, el parque m\u00e1s grande de Roma. Desde la Via del Casaletto, puedes coger un autob\u00fas o caminar unos 20 minutos.<\/li>\n\n\n\n<li>Al igual que la l\u00ednea 3, el tranv\u00eda 8 para en Trastevere y est\u00e1 a pocos pasos del <a href=\"https:\/\/www.rome.info\/areas\/jewish-ghetto\/\">Barrio Jud\u00edo<\/a> de Roma. Busca las paradas Belli, Arenula \/ Ministero Giustizia y Trastevere \/ Mastai<\/li>\n<\/ul>\n\n\n\n<h2 class=\"wp-block-heading\">Consejos de viaje en tranv\u00eda para turistas&nbsp;<\/h2>\n\n\n\n<p>Simplemente planificar tu viaje y seguir nuestros consejos de seguridad deber\u00eda ser suficiente para garantizar un viaje fluido y f\u00e1cil.&nbsp;<\/p>\n\n\n\n<p>Comprar el billete con bastante antelaci\u00f3n (no 5 minutos antes) tambi\u00e9n puede ayudar, y si compras billetes individuales, coge varios a la vez: te ahorrar\u00e1 un viaje al estanco cuando est\u00e9s corriendo hacia una parada de tranv\u00eda. Recuerda siempre validar el billete o arriesgarte a una multa elevada.<\/p>\n\n\n\n<p>Evitar las horas m\u00e1s concurridas del d\u00eda tambi\u00e9n har\u00e1 tu viaje m\u00e1s agradable.<\/p>\n\n\n\n<h2 class=\"wp-block-heading\">Preguntas frecuentes<\/h2>\n\n\n\n<h3 class=\"wp-block-heading\"><strong>\u00bfSiguen existiendo tranv\u00edas en Roma?<\/strong><\/h3>\n\n\n\n<p>S\u00ed, siguen existiendo tranv\u00edas en Roma. Con solo seis l\u00edneas, no es el sistema m\u00e1s extenso, pero desde luego existen.<\/p>\n\n\n\n<h3 class=\"wp-block-heading\"><strong>\u00bfSon gratuitos los tranv\u00edas en Roma?<\/strong><\/h3>\n\n\n\n<p>No, los tranv\u00edas no son gratuitos. Aunque es posible que no te revisen el billete cada vez (el conductor no inspecciona los billetes), s\u00ed se realizan inspecciones aleatorias. No querr\u00e1s que te pillen sin billete.<\/p>\n\n\n\n<h3 class=\"wp-block-heading\"><strong>\u00bfC\u00f3mo se usa el tranv\u00eda en Roma?<\/strong><\/h3>\n\n\n\n<p>Simplemente compra un billete de antemano, dir\u00edgete a tu parada y sube. No olvides validar el billete en la peque\u00f1a m\u00e1quina amarilla a bordo.<\/p>\n\n\n\n<h3 class=\"wp-block-heading\"><strong>\u00bfC\u00f3mo se paga el tranv\u00eda en Italia?<\/strong><\/h3>\n\n\n\n<p>Compras un billete o abono antes de subir. Esto puede ser en una m\u00e1quina expendedora en una estaci\u00f3n de metro o en una gran parada de autob\u00fas, pero quiz\u00e1s m\u00e1s f\u00e1cilmente en las tiendas \u00abTabacchi\u00bb, que son b\u00e1sicamente estancos y est\u00e1n repartidos por toda la ciudad.<\/p>\n","protected":false},"excerpt":{"rendered":"","protected":false},"author":9,"featured_media":408,"parent":238,"menu_order":0,"comment_status":"closed","ping_status":"closed","template":"","meta":{"_acf_changed":false,"footnotes":"","button_url":"https:\/\/www.tiqets.com\/es\/public-transport-rome-tickets-l236356\/?partner=romeinfo","ms_product_id":"","ms_product_name":"","ms_price":"","ms_currency":"","ms_rating_value":"","ms_review_count":"","rank_math_title":"Tranv\u00edas de Roma: mapa, l\u00edneas, billetes y consejos para moverte por la ciudad","rank_math_description":"Planifica tu viaje con los tranv\u00edas de Roma. Mapa actualizado, rutas, l\u00edneas e informaci\u00f3n sobre billetes para explorar la ciudad como un local en %currentyear%."},"post-style":[],"producer":[33],"class_list":["post-258","page","type-page","status-publish","has-post-thumbnail"],"acf":[],"product_schema":{"ms_product_id":"","ms_product_name":"","ms_price":"","ms_currency":"","ms_rating_value":"","ms_review_count":""},"_links":{"self":[{"href":"https:\/\/www.rome.info\/es\/wp-json\/wp\/v2\/pages\/258","targetHints":{"allow":["GET"]}}],"collection":[{"href":"https:\/\/www.rome.info\/es\/wp-json\/wp\/v2\/pages"}],"about":[{"href":"https:\/\/www.rome.info\/es\/wp-json\/wp\/v2\/types\/page"}],"author":[{"embeddable":true,"href":"https:\/\/www.rome.info\/es\/wp-json\/wp\/v2\/users\/9"}],"replies":[{"embeddable":true,"href":"https:\/\/www.rome.info\/es\/wp-json\/wp\/v2\/comments?post=258"}],"version-history":[{"count":4,"href":"https:\/\/www.rome.info\/es\/wp-json\/wp\/v2\/pages\/258\/revisions"}],"predecessor-version":[{"id":496,"href":"https:\/\/www.rome.info\/es\/wp-json\/wp\/v2\/pages\/258\/revisions\/496"}],"up":[{"embeddable":true,"href":"https:\/\/www.rome.info\/es\/wp-json\/wp\/v2\/pages\/238"}],"wp:featuredmedia":[{"embeddable":true,"href":"https:\/\/www.rome.info\/es\/wp-json\/wp\/v2\/media\/408"}],"wp:attachment":[{"href":"https:\/\/www.rome.info\/es\/wp-json\/wp\/v2\/media?parent=258"}],"wp:term":[{"taxonomy":"post-style","embeddable":true,"href":"https:\/\/www.rome.info\/es\/wp-json\/wp\/v2\/post-style?post=258"},{"taxonomy":"producer","embeddable":true,"href":"https:\/\/www.rome.info\/es\/wp-json\/wp\/v2\/producer?post=258"}],"curies":[{"name":"wp","href":"https:\/\/api.w.org\/{rel}","templated":true}]}}